{"id":15371,"date":"2023-11-06T06:42:04","date_gmt":"2023-11-06T06:42:04","guid":{"rendered":"https:\/\/fipmed.co\/how-do-cats-get-fip-what-causes-fip-in-cats\/"},"modified":"2024-05-02T12:03:48","modified_gmt":"2024-05-02T12:03:48","slug":"como-e-que-os-gatos-contraem-a-pif-o-que-e-que-causa-a-pif-nos-gatos","status":"publish","type":"page","link":"https:\/\/fipmed.co\/pt-br\/como-e-que-os-gatos-contraem-a-pif-o-que-e-que-causa-a-pif-nos-gatos\/","title":{"rendered":"Como \u00e9 que os gatos contraem a PIF: O que \u00e9 que causa a PIF nos gatos?"},"content":{"rendered":"<h2>Como \u00e9 que os gatos contraem a PIF?<\/h2>\n<p>O Coronav\u00edrus Felino (FCoV) \u00e9 a principal causa de PIF nos gatos, embora sejam poss\u00edveis outros modos de transmiss\u00e3o.<\/p>\n<h3>Coronav\u00edrus felino (FCoV)<\/h3>\n<p>O coronav\u00edrus felino (FCoV) \u00e9 uma infe\u00e7\u00e3o viral comum entre os gatos que, normalmente, n\u00e3o causa quaisquer sintomas ou pode apenas estar associada a uma ligeira diarreia. \u00c9 altamente contagiosa e pode propagar-se por contacto direto, contacto indireto ou por via fecal-oral entre gatos do mesmo agregado familiar.<\/p>\n<p>O FCoV \u00e9 um v\u00edrus com um envelope e um genoma de ARN de cadeia simples. Muitos desinfectantes populares podem inativar rapidamente o v\u00edrus, uma vez que este \u00e9 bastante fraco. Os gatos que vivem em locais pr\u00f3ximos ou em situa\u00e7\u00f5es com v\u00e1rios gatos s\u00e3o mais vulner\u00e1veis \u00e0 exposi\u00e7\u00e3o e transmiss\u00e3o.<\/p>\n<p>O FCoV n\u00e3o \u00e9 um v\u00edrus zoon\u00f3tico, o que significa que n\u00e3o \u00e9 comum infetar pessoas. No entanto, foram registados alguns casos de infe\u00e7\u00e3o humana. O FCoV \u00e9 mais frequentemente transmitido pelo contacto com a saliva, secre\u00e7\u00f5es nasais, fezes e objectos contaminados com o v\u00edrus de gatos doentes.<\/p>\n<p><strong>FECV (Coronav\u00edrus ent\u00e9rico felino):<\/strong><\/p>\n<p>A vers\u00e3o menos virulenta do v\u00edrus \u00e9 o FECV. Afecta principalmente o aparelho digestivo dos gatos. Muitos gatos infectados s\u00e3o assintom\u00e1ticos, o que significa que n\u00e3o apresentam indica\u00e7\u00f5es cl\u00ednicas de doen\u00e7a. O FECV pode produzir sintomas gastrointestinais moderados, como diarreia em certos doentes, mas normalmente desaparece sem terapia. Os gatos infectados com FECV podem libertar o v\u00edrus nas suas fezes, infectando potencialmente outros gatos.<\/p>\n<p><strong>FIPV (V\u00edrus da Peritonite Infecciosa Felina):<\/strong><\/p>\n<p>O FIPV \u00e9 a estirpe mais perigosa e perigosa do v\u00edrus que pode causar a Peritonite Infecciosa Felina (FIP). O FIPV pode surgir de uma muta\u00e7\u00e3o do FECV no mesmo animal. A transi\u00e7\u00e3o do FIPV \u00e9 mal compreendida e pode ser afetada por uma variedade de circunst\u00e2ncias, incluindo a resposta imunol\u00f3gica do gato. Os gatos infectados com FIPV podem apresentar febre, letargia, perda de peso, distens\u00e3o do est\u00f4mago (na forma h\u00famida) e disfun\u00e7\u00e3o org\u00e2nica.<\/p>\n<h2>Como \u00e9 que a PIF \u00e9 transmitida?<\/h2>\n<p>O FCoV pode ser transmitido atrav\u00e9s do contacto direto entre gatos, da contamina\u00e7\u00e3o indireta de objectos ou ambientes, da ingest\u00e3o de fezes contendo o v\u00edrus e de got\u00edculas respirat\u00f3rias de um gato infetado.<\/p>\n<h3>Contacto direto:<\/h3>\n<p>Os gatos podem ser infectados com o coronav\u00edrus felino (FCoV) e, subsequentemente, desenvolver PIF atrav\u00e9s do contacto pr\u00f3ximo e direto com um gato infetado.<\/p>\n<p>Embora o v\u00edrus possa sobreviver numa variedade de ambientes, n\u00e3o \u00e9 transmiss\u00edvel pelo ar e requer contacto direto para ser transmitido de um gato para outro. Isto significa que os gatos t\u00eam de entrar em contacto com um animal infetado ou com uma superf\u00edcie contaminada para que o v\u00edrus se propague.<\/p>\n<p>Os cuidados de higiene, o ato de se cheirar mutuamente, as mordidelas, a partilha de tigelas de comida e outras interac\u00e7\u00f5es pr\u00f3ximas s\u00e3o essenciais para a transmiss\u00e3o da PIF entre gatos, uma vez que \u00e9 necess\u00e1ria a presen\u00e7a de grandes quantidades do v\u00edrus na saliva e noutros fluidos corporais para que a infe\u00e7\u00e3o ocorra.<\/p>\n<p>\u00c9 tamb\u00e9m importante notar que este modo de transmiss\u00e3o n\u00e3o garante a infe\u00e7\u00e3o; mesmo quando expostos diretamente, alguns gatos podem n\u00e3o desenvolver quaisquer sintomas devido \u00e0 sua composi\u00e7\u00e3o gen\u00e9tica ou ao estado do seu sistema imunit\u00e1rio que lhes confere resist\u00eancia.<\/p>\n<h3>Contacto indireto:<\/h3>\n<p>O v\u00edrus tamb\u00e9m pode ser transmitido indiretamente atrav\u00e9s de objectos e ambientes contaminados. O v\u00edrus pode sobreviver no ambiente durante v\u00e1rias semanas nas condi\u00e7\u00f5es correctas.<\/p>\n<p>Isto significa que, mesmo que um gato n\u00e3o tenha tido contacto direto com um felino infetado, pode ser infetado se entrar em contacto com o v\u00edrus atrav\u00e9s de outras fontes. Por exemplo, os gatos podem ser expostos \u00e0 PIF atrav\u00e9s da cama ou dos pratos de comida contaminados pela areia de um gato infetado, de outros gatos que se co\u00e7am e mordem o pelo uns dos outros ou que brincam em \u00e1reas onde outro gato depositou ou deitou fezes contendo o v\u00edrus.<\/p>\n<p>Por este motivo, \u00e9 extremamente importante que as \u00e1reas sanit\u00e1rias, como as caixas de areia, sejam limpas regularmente com \u00e1gua morna e sab\u00e3o (n\u00e3o esquecendo de mudar as luvas entre utiliza\u00e7\u00f5es), bem como a mudan\u00e7a frequente das superf\u00edcies absorventes, como os materiais de cama e as tigelas de comida, quando ficam sujas.<\/p>\n<p>Al\u00e9m disso, devem ser fornecidas dietas ricas em nutrientes e cheias de antioxidantes para ajudar a apoiar o sistema imunit\u00e1rio geral dos gatos e maximizar a sua defesa contra infec\u00e7\u00f5es como a PIF.<\/p>\n<h3>Via fecal-oral:<\/h3>\n<p>Os gatos podem ser infectados atrav\u00e9s da ingest\u00e3o do v\u00edrus que foi libertado nas fezes de um gato infetado. Isto pode acontecer quando um gato se limpa a si pr\u00f3prio depois de entrar em contacto com fezes ou lixo contaminados.<\/p>\n<p>Por este motivo, deve ter-se extrema cautela nos agregados familiares com v\u00e1rios gatos, uma vez que uma boa higiene \u00e9 fundamental para reduzir o risco de exposi\u00e7\u00e3o \u00e0 PIF. Todos os donos devem proceder regularmente a uma higieniza\u00e7\u00e3o adequada do seu agregado familiar felino: assegurar a limpeza regular dos recipientes de comida, evitar a partilha de camas e cobertores entre os gatos da casa, bem como desinfetar uma vez por semana todas as superf\u00edcies a que possam ter acesso, tais como tampos de mesa, camas que ainda n\u00e3o s\u00e3o \u00e0 prova de \u00e1gua, n\u00e3o chegar a \u00e1reas onde os esgotos possam escorrer, etc.<\/p>\n<h3>Gotas respirat\u00f3rias:<\/h3>\n<p>No entanto, a PIF tamb\u00e9m pode ser transmitida de um gato para outro atrav\u00e9s de got\u00edculas respirat\u00f3rias quando um gato infetado espirra ou tosse. Embora a transmiss\u00e3o respirat\u00f3ria da forma mais virulenta do coronav\u00edrus ent\u00e9rico felino (FCoV) seja menos comum do que outros modos de transmiss\u00e3o, como o contacto direto ou indireto, \u00e9 ainda poss\u00edvel que um gato saud\u00e1vel inale o v\u00edrus se estiver suficientemente pr\u00f3ximo de um animal infetado quando este liberta estas part\u00edculas infecciosas.<\/p>\n<p>&nbsp;<\/p>\n<h2>PIF Factores de risco:<\/h2>\n<p>Os gatos com menos de dois anos, com mais de dez anos, de ra\u00e7a pura ou de gatis, que vivem em ambientes sobrelotados e os que t\u00eam o sistema imunit\u00e1rio comprometido podem estar em maior risco de desenvolver PIF.<\/p>\n<h3>Idade: A PIF \u00e9 mais frequente em gatos com menos de 2 anos e com mais de 10 anos de idade. Os gatinhos e os gatos mais velhos parecem estar em maior risco.<\/h3>\n<p>Os gatos mais jovens e os gatos idosos t\u00eam frequentemente um sistema imunit\u00e1rio imaturo ou enfraquecido que os pode colocar em maior risco de desenvolver PIF. Estes grupos et\u00e1rios tamb\u00e9m tendem a ser expostos mais frequentemente ao coronav\u00edrus felino, uma vez que podem viver dentro de casa com outros gatos, sair para aventuras ao ar livre ou entrar em contacto com outros gatos em abrigos ou gatis.<\/p>\n<h3>Ra\u00e7a: Certas ra\u00e7as, como os gatos de ra\u00e7a pura ou os gatos de gatis, podem apresentar um risco mais elevado de PIF.<\/h3>\n<p>Os gatos de gatis ou de linhas de ra\u00e7a pura podem ser especialmente propensos a desenvolver PIF. Os Abiss\u00ednios, Bengalas, Birm\u00e3s, Himalaias, Ragdolls e Rexes t\u00eam um risco significativamente mais elevado de contrair a doen\u00e7a em compara\u00e7\u00e3o com outros gatos.<\/p>\n<p>Outras ra\u00e7as de gatos, incluindo birmaneses, p\u00ealos curtos ex\u00f3ticos, manxes, persas e azuis russos, s\u00e3o tamb\u00e9m consideradas mais suscept\u00edveis \u00e0 PIF devido \u00e0 gen\u00e9tica e \u00e0 sua maior exposi\u00e7\u00e3o em programas de reprodu\u00e7\u00e3o.<\/p>\n<p>Pensa-se que certos factores gen\u00e9ticos associados aos gatos persas (e \u00e0s ra\u00e7as associadas) os tornam ligeiramente menos capazes do que outras esp\u00e9cies felinas de controlar o v\u00edrus que causa a PIF &#8211; tornando-os mais propensos \u00e0 infe\u00e7\u00e3o se entrarem em contacto com ele.<\/p>\n<p>Existem provas que sugerem que os gatos persas s\u00e3o portadores de &#8220;alelos predisponentes&#8221; para esta doen\u00e7a, o que os torna vulner\u00e1veis quando expostos ao v\u00edrus que causa a PIF, o que significa que os propriet\u00e1rios destas ra\u00e7as orientadas devem tomar medidas para se defenderem melhor contra a sua propaga\u00e7\u00e3o entre os membros de agregados familiares com v\u00e1rios gatos.<\/p>\n<h3>Condi\u00e7\u00f5es de vida lotadas:<\/h3>\n<p>Os gatos que vivem em situa\u00e7\u00f5es de aglomera\u00e7\u00e3o ou stress t\u00eam um maior risco de entrar em contacto com o coronav\u00edrus felino, o que pode resultar em infe\u00e7\u00e3o e subsequente desenvolvimento de PIF.<\/p>\n<p>Alguns factores de risco relacionados com a vida em condi\u00e7\u00f5es de aglomera\u00e7\u00e3o incluem a proximidade com outros gatos, a partilha de recursos (como pratos de comida, caixas de areia e camas) e sistemas imunit\u00e1rios enfraquecidos devido ao stress.<\/p>\n<p>Em particular, a exposi\u00e7\u00e3o a outros gatos \u00e9 um fator importante para a transmiss\u00e3o, uma vez que os gatos infectados libertam o v\u00edrus na sua saliva ou fezes. O contacto pr\u00f3ximo entre gatos permite que o v\u00edrus se propague mais facilmente.<\/p>\n<p>Nos agregados familiares com v\u00e1rios gatos e nos abrigos, \u00e9 importante reduzir as possibilidades de transmiss\u00e3o, promovendo boas pr\u00e1ticas de higiene, tais como a desinfe\u00e7\u00e3o das superf\u00edcies com produtos de limpeza dom\u00e9stica e a lavagem regular das m\u00e3os entre as car\u00edcias dos diferentes felinos.<\/p>\n<h3>Gen\u00e9tica:<\/h3>\n<p>Alguns gatos podem ter uma predisposi\u00e7\u00e3o gen\u00e9tica que os torna mais suscept\u00edveis de desenvolver PIF. Isto pode estar relacionado com o seu sistema imunit\u00e1rio ou com a sua capacidade de controlar o coronav\u00edrus felino.<\/p>\n<p>A composi\u00e7\u00e3o gen\u00e9tica de um gato pode torn\u00e1-lo mais vulner\u00e1vel \u00e0 infe\u00e7\u00e3o, quer tornando-o incapaz de reconhecer e combater as part\u00edculas de v\u00edrus invasoras, quer tornando as suas membranas celulares menos resistentes ao v\u00edrus.<\/p>\n<p>Podem tamb\u00e9m tornar certas c\u00e9lulas dos gatos suscept\u00edveis a uma resposta imunit\u00e1ria que desencadear\u00e1 uma inflama\u00e7\u00e3o que conduzir\u00e1 a mais danos nos tecidos. Al\u00e9m disso, alguns gatos podem n\u00e3o ter a capacidade de controlar a replica\u00e7\u00e3o da estirpe perigosa do coronav\u00edrus felino associada \u00e0 PIF, aumentando assim a sua suscetibilidade de desenvolver esta doen\u00e7a.<\/p>\n<h3>Stress:<\/h3>\n<p>O stress afecta negativamente o sistema imunit\u00e1rio dos gatos, reduzindo a sua capacidade de combater as infec\u00e7\u00f5es. Os gatos podem ficar stressados quando sofrem qualquer mudan\u00e7a significativa no seu ambiente ou rotina &#8211; como mudar de casa ou ser apresentado a um novo animal de estima\u00e7\u00e3o.<\/p>\n<p>Quando um gato \u00e9 exposto a factores de stress, o seu corpo liberta hormonas que suprimem a produ\u00e7\u00e3o e a fun\u00e7\u00e3o de certas c\u00e9lulas imunit\u00e1rias. Isto faz com que o desempenho geral do sistema imunit\u00e1rio do gato diminua, tornando-o mais suscet\u00edvel n\u00e3o s\u00f3 \u00e0 PIF mas tamb\u00e9m a outras doen\u00e7as ou enfermidades, como as causadas por parasitas e bact\u00e9rias.<\/p>\n<p>\u00c9 importante que os donos de gatos estejam conscientes de como o stress pode comprometer a imunidade do gato e que tomem medidas para atenuar os seus efeitos sempre que poss\u00edvel. Por exemplo, se estiver a introduzir um novo animal de estima\u00e7\u00e3o ou membro da fam\u00edlia no seu ambiente dom\u00e9stico, \u00e9 aconselh\u00e1vel faz\u00ea-lo gradualmente &#8211; dando tempo aos animais de estima\u00e7\u00e3o existentes para se adaptarem lentamente, sem se colocarem sob demasiada press\u00e3o.<\/p>\n<h3>Estado do sistema imunit\u00e1rio:<\/h3>\n<p>O FeLV e o FIV s\u00e3o infec\u00e7\u00f5es virais que afectam os gatos e que atacam o sistema imunit\u00e1rio do gato. Como resultado, os gatos com sistemas imunit\u00e1rios enfraquecidos devido a qualquer um dos v\u00edrus t\u00eam frequentemente dificuldade em combater outras doen\u00e7as ou enfermidades, incluindo a PIF.<\/p>\n<p>Os gatos com doen\u00e7as subjacentes, como o FeLV ou o FIV, podem ser menos capazes de montar uma resposta eficaz contra a infe\u00e7\u00e3o por coronav\u00edrus quando expostos a ela e mais suscept\u00edveis de sucumbir ao desenvolvimento da doen\u00e7a.<\/p>\n<p>Os gatos subnutridos tamb\u00e9m s\u00e3o suscept\u00edveis de desenvolver PIF.<\/p>\n<h2>Formas de prevenir a PIF<\/h2>\n<p>Os donos de gatos podem ajudar a reduzir o risco de os seus gatos contra\u00edrem PIF assegurando vacina\u00e7\u00f5es regulares, promovendo um sistema imunit\u00e1rio saud\u00e1vel e tomando medidas de higiene e saneamento adequadas.<\/p>\n<h3>Vacina\u00e7\u00e3o<\/h3>\n<p>A vacina\u00e7\u00e3o \u00e9 uma das principais formas de ajudar a reduzir o risco de um gato desenvolver PIF. Est\u00e3o dispon\u00edveis vacinas que ajudam a proteger contra o coronav\u00edrus felino (FCoV), que pode causar PIF nos gatos.<\/p>\n<p>Estas vacinas podem n\u00e3o ser completamente eficazes na preven\u00e7\u00e3o da infe\u00e7\u00e3o, mas podem diminuir as hip\u00f3teses de um gato exposto desenvolver doen\u00e7a cl\u00ednica e ter sintomas graves associados \u00e0 PIF.<\/p>\n<p>\u00c9 importante notar que alguns gatos podem j\u00e1 ter anticorpos de uma exposi\u00e7\u00e3o anterior e \u00e9 mais prov\u00e1vel que sejam resistentes \u00e0 vacina\u00e7\u00e3o; no entanto, os gatos seronegativos para o FCoV na altura da vacina\u00e7\u00e3o parecem ter muito menos probabilidades de sentir ou mostrar sintomas significativos se forem infectados mais tarde.<\/p>\n<h3>Promover um sistema imunit\u00e1rio saud\u00e1vel<\/h3>\n<p>Manter o sistema imunit\u00e1rio do gato saud\u00e1vel pode ajudar a prevenir a PIF. Uma nutri\u00e7\u00e3o adequada \u00e9 essencial para promover uma boa sa\u00fade e um sistema imunit\u00e1rio forte. Os gatos devem ser alimentados com dietas de alta qualidade, adequadas \u00e0 sua esp\u00e9cie e isentas de produtos de enchimento e subprodutos.<\/p>\n<p>Limitar a quantidade de alimentos secos na sua dieta tamb\u00e9m pode ajudar a reduzir a inflama\u00e7\u00e3o causada pelos hidratos de carbono da dieta, bem como outras doen\u00e7as associadas a uma m\u00e1 nutri\u00e7\u00e3o, como a obesidade, a diabetes e as infec\u00e7\u00f5es do trato urin\u00e1rio (ITU).<\/p>\n<p>Exames f\u00edsicos regulares com o seu veterin\u00e1rio podem garantir que o seu animal de estima\u00e7\u00e3o se mant\u00e9m saud\u00e1vel e que quaisquer problemas de sa\u00fade s\u00e3o identificados precocemente. A vacina\u00e7\u00e3o regular contra doen\u00e7as comuns dos felinos, como a esgana e a raiva, tamb\u00e9m minimiza o risco de infe\u00e7\u00e3o associado a essas doen\u00e7as.<\/p>\n<p>Se os gatos viverem num ambiente propenso ao stress ou \u00e0 sobrelota\u00e7\u00e3o &#8211; por exemplo, casas com v\u00e1rios gatos ou abrigos e instala\u00e7\u00f5es de salvamento &#8211; pode ser ben\u00e9fico tentar fornecer brinquedos e postes de arranhar para actividades de enriquecimento, juntamente com espa\u00e7o suficiente entre cada animal.<\/p>\n<h3>Medidas de higiene e saneamento<\/h3>\n<p>\u00c9 importante que os donos de gatos prestem especial aten\u00e7\u00e3o \u00e0 implementa\u00e7\u00e3o de medidas de higiene e saneamento em torno dos seus gatos, a fim de reduzir o risco de PIF. A limpeza regular das caixas de areia, tigelas de comida e \u00e1gua, roupa de cama, superf\u00edcies, brinquedos e transportadores ajudar\u00e1 a minimizar o contacto com o v\u00edrus.<\/p>\n<p>A pr\u00e1tica de uma boa lavagem das m\u00e3os ap\u00f3s o manuseamento de artigos potencialmente contaminados tamb\u00e9m reduzir\u00e1 a possibilidade de transmiss\u00e3o. Em agregados familiares com v\u00e1rios animais de companhia ou em abrigos, pode ser ben\u00e9fico ter \u00e1reas distintas utilizadas apenas por gatos individuais, a fim de evitar a contamina\u00e7\u00e3o cruzada.<\/p>\n<p>Ao cuidar de um gato doente, prefira luvas descart\u00e1veis durante todas as interac\u00e7\u00f5es at\u00e9 o tratamento estar conclu\u00eddo. Manter estas \u00e1reas limpas de fezes e outros detritos, bem como fornecer alimentos frescos, pode reduzir ainda mais a propaga\u00e7\u00e3o da infe\u00e7\u00e3o de um animal de estima\u00e7\u00e3o para outro.<\/p>\n<h2>Conclus\u00e3o<\/h2>\n<p>A Peritonite Infecciosa Felina (PIF) \u00e9 uma doen\u00e7a viral grave que n\u00e3o tem cura conhecida nos gatos. Tipicamente causada por uma estirpe mutante do coronav\u00edrus felino, a PIF \u00e9 frequentemente fatal e pode afetar gatos de qualquer idade ou ra\u00e7a.<\/p>\n<p>Para reduzir o risco de o seu gato desenvolver este v\u00edrus debilitante, recomenda-se a vacina\u00e7\u00e3o, bem como a ado\u00e7\u00e3o de medidas para promover um sistema imunit\u00e1rio saud\u00e1vel e manter uma higiene e saneamento adequados.<\/p>\n<p>Em \u00faltima an\u00e1lise, \u00e9 importante estar ciente de que, embora nunca possamos erradicar totalmente a PIF, seguir medidas preventivas s\u00f3lidas pode ajudar a proteger o seu felino da infe\u00e7\u00e3o &#8211; poupando-o ao sofrimento e potencialmente poupando-lhe a vida.<\/p>\n","protected":false},"excerpt":{"rendered":"<p>Como \u00e9 que os gatos contraem a PIF? O Coronav\u00edrus Felino (FCoV) \u00e9 a principal causa de PIF nos gatos, embora sejam poss\u00edveis outros modos de transmiss\u00e3o. Coronav\u00edrus felino (FCoV) O coronav\u00edrus felino (FCoV) \u00e9 uma infe\u00e7\u00e3o viral comum entre os gatos que, normalmente, n\u00e3o causa quaisquer sintomas ou pode apenas estar associada a uma [&hellip;]<\/p>\n","protected":false},"author":1,"featured_media":14062,"parent":0,"menu_order":0,"comment_status":"closed","ping_status":"closed","template":"","meta":{"_glsr_average":0,"_glsr_ranking":0,"_glsr_reviews":0,"footnotes":""},"categories":[639],"tags":[],"_links":{"self":[{"href":"https:\/\/fipmed.co\/pt-br\/wp-json\/wp\/v2\/pages\/15371"}],"collection":[{"href":"https:\/\/fipmed.co\/pt-br\/wp-json\/wp\/v2\/pages"}],"about":[{"href":"https:\/\/fipmed.co\/pt-br\/wp-json\/wp\/v2\/types\/page"}],"author":[{"embeddable":true,"href":"https:\/\/fipmed.co\/pt-br\/wp-json\/wp\/v2\/users\/1"}],"replies":[{"embeddable":true,"href":"https:\/\/fipmed.co\/pt-br\/wp-json\/wp\/v2\/comments?post=15371"}],"version-history":[{"count":0,"href":"https:\/\/fipmed.co\/pt-br\/wp-json\/wp\/v2\/pages\/15371\/revisions"}],"wp:featuredmedia":[{"embeddable":true,"href":"https:\/\/fipmed.co\/pt-br\/wp-json\/wp\/v2\/media\/14062"}],"wp:attachment":[{"href":"https:\/\/fipmed.co\/pt-br\/wp-json\/wp\/v2\/media?parent=15371"}],"wp:term":[{"taxonomy":"category","embeddable":true,"href":"https:\/\/fipmed.co\/pt-br\/wp-json\/wp\/v2\/categories?post=15371"},{"taxonomy":"post_tag","embeddable":true,"href":"https:\/\/fipmed.co\/pt-br\/wp-json\/wp\/v2\/tags?post=15371"}],"curies":[{"name":"wp","href":"https:\/\/api.w.org\/{rel}","templated":true}]}}