{"id":15397,"date":"2023-11-06T06:56:11","date_gmt":"2023-11-06T06:56:11","guid":{"rendered":"https:\/\/fipmed.co\/is-fip-contagious-how-is-fip-transmitted\/"},"modified":"2024-05-02T12:16:02","modified_gmt":"2024-05-02T12:16:02","slug":"a-pif-e-contagiosa-como-e-que-a-pif-e-transmitida","status":"publish","type":"page","link":"https:\/\/fipmed.co\/pt-br\/a-pif-e-contagiosa-como-e-que-a-pif-e-transmitida\/","title":{"rendered":"A PIF \u00e9 contagiosa: Como \u00e9 que a PIF \u00e9 transmitida?"},"content":{"rendered":"<p>A PIF \u00e9 contagiosa? Embora n\u00e3o seja t\u00e3o contagiosa como algumas outras doen\u00e7as felinas, a PIF continua a ser um v\u00edrus infecioso e todos os donos de gatos devem estar conscientes dos riscos potenciais.<\/p>\n<h3>A Peritonite Infecciosa Felina (PIF) \u00e9 geralmente considerada menos contagiosa do que algumas outras doen\u00e7as infecciosas felinas comuns<\/h3>\n<p>Em compara\u00e7\u00e3o com outras doen\u00e7as infecciosas a que os gatos podem ser vulner\u00e1veis, a PIF tem uma menor probabilidade de transmiss\u00e3o. A Peritonite Infecciosa Felina (PIF) \u00e9 causada por uma infe\u00e7\u00e3o pelo coronav\u00edrus felino (FCoV).<\/p>\n<p>Embora este v\u00edrus seja contagioso e se possa propagar de gato para gato, \u00e9 geralmente considerado menos contagioso do que os relacionados com as infec\u00e7\u00f5es respirat\u00f3rias superiores ou a panleucop\u00e9nia, particularmente mortal.<\/p>\n<p>\u00c9 tamb\u00e9m de salientar que a PIF n\u00e3o afecta todos os gatos, mesmo quando expostos; factores como a idade, a ra\u00e7a, a gen\u00e9tica, os n\u00edveis de stress e uma s\u00e9rie de outros influenciam a probabilidade de desenvolverem a doen\u00e7a ap\u00f3s a exposi\u00e7\u00e3o.<\/p>\n<h2>Tipos de v\u00edrus da PIF<\/h2>\n<p>A Peritonite Infecciosa Felina (PIF) \u00e9 causada por dois v\u00edrus distintos, o coronav\u00edrus ent\u00e9rico felino (FECV) e o coronav\u00edrus felino tipo 2 (FCoV).<\/p>\n<h3>FECV<\/h3>\n<p>O coronav\u00edrus felino (FCoV) \u00e9 um v\u00edrus altamente infecioso associado \u00e0 peritonite infecciosa felina (PIF). Pode ser libertada nas fezes de gatos infectados e a transmiss\u00e3o ocorre principalmente atrav\u00e9s do contacto direto com estas secre\u00e7\u00f5es ou com superf\u00edcies que as contenham.<\/p>\n<p>Isto torna-a prop\u00edcia \u00e0 propaga\u00e7\u00e3o atrav\u00e9s da transmiss\u00e3o por f\u00f3mites, ou seja, a transfer\u00eancia de micr\u00f3bios entre superf\u00edcies e dos dedos para a boca. Para reduzir a vulnerabilidade do seu gato \u00e0 infe\u00e7\u00e3o por FCoV, pratique sempre bons h\u00e1bitos de higiene.<\/p>\n<p>Sempre que poss\u00edvel, tente tamb\u00e9m minimizar os n\u00edveis de stress &#8211; mantenha v\u00e1rios gatos em compartimentos separados, se necess\u00e1rio &#8211; uma vez que os estudos revelaram que os gatos sujeitos a n\u00edveis mais elevados de stress t\u00eam mais probabilidades de contrair doen\u00e7as como a PIF, devido ao comprometimento do seu sistema imunit\u00e1rio.<\/p>\n<h3>FCoV<\/h3>\n<p>O coronav\u00edrus felino, geralmente designado por FCoV, \u00e9 um agente patog\u00e9nico viral infecioso pertencente \u00e0 fam\u00edlia dos Coronaviridae. Embora o FCoV seja uma causa relativamente comum de doen\u00e7a gastrointestinal ligeira e autolimitada nos gatos, pode ser transmitido de forma intermitente por gatos infectados durante v\u00e1rios meses ou mesmo anos.<\/p>\n<p>O v\u00edrus tem uma baixa especificidade de esp\u00e9cie, o que significa que outros animais, como c\u00e3es ou animais selvagens, tamb\u00e9m podem ser suscept\u00edveis \u00e0 infe\u00e7\u00e3o por este v\u00edrus.<\/p>\n<p>O FCoV \u00e9 mais frequentemente transmitido atrav\u00e9s do contacto direto entre dois gatos, sendo que o portador sem sintomas transmite a doen\u00e7a, sem saber, a outro gato. O v\u00edrus tamb\u00e9m pode entrar indiretamente atrav\u00e9s de objectos contaminados, como pratos de comida e \u00e1gua ou brinquedos partilhados entre v\u00e1rios gatos que vivem debaixo do mesmo teto.<\/p>\n<p>\u00c9 at\u00e9 poss\u00edvel que as part\u00edculas do espa\u00e7o respirat\u00f3rio, como o pelo e os fluidos respirat\u00f3rios que cont\u00eam grandes quantidades de part\u00edculas de v\u00edrus, espalhem agentes contagiosos se forem inaladas pelos felinos que os rodeiam.<\/p>\n<p>&nbsp;<\/p>\n<h2>Eis uma compara\u00e7\u00e3o geral da contagiosidade da PIF com algumas outras doen\u00e7as infecciosas dos gatos:<\/h2>\n<p>A PIF \u00e9 considerada geralmente menos contagiosa do que a panleucop\u00e9nia, as infec\u00e7\u00f5es respirat\u00f3rias superiores, a FIV e o FeLV.<\/p>\n<h3>Panleucop\u00e9nia felina (cinomose felina)<\/h3>\n<p>A panleucop\u00e9nia felina, tamb\u00e9m conhecida como esgana felina, \u00e9 uma infe\u00e7\u00e3o viral contagiosa nos gatos causada pelo parvov\u00edrus felino. Afecta principalmente gatinhos e gatos n\u00e3o vacinados, mas \u00e9 capaz de infetar todas as idades e ra\u00e7as de felinos.<\/p>\n<p>O v\u00edrus est\u00e1 presente em todas as excre\u00e7\u00f5es, especialmente nas fezes, o que significa que pode ser transmitido de gato para gato atrav\u00e9s de contacto direto ou indireto com muita facilidade.<\/p>\n<p>Os sinais cl\u00ednicos variam consoante a estirpe do v\u00edrus e a idade do gato afetado; no entanto, os sintomas podem incluir: febre ou temperatura baixa, letargia\/depress\u00e3o, perda de apetite e v\u00f3mitos, sendo a diarreia com sangue um indicador comum das infec\u00e7\u00f5es por FPlV.<\/p>\n<p>Em alguns casos, pode mesmo ser fatal se n\u00e3o for devidamente diagnosticada e tratada de imediato. Esta doen\u00e7a n\u00e3o deve ser confundida com a Peritonite Infecciosa Felina (PIF), embora tenham sintomas semelhantes, s\u00e3o dois v\u00edrus diferentes que afectam os gatos de forma diferente.<\/p>\n<h3>Infec\u00e7\u00f5es respirat\u00f3rias superiores<\/h3>\n<p>As infec\u00e7\u00f5es respirat\u00f3rias superiores (IRA) s\u00e3o a doen\u00e7a infecciosa mais comum nos gatos. Tal como acontece com outras doen\u00e7as, as IU podem ser causadas por v\u00e1rios v\u00edrus e bact\u00e9rias, incluindo o caliciv\u00edrus, o herpesv\u00edrus, o adenov\u00edrus, a Bordetella bronchiseptica e a Chlamydophila felis.<\/p>\n<p>Os sintomas podem incluir espirros ou tosse; congest\u00e3o ou corrimento nasal; vermelhid\u00e3o ou corrimento ocular; falta de apetite; febre; letargia; ulcera\u00e7\u00e3o nas zonas da boca e da garganta e desidrata\u00e7\u00e3o.<\/p>\n<p>Embora mais raro do que outras infec\u00e7\u00f5es respirat\u00f3rias superiores, o v\u00edrus da leucemia felina (FeLV) tamb\u00e9m est\u00e1 por vezes associado a esta infe\u00e7\u00e3o, embora n\u00e3o cause quaisquer sintomas.<\/p>\n<p>A forma mais comum de os gatos contra\u00edrem uma infe\u00e7\u00e3o das vias respirat\u00f3rias superiores \u00e9 atrav\u00e9s do contacto direto ou indireto com outro gato infetado &#8211; por exemplo, ao brincarem uns com os outros ou ao partilharem tigelas de comida\/cama &#8211; no entanto, tamb\u00e9m pode ocorrer a transmiss\u00e3o por via a\u00e9rea a partir de objectos contaminados, como part\u00edculas de poeira sopradas pelo vento que transportam o agente infecioso.<\/p>\n<h3>V\u00edrus da Imunodefici\u00eancia Felina (FIV) e V\u00edrus da Leucemia Felina (FeLV)<\/h3>\n<p>Trata-se de dois retrov\u00edrus que atacam as c\u00e9lulas felinas envolvidas na resposta imunit\u00e1ria, tornando os gatos mais suscept\u00edveis a outras infec\u00e7\u00f5es. O FIV \u00e9 mais frequentemente transmitido atrav\u00e9s de mordeduras profundas, enquanto o FeLV \u00e9 transmitido principalmente de m\u00e3e para gatinho ou atrav\u00e9s da saliva e das secre\u00e7\u00f5es nasais.<\/p>\n<p>Ambos os v\u00edrus podem causar uma diminui\u00e7\u00e3o da imunidade, levando a um risco acrescido de infec\u00e7\u00f5es oportunistas persistentes e recorrentes, como a S. kinneria turicensis, a Bartonella henselae, o v\u00edrus da estomatite (FHV) e a cali\u0441ilite.<\/p>\n<p>Ambos s\u00e3o conhecidos por causarem a s\u00edndrome de imunodefici\u00eancia (semelhante ao HIV\/Sida nos humanos), que diminui a imunidade natural dos gatos contra doen\u00e7as como o cancro e as doen\u00e7as bacterianas.<\/p>\n<p>&nbsp;<\/p>\n<h2>Como \u00e9 que a PIF \u00e9 transmitida?<\/h2>\n<p>A PIF \u00e9 normalmente transmitida por contacto direto, contacto indireto, via fecal-oral e got\u00edculas respirat\u00f3rias. Saiba mais para compreender melhor como o seu gato pode ser afetado e tomar precau\u00e7\u00f5es!<\/p>\n<h3>Contacto direto<\/h3>\n<p>O contacto direto \u00e9 a forma mais simples e mais comum de os gatos contra\u00edrem a PIF. Atrav\u00e9s do contacto direto, como a higiene m\u00fatua e a partilha de uma tigela de comida ou de uma caixa de areia, um gato infetado pode transmitir o seu v\u00edrus diretamente a outro.<\/p>\n<p>Al\u00e9m disso, tamb\u00e9m pode ser contactado atrav\u00e9s de interac\u00e7\u00f5es f\u00edsicas mais pr\u00f3ximas, como abra\u00e7ar donos que tenham estado recentemente em contacto com gatos conhecidos como portadores de FCoV.<\/p>\n<p>Outro fator importante s\u00e3o as got\u00edculas espirradas que propagam o FCoV de um gato para outro. Embora esta forma de transmiss\u00e3o seja menos comum em compara\u00e7\u00e3o com outras infec\u00e7\u00f5es, continua a ser uma das formas de propaga\u00e7\u00e3o de infec\u00e7\u00f5es entre animais.<\/p>\n<p>Por conseguinte, \u00e9 essencial que os donos dos animais de estima\u00e7\u00e3o os treinem para h\u00e1bitos de higiene correctos e prestem sempre muita aten\u00e7\u00e3o quando se aconchegam com os seus gatinhos.<\/p>\n<h3>Contacto indireto<\/h3>\n<p>O contacto indireto pode desempenhar um papel importante na transmiss\u00e3o da Peritonite Infecciosa Felina (PIF). Isto refere-se ao contacto com superf\u00edcies ou objectos contaminados que tenham sido tocados por um gato infetado, conhecidos como f\u00f3mites.<\/p>\n<p>F\u00f3mites como roupas, brinquedos e equipamento de limpeza podem contaminar o pelo de um gato e transportar o v\u00edrus durante um curto per\u00edodo de tempo antes de este se perder destas superf\u00edcies. Como os gatos se limpam frequentemente a si pr\u00f3prios e a outros gatos, correm o risco de serem infectados por este meio, mesmo que n\u00e3o tenha havido contacto direto entre eles.<\/p>\n<p>N\u00e3o s\u00f3 o v\u00edrus pode ser transmitido indiretamente atrav\u00e9s do contacto com materiais h\u00famidos, como os bebedouros, mas os materiais secos, como a cama, tamb\u00e9m podem atuar como portadores se a saliva ou as fezes que cont\u00eam part\u00edculas entrarem em contacto com qualquer superf\u00edcie que seja depois tocada por outro gato.<\/p>\n<p>Os agregados familiares com v\u00e1rios gatos ou os ambientes com muita gente podem ser particularmente propensos \u00e0 transmiss\u00e3o indireta do v\u00edrus, uma vez que existem muitas superf\u00edcies atrav\u00e9s das quais a contamina\u00e7\u00e3o pode ocorrer frequentemente.<\/p>\n<h3>Via fecal-oral<\/h3>\n<p>A via fecal-oral \u00e9 um dos modos mais comuns de transmiss\u00e3o da PIF nos gatos. O coronav\u00edrus felino (FCoV) pode ser encontrado na saliva dos gatos infectados, mas \u00e9 principalmente transmitido atrav\u00e9s do contacto com fezes contaminadas por um gato infetado.<\/p>\n<p>Este tipo de transmiss\u00e3o ocorre quando um gato n\u00e3o infetado consome material que entrou em contacto com o complexo de v\u00edrus de uma caixa de areia ou de outra superf\u00edcie, como tigelas de comida e camas.<\/p>\n<p>Devido \u00e0 sua natureza transmiss\u00edvel, as condi\u00e7\u00f5es de vida em aglomerados populacionais aumentam o risco de transmiss\u00e3o devido aos elevados n\u00edveis de contamina\u00e7\u00e3o fecal. Nos agregados familiares com v\u00e1rios gatos, os donos devem separar os gatos e proporcionar-lhes cuidados e aten\u00e7\u00e3o individualizados sempre que poss\u00edvel.<\/p>\n<p>Isto significa dar a cada gato a sua pr\u00f3pria caixa de areia que permita um acesso f\u00e1cil para a limpeza ap\u00f3s a utiliza\u00e7\u00e3o.<\/p>\n<p>Tamb\u00e9m \u00e9 importante lembrar-se n\u00e3o s\u00f3 da limpeza regular, mas tamb\u00e9m da desinfe\u00e7\u00e3o semanal das superf\u00edcies utilizadas por todos os gatos em casas com v\u00e1rios gatos, para reduzir ainda mais a possibilidade de transmiss\u00e3o.<\/p>\n<h3>Gotas respirat\u00f3rias<\/h3>\n<p>A PIF raramente \u00e9 transmitida atrav\u00e9s de got\u00edculas respirat\u00f3rias espirradas ou tossidas. O v\u00edrus pode ser transportado pelo ar e contaminar o ambiente circundante do gato, mas \u00e9 necess\u00e1rio um contacto pr\u00f3ximo para a transmiss\u00e3o de um animal para outro.<\/p>\n<p>Os gatos que vivem em condi\u00e7\u00f5es de aglomera\u00e7\u00e3o, como abrigos ou col\u00f3nias, correm maior risco de contrair a PIF desta forma, devido \u00e0 grande proximidade entre os animais.<\/p>\n<p>Quando os seres humanos lidam com gatos infecciosos, devem praticar uma boa higiene pessoal, especialmente quando espirram e tossem perto de outros gatos que t\u00eam n\u00edveis de imunidade mais baixos e podem ser mais propensos a apanhar PIF.<\/p>\n<p>Em alternativa, a utiliza\u00e7\u00e3o de t\u00e9cnicas de desinfe\u00e7\u00e3o eficazes e a esteriliza\u00e7\u00e3o regular das \u00e1reas expostas a material infetado, como roupa de cama, pratos, res\u00edduos, etc., tamb\u00e9m podem ajudar a reduzir a propaga\u00e7\u00e3o do cont\u00e1gio.<\/p>\n<h2>Factores que afectam a propens\u00e3o do seu gato para a PIF<\/h2>\n<p>A idade, a ra\u00e7a, as condi\u00e7\u00f5es de vida, a gen\u00e9tica, o stress e o estado do sistema imunit\u00e1rio podem influenciar o risco de PIF nos gatos.<\/p>\n<h3>Idade<\/h3>\n<p>Os gatos com menos de dois anos de idade s\u00e3o mais frequentemente afectados pela PIF, com cerca de 80% de todos os casos a aparecerem em gatos desta faixa et\u00e1ria. Os gatinhos com idades compreendidas entre os 4 e os 12 meses s\u00e3o os que correm maior risco de contrair PIF; quase metade de todos os gatos diagnosticados pertencem a este grupo et\u00e1rio.<\/p>\n<p>Mesmo os gatinhos mais jovens podem ainda ser vulner\u00e1veis \u00e0 transmiss\u00e3o do v\u00edrus devido ao seu sistema imunit\u00e1rio pouco desenvolvido e \u00e0 suscetibilidade a factores de stress ambiental.<\/p>\n<p>Al\u00e9m disso, certas ra\u00e7as, como os gatos siameses ou birmaneses, podem ser mais propensas \u00e0 PIF devido a uma predisposi\u00e7\u00e3o gen\u00e9tica, embora esta n\u00e3o seja determinada apenas pela ra\u00e7a. As chitas t\u00eam tamb\u00e9m uma maior probabilidade de desenvolver Peritonite Infecciosa Felina do que outras ra\u00e7as de gatos devido a uma defici\u00eancia na sua imunidade celular que as torna altamente suscept\u00edveis.<\/p>\n<h3>Ra\u00e7a<\/h3>\n<p>Os propriet\u00e1rios de gatos de ra\u00e7a pura devem estar especialmente conscientes da sua suscetibilidade \u00e0 PIF. Os gatos de ra\u00e7a pura s\u00e3o mais suscept\u00edveis de desenvolver PIF do que os gatos de ra\u00e7a mista, devido a uma defici\u00eancia gen\u00e9tica na sua imunidade celular, e certas ra\u00e7as como as chitas, os persas, os bengalas e os Scottish Fold s\u00e3o particularmente propensos.<\/p>\n<p>Este risco mais elevado pode ser atribu\u00eddo, em parte, \u00e0 forma como estas ra\u00e7as espec\u00edficas foram desenvolvidas atrav\u00e9s de pr\u00e1ticas de consanguinidade com diversidade gen\u00e9tica limitada ou ciclos de reprodu\u00e7\u00e3o acelerados, causando uma maior vulnerabilidade a doen\u00e7as graves devido ao aumento da duplica\u00e7\u00e3o de genes presente quando pares de genes homozig\u00f3ticos ocorrem em conjunto em animais individuais.<\/p>\n<p>Devido a este risco acrescido associado aos gatos de ra\u00e7a pura, \u00e9 importante que os propriet\u00e1rios destes gatos &#8211; bem como aqueles que cuidam de gatos de outras ra\u00e7as &#8211; compreendam a suscetibilidade do seu animal de estima\u00e7\u00e3o para que possam tomar as precau\u00e7\u00f5es adequadas e gerir a sua sa\u00fade de forma mais eficaz.<\/p>\n<p>Vacinar o seu gato contra doen\u00e7as infecciosas comuns, como a esgana felina ou as infec\u00e7\u00f5es respirat\u00f3rias superiores, reduzir\u00e1 as hip\u00f3teses de infe\u00e7\u00e3o; adaptar as necessidades alimentares de acordo com os n\u00edveis de resili\u00eancia, fazer exerc\u00edcio f\u00edsico com base nas caracter\u00edsticas f\u00edsicas; limitar a exposi\u00e7\u00e3o mantendo as situa\u00e7\u00f5es de aglomera\u00e7\u00e3o sob controlo, etc.<\/p>\n<h3>Condi\u00e7\u00f5es de vida lotadas<\/h3>\n<p>As condi\u00e7\u00f5es de vida sobrelotadas podem ter um enorme impacto nos gatos e na sua sa\u00fade. A aglomera\u00e7\u00e3o provoca stress adicional nos gatos, o que pode ser prejudicial, uma vez que enfraquece o sistema imunit\u00e1rio ao longo do tempo e aumenta a probabilidade de apanhar ou transmitir infec\u00e7\u00f5es, incluindo a peritonite infecciosa felina (PIF).<\/p>\n<p>O stress \u00e9 especialmente perigoso em gatinhos jovens que podem ainda n\u00e3o ter estabelecido uma imunidade \u00f3ptima. Para al\u00e9m das consequ\u00eancias psicol\u00f3gicas provocadas pela sobrelota\u00e7\u00e3o, a proximidade f\u00edsica entre os indiv\u00edduos pode facilitar a transmiss\u00e3o direta entre gatos atrav\u00e9s da saliva, da lambedura ou da tosse de secre\u00e7\u00f5es respirat\u00f3rias contaminadas.<\/p>\n<p>Al\u00e9m disso, o contacto indireto com material infecioso, como as fezes de um gato infetado, em pratos de comida ou postes de co\u00e7ar que s\u00e3o subsequentemente utilizados por gatos n\u00e3o infectados, aumenta o risco de propaga\u00e7\u00e3o da PIF num ambiente com muita gente, como abrigos e gatis.<\/p>\n<p>Por conseguinte, dispor de um espa\u00e7o amplo para o(s) seu(s) gato(s) de estima\u00e7\u00e3o \u00e9 fundamental para melhorar o seu bem-estar geral e aumentar a sua resist\u00eancia contra doen\u00e7as comuns, incluindo a infe\u00e7\u00e3o por PIF.<\/p>\n<h3>Gen\u00e9tica<\/h3>\n<p>A gen\u00e9tica desempenha um papel na Peritonite Infecciosa Felina (PIF) e pode tornar-se um indicador importante na determina\u00e7\u00e3o da sua propaga\u00e7\u00e3o. Os estudos indicaram que os gatos machos s\u00e3o mais frequentemente afectados do que as f\u00eameas, salientando a potencial influ\u00eancia do g\u00e9nero no desenvolvimento da PIF e no risco de infe\u00e7\u00e3o.<\/p>\n<p>Os gatos Birmaneses, por exemplo, t\u00eam sido fortemente associados a certos factores gen\u00e9ticos relacionados com a PIF. Os gatos de ra\u00e7as puras e de ra\u00e7as aleat\u00f3rias podem ser suscept\u00edveis de contrair o v\u00edrus atrav\u00e9s do coronav\u00edrus ou da transmiss\u00e3o de outro gato afetado, mas aqueles que possuem genes por vezes exibidos em ra\u00e7as espec\u00edficas podem passar o seu risco mais elevado para a descend\u00eancia.<\/p>\n<p>No que diz respeito \u00e0 reprodu\u00e7\u00e3o, se um dos progenitores estiver infetado com um tipo adequado de v\u00edrus, como o coronav\u00edrus ent\u00e9rico felino (FeCV), os gatinhos podem potencialmente receber uma estirpe que, mais tarde, pode fazer com que desenvolvam PIF, mesmo sem contacto com outros animais infectados.<\/p>\n<p>Infelizmente, como esta transfer\u00eancia ocorre na conce\u00e7\u00e3o, h\u00e1 poucas hip\u00f3teses de inibir qualquer dano causado por um gene herdado, levando os donos a considerar meios alternativos quando se trata de manter o seu animal de estima\u00e7\u00e3o seguro contra este tipo de doen\u00e7as.<\/p>\n<h3>Stress<\/h3>\n<p>Como donos de gatos, \u00e9 importante ter consci\u00eancia de que o stress pode contribuir para o desenvolvimento da Peritonite Infecciosa Felina (PIF). Quando os gatos est\u00e3o stressados devido a um novo realojamento, a uma cirurgia recente ou a infec\u00e7\u00f5es concomitantes, a sua resposta imunit\u00e1ria fica comprometida e tornam-se mais propensos a contrair PIF.<\/p>\n<p>Num ambiente de aglomera\u00e7\u00e3o com v\u00e1rios gatos pr\u00f3ximos, os n\u00edveis de stress podem aumentar rapidamente, o que enfraquece ainda mais a imunidade e aumenta a suscetibilidade \u00e0 infe\u00e7\u00e3o por PIF.<\/p>\n<p>H\u00e1 medidas que podem ser tomadas como pais respons\u00e1veis de gatos para reduzir o risco de o seu animal de estima\u00e7\u00e3o desenvolver PIF: certifique-se de que os membros pac\u00edficos da fam\u00edlia t\u00eam um espa\u00e7o adequado longe uns dos outros para que n\u00e3o haja competi\u00e7\u00e3o pelos recursos; crie uma rotina di\u00e1ria fi\u00e1vel &#8211; isto ajuda a manter o stress afastado; ofere\u00e7a muitas actividades enriquecedoras, como arranhadores e brinquedos &#8211; n\u00e3o s\u00f3 mant\u00eam os gatos activos fisicamente, mas tamb\u00e9m mentalmente; ofere\u00e7a recompensas regulares, como guloseimas\/comida, para mostrar apre\u00e7o entre os indiv\u00edduos.<\/p>\n<p>Por \u00faltimo, certifique-se de que se relaciona regularmente com o seu animal de estima\u00e7\u00e3o &#8211; dar amor e aten\u00e7\u00e3o fomenta o v\u00ednculo, o que reduz o sentimento de abandono, resultando em menos preocupa\u00e7\u00f5es que se manifestam em sintomas de stress.<\/p>\n<h3>Estado do sistema imunit\u00e1rio<\/h3>\n<p>A imunidade do gato desempenha um papel importante no desenvolvimento da PIF. Os gatos com sistemas imunit\u00e1rios enfraquecidos s\u00e3o mais suscept\u00edveis de contrair este v\u00edrus, enquanto os gatos com sistemas imunit\u00e1rios fortes e funcionais podem ter uma resist\u00eancia natural.<\/p>\n<p>A idade \u00e9 um fator que afecta a imunidade do gato e o risco de desenvolver PIF, uma vez que os gatos mais velhos t\u00eam geralmente imunidades mais fracas do que os felinos mais jovens, aumentando assim a sua suscetibilidade.<\/p>\n<p>Certas ra\u00e7as tamb\u00e9m apresentam diferentes n\u00edveis de resist\u00eancia inerente contra agentes causadores de doen\u00e7as como a PIF. Os gatos de ra\u00e7a pura est\u00e3o muitas vezes geneticamente predispostos a certas doen\u00e7as, incluindo a PIF; no entanto, alguns gatos dom\u00e9sticos tamb\u00e9m podem ser resistentes devido \u00e0 gen\u00e9tica.<\/p>\n<p>O stress tamb\u00e9m pode diminuir a imunidade, tornando mais dif\u00edcil para o corpo do gatinho combater infec\u00e7\u00f5es como a peritonite infecciosa felina; o que podem parecer pequenos inconvenientes ou mudan\u00e7as pode perturbar muito as rotinas dom\u00e9sticas e desencadear rel\u00e9s no sistema de defesa imunit\u00e1ria do seu beb\u00e9 de pelo, o que pode deix\u00e1-lo vulner\u00e1vel.<\/p>\n<p>Mesmo as chitas mantidas em cativeiro foram consideradas sujeitas \u00e0 PIF devido a uma defici\u00eancia gen\u00e9tica que inibe componentes espec\u00edficos da sua imunidade celular, deixando-as altamente suscept\u00edveis.<\/p>\n<h2>Conclus\u00e3o<\/h2>\n<p>A Peritonite Infecciosa Felina (PIF) n\u00e3o \u00e9 geralmente considerada uma doen\u00e7a altamente contagiosa, embora possa ser transmitida atrav\u00e9s do contacto com as fezes e da transmiss\u00e3o respirat\u00f3ria. As boas pr\u00e1ticas de higiene s\u00e3o importantes para reduzir o risco de PIF e a redu\u00e7\u00e3o do stress dos gatos \u00e9 tamb\u00e9m fundamental para evitar a muta\u00e7\u00e3o do v\u00edrus.<\/p>\n<p>Embora a PIF n\u00e3o seja t\u00e3o comum nem t\u00e3o f\u00e1cil de propagar como outras doen\u00e7as dos gatos, \u00e9 algo que vale a pena ter em considera\u00e7\u00e3o para todos os donos de animais que queiram compreender a infe\u00e7\u00e3o e os seus potenciais riscos.<\/p>\n","protected":false},"excerpt":{"rendered":"<p>A PIF \u00e9 contagiosa? Embora n\u00e3o seja t\u00e3o contagiosa como algumas outras doen\u00e7as felinas, a PIF continua a ser um v\u00edrus infecioso e todos os donos de gatos devem estar conscientes dos riscos potenciais. A Peritonite Infecciosa Felina (PIF) \u00e9 geralmente considerada menos contagiosa do que algumas outras doen\u00e7as infecciosas felinas comuns Em compara\u00e7\u00e3o com [&hellip;]<\/p>\n","protected":false},"author":1,"featured_media":14050,"parent":0,"menu_order":0,"comment_status":"closed","ping_status":"closed","template":"","meta":{"_glsr_average":0,"_glsr_ranking":0,"_glsr_reviews":0,"footnotes":""},"categories":[639],"tags":[],"_links":{"self":[{"href":"https:\/\/fipmed.co\/pt-br\/wp-json\/wp\/v2\/pages\/15397"}],"collection":[{"href":"https:\/\/fipmed.co\/pt-br\/wp-json\/wp\/v2\/pages"}],"about":[{"href":"https:\/\/fipmed.co\/pt-br\/wp-json\/wp\/v2\/types\/page"}],"author":[{"embeddable":true,"href":"https:\/\/fipmed.co\/pt-br\/wp-json\/wp\/v2\/users\/1"}],"replies":[{"embeddable":true,"href":"https:\/\/fipmed.co\/pt-br\/wp-json\/wp\/v2\/comments?post=15397"}],"version-history":[{"count":0,"href":"https:\/\/fipmed.co\/pt-br\/wp-json\/wp\/v2\/pages\/15397\/revisions"}],"wp:featuredmedia":[{"embeddable":true,"href":"https:\/\/fipmed.co\/pt-br\/wp-json\/wp\/v2\/media\/14050"}],"wp:attachment":[{"href":"https:\/\/fipmed.co\/pt-br\/wp-json\/wp\/v2\/media?parent=15397"}],"wp:term":[{"taxonomy":"category","embeddable":true,"href":"https:\/\/fipmed.co\/pt-br\/wp-json\/wp\/v2\/categories?post=15397"},{"taxonomy":"post_tag","embeddable":true,"href":"https:\/\/fipmed.co\/pt-br\/wp-json\/wp\/v2\/tags?post=15397"}],"curies":[{"name":"wp","href":"https:\/\/api.w.org\/{rel}","templated":true}]}}