{"id":15413,"date":"2022-12-02T08:10:56","date_gmt":"2022-12-02T08:10:56","guid":{"rendered":"https:\/\/fipmed.co\/wet-fip-or-dry-fip-types-of-cat-fip\/"},"modified":"2024-05-02T12:26:42","modified_gmt":"2024-05-02T12:26:42","slug":"tipos-de-pif-em-gatos","status":"publish","type":"page","link":"https:\/\/fipmed.co\/pt-br\/tipos-de-pif-em-gatos\/","title":{"rendered":"4 tipos de PIF em gatos: PIF h\u00famida, PIF seca, PIF ocular e PIF neurol\u00f3gica"},"content":{"rendered":"<p>A peritonite infecciosa felina (PIF) \u00e9 uma doen\u00e7a comum e mortal para os gatos. N\u00e3o s\u00f3 isso, como tamb\u00e9m tem mais do que uma variante e pode afetar um gato de diferentes formas. Neste artigo, vamos falar sobre os diferentes tipos de PIF que se podem manifestar.<\/p>\n<h2><strong>Tipos de PIF em gatos<\/strong><\/h2>\n<p>A PIF pode manifestar-se de tr\u00eas formas diferentes: uma forma h\u00famida, efusiva e exsudativa; uma forma seca, granulomatosa, parenquimatosa, n\u00e3o efusiva; e uma forma mista. Uma peritonite fibrinosa, uma pleurite ou uma pericardite com derrames no abd\u00f3men, no t\u00f3rax e\/ou no peric\u00e1rdio, respetivamente, s\u00e3o caracter\u00edsticas do primeiro tipo. O SNC e outros \u00f3rg\u00e3os, incluindo os olhos, apresentam altera\u00e7\u00f5es granulomatosas na segunda variante, que n\u00e3o apresenta efus\u00f5es evidentes. Uma vez que cada gato com PIF apresenta efus\u00e3o em graus vari\u00e1veis, juntamente com mais ou menos altera\u00e7\u00f5es granulomatosas nos \u00f3rg\u00e3os, foi estabelecido que a diferencia\u00e7\u00e3o entre estes tipos n\u00e3o \u00e9 \u00fatil (e apenas ben\u00e9fica para o m\u00e9todo de diagn\u00f3stico). As formas podem tamb\u00e9m transformar-se umas nas outras. Assim, a PIF pode simplesmente ser mais ou menos produtiva ou exsudativa num determinado gato, num momento espec\u00edfico.<\/p>\n<h2><strong>Diferen\u00e7as entre FIP seco e h\u00famido<\/strong><\/h2>\n<p><strong>FIP &#8220;seco&#8221; n\u00e3o efusivo<\/strong><\/p>\n<p>Nalguns felinos, a acumula\u00e7\u00e3o de fluidos na PIF &#8220;seca&#8221; ou n\u00e3o efusiva \u00e9 reduzida ou nula. Na forma seca, os olhos, o c\u00e9rebro, o f\u00edgado, o intestino ou outros \u00f3rg\u00e3os do corpo est\u00e3o frequentemente muito inflamados, o que pode causar uma s\u00e9rie de sintomas cl\u00ednicos. Para muitos gatos com PIF n\u00e3o efusiva, os problemas oculares s\u00e3o o \u00fanico sintoma cl\u00ednico.<\/p>\n<p>Quando uma doen\u00e7a se instala, a maioria das pessoas afectadas deteriora-se rapidamente, mas alguns gatos podem funcionar normalmente durante algumas semanas. Infelizmente, quase todos os casos da doen\u00e7a resultam em morte.<\/p>\n<p>Apenas uma pequena parte dos gatos expostos ao coronav\u00edrus felino, mesmo aqueles que t\u00eam o potencial de <a href=\"\/?page_id=13322\" target=\"_blank\" rel=\"noopener\">causar PIF<\/a>, s\u00e3o capazes de montar uma defesa contra ele, levando \u00e0 doen\u00e7a cl\u00ednica na maioria dos gatos infectados. No entanto, como j\u00e1 foi referido, aqueles que adoecem quase sempre morrem.<\/p>\n<p><strong>PIF &#8220;h\u00famido&#8221; efusivo<\/strong><\/p>\n<p>A acumula\u00e7\u00e3o de l\u00edquido no peito ou na barriga, que pode dificultar a respira\u00e7\u00e3o, \u00e9 o sintoma cl\u00ednico que define a PIF efusiva. A falta de apetite, a febre, a perda de peso, a iter\u00edcia e a diarreia s\u00e3o outros sintomas.<\/p>\n<h2><strong>DIAGN\u00d3STICO DE FIP H\u00daMIDA E SECA  <\/strong><\/h2>\n<p><strong>Diagn\u00f3stico da PIF efusiva<\/strong><\/p>\n<p>O tipo efusivo da doen\u00e7a \u00e9 atualmente mais f\u00e1cil de diagnosticar do que era no passado. A PIF efusiva pode ser diagnosticada se o ARN viral for encontrado numa amostra da efus\u00e3o (l\u00edquido drenado do corpo), por exemplo, utilizando uma rea\u00e7\u00e3o em cadeia da polimerase com transcri\u00e7\u00e3o reversa (RT-PCR). No entanto, para o fazer, \u00e9 necess\u00e1rio enviar uma amostra para um laborat\u00f3rio veterin\u00e1rio externo. V\u00e1rios diagn\u00f3sticos dispon\u00edveis no hospital veterin\u00e1rio podem descartar rapidamente um diagn\u00f3stico exuberante de PIF, incluindo:<\/p>\n<ol>\n<li>Verificar o teor total de prote\u00ednas da efus\u00e3o; se for inferior a 35g\/L, a PIF \u00e9 muito pouco prov\u00e1vel.<\/li>\n<li>Determinar o r\u00e1cio albumina\/globulina na efus\u00e3o; se for superior a 0,8, a PIF \u00e9 exclu\u00edda; se for inferior a 0,4, a PIF \u00e9 uma doen\u00e7a potencialmente diagnostic\u00e1vel mas incerta.<\/li>\n<li>Inspecionar as c\u00e9lulas na efus\u00e3o; se a maioria delas forem linf\u00f3citos (um tipo de gl\u00f3bulo branco), o diagn\u00f3stico de PIF \u00e9 exclu\u00eddo.<\/li>\n<\/ol>\n<p><strong>Diagn\u00f3stico da PIF n\u00e3o efusiva<\/strong><\/p>\n<p>Uma vez que as indica\u00e7\u00f5es cl\u00ednicas da PIF n\u00e3o efusiva tendem a ser mais amb\u00edguas e vari\u00e1veis do que as da PIF efusiva, a lista de diagn\u00f3sticos diferenciais \u00e9 substancialmente mais longa. Quando as seguintes condi\u00e7\u00f5es s\u00e3o satisfeitas, o diagn\u00f3stico de PIF n\u00e3o efusiva deve ser tomado em considera\u00e7\u00e3o..:<\/p>\n<ol>\n<li>Antecedentes: O gato \u00e9 jovem (menos de 2 anos de idade) e de ra\u00e7a pura; os gatinhos de ra\u00e7a pura representam quase 70% dos casos de PIF.<\/li>\n<li>Eventos anteriores: o gato estava sob stress devido a uma esteriliza\u00e7\u00e3o ou vacina\u00e7\u00e3o recente<\/li>\n<li>Passado: O gato pode ter tido a possibilidade de contrair FCoV devido a factores como ter vindo de um gatil de reprodu\u00e7\u00e3o ou de salvamento ou ter sido recentemente apresentado a um gatinho ou gato de ra\u00e7a pura.<\/li>\n<li>Os indicadores cl\u00ednicos incluem sinais intra-oculares, anorexia, comer menos do que o habitual, n\u00e3o engordar, n\u00e3o ganhar peso, tornar-se anor\u00e9tico e iter\u00edcia.<\/li>\n<li>Hipergamaglobulinemia; bilirrubina elevada sem eleva\u00e7\u00e3o das enzimas hep\u00e1ticas.<\/li>\n<li>Linfopenia com anemia n\u00e3o regenerativa, tipicamente moderada.<\/li>\n<li>Serologia: Devido \u00e0 elevada incid\u00eancia de FCoV em gatis de cria\u00e7\u00e3o e de recupera\u00e7\u00e3o, este par\u00e2metro deve ser utilizado com precau\u00e7\u00e3o. O gato apresenta um t\u00edtulo elevado de anticorpos contra o FCoV.<\/li>\n<\/ol>\n<p>Se o gato for seronegativo, a PIF n\u00e3o efusiva pode ser exclu\u00edda como diagn\u00f3stico se o teste de anticorpos tiver uma grande sensibilidade. O teste FCoV Immunocomb (Biogal), o teste imunocromatogr\u00e1fico r\u00e1pido (RIM) Speed F-Corona (Virbac) e o teste RIM mais r\u00e1pido para a peritonite infecciosa felina (MegaCor Diagnostic) revelaram-se todos 100% sens\u00edveis num estudo que examinou v\u00e1rios testes internos de anticorpos contra o FCoV dispon\u00edveis no mercado.<\/p>\n<p>Com dois tipos principais diferentes de PIF, os donos de gatos devem estar mais informados sobre este t\u00f3pico, para saberem como tratar melhor os seus gatos no pior cen\u00e1rio poss\u00edvel. Se n\u00e3o se informarem corretamente sobre os diferentes tipos de PIF, podem consultar o seu veterin\u00e1rio para encontrar uma forma adequada de tratar a <a href=\"\/?page_id=883\" target=\"_blank\" rel=\"noopener\">PIF do seu gato<\/a>.<\/p>\n<h1><strong>PIF ocular<\/strong><\/h1>\n<p>Este tipo de PIF pode causar complica\u00e7\u00f5es graves nos gatos, uma vez que tamb\u00e9m penetra atrav\u00e9s da barreira hemato-ocular.<\/p>\n<p>&nbsp;<\/p>\n<p><strong>Barreira sangue-olho<\/strong><\/p>\n<p>A barreira hemato-ocular dos gatos \u00e9 uma barreira protetora importante contra a propaga\u00e7\u00e3o da PIF. Esta barreira \u00e9 composta por c\u00e9lulas que revestem a c\u00e2mara anterior do olho, e estas c\u00e9lulas actuam para impedir que os agentes patog\u00e9nicos entrem e causem inflama\u00e7\u00e3o nesta \u00e1rea sens\u00edvel.<\/p>\n<p>Embora isto dificulte o acesso de um v\u00edrus como o FCoV \u00e0s estruturas oculares, podem ocorrer les\u00f5es devido \u00e0 quebra das barreiras quando ocorre uma inflama\u00e7\u00e3o cr\u00f3nica.<\/p>\n<p>Os inibidores da protease, como o GC376, tamb\u00e9m demonstraram n\u00e3o ser eficazes a atravessar a barreira hemato-ocular, o que os torna menos \u00fateis no tratamento de casos em que as estruturas oculares possam ser afectadas pela PIF.<\/p>\n<p>Para que os macr\u00f3fagos carregados com part\u00edculas de v\u00edrus entrem nas estruturas oculares, \u00e9 necess\u00e1rio que primeiro violem esta camada; sem passagens bem sucedidas atrav\u00e9s de cada camada sucessiva, a transmiss\u00e3o da doen\u00e7a n\u00e3o pode ocorrer.<\/p>\n<p>&nbsp;<\/p>\n<p><strong>Como \u00e9 que a PIF seca evolui para PIF ocular<\/strong><\/p>\n<p>A PIF seca \u00e9 a forma mais mortal da doen\u00e7a e pode potencialmente evoluir para PIF ocular em cerca de um ter\u00e7o dos gatos que sofrem deste tipo. Na PIF ocular, ou uve\u00edte, as les\u00f5es oculares desenvolvem-se em resultado do enfraquecimento da barreira sangue-olho devido ao v\u00edrus. Isto leva a um aumento dos n\u00edveis de glucose que provoca incha\u00e7o e inflama\u00e7\u00e3o nos olhos.<\/p>\n<p>&nbsp;<\/p>\n<h1><strong>PIF neurol\u00f3gica<\/strong><\/h1>\n<p>A PIF seca tamb\u00e9m pode evoluir para a forma mais perigosa de PIF, a PIF neurol\u00f3gica.<\/p>\n<p>&nbsp;<\/p>\n<p><strong>A barreira hemato-encef\u00e1lica<\/strong><\/p>\n<p>A barreira hemato-encef\u00e1lica (BHE) \u00e9 uma importante camada protetora formada por c\u00e9lulas especiais que revestem as paredes dos pequenos vasos que se encontram no c\u00e9rebro e que o rodeiam. Esta barreira extremamente apertada desempenha um papel essencial na prote\u00e7\u00e3o do nosso sistema nervoso central contra danos, bloqueando materiais potencialmente t\u00f3xicos que circulam pela corrente sangu\u00ednea, incluindo toxinas sist\u00e9micas.<\/p>\n<p>Por conseguinte, n\u00e3o \u00e9 surpreendente que, quando esta barreira \u00e9 comprometida devido a v\u00e1rias condi\u00e7\u00f5es ou agentes infecciosos, possam ser observadas perturba\u00e7\u00f5es neurol\u00f3gicas como as que podem ocorrer em resultado da PIF.<\/p>\n<p>O VFIP, que provoca uma rea\u00e7\u00e3o inflamat\u00f3ria intensa em torno de vasos em v\u00e1rios tecidos, incluindo o c\u00e9rebro, \u00e9 uma causa comum respons\u00e1vel por 45-50% de todos os casos relacionados com doen\u00e7as neurol\u00f3gicas induzidas por infec\u00e7\u00f5es em gatos.<\/p>\n<p>Por outras palavras, a perda deste importante escudo pode aumentar consideravelmente o risco de desenvolver complica\u00e7\u00f5es neurol\u00f3gicas decorrentes da infe\u00e7\u00e3o pelo VFIP e teria s\u00e9rias implica\u00e7\u00f5es nas interven\u00e7\u00f5es terap\u00eauticas.<\/p>\n<p>&nbsp;<\/p>\n<p><strong>Como \u00e9 que a PIF seca evolui para PIF neurol\u00f3gica<\/strong><\/p>\n<p>Em alguns casos, a PIF seca pode progredir para a fase seguinte de PIF neurol\u00f3gica. A densidade e a prolifera\u00e7\u00e3o de gl\u00f3bulos brancos e mon\u00f3citos circulantes aumentam \u00e0 medida que a PIF seca progride. Estas c\u00e9lulas penetram persistentemente no l\u00edquido cefalorraquidiano at\u00e9 se gerar um estado inflamat\u00f3rio, resultando em danos neurol\u00f3gicos.<\/p>\n<p>A PIF neurol\u00f3gica afecta principalmente o sistema nervoso do gato, com sintomas mais comuns como tremores, dificuldade em andar (ataxia), confus\u00e3o mental e comportamento agressivo.<\/p>\n","protected":false},"excerpt":{"rendered":"<p>A peritonite infecciosa felina (PIF) \u00e9 uma doen\u00e7a comum e mortal para os gatos. N\u00e3o s\u00f3 isso, como tamb\u00e9m tem mais do que uma variante e pode afetar um gato de diferentes formas. Neste artigo, vamos falar sobre os diferentes tipos de PIF que se podem manifestar. Tipos de PIF em gatos A PIF pode [&hellip;]<\/p>\n","protected":false},"author":11,"featured_media":2417,"parent":0,"menu_order":0,"comment_status":"closed","ping_status":"closed","template":"","meta":{"_glsr_average":0,"_glsr_ranking":0,"_glsr_reviews":0,"footnotes":""},"categories":[639],"tags":[449,595],"_links":{"self":[{"href":"https:\/\/fipmed.co\/pt-br\/wp-json\/wp\/v2\/pages\/15413"}],"collection":[{"href":"https:\/\/fipmed.co\/pt-br\/wp-json\/wp\/v2\/pages"}],"about":[{"href":"https:\/\/fipmed.co\/pt-br\/wp-json\/wp\/v2\/types\/page"}],"author":[{"embeddable":true,"href":"https:\/\/fipmed.co\/pt-br\/wp-json\/wp\/v2\/users\/11"}],"replies":[{"embeddable":true,"href":"https:\/\/fipmed.co\/pt-br\/wp-json\/wp\/v2\/comments?post=15413"}],"version-history":[{"count":0,"href":"https:\/\/fipmed.co\/pt-br\/wp-json\/wp\/v2\/pages\/15413\/revisions"}],"wp:featuredmedia":[{"embeddable":true,"href":"https:\/\/fipmed.co\/pt-br\/wp-json\/wp\/v2\/media\/2417"}],"wp:attachment":[{"href":"https:\/\/fipmed.co\/pt-br\/wp-json\/wp\/v2\/media?parent=15413"}],"wp:term":[{"taxonomy":"category","embeddable":true,"href":"https:\/\/fipmed.co\/pt-br\/wp-json\/wp\/v2\/categories?post=15413"},{"taxonomy":"post_tag","embeddable":true,"href":"https:\/\/fipmed.co\/pt-br\/wp-json\/wp\/v2\/tags?post=15413"}],"curies":[{"name":"wp","href":"https:\/\/api.w.org\/{rel}","templated":true}]}}