{"id":15461,"date":"2022-12-02T07:50:40","date_gmt":"2022-12-02T07:50:40","guid":{"rendered":"https:\/\/fipmed.co\/nutritional-supplements-for-cats-with-fip\/"},"modified":"2024-05-02T12:36:00","modified_gmt":"2024-05-02T12:36:00","slug":"suplementos-nutricionais-para-gatos-com-pif","status":"publish","type":"page","link":"https:\/\/fipmed.co\/pt-br\/suplementos-nutricionais-para-gatos-com-pif\/","title":{"rendered":"Suplementos nutricionais para gatos com PIF"},"content":{"rendered":"<p>Recomenda-se que d\u00ea ao seu gato vitaminas e suplementos para manter os rins e o f\u00edgado saud\u00e1veis e fortes durante o processo de <a href=\"https:\/\/fipmed.co\/fip-treatment\/\" target=\"_blank\" rel=\"noopener\">tratamento da PIF<\/a>. \u00d3rg\u00e3os internos saud\u00e1veis aumentam a capacidade do corpo para resistir a infec\u00e7\u00f5es e recuperar de doen\u00e7as. Atualmente, n\u00e3o se conhecem efeitos secund\u00e1rios adversos quando as vitaminas e os suplementos nutricionais para gatos s\u00e3o administrados juntamente com o GS-441524 durante o tratamento da PIF.<\/p>\n<h2><strong>Vitaminas para gatos<\/strong><\/h2>\n<p><a href=\"\/?page_id=907\" target=\"_blank\" rel=\"noopener\">Vitamina B12<\/a>: Extremamente seguras, as injec\u00e7\u00f5es subcut\u00e2neas de vitamina B12 podem ser administradas semanalmente aos gatos para ajudar a combater a anemia e apoiar o sistema imunit\u00e1rio.<\/p>\n<p>Com Pet Tinic ou um produto compar\u00e1vel, pode ser dada uma assist\u00eancia vitam\u00ednica di\u00e1ria.<\/p>\n<p>A vitamina B12 encontra-se normalmente em alimentos de origem animal, como a carne, o peixe, os ovos e o f\u00edgado.<\/p>\n<p>No entanto, um gato com <a href=\"\/?page_id=14932\" target=\"_blank\" rel=\"noopener\">PIF<\/a> esgota rapidamente as suas reservas, necessitando de ser reabastecido.<\/p>\n<p>A produ\u00e7\u00e3o e a manuten\u00e7\u00e3o dos gl\u00f3bulos vermelhos s\u00e3o apoiadas pela vitamina B12.<\/p>\n<ul>\n<li>A vitamina B12 preserva a sa\u00fade do sistema neurol\u00f3gico (c\u00e9lulas nervosas e mieliniza\u00e7\u00e3o normal &#8211; as bainhas de gordura que cobrem e protegem as termina\u00e7\u00f5es nervosas). Para os processos nervosos e cognitivos, \u00e9 crucial.<\/li>\n<li>A B12 mant\u00e9m a sa\u00fade dos intestinos para garantir uma digest\u00e3o e absor\u00e7\u00e3o adequadas dos alimentos, bem como o metabolismo das gorduras e dos hidratos de carbono.<\/li>\n<\/ul>\n<h2><strong>Suplementos nutricionais para gatos com PIF<\/strong><\/h2>\n<p><strong>Gabapentina<\/strong>: Um analg\u00e9sico ligeiro que pode ser tomado por via oral 60 a 90 minutos antes das injec\u00e7\u00f5es. Quando administrada corretamente, esta solu\u00e7\u00e3o apenas atenua temporariamente o desconforto da inje\u00e7\u00e3o sem fazer com que o seu gato se sinta sonolento ou sedado.<\/p>\n<p><strong>Creme de lidoca\u00edna<\/strong>: Este creme pode ser esfregado na pele do gato 30 minutos antes da inje\u00e7\u00e3o com GS441 para diminuir a picada. Utilizar apenas a lo\u00e7\u00e3o sem alo\u00e9, uma vez que os gatos s\u00e3o extremamente t\u00f3xicos para o alo\u00e9.<\/p>\n<p><strong>Casca<\/strong> de Olmo-escorregadio: O xarope feito de casca de olmo escorregadio \u00e9 uma cura totalmente natural para n\u00e1useas, v\u00f3mitos e outras condi\u00e7\u00f5es.<\/p>\n<p><strong>Denamarin<\/strong>: O suplemento de f\u00edgado para gatos Denamarin Tablets aumenta os n\u00edveis de antioxidantes.<\/p>\n<p><strong>Silimarina (cardo mariano):<\/strong> Utilize este suplemento natural, conhecido pela sua capacidade de fortalecer e preservar o f\u00edgado, para melhorar a sa\u00fade do f\u00edgado do seu gato.<\/p>\n<p><u>Recomenda-se que, ao tratar a PIF com GS411, d\u00ea ao seu gato Denamarin ou Silymarin para proporcionar um apoio hep\u00e1tico m\u00e1ximo.<\/u><\/p>\n<h2><strong>N\u00e3o administrar L-lisina a gatos com PIF<\/strong><\/h2>\n<p>Embora a L-lisina seja frequentemente utilizada no tratamento do herpesv\u00edrus felino e como refor\u00e7o do sistema imunit\u00e1rio, novos estudos demonstraram que n\u00e3o tem vantagens claras. Para al\u00e9m disso, os gatos FCoV+, os gatos em risco de desenvolver PIF e os gatos com PIF n\u00e3o devem tomar L-lisina.<\/p>\n<h2><strong>Moducare e o sistema imunit\u00e1rio<\/strong><\/h2>\n<p>A imunidade \u00e9 fundamental. A melhor linha de prote\u00e7\u00e3o contra qualquer doen\u00e7a \u00e9 um sistema imunit\u00e1rio forte. \u00c9 crucial construir e manter um sistema imunit\u00e1rio forte. Quando necess\u00e1rio, Moducare ajuda a ajustar a resposta do sistema imunit\u00e1rio.<\/p>\n<h2><strong>Alimenta\u00e7\u00e3o do gato com PIF<\/strong><\/h2>\n<p>Alimentar os gatos com FIP com algumas sardinhas, salm\u00e3o, sardinhas ou outros peixes ricos em \u00f3mega 3 Aumentar a ingest\u00e3o dos \u00e1cidos gordos anti-inflamat\u00f3rios \u00f3mega 3 da dieta do gato. O peixe verdadeiro est\u00e1 dispon\u00edvel em refei\u00e7\u00f5es enlatadas da Applaws e da Almo Nature. No entanto, tenha em aten\u00e7\u00e3o o potencial de hipervitaminose A (acumula\u00e7\u00e3o excessiva de osso nas articula\u00e7\u00f5es) e fa\u00e7a um novo exame da situa\u00e7\u00e3o ap\u00f3s 6 semanas se alimentar demasiado peixe genu\u00edno.<\/p>\n<p>N\u00e3o se esque\u00e7a de fornecer ao tutor do gato instru\u00e7\u00f5es sobre como mudar gradualmente a comida ao longo de um per\u00edodo de semanas; caso contr\u00e1rio, o gato devorar\u00e1 a nova comida durante alguns dias antes de se fartar dela e nunca mais lhe tocar! Dar um novo alimento numa refei\u00e7\u00e3o, voltar \u00e0 dieta normal do gato nas refei\u00e7\u00f5es seguintes, depois oferecer uma pequena quantidade do novo alimento mais uma vez, e assim por diante, aumentando gradualmente a frequ\u00eancia dos novos alimentos, at\u00e9 que servir um alimento diferente em cada refei\u00e7\u00e3o se torne rotina para o gato. Ser\u00e1 necess\u00e1rio pelo menos um m\u00eas para introduzir efetivamente novas refei\u00e7\u00f5es.<\/p>\n<p>A dieta crua, como a carne de vaca crua, tamb\u00e9m est\u00e1 repleta de nutrientes de que um gato necessita. Fornecer carne crua (a carne de vaca \u00e9 a melhor) em todas as refei\u00e7\u00f5es. Cont\u00e9m muitas propriedades anti-inflamat\u00f3rias e refor\u00e7a o sistema imunit\u00e1rio do seu gato<\/p>\n<h2><strong>VITAMINAS suplementares que podem ser administradas a gatos com PIF<\/strong><\/h2>\n<p><strong>Vitamina A (opcional)  <\/strong><\/p>\n<p>A vitamina A \u00e9 um antioxidante. A suplementa\u00e7\u00e3o com vitamina A n\u00e3o \u00e9 necess\u00e1ria para os gatos que recebem frequentemente refei\u00e7\u00f5es verdadeiras de peixe. O beta-caroteno n\u00e3o pode ser metabolizado pelos gatos, pelo que lhes deve ser dada vitamina A sob a forma de peixe ou de \u00f3leo de peixe, como o \u00f3leo de f\u00edgado de alabote. \u00c9 prefer\u00edvel incluir peixe verdadeiro na dieta em vez de apenas suplementos. Em contrapartida, a hipervitaminose A provoca uma deposi\u00e7\u00e3o excessiva de osso nas articula\u00e7\u00f5es, pelo que se deve evitar a sua utiliza\u00e7\u00e3o constante durante mais de 4 a 6 semanas.<\/p>\n<p><strong>Vitamina do complexo B (opcional)  <\/strong><\/p>\n<p>A multivitamina B \u00e9 um bom estimulante do apetite, que pode ser adquirido em farm\u00e1cias ou lojas de produtos naturais. Tiamina, uma vitamina B1 (opcional &#8211; se n\u00e3o estiver a dar complexo B) administrada por via oral (ou seja, pela boca ou nos alimentos).<\/p>\n<p><strong>Vitamina C (\u00e1cido asc\u00f3rbico) (facultativo)  <\/strong><\/p>\n<p>A vitamina C \u00e9 um antioxidante. A vitamina C s\u00f3 deve ser utilizada durante algumas semanas porque pode provocar a forma\u00e7\u00e3o de cristais de oxalato na urina se for tomada durante um per\u00edodo de tempo prolongado. Dose: 125 miligramas administrados por via oral ou atrav\u00e9s dos alimentos, duas vezes por dia.<\/p>\n<p>Com tudo isto em mente, os donos de gatos devem estar mais abertos \u00e0 ideia de dar suplementos aos seus gatos para os ajudar no processo de tratamento da PIF, uma vez que estes diferentes suplementos podem ajudar a sa\u00fade dos seus gatos. No entanto, n\u00e3o se esque\u00e7a de que nem todos os suplementos s\u00e3o totalmente isentos de riscos, uma vez que podem ter resultados diferentes, dependendo da dosagem do suplemento e do f\u00edsico de cada gato.<\/p>\n","protected":false},"excerpt":{"rendered":"<p>Recomenda-se que d\u00ea ao seu gato vitaminas e suplementos para manter os rins e o f\u00edgado saud\u00e1veis e fortes durante o processo de tratamento da PIF. \u00d3rg\u00e3os internos saud\u00e1veis aumentam a capacidade do corpo para resistir a infec\u00e7\u00f5es e recuperar de doen\u00e7as. Atualmente, n\u00e3o se conhecem efeitos secund\u00e1rios adversos quando as vitaminas e os suplementos [&hellip;]<\/p>\n","protected":false},"author":11,"featured_media":2303,"parent":0,"menu_order":0,"comment_status":"closed","ping_status":"closed","template":"","meta":{"_glsr_average":0,"_glsr_ranking":0,"_glsr_reviews":0,"footnotes":""},"categories":[639],"tags":[476,449],"_links":{"self":[{"href":"https:\/\/fipmed.co\/pt-br\/wp-json\/wp\/v2\/pages\/15461"}],"collection":[{"href":"https:\/\/fipmed.co\/pt-br\/wp-json\/wp\/v2\/pages"}],"about":[{"href":"https:\/\/fipmed.co\/pt-br\/wp-json\/wp\/v2\/types\/page"}],"author":[{"embeddable":true,"href":"https:\/\/fipmed.co\/pt-br\/wp-json\/wp\/v2\/users\/11"}],"replies":[{"embeddable":true,"href":"https:\/\/fipmed.co\/pt-br\/wp-json\/wp\/v2\/comments?post=15461"}],"version-history":[{"count":0,"href":"https:\/\/fipmed.co\/pt-br\/wp-json\/wp\/v2\/pages\/15461\/revisions"}],"wp:featuredmedia":[{"embeddable":true,"href":"https:\/\/fipmed.co\/pt-br\/wp-json\/wp\/v2\/media\/2303"}],"wp:attachment":[{"href":"https:\/\/fipmed.co\/pt-br\/wp-json\/wp\/v2\/media?parent=15461"}],"wp:term":[{"taxonomy":"category","embeddable":true,"href":"https:\/\/fipmed.co\/pt-br\/wp-json\/wp\/v2\/categories?post=15461"},{"taxonomy":"post_tag","embeddable":true,"href":"https:\/\/fipmed.co\/pt-br\/wp-json\/wp\/v2\/tags?post=15461"}],"curies":[{"name":"wp","href":"https:\/\/api.w.org\/{rel}","templated":true}]}}