{"id":15477,"date":"2022-12-02T08:18:10","date_gmt":"2022-12-02T08:18:10","guid":{"rendered":"https:\/\/fipmed.co\/b12-vitamins-for-cats-with-fip-are-important-for-recovery\/"},"modified":"2024-05-02T07:15:07","modified_gmt":"2024-05-02T07:15:07","slug":"as-vitaminas-b12-para-gatos-com-pif-sao-importantes-para-a-recuperacao","status":"publish","type":"page","link":"https:\/\/fipmed.co\/pt-br\/as-vitaminas-b12-para-gatos-com-pif-sao-importantes-para-a-recuperacao\/","title":{"rendered":"As vitaminas B12 para gatos com PIF s\u00e3o importantes para a recupera\u00e7\u00e3o"},"content":{"rendered":"<p>Quando se cuida de um gato afetado por Peritonite Infecciosa Felina (PIF), \u00e9 muito importante manter um cuidado adequado com a sua sa\u00fade. Isto alarga-se \u00e0s vitaminas para gatos, e uma importante que os gatos tamb\u00e9m t\u00eam \u00e9 a vitamina B12. Neste artigo, vamos explicar a import\u00e2ncia da vitamina B12 para os gatos.<\/p>\n<h2><strong>O que \u00e9 a B12?<\/strong><\/h2>\n<p>Cobalamina \u00e9 outro termo para a vitamina B12, que \u00e9 o nome coletivo de uma classe de subst\u00e2ncias com a\u00e7\u00e3o de vitamina B12. Estas subst\u00e2ncias destacam-se pela sua concentra\u00e7\u00e3o de 4,5% de cobalto, o que lhes d\u00e1 o nome de &#8220;cobalamina&#8221; (cobalto + vitamina).<\/p>\n<h2><strong>De onde \u00e9 que vem?<\/strong><\/h2>\n<p>Os alimentos de origem animal, como a carne, o peixe, os ovos e o f\u00edgado, s\u00e3o fontes de B12. No entanto, um <a href=\"\/?p=893\">gato com PIF precisa provavelmente de suplementos<\/a>.<\/p>\n<h2><strong>O que \u00e9 que a B12 faz?<\/strong><\/h2>\n<p>A B12 tem v\u00e1rias fun\u00e7\u00f5es, todas elas cruciais para um sistema imunit\u00e1rio forte:<\/p>\n<ul>\n<li>A vitamina B12 favorece a produ\u00e7\u00e3o de gl\u00f3bulos vermelhos (desenvolvimento e manuten\u00e7\u00e3o dos gl\u00f3bulos vermelhos). Para parar a anemia, os n\u00edveis de B12 devem ser adequados.<\/li>\n<li>A vitamina B12 preserva a sa\u00fade do sistema nervoso (c\u00e9lulas nervosas e mieliniza\u00e7\u00e3o normal &#8211; as bainhas de gordura que cobrem e protegem as termina\u00e7\u00f5es nervosas). Para os processos nervosos e cognitivos, \u00e9 crucial.<\/li>\n<li>A B12 mant\u00e9m a sa\u00fade dos intestinos para garantir uma digest\u00e3o e absor\u00e7\u00e3o adequadas dos alimentos, bem como o metabolismo das gorduras e dos hidratos de carbono. Os intestinos precisam de B12 para funcionar da melhor forma poss\u00edvel, mas n\u00e3o a conseguem absorver (a partir dos alimentos) se estiverem danificados ou doentes, o que cria uma esp\u00e9cie de &#8220;catch-22&#8221;.<\/li>\n<\/ul>\n<h2><strong>Quais s\u00e3o os sinais de defici\u00eancia de B12?<\/strong><\/h2>\n<p>Os sintomas cl\u00ednicos de uma defici\u00eancia de B12 incluem diarreia, desconforto abdominal, n\u00e1useas, v\u00f3mitos, perda de apetite, s\u00edndrome de m\u00e1 absor\u00e7\u00e3o, obstipa\u00e7\u00e3o, gases, perda de peso, exaust\u00e3o e letargia. Alguns dos sintomas aqui enumerados s\u00e3o efeitos secund\u00e1rios bastante comuns da PIF e s\u00e3o bem conhecidos. A sa\u00fade do seu gato pode ser melhorada se ele consumir B12 suficiente.<\/p>\n<p>Al\u00e9m disso, o d\u00e9fice cognitivo e a fraqueza dos membros est\u00e3o associados \u00e0 insufici\u00eancia de vitamina B12. Mais uma vez, quando a PIF afecta o sistema neurol\u00f3gico, s\u00e3o normalmente observados sintomas semelhantes.<\/p>\n<ol>\n<li><strong>O ciclo de esgotamento.<\/strong><\/li>\n<\/ol>\n<p>O trato GI (gastrointestinal) \u00e9 um dos muitos processos do corpo que \u00e9 afetado pela doen\u00e7a inflamat\u00f3ria PIF. O p\u00e2ncreas, o ba\u00e7o e o f\u00edgado s\u00e3o frequentemente afectados. As reservas de vitamina B12 do f\u00edgado esgotam-se rapidamente se o sistema imunit\u00e1rio estiver comprometido. Um ciclo de deteriora\u00e7\u00e3o da defici\u00eancia de B12 resulta da escassez de B12 no f\u00edgado, o que tamb\u00e9m causa o encolhimento das c\u00e9lulas intestinais e a perda de nutrientes (incluindo a pr\u00f3pria B12). Este \u00e9 o dilema que abord\u00e1mos anteriormente neste artigo.<\/p>\n<ol start=\"2\">\n<li><strong>O risco iminente de anemia.<\/strong><\/li>\n<\/ol>\n<p>A produ\u00e7\u00e3o de gl\u00f3bulos vermelhos do seu gato \u00e9 prejudicada, o que provoca anemia. A falta de B12 inibe e reduz a capacidade do organismo de produzir sangue e aumenta a apoptose das c\u00e9lulas sangu\u00edneas. Por outras palavras, o seu gato torna-se an\u00e9mico quando os n\u00edveis de B12 baixam. A capacidade do seu gato de resistir \u00e0 doen\u00e7a (ou a qualquer outra coisa) diminui significativamente quando ele fica an\u00e9mico.<\/p>\n<ol start=\"3\">\n<li><strong>Maior enfraquecimento da resist\u00eancia imunit\u00e1ria contra a PIF.<\/strong><\/li>\n<\/ol>\n<p>\u00c9 fundamental sublinhar que n\u00edveis baixos de vitamina B12 tornam as pessoas mais suscept\u00edveis a infec\u00e7\u00f5es e doen\u00e7as e s\u00e3o altamente prejudiciais para o sistema nervoso, o que pode levar a problemas neurol\u00f3gicos e a les\u00f5es nervosas graves e talvez irrevers\u00edveis. Na realidade, a car\u00eancia de cobalamina \u00e9 uma causa frequente de encefalopatia metab\u00f3lica, um dos v\u00e1rios tipos de encefalopatia ligados a uma doen\u00e7a prim\u00e1ria (como a PIF) que prejudica os processos da barreira hemato-encef\u00e1lica e o funcionamento normal do c\u00e9rebro. Letargia, tristeza, ataxia, anorexia e v\u00f3mitos ocasionais s\u00e3o alguns dos ind\u00edcios cl\u00ednicos vagos que, em situa\u00e7\u00f5es graves, podem causar doen\u00e7a neurol\u00f3gica e cegueira nos gatos.<\/p>\n<p>\u00c9 do conhecimento geral que os gatos com PIF t\u00eam frequentemente anemia ou est\u00e3o na imin\u00eancia de ter anemia, e alguns apresentam sintomas neurol\u00f3gicos da doen\u00e7a. Outro componente do &#8220;catch-22 blowback&#8221; \u00e9 que o seu gato pode ser menos capaz de armazenar quantidades suficientes de B12 como resultado da PIF, o que pode piorar os sintomas da doen\u00e7a. A menos que se pare este ciclo e se adicionem as vitaminas essenciais, n\u00e3o h\u00e1 forma de vencer.<\/p>\n<h2><strong>Formas de obten\u00e7\u00e3o artificial de B12 pelo gato<\/strong><\/h2>\n<p><strong>Injec\u00e7\u00f5es de B12.<\/strong><\/p>\n<p>Na maioria dos pa\u00edses, a cobalamina \u00e9 facilmente acess\u00edvel sem receita m\u00e9dica. Para gatos at\u00e9 5 kg de peso corporal, aconselha-se uma inje\u00e7\u00e3o subcut\u00e2nea de 250 g de cobalamina. Aconselhamos injec\u00e7\u00f5es semanais para gatos com PIF at\u00e9 que a anemia desapare\u00e7a e os valores de hem\u00e1cias estabilizem. Al\u00e9m disso, a B12 pode ser administrada atrav\u00e9s de tratamento com fluidos subcut\u00e2neos. O seu gato pode achar este procedimento mais confort\u00e1vel porque as injec\u00e7\u00f5es de B12 doem!<\/p>\n<p><strong>Suplementos orais de B12.<\/strong><\/p>\n<p>A metilcobalamina deve ser tomada, uma vez que melhora significativamente o desempenho do f\u00edgado. Os gatos podem tomar suplementos de B12 que s\u00e3o comercializados para pessoas. 500mcg (0,5mg) por dia seria uma excelente dose inicial, no entanto pode dar at\u00e9 o dobro dessa quantidade. Embora possa parecer elevado, apenas uma pequena por\u00e7\u00e3o \u00e9 efetivamente absorvida. Pense em tomar um suplemento multivitam\u00ednico concebido para gatos que tamb\u00e9m contenha ferro (para a anemia).<\/p>\n<p><strong>Nutri\u00e7\u00e3o.<\/strong><\/p>\n<p>N\u00e3o subestime as fontes naturais de B12; se puder, d\u00ea ao seu gato cerca de uma colher de carne fresca, f\u00edgado ou peixe todos os dias. Os petiscos podem at\u00e9 ser apreciados pelo seu gato, e um pouco \u00e9 muito \u00fatil.<\/p>\n<h2><strong>Benef\u00edcios da vitamina B12: vitaminas para gatos<\/strong><\/h2>\n<p>A vitamina B12 contribui para a forma\u00e7\u00e3o de gl\u00f3bulos vermelhos (o desenvolvimento e a manuten\u00e7\u00e3o dos gl\u00f3bulos vermelhos).<\/p>\n<p>Para parar a anemia, os n\u00edveis de B12 devem ser adequados.<\/p>\n<p>A vitamina B12 preserva a sa\u00fade do sistema neurol\u00f3gico (c\u00e9lulas nervosas e mieliniza\u00e7\u00e3o normal &#8211; as bainhas de gordura que cobrem e protegem as termina\u00e7\u00f5es nervosas).<\/p>\n<p>Para os processos nervosos e cognitivos, \u00e9 crucial.<\/p>\n<p>A vitamina B12 favorece a sa\u00fade intestinal para melhorar a digest\u00e3o e a absor\u00e7\u00e3o dos alimentos, bem como o metabolismo das gorduras e dos hidratos de carbono.<\/p>\n<h2><strong>10 Sinais de defici\u00eancia de B12<\/strong><\/h2>\n<ol>\n<li>N\u00e1useas<\/li>\n<li>V\u00f3mitos<\/li>\n<li>Falta de apetite<\/li>\n<li>Problemas de absor\u00e7\u00e3o dos alimentos<\/li>\n<li>Pris\u00e3o de ventre<\/li>\n<li>G\u00e1s<\/li>\n<li>Perda de peso<\/li>\n<li>Fadiga\/ Letargia<\/li>\n<li>Dor de est\u00f4mago<\/li>\n<li>Diarreia<\/li>\n<\/ol>\n<h2><strong>Dosagem de vitaminas B12 para gatos durante o tratamento da PIF<\/strong><\/h2>\n<p>Todas as semanas, at\u00e9 250-500 microgramas (mcg) para gatos adultos que n\u00e3o sejam an\u00e9micos.<\/p>\n<p>Para saber a dosagem correcta para gatinhos, consulte o seu veterin\u00e1rio.<\/p>\n<p>Pode ser necess\u00e1rio administrar at\u00e9 1000 mcg por semana a gatos com anemia grave. GS-441524 com vitamina B12 isoladamente pode n\u00e3o ser adequado em casos de anemia grave. Poder\u00e1 ser essencial administrar injec\u00e7\u00f5es semanais adicionais de B12. Fale com o seu veterin\u00e1rio.<\/p>\n<h2><strong>C\u00e1lculo da dose quando se utiliza GS-441524 + B12<\/strong><\/h2>\n<p>Com ou sem vitamina B12, a dosagem de GS-441524 \u00e9 a mesma.<\/p>\n<p><strong>Exemplo: Um gato de 3 kg a quem foi diagnosticada a <a href=\"\/?p=897\">forma h\u00famida<\/a> da PIF.  <\/strong><\/p>\n<p>A dose para a PIF na sua forma h\u00famida \u00e9 de 6 mg\/kg. A inje\u00e7\u00e3o di\u00e1ria de 0,9 ml de GS-441524 \u00e9 igual a 3 kg x 6 mg\/kg 20 mg\/ml. A dose di\u00e1ria recomendada de vitamina B12 \u00e9 de 45mcg (0,9ml x 50mcg\/ml). Este gato receber\u00e1 315 mcg de vitamina B12 todas as semanas.<\/p>\n<h2><strong>Porque \u00e9 que os gatos com PIF precisam de vitamina B12  <\/strong><\/h2>\n<p><strong>Risco elevado de anemia.<\/strong><\/p>\n<p>Durante uma doen\u00e7a de PIF, os gatos desenvolvem frequentemente anemia. Uma car\u00eancia de B12 acelera a deteriora\u00e7\u00e3o das c\u00e9lulas sangu\u00edneas e limita a capacidade natural do organismo para criar sangue novo. Os gatos que t\u00eam n\u00edveis baixos de B12 tornam-se an\u00e9micos. A capacidade dos gatos para resistir ao v\u00edrus da PIF e a outras infec\u00e7\u00f5es \u00e9 significativamente reduzida quando ficam an\u00e9micos.<\/p>\n<p><strong>Sistema imunit\u00e1rio enfraquecido.<\/strong><\/p>\n<p>N\u00edveis inadequados de B12 aumentam a vulnerabilidade do organismo a infec\u00e7\u00f5es e doen\u00e7as e s\u00e3o particularmente prejudiciais para o sistema nervoso dos gatos. Isto faz com que os sintomas neurol\u00f3gicos se manifestem mais rapidamente e pode resultar em les\u00f5es nervosas graves ou irrepar\u00e1veis. Uma doen\u00e7a prim\u00e1ria (como a PIF) que interfere com o funcionamento normal do c\u00e9rebro e com os sistemas de barreira hemato-encef\u00e1lica \u00e9 uma causa comum de encefalopatia, que inclui a encefalopatia metab\u00f3lica, um dos v\u00e1rios tipos de encefalopatia. A defici\u00eancia de vitamina B12 \u00e9 uma das principais causas desta encefalopatia. Letargia, tristeza, ataxia, anorexia e v\u00f3mitos ocasionais s\u00e3o alguns dos ind\u00edcios cl\u00ednicos vagos que, em situa\u00e7\u00f5es graves, podem causar doen\u00e7a neurol\u00f3gica e cegueira nos gatos.<\/p>\n<p>Est\u00e1 bem documentado que os gatos infectados pelo VFIP apresentam frequentemente anemia ou sintomas semelhantes aos da anemia. Muitas pessoas t\u00eam sinais neurol\u00f3gicos. Este \u00e9 um exemplo de um cl\u00e1ssico ciclo de feedback negativo: A infe\u00e7\u00e3o por PIF desenvolve-se mais rapidamente quando os n\u00edveis de B12 s\u00e3o inadequados. A PIF torna mais dif\u00edcil para os gatos manterem uma quantidade suficiente de B12 no seu organismo.<\/p>\n<p><strong>Deple\u00e7\u00e3o r\u00e1pida de nutrientes<\/strong><\/p>\n<p>Uma vez que a PIF \u00e9 uma doen\u00e7a inflamat\u00f3ria, pode danificar o f\u00edgado, o trato gastrointestinal, o p\u00e2ncreas e o ba\u00e7o quando \u00e9 diagnosticada a um gato. O f\u00edgado consome rapidamente a vitamina B12 armazenada quando o sistema imunit\u00e1rio est\u00e1 comprometido. Quando os n\u00edveis de B12 no f\u00edgado s\u00e3o baixos, as c\u00e9lulas intestinais encolhem e o corpo tem dificuldade em absorver os nutrientes. Isto desencadeia um ciclo que agrava a car\u00eancia de B12.<\/p>\n<h2><strong>PERGUNTAS FREQUENTES<\/strong><\/h2>\n<p><strong>Como \u00e9 que a vitamina B12 pode melhorar o bem-estar geral do meu gato?<\/strong><\/p>\n<p>As an\u00e1lises hematol\u00f3gicas, qu\u00edmicas e\/ou sangu\u00edneas podem ser utilizadas para avaliar o estado de sa\u00fade do seu gato. No entanto, deve observar ajustamentos no comportamento rotineiro do seu gato, tais como mais vigor, menos tend\u00eancias let\u00e1rgicas e melhor fome. \u00c9 fundamental ter em conta que os gatos n\u00e3o conseguem compreender a sua doen\u00e7a ou as raz\u00f5es que a provocam. A \u00fanica coisa de que t\u00eam consci\u00eancia \u00e9 uma sensa\u00e7\u00e3o generalizada de estar doente. O seu regime de tratamento pode beneficiar da utiliza\u00e7\u00e3o de B12 para reduzir o seu sofrimento e melhorar a sua qualidade de vida.<\/p>\n<p><strong>A vitamina B12 pode ajudar a curar a PIF?<\/strong><\/p>\n<p>N\u00e3o. N\u00e3o h\u00e1. A vitamina B12 N\u00c3O \u00e9 um <a href=\"https:\/\/fipmed.co\/\">tratamento para a P<\/a>IF. Mas ajuda o sistema imunit\u00e1rio do seu gato a desempenhar tarefas vitais. Precisa de toda a ajuda poss\u00edvel se quiser dar ao seu gato uma oportunidade de lutar contra o v\u00edrus. Se n\u00e3o tomar todas as precau\u00e7\u00f5es para aumentar as suas hip\u00f3teses de sucesso, n\u00e3o pode esperar atingir os seus objectivos com o tratamento prim\u00e1rio.<\/p>\n<p>Em conclus\u00e3o, a gest\u00e3o da PIF n\u00e3o se limita a fornecer um tratamento prim\u00e1rio, como a IP, a FOI, etc. Como tutor do gato, \u00e9 da sua responsabilidade manter e melhorar o sistema imunit\u00e1rio para que o seu gato tenha a melhor hip\u00f3tese de sobreviver. N\u00e3o \u00e9 uma tarefa f\u00e1cil, dada a dimens\u00e3o e a gravidade da PIF. Tudo o que n\u00f3s, propriet\u00e1rios, podemos fazer \u00e9 usar todas as armas \u00e0 nossa disposi\u00e7\u00e3o para lutar o mais longa e duramente poss\u00edvel. Neste conflito, todas as vantagens contam, e a B12 \u00e9 uma arma crucial. Nunca se sabe que a\u00e7\u00e3o aparentemente insignificante, mas que acaba por ser importante, pode finalmente fazer uma diferen\u00e7a substancial. D\u00ea ao seu gato a oportunidade de ser bem sucedido.<\/p>\n<p><strong>Porque \u00e9 que um gatinho pode precisar de uma inje\u00e7\u00e3o de B12?<\/strong><\/p>\n<p>A vitamina B12 \u00e9 ingerida pelos gatos naturalmente atrav\u00e9s da sua alimenta\u00e7\u00e3o. Infelizmente, muitos gatinhos t\u00eam problemas no intestino para absorver corretamente os nutrientes e podem rapidamente tornar-se deficientes em B12. Por este motivo, os gatinhos podem n\u00e3o beneficiar de suplementos orais; em vez disso, uma vitamina injet\u00e1vel ser\u00e1 uma forma mais fi\u00e1vel de o garantir.<\/p>\n<p>Uma inje\u00e7\u00e3o de vitamina B12 pode ser ben\u00e9fica para gatinhos com as condi\u00e7\u00f5es listadas abaixo como um componente do seu regime de cuidados de suporte:<\/p>\n<ul>\n<li>Desconforto abdominal<\/li>\n<li>Malabsor\u00e7\u00e3o<\/li>\n<li>Inapet\u00eancia<\/li>\n<li>Diarreia<\/li>\n<li>Pris\u00e3o de ventre<\/li>\n<li>Estado let\u00e1rgico<\/li>\n<li>Perda de peso<\/li>\n<li>V\u00f3mitos<\/li>\n<li>Anemia<\/li>\n<li>PIF<\/li>\n<li>Panleucop\u00e9nia<\/li>\n<\/ul>\n<p>Embora a vitamina B12 n\u00e3o possa resolver estes problemas por si s\u00f3, pode ajudar a manter os sistemas imunol\u00f3gico e digestivo do gatinho durante o tratamento e a recupera\u00e7\u00e3o.<\/p>\n<p><strong>Materiais necess\u00e1rios<\/strong><\/p>\n<ul>\n<li>B12 injet\u00e1vel fornecida pelo veterin\u00e1rio<\/li>\n<li>Seringa Sterilez 1cc<\/li>\n<li>Agulhas de 25g<\/li>\n<li>Distribuidor de objectos cortantes<\/li>\n<\/ul>\n<p>Embora a vitamina B12 n\u00e3o ajude diretamente um gato a melhorar da sua condi\u00e7\u00e3o de PIF, pode ajudar a apoiar o sistema imunit\u00e1rio do seu gato, e pode indiretamente ajudar um gato a recuperar da condi\u00e7\u00e3o de doente. Por isso, mais donos de gatos deveriam ter conhecimento deste facto e dar frequentemente B12 aos seus gatos para melhorar as suas condi\u00e7\u00f5es, quer estejam saud\u00e1veis ou doentes.<\/p>\n","protected":false},"excerpt":{"rendered":"<p>Quando se cuida de um gato afetado por Peritonite Infecciosa Felina (PIF), \u00e9 muito importante manter um cuidado adequado com a sua sa\u00fade. Isto alarga-se \u00e0s vitaminas para gatos, e uma importante que os gatos tamb\u00e9m t\u00eam \u00e9 a vitamina B12. Neste artigo, vamos explicar a import\u00e2ncia da vitamina B12 para os gatos. O que [&hellip;]<\/p>\n","protected":false},"author":11,"featured_media":2455,"parent":0,"menu_order":0,"comment_status":"closed","ping_status":"closed","template":"","meta":{"_glsr_average":0,"_glsr_ranking":0,"_glsr_reviews":0,"footnotes":""},"categories":[639],"tags":[449,573,571,572,570],"_links":{"self":[{"href":"https:\/\/fipmed.co\/pt-br\/wp-json\/wp\/v2\/pages\/15477"}],"collection":[{"href":"https:\/\/fipmed.co\/pt-br\/wp-json\/wp\/v2\/pages"}],"about":[{"href":"https:\/\/fipmed.co\/pt-br\/wp-json\/wp\/v2\/types\/page"}],"author":[{"embeddable":true,"href":"https:\/\/fipmed.co\/pt-br\/wp-json\/wp\/v2\/users\/11"}],"replies":[{"embeddable":true,"href":"https:\/\/fipmed.co\/pt-br\/wp-json\/wp\/v2\/comments?post=15477"}],"version-history":[{"count":0,"href":"https:\/\/fipmed.co\/pt-br\/wp-json\/wp\/v2\/pages\/15477\/revisions"}],"wp:featuredmedia":[{"embeddable":true,"href":"https:\/\/fipmed.co\/pt-br\/wp-json\/wp\/v2\/media\/2455"}],"wp:attachment":[{"href":"https:\/\/fipmed.co\/pt-br\/wp-json\/wp\/v2\/media?parent=15477"}],"wp:term":[{"taxonomy":"category","embeddable":true,"href":"https:\/\/fipmed.co\/pt-br\/wp-json\/wp\/v2\/categories?post=15477"},{"taxonomy":"post_tag","embeddable":true,"href":"https:\/\/fipmed.co\/pt-br\/wp-json\/wp\/v2\/tags?post=15477"}],"curies":[{"name":"wp","href":"https:\/\/api.w.org\/{rel}","templated":true}]}}