{"id":15493,"date":"2022-12-02T07:39:47","date_gmt":"2022-12-02T07:39:47","guid":{"rendered":"https:\/\/fipmed.co\/when-fip-vaccine-doesnt-work-preventions-for-cats-getting-fip\/"},"modified":"2024-05-02T08:37:25","modified_gmt":"2024-05-02T08:37:25","slug":"vacina-contra-a-pif-e-outras-formas-de-evitar-que-os-gatos-contraiam-a-pif","status":"publish","type":"page","link":"https:\/\/fipmed.co\/pt-br\/vacina-contra-a-pif-e-outras-formas-de-evitar-que-os-gatos-contraiam-a-pif\/","title":{"rendered":"Vacina contra a PIF e outras formas de evitar que os gatos contraiam a PIF"},"content":{"rendered":"<p>A peritonite infecciosa felina (PIF) \u00e9 um v\u00edrus incur\u00e1vel e frequentemente fatal que afecta menos de um por cento dos gatos. Atualmente, n\u00e3o existe um tratamento eficaz para a doen\u00e7a, pelo que a sua preven\u00e7\u00e3o antes do aparecimento dos sintomas \u00e9 fundamental.<\/p>\n<p>Atualmente, n\u00e3o se conhece nenhuma vacina contra a PIF que funcione de forma consistente. Por este motivo, \u00e9 muito importante evitar que os gatos apanhem a doen\u00e7a, dada a falta de medica\u00e7\u00e3o consistente. Os donos de gatos devem estar atentos, uma vez que s\u00e3o respons\u00e1veis pela sa\u00fade dos seus gatos, especialmente se tiverem muitos deles ao mesmo tempo.<\/p>\n<p>Uma das doen\u00e7as mais dif\u00edceis de compreender \u00e9 a PIF. O diagn\u00f3stico, a gest\u00e3o e a preven\u00e7\u00e3o desta doen\u00e7a continuar\u00e3o a ser objeto de debate.<\/p>\n<p>\u00c9 duvidoso que possamos evitar a PIF porque ainda h\u00e1 muito que n\u00e3o sabemos sobre ela e porque o coronav\u00edrus \u00e9 facilmente transferido para muitos gatos em todo o mundo. Embora exista uma vacina contra a PIF, n\u00e3o h\u00e1 provas de que possa prevenir a doen\u00e7a, pelo que n\u00e3o \u00e9 atualmente aconselhada.<\/p>\n<h1>Compreender a PIF e a necessidade de vacina\u00e7\u00e3o<\/h1>\n<p>A PIF \u00e9 um v\u00edrus perigoso que pode causar doen\u00e7as graves nos gatos e requer vacina\u00e7\u00e3o para evitar a sua propaga\u00e7\u00e3o.<\/p>\n<h2>O que \u00e9 o FIP?<\/h2>\n<p>A PIF, ou peritonite infecciosa felina, \u00e9 uma infe\u00e7\u00e3o viral que afecta os gatos e \u00e9 causada por determinadas estirpes do coronav\u00edrus felino. \u00c9 uma doen\u00e7a extremamente contagiosa entre os gatos e propaga-se rapidamente atrav\u00e9s do contacto direto com a saliva, a urina, as fezes e a cama dos gatos infectados.<\/p>\n<p>Como \u00e9 muitas vezes dif\u00edcil de diagnosticar devido \u00e0 sua complexidade, a PIF pode afetar gatos de ra\u00e7a pura e de ra\u00e7a aleat\u00f3ria &#8211; particularmente gatinhos jovens &#8211; sem aviso pr\u00e9vio. Dependendo da gravidade dos sintomas, o tratamento da PIF pode envolver cuidados de apoio, como antibi\u00f3ticos e analg\u00e9sicos, bem como medidas mais intensivas, como a administra\u00e7\u00e3o de fluidos por via intravenosa ou diretamente no abd\u00f3men, se necess\u00e1rio.<\/p>\n<p>Embora ainda n\u00e3o exista uma cura garantida para a PIF, a vacina\u00e7\u00e3o contra a doen\u00e7a pode reduzir o seu risco em gatos suscept\u00edveis.<\/p>\n<h2>Porque \u00e9 que \u00e9 importante vacinar contra a PIF?<\/h2>\n<p>A PIF \u00e9 uma doen\u00e7a viral potencialmente mortal nos gatos causada pelo coronav\u00edrus FCoV. Quando um gato desenvolve PIF, a taxa de mortalidade \u00e9 quase certa. A vacina\u00e7\u00e3o contra este v\u00edrus pode ajudar a proteger os gatos de serem infectados e, em \u00faltima an\u00e1lise, morrerem de PIF.<\/p>\n<p>Apesar da efic\u00e1cia limitada das vacinas atualmente dispon\u00edveis para tratamento, a vacina\u00e7\u00e3o dos gatos contra este v\u00edrus letal poderia reduzir significativamente a sua incid\u00eancia se fosse feita de forma adequada, com uma administra\u00e7\u00e3o eficaz da vacina, bem como vacina\u00e7\u00f5es de acompanhamento de acordo com o protocolo padr\u00e3o.<\/p>\n<p>Os gatos devem ser vacinados regularmente e monitorizados de perto para garantir que a imuniza\u00e7\u00e3o \u00e9 tida em considera\u00e7\u00e3o na avalia\u00e7\u00e3o dos factores de risco associados a infec\u00e7\u00f5es ou exposi\u00e7\u00e3o devido a diferentes condi\u00e7\u00f5es ambientais com que se podem deparar no seu dia a dia, reduzindo simultaneamente as injec\u00e7\u00f5es de antivirais que seriam necess\u00e1rias se o gato n\u00e3o tivesse sido vacinado.<\/p>\n<h1>Tipos de vacinas contra a PIF<\/h1>\n<p>Atualmente, a \u00fanica vacina contra a PIF dispon\u00edvel no mercado \u00e9 a Vanguard\u00ae Feline FIP Intranasal.<\/p>\n<h2>Vanguard\u00ae Feline FIP Intranasal<\/h2>\n<p>\u00e9 uma vacina intranasal sem adjuvante desenvolvida para ajudar a proteger os gatos com 16 semanas ou mais da peritonite infecciosa felina (PIF). A PIF \u00e9 causada pelo v\u00edrus da peritonite infecciosa felina (FIPV) e pode causar complica\u00e7\u00f5es graves, incluindo a morte.<\/p>\n<p>Esta vacina \u00e9 administrada por via intranasal com duas doses administradas com 3-4 semanas de intervalo para uma prote\u00e7\u00e3o \u00f3ptima contra a PIF. Estudos revelaram que os gatos que foram vacinados com a forma sens\u00edvel \u00e0 temperatura do v\u00edrus da febre catarral ovina tinham uma prote\u00e7\u00e3o mensur\u00e1vel contra a doen\u00e7a do que os que n\u00e3o foram vacinados.<\/p>\n<p>Al\u00e9m disso, a Vanguard\u00ae tamb\u00e9m oferece uma forma injet\u00e1vel desta vacina para a preven\u00e7\u00e3o tanto de gatos de ninhada como de gatos adultos a partir das 16 semanas de idade. A vacina\u00e7\u00e3o do seu gato contra a PIF proporciona-lhe uma prote\u00e7\u00e3o essencial contra um v\u00edrus potencialmente fatal. No entanto, \u00e9 apenas um componente da prote\u00e7\u00e3o da sa\u00fade do seu gato, pelo que devem ser tomadas outras precau\u00e7\u00f5es para salvaguardar o seu bem-estar, tais como a redu\u00e7\u00e3o dos n\u00edveis de stress, uma alimenta\u00e7\u00e3o adequada e precau\u00e7\u00f5es adicionais quando o gato for alojado em gatis ou abrigos onde possa entrar em contacto com outros animais portadores de doen\u00e7as transmiss\u00edveis.<\/p>\n<h1>Benef\u00edcios e riscos da vacina\u00e7\u00e3o contra a PIF<\/h1>\n<p>Vacinar o seu gato contra a PIF pode ser uma forma eficaz de o proteger contra este v\u00edrus perigoso, mas \u00e9 importante compreender os potenciais benef\u00edcios e riscos associados \u00e0 vacina.<\/p>\n<h2>Benef\u00edcios da vacina\u00e7\u00e3o contra a PIF<\/h2>\n<ul>\n<li>Prote\u00e7\u00e3o contra as doen\u00e7as causadas pelos coronav\u00edrus felinos, como as infec\u00e7\u00f5es por PIF e FCoV.<\/li>\n<li>Redu\u00e7\u00e3o do risco de transmiss\u00e3o de doen\u00e7as de gato para gato.<\/li>\n<li>Melhoria da qualidade de vida dos gatos afectados por infec\u00e7\u00f5es por PIF e FCoV atrav\u00e9s da preven\u00e7\u00e3o.<\/li>\n<li>Aumenta a longevidade gra\u00e7as \u00e0 redu\u00e7\u00e3o da gravidade ou mesmo \u00e0 potencial cura dos casos de PIF quando vacinados.<\/li>\n<\/ul>\n<h2>Riscos da vacina\u00e7\u00e3o contra a PIF (refor\u00e7o dependente de anticorpos)<\/h2>\n<p>A vacina\u00e7\u00e3o contra a PIF pode acarretar riscos associados ao refor\u00e7o dependente de anticorpos (ADE), um processo pelo qual os complexos v\u00edrus-anticorpos aumentam a infe\u00e7\u00e3o. Foi demonstrado que o pr\u00f3prio v\u00edrus da febre catarral ovina (FIPV) apresenta um efeito ADE na presen\u00e7a de anticorpos anti-FIPV, o que suscitou preocupa\u00e7\u00f5es durante o desenvolvimento de vacinas relacionadas.<\/p>\n<ol>\n<li>Reac\u00e7\u00f5es viscerotr\u00f3picas anormais que conduziram \u00e0 morte<\/li>\n<li>Infec\u00e7\u00f5es persistentes que n\u00e3o foram eficazmente eliminadas ap\u00f3s a revacina\u00e7\u00e3o<\/li>\n<li>Aumento da taxa de mortalidade p\u00f3s-vacina em compara\u00e7\u00e3o com a taxa pr\u00e9-vacina<\/li>\n<li>Altera\u00e7\u00f5es na distribui\u00e7\u00e3o dos agentes patog\u00e9nicos quando se comparam animais n\u00e3o infectados e vacinados<\/li>\n<\/ol>\n<h1>Outras formas de proteger o seu gato da PIF<\/h1>\n<p>H\u00e1 medidas simples que pode tomar todos os dias para manter o seu gato seguro e saud\u00e1vel, incluindo a redu\u00e7\u00e3o dos n\u00edveis de stress, a manuten\u00e7\u00e3o de uma alimenta\u00e7\u00e3o adequada e a tomada de precau\u00e7\u00f5es adicionais durante o embarque.<\/p>\n<p>A American Association of Feline Practitioners n\u00e3o aconselha a vacina contra a PIF, apesar da sua exist\u00eancia. Quando tiverem idade suficiente (16 semanas de idade) para receber a vacina, a maioria dos gatos j\u00e1 ter\u00e1 sido exposta ao coronav\u00edrus felino, o que torna a vacina menos eficaz.<\/p>\n<p>Seguem-se alguns exemplos de t\u00e1cticas de preven\u00e7\u00e3o para reduzir o risco de exposi\u00e7\u00e3o ao coronav\u00edrus felino, mas n\u00e3o se esque\u00e7a de que estas t\u00e1cticas n\u00e3o impedem a PIF.<\/p>\n<ul>\n<li>Mantenha as tigelas de \u00e1gua e de comida bem afastadas da caixa de areia.<\/li>\n<li>Utilize caixas de areia \u00fanicas para cada gato e uma caixa adicional.<\/li>\n<li>Utilize lix\u00edvia dilu\u00edda para limpar os espa\u00e7os de vida e as tigelas de comida e \u00e1gua (1 parte de lix\u00edvia para 32 partes de \u00e1gua).<\/li>\n<li>Para diminuir a tens\u00e3o, ofere\u00e7a um enriquecimento ambiental (como brinquedos com puzzles e poleiros para gatos).<\/li>\n<li>Se tiver muitos gatos, n\u00e3o deixe mais de tr\u00eas gatos em cada divis\u00e3o para evitar a sobrelota\u00e7\u00e3o<\/li>\n<\/ul>\n<p>Os gatos com PIF sofrem de uma doen\u00e7a rara, complicada e gravemente letal. Leve o seu gato ao veterin\u00e1rio o mais rapidamente poss\u00edvel se ele come\u00e7ar a apresentar sintomas da doen\u00e7a.<\/p>\n<p>Quando os gatinhos s\u00e3o afastados das fontes de infe\u00e7\u00e3o, os seus anticorpos produzidos pela m\u00e3e protegem-nos contra a infe\u00e7\u00e3o at\u00e9 ao desmame, que ocorre normalmente por volta das 5-7 semanas de idade. O FCoV \u00e9 um v\u00edrus muito contagioso, pelo que essa prote\u00e7\u00e3o exige uma limpeza rigorosa.<\/p>\n<h2>Reduzir o stress<\/h2>\n<p>Reduzir o stress nos gatos \u00e9 uma das formas mais eficazes de os proteger do desenvolvimento de Peritonite Infecciosa Felina (PIF). O stress pode enfraquecer o seu sistema imunit\u00e1rio e aumentar o risco de contrair doen\u00e7as como a PIF.<\/p>\n<p>Viver num ambiente lotado ou ca\u00f3tico, mudan\u00e7as extremas na rotina, estar perto de pessoas ou animais desconhecidos, dor f\u00edsica e desconforto s\u00e3o fontes comuns de stress felino.<\/p>\n<p>Os gatos que vivem em casas com v\u00e1rios gatos ou em abrigos s\u00e3o mais propensos a ter n\u00edveis mais elevados de stress devido \u00e0 sobrelota\u00e7\u00e3o. Por conseguinte, \u00e9 importante que os donos proporcionem um ambiente de vida enriquecido com muitos esconderijos e tempo de paz e sossego longe das crian\u00e7as e de outros animais de estima\u00e7\u00e3o.<\/p>\n<p>Al\u00e9m disso, envolver o seu gato em brincadeiras interactivas utilizando brinquedos como bolas ou brinquedos com varinhas ajuda a mant\u00ea-lo ativo sem causar tens\u00e3o desnecess\u00e1ria no seu corpo ou mente. A instala\u00e7\u00e3o de difusores de feromonas em casa tamb\u00e9m pode ajudar a criar uma atmosfera calmante especificamente concebida para reduzir a ansiedade dos gatos, recordando-lhes que est\u00e3o seguros em casa.<\/p>\n<h2>Fornecer uma alimenta\u00e7\u00e3o correcta<\/h2>\n<p>A chave para manter o seu gato saud\u00e1vel e reduzir o risco de PIF \u00e9 proporcionar-lhe uma dieta equilibrada e rica em nutrientes. A alimenta\u00e7\u00e3o dos gatos deve incluir \u00e1cidos gordos essenciais, prote\u00ednas, fibras, \u00e1gua e vitaminas, entre outros minerais e micronutrientes.<\/p>\n<p>Alguns destes nutrientes vitais podem ser obtidos atrav\u00e9s de alimentos como legumes como br\u00f3colos ou cenouras, que cont\u00eam vitamina A para a sa\u00fade dos olhos, ou lentilhas e \u00f3leo de peixe que cont\u00e9m \u00f3mega 3, que ajudam a apoiar o sistema imunit\u00e1rio, evitando alimentos processados para gatos cheios de aditivos.<\/p>\n<p>O consumo de produtos biol\u00f3gicos, sempre que poss\u00edvel, contribuir\u00e1 muito para fornecer todas as necessidades diet\u00e9ticas di\u00e1rias necess\u00e1rias, bem como para evitar a adi\u00e7\u00e3o de quaisquer compostos t\u00f3xicos que possam afetar o bem-estar geral do felino.<\/p>\n<p>Podem tamb\u00e9m ser necess\u00e1rios outros suplementos se os gatos n\u00e3o satisfizerem as suas necessidades nutricionais di\u00e1rias apenas com refei\u00e7\u00f5es regulares. Por exemplo, se os gatos s\u00e3o propensos a baixos n\u00edveis de energia, pode ser necess\u00e1rio um suplemento de ferro para evitar a fadiga, dando-lhes mais energia para se manterem activos ao longo do dia.<\/p>\n<p>&nbsp;<\/p>\n<h2>Precau\u00e7\u00f5es a ter no embarque<\/h2>\n<p>Uma higiene adequada e evitar a sobrelota\u00e7\u00e3o s\u00e3o estrat\u00e9gias-chave para ajudar a minimizar a transmiss\u00e3o da PIF em situa\u00e7\u00f5es de internamento. Para proteger o seu gato, certifique-se de que o centro de acolhimento est\u00e1 limpo e bem conservado.<\/p>\n<p>A higieniza\u00e7\u00e3o deve ser uma parte regular do seu protocolo de limpeza, incluindo a desinfe\u00e7\u00e3o regular de todas as superf\u00edcies e o cumprimento rigoroso dos protocolos de lavagem das m\u00e3os pelos empregados. Al\u00e9m disso, \u00e9 importante evitar a sobrelota\u00e7\u00e3o; os gatos devem ser alojados individualmente ou em pequenos grupos durante a sua estadia para reduzir as hip\u00f3teses de transmiss\u00e3o do v\u00edrus de um animal para outro.<\/p>\n<p>Ao considerar uma instala\u00e7\u00e3o de internamento, pergunte como estas precau\u00e7\u00f5es s\u00e3o geridas no local &#8211; pode fazer a diferen\u00e7a entre manter o seu animal de estima\u00e7\u00e3o saud\u00e1vel e seguro ou exp\u00f4-lo a uma doen\u00e7a altamente contagiosa.<\/p>\n<h2><strong>Precau\u00e7\u00e3o extra para agregados familiares com v\u00e1rios gatos<\/strong><\/h2>\n<p>Uma vez que os gatos com PIF prov\u00eam frequentemente de fam\u00edlias com v\u00e1rios gatos (mais de 5 gatos), de abrigos para animais ou de gatis de cria\u00e7\u00e3o, o stress pode ser um fator contribuinte.<\/p>\n<p>Separe os gatos positivos para a PIF dos outros gatos e lave as m\u00e3os com frequ\u00eancia, especialmente depois de varrer ou limpar a caixa de areia do gato doente. Os veterin\u00e1rios aconselham os donos a esperar cerca de um m\u00eas ap\u00f3s a morte de um gato com PIF positivo antes de trazer um novo gato para casa, para diminuir o risco de exposi\u00e7\u00e3o ao FCoV.<\/p>\n<p>Os veterin\u00e1rios aconselham esperar pelo menos tr\u00eas meses ap\u00f3s a morte de um gato positivo para PIF num agregado familiar com v\u00e1rios gatos para ver se outros gatos da casa apresentam sintomas de PIF. Estes gatos foram expostos ao FCoV e podem ser portadores do v\u00edrus, o que os torna um risco para quaisquer novos gatos que entrem em casa.<\/p>\n<p>O FCoV pode ser eliminado atrav\u00e9s da limpeza com lix\u00edvia dilu\u00edda (1 parte de lix\u00edvia para 32 partes de \u00e1gua). Mantenha sempre uma caixa de areia extra em casa para cada gato. Se tiver tr\u00eas gatos, por exemplo, precisa de ter pelo menos quatro caixas de areia dispon\u00edveis.<\/p>\n<p>Foi demonstrado que a melhoria do habitat do seu gato pode reduzir o stress. Catios, \u00e1rvores e poleiros para gatos de interior, poleiros de janela, a utiliza\u00e7\u00e3o de uma feromona como Feliway, bebedouros, brinquedos para gatos, puzzles de comida e muito mais est\u00e3o inclu\u00eddos.<\/p>\n<h2><\/h2>\n<h2>Conclus\u00e3o<\/h2>\n<p>Nem todos os gatos expostos ao coronav\u00edrus da PIF contraem a doen\u00e7a. De acordo com as estimativas, 8 a 20% dos gatos expostos ao v\u00edrus e em col\u00f3nias de gatos onde se sabe da exist\u00eancia desta doen\u00e7a manifestariam sintomas cl\u00ednicos de PIF. Os restantes gatos podem desenvolver uma imunidade \u00e0 doen\u00e7a ou podem simplesmente n\u00e3o reagir a ela. N\u00e3o se sabe porque \u00e9 que apenas uma pequena percentagem de gatos expostos ao v\u00edrus acaba por contrair a doen\u00e7a.<\/p>\n<p>\u00c9 sabido que a principal defesa do organismo do gato contra a PIF \u00e9 a resposta imunit\u00e1ria mediada por c\u00e9lulas. Os gatos com fraca imunidade mediada por c\u00e9lulas podem ser mais propensos a esta doen\u00e7a. O mecanismo de defesa humoral (anticorpos) parece ter um papel em algumas mortes de felinos, amplificando efetivamente os danos causados pelo v\u00edrus da PIF.<\/p>\n<p>A \u00fanica vacina dispon\u00edvel contra a PIF foi considerada menos de 100% eficaz e geralmente n\u00e3o \u00e9 recomendada para gatos como medida preventiva. Assim, a preven\u00e7\u00e3o da PIF deve envolver a minimiza\u00e7\u00e3o do stress e pr\u00e1ticas de higiene adequadas, tanto em casa como durante o alojamento\/viagem com gatos.<\/p>\n<p>Embora os avan\u00e7os m\u00e9dicos tenham criado novas op\u00e7\u00f5es que oferecem esperan\u00e7a no combate \u00e0 PIF, os donos respons\u00e1veis de animais de estima\u00e7\u00e3o devem manter-se vigilantes para limitar a exposi\u00e7\u00e3o dos seus animais aos riscos associados a este v\u00edrus.<\/p>\n<p>&nbsp;<\/p>\n","protected":false},"excerpt":{"rendered":"<p>A peritonite infecciosa felina (PIF) \u00e9 um v\u00edrus incur\u00e1vel e frequentemente fatal que afecta menos de um por cento dos gatos. Atualmente, n\u00e3o existe um tratamento eficaz para a doen\u00e7a, pelo que a sua preven\u00e7\u00e3o antes do aparecimento dos sintomas \u00e9 fundamental. Atualmente, n\u00e3o se conhece nenhuma vacina contra a PIF que funcione de forma [&hellip;]<\/p>\n","protected":false},"author":11,"featured_media":2284,"parent":0,"menu_order":0,"comment_status":"closed","ping_status":"closed","template":"","meta":{"_glsr_average":0,"_glsr_ranking":0,"_glsr_reviews":0,"footnotes":""},"categories":[639],"tags":[489,449,450,490],"_links":{"self":[{"href":"https:\/\/fipmed.co\/pt-br\/wp-json\/wp\/v2\/pages\/15493"}],"collection":[{"href":"https:\/\/fipmed.co\/pt-br\/wp-json\/wp\/v2\/pages"}],"about":[{"href":"https:\/\/fipmed.co\/pt-br\/wp-json\/wp\/v2\/types\/page"}],"author":[{"embeddable":true,"href":"https:\/\/fipmed.co\/pt-br\/wp-json\/wp\/v2\/users\/11"}],"replies":[{"embeddable":true,"href":"https:\/\/fipmed.co\/pt-br\/wp-json\/wp\/v2\/comments?post=15493"}],"version-history":[{"count":0,"href":"https:\/\/fipmed.co\/pt-br\/wp-json\/wp\/v2\/pages\/15493\/revisions"}],"wp:featuredmedia":[{"embeddable":true,"href":"https:\/\/fipmed.co\/pt-br\/wp-json\/wp\/v2\/media\/2284"}],"wp:attachment":[{"href":"https:\/\/fipmed.co\/pt-br\/wp-json\/wp\/v2\/media?parent=15493"}],"wp:term":[{"taxonomy":"category","embeddable":true,"href":"https:\/\/fipmed.co\/pt-br\/wp-json\/wp\/v2\/categories?post=15493"},{"taxonomy":"post_tag","embeddable":true,"href":"https:\/\/fipmed.co\/pt-br\/wp-json\/wp\/v2\/tags?post=15493"}],"curies":[{"name":"wp","href":"https:\/\/api.w.org\/{rel}","templated":true}]}}