{"id":17092,"date":"2024-03-25T06:01:34","date_gmt":"2024-03-25T06:01:34","guid":{"rendered":"https:\/\/fipmed.co\/8-doencas-similares-a-fip-que-podem-ser-enganadas-como-feline-peritonite-infecciosa-fip\/"},"modified":"2024-03-25T06:01:34","modified_gmt":"2024-03-25T06:01:34","slug":"8-doencas-similares-a-fip-que-podem-ser-enganadas-como-feline-peritonite-infecciosa-fip","status":"publish","type":"page","link":"https:\/\/fipmed.co\/pt-br\/8-doencas-similares-a-fip-que-podem-ser-enganadas-como-feline-peritonite-infecciosa-fip\/","title":{"rendered":"8 Doen\u00e7as semelhantes \u00e0 PIF que podem ser confundidas com a Peritonite Infecciosa Felina (PIF)"},"content":{"rendered":"<p><strong>A PIF tem sintomas muito semelhantes aos de muitas doen\u00e7as<\/strong><\/p>\n<p>O diagn\u00f3stico da Peritonite Infecciosa Felina (PIF) pode ser muito dif\u00edcil, uma vez que muitos dos seus sintomas s\u00e3o partilhados com doen\u00e7as semelhantes \u00e0 PIF que podem ser confundidas com a Peritonite Infecciosa Felina. Isto inclui perda de peso, fraqueza, letargia, febre, anorexia e les\u00f5es oculares.<\/p>\n<p>Uma vez que estas doen\u00e7as s\u00e3o de natureza t\u00e3o semelhante, \u00e9 importante consultar um veterin\u00e1rio para obter o diagn\u00f3stico correto. Al\u00e9m disso, o Coronav\u00edrus Felino (FCoV), que tem sido associado \u00e0 PIF, \u00e9 geralmente encontrado em gatos, mesmo naqueles que s\u00e3o saud\u00e1veis.<\/p>\n<p>Outro desafio do diagn\u00f3stico s\u00e3o os efeitos sist\u00e9micos do v\u00edrus. Pode provocar inflama\u00e7\u00e3o em todo o corpo e afetar v\u00e1rios \u00f3rg\u00e3os. O v\u00edrus tem como alvo v\u00e1rias partes do sistema imunit\u00e1rio do gato, incluindo o tecido linf\u00e1tico, os vasos sangu\u00edneos e a linha de c\u00e9lulas em v\u00e1rios \u00f3rg\u00e3os. Isto leva a uma inflama\u00e7\u00e3o sist\u00e9mica que afecta numerosas \u00e1reas do corpo.<\/p>\n<p>Este envolvimento de v\u00e1rios \u00f3rg\u00e3os pode causar muitos sinais e sintomas, incluindo g\u00e2nglios linf\u00e1ticos ou abd\u00f3men aumentados, perda de apetite, redu\u00e7\u00e3o do n\u00edvel de atividade ou febre, tornando o diagn\u00f3stico preciso extremamente dif\u00edcil.<\/p>\n<p>Um diagn\u00f3stico incorreto pode levar a um tratamento incorreto, causando mais complica\u00e7\u00f5es de sa\u00fade. Nalguns casos, os gatos podem at\u00e9 n\u00e3o apresentar sinais cl\u00ednicos antes de entrarem em fases mais avan\u00e7adas da PIF, pelo que o exame f\u00edsico de rotina n\u00e3o ser\u00e1 suficiente para a identifica\u00e7\u00e3o durante as fases iniciais.<\/p>\n<p>&nbsp;<\/p>\n<p><strong>O v\u00edrus FCoV est\u00e1 presente em quase todos os gatos<\/strong><\/p>\n<p>O Coronav\u00edrus Felino (FCoV) \u00e9 um v\u00edrus comum encontrado em gatos de todo o mundo, embora possa ocorrer em taxas diferentes consoante o ambiente. Estima-se que at\u00e9 80% dos gatos tenham sido expostos ao FCoV e possam ser portadores do v\u00edrus sem apresentar quaisquer sinais ou sintomas cl\u00ednicos.<\/p>\n<p>No entanto, quando presente em grandes quantidades, pode causar infec\u00e7\u00f5es como a PIF. \u00c9 por esta raz\u00e3o que os especialistas concordam que a monitoriza\u00e7\u00e3o e o rastreio cuidadosos deste v\u00edrus s\u00e3o importantes para os propriet\u00e1rios de gatos com v\u00e1rios gatos &#8211; especialmente os que se encontram em gatis ou abrigos onde a taxa de transmiss\u00e3o da doen\u00e7a pode rapidamente tornar-se elevada.<\/p>\n<p>Al\u00e9m disso, \u00e9 de salientar que os gatos selvagens tamb\u00e9m s\u00e3o portadores de FCoV, o que sugere a sua propaga\u00e7\u00e3o global, quer por contacto direto entre esp\u00e9cies, quer por cont\u00e1gio ambiental a partir de fezes ou de part\u00edculas de poeira infectadas, seguidas por aves e pequenos mam\u00edferos que habitam territ\u00f3rios semelhantes.<\/p>\n<p>&nbsp;<\/p>\n<p><strong>As co-morbilidades da PIF tamb\u00e9m s\u00e3o muito comuns<\/strong><\/p>\n<p>As co-morbilidades comuns da PIF incluem a toxoplasmose, a FELV, a FIV, a FPV, a doen\u00e7a inflamat\u00f3ria intestinal, o cancro, a infe\u00e7\u00e3o por micoplasma hemotr\u00f3fico felino, o linfoma, os problemas card\u00edacos e a inflama\u00e7\u00e3o do f\u00edgado.<\/p>\n<p>Como as co-morbilidades da PIF podem ocorrer com outras doen\u00e7as infecciosas, isto complica ainda mais a tarefa de isolar uma conclus\u00e3o diagn\u00f3stica exacta.<\/p>\n<p>Eis as doen\u00e7as que apresentam sintomas semelhantes aos da PIF e que s\u00e3o frequentemente confundidas com a PIF.<\/p>\n<h3><\/h3>\n<h3>Toxoplasmose<\/h3>\n<p>A toxoplasmose \u00e9 causada pelo parasita Toxoplasma gondii, que pode infetar tanto os seres humanos como os gatos. Este v\u00edrus \u00e9 t\u00e3o comum como o FCoV nos gatos. Esta doen\u00e7a pode causar sintomas gerais, como febre, perda de apetite e letargia, que tamb\u00e9m aparecem na PIF. Os gatos podem tamb\u00e9m apresentar manifesta\u00e7\u00f5es neurol\u00f3gicas semelhantes \u00e0s da PIF.<\/p>\n<p>A toxoplasmose \u00e9 muitas vezes incorretamente diagnosticada como PIF devido \u00e0 semelhan\u00e7a dos sintomas. A reativa\u00e7\u00e3o latente do toxoplasma em gatos pode complicar ainda mais o diagn\u00f3stico.<\/p>\n<h3><\/h3>\n<h3>FELV<\/h3>\n<p>O v\u00edrus da leucemia felina \u00e9 um retrov\u00edrus que pode levar \u00e0 imunossupress\u00e3o nos gatos, enquanto a PIF \u00e9 uma doen\u00e7a imunomediada causada por uma forma mutante do coronav\u00edrus felino. O FeLV pode predispor os gatos a muitas outras doen\u00e7as, incluindo a PIF.<\/p>\n<p>Em ambas as doen\u00e7as, os v\u00edrus s\u00e3o libertados na saliva, nas secre\u00e7\u00f5es nasais, na urina, nas fezes e no leite dos gatos infectados. A transfer\u00eancia do v\u00edrus de gato para gato pode ocorrer a partir de uma ferida de mordedura, durante a higiene m\u00fatua e atrav\u00e9s da utiliza\u00e7\u00e3o partilhada de caixas de areia e pratos de alimenta\u00e7\u00e3o.<\/p>\n<p>Os gatos com FeLV podem ter uma vida normal durante longos per\u00edodos de tempo. O tempo m\u00e9dio de sobreviv\u00eancia dos gatos ap\u00f3s o diagn\u00f3stico de FeLV \u00e9 de 2,5 anos, enquanto a PIF progride muito mais rapidamente sem tratamento.<\/p>\n<h3><\/h3>\n<h3>FIV<\/h3>\n<p>A FIV \u00e9 causada pelo v\u00edrus da imunodefici\u00eancia felina, que afecta o sistema imunit\u00e1rio do gato. \u00c9 semelhante ao VIH humano em muitos aspectos.<\/p>\n<p>O FIV torna-os mais suscept\u00edveis a outras infec\u00e7\u00f5es e \u00e9 transmitido principalmente atrav\u00e9s de mordeduras e do contacto pr\u00f3ximo com gatos infectados. Ambas as doen\u00e7as afectam o gato de forma sist\u00e9mica. A FIV compromete o sistema imunit\u00e1rio dos gatos, enquanto a PIF ataca o organismo atrav\u00e9s da inflama\u00e7\u00e3o.<\/p>\n<p>Ambas as doen\u00e7as s\u00e3o tamb\u00e9m contagiosas. Embora a FIV n\u00e3o seja cur\u00e1vel, a PIF pode ser curada com GS441524.<\/p>\n<h3><\/h3>\n<h3>FPV<\/h3>\n<p>O v\u00edrus da panleucopenia felina (FPV) e a peritonite infecciosa felina (FIP) s\u00e3o ambas doen\u00e7as virais que podem afetar os gatos. Como tal, as suas apresenta\u00e7\u00f5es cl\u00ednicas tamb\u00e9m podem ser semelhantes.<\/p>\n<p>Os sintomas associados a uma infe\u00e7\u00e3o por FPV podem incluir febre, letargia, v\u00f3mitos ou diarreia, tal como acontece com a PIF. No entanto, o modo de transmiss\u00e3o de cada v\u00edrus \u00e9 diferente.<\/p>\n<p>O FPV s\u00f3 pode ser transmitido atrav\u00e9s do contacto com fezes contaminadas, enquanto as infec\u00e7\u00f5es relacionadas com a PIF parecem exigir o contacto direto entre gatos ou a transfer\u00eancia indireta atrav\u00e9s da cama ou dos pratos de comida.<\/p>\n<h3><\/h3>\n<h3>Doen\u00e7a inflamat\u00f3ria intestinal<\/h3>\n<p>A Doen\u00e7a Inflamat\u00f3ria Intestinal (DII) e a PIF s\u00e3o ambas doen\u00e7as graves dos felinos que podem ter sintomas semelhantes, mas diferem em termos de causa, diagn\u00f3stico e tratamento.<\/p>\n<p>A DII \u00e9 uma doen\u00e7a cr\u00f3nica com inflama\u00e7\u00e3o do trato digestivo causada por um processo imunomediado. Provoca m\u00e1 absor\u00e7\u00e3o, v\u00f3mitos, diarreia e perda de peso devido a danos ou irrita\u00e7\u00e3o do revestimento do intestino delgado.<\/p>\n<p>Por outro lado, a PIF \u00e9 causada pela infe\u00e7\u00e3o por determinadas estirpes do coronav\u00edrus felino, como o FeCV. A PIF tamb\u00e9m causa problemas digestivos ao longo da \u00e1rea intestinal, produzindo assim sintomas semelhantes aos da DII.<\/p>\n<h3><\/h3>\n<h3>Cancro<\/h3>\n<p>O cancro nos gatos \u00e9 causado pelo crescimento descontrolado de c\u00e9lulas anormais, ao contr\u00e1rio da PIF, que \u00e9 causada por uma muta\u00e7\u00e3o do coronav\u00edrus felino. Os sintomas do cancro podem variar de um tipo para outro e podem causar caro\u00e7os, les\u00f5es ou descargas vis\u00edveis; enquanto a PIF afecta v\u00e1rias partes devido \u00e0 inflama\u00e7\u00e3o em todo o corpo, causando anorexia, febre, problemas respirat\u00f3rios e acumula\u00e7\u00e3o de fluidos em alguns casos.<\/p>\n<h3><\/h3>\n<h3>Micoplasmose hemotr\u00f3fica felina<\/h3>\n<p>A micoplasmose hemotr\u00f3fica felina (FHM) e a PIF s\u00e3o duas doen\u00e7as que afectam os gatos em condi\u00e7\u00f5es semelhantes. Ambas podem causar inflama\u00e7\u00e3o no organismo, provocando fraqueza, perda de peso, febre, iter\u00edcia, desidrata\u00e7\u00e3o e mal-estar geral.<\/p>\n<p>No entanto, a PIF \u00e9 causada por uma infe\u00e7\u00e3o com um coronav\u00edrus felino conhecido como FCoV, enquanto a FHM resulta de uma bact\u00e9ria infecciosa conhecida como micoplasma que reside naturalmente na garganta de muitos gatos.<\/p>\n<h3><\/h3>\n<h3>Linfoma<\/h3>\n<p>O linfoma e a PIF s\u00e3o duas doen\u00e7as comuns nos gatos, que podem parecer muito semelhantes em termos de sintomas, sendo que ambas causam inflama\u00e7\u00e3o de v\u00e1rias partes do corpo.<\/p>\n<p>O linfoma \u00e9 um tipo de cancro proveniente do sistema linf\u00e1tico causado por uma muta\u00e7\u00e3o maligna, enquanto a PIF \u00e9 uma doen\u00e7a imunol\u00f3gica associada ao v\u00edrus Corona que provoca uma fuga da membrana peritoneal.<\/p>\n<p>Os tratamentos variam muito, consoante se trate de linfoma ou de PIF.<\/p>\n<h3><\/h3>\n<h3>Problemas card\u00edacos<\/h3>\n<p>No que diz respeito aos gatos, a sa\u00fade do cora\u00e7\u00e3o n\u00e3o deve ser ignorada, uma vez que estes animais podem sofrer de v\u00e1rios problemas cardiovasculares. Uma vez que a PIF provoca normalmente uma inflama\u00e7\u00e3o sist\u00e9mica no organismo, pode afetar o cora\u00e7\u00e3o indiretamente, tal como acontece com outras doen\u00e7as card\u00edacas, como a cardiomiopatia hipertr\u00f3fica ou a insufici\u00eancia card\u00edaca congestiva.<\/p>\n<p>\u00c9 importante reconhecer que, apesar de ambas as doen\u00e7as partilharem alguns sintomas comuns &#8211; incluindo perda de apetite, perda de peso e febre &#8211; o seu funcionamento \u00e9 suficientemente diferente para exigir testes de diagn\u00f3stico diferentes, de forma a assegurar um diagn\u00f3stico definitivo de qualquer uma delas.<\/p>\n<p>Podem tamb\u00e9m ser necess\u00e1rios v\u00e1rios exames adicionais quando se trata de um potencial problema card\u00edaco, incluindo radiografias e electrocardiogramas.<\/p>\n<h3><\/h3>\n<h3>Inflama\u00e7\u00e3o do f\u00edgado<\/h3>\n<p>A inflama\u00e7\u00e3o do f\u00edgado \u00e9 o mecanismo de defesa natural do organismo contra doen\u00e7as e v\u00edrus que podem levar a complica\u00e7\u00f5es a longo prazo.<\/p>\n<p>\u00c9 importante que os donos de gatos estejam atentos \u00e0 inflama\u00e7\u00e3o do f\u00edgado e \u00e0 PIF, uma vez que apresentam frequentemente sintomas semelhantes, incluindo falta de apetite, letargia, iter\u00edcia e diminui\u00e7\u00e3o dos n\u00edveis de energia.<\/p>\n<p>A PIF tamb\u00e9m provoca a inflama\u00e7\u00e3o do f\u00edgado, bem como problemas hep\u00e1ticos. \u00c9 demasiado f\u00e1cil pensar que se trata apenas de um problema de f\u00edgado, quando n\u00e3o \u00e9 o caso.<\/p>\n<h3><\/h3>\n<h3>Peritonite bacteriana<\/h3>\n<p>Tal como a PIF, a Peritonite Bacteriana \u00e9 uma doen\u00e7a grave e potencialmente fatal nos gatos. \u00c9 uma inflama\u00e7\u00e3o do revestimento do abd\u00f3men causada por bact\u00e9rias, com sintomas que podem ser muito semelhantes aos da PIF, dependendo do grau de avan\u00e7o da doen\u00e7a.<\/p>\n<p>A peritonite bacteriana \u00e9 mais frequentemente causada por bact\u00e9rias intestinais, como a E. coli ou a salmonela, que entram nos intestinos ou na corrente sangu\u00ednea devido a cancro, doen\u00e7a hep\u00e1tica, danos nas camadas protectoras do corpo, como os provocados por traumatismos (por exemplo, acidentes de via\u00e7\u00e3o), parasitas, problemas alimentares como alergias ou intoler\u00e2ncias alimentares e outras infec\u00e7\u00f5es por v\u00edrus (incluindo o v\u00edrus da imunodefici\u00eancia felina) que podem ter enfraquecido previamente o sistema imunit\u00e1rio dos gatos.<\/p>\n<h3><\/h3>\n<h3>Pleurite bacteriana<\/h3>\n<p>A pleurite bacteriana \u00e9 uma infe\u00e7\u00e3o da pleura, que \u00e9 uma fina camada de tecido que forma um saco \u00e0 volta de cada pulm\u00e3o. Pode produzir sintomas semelhantes aos da PIF. Ambas as doen\u00e7as causam tosse, dificuldade em respirar ou mesmo colapso quando n\u00e3o s\u00e3o tratadas.<\/p>\n<p>No entanto, enquanto a PIF conduz geralmente \u00e0 inflama\u00e7\u00e3o de v\u00e1rios \u00f3rg\u00e3os em simult\u00e2neo, a pleurite bacteriana visa especificamente o trato respirat\u00f3rio inferior e pode ser altamente localizada em geral, embora exija um tratamento imediato devido \u00e0 sua natureza agressiva.<\/p>\n<p>O diagn\u00f3stico desta infe\u00e7\u00e3o implica normalmente a recolha de uma amostra de l\u00edquido do local onde os pulm\u00f5es se encontram com as cavidades corporais ou o exame de amostras de tecido recolhidas durante uma cirurgia.<\/p>\n<p>O tratamento da pleurite bacteriana consiste frequentemente em antibi\u00f3ticos administrados por via intravenosa, se poss\u00edvel, bem como em oxigenoterapia suplementar e outros tratamentos de apoio, dependendo da gravidade do doente.<\/p>\n<h3><\/h3>\n<h3>Criptococose<\/h3>\n<p>A criptococose, ou doen\u00e7a criptoc\u00f3cica, \u00e9 uma infe\u00e7\u00e3o f\u00fangica causada pela esp\u00e9cie de fungo Cryptococcus neoformans, que pode ser encontrada no solo e nos excrementos das aves. Os sintomas de ambas as doen\u00e7as s\u00e3o bastante semelhantes, incluindo perda de peso, febre, anorexia e letargia.<\/p>\n<p>Sinais de problemas neurol\u00f3gicos, como inclina\u00e7\u00e3o da cabe\u00e7a e ataxia, tamb\u00e9m podem aparecer com a Criptococose.<\/p>\n","protected":false},"excerpt":{"rendered":"<p>A PIF tem sintomas muito semelhantes aos de muitas doen\u00e7as O diagn\u00f3stico da Peritonite Infecciosa Felina (PIF) pode ser muito dif\u00edcil, uma vez que muitos dos seus sintomas s\u00e3o partilhados com doen\u00e7as semelhantes \u00e0 PIF que podem ser confundidas com a Peritonite Infecciosa Felina. Isto inclui perda de peso, fraqueza, letargia, febre, anorexia e les\u00f5es [&hellip;]<\/p>\n","protected":false},"author":1,"featured_media":16812,"parent":0,"menu_order":0,"comment_status":"closed","ping_status":"closed","template":"","meta":{"_glsr_average":0,"_glsr_ranking":0,"_glsr_reviews":0,"footnotes":""},"categories":[682],"tags":[],"_links":{"self":[{"href":"https:\/\/fipmed.co\/pt-br\/wp-json\/wp\/v2\/pages\/17092"}],"collection":[{"href":"https:\/\/fipmed.co\/pt-br\/wp-json\/wp\/v2\/pages"}],"about":[{"href":"https:\/\/fipmed.co\/pt-br\/wp-json\/wp\/v2\/types\/page"}],"author":[{"embeddable":true,"href":"https:\/\/fipmed.co\/pt-br\/wp-json\/wp\/v2\/users\/1"}],"replies":[{"embeddable":true,"href":"https:\/\/fipmed.co\/pt-br\/wp-json\/wp\/v2\/comments?post=17092"}],"version-history":[{"count":0,"href":"https:\/\/fipmed.co\/pt-br\/wp-json\/wp\/v2\/pages\/17092\/revisions"}],"wp:featuredmedia":[{"embeddable":true,"href":"https:\/\/fipmed.co\/pt-br\/wp-json\/wp\/v2\/media\/16812"}],"wp:attachment":[{"href":"https:\/\/fipmed.co\/pt-br\/wp-json\/wp\/v2\/media?parent=17092"}],"wp:term":[{"taxonomy":"category","embeddable":true,"href":"https:\/\/fipmed.co\/pt-br\/wp-json\/wp\/v2\/categories?post=17092"},{"taxonomy":"post_tag","embeddable":true,"href":"https:\/\/fipmed.co\/pt-br\/wp-json\/wp\/v2\/tags?post=17092"}],"curies":[{"name":"wp","href":"https:\/\/api.w.org\/{rel}","templated":true}]}}