{"id":17115,"date":"2024-03-25T07:19:57","date_gmt":"2024-03-25T07:19:57","guid":{"rendered":"https:\/\/fipmed.co\/fip-em-gatos-sintomas-baseados-em-tipos-de-fip\/"},"modified":"2024-03-25T07:19:57","modified_gmt":"2024-03-25T07:19:57","slug":"fip-em-gatos-sintomas-baseados-em-tipos-de-fip","status":"publish","type":"page","link":"https:\/\/fipmed.co\/pt-br\/fip-em-gatos-sintomas-baseados-em-tipos-de-fip\/","title":{"rendered":"PIF em gatos Sintomas com base nos tipos de PIF"},"content":{"rendered":"<p>\u00c9 sensato quando olhamos para os sintomas da PIF em gatos com base nos tipos de PIF. S\u00e3o inclu\u00eddos para um diagn\u00f3stico mais exato. Conhecer o tipo de PIF pode ajud\u00e1-lo a prever a gravidade, bem como todas as diferentes formas de PIF que podem ocorrer, para que n\u00e3o lhe escape nenhum sintoma.<\/p>\n<p>&nbsp;<\/p>\n<h1><strong>Sinais cl\u00ednicos de PIF seca n\u00e3o-efusiva<\/strong><\/h1>\n<p>Os sintomas t\u00edpicos desta forma de PIF incluem letargia, febre, anorexia, perda de peso e iter\u00edcia.<\/p>\n<p>&nbsp;<\/p>\n<h2><strong>Letargia<\/strong><strong> <\/strong><\/h2>\n<p>A letargia \u00e9 frequentemente referida como um dos sinais cl\u00ednicos associados \u00e0 Peritonite Infecciosa Felina. Pode aparecer nos gatos de forma n\u00e3o efusiva, efusiva ou ocular e pode ser um sinal de que algo mais grave est\u00e1 a ocorrer.<\/p>\n<p>Muitos gatos apresentam este sintoma de apatia antes de surgirem quaisquer outros sintomas, o que indica por que raz\u00e3o \u00e9 importante observar a letargia o mais rapidamente poss\u00edvel, antes que se desenvolvam outras fases avan\u00e7adas.<\/p>\n<p>Um sintoma que ocorre na maioria dos casos \u00e9 o cansa\u00e7o excessivo ou a apatia, que pode implicar a perman\u00eancia im\u00f3vel durante longos per\u00edodos ou um comportamento de sono prolongado fora dos h\u00e1bitos habituais.<\/p>\n<p>Esta falta de energia nas actividades do gato pode eventualmente levar \u00e0 perda de peso, apesar de ter um apetite aumentado devido ao seu estado enfraquecido &#8211; isto limitar\u00e1 ainda mais os seus n\u00edveis de atividade, levando a uma maior fadiga ao longo do tempo.<\/p>\n<p>Outro indicador comum de PIF seriam as altera\u00e7\u00f5es comportamentais, como tornar-se antissocial, evitando completamente as pessoas (mesmo que tenham sido anteriormente amig\u00e1veis).<\/p>\n<p>&nbsp;<\/p>\n<h2><strong>Febre<\/strong><\/h2>\n<p>A febre \u00e9 um sinal cl\u00ednico comum associado \u00e0 PIF, mas n\u00e3o \u00e9 espec\u00edfica e pode estar presente em gatos que sofrem de v\u00e1rias doen\u00e7as. \u00c9 importante lembrar que a febre pode ser o \u00fanico sinal cl\u00ednico exibido por gatos com PIF seca n\u00e3o efusiva, tornando-a um sintoma importante a ser considerado pelos veterin\u00e1rios ao avaliarem os gatos para esta doen\u00e7a.<\/p>\n<p>Quando um gato desenvolve uma febre causada pela PIF, a doen\u00e7a progride rapidamente e \u00e9 quase sempre fatal. O diagn\u00f3stico da PIF tamb\u00e9m pode ser dif\u00edcil devido aos seus sintomas vagos, uma vez que muitas outras doen\u00e7as t\u00eam manifesta\u00e7\u00f5es semelhantes, incluindo infec\u00e7\u00f5es respirat\u00f3rias e doen\u00e7as inflamat\u00f3rias.<\/p>\n<p>&nbsp;<\/p>\n<h2><strong>Anorexia<\/strong><\/h2>\n<p>A anorexia \u00e9 normalmente reconhecida como um dos sinais inespec\u00edficos e n\u00e3o localizados da PIF observados nos gatos. A anorexia refere-se a uma falta ou perda de apetite que pode resultar de uma diminui\u00e7\u00e3o da vontade de comer devido a dor, doen\u00e7a ou les\u00e3o.<\/p>\n<p>Os gatos com PIF sofrem de falta de apetite e desenvolvem anemia devido \u00e0s defici\u00eancias de nutrientes resultantes que afectam a sua sa\u00fade geral e impedem o seu funcionamento normal. Sintomas como apatia, letargia, perda de peso e febre s\u00e3o frequentemente acompanhados de anorexia nos gatos afectados por v\u00edrus potencialmente mortais como a PIF.<\/p>\n<p>&nbsp;<\/p>\n<h2><strong>Perda de peso<\/strong><\/h2>\n<p>A perda de peso \u00e9 um sinal cl\u00ednico comum da PIF, especialmente nos casos de PIF seca. Os sintomas associados \u00e0 perda de peso podem variar, dependendo da gravidade da doen\u00e7a. Os primeiros sinais podem envolver uma diminui\u00e7\u00e3o da ingest\u00e3o de alimentos e uma taxa de crescimento mais lenta do que o normal, enquanto as fases mais avan\u00e7adas podem incluir uma diminui\u00e7\u00e3o significativa da massa corporal num curto espa\u00e7o de tempo, bem como n\u00edveis de energia reduzidos e perda de massa muscular.<\/p>\n<p>A presen\u00e7a de perda de peso r\u00e1pida ou inexplic\u00e1vel n\u00e3o deve ser ignorada quando se trata de gatos que apresentam sinais consistentes com PIF. Se o seu gato parece mais magro do que o habitual sem explica\u00e7\u00e3o ou parece estar a perder uma quantidade excessiva de pelo sem raz\u00e3o aparente, ent\u00e3o \u00e9 importante que procure imediatamente assist\u00eancia veterin\u00e1ria profissional.<\/p>\n<p>&nbsp;<\/p>\n<h2><strong>Icter\u00edcia<\/strong><\/h2>\n<p>A iter\u00edcia \u00e9 um sinal observado em gatos com PIF, normalmente juntamente com outros sinais de insufici\u00eancia hep\u00e1tica ou hepatomegalia (f\u00edgado aumentado), tais como letargia e perda de peso. Ao exame f\u00edsico, a pele do gato pode ter uma cor amarelada, vis\u00edvel sobretudo no ventre e nos olhos.<\/p>\n<p>Nalguns casos, a iter\u00edcia pode cobrir todo o corpo do gato. A iter\u00edcia resulta de um aumento dos n\u00edveis de bilirrubina (mol\u00e9culas pigmentadas libertadas para a circula\u00e7\u00e3o pelos gl\u00f3bulos vermelhos que se decompuseram), levando a uma acumula\u00e7\u00e3o subsequente.<\/p>\n<p>Indica uma perturba\u00e7\u00e3o algures na \u00e1rvore biliar, que inclui a ves\u00edcula biliar e as estruturas ligadas entre o f\u00edgado e o intestino delgado, necess\u00e1rias para a digest\u00e3o.<\/p>\n<p>&nbsp;<\/p>\n<h1><strong>Sinais cl\u00ednicos de PIF h\u00famida efusiva<\/strong><\/h1>\n<p>O incha\u00e7o tor\u00e1cico, abdominal e escrotal s\u00e3o alguns dos sinais associados \u00e0 PIF h\u00famida efusiva.<\/p>\n<p>&nbsp;<\/p>\n<h2><strong>Incha\u00e7o tor\u00e1cico<\/strong><\/h2>\n<p>O incha\u00e7o tor\u00e1cico \u00e9 um sinal cl\u00ednico associado \u00e0 PIF h\u00famida efusiva, em que ocorre acumula\u00e7\u00e3o de l\u00edquido no t\u00f3rax. Isto pode levar a dificuldades respirat\u00f3rias e afetar o funcionamento normal dos \u00f3rg\u00e3os, como o ritmo card\u00edaco, a regula\u00e7\u00e3o da temperatura e as trocas gasosas.<\/p>\n<p>Por isso, este \u00e9 um dos derrames que aconselhamos a drenar, se poss\u00edvel.<\/p>\n<p>O incha\u00e7o tor\u00e1cico indica uma fase avan\u00e7ada da PIF e apresenta-se normalmente atrav\u00e9s de um aumento da frequ\u00eancia respirat\u00f3ria ou de ru\u00eddos gorgolejantes quando o gato respira. Se o incha\u00e7o tor\u00e1cico se mantiver durante longos per\u00edodos de tempo, pode levar a um aumento da press\u00e3o sobre os \u00f3rg\u00e3os internos, provocando a sua desnutri\u00e7\u00e3o devido \u00e0 diminui\u00e7\u00e3o do fluxo sangu\u00edneo e do fornecimento de oxig\u00e9nio.<\/p>\n<p>Al\u00e9m disso, se n\u00e3o for tratado, o incha\u00e7o tor\u00e1cico persistente pode causar danos permanentes nos \u00f3rg\u00e3os vitais, acabando por levar \u00e0 morte se n\u00e3o for controlado durante um per\u00edodo de tempo prolongado.<\/p>\n<p>&nbsp;<\/p>\n<h2><strong>Incha\u00e7o abdominal<\/strong><\/h2>\n<p>O incha\u00e7o abdominal \u00e9 tamb\u00e9m um sinal cl\u00ednico associado \u00e0 PIF efusiva. Esta forma de PIF \u00e9 caracterizada pelo desenvolvimento de l\u00edquido no abd\u00f3men, tamb\u00e9m conhecido como efus\u00e3o abdominal.<\/p>\n<p>O sistema gastrointestinal e os seus \u00f3rg\u00e3os ficam rodeados por este l\u00edquido extra e anormal. A radiografia, a ultrassonografia e a abdominocentese s\u00e3o procedimentos de diagn\u00f3stico utilizados para determinar a ocorr\u00eancia de efus\u00e3o abdominal em gatos com suspeita de PIF.<\/p>\n<p>Al\u00e9m disso, a an\u00e1lise dos fluidos pode fornecer resultados altamente indicativos para diagnosticar com exatid\u00e3o a efus\u00e3o abdominal causada pela PIF.<\/p>\n<p>O incha\u00e7o abdominal \u00e9 menos amea\u00e7ador para um gato, embora possa causar-lhe desconforto. Se optar por drenar este derrame, opte por n\u00e3o drenar mais de 30% do l\u00edquido.<\/p>\n<p>&nbsp;<\/p>\n<h2><strong>Incha\u00e7o escrotal<\/strong><\/h2>\n<p>O incha\u00e7o escrotal nos gatos machos pode ser identificado pelos donos dos animais quando se verifica uma altera\u00e7\u00e3o inexplic\u00e1vel do tamanho do escroto, sobretudo se ocorrer rapidamente ou se for acompanhada de outros sinais, como letargia e febre.<\/p>\n<p>Esta forma de PIF afecta mais frequentemente gatos jovens e tem um in\u00edcio r\u00e1pido com sintomas como acumula\u00e7\u00e3o de fluido abdominal, aumento do t\u00f3rax, perda de peso, iter\u00edcia e febre alta persistente.<\/p>\n<p>O incha\u00e7o escrotal \u00e9 um dos principais sintomas cl\u00ednicos que os veterin\u00e1rios utilizam para identificar esta doen\u00e7a numa fase inicial, normalmente antes de aparecerem outros sinais.<\/p>\n<p>&nbsp;<\/p>\n<h1><strong>Sinais cl\u00ednicos da PIF ocular<\/strong><\/h1>\n<p>Esteja atento aos sinais de PIF, como a descolora\u00e7\u00e3o da \u00edris, a perda de vis\u00e3o, o espessamento da c\u00f3rnea e o hip\u00f3pio.<\/p>\n<p>&nbsp;<\/p>\n<h2><strong>Descolora\u00e7\u00e3o da \u00edris<\/strong><\/h2>\n<p>A descolora\u00e7\u00e3o da \u00edris \u00e9 um sinal cl\u00ednico que pode ser visto como indicativo da forma ocular da PIF. Manifesta-se normalmente por uma altera\u00e7\u00e3o da cor da \u00edris, uma turva\u00e7\u00e3o anormal do olho ou um aspeto floculante (manchas brancas) na zona da pupila devido a uma inflama\u00e7\u00e3o provocada por uma infe\u00e7\u00e3o causada pelo v\u00edrus da PIF.<\/p>\n<p>O espessamento da c\u00f3rnea e o hip\u00f3pio tamb\u00e9m podem acompanhar este sinal que, normalmente, se n\u00e3o for tratado, pode levar \u00e0 perda permanente da vis\u00e3o. A dete\u00e7\u00e3o e o diagn\u00f3stico precoces desta doen\u00e7a s\u00e3o importantes para iniciar um tratamento imediato com agentes antiprotozo\u00e1rios, como o cloranfenicol e o tianfenicol, a fim de reduzir os riscos adicionais associados \u00e0 doen\u00e7a.<\/p>\n<p>&nbsp;<\/p>\n<h2><strong>Perda de vis\u00e3o<\/strong><\/h2>\n<p>A perda de vis\u00e3o \u00e9 um dos sinais mais vis\u00edveis de que o seu gato pode ter PIF ocular. \u00c9 um sintoma avan\u00e7ado e pode indicar que uma forma mais grave do v\u00edrus j\u00e1 est\u00e1 ativa no seu animal de estima\u00e7\u00e3o.<\/p>\n<p>A uve\u00edte anterior piogranulomatosa (inflama\u00e7\u00e3o) \u00e9 uma dessas manifesta\u00e7\u00f5es, que apresenta sinais como o sinal do farol (dispers\u00e3o amarelada quando os olhos s\u00e3o expostos a um feixe de luz focado, como uma lanterna).<\/p>\n<p>Esta s\u00edndrome est\u00e1 relacionada com uma redu\u00e7\u00e3o significativa da vis\u00e3o, juntamente com estruturas c\u00edsticas e les\u00f5es na \u00edris que causam destrui\u00e7\u00e3o dentro da cavidade orbital se n\u00e3o forem tratadas ao longo do tempo.<\/p>\n<p>&nbsp;<\/p>\n<h2><strong>Espessamento da c\u00f3rnea<\/strong><\/h2>\n<p>Esta doen\u00e7a ocorre quando a parte exterior do olho, conhecida como c\u00f3rnea, se torna mais espessa do que o normal devido a uma inflama\u00e7\u00e3o.<\/p>\n<p>Nos gatos, esta doen\u00e7a pode ser causada por um v\u00edrus ou por uma bact\u00e9ria e pode levar semanas at\u00e9 que os seus efeitos se tornem vis\u00edveis. Normalmente, o que torna este sintoma mais f\u00e1cil de identificar \u00e9 a presen\u00e7a simult\u00e2nea de outros sinais, como turva\u00e7\u00e3o da vis\u00e3o ou dor.<\/p>\n<p>Um gato com espessamento da c\u00f3rnea pode ter dificuldade em ver claramente e possivelmente sentir algum desconforto ou dor devido \u00e0 diminui\u00e7\u00e3o da qualidade da sua vis\u00e3o.<\/p>\n<p>&nbsp;<\/p>\n<h2><strong>Hipopi\u00e3o<\/strong><\/h2>\n<p>Hipopyon \u00e9 um termo m\u00e9dico utilizado para descrever uma acumula\u00e7\u00e3o de gl\u00f3bulos brancos na base da c\u00f3rnea, que aparece frequentemente quando uma inflama\u00e7\u00e3o ou infe\u00e7\u00e3o afecta o olho. Est\u00e1 mais frequentemente associada \u00e0 uve\u00edte, uma inflama\u00e7\u00e3o no interior do olho que ocorre como resultado da PIF nos gatos.<\/p>\n<p>O hipopyon \u00e9 causado por leuc\u00f3citos (gl\u00f3bulos brancos) que entram atrav\u00e9s da \u00edris e se acumulam na c\u00e2mara interior do olho. Isto leva a observa\u00e7\u00f5es directas do exame f\u00edsico, como uma turva\u00e7\u00e3o vis\u00edvel numa ou mais partes do globo ocular ou altera\u00e7\u00f5es pupilares durante os testes de exposi\u00e7\u00e3o \u00e0 luz realizados pelos veterin\u00e1rios.<\/p>\n<p>&nbsp;<\/p>\n<h2><strong>Descolamento da retina<\/strong><\/h2>\n<p>Esta \u00e9 uma condi\u00e7\u00e3o que ocorre quando a retina se afasta do tecido de suporte subjacente e do fornecimento de sangue. Pode ser causada por uma s\u00e9rie de condi\u00e7\u00f5es m\u00e9dicas, como press\u00e3o arterial elevada, uma gl\u00e2ndula tiroide hiperactiva ou doen\u00e7a renal.<\/p>\n<p>Nos gatos com PIF, podem ocorrer altera\u00e7\u00f5es granulomatosas, para al\u00e9m de hemorragia e descolamento da retina.<\/p>\n<p>O principal sintoma associado ao descolamento da retina \u00e9 a perda de vis\u00e3o, que pode ocorrer de forma s\u00fabita ou gradual, dependendo da extens\u00e3o dos danos e da gravidade da infe\u00e7\u00e3o.<\/p>\n<p>Outros sinais incluem velamento ou turva\u00e7\u00e3o dos olhos, perturba\u00e7\u00e3o ou distor\u00e7\u00e3o do campo de vis\u00e3o existente e dificuldade de adapta\u00e7\u00e3o a ambientes de luz intensa, incluindo cegueira nocturna.<\/p>\n<p>Alguns gatos podem tamb\u00e9m ter moscas volantes resultantes de fugas de l\u00edquido v\u00edtreo para qualquer parte da estrutura do olho, causando imagens distorcidas devido \u00e0 interfer\u00eancia com o desempenho normal da linha de vis\u00e3o.<\/p>\n<p>&nbsp;<\/p>\n<h1><strong>Sinais cl\u00ednicos de PIF neurol\u00f3gica<\/strong><\/h1>\n<p>Esteja atento a sinais como desequil\u00edbrio, inclina\u00e7\u00e3o da cabe\u00e7a, convuls\u00f5es e altera\u00e7\u00f5es de comportamento.<\/p>\n<p>&nbsp;<\/p>\n<h2><strong>Desequil\u00edbrio<\/strong><\/h2>\n<p>O desequil\u00edbrio \u00e9 um sintoma comum da PIF e \u00e9 frequentemente a primeira indica\u00e7\u00e3o de que algo est\u00e1 errado. Nos gatos com PIF, o desequil\u00edbrio pode manifestar-se como dificuldade em andar ou perda de coordena\u00e7\u00e3o &#8211; dependendo da gravidade da doen\u00e7a.<\/p>\n<p>Ao passar da posi\u00e7\u00e3o deitada para a posi\u00e7\u00e3o de p\u00e9, alguns gatos podem balan\u00e7ar para a frente e para tr\u00e1s devido \u00e0 incapacidade de recuperar rapidamente o equil\u00edbrio. A causa deste sintoma pode variar consoante o tipo de PIF que o seu gato desenvolveu. Pode dever-se a les\u00f5es neurol\u00f3gicas ou \u00e0 acumula\u00e7\u00e3o de l\u00edquido no abd\u00f3men ou na cavidade tor\u00e1cica.<\/p>\n<p>O desequil\u00edbrio nos gatos n\u00e3o deve ser encarado com ligeireza e deve ser abordado com o seu veterin\u00e1rio, uma vez que o diagn\u00f3stico precoce melhora significativamente o progn\u00f3stico quando se trata de tratar esta doen\u00e7a. O seu veterin\u00e1rio come\u00e7ar\u00e1 por efetuar exames f\u00edsicos, como a observa\u00e7\u00e3o da fun\u00e7\u00e3o motora e dos reflexos, para avaliar se o andar do gato parece coordenado.<\/p>\n<p>&nbsp;<\/p>\n<h2><strong>Inclina\u00e7\u00e3o da cabe\u00e7a<\/strong><\/h2>\n<p>A inclina\u00e7\u00e3o da cabe\u00e7a \u00e9 um sinal cl\u00ednico importante da PIF neurol\u00f3gica, uma vez que \u00e9 frequentemente indicativa de s\u00edndrome vestibular. A s\u00edndrome vestibular ocorre quando a parte do c\u00e9rebro respons\u00e1vel pelo equil\u00edbrio n\u00e3o funciona corretamente, causando desequil\u00edbrio e dificuldade de coordena\u00e7\u00e3o.<\/p>\n<p>Nos gatos, isto manifesta-se por uma inclina\u00e7\u00e3o pronunciada da cabe\u00e7a para um lado ou para o outro. Esta situa\u00e7\u00e3o pode ser acompanhada por olhos que parecem n\u00e3o se mover em conjunto normalmente. Um deles pode lan\u00e7ar-se rapidamente para a frente e para tr\u00e1s enquanto o outro permanece im\u00f3vel, bem como movimentos de rolamento provocados pela gravidade que dificultam a posi\u00e7\u00e3o vertical do gato.<\/p>\n<p>&nbsp;<\/p>\n<h2><strong>Convuls\u00f5es<\/strong><\/h2>\n<p>As convuls\u00f5es podem ser um sinal cl\u00ednico de PIF quando est\u00e1 presente um envolvimento neurol\u00f3gico. Alguns sinais reveladores de que o seu gato pode estar a sofrer uma convuls\u00e3o devido \u00e0 PIF incluem elimina\u00e7\u00e3o inadequada, comportamentos semelhantes aos da dem\u00eancia, como andar em c\u00edrculos ou agressividade, diminui\u00e7\u00e3o da coordena\u00e7\u00e3o e do equil\u00edbrio e vocaliza\u00e7\u00f5es estranhas ou perda de consci\u00eancia.<\/p>\n<p>Sempre que o seu gato tiver uma convuls\u00e3o, deve lev\u00e1-lo imediatamente ao veterin\u00e1rio para uma avalia\u00e7\u00e3o e diagn\u00f3stico mais aprofundados.<\/p>\n<p>&nbsp;<\/p>\n<h2><strong>Mudan\u00e7a de comportamento<\/strong><\/h2>\n<p>As altera\u00e7\u00f5es de comportamento podem ser um indicador precoce da PIF. Um sintoma comum que est\u00e1 a preocupar os donos s\u00e3o as mudan\u00e7as s\u00fabitas no padr\u00e3o comportamental do seu gato. Os gatos podem esconder-se mais frequentemente do que o habitual ou mostrar agressividade quando normalmente n\u00e3o o fariam.<\/p>\n","protected":false},"excerpt":{"rendered":"<p>\u00c9 sensato quando olhamos para os sintomas da PIF em gatos com base nos tipos de PIF. S\u00e3o inclu\u00eddos para um diagn\u00f3stico mais exato. Conhecer o tipo de PIF pode ajud\u00e1-lo a prever a gravidade, bem como todas as diferentes formas de PIF que podem ocorrer, para que n\u00e3o lhe escape nenhum sintoma. &nbsp; Sinais [&hellip;]<\/p>\n","protected":false},"author":1,"featured_media":16852,"parent":0,"menu_order":0,"comment_status":"closed","ping_status":"closed","template":"","meta":{"_glsr_average":0,"_glsr_ranking":0,"_glsr_reviews":0,"footnotes":""},"categories":[682],"tags":[],"_links":{"self":[{"href":"https:\/\/fipmed.co\/pt-br\/wp-json\/wp\/v2\/pages\/17115"}],"collection":[{"href":"https:\/\/fipmed.co\/pt-br\/wp-json\/wp\/v2\/pages"}],"about":[{"href":"https:\/\/fipmed.co\/pt-br\/wp-json\/wp\/v2\/types\/page"}],"author":[{"embeddable":true,"href":"https:\/\/fipmed.co\/pt-br\/wp-json\/wp\/v2\/users\/1"}],"replies":[{"embeddable":true,"href":"https:\/\/fipmed.co\/pt-br\/wp-json\/wp\/v2\/comments?post=17115"}],"version-history":[{"count":0,"href":"https:\/\/fipmed.co\/pt-br\/wp-json\/wp\/v2\/pages\/17115\/revisions"}],"wp:featuredmedia":[{"embeddable":true,"href":"https:\/\/fipmed.co\/pt-br\/wp-json\/wp\/v2\/media\/16852"}],"wp:attachment":[{"href":"https:\/\/fipmed.co\/pt-br\/wp-json\/wp\/v2\/media?parent=17115"}],"wp:term":[{"taxonomy":"category","embeddable":true,"href":"https:\/\/fipmed.co\/pt-br\/wp-json\/wp\/v2\/categories?post=17115"},{"taxonomy":"post_tag","embeddable":true,"href":"https:\/\/fipmed.co\/pt-br\/wp-json\/wp\/v2\/tags?post=17115"}],"curies":[{"name":"wp","href":"https:\/\/api.w.org\/{rel}","templated":true}]}}