{"id":17127,"date":"2024-03-25T07:02:30","date_gmt":"2024-03-25T07:02:30","guid":{"rendered":"https:\/\/fipmed.co\/fases-da-febre-aftosa-e-sintomas-baseados-nas-fases-da-febre-aftosa\/"},"modified":"2024-03-25T07:02:30","modified_gmt":"2024-03-25T07:02:30","slug":"fases-da-febre-aftosa-e-sintomas-baseados-nas-fases-da-febre-aftosa","status":"publish","type":"page","link":"https:\/\/fipmed.co\/pt-br\/fases-da-febre-aftosa-e-sintomas-baseados-nas-fases-da-febre-aftosa\/","title":{"rendered":"Fases da PIF e sintomas baseados nas fases da PIF"},"content":{"rendered":"<p>H\u00e1 quatro fases distintas de PIF envolvidas numa infe\u00e7\u00e3o com este v\u00edrus: exposi\u00e7\u00e3o inicial e incuba\u00e7\u00e3o, viremia prim\u00e1ria, viremia secund\u00e1ria e PIF cl\u00ednica.<\/p>\n<p>&nbsp;<\/p>\n<h1><strong>Fase do FIP: Exposi\u00e7\u00e3o inicial e incuba\u00e7\u00e3o<\/strong><\/h1>\n<p>O coronav\u00edrus felino (FCoV) est\u00e1 presente em muitos ambientes, pelo que \u00e9 muito prov\u00e1vel que os gatos sejam expostos a ele em algum momento da sua vida.<br \/>\nEsta infe\u00e7\u00e3o inicial \u00e9 geralmente benigna, mas infelizmente existe o risco de o v\u00edrus sofrer uma muta\u00e7\u00e3o e causar PIF em alguns gatos.<br \/>\nO per\u00edodo de incuba\u00e7\u00e3o para esta muta\u00e7\u00e3o pode variar entre algumas semanas e v\u00e1rios anos, mas os gatos correm maior risco de desenvolver PIF cl\u00ednica nas primeiras 6 semanas ap\u00f3s terem sido inicialmente infectados com o v\u00edrus.<br \/>\nAs experi\u00eancias conclu\u00edram que apenas seis semanas podem ser suficientes para que um gato infetado desenvolva uma doen\u00e7a completa.<br \/>\nDurante os per\u00edodos iniciais de exposi\u00e7\u00e3o e incuba\u00e7\u00e3o, \u00e9 importante notar que os gatos infectados libertam um volume invulgarmente grande de part\u00edculas de v\u00edrus, o que pode levar rapidamente a que outros animais dom\u00e9sticos tamb\u00e9m contraiam a infe\u00e7\u00e3o. <\/p>\n<p>&nbsp;<\/p>\n<h1><strong>Fase da PIF: <\/strong>Viremia prim\u00e1ria<\/h1>\n<p>A viremia prim\u00e1ria \u00e9 a fase durante uma infe\u00e7\u00e3o pelo v\u00edrus da Peritonite Infecciosa Felina (PIF), em que o sistema imunit\u00e1rio dos gatos come\u00e7a a responder ao invasor estrangeiro.<br \/>\nDurante esta fase, podem ser encontrados n\u00edveis elevados de FCoV no sangue.<br \/>\nIsto marca o in\u00edcio de uma batalha entre o corpo do gato e o v\u00edrus, e tamb\u00e9m marca quando as muta\u00e7\u00f5es se tornam mais prov\u00e1veis de ocorrer devido \u00e0 diminui\u00e7\u00e3o da resist\u00eancia.<br \/>\nOs gatos com viremia prim\u00e1ria apresentam uma resposta refor\u00e7ada do seu sistema imunit\u00e1rio, que se esfor\u00e7a por os proteger de qualquer dano causado pelo agente patog\u00e9nico que entra no seu corpo.<br \/>\nAlguns gatos conseguem livrar o seu corpo do v\u00edrus atrav\u00e9s de uma forte resposta imunit\u00e1ria. <\/p>\n<p>&nbsp;<\/p>\n<h1><strong>Est\u00e1gio da PIF: <\/strong><strong>Viremia secund\u00e1ria<\/strong><\/h1>\n<p>A viremia secund\u00e1ria refere-se a uma fase subsequente que afecta os gatos que n\u00e3o foram capazes de combater o v\u00edrus durante a fase prim\u00e1ria.<br \/>\nNesta fase, a medula \u00f3ssea e outros tecidos foram invadidos pelo v\u00edrus.<br \/>\nO v\u00edrus pode ent\u00e3o permanecer num estado passivo na medula \u00f3ssea durante bastante tempo.<br \/>\nMas, para al\u00e9m disso, os n\u00edveis de FIPV no sangue come\u00e7am a aumentar e acabam por chegar a um ponto em que os gatos j\u00e1 n\u00e3o s\u00e3o capazes de o manter sob controlo.<br \/>\nInfelizmente, nesta altura j\u00e1 se instalaram muitos processos inflamat\u00f3rios sist\u00e9micos, uma vez que o FIPV se apoderou de \u00f3rg\u00e3os e tecidos vitais.<br \/>\nComo o nome sugere, durante a viremia secund\u00e1ria o v\u00edrus come\u00e7a a espalhar-se por outros \u00f3rg\u00e3os, levando a sinais mais graves que podem rapidamente tornar-se fatais se n\u00e3o forem tratados prontamente.<br \/>\nA gravidade da resposta imunit\u00e1ria prim\u00e1ria ou a capacidade do organismo do gato para controlar a infe\u00e7\u00e3o desempenha um papel importante na determina\u00e7\u00e3o do n\u00edvel a que o v\u00edrus come\u00e7a a propagar-se para al\u00e9m de um \u00fanico sistema de \u00f3rg\u00e3os.<br \/>\nDurante este per\u00edodo crucial, os gatos podem apresentar febre persistente (superior a 103\u00b0F), diminui\u00e7\u00e3o do apetite e agravamento geral do estado devido \u00e0 falha do seu sistema imunit\u00e1rio, que se esfor\u00e7a muito por controlar os v\u00edrus mutantes, mas n\u00e3o consegue, pelo que t\u00eam de recorrer a planos de tratamento com antivirais, entre outros medicamentos.<\/p>\n<p>&nbsp;<\/p>\n<h1><strong>Fase da PIF: <\/strong><strong>PIF cl\u00ednica<\/strong><\/h1>\n<p>Na fase cl\u00ednica da PIF, os gatos n\u00e3o s\u00e3o capazes de conter o v\u00edrus.<br \/>\nIsto deve-se em parte a uma altera\u00e7\u00e3o numa das prote\u00ednas presentes em alguns tipos de FCoV, denominada FIPV.<br \/>\nO VFIP causa vasculite, que \u00e9 a inflama\u00e7\u00e3o e o incha\u00e7o em torno de um grupo de c\u00e9lulas ou \u00f3rg\u00e3os.<br \/>\nNesta fase, pode tamb\u00e9m ocorrer uma acumula\u00e7\u00e3o de fluidos nas cavidades corporais, o que leva \u00e0 acumula\u00e7\u00e3o de fluidos e a uma press\u00e3o excessiva nos \u00f3rg\u00e3os vitais.<br \/>\nOs gatos com PIF podem apresentar sintomas como perda de peso, febre, desidrata\u00e7\u00e3o, incha\u00e7o do abd\u00f3men ou da cabe\u00e7a e dificuldades respirat\u00f3rias devido a congest\u00e3o tor\u00e1cica.<br \/>\nA destrui\u00e7\u00e3o das infec\u00e7\u00f5es nos \u00f3rg\u00e3os vitais come\u00e7a nesta fase, podendo levar \u00e0 fal\u00eancia dos \u00f3rg\u00e3os do sistema.<br \/>\nNormalmente, isto manifesta-se mais tarde como doen\u00e7a renal ou danos neurol\u00f3gicos causados pela inflama\u00e7\u00e3o do tecido cerebral.  <\/p>\n<p>&nbsp;<\/p>\n<h1><strong>Fase da PIF: <\/strong><strong>Danos nos \u00f3rg\u00e3os <\/strong> <\/h1>\n<p>Esta \u00e9 a \u00faltima fase da PIF, em que a inflama\u00e7\u00e3o j\u00e1 est\u00e1 a causar danos nos \u00f3rg\u00e3os e o gato apresenta outros problemas subsequentes.<br \/>\nAlguns dos \u00f3rg\u00e3os normalmente afectados incluem:<br \/>\n<strong>\u00d3rg\u00e3os abdominais:<\/strong> A PIF resulta frequentemente na forma\u00e7\u00e3o de granulomas (pequenos n\u00f3dulos de tecido inflamat\u00f3rio) nos \u00f3rg\u00e3os abdominais, como o f\u00edgado, o ba\u00e7o e os rins.<br \/>\nIsto pode levar \u00e0 disfun\u00e7\u00e3o e falha destes \u00f3rg\u00e3os.<br \/>\n<strong>Rins:<\/strong> Os rins podem ser afectados por les\u00f5es granulomatosas, levando \u00e0 insufici\u00eancia renal.<br \/>\n<strong>Sistema nervoso central (SNC):<\/strong> A PIF pode causar sintomas neurol\u00f3gicos quando afeta o SNC.<br \/>\nOs gatos com PIF neurol\u00f3gica podem apresentar altera\u00e7\u00f5es de comportamento, convuls\u00f5es e dificuldade para andar.<br \/>\n<strong>Olhos<\/strong>: O envolvimento ocular (dos olhos) \u00e9 comum na PIF, levando a inflama\u00e7\u00e3o, turva\u00e7\u00e3o e, \u00e0s vezes, cegueira.<br \/>\nIsso \u00e9 conhecido como PIF ocular ou seca.<br \/>\n<strong>Sistema cardiovascular:<\/strong> Em alguns casos, a PIF pode afetar o cora\u00e7\u00e3o e os vasos sangu\u00edneos, levando a problemas cardiovasculares.<br \/>\nEsta deteriora\u00e7\u00e3o cont\u00ednua no gato acaba por levar \u00e0 paralisia e, finalmente, \u00e0 morte.<\/p>\n<p>&nbsp;<\/p>\n<p>&nbsp;<\/p>\n<h1><strong>Sintomas baseados nas fases da PIF<\/strong><\/h1>\n<h2><strong>Sinaliza durante as fases iniciais da PIF<\/strong><strong> <\/strong><\/h2>\n<p>Os gatos podem apresentar sintomas iniciais n\u00e3o espec\u00edficos, como altera\u00e7\u00f5es comportamentais, perda de peso e perda de apetite, bem como febre flutuante.<\/p>\n<p><strong> <\/strong><\/p>\n<p><strong>Sintomas n\u00e3o espec\u00edficos<\/strong><\/p>\n<p>A PIF tem uma vasta gama de sintomas n\u00e3o espec\u00edficos que podem ser facilmente confundidos com outras doen\u00e7as.<br \/>\nEstes sinais iniciais s\u00e3o geralmente vagos e incluem apatia, letargia, diminui\u00e7\u00e3o do apetite, perda de peso e febre flutuante.<br \/>\nEm alguns casos, os gatos apresentam altera\u00e7\u00f5es comportamentais que acompanham estes sintomas f\u00edsicos.<br \/>\n\u00c9 essencial prestar aten\u00e7\u00e3o a pequenas mudan\u00e7as no regime de sa\u00fade do teu gato, como o aumento ou a diminui\u00e7\u00e3o dos n\u00edveis de energia, pois este pode ser o primeiro sinal de PIF.<br \/>\nApesar de ser t\u00e3o comum nos gatos, a causa subtil torna-a dif\u00edcil de detetar nas fases iniciais, a n\u00e3o ser que estejas atento a sinais adicionais como Anorexia ou Pica (uma condi\u00e7\u00e3o em que o gato come coisas que n\u00e3o deve), que s\u00e3o frequentemente observados durante a infe\u00e7\u00e3o por PIF.<br \/>\nAs febres flutuantes tamb\u00e9m podem significar que h\u00e1 algo de errado com o teu gato, por isso, tem aten\u00e7\u00e3o a quaisquer grandes altera\u00e7\u00f5es de temperatura quando o verificares periodicamente ao longo do dia, tal como febre documentada que dure mais de 24 horas apesar dos tratamentos dados por um veterin\u00e1rio. <\/p>\n<p>&nbsp;<\/p>\n<p><strong>Diarreia<\/strong><\/p>\n<p>Quando o Coronav\u00edrus Felino (FCoV) entra pela primeira vez num gato, infecta o intestino delgado, causando por vezes diarreia.<br \/>\nO v\u00edrus \u00e9 libertado nas fezes logo a partir de dois dias ap\u00f3s a infe\u00e7\u00e3o e depois durante algumas semanas a meses.<br \/>\nA partir do intestino, o v\u00edrus passa para a corrente sangu\u00ednea, resultando em PIF em alguns gatos azarados, mas a maioria dos gatos tem uma resposta imunit\u00e1ria bem sucedida e livra-se do v\u00edrus &#8211; passando a ter uma vida perfeitamente saud\u00e1vel e normal.<br \/>\nA infe\u00e7\u00e3o inicial com FCoV em qualquer idade, e n\u00e3o apenas em gatinhos, pode causar diarreia e a gravidade pode variar de ligeira, passando por cr\u00f3nica, at\u00e9 grave e potencialmente fatal.<br \/>\nO v\u00edrus danifica inicialmente o revestimento do intestino delgado.<br \/>\nInfelizmente, em alguns gatos, o FCoV pode danificar o intestino delgado de forma bastante grave, levando a uma tend\u00eancia permanente para v\u00f3mitos ou diarreia e ao que \u00e9 conhecido como &#8220;s\u00edndrome de m\u00e1 absor\u00e7\u00e3o&#8221;, em que o gato afetado \u00e9 incapaz de beneficiar dos nutrientes que ingeriu, pelo que n\u00e3o consegue ganhar peso adequadamente e prosperar.  <\/p>\n<p>&nbsp;<\/p>\n<p><strong>Altera\u00e7\u00f5es comportamentais<\/strong><\/p>\n<p>Nos gatos infectados com PIF, os donos podem come\u00e7ar por notar sintomas menos \u00f3bvios, como diminui\u00e7\u00e3o da atividade, apatia e falta de apetite.<br \/>\nO teu gato pode tornar-se muito menos interativo do que era antes, preferindo ficar em locais solit\u00e1rios ou dormir todo o dia.<br \/>\nTamb\u00e9m pode come\u00e7ar a evitar interac\u00e7\u00f5es com outros animais de estima\u00e7\u00e3o ou humanos.<br \/>\nA pica \u00e9 outra altera\u00e7\u00e3o comportamental associada ao v\u00edrus &#8211; quando o teu animal de estima\u00e7\u00e3o come\u00e7a a comer objectos n\u00e3o alimentares, isto pode ser um sinal de que tem PIF.<br \/>\nPara al\u00e9m da anorexia (perda total de apetite), podes observar o teu gato a esfor\u00e7ar-se por se alimentar ou a mostrar desinteresse pela comida quando esta lhe \u00e9 oferecida &#8211; ambos podem ser indicadores de que algo n\u00e3o est\u00e1 bem. <\/p>\n<p>&nbsp;<\/p>\n<p><strong>Perda de peso e perda de apetite<\/strong><\/p>\n<p>A perda de peso e a perda de apetite s\u00e3o dois dos primeiros sinais de PIF.<br \/>\nQuando os gatos s\u00e3o infectados pela primeira vez, podem n\u00e3o apresentar sintomas at\u00e9 semanas ou meses mais tarde.<br \/>\nNo entanto, uma perda de peso lenta e uma diminui\u00e7\u00e3o do apetite podem ser uma indica\u00e7\u00e3o de que algo est\u00e1 errado.<br \/>\nA perda de peso nos gatos \u00e9 normalmente subtil, mas n\u00e3o deve passar despercebida aos donos &#8211; uma diminui\u00e7\u00e3o s\u00fabita de 15-20% do peso em apenas alguns dias pode significar a presen\u00e7a de PIF.<br \/>\nDa mesma forma, uma diminui\u00e7\u00e3o do apetite, mesmo quando lhe \u00e9 apresentado um alimento favor\u00e1vel, pode indicar o in\u00edcio da doen\u00e7a.<br \/>\nEste tipo de complexo de sintomas pode apontar para a fal\u00eancia de \u00f3rg\u00e3os causada pela PIF ou por outras doen\u00e7as graves, como a doen\u00e7a renal cr\u00f3nica que, se n\u00e3o for tratada, pode progredir rapidamente e tornar-se fatal para os gatos se n\u00e3o for detectada precocemente.<br \/>\nMuitos donos de gatos relataram ter observado mudan\u00e7as dram\u00e1ticas nos n\u00edveis de energia e atividade associados a estes sintomas, o que enfatiza ainda mais a sua import\u00e2ncia no diagn\u00f3stico e nas decis\u00f5es de tratamento tomadas tanto por veterin\u00e1rios como por donos de animais.  <\/p>\n<p>&nbsp;<\/p>\n<p><strong>Febre flutuante<\/strong><\/p>\n<p>A febre flutuante nos gatos \u00e9 tipicamente definida como epis\u00f3dios alternados de temperaturas altas e baixas.<br \/>\n\u00c9 um dos primeiros sinais cl\u00ednicos associados \u00e0 PIF.<br \/>\nEste tipo de febre pode variar diariamente, oscilando entre a temperatura corporal normal e temperaturas perigosamente elevadas.<br \/>\nComo isto pode acontecer subitamente, \u00e9 importante que os donos de gatos monitorizem regularmente a temperatura do seu animal de estima\u00e7\u00e3o, uma vez que quaisquer altera\u00e7\u00f5es s\u00fabitas podem ser um sinal de PIF ou de outro problema de sa\u00fade grave.<br \/>\n\u00c9 f\u00e1cil confundir uma febre flutuante com febres altas persistentes que os gatos podem ter quando est\u00e3o doentes, mas as duas s\u00e3o doen\u00e7as muito diferentes que requerem formas distintas de tratamento. <\/p>\n<p>&nbsp;<\/p>\n<h2><strong>Sinais durante as fases avan\u00e7adas da PIF<\/strong><\/h2>\n<p>&nbsp;<\/p>\n<p>Os sintomas podem evoluir para efeitos mais graves, como a fal\u00eancia de \u00f3rg\u00e3os e a acumula\u00e7\u00e3o de l\u00edquidos.<br \/>\nContinua a ler para saberes mais! <\/p>\n<p><strong>Fal\u00eancia de \u00f3rg\u00e3os<\/strong><\/p>\n<p>A fal\u00eancia de \u00f3rg\u00e3os \u00e9 uma das consequ\u00eancias mais graves associadas \u00e0 PIF.<br \/>\nEsta pode afetar v\u00e1rios \u00f3rg\u00e3os, como os rins, o f\u00edgado e muitos outros.<br \/>\nQuando atinge a sua fase mais avan\u00e7ada, pode resultar em disfun\u00e7\u00e3o ou fal\u00eancia de \u00f3rg\u00e3os.<br \/>\nEsta les\u00e3o dos \u00f3rg\u00e3os pode causar uma grande variedade de sintomas que variam consoante os locais espec\u00edficos afectados no corpo.<br \/>\nSe n\u00e3o for tratada durante muito tempo, a doen\u00e7a provoca uma enorme press\u00e3o sobre a sa\u00fade f\u00edsica geral do animal afetado at\u00e9 se transformar numa doen\u00e7a catastr\u00f3fica ou resultar em morte se n\u00e3o for detectada suficientemente cedo e tratada em conformidade. <\/p>\n<p>&nbsp;<\/p>\n<p><strong>Febre alta persistente<\/strong><\/p>\n<p>A febre incessante \u00e9 um sinal cl\u00ednico comum associado \u00e0s fases avan\u00e7adas da Peritonite Infecciosa Felina (PIF).<br \/>\nEsta febre pode atingir temperaturas entre 102 \u00b0F e 105 \u00b0F e durar semanas ou meses.<br \/>\n\u00c9 importante fazer um diagn\u00f3stico precoce, pois ajuda a excluir outras doen\u00e7as e a iniciar o tratamento.<br \/>\nA febre \u00e9 causada por uma inflama\u00e7\u00e3o resultante de uma infe\u00e7\u00e3o generalizada, que pode ser acompanhada de sinais como letargia, incha\u00e7o abdominal, perda de apetite, perda de peso e iter\u00edcia.<br \/>\nSe a febre persistir apesar da terapia com antibi\u00f3ticos ou medica\u00e7\u00e3o anti-inflamat\u00f3ria, pode ser indicativo de PIF.<br \/>\nA temperatura elevada normaliza frequentemente quando se inicia o tratamento adequado. <\/p>\n<p>&nbsp;<\/p>\n<p><strong>Acumula\u00e7\u00e3o de fluidos<\/strong><\/p>\n<p>A acumula\u00e7\u00e3o de fluidos \u00e9 um sinal importante da PIF nos gatos e pode ocorrer em v\u00e1rias zonas do corpo.<br \/>\nNo t\u00f3rax, o l\u00edquido acumula-se \u00e0 volta do cora\u00e7\u00e3o e dos pulm\u00f5es, provocando restri\u00e7\u00f5es de movimentos e dificuldades respirat\u00f3rias.<br \/>\nAl\u00e9m disso, os g\u00e2nglios linf\u00e1ticos podem ficar inchados devido ao bloqueio causado por uma forma\u00e7\u00e3o excessiva de c\u00e9lulas fluidas ricas em prote\u00ednas, denominadas efus\u00f5es pleurais.<br \/>\nO l\u00edquido pode tamb\u00e9m acumular-se noutros \u00f3rg\u00e3os, como o abd\u00f3men ou o escroto, fazendo com que estas \u00e1reas inchem e sejam dolorosas para o teu gato.<br \/>\nAl\u00e9m disso, os olhos do teu gato podem apresentar sinais desta acumula\u00e7\u00e3o no seu interior, incluindo altera\u00e7\u00f5es de colora\u00e7\u00e3o ou opacidade, espessamento da c\u00f3rnea (edema da c\u00f3rnea), hipopyon (uma espuma branca na parte de tr\u00e1s do olho) ou descolamento da retina devido ao aumento da press\u00e3o intraocular causado pela infe\u00e7\u00e3o por PIF. <\/p>\n<p>&nbsp;<\/p>\n<p><strong>Problemas oculares<\/strong><\/p>\n<p>Os problemas oculares s\u00e3o um indicador comum da PIF.<br \/>\nLes\u00f5es oculares caracterizadas por uve\u00edte anterior piogranulomatosa podem ocorrer em gatos com PIF.<br \/>\nOs sintomas podem incluir inflama\u00e7\u00e3o do globo ocular, estrabismo, incha\u00e7o da terceira p\u00e1lpebra e olhos dilatados que podem prejudicar a vis\u00e3o ou mesmo levar \u00e0 cegueira se n\u00e3o forem tratados.<br \/>\nOs animais que apresentam este tipo de manifesta\u00e7\u00e3o ocular podem expressar um aumento da produ\u00e7\u00e3o de l\u00e1grimas, bem como sangramento do olho devido \u00e0 ulcera\u00e7\u00e3o causada pela infe\u00e7\u00e3o.<br \/>\nAl\u00e9m disso, os sintomas neurol\u00f3gicos relacionados com a PIF podem afetar o sistema nervoso &#8211; incluindo problemas de vis\u00e3o e oculares, como pupilas contra\u00eddas que n\u00e3o respondem adequadamente \u00e0s mudan\u00e7as de luz.<br \/>\nFinalmente, a eleva\u00e7\u00e3o da press\u00e3o intraocular acompanhada de espessamento da c\u00f3rnea tem sido observada em alguns casos de PIF efusiva na forma h\u00famida, o que leva a uma potencial perda de vis\u00e3o ao longo do tempo se n\u00e3o for tratada de forma adequada ou suficientemente r\u00e1pida.<\/p>\n","protected":false},"excerpt":{"rendered":"<p>H\u00e1 quatro fases distintas de PIF envolvidas numa infe\u00e7\u00e3o com este v\u00edrus: exposi\u00e7\u00e3o inicial e incuba\u00e7\u00e3o, viremia prim\u00e1ria, viremia secund\u00e1ria e PIF cl\u00ednica. &nbsp; Fase do FIP: Exposi\u00e7\u00e3o inicial e incuba\u00e7\u00e3o O coronav\u00edrus felino (FCoV) est\u00e1 presente em muitos ambientes, pelo que \u00e9 muito prov\u00e1vel que os gatos sejam expostos a ele em algum momento [&hellip;]<\/p>\n","protected":false},"author":1,"featured_media":16837,"parent":0,"menu_order":0,"comment_status":"closed","ping_status":"closed","template":"","meta":{"_glsr_average":0,"_glsr_ranking":0,"_glsr_reviews":0,"footnotes":""},"categories":[682],"tags":[],"_links":{"self":[{"href":"https:\/\/fipmed.co\/pt-br\/wp-json\/wp\/v2\/pages\/17127"}],"collection":[{"href":"https:\/\/fipmed.co\/pt-br\/wp-json\/wp\/v2\/pages"}],"about":[{"href":"https:\/\/fipmed.co\/pt-br\/wp-json\/wp\/v2\/types\/page"}],"author":[{"embeddable":true,"href":"https:\/\/fipmed.co\/pt-br\/wp-json\/wp\/v2\/users\/1"}],"replies":[{"embeddable":true,"href":"https:\/\/fipmed.co\/pt-br\/wp-json\/wp\/v2\/comments?post=17127"}],"version-history":[{"count":0,"href":"https:\/\/fipmed.co\/pt-br\/wp-json\/wp\/v2\/pages\/17127\/revisions"}],"wp:featuredmedia":[{"embeddable":true,"href":"https:\/\/fipmed.co\/pt-br\/wp-json\/wp\/v2\/media\/16837"}],"wp:attachment":[{"href":"https:\/\/fipmed.co\/pt-br\/wp-json\/wp\/v2\/media?parent=17127"}],"wp:term":[{"taxonomy":"category","embeddable":true,"href":"https:\/\/fipmed.co\/pt-br\/wp-json\/wp\/v2\/categories?post=17127"},{"taxonomy":"post_tag","embeddable":true,"href":"https:\/\/fipmed.co\/pt-br\/wp-json\/wp\/v2\/tags?post=17127"}],"curies":[{"name":"wp","href":"https:\/\/api.w.org\/{rel}","templated":true}]}}