{"id":17147,"date":"2024-03-25T07:31:47","date_gmt":"2024-03-25T07:31:47","guid":{"rendered":"https:\/\/fipmed.co\/comum-fip-comorbilidades\/"},"modified":"2024-03-25T07:31:47","modified_gmt":"2024-03-25T07:31:47","slug":"comum-fip-comorbilidades","status":"publish","type":"page","link":"https:\/\/fipmed.co\/pt-br\/comum-fip-comorbilidades\/","title":{"rendered":"9 Comorbidades comuns da PIF"},"content":{"rendered":"<h2>Porque \u00e9 que a PIF ocorre frequentemente com outras doen\u00e7as?<\/h2>\n<p>Os gatos com outras doen\u00e7as que n\u00e3o a PIF s\u00e3o muitas vezes coincidentemente positivos para anticorpos contra o FCoV ou o v\u00edrus. Aqui est\u00e3o 9 comorbidades comuns da PIF.<\/p>\n<p>A PIF pode resultar de um enfraquecimento do sistema imunit\u00e1rio devido a condi\u00e7\u00f5es pr\u00e9-existentes, de uma muta\u00e7\u00e3o do v\u00edrus ou de uma doen\u00e7a inicial que provoca mais complica\u00e7\u00f5es.<\/p>\n<h3>Condi\u00e7\u00e3o pr\u00e9-existente<\/h3>\n<p>Ter uma doen\u00e7a pr\u00e9-existente pode tornar os gatos mais suscept\u00edveis \u00e0 PIF &#8211; afectando a sua sa\u00fade geral e qualidade de vida. Isto porque outras doen\u00e7as ou sistemas imunit\u00e1rios enfraquecidos podem ser a causa da muta\u00e7\u00e3o no v\u00edrus que causa a PIF.<\/p>\n<p>As doen\u00e7as pr\u00e9-existentes podem nem sempre ser \u00f3bvias, embora alguns sinais comuns possam incluir qualquer coisa que envolva febre, perda de peso, letargia, anorexia e desidrata\u00e7\u00e3o &#8211; todos eles indicadores de infec\u00e7\u00f5es bacterianas.<\/p>\n<p>Se for detectado precocemente, os antibi\u00f3ticos ou a nutri\u00e7\u00e3o suplementar podem ajudar a mitigar quaisquer danos adicionais causados pelo estado j\u00e1 enfraquecido do gato. Al\u00e9m disso, \u00e9 importante manter a vacina\u00e7\u00e3o actualizada, uma vez que esta tamb\u00e9m pode atuar como prote\u00e7\u00e3o contra potenciais desenvolvimentos secund\u00e1rios causados por doen\u00e7as pr\u00e9-existentes, como a PIF.<\/p>\n<h3>Muta\u00e7\u00e3o do v\u00edrus<\/h3>\n<p>As muta\u00e7\u00f5es da prote\u00edna spike do v\u00edrus, que \u00e9 uma parte importante do coronav\u00edrus felino, podem causar altera\u00e7\u00f5es na forma como o v\u00edrus se propaga e replica. Quando existem muta\u00e7\u00f5es nesta prote\u00edna espec\u00edfica, aumenta a capacidade da PIF de infetar os gatos, bem como a sua gravidade quando contra\u00edda.<\/p>\n<p>Al\u00e9m disso, estes picos podem interferir com outros processos mais frequentemente associados \u00e0 fun\u00e7\u00e3o das c\u00e9lulas do sistema imunit\u00e1rio, levando a resultados anormais do desenvolvimento regular da doen\u00e7a.<\/p>\n<p>Consequentemente, v\u00e1rias co-morbilidades associadas \u00e0 PIF, como a pneumonia, a doen\u00e7a renal cr\u00f3nica (DRC), o v\u00edrus da leucemia felina (FeLV), o cancro ou as doen\u00e7as auto-imunes podem desenvolver-se a taxas superiores \u00e0s esperadas devido a respostas imunit\u00e1rias enfraquecidas causadas pelas referidas muta\u00e7\u00f5es virais que j\u00e1 existem nas c\u00e9lulas.<\/p>\n<h3>A doen\u00e7a inicial causou um sistema imunit\u00e1rio fraco<\/h3>\n<p>Quando um gato tem uma infe\u00e7\u00e3o subjacente, o sistema imunit\u00e1rio pode ficar enfraquecido. Esta imunidade enfraquecida leva a um maior risco de desenvolver PIF. As tens\u00f5es ambientais podem tamb\u00e9m enfraquecer o sistema imunit\u00e1rio e aumentar a suscetibilidade \u00e0s infec\u00e7\u00f5es pelo v\u00edrus da febre aftosa.<\/p>\n<p>Em particular, os gatos com infec\u00e7\u00f5es por FeLV (v\u00edrus da leucemia felina) s\u00e3o mais suscept\u00edveis ao v\u00edrus da PIF do que os outros gatos saud\u00e1veis, uma vez que os seus sistemas imunit\u00e1rios enfraquecidos n\u00e3o conseguem combater eficazmente os novos v\u00edrus.<\/p>\n<p>Os gatos jovens e os que j\u00e1 est\u00e3o imunocomprometidos podem ter dificuldade em combater infec\u00e7\u00f5es virais catastr\u00f3ficas como o FIPV.<\/p>\n<p>&nbsp;<\/p>\n<h2>Com Pneumonia e PIF<\/h2>\n<p>A pneumonia \u00e9 uma co-morbilidade comum associada \u00e0 PIF nos gatos. Isto significa que se o teu gato tiver PIF, \u00e9 prov\u00e1vel que tamb\u00e9m tenha Pneumonia como parte da infe\u00e7\u00e3o. A pneumonia ocorre quando a inflama\u00e7\u00e3o bloqueia as vias respirat\u00f3rias que conduzem aos pulm\u00f5es e pode afetar qualquer idade ou ra\u00e7a de gato.<\/p>\n<p>Os gatos com PIF podem desenvolver pneumonia porque as part\u00edculas virais do FCoV provocam uma resposta inflamat\u00f3ria que pode levar a dificuldades respirat\u00f3rias e tosse devido \u00e0 acumula\u00e7\u00e3o de l\u00edquidos nos pulm\u00f5es e nas cavidades pleural ou peritoneal, respetivamente.<\/p>\n<p>Os sintomas da pneumonia aparecem geralmente duas semanas ap\u00f3s a exposi\u00e7\u00e3o ao coronav\u00edrus felino, incluindo perda de apetite, letargia, febre, respira\u00e7\u00e3o r\u00e1pida, aumento do ritmo card\u00edaco, respira\u00e7\u00e3o dif\u00edcil (conhecida como dispneia), perda de peso e tosse com muco sanguinolento.<\/p>\n<h2><strong>Ter CKD e FIP<\/strong><\/h2>\n<p>Os gatos com Doen\u00e7a Renal Cr\u00f3nica (DRC) correm um risco acrescido de desenvolver PIF, uma infe\u00e7\u00e3o viral potencialmente fatal. Estudos demonstraram que os gatos que sofrem de DRC n\u00e3o diagnosticada ou mal tratada podem ter maior probabilidade de contrair PIF, devido ao enfraquecimento do seu sistema imunit\u00e1rio causado pela doen\u00e7a anterior.<\/p>\n<p>De facto, a DRC \u00e9 normalmente desmascarada quando a PIF aparece num animal afetado &#8211; indicando que j\u00e1 estava presente antes de mostrar sinais de PIF. Isto sugere uma rela\u00e7\u00e3o entre as duas doen\u00e7as e o impacto negativo que podem ter uma na outra.<\/p>\n<p>Felizmente, o diagn\u00f3stico precoce da CCC e da PIF pode proporcionar aos gatos melhores resultados, uma vez que o tratamento imediato de ambas as doen\u00e7as pode abrandar a sua progress\u00e3o e melhorar os sintomas associados, como a insufici\u00eancia renal ou a febre.<\/p>\n<h2>Ter FELV e FIP<\/h2>\n<p>A infe\u00e7\u00e3o pelo v\u00edrus da leucemia felina (FeLV) \u00e9 uma co-morbilidade comum da PIF. A maioria dos gatos que desenvolvem PIF tem uma doen\u00e7a ou infe\u00e7\u00e3o pr\u00e9-existente, como o FeLV, o que os torna mais propensos a v\u00edrus e outros agentes infecciosos.<\/p>\n<p>A muta\u00e7\u00e3o do v\u00edrus pode levar a infec\u00e7\u00f5es oportunistas em sistemas imunit\u00e1rios enfraquecidos, resultando no desenvolvimento da doen\u00e7a. Quando a infe\u00e7\u00e3o por FeLV est\u00e1 presente na PIF, muitos gatos infectados apresentam panleucopenia profunda &#8211; uma diminui\u00e7\u00e3o dos gl\u00f3bulos brancos que prejudica a imunidade do gato.<\/p>\n<p>Este tipo de anemia provoca uma diminui\u00e7\u00e3o dr\u00e1stica dos n\u00edveis de plaquetas e aumenta a fragilidade das veias e art\u00e9rias, provocando problemas de hemorragia em todo o corpo. Outras condi\u00e7\u00f5es associadas ao FeLV incluem doen\u00e7as malignas, imunossupress\u00e3o e aumento da carga viral nos gatos afectados, factores que contribuem para um decl\u00ednio significativo do seu estado de sa\u00fade ap\u00f3s o diagn\u00f3stico de PIF.<\/p>\n<h2>Ter cancro e PIF<\/h2>\n<p>Os gatos que desenvolvem cancro, ou neoplasia felina, podem ser igualmente suscept\u00edveis de contrair outras doen\u00e7as concomitantes, como a PIF. Embora n\u00e3o existam provas que sugiram uma rela\u00e7\u00e3o direta entre ter cancro e a PIF nos gatos, os especialistas reconhecem uma maior vulnerabilidade de alguns gatos com cancro que tamb\u00e9m contraem a PIF.<\/p>\n<p>\u00c9 prov\u00e1vel que o sistema imunit\u00e1rio mais fraco das pessoas infectadas por uma destas doen\u00e7as contribua para que ambas ocorram ao mesmo tempo.<\/p>\n<p>Os sintomas podem sobrepor-se um pouco, dependendo dos tipos espec\u00edficos de cancros e da estirpe de v\u00edrus envolvida na PIF, tais como perda\/ganho de peso cr\u00f3nico, letargia, falta de sa\u00fade em geral, epis\u00f3dios recorrentes de febre ou problemas respirat\u00f3rios s\u00e3o observados entre os gatos afectados por ambas as doen\u00e7as simultaneamente.<\/p>\n<p>Devido ao facto de estas duas doen\u00e7as partilharem alguns indicadores comuns, um diagn\u00f3stico definitivo requer normalmente um exame completo do painel sangu\u00edneo, que permite aos veterin\u00e1rios uma melhor an\u00e1lise da natureza e extens\u00e3o das infec\u00e7\u00f5es.<\/p>\n<h2>Ter doen\u00e7as auto-imunes e PIF<\/h2>\n<p>Os donos de gatos t\u00eam de estar conscientes dos potenciais factores de risco associados \u00e0 PIF, um dos quais pode ser uma doen\u00e7a autoimune. As doen\u00e7as auto-imunes ocorrem nos gatos quando os anticorpos do organismo atacam os seus pr\u00f3prios tecidos e \u00f3rg\u00e3os em vez de subst\u00e2ncias estranhas, como bact\u00e9rias e v\u00edrus.<\/p>\n<p>Este estado enfraquecido do sistema imunit\u00e1rio torna-o mais vulner\u00e1vel a infec\u00e7\u00f5es como a PIF. Al\u00e9m disso, condi\u00e7\u00f5es pr\u00e9-existentes de doen\u00e7as auto-imunes podem criar um ambiente para muta\u00e7\u00f5es nos coronav\u00edrus que s\u00e3o originalmente inofensivos, mas que podem evoluir para PIF, causando danos \u00e0s c\u00e9lulas de \u00f3rg\u00e3os vitais.<\/p>\n<p>Devido \u00e0 sua natureza de doen\u00e7a transmitida pelo ar, mesmo os gatos saud\u00e1veis e sem qualquer doen\u00e7a pr\u00e9-existente podem estar em risco se tiverem sido expostos a um gato infetado que pata o nariz ou espirra perto deles.<\/p>\n<h2>Infe\u00e7\u00e3o bacteriana e PIF<\/h2>\n<p>Os donos de gatos devem estar cientes de que as infec\u00e7\u00f5es bacterianas podem desempenhar um papel no desenvolvimento e progress\u00e3o da PIF.<\/p>\n<p>Al\u00e9m disso, uma infe\u00e7\u00e3o bacteriana n\u00e3o tratada pode enfraquecer ainda mais o sistema imunit\u00e1rio de um gato, levando-o a sucumbir mais rapidamente \u00e0 PIF se estiver infetado com ela<\/p>\n<h2>Ter FHV e FIP<\/h2>\n<p>Quando um gato est\u00e1 infetado tanto com o Herpesv\u00edrus Felino (FHV) como com a PIF, este pode ser um caso especialmente grave. O FHV enfraquece a capacidade do organismo de combater outras doen\u00e7as, deixando os gatos mais suscept\u00edveis de adoecer de outras infec\u00e7\u00f5es, como a PIF.<\/p>\n<p>Al\u00e9m disso, os sinais da doen\u00e7a podem progredir mais rapidamente devido ao enfraquecimento do sistema imunit\u00e1rio. Isto porque, dependendo da estirpe selecionada por muta\u00e7\u00e3o gen\u00e9tica, se dois agentes, como o FHV e o FIP neste caso, estiverem presentes ao mesmo tempo, contribuem simultaneamente para a inflama\u00e7\u00e3o e causam efeitos directos prejudiciais adicionais dos seus pr\u00f3prios ciclos de replica\u00e7\u00e3o dentro das c\u00e9lulas.<\/p>\n<h2>Com FIV e PIF<\/h2>\n<p>Ter tanto o FIV (V\u00edrus da Imunodefici\u00eancia Felina) como a PIF pode aumentar significativamente os riscos para a sa\u00fade dos gatos, uma vez que existe a possibilidade de uma dupla infe\u00e7\u00e3o.<\/p>\n<p>Infelizmente, isto aumenta o risco de complica\u00e7\u00f5es graves, como a fal\u00eancia de \u00f3rg\u00e3os, a perda de peso e at\u00e9 a morte. Por esta raz\u00e3o, \u00e9 importante que os donos de gatos fa\u00e7am um teste ao seu animal de estima\u00e7\u00e3o se suspeitarem de alguma destas doen\u00e7as.<\/p>\n<p>O principal problema que ocorre quando se tem FIV e FPV em gatos \u00e9 que enfraquece substancialmente o sistema imunit\u00e1rio do animal, o que o torna mais suscet\u00edvel a doen\u00e7as ou infec\u00e7\u00f5es por bact\u00e9rias ou v\u00edrus.<\/p>\n<p>Quando os gatos s\u00e3o infectados por duas doen\u00e7as ao mesmo tempo, isso pode exacerbar os sintomas e tamb\u00e9m complicar as op\u00e7\u00f5es de tratamento. Em alguns casos, um gato pode mostrar apenas sinais de uma doen\u00e7a no in\u00edcio &#8211; mas depois desenvolver as duas em conjunto devido a uma imunidade enfraquecida ao longo do tempo &#8211; por isso \u00e9 fundamental estar atento a sinais de alerta precoce como febre, fadiga e aumento da frequ\u00eancia respirat\u00f3ria.<\/p>\n<h2>Ter PIF durante a gravidez<\/h2>\n<p>A PIF durante a gravidez \u00e9 especialmente preocupante para uma gata e os seus gatinhos. A PIF pode ocorrer num pequeno n\u00famero de gatas gr\u00e1vidas, conduzindo a uma taxa de mortalidade grave tanto na m\u00e3e como na ninhada de gatinhos por nascer.<\/p>\n<p>Esta doen\u00e7a progride rapidamente, com poucas hip\u00f3teses de recupera\u00e7\u00e3o, uma vez que os gatos infectados por este v\u00edrus sofrem de acumula\u00e7\u00e3o de fluidos nas cavidades corporais, imobilidade intestinal, insufici\u00eancia renal, danos no f\u00edgado ou inflama\u00e7\u00e3o de outros \u00f3rg\u00e3os.<\/p>\n<p>Para piorar a situa\u00e7\u00e3o, mesmo que um feto ainda esteja vivo nas \u00faltimas fases da gravidez quando a m\u00e3e contrai PIF, pode sucumbir devido \u00e0 falta de nutri\u00e7\u00e3o adequada causada pelo estado debilitado da m\u00e3e.<\/p>\n<p>Dado que a infe\u00e7\u00e3o por PIF durante a gravidez pode ser cr\u00edtica tanto para a m\u00e3e como para os beb\u00e9s afectados, os donos devem procurar rapidamente assist\u00eancia m\u00e9dica se detectarem quaisquer sintomas relacionados com esta doen\u00e7a enquanto a sua gata est\u00e1 gr\u00e1vida.<\/p>\n","protected":false},"excerpt":{"rendered":"<p>Porque \u00e9 que a PIF ocorre frequentemente com outras doen\u00e7as? Os gatos com outras doen\u00e7as que n\u00e3o a PIF s\u00e3o muitas vezes coincidentemente positivos para anticorpos contra o FCoV ou o v\u00edrus. Aqui est\u00e3o 9 comorbidades comuns da PIF. A PIF pode resultar de um enfraquecimento do sistema imunit\u00e1rio devido a condi\u00e7\u00f5es pr\u00e9-existentes, de uma [&hellip;]<\/p>\n","protected":false},"author":1,"featured_media":16881,"parent":0,"menu_order":0,"comment_status":"closed","ping_status":"closed","template":"","meta":{"_glsr_average":0,"_glsr_ranking":0,"_glsr_reviews":0,"footnotes":""},"categories":[682],"tags":[],"_links":{"self":[{"href":"https:\/\/fipmed.co\/pt-br\/wp-json\/wp\/v2\/pages\/17147"}],"collection":[{"href":"https:\/\/fipmed.co\/pt-br\/wp-json\/wp\/v2\/pages"}],"about":[{"href":"https:\/\/fipmed.co\/pt-br\/wp-json\/wp\/v2\/types\/page"}],"author":[{"embeddable":true,"href":"https:\/\/fipmed.co\/pt-br\/wp-json\/wp\/v2\/users\/1"}],"replies":[{"embeddable":true,"href":"https:\/\/fipmed.co\/pt-br\/wp-json\/wp\/v2\/comments?post=17147"}],"version-history":[{"count":0,"href":"https:\/\/fipmed.co\/pt-br\/wp-json\/wp\/v2\/pages\/17147\/revisions"}],"wp:featuredmedia":[{"embeddable":true,"href":"https:\/\/fipmed.co\/pt-br\/wp-json\/wp\/v2\/media\/16881"}],"wp:attachment":[{"href":"https:\/\/fipmed.co\/pt-br\/wp-json\/wp\/v2\/media?parent=17147"}],"wp:term":[{"taxonomy":"category","embeddable":true,"href":"https:\/\/fipmed.co\/pt-br\/wp-json\/wp\/v2\/categories?post=17147"},{"taxonomy":"post_tag","embeddable":true,"href":"https:\/\/fipmed.co\/pt-br\/wp-json\/wp\/v2\/tags?post=17147"}],"curies":[{"name":"wp","href":"https:\/\/api.w.org\/{rel}","templated":true}]}}