{"id":17158,"date":"2024-03-25T07:24:09","date_gmt":"2024-03-25T07:24:09","guid":{"rendered":"https:\/\/fipmed.co\/tudo-sobre-fip-relapse-prevencao-causas-e-tratamento\/"},"modified":"2024-03-25T07:24:09","modified_gmt":"2024-03-25T07:24:09","slug":"tudo-sobre-fip-relapse-prevencao-causas-e-tratamento","status":"publish","type":"page","link":"https:\/\/fipmed.co\/pt-br\/tudo-sobre-fip-relapse-prevencao-causas-e-tratamento\/","title":{"rendered":"Tudo sobre a reca\u00edda da PIF: Preven\u00e7\u00e3o, causas e tratamento"},"content":{"rendered":"<p>&nbsp;<\/p>\n<h2>Porque \u00e9 que ocorre uma reca\u00edda da PIF?<\/h2>\n<p>A PIF \u00e9 causada por um v\u00edrus, pelo que a doen\u00e7a pode permanecer latente (inativa) no organismo de um gato infetado durante algum tempo ap\u00f3s o tratamento inicial. Uma reca\u00edda da PIF pode ocorrer mesmo meses ou semanas ap\u00f3s o fim do tratamento, se o v\u00edrus se reativar.<\/p>\n<p>Al\u00e9m disso, verificou-se que as reca\u00eddas s\u00e3o mais comuns em gatos com sintomas neurol\u00f3gicos de PIF em compara\u00e7\u00e3o com outras formas da doen\u00e7a, tornando-os particularmente vulner\u00e1veis a este problema.<\/p>\n<p>Para casos bem estabelecidos que envolvam infec\u00e7\u00f5es dos olhos, do c\u00e9rebro e da coluna vertebral, pode ser necess\u00e1rio um tratamento m\u00ednimo de 12 semanas para a resolu\u00e7\u00e3o e recupera\u00e7\u00e3o totais da PIF.<\/p>\n<h2>Como evitar uma reca\u00edda da PIF durante o tratamento com GS441524?<\/h2>\n<h3>N\u00e3o utilizes imunossupressores<\/h3>\n<p>Os imunossupressores s\u00e3o medicamentos normalmente prescritos para reduzir os danos causados pela inflama\u00e7\u00e3o no tratamento da peritonite infecciosa felina (PIF) no per\u00edodo inicial.<\/p>\n<p>Os medicamentos imunossupressores podem interferir com a capacidade do organismo para recuperar da PIF, uma vez que enfraquecem os sistemas de defesa naturais, diminuindo a inflama\u00e7\u00e3o e suprimindo a imunidade. Isto pode levar a um aumento do risco de reca\u00edda ou de outras complica\u00e7\u00f5es, como a infe\u00e7\u00e3o.<\/p>\n<h3>Continua o tratamento durante um m\u00ednimo de 84 dias<\/h3>\n<p>A recomenda\u00e7\u00e3o de tratar os gatos com recidiva da PIFGS441524 durante 84 dias \u00e9 apoiada pela investiga\u00e7\u00e3o, demonstrando que aumenta a efic\u00e1cia do tratamento. Dos 393 doentes, 90% obtiveram um curso bem sucedido com a administra\u00e7\u00e3o de GS441524 durante 12 semanas e 11,4% prolongaram o tratamento para al\u00e9m dos 84 dias, obtendo resultados ainda melhores.<\/p>\n<p>Isto refor\u00e7a ainda mais a import\u00e2ncia de completar a dose total recomendada para otimizar as taxas de sucesso.<\/p>\n<p>A subdosagem de GS441524 aumenta o risco de reca\u00edda e de resist\u00eancia ao medicamento, o que pode resultar no insucesso do tratamento do teu companheiro felino.<\/p>\n<h3>Fornecer hidrata\u00e7\u00e3o suficiente e apoio nutricional<\/h3>\n<p>\u00c9 essencial fornecer hidrata\u00e7\u00e3o adequada e apoio nutricional durante o tratamento da reca\u00edda da PIF. A hidrata\u00e7\u00e3o \u00e9 extremamente importante no tratamento de gatos com PIF, uma vez que ajuda a manter a fun\u00e7\u00e3o normal dos \u00f3rg\u00e3os e apoia a resposta do sistema imunit\u00e1rio contra o v\u00edrus.<\/p>\n<p>Para al\u00e9m disso, pode ajudar a reduzir alguns dos problemas de coagula\u00e7\u00e3o sangu\u00ednea associados a esta doen\u00e7a. Entretanto, uma nutri\u00e7\u00e3o adequada desempenha um papel essencial no apoio \u00e0 cura e \u00e0 recupera\u00e7\u00e3o.<\/p>\n<p>\u00c9 necess\u00e1ria uma ingest\u00e3o adequada de prote\u00ednas para fortalecer os m\u00fasculos afectados pela infe\u00e7\u00e3o e restaurar os n\u00edveis de energia perdidos devido a um estado enfraquecido ou aos efeitos secund\u00e1rios da medica\u00e7\u00e3o, enquanto certos suplementos alimentares podem ajudar a aumentar a imunidade do gato para combater o v\u00edrus.<\/p>\n<h2>Como tratar uma reca\u00edda se esta ocorrer?<\/h2>\n<h3>Aumenta a dose de GS441524<\/h3>\n<p>Se ocorrer uma reca\u00edda ap\u00f3s o tratamento da PIF em gatos, \u00e9 necess\u00e1rio aumentar a dose de GS441524 em 50%. Uma dose mais elevada pode melhorar a efic\u00e1cia no tratamento de reca\u00eddas de PIF.<\/p>\n<p>Se o teu gato tiver desenvolvido uma elevada resist\u00eancia ao GS441524, podes combinar o tratamento com o GC376. No entanto, quando ocorrem reca\u00eddas, as hip\u00f3teses de o gato sobreviver s\u00e3o geralmente reduzidas.<\/p>\n","protected":false},"excerpt":{"rendered":"<p>&nbsp; Porque \u00e9 que ocorre uma reca\u00edda da PIF? A PIF \u00e9 causada por um v\u00edrus, pelo que a doen\u00e7a pode permanecer latente (inativa) no organismo de um gato infetado durante algum tempo ap\u00f3s o tratamento inicial. Uma reca\u00edda da PIF pode ocorrer mesmo meses ou semanas ap\u00f3s o fim do tratamento, se o v\u00edrus [&hellip;]<\/p>\n","protected":false},"author":1,"featured_media":16867,"parent":0,"menu_order":0,"comment_status":"closed","ping_status":"closed","template":"","meta":{"_glsr_average":0,"_glsr_ranking":0,"_glsr_reviews":0,"footnotes":""},"categories":[682],"tags":[],"_links":{"self":[{"href":"https:\/\/fipmed.co\/pt-br\/wp-json\/wp\/v2\/pages\/17158"}],"collection":[{"href":"https:\/\/fipmed.co\/pt-br\/wp-json\/wp\/v2\/pages"}],"about":[{"href":"https:\/\/fipmed.co\/pt-br\/wp-json\/wp\/v2\/types\/page"}],"author":[{"embeddable":true,"href":"https:\/\/fipmed.co\/pt-br\/wp-json\/wp\/v2\/users\/1"}],"replies":[{"embeddable":true,"href":"https:\/\/fipmed.co\/pt-br\/wp-json\/wp\/v2\/comments?post=17158"}],"version-history":[{"count":0,"href":"https:\/\/fipmed.co\/pt-br\/wp-json\/wp\/v2\/pages\/17158\/revisions"}],"wp:featuredmedia":[{"embeddable":true,"href":"https:\/\/fipmed.co\/pt-br\/wp-json\/wp\/v2\/media\/16867"}],"wp:attachment":[{"href":"https:\/\/fipmed.co\/pt-br\/wp-json\/wp\/v2\/media?parent=17158"}],"wp:term":[{"taxonomy":"category","embeddable":true,"href":"https:\/\/fipmed.co\/pt-br\/wp-json\/wp\/v2\/categories?post=17158"},{"taxonomy":"post_tag","embeddable":true,"href":"https:\/\/fipmed.co\/pt-br\/wp-json\/wp\/v2\/tags?post=17158"}],"curies":[{"name":"wp","href":"https:\/\/api.w.org\/{rel}","templated":true}]}}