{"id":17169,"date":"2024-03-25T05:50:49","date_gmt":"2024-03-25T05:50:49","guid":{"rendered":"https:\/\/fipmed.co\/factores-de-risco-da-peritonite-infecciosa-felina-fip\/"},"modified":"2024-03-25T05:50:49","modified_gmt":"2024-03-25T05:50:49","slug":"factores-de-risco-da-peritonite-infecciosa-felina-fip","status":"publish","type":"page","link":"https:\/\/fipmed.co\/pt-br\/factores-de-risco-da-peritonite-infecciosa-felina-fip\/","title":{"rendered":"Peritonite infecciosa felina: Factores de risco da PIF"},"content":{"rendered":"<p><strong>Quais s\u00e3o alguns dos factores de risco da PIF?<\/strong><\/p>\n<p>Alguns gatos s\u00e3o mais propensos a contrair PIF do que outros, embora o Coronav\u00edrus respons\u00e1vel por esta doen\u00e7a se encontre em todo o lado. Abaixo est\u00e3o alguns dos factores de risco que aumentam o risco de um gato contrair PIF.<\/p>\n<p>&nbsp;<\/p>\n<p><strong>Idade<\/strong><\/p>\n<p>50% dos gatos que desenvolvem PIF t\u00eam menos de 2 anos de idade, pelo que foram provavelmente infectados enquanto gatinhos, quando o seu sistema imunit\u00e1rio era demasiado jovem para lidar com a infe\u00e7\u00e3o pelo FCoV.<\/p>\n<p>Os gatos mais jovens e os gatos idosos t\u00eam frequentemente um sistema imunit\u00e1rio imaturo ou enfraquecido que os pode colocar em maior risco de desenvolver PIF. Os gatinhos jovens tamb\u00e9m podem ter sido expostos ao v\u00edrus quando estiveram em gatis ou abrigos.<\/p>\n<p>&nbsp;<\/p>\n<p><strong>Ra\u00e7a como PIF Factores de risco<\/strong><\/p>\n<p>Certas ra\u00e7as, como os gatos de ra\u00e7a pura ou os gatos de gatis, podem ter um risco mais elevado de PIF. Os gatos persas e as ra\u00e7as afins parecem ser mais suscept\u00edveis. H\u00e1 provas que sugerem que os gatos persas s\u00e3o portadores de &#8220;alelos predisponentes&#8221; para esta doen\u00e7a, o que os torna vulner\u00e1veis quando expostos ao v\u00edrus que causa a PIF.<\/p>\n<p>Os gatos de gatis ou de linhas de ra\u00e7a pura podem ser especialmente propensos a desenvolver PIF. Os Abiss\u00ednios, Bengalas, Birm\u00e3s, Himalaias, Ragdolls e Rexes t\u00eam um risco significativamente mais elevado de contrair a doen\u00e7a em compara\u00e7\u00e3o com outros gatos.<\/p>\n<p>Outras ra\u00e7as de gatos, incluindo birmaneses, p\u00ealos curtos ex\u00f3ticos, manxes, persas e azuis russos, s\u00e3o tamb\u00e9m consideradas mais suscept\u00edveis \u00e0 PIF devido \u00e0 gen\u00e9tica e \u00e0 sua maior exposi\u00e7\u00e3o em programas de reprodu\u00e7\u00e3o.<\/p>\n<p>Pensa-se que certos factores gen\u00e9ticos associados aos gatos persas (e \u00e0s ra\u00e7as associadas) os tornam ligeiramente menos capazes do que outras esp\u00e9cies felinas de controlar o v\u00edrus que causa a PIF &#8211; tornando-os mais propensos \u00e0 infe\u00e7\u00e3o se entrarem em contacto com ele.<\/p>\n<p>&nbsp;<\/p>\n<p><strong>Condi\u00e7\u00f5es de vida lotadas<\/strong><strong> <\/strong><\/p>\n<p>Os gatos que vivem em ambientes com muita gente ou stress, como casas com v\u00e1rios gatos ou abrigos, podem ter um maior risco de exposi\u00e7\u00e3o ao coronav\u00edrus felino, o que pode aumentar a probabilidade de desenvolver PIF.<\/p>\n<p>Alguns factores de risco da PIF relacionados com a vida em condi\u00e7\u00f5es de aglomera\u00e7\u00e3o incluem a proximidade com outros gatos, a partilha de recursos (como pratos de comida, caixas de areia e camas) e sistemas imunit\u00e1rios enfraquecidos devido ao stress.<\/p>\n<p>A exposi\u00e7\u00e3o a outros gatos \u00e9 um fator importante de transmiss\u00e3o, uma vez que os gatos infectados libertam o v\u00edrus na sua saliva ou fezes. O contacto pr\u00f3ximo entre gatos permite que o v\u00edrus se propague mais facilmente.<\/p>\n<p>Nos agregados familiares com v\u00e1rios gatos e nos abrigos, \u00e9 importante reduzir as possibilidades de transmiss\u00e3o, promovendo boas pr\u00e1ticas de higiene, tais como a desinfe\u00e7\u00e3o das superf\u00edcies com produtos de limpeza dom\u00e9stica e a lavagem regular das m\u00e3os entre as car\u00edcias dos diferentes felinos.<\/p>\n<p>Tamb\u00e9m \u00e9 importante encorajar comportamentos saud\u00e1veis entre os gatos, incluindo providenciar um espa\u00e7o amplo por gato para que n\u00e3o lutem por territ\u00f3rio. Utiliza medidas de controlo de pragas, como tratamentos de preven\u00e7\u00e3o de pulgas, se necess\u00e1rio, e oferece actividades de enriquecimento, como brinquedos\/comedores\/torres de escalada, etc.<\/p>\n<p>Certifica-te de que os gatos s\u00e3o alimentados de forma igual, sem que tenham de &#8220;lutar&#8221; pela comida, e proporciona-lhes locais de repouso confort\u00e1veis.<\/p>\n<p>&nbsp;<\/p>\n<p><strong>Gen\u00e9tica<\/strong><\/p>\n<p>Alguns gatos podem ter uma predisposi\u00e7\u00e3o gen\u00e9tica que os torna mais suscept\u00edveis de desenvolver PIF. Isto pode estar relacionado com o seu sistema imunit\u00e1rio ou com a sua capacidade de controlar o coronav\u00edrus felino.<\/p>\n<p>A composi\u00e7\u00e3o gen\u00e9tica de um gato pode torn\u00e1-lo mais vulner\u00e1vel \u00e0 infe\u00e7\u00e3o, quer tornando-o incapaz de reconhecer e combater as part\u00edculas de v\u00edrus invasoras, quer tornando as suas membranas celulares menos resistentes ao v\u00edrus.<\/p>\n<p>Podem tamb\u00e9m tornar certas c\u00e9lulas dos gatos suscept\u00edveis a uma resposta imunit\u00e1ria que desencadear\u00e1 uma inflama\u00e7\u00e3o que conduzir\u00e1 a mais danos nos tecidos. Al\u00e9m disso, alguns gatos podem n\u00e3o ter a capacidade de controlar a replica\u00e7\u00e3o da estirpe perigosa do coronav\u00edrus felino associada \u00e0 PIF, aumentando assim a sua suscetibilidade de desenvolver esta doen\u00e7a.<\/p>\n<p>&nbsp;<\/p>\n<p><strong>Stress<\/strong><\/p>\n<p>O stress afecta negativamente o sistema imunit\u00e1rio dos gatos, reduzindo a sua capacidade de combater as infec\u00e7\u00f5es. Os gatos podem ficar stressados quando sofrem qualquer altera\u00e7\u00e3o significativa no seu ambiente ou rotina, como uma mudan\u00e7a de casa ou a apresenta\u00e7\u00e3o de um novo animal de estima\u00e7\u00e3o.<\/p>\n<p>Quando um gato \u00e9 exposto a factores de stress, o seu corpo liberta hormonas que suprimem a produ\u00e7\u00e3o e a fun\u00e7\u00e3o de certas c\u00e9lulas imunit\u00e1rias. Isto faz com que o desempenho geral do sistema imunit\u00e1rio do gato diminua, tornando-o mais suscet\u00edvel n\u00e3o s\u00f3 \u00e0 PIF mas tamb\u00e9m a outras doen\u00e7as ou enfermidades, como as causadas por parasitas e bact\u00e9rias.<\/p>\n<p>A maioria dos gatos que desenvolvem PIF tem um historial de stress algumas semanas ou meses antes do desenvolvimento da PIF.<\/p>\n<p>Como tal, proporcionar aos teus animais de estima\u00e7\u00e3o actividades de enriquecimento ambiental e minimizar potenciais fontes de stress pode ajudar a reduzir a sua vulnerabilidade a esta doen\u00e7a.<\/p>\n<p>&nbsp;<\/p>\n<p><strong>Estado do sistema imunit\u00e1rio<\/strong><strong> <\/strong><\/p>\n<p>Os gatos com o sistema imunit\u00e1rio comprometido, como os que t\u00eam o v\u00edrus da leucemia felina (FeLV) ou o v\u00edrus da imunodefici\u00eancia felina (FIV), correm um maior risco de desenvolver PIF.<\/p>\n<p>O FeLV e o FIV s\u00e3o infec\u00e7\u00f5es virais que afectam os gatos e que atacam o sistema imunit\u00e1rio do gato. Como resultado, os gatos com sistemas imunit\u00e1rios enfraquecidos devido a qualquer um dos v\u00edrus t\u00eam frequentemente dificuldade em combater outras doen\u00e7as ou enfermidades, incluindo a PIF.<\/p>\n<p>Os gatos com doen\u00e7as subjacentes, como o FeLV ou o FIV, podem ser menos capazes de montar uma resposta eficaz contra a infe\u00e7\u00e3o por coronav\u00edrus quando expostos a ela e mais suscept\u00edveis de sucumbir ao desenvolvimento da doen\u00e7a.<\/p>\n<p>A melhor maneira de os pais de animais de estima\u00e7\u00e3o minimizarem o risco de o seu gato desenvolver PIF \u00e9 conhecer o seu historial de sa\u00fade. As visitas regulares ao veterin\u00e1rio devem incluir exames completos da sa\u00fade geral do teu animal de estima\u00e7\u00e3o, incluindo testes para estes v\u00edrus, para que possas detetar quaisquer sinais precocemente e fornecer ao teu gato os cuidados e tratamento adequados, se necess\u00e1rio.<\/p>\n","protected":false},"excerpt":{"rendered":"<p>Quais s\u00e3o alguns dos factores de risco da PIF? Alguns gatos s\u00e3o mais propensos a contrair PIF do que outros, embora o Coronav\u00edrus respons\u00e1vel por esta doen\u00e7a se encontre em todo o lado. Abaixo est\u00e3o alguns dos factores de risco que aumentam o risco de um gato contrair PIF. &nbsp; Idade 50% dos gatos que [&hellip;]<\/p>\n","protected":false},"author":1,"featured_media":16824,"parent":0,"menu_order":0,"comment_status":"closed","ping_status":"closed","template":"","meta":{"_glsr_average":0,"_glsr_ranking":0,"_glsr_reviews":0,"footnotes":""},"categories":[682],"tags":[],"_links":{"self":[{"href":"https:\/\/fipmed.co\/pt-br\/wp-json\/wp\/v2\/pages\/17169"}],"collection":[{"href":"https:\/\/fipmed.co\/pt-br\/wp-json\/wp\/v2\/pages"}],"about":[{"href":"https:\/\/fipmed.co\/pt-br\/wp-json\/wp\/v2\/types\/page"}],"author":[{"embeddable":true,"href":"https:\/\/fipmed.co\/pt-br\/wp-json\/wp\/v2\/users\/1"}],"replies":[{"embeddable":true,"href":"https:\/\/fipmed.co\/pt-br\/wp-json\/wp\/v2\/comments?post=17169"}],"version-history":[{"count":0,"href":"https:\/\/fipmed.co\/pt-br\/wp-json\/wp\/v2\/pages\/17169\/revisions"}],"wp:featuredmedia":[{"embeddable":true,"href":"https:\/\/fipmed.co\/pt-br\/wp-json\/wp\/v2\/media\/16824"}],"wp:attachment":[{"href":"https:\/\/fipmed.co\/pt-br\/wp-json\/wp\/v2\/media?parent=17169"}],"wp:term":[{"taxonomy":"category","embeddable":true,"href":"https:\/\/fipmed.co\/pt-br\/wp-json\/wp\/v2\/categories?post=17169"},{"taxonomy":"post_tag","embeddable":true,"href":"https:\/\/fipmed.co\/pt-br\/wp-json\/wp\/v2\/tags?post=17169"}],"curies":[{"name":"wp","href":"https:\/\/api.w.org\/{rel}","templated":true}]}}