{"id":23016,"date":"2024-05-13T08:24:56","date_gmt":"2024-05-13T08:24:56","guid":{"rendered":"https:\/\/fipmed.co\/registro-do-programa-de-parceiros-sem-fins-lucrativos-da-fipmed\/"},"modified":"2024-05-13T08:24:56","modified_gmt":"2024-05-13T08:24:56","slug":"registro-do-programa-de-parceiros-sem-fins-lucrativos-da-fipmed","status":"publish","type":"page","link":"https:\/\/fipmed.co\/pt-br\/registro-do-programa-de-parceiros-sem-fins-lucrativos-da-fipmed\/","title":{"rendered":"Registro do programa de parceiros sem fins lucrativos da FIPMed"},"content":{"rendered":"<p>Bem-vindo ao programa de parceiros sem fins lucrativos da FIPMed.<br \/>\nEstamos ansiosos para colaborar com voc\u00ea para salvar os gatinhos com PIF.<br \/>\nParticipe do nosso Programa de Parceiros Sem Fins Lucrativos e ganhe uma comiss\u00e3o vital\u00edcia de 20% apenas compartilhando seu cupom exclusivo com os donos de gatos e doadores da sua comunidade.<br \/>\nVoc\u00ea tamb\u00e9m receber\u00e1 um desconto de US$ 10 em todos os produtos para tratamento da PIF comprados em nosso site.<br \/>\nObrigado por ler e espero ter voc\u00ea como parceiro.<br \/>\nDepois de se registrar, voc\u00ea poder\u00e1 compartilhar seu c\u00f3digo imediatamente.<br \/>\nCompartilhe-os como e onde voc\u00ea preferir.<br \/>\nVoc\u00ea tamb\u00e9m pode fazer login no painel de controle do seu parceiro acessando https:\/\/fipmed.co\/my-account\/         [couponaffiliates-register template=&#8221;10FORGOOD&#8221;]<\/p>\n","protected":false},"excerpt":{"rendered":"<p>Bem-vindo ao programa de parceiros sem fins lucrativos da FIPMed. Estamos ansiosos para colaborar com voc\u00ea para salvar os gatinhos com PIF. Participe do nosso Programa de Parceiros Sem Fins Lucrativos e ganhe uma comiss\u00e3o vital\u00edcia de 20% apenas compartilhando seu cupom exclusivo com os donos de gatos e doadores da sua comunidade. Voc\u00ea tamb\u00e9m [&hellip;]<\/p>\n","protected":false},"author":1,"featured_media":0,"parent":0,"menu_order":0,"comment_status":"closed","ping_status":"closed","template":"","meta":{"_glsr_average":0,"_glsr_ranking":0,"_glsr_reviews":0,"footnotes":""},"categories":[],"tags":[],"_links":{"self":[{"href":"https:\/\/fipmed.co\/pt-br\/wp-json\/wp\/v2\/pages\/23016"}],"collection":[{"href":"https:\/\/fipmed.co\/pt-br\/wp-json\/wp\/v2\/pages"}],"about":[{"href":"https:\/\/fipmed.co\/pt-br\/wp-json\/wp\/v2\/types\/page"}],"author":[{"embeddable":true,"href":"https:\/\/fipmed.co\/pt-br\/wp-json\/wp\/v2\/users\/1"}],"replies":[{"embeddable":true,"href":"https:\/\/fipmed.co\/pt-br\/wp-json\/wp\/v2\/comments?post=23016"}],"version-history":[{"count":0,"href":"https:\/\/fipmed.co\/pt-br\/wp-json\/wp\/v2\/pages\/23016\/revisions"}],"wp:attachment":[{"href":"https:\/\/fipmed.co\/pt-br\/wp-json\/wp\/v2\/media?parent=23016"}],"wp:term":[{"taxonomy":"category","embeddable":true,"href":"https:\/\/fipmed.co\/pt-br\/wp-json\/wp\/v2\/categories?post=23016"},{"taxonomy":"post_tag","embeddable":true,"href":"https:\/\/fipmed.co\/pt-br\/wp-json\/wp\/v2\/tags?post=23016"}],"curies":[{"name":"wp","href":"https:\/\/api.w.org\/{rel}","templated":true}]}}