{"id":5057,"date":"2022-11-25T15:16:05","date_gmt":"2022-11-25T15:16:05","guid":{"rendered":"https:\/\/fipmed.co\/fip-relapse-policy\/"},"modified":"2023-05-11T05:31:18","modified_gmt":"2023-05-11T05:31:18","slug":"pif-recaida","status":"publish","type":"page","link":"https:\/\/fipmed.co\/pt-br\/pif-recaida\/","title":{"rendered":"PIF Reca\u00edda"},"content":{"rendered":"\t\t<div data-elementor-type=\"wp-page\" data-elementor-id=\"5057\" class=\"elementor elementor-5057 elementor-32\">\n\t\t\t\t\t\t<section class=\"elementor-section elementor-top-section elementor-element elementor-element-672f648 elementor-section-boxed elementor-section-height-default elementor-section-height-default\" data-id=\"672f648\" data-element_type=\"section\">\n\t\t\t\t\t\t<div class=\"elementor-container elementor-column-gap-default\">\n\t\t\t\t\t<div class=\"elementor-column elementor-col-100 elementor-top-column elementor-element elementor-element-6547255\" data-id=\"6547255\" data-element_type=\"column\">\n\t\t\t<div class=\"elementor-widget-wrap elementor-element-populated\">\n\t\t\t\t\t\t<div class=\"elementor-element elementor-element-e63edf4 elementor-widget elementor-widget-text-editor\" data-id=\"e63edf4\" data-element_type=\"widget\" data-widget_type=\"text-editor.default\">\n\t\t\t\t<div class=\"elementor-widget-container\">\n\t\t\t\t\t\t\t\t\t<p class=\"p1\"><span class=\"Y2IQFc\" lang=\"pt\">Uma reca\u00edda de FIP ocorre em aproximadamente 3% dos gatos que se submeteram ao programa de tratamento FIP da FipMed. Como tal, o Programa de Reembolso de Reca\u00eddas FipMed pode cobrir suas preocupa\u00e7\u00f5es com uma reca\u00edda. <\/span><\/p><p>\u00a0<\/p><p class=\"p1\"><span style=\"color: #000080;\"><strong><span class=\"Y2IQFc\" lang=\"pt\">Para gatos que completaram 84 dias de tratamento usando apenas inje\u00e7\u00f5es de FipMed FIP ou c\u00e1psulas orais, h\u00e1 um desconto de 50% no tratamento de recidiva se ocorrer uma reca\u00edda de FIP. <\/span><\/strong><\/span><\/p><p class=\"p1\"><span class=\"Y2IQFc\" lang=\"pt\">Os requisitos para se qualificar para este programa incluem: <\/span><\/p><p class=\"p1\"><span class=\"Y2IQFc\" lang=\"pt\">1. A reca\u00edda ocorre dentro de 12 meses ap\u00f3s a conclus\u00e3o do tratamento completo inicial <\/span><\/p><p class=\"p1\"><span class=\"Y2IQFc\" lang=\"pt\">2. Data de in\u00edcio e t\u00e9rmino do tratamento do seu gato <\/span><\/p><p class=\"p1\"><span class=\"Y2IQFc\" lang=\"pt\">3. Resultados finais dos exames de sangue ap\u00f3s a conclus\u00e3o do programa de tratamento FipMed <\/span><\/p><p class=\"p1\"><span class=\"Y2IQFc\" lang=\"pt\">4. A quantidade de frascos e comprimidos de tratamento adquiridos para o tratamento inicial foi suficiente para 84 dias <\/span><\/p><p>\u00a0<\/p><p class=\"p1\"><span style=\"color: #000080;\"><strong><span class=\"Y2IQFc\" lang=\"pt\">Para gatos que n\u00e3o completaram 84 dias de tratamento, mas usaram exclusivamente medicamentos FipMed, h\u00e1 um desconto de 50% no tratamento de recidiva caso ocorra recidiva de FIP. <\/span><\/strong><\/span><\/p><p class=\"p1\"><span class=\"Y2IQFc\" lang=\"pt\">Muitos gatos se recuperam completamente de infec\u00e7\u00f5es por PIF em 84 dias. Agradecemos a decis\u00e3o sua e de seu veterin\u00e1rio de descontinuar o programa de tratamento precocemente nessas circunst\u00e2ncias. <\/span><\/p><p class=\"p1\"><span class=\"Y2IQFc\" lang=\"pt\">Oferecemos um desconto de 50% na terapia de reca\u00edda para gatos que recaem comer dentro de 6 meses ap\u00f3s o tr ter utilizado apenas Produtos FipMed. <\/span><\/p><p class=\"p1\"><span class=\"Y2IQFc\" lang=\"pt\">Os requisitos para se qualificar para este programa incluem: <\/span><\/p><p class=\"p1\"><span class=\"Y2IQFc\" lang=\"pt\">1. A reca\u00edda da FIP ocorre dentro de 6 meses ap\u00f3s a conclus\u00e3o do tratamento completo inicial <\/span><\/p><p class=\"p1\"><span class=\"Y2IQFc\" lang=\"pt\">2. Data de in\u00edcio e t\u00e9rmino do tratamento do seu gato <\/span><\/p><p class=\"p1\"><span class=\"Y2IQFc\" lang=\"pt\">3. Resultados finais do exame de sangue ap\u00f3s a conclus\u00e3o do programa de tratamento FipMed. <\/span><\/p><p class=\"p1\"><span class=\"Y2IQFc\" lang=\"pt\">4. Sem cirurgias invasivas como esteriliza\u00e7\u00e3o ou vacina\u00e7\u00e3o dentro de 84 dias ap\u00f3s o tratamento com FipMed <\/span><\/p><p class=\"p1\"><span class=\"Y2IQFc\" lang=\"pt\">5. A quantidade de frascos e comprimidos de tratamento adquiridos para o tratamento inicial foi suficiente para 45 dias <\/span><\/p><p class=\"p1\"><span class=\"Y2IQFc\" lang=\"pt\">NOTA: N\u00e3o oferecemos concess\u00f5es para gatos que conclu\u00edram nosso programa de tratamento sem antes passar por um exame de sangue completo para verificar se os par\u00e2metros cr\u00edticos retornaram \u00e0 faixa normal.<\/span><\/p>\t\t\t\t\t\t\t\t<\/div>\n\t\t\t\t<\/div>\n\t\t\t\t\t<\/div>\n\t\t<\/div>\n\t\t\t\t\t<\/div>\n\t\t<\/section>\n\t\t\t\t<\/div>\n\t\t","protected":false},"excerpt":{"rendered":"<p>Uma reca\u00edda de FIP ocorre em aproximadamente 3% dos gatos que se submeteram ao programa de tratamento FIP da FipMed. Como tal, o Programa de Reembolso de Reca\u00eddas FipMed pode cobrir suas preocupa\u00e7\u00f5es com uma reca\u00edda. Para gatos que completaram 84 dias de tratamento usando apenas inje\u00e7\u00f5es de FipMed FIP ou c\u00e1psulas orais, h\u00e1 um [&hellip;]<\/p>\n","protected":false},"author":1,"featured_media":0,"parent":0,"menu_order":0,"comment_status":"closed","ping_status":"closed","template":"","meta":{"_glsr_average":0,"_glsr_ranking":0,"_glsr_reviews":0,"footnotes":""},"categories":[],"tags":[],"_links":{"self":[{"href":"https:\/\/fipmed.co\/pt-br\/wp-json\/wp\/v2\/pages\/5057"}],"collection":[{"href":"https:\/\/fipmed.co\/pt-br\/wp-json\/wp\/v2\/pages"}],"about":[{"href":"https:\/\/fipmed.co\/pt-br\/wp-json\/wp\/v2\/types\/page"}],"author":[{"embeddable":true,"href":"https:\/\/fipmed.co\/pt-br\/wp-json\/wp\/v2\/users\/1"}],"replies":[{"embeddable":true,"href":"https:\/\/fipmed.co\/pt-br\/wp-json\/wp\/v2\/comments?post=5057"}],"version-history":[{"count":0,"href":"https:\/\/fipmed.co\/pt-br\/wp-json\/wp\/v2\/pages\/5057\/revisions"}],"wp:attachment":[{"href":"https:\/\/fipmed.co\/pt-br\/wp-json\/wp\/v2\/media?parent=5057"}],"wp:term":[{"taxonomy":"category","embeddable":true,"href":"https:\/\/fipmed.co\/pt-br\/wp-json\/wp\/v2\/categories?post=5057"},{"taxonomy":"post_tag","embeddable":true,"href":"https:\/\/fipmed.co\/pt-br\/wp-json\/wp\/v2\/tags?post=5057"}],"curies":[{"name":"wp","href":"https:\/\/api.w.org\/{rel}","templated":true}]}}