{"id":5067,"date":"2022-11-25T15:16:30","date_gmt":"2022-11-25T15:16:30","guid":{"rendered":"https:\/\/fipmed.co\/return-policy\/"},"modified":"2024-03-07T04:13:25","modified_gmt":"2024-03-07T04:13:25","slug":"politica-de-devolucao-fip","status":"publish","type":"page","link":"https:\/\/fipmed.co\/pt-br\/politica-de-devolucao-fip\/","title":{"rendered":"Pol\u00edtica de devolu\u00e7\u00e3o do FIP"},"content":{"rendered":"\t\t<div data-elementor-type=\"wp-page\" data-elementor-id=\"5067\" class=\"elementor elementor-5067 elementor-34\">\n\t\t\t\t\t\t<section class=\"elementor-section elementor-top-section elementor-element elementor-element-c3897a7 elementor-section-boxed elementor-section-height-default elementor-section-height-default\" data-id=\"c3897a7\" data-element_type=\"section\">\n\t\t\t\t\t\t<div class=\"elementor-container elementor-column-gap-default\">\n\t\t\t\t\t<div class=\"elementor-column elementor-col-100 elementor-top-column elementor-element elementor-element-32e3bf0\" data-id=\"32e3bf0\" data-element_type=\"column\">\n\t\t\t<div class=\"elementor-widget-wrap elementor-element-populated\">\n\t\t\t\t\t\t<div class=\"elementor-element elementor-element-c7b81b6 elementor-widget elementor-widget-text-editor\" data-id=\"c7b81b6\" data-element_type=\"widget\" data-widget_type=\"text-editor.default\">\n\t\t\t\t<div class=\"elementor-widget-container\">\n\t\t\t\t\t\t\t\t\t<p><span style=\"font-kerning: none;\">Esta \u00e9 a nossa pol\u00edtica de devolu\u00e7\u00e3o FIP. Estamos confiantes na efic\u00e1cia da nossa terapia GS-441524. Se a nossa terapia GS-441524 n\u00e3o for capaz de salvar o seu gato da PIF, reembolsaremos 50% de todos os frascos n\u00e3o utilizados, bem como das tiras de comprimidos n\u00e3o abertas. N\u00e3o podemos revender os produtos, mas eles ser\u00e3o doados a abrigos para gatos. <\/span><\/p>\n<p><span style=\"font-kerning: none;\">Note-se que este reembolso \u00e9 apenas para o propriet\u00e1rio cujo gato tenha morrido e n\u00e3o tenha sido salvo apesar de ter sido tratado corretamente com os produtos Fipmed durante um m\u00ednimo de 14 dias. <\/span><\/p>\n<p><span style=\"font-kerning: none;\">O artigo comprado n\u00e3o deve ser utilizado e deve estar nas mesmas condi\u00e7\u00f5es em que o recebeu. Al\u00e9m disso, deve estar na sua embalagem original.<\/span><\/p>\n<p><span style=\"font-kerning: none;\">Esta garantia aplica-se a frascos ou comprimidos adquiridos no prazo de 21 dias ap\u00f3s a apresenta\u00e7\u00e3o da reclama\u00e7\u00e3o. Para cobrir as despesas de envio, os materiais de envio, a m\u00e3o de obra e os custos de transa\u00e7\u00e3o, como as taxas de gateway de pagamento, cobramos uma taxa de 80 USD.<\/span><\/p>\n<p><span style=\"font-kerning: none;\">Os frascos n\u00e3o abertos devem ser armazenados a 3-8\u00b0 Celsius ou \u00e0 temperatura ambiente para as c\u00e1psulas, longe da luz solar direta, at\u00e9 nos serem devolvidos.<\/span><\/p>\n<p><span style=\"color: var( --e-global-color-text ); font-weight: var( --e-global-typography-text-font-weight );\">Para evitar abusos, necessitaremos dos seguintes documentos (no m\u00ednimo) para processar o seu pedido:<\/span><\/p>\n<ol>\n<li>Anexar o relat\u00f3rio de diagn\u00f3stico da PIF do seu animal de estima\u00e7\u00e3o e as an\u00e1lises ao sangue para confirma\u00e7\u00e3o da PIF.<\/li>\n<\/ol>\n<ol start=\"2\">\n<li>Os registos da hist\u00f3ria cl\u00ednica do veterin\u00e1rio que tratou o seu animal de estima\u00e7\u00e3o, bem como a certifica\u00e7\u00e3o m\u00e9dica da morte do seu gato devido \u00e0 PIF.<\/li>\n<\/ol>\n<ol start=\"3\">\n<li>Recibos datados do mesmo veterin\u00e1rio.<\/li>\n<\/ol>\n<ol start=\"4\">\n<li>Formul\u00e1rio de devolu\u00e7\u00e3o preenchido (por favor descarregue <a href=\"http:\/\/fipmed.co\/wp-content\/uploads\/2023\/11\/FIPMed_Returns-Form.pdf\">aqui<\/a>)<\/li>\n<li>Dados banc\u00e1rios &#8211; o pagamento s\u00f3 pode ser efectuado a si ou ao veterin\u00e1rio respons\u00e1vel pelo tratamento.<\/li>\n<\/ol>\n<p>A apresenta\u00e7\u00e3o dos documentos acima referidos para fundamentar o seu pedido ajudar-nos-\u00e1 a processar e a emitir o seu reembolso sem demora. Poderemos contactar o seu prestador de cuidados veterin\u00e1rios ou o pr\u00f3prio utente se necessitarmos de mais informa\u00e7\u00f5es para fundamentar o seu pedido.<\/p>\n<p><span style=\"font-kerning: none;\"> Se n\u00e3o o fizer, o seu pedido n\u00e3o ser\u00e1 pago, exceto em circunst\u00e2ncias excepcionais.<\/span><\/p>\n<p><span style=\"font-kerning: none;\"><b>NOTA:<\/b><\/span><\/p>\n<p><span style=\"font-kerning: none;\">&#8211; Esta garantia n\u00e3o se aplica \u00e0s compras efectuadas atrav\u00e9s de qualquer programa de donativos.<\/span><\/p>\n<p><span style=\"color: var( --e-global-color-text ); font-weight: var( --e-global-typography-text-font-weight );\">&#8211; Os clientes ser\u00e3o respons\u00e1veis pelo custo do transporte de devolu\u00e7\u00e3o, bem como pelo transporte inicial.<\/span><\/p>\n<p><span style=\"font-kerning: none;\">&#8211; Verificaremos o artigo ap\u00f3s a sua rece\u00e7\u00e3o e inform\u00e1-lo-emos de que recebemos o artigo devolvido. Depois de verificarmos o artigo, inform\u00e1-lo-emos rapidamente sobre o estado do seu reembolso.<\/span><\/p>\n<p>&#8211; Aguarde at\u00e9 14 dias \u00fateis a partir da rece\u00e7\u00e3o dos artigos no nosso armaz\u00e9m para que a sua conta seja reembolsada.<\/p>\n<p>&#8211; Enviar-lhe-emos uma mensagem de correio eletr\u00f3nico assim que tivermos conclu\u00eddo o processo de reembolso.<\/p>\n<p><span style=\"font-kerning: none;\">&#8211; Se a sua devolu\u00e7\u00e3o for aceite, procederemos ao reembolso no seu cart\u00e3o de cr\u00e9dito ou conta banc\u00e1ria. <\/span><\/p>\n<p><span style=\"font-kerning: none;\">&#8211; Dependendo das restri\u00e7\u00f5es do emissor do seu cart\u00e3o, receber\u00e1 o seu reembolso num determinado n\u00famero de dias.<\/span><\/p>\n<p><span style=\"font-kerning: none;\">&#8211; As despesas de envio ser\u00e3o pagas pelo cliente quando este nos devolver o artigo. O custo de envio n\u00e3o \u00e9 reembols\u00e1vel.<\/span><\/p>\n<p>&#8211; N\u00e3o podemos autorizar ou garantir que o seu pedido de indemniza\u00e7\u00e3o ser\u00e1 pago enquanto n\u00e3o tivermos um formul\u00e1rio de pedido de indemniza\u00e7\u00e3o totalmente preenchido e n\u00e3o tivermos terminado a sua avalia\u00e7\u00e3o.<\/p>\n<p>&#8211; Os artigos que n\u00e3o cumpram as nossas directrizes de devolu\u00e7\u00e3o, ou que sejam devolvidos sem guia de devolu\u00e7\u00e3o, n\u00e3o ser\u00e3o reembolsados.<\/p>\n<p><span style=\"font-kerning: none;\">Contacte-nos se tiver d\u00favidas sobre a forma de nos devolver as suas compras.<\/span><\/p>\n\t\t\t\t\t\t\t\t<\/div>\n\t\t\t\t<\/div>\n\t\t\t\t\t<\/div>\n\t\t<\/div>\n\t\t\t\t\t<\/div>\n\t\t<\/section>\n\t\t\t\t<\/div>\n\t\t","protected":false},"excerpt":{"rendered":"<p>Esta \u00e9 a nossa pol\u00edtica de devolu\u00e7\u00e3o FIP. Estamos confiantes na efic\u00e1cia da nossa terapia GS-441524. Se a nossa terapia GS-441524 n\u00e3o for capaz de salvar o seu gato da PIF, reembolsaremos 50% de todos os frascos n\u00e3o utilizados, bem como das tiras de comprimidos n\u00e3o abertas. N\u00e3o podemos revender os produtos, mas eles ser\u00e3o [&hellip;]<\/p>\n","protected":false},"author":1,"featured_media":0,"parent":0,"menu_order":0,"comment_status":"closed","ping_status":"closed","template":"","meta":{"_glsr_average":0,"_glsr_ranking":0,"_glsr_reviews":0,"footnotes":""},"categories":[],"tags":[],"_links":{"self":[{"href":"https:\/\/fipmed.co\/pt-br\/wp-json\/wp\/v2\/pages\/5067"}],"collection":[{"href":"https:\/\/fipmed.co\/pt-br\/wp-json\/wp\/v2\/pages"}],"about":[{"href":"https:\/\/fipmed.co\/pt-br\/wp-json\/wp\/v2\/types\/page"}],"author":[{"embeddable":true,"href":"https:\/\/fipmed.co\/pt-br\/wp-json\/wp\/v2\/users\/1"}],"replies":[{"embeddable":true,"href":"https:\/\/fipmed.co\/pt-br\/wp-json\/wp\/v2\/comments?post=5067"}],"version-history":[{"count":0,"href":"https:\/\/fipmed.co\/pt-br\/wp-json\/wp\/v2\/pages\/5067\/revisions"}],"wp:attachment":[{"href":"https:\/\/fipmed.co\/pt-br\/wp-json\/wp\/v2\/media?parent=5067"}],"wp:term":[{"taxonomy":"category","embeddable":true,"href":"https:\/\/fipmed.co\/pt-br\/wp-json\/wp\/v2\/categories?post=5067"},{"taxonomy":"post_tag","embeddable":true,"href":"https:\/\/fipmed.co\/pt-br\/wp-json\/wp\/v2\/tags?post=5067"}],"curies":[{"name":"wp","href":"https:\/\/api.w.org\/{rel}","templated":true}]}}