{"id":7589,"date":"2023-05-08T07:21:11","date_gmt":"2023-05-08T07:21:11","guid":{"rendered":"https:\/\/fipmed.co\/shipping-and-delivery\/"},"modified":"2023-05-11T06:09:58","modified_gmt":"2023-05-11T06:09:58","slug":"politica-de-envio-e-entrega","status":"publish","type":"page","link":"https:\/\/fipmed.co\/pt-br\/politica-de-envio-e-entrega\/","title":{"rendered":"Pol\u00edtica de envio e entrega"},"content":{"rendered":"\t\t<div data-elementor-type=\"wp-page\" data-elementor-id=\"7589\" class=\"elementor elementor-7589 elementor-7260\">\n\t\t\t\t\t\t<section class=\"elementor-section elementor-top-section elementor-element elementor-element-8b2513f elementor-section-boxed elementor-section-height-default elementor-section-height-default\" data-id=\"8b2513f\" data-element_type=\"section\">\n\t\t\t\t\t\t<div class=\"elementor-container elementor-column-gap-default\">\n\t\t\t\t\t<div class=\"elementor-column elementor-col-100 elementor-top-column elementor-element elementor-element-cb4fbe6\" data-id=\"cb4fbe6\" data-element_type=\"column\">\n\t\t\t<div class=\"elementor-widget-wrap elementor-element-populated\">\n\t\t\t\t\t\t<div class=\"elementor-element elementor-element-4603e09 elementor-widget elementor-widget-text-editor\" data-id=\"4603e09\" data-element_type=\"widget\" data-widget_type=\"text-editor.default\">\n\t\t\t\t<div class=\"elementor-widget-container\">\n\t\t\t\t\t\t\t\t\t<p class=\"p1\"><span class=\"s1\">A FipMed \u00e9 uma empresa que serve doentes em todo o mundo e envia para mais de 150 pa\u00edses diferentes. Todas as encomendas s\u00e3o enviadas directamente dos nossos armaz\u00e9ns.<\/span><\/p>\n<p class=\"p1\"><span class=\"s1\">Obrigado por confiar na FipMed para salvar a vida do seu gato. Esta pol\u00edtica de envio descreve informa\u00e7\u00f5es importantes sobre o envio de produtos do nosso s\u00edtio de com\u00e9rcio electr\u00f3nico internacional para o seu local. Leia atentamente esta pol\u00edtica para compreender os nossos processos de envio, taxas, prazos de entrega e quaisquer termos e condi\u00e7\u00f5es adicionais que possam ser aplic\u00e1veis. Se tiver d\u00favidas ou precisar de mais esclarecimentos, n\u00e3o hesite em contactar a nossa equipa de apoio ao cliente.<\/span><\/p>\n<p class=\"p1\"><strong><span class=\"s1\">Destinos de envio<\/span><\/strong><\/p>\n<p class=\"p1\"><span class=\"s1\">Oferecemos envio internacional para a maioria dos pa\u00edses do mundo. No entanto, \u00e9 de notar que podem existir certas restri\u00e7\u00f5es e limita\u00e7\u00f5es impostas pelas autoridades aduaneiras locais ou pelas transportadoras. Se n\u00e3o for poss\u00edvel efectuar a entrega na sua localiza\u00e7\u00e3o espec\u00edfica, inform\u00e1-lo-emos durante o processo de encomenda.<\/span><\/p>\n<p class=\"p1\"><span class=\"s1\"><b>M\u00e9todos de envio e transportadoras<\/b><\/span><\/p>\n<p class=\"p1\"><span class=\"s1\">Para garantir uma entrega fi\u00e1vel e eficiente, estabelecemos parcerias com transportadoras de renome. Os m\u00e9todos de envio dispon\u00edveis ser\u00e3o apresentados durante o processo de finaliza\u00e7\u00e3o da compra com base na sua localiza\u00e7\u00e3o. As op\u00e7\u00f5es podem incluir o envio normal, o envio expresso ou outros servi\u00e7os. O prazo de entrega estimado e os custos associados tamb\u00e9m ser\u00e3o fornecidos.<span class=\"Apple-converted-space\"> <\/span><\/span><\/p>\n<p class=\"p1\"><span class=\"s1\"><b>Tempo de processamento da encomenda<\/b><\/span><\/p>\n<p class=\"p1\"><span class=\"s1\">Ap\u00f3s a recep\u00e7\u00e3o da sua encomenda e a verifica\u00e7\u00e3o do pagamento, processaremos a sua encomenda para expedi\u00e7\u00e3o. O tempo de processamento inclui normalmente a verifica\u00e7\u00e3o da encomenda, os controlos de qualidade, a embalagem e a entrega \u00e0 transportadora. A encomenda ser\u00e1 processada no prazo de meio dia, salvo indica\u00e7\u00e3o em contr\u00e1rio para produtos espec\u00edficos.<\/span><\/p>\n<p class=\"p1\"><span class=\"s1\"><b>Tempo de envio<\/b><\/span><\/p>\n<p class=\"p1\"><span class=\"s1\">O tempo de envio refere-se ao tempo necess\u00e1rio para que a sua encomenda chegue ao destino especificado depois de ter sido enviada do nosso centro de distribui\u00e7\u00e3o. O prazo de envio \u00e9 de 48 horas, independentemente da localiza\u00e7\u00e3o. No entanto, pode variar em fun\u00e7\u00e3o dos procedimentos de desalfandegamento e de outros factores fora do nosso controlo. Tenha em aten\u00e7\u00e3o que os tempos de envio estimados fornecidos durante o checkout s\u00e3o aproximados e n\u00e3o garantidos.<\/span><\/p>\n<p class=\"p1\"><span class=\"s1\"><b>Custos de envio<\/b><\/span><\/p>\n<p class=\"p1\"><span class=\"s1\">Os custos de envio s\u00e3o determinados com base em v\u00e1rios factores, incluindo o pa\u00eds de destino, o m\u00e9todo de envio escolhido, o peso da embalagem e as dimens\u00f5es. Os custos de envio aplic\u00e1veis ser\u00e3o calculados e apresentados durante o processo de finaliza\u00e7\u00e3o da compra. Tenha em aten\u00e7\u00e3o que quaisquer direitos aduaneiros, impostos ou taxas de importa\u00e7\u00e3o adicionais impostos pela autoridade aduaneira do seu pa\u00eds s\u00e3o da responsabilidade do destinat\u00e1rio.<\/span><\/p>\n<p class=\"p1\"><span class=\"s1\"><b>Envio gratuito<\/b><\/span><\/p>\n<p class=\"p1\"><span class=\"s1\">Oferecemos envio gratuito para compras em pacote. Procure &#8220;Envio gratuito&#8221; nos detalhes dos produtos relevantes.<span class=\"Apple-converted-space\"> <\/span><\/span><\/p>\n<p class=\"p1\"><span class=\"s1\"><b>Seguimento da encomenda<\/b><\/span><\/p>\n<p class=\"p1\"><span class=\"s1\">Fornecemos servi\u00e7os de seguimento de encomendas para a maioria dos envios. Assim que a sua encomenda for enviada, receber\u00e1 um e-mail de confirma\u00e7\u00e3o de envio com um n\u00famero de seguimento ou uma liga\u00e7\u00e3o directa para seguir a sua encomenda online. Pode utilizar esta informa\u00e7\u00e3o de seguimento para acompanhar a evolu\u00e7\u00e3o do seu envio at\u00e9 chegar \u00e0 sua porta.<\/span><\/p>\n<p class=\"p1\"><span class=\"s1\"><b>Direitos aduaneiros e direitos de importa\u00e7\u00e3o<\/b><\/span><\/p>\n<p class=\"p1\"><span class=\"s1\">Para encomendas internacionais, a autoridade aduaneira do pa\u00eds de destino pode cobrar direitos aduaneiros, impostos e outras taxas de importa\u00e7\u00e3o. Estes encargos, se aplic\u00e1veis, s\u00e3o da responsabilidade do destinat\u00e1rio e n\u00e3o est\u00e3o inclu\u00eddos no pre\u00e7o de compra ou nas taxas de envio. Informe-se sobre os regulamentos aduaneiros do seu pa\u00eds e contacte a alf\u00e2ndega local para obter mais informa\u00e7\u00f5es.<\/span><\/p>\n<p class=\"p1\"><span class=\"s1\"><b>Entrega e aceita\u00e7\u00e3o de encomendas<\/b><\/span><\/p>\n<p class=\"p1\"><span class=\"s1\">Aquando da entrega da sua encomenda, certifique-se de que algu\u00e9m est\u00e1 dispon\u00edvel para receber a encomenda no endere\u00e7o de entrega especificado. Se ningu\u00e9m estiver dispon\u00edvel, a transportadora pode deixar um aviso de entrega ou tentar uma nova entrega numa data posterior. Siga as instru\u00e7\u00f5es da transportadora e contacte-a directamente, se necess\u00e1rio. Uma vez que a encomenda tenha sido entregue e aceite no endere\u00e7o especificado, a nossa responsabilidade pelo envio termina.<\/span><\/p>\n<p class=\"p1\"><span class=\"s1\"><b>Problemas de envio e devolu\u00e7\u00f5es<\/b><\/span><\/p>\n<p class=\"p1\"><span class=\"s1\">No caso raro de problemas relacionados com o envio, como pacotes perdidos, artigos danificados ou entregas incorrectas, contacte imediatamente a nossa equipa de apoio ao cliente. Trabalharemos diligentemente para resolver o problema e ajud\u00e1-lo em quaisquer devolu\u00e7\u00f5es ou trocas necess\u00e1rias, de acordo com a nossa Pol\u00edtica de Devolu\u00e7\u00f5es e Reembolsos.<\/span><\/p>\n<p class=\"p1\"><span class=\"s1\"><b>Altera\u00e7\u00f5es \u00e0 pol\u00edtica de envio<\/b><\/span><\/p>\n<p class=\"p1\"><span class=\"s1\">Reservamo-nos o direito de modificar ou actualizar a presente pol\u00edtica de envio em qualquer altura sem aviso pr\u00e9vio. Quaisquer altera\u00e7\u00f5es entrar\u00e3o em vigor imediatamente ap\u00f3s a sua publica\u00e7\u00e3o no nosso s\u00edtio Web. \u00c9 da responsabilidade do utilizador rever periodicamente a Pol\u00edtica de Expedi\u00e7\u00e3o para verificar se existem actualiza\u00e7\u00f5es ou altera\u00e7\u00f5es.<\/span><\/p>\n<p class=\"p1\"><span class=\"s1\">Ao efectuar uma encomenda no nosso s\u00edtio de com\u00e9rcio electr\u00f3nico internacional, o utilizador reconhece e aceita a nossa pol\u00edtica de envio.<\/span><\/p>\n<p class=\"p1\"><span class=\"s1\">Estes s\u00e3o os pa\u00edses para os quais estamos a enviar actualmente:<\/span><\/p>\n<p class=\"p2\"><span class=\"s1\"><span class=\"Apple-converted-space\"> <\/span><\/span><\/p>\n<p class=\"p1\"><span class=\"s1\"><b>\u00c1sia<\/b><\/span><\/p>\n<p class=\"p1\"><span class=\"s1\">Bangladesh<\/span><\/p>\n<p class=\"p1\"><span class=\"s1\">But\u00e3o<\/span><\/p>\n<p class=\"p1\"><span class=\"s1\">Brunei<\/span><\/p>\n<p class=\"p1\"><span class=\"s1\">Camboja<\/span><\/p>\n<p class=\"p1\"><span class=\"s1\">China<\/span><\/p>\n<p class=\"p1\"><span class=\"s1\">Guame<\/span><\/p>\n<p class=\"p1\"><span class=\"s1\">Hong Kong<\/span><\/p>\n<p class=\"p1\"><span class=\"s1\">\u00cdndia<\/span><\/p>\n<p class=\"p1\"><span class=\"s1\">Indon\u00e9sia<\/span><\/p>\n<p class=\"p1\"><span class=\"s1\">Jap\u00e3o<\/span><\/p>\n<p class=\"p1\"><span class=\"s1\">Macau<\/span><\/p>\n<p class=\"p1\"><span class=\"s1\">Mal\u00e1sia<\/span><\/p>\n<p class=\"p1\"><span class=\"s1\">Maldivas<\/span><\/p>\n<p class=\"p1\"><span class=\"s1\">Mong\u00f3lia<\/span><\/p>\n<p class=\"p1\"><span class=\"s1\">Nepal<\/span><\/p>\n<p class=\"p1\"><span class=\"s1\">Filipinas<\/span><\/p>\n<p class=\"p1\"><span class=\"s1\">Singapura<\/span><\/p>\n<p class=\"p1\"><span class=\"s1\">Coreia, Rep\u00fablica da<\/span><\/p>\n<p class=\"p1\"><span class=\"s1\">Sri Lanka<\/span><\/p>\n<p class=\"p1\"><span class=\"s1\">Taiwan<\/span><\/p>\n<p class=\"p1\"><span class=\"s1\">Tail\u00e2ndia<\/span><\/p>\n<p class=\"p1\"><span class=\"s1\">Vietname<\/span><\/p>\n<p class=\"p1\"><span class=\"s1\"><b>Cara\u00edbas<\/b><\/span><\/p>\n<p class=\"p1\"><span class=\"s1\">Anguila<\/span><\/p>\n<p class=\"p1\"><span class=\"s1\">Ant\u00edgua e Barbuda<\/span><\/p>\n<p class=\"p1\"><span class=\"s1\">Aruba<\/span><\/p>\n<p class=\"p1\"><span class=\"s1\">Bahamas<\/span><\/p>\n<p class=\"p1\"><span class=\"s1\">Barbados<\/span><\/p>\n<p class=\"p1\"><span class=\"s1\">Bermudas<\/span><\/p>\n<p class=\"p1\"><span class=\"s1\">Bonaire<\/span><\/p>\n<p class=\"p1\"><span class=\"s1\">Ilhas Caim\u00e3o<\/span><\/p>\n<p class=\"p1\"><span class=\"s1\">Dom\u00ednica<\/span><\/p>\n<p class=\"p1\"><span class=\"s1\">Rep\u00fablica Dominicana<\/span><\/p>\n<p class=\"p1\"><span class=\"s1\">Granada<\/span><\/p>\n<p class=\"p1\"><span class=\"s1\">Guadalupe<\/span><\/p>\n<p class=\"p1\"><span class=\"s1\">Haiti<\/span><\/p>\n<p class=\"p1\"><span class=\"s1\">Jamaica<\/span><\/p>\n<p class=\"p1\"><span class=\"s1\">Martinica<\/span><\/p>\n<p class=\"p1\"><span class=\"s1\">S\u00e3o Crist\u00f3v\u00e3o e Nevis<\/span><\/p>\n<p class=\"p1\"><span class=\"s1\">Santa L\u00facia<\/span><\/p>\n<p class=\"p1\"><span class=\"s1\">S\u00e3o Vicente e Granadinas<\/span><\/p>\n<p class=\"p1\"><span class=\"s1\">S\u00e3o Martinho<\/span><\/p>\n<p class=\"p1\"><span class=\"s1\">Trinidad e Tobago<\/span><\/p>\n<p class=\"p1\"><span class=\"s1\">Ilhas Turcas e Caicos<\/span><\/p>\n<\/p>\n<p class=\"p1\"><span class=\"s1\"><b>Am\u00e9rica Central<\/b><\/span><\/p>\n<p class=\"p1\"><span class=\"s1\">Belize<\/span><\/p>\n<p class=\"p1\"><span class=\"s1\">Costa Rica<\/span><\/p>\n<p class=\"p1\"><span class=\"s1\">El Salvador<\/span><\/p>\n<p class=\"p1\"><span class=\"s1\">Guatemala<\/span><\/p>\n<p class=\"p1\"><span class=\"s1\">Honduras<\/span><\/p>\n<p class=\"p1\"><span class=\"s1\">Nicar\u00e1gua<\/span><\/p>\n<p class=\"p1\"><span class=\"s1\">Panam\u00e1<\/span><\/p>\n<p class=\"p2\"><span class=\"s1\"><span class=\"Apple-converted-space\"> <\/span><\/span><\/p>\n<p class=\"p1\"><span class=\"s1\"><b>\u00c1sia Central<\/b><\/span><\/p>\n<p class=\"p1\"><span class=\"s1\">Cazaquist\u00e3o<\/span><\/p>\n<p class=\"p1\"><span class=\"s1\">Quirguizist\u00e3o<\/span><\/p>\n<p class=\"p1\"><span class=\"s1\">Mong\u00f3lia<\/span><\/p>\n<p class=\"p1\"><span class=\"s1\">Tajiquist\u00e3o<\/span><\/p>\n<p class=\"p1\"><span class=\"s1\">Uzbequist\u00e3o<\/span><\/p>\n<\/p>\n<p class=\"p1\"><span class=\"s1\"><b>Europa<\/b><\/span><\/p>\n<p class=\"p1\"><span class=\"s1\">Alb\u00e2nia<\/span><\/p>\n<p class=\"p1\"><span class=\"s1\">Andorra<\/span><\/p>\n<p class=\"p1\"><span class=\"s1\">Arm\u00e9nia<\/span><\/p>\n<p class=\"p1\"><span class=\"s1\">\u00c1ustria<\/span><\/p>\n<p class=\"p1\"><span class=\"s1\">Azerbaij\u00e3o<\/span><\/p>\n<p class=\"p1\"><span class=\"s1\">Bielorr\u00fassia<\/span><\/p>\n<p class=\"p1\"><span class=\"s1\">B\u00e9lgica<\/span><\/p>\n<p class=\"p1\"><span class=\"s1\">B\u00f3snia e Herzegovina<\/span><\/p>\n<p class=\"p1\"><span class=\"s1\">Bulg\u00e1ria<\/span><\/p>\n<p class=\"p1\"><span class=\"s1\">Cro\u00e1cia<\/span><\/p>\n<p class=\"p1\"><span class=\"s1\">Rep\u00fablica Checa<\/span><\/p>\n<p class=\"p1\"><span class=\"s1\">Dinamarca<\/span><\/p>\n<p class=\"p1\"><span class=\"s1\">Est\u00f3nia<\/span><\/p>\n<p class=\"p1\"><span class=\"s1\">Ilhas Faro\u00e9<\/span><\/p>\n<p class=\"p1\"><span class=\"s1\">Finl\u00e2ndia<\/span><\/p>\n<p class=\"p1\"><span class=\"s1\">Fran\u00e7a<\/span><\/p>\n<p class=\"p1\"><span class=\"s1\">Ge\u00f3rgia<\/span><\/p>\n<p class=\"p1\"><span class=\"s1\">Alemanha<\/span><\/p>\n<p class=\"p1\"><span class=\"s1\">Gibraltar<\/span><\/p>\n<p class=\"p1\"><span class=\"s1\">Gr\u00e3-Bretanha<\/span><\/p>\n<p class=\"p1\"><span class=\"s1\">Gr\u00e9cia<\/span><\/p>\n<p class=\"p1\"><span class=\"s1\">Gronel\u00e2ndia<\/span><\/p>\n<p class=\"p1\"><span class=\"s1\">Guernsey, Ilhas do Canal<\/span><\/p>\n<p class=\"p1\"><span class=\"s1\">Hungria<\/span><\/p>\n<p class=\"p1\"><span class=\"s1\">Isl\u00e2ndia<\/span><\/p>\n<p class=\"p1\"><span class=\"s1\">Irlanda<\/span><\/p>\n<p class=\"p1\"><span class=\"s1\">Ilha de Man<\/span><\/p>\n<p class=\"p1\"><span class=\"s1\">It\u00e1lia<\/span><\/p>\n<p class=\"p1\"><span class=\"s1\">Jersey, Ilhas do Canal<\/span><\/p>\n<p class=\"p1\"><span class=\"s1\">Let\u00f3nia<\/span><\/p>\n<p class=\"p1\"><span class=\"s1\">Liechtenstein<\/span><\/p>\n<p class=\"p1\"><span class=\"s1\">Litu\u00e2nia<\/span><\/p>\n<p class=\"p1\"><span class=\"s1\">Luxemburgo<\/span><\/p>\n<p class=\"p1\"><span class=\"s1\">Maced\u00f3nia<\/span><\/p>\n<p class=\"p1\"><span class=\"s1\">Malta<\/span><\/p>\n<p class=\"p1\"><span class=\"s1\">Mold\u00e1via, Rep\u00fablica da<\/span><\/p>\n<p class=\"p1\"><span class=\"s1\">M\u00f3naco<\/span><\/p>\n<p class=\"p1\"><span class=\"s1\">Montenegro<\/span><\/p>\n<p class=\"p1\"><span class=\"s1\">Pa\u00edses Baixos<\/span><\/p>\n<p class=\"p1\"><span class=\"s1\">Noruega<\/span><\/p>\n<p class=\"p1\"><span class=\"s1\">Pol\u00f3nia<\/span><\/p>\n<p class=\"p1\"><span class=\"s1\">Portugal<\/span><\/p>\n<p class=\"p1\"><span class=\"s1\">Rom\u00e9nia<\/span><\/p>\n<p class=\"p1\"><span class=\"s1\">R\u00fassia<\/span><\/p>\n<p class=\"p1\"><span class=\"s1\">Santa Helena<\/span><\/p>\n<p class=\"p1\"><span class=\"s1\">S\u00e3o Marinho<\/span><\/p>\n<p class=\"p1\"><span class=\"s1\">S\u00e9rvia<\/span><\/p>\n<p class=\"p1\"><span class=\"s1\">Eslov\u00e1quia<\/span><\/p>\n<p class=\"p1\"><span class=\"s1\">Eslov\u00e9nia<\/span><\/p>\n<p class=\"p1\"><span class=\"s1\">Espanha<\/span><\/p>\n<p class=\"p1\"><span class=\"s1\">Su\u00e9cia<\/span><\/p>\n<p class=\"p1\"><span class=\"s1\">Su\u00ed\u00e7a<\/span><\/p>\n<p class=\"p1\"><span class=\"s1\">Ucr\u00e2nia<\/span><\/p>\n<p class=\"p1\"><span class=\"s1\">Ilhas Virgens, Reino Unido<\/span><\/p>\n<p class=\"p2\"><span class=\"s1\"><span class=\"Apple-converted-space\"> <\/span><\/span><\/p>\n<p class=\"p1\"><span class=\"s1\"><b>M\u00e9dio Oriente<\/b><\/span><\/p>\n<p class=\"p1\"><span class=\"s1\">Bar\u00e9m<\/span><\/p>\n<p class=\"p1\"><span class=\"s1\">Chipre<\/span><\/p>\n<p class=\"p1\"><span class=\"s1\">Egipto<\/span><\/p>\n<p class=\"p1\"><span class=\"s1\">Israel<\/span><\/p>\n<p class=\"p1\"><span class=\"s1\">Jord\u00e2nia<\/span><\/p>\n<p class=\"p1\"><span class=\"s1\">Kuwait<\/span><\/p>\n<p class=\"p1\"><span class=\"s1\">L\u00edbano<\/span><\/p>\n<p class=\"p1\"><span class=\"s1\">Om\u00e3<\/span><\/p>\n<p class=\"p1\"><span class=\"s1\">Paquist\u00e3o<\/span><\/p>\n<p class=\"p1\"><span class=\"s1\">Qatar<\/span><\/p>\n<p class=\"p1\"><span class=\"s1\">Ar\u00e1bia Saudita<\/span><\/p>\n<p class=\"p1\"><span class=\"s1\">Turquia (T\u00fcrkiye)<\/span><\/p>\n<p class=\"p1\"><span class=\"s1\">Emirados \u00c1rabes Unidos<\/span><\/p>\n<p class=\"p1\"><span class=\"s1\">I\u00e9men<\/span><\/p>\n<p class=\"p2\"><span class=\"s1\"><span class=\"Apple-converted-space\"> <\/span><\/span><\/p>\n<p class=\"p1\"><span class=\"s1\"><b>Am\u00e9rica do Norte<\/b><\/span><\/p>\n<p class=\"p1\"><span class=\"s1\">Canad\u00e1<\/span><\/p>\n<p class=\"p1\"><span class=\"s1\">M\u00e9xico<\/span><\/p>\n<p class=\"p1\"><span class=\"s1\">Estados Unidos<\/span><\/p>\n<p class=\"p2\"><span class=\"s1\"><span class=\"Apple-converted-space\"> <\/span><\/span><\/p>\n<p class=\"p1\"><span class=\"s1\"><b>Norte de \u00c1frica<\/b><\/span><\/p>\n<p class=\"p1\"><span class=\"s1\">Arg\u00e9lia<\/span><\/p>\n<p class=\"p1\"><span class=\"s1\">Benim<\/span><\/p>\n<p class=\"p1\"><span class=\"s1\">Burquina Faso<\/span><\/p>\n<p class=\"p1\"><span class=\"s1\">Cabo Verde<\/span><\/p>\n<p class=\"p1\"><span class=\"s1\">Costa do Marfim<\/span><\/p>\n<p class=\"p1\"><span class=\"s1\">Jibuti<\/span><\/p>\n<p class=\"p1\"><span class=\"s1\">G\u00e2mbia<\/span><\/p>\n<p class=\"p1\"><span class=\"s1\">Gana<\/span><\/p>\n<p class=\"p1\"><span class=\"s1\">Guin\u00e9, Rep\u00fablica da<\/span><\/p>\n<p class=\"p1\"><span class=\"s1\">Mali<\/span><\/p>\n<p class=\"p1\"><span class=\"s1\">Marrocos<\/span><\/p>\n<p class=\"p1\"><span class=\"s1\">Mo\u00e7ambique<\/span><\/p>\n<p class=\"p1\"><span class=\"s1\">Nig\u00e9ria<\/span><\/p>\n<p class=\"p1\"><span class=\"s1\">S\u00e3o Tom\u00e9 e Pr\u00edncipe<\/span><\/p>\n<p class=\"p1\"><span class=\"s1\">Senegal<\/span><\/p>\n<p class=\"p1\"><span class=\"s1\">Eswatini (Suazil\u00e2ndia)<\/span><\/p>\n<p class=\"p1\"><span class=\"s1\">Togo<\/span><\/p>\n<p class=\"p1\"><span class=\"s1\">Tun\u00edsia<\/span><\/p>\n<p class=\"p1\"><span class=\"s1\">Uganda<\/span><\/p>\n<p class=\"p2\"><span class=\"s1\"><span class=\"Apple-converted-space\"> <\/span><\/span><\/p>\n<p class=\"p1\"><span class=\"s1\"><b>Oce\u00e2nia<\/b><\/span><\/p>\n<p class=\"p1\"><span class=\"s1\">Austr\u00e1lia<\/span><\/p>\n<p class=\"p1\"><span class=\"s1\">Ilhas Cook<\/span><\/p>\n<p class=\"p1\"><span class=\"s1\">Fiji<\/span><\/p>\n<p class=\"p1\"><span class=\"s1\">Polin\u00e9sia Francesa<\/span><\/p>\n<p class=\"p1\"><span class=\"s1\">Kiribati<\/span><\/p>\n<p class=\"p1\"><span class=\"s1\">Nova Caled\u00f3nia<\/span><\/p>\n<p class=\"p1\"><span class=\"s1\">Nova Zel\u00e2ndia<\/span><\/p>\n<p class=\"p1\"><span class=\"s1\">Ilhas Marianas do Norte<\/span><\/p>\n<p class=\"p1\"><span class=\"s1\">Papua Nova Guin\u00e9<\/span><\/p>\n<p class=\"p1\"><span class=\"s1\">Samoa<\/span><\/p>\n<p class=\"p1\"><span class=\"s1\">Ilhas Salom\u00e3o<\/span><\/p>\n<p class=\"p1\"><span class=\"s1\">Tonga<\/span><\/p>\n<p class=\"p1\"><span class=\"s1\">Vanuatu<\/span><\/p>\n<p class=\"p2\"><span class=\"s1\"><span class=\"Apple-converted-space\"> <\/span><\/span><\/p>\n<p class=\"p1\"><span class=\"s1\"><b>Am\u00e9rica do Sul<\/b><\/span><\/p>\n<p class=\"p1\"><span class=\"s1\">Argentina<\/span><\/p>\n<p class=\"p1\"><span class=\"s1\">Bol\u00edvia<\/span><\/p>\n<p class=\"p1\"><span class=\"s1\">Brasil<\/span><\/p>\n<p class=\"p1\"><span class=\"s1\">Chile<\/span><\/p>\n<p class=\"p1\"><span class=\"s1\">Col\u00f4mbia<\/span><\/p>\n<p class=\"p1\"><span class=\"s1\">Equador<\/span><\/p>\n<p class=\"p1\"><span class=\"s1\">Ilhas Falkland<\/span><\/p>\n<p class=\"p1\"><span class=\"s1\">Guiana Francesa<\/span><\/p>\n<p class=\"p1\"><span class=\"s1\">Guiana<\/span><\/p>\n<p class=\"p1\"><span class=\"s1\">Paraguai<\/span><\/p>\n<p class=\"p1\"><span class=\"s1\">Peru<\/span><\/p>\n<p class=\"p1\"><span class=\"s1\">Suriname<\/span><\/p>\n<p class=\"p1\"><span class=\"s1\">Uruguai<\/span><\/p>\n<p class=\"p1\"><span class=\"s1\">Venezuela<\/span><\/p>\n<p class=\"p2\"><span class=\"s1\"><span class=\"Apple-converted-space\"> <\/span><\/span><\/p>\n<p class=\"p1\"><span class=\"s1\"><b>\u00c1frica Austral<\/b><\/span><\/p>\n<p class=\"p1\"><span class=\"s1\">Angola<\/span><\/p>\n<p class=\"p1\"><span class=\"s1\">Botsuana<\/span><\/p>\n<p class=\"p1\"><span class=\"s1\">Burundi<\/span><\/p>\n<p class=\"p1\"><span class=\"s1\">Camar\u00f5es<\/span><\/p>\n<p class=\"p1\"><span class=\"s1\">Congo<\/span><\/p>\n<p class=\"p1\"><span class=\"s1\">Gab\u00e3o<\/span><\/p>\n<p class=\"p1\"><span class=\"s1\">Qu\u00e9nia<\/span><\/p>\n<p class=\"p1\"><span class=\"s1\">Madag\u00e1scar<\/span><\/p>\n<p class=\"p1\"><span class=\"s1\">Malawi<\/span><\/p>\n<p class=\"p1\"><span class=\"s1\">Maur\u00edcia<\/span><\/p>\n<p class=\"p1\"><span class=\"s1\">Nam\u00edbia<\/span><\/p>\n<p class=\"p1\"><span class=\"s1\">Ruanda<\/span><\/p>\n<p class=\"p1\"><span class=\"s1\">Seychelles<\/span><\/p>\n<p class=\"p1\"><span class=\"s1\">\u00c1frica do Sul<\/span><\/p>\n<p class=\"p1\"><span class=\"s1\">Tanz\u00e2nia, Rep\u00fablica Unida da<\/span><\/p>\n<p class=\"p1\"><span class=\"s1\">Z\u00e2mbia<\/span><\/p>\n<p class=\"p1\"><span class=\"s1\">Zimbabu\u00e9<\/span><\/p>\n<p class=\"p1\">\n\t\t\t\t\t\t\t\t<\/div>\n\t\t\t\t<\/div>\n\t\t\t\t\t<\/div>\n\t\t<\/div>\n\t\t\t\t\t<\/div>\n\t\t<\/section>\n\t\t\t\t<\/div>\n\t\t","protected":false},"excerpt":{"rendered":"<p>A FipMed \u00e9 uma empresa que serve doentes em todo o mundo e envia para mais de 150 pa\u00edses diferentes. Todas as encomendas s\u00e3o enviadas directamente dos nossos armaz\u00e9ns. Obrigado por confiar na FipMed para salvar a vida do seu gato. Esta pol\u00edtica de envio descreve informa\u00e7\u00f5es importantes sobre o envio de produtos do nosso [&hellip;]<\/p>\n","protected":false},"author":1,"featured_media":0,"parent":0,"menu_order":0,"comment_status":"closed","ping_status":"open","template":"","meta":{"_glsr_average":0,"_glsr_ranking":0,"_glsr_reviews":0,"footnotes":""},"categories":[],"tags":[],"_links":{"self":[{"href":"https:\/\/fipmed.co\/pt-br\/wp-json\/wp\/v2\/pages\/7589"}],"collection":[{"href":"https:\/\/fipmed.co\/pt-br\/wp-json\/wp\/v2\/pages"}],"about":[{"href":"https:\/\/fipmed.co\/pt-br\/wp-json\/wp\/v2\/types\/page"}],"author":[{"embeddable":true,"href":"https:\/\/fipmed.co\/pt-br\/wp-json\/wp\/v2\/users\/1"}],"replies":[{"embeddable":true,"href":"https:\/\/fipmed.co\/pt-br\/wp-json\/wp\/v2\/comments?post=7589"}],"version-history":[{"count":0,"href":"https:\/\/fipmed.co\/pt-br\/wp-json\/wp\/v2\/pages\/7589\/revisions"}],"wp:attachment":[{"href":"https:\/\/fipmed.co\/pt-br\/wp-json\/wp\/v2\/media?parent=7589"}],"wp:term":[{"taxonomy":"category","embeddable":true,"href":"https:\/\/fipmed.co\/pt-br\/wp-json\/wp\/v2\/categories?post=7589"},{"taxonomy":"post_tag","embeddable":true,"href":"https:\/\/fipmed.co\/pt-br\/wp-json\/wp\/v2\/tags?post=7589"}],"curies":[{"name":"wp","href":"https:\/\/api.w.org\/{rel}","templated":true}]}}