{"id":19834,"date":"2023-11-27T06:45:29","date_gmt":"2023-11-27T06:45:29","guid":{"rendered":"https:\/\/fipmed.co\/?post_type=product&#038;p=19834"},"modified":"2024-11-22T11:39:21","modified_gmt":"2024-11-22T11:39:21","slug":"ebook-o-roteiro-completo-para-voce-vencer-a-pif-do-diagnostico-a-recuperacao","status":"publish","type":"product","link":"https:\/\/fipmed.co\/pt-br\/produto\/ebook-o-roteiro-completo-para-voce-vencer-a-pif-do-diagnostico-a-recuperacao\/","title":{"rendered":"O roteiro completo para voc\u00ea vencer a PIF: do diagn\u00f3stico \u00e0 recupera\u00e7\u00e3o EBOOK"},"content":{"rendered":"<p><span class=\"s1\">Um guia abrangente de 154 p\u00e1ginas sobre a PIF, do diagn\u00f3stico \u00e0 recupera\u00e7\u00e3o. Tudo o que voc\u00ea precisa saber sobre a PIF est\u00e1 aqui. <\/span><\/p>\n<p>&nbsp;<\/p>\n<p><strong>\u00cdndice:<\/strong><\/p>\n<p>&nbsp;<\/p>\n<p><strong>O QUE \u00c9 FIP?<\/strong><\/p>\n<p>Como o FIP se desenvolve?<\/p>\n<p>&nbsp;<\/p>\n<p><strong>OS CORONAV\u00cdRUS FELINOS<\/strong><\/p>\n<p>O v\u00edrus FCov FECV FIPV<\/p>\n<p>&nbsp;<\/p>\n<p><strong>COMO OS V\u00cdRUS S\u00c3O TRANSMITIDOS?<\/strong><\/p>\n<p>Contato direto Contato indireto Via fecal-oral Gotas respirat\u00f3rias Infec\u00e7\u00e3o por gata gr\u00e1vida<\/p>\n<p>&nbsp;<\/p>\n<p><strong>FIP<\/strong> <strong>RISCO<\/strong> <strong>FATORES<\/strong><\/p>\n<p>Idade Ra\u00e7a Condi\u00e7\u00f5es de vida lotadas Gen\u00e9tica Estresse Status do sistema imunol\u00f3gico<\/p>\n<p>&nbsp;<\/p>\n<p><strong>QUAIS S\u00c3O OS TESTES PARA A FIP FELINA?<\/strong><\/p>\n<p>Exame de anticorpos Exame de sangue Leituras de exames de sangue que indicam PIF Teste de efus\u00e3o Rivalta Raios X Ultrassom Bi\u00f3psia e citologia Exame de fezes<\/p>\n<p>&nbsp;<\/p>\n<p><strong>13 DOEN\u00c7AS QUE PODEM SER CONFUNDIDAS COM A FEBRE AFTOSA<\/strong><\/p>\n<p>Toxoplasmose FELV FIV FPV Doen\u00e7a Inflamat\u00f3ria Intestinal C\u00e2ncer Micoplasmose Hemotr\u00f3fica Felina Linfoma Problemas Card\u00edacos F\u00edgado Inflamado Peritonite Bacteriana Pleurite Bacteriana Criptococose<\/p>\n<p>&nbsp;<\/p>\n<p><strong>DESAFIOS E LIMITA\u00c7\u00d5ES DO DIAGN\u00d3STICO<\/strong><\/p>\n<p>E se voc\u00ea n\u00e3o conseguir diagnosticar? 10 fatores e par\u00e2metros sobre o que voc\u00ea deve tratar<\/p>\n<p>&nbsp;<\/p>\n<p><strong>COMORBIDADES COMUNS<\/strong><\/p>\n<p>Por que a PIF geralmente ocorre com outras doen\u00e7as? Pneumonia CKD<\/p>\n<p>FELV C\u00e2ncer Ter doen\u00e7as autoimunes e PIF Ter infec\u00e7\u00e3o bacteriana e PIF FHV FIV PIF durante a gravidez<\/p>\n<p>&nbsp;<\/p>\n<p><strong>TIPOS DE FIP<\/strong><\/p>\n<p>FIP efusivo ou \u00famido FIP n\u00e3o efusivo ou seco<\/p>\n<p>FIP ocular FIP neurol\u00f3gica<\/p>\n<p>&nbsp;<\/p>\n<p><strong>FASES DA PIF<\/strong><\/p>\n<p>Exposi\u00e7\u00e3o inicial e incuba\u00e7\u00e3o Viremia prim\u00e1ria Viremia secund\u00e1ria Cl\u00ednica da PIF Danos aos \u00f3rg\u00e3os<\/p>\n<p>&nbsp;<\/p>\n<p><strong>SINTOMAS BASEADOS NOS EST\u00c1GIOS DA FIP<\/strong><\/p>\n<p>Sinais precoces de PIF Sintomas de PIF avan\u00e7ada<\/p>\n<p>&nbsp;<\/p>\n<p><strong>SINTOMAS COM BASE NOS TIPOS DE FIP<\/strong><\/p>\n<p>Sinais cl\u00ednicos de PIF seca n\u00e3o-efusiva Sinais cl\u00ednicos de PIF \u00famida efusiva Sinais cl\u00ednicos de PIF ocular Sinais cl\u00ednicos de PIF neurol\u00f3gica<\/p>\n<p>&nbsp;<\/p>\n<p><strong>10 COISAS IMPORTANTES QUE VOC\u00ca DEVE FAZER SE O SEU GATO FOR DIAGNOSTICADO COM FIP<\/strong><\/p>\n<p>Prepare-se e equipe-se com estes itens Procure orienta\u00e7\u00e3o de um veterin\u00e1rio especialista Inicie o tratamento com GS441524 Controle os sintomas e alivie a dor Controle de hidrata\u00e7\u00e3o e fluidos Suporte nutricional &#8211; dieta e suplementos Crie um ambiente confort\u00e1vel e limpo Implemente medidas rigorosas de higiene Aplique protocolos de isolamento para resid\u00eancias com v\u00e1rios gatos Monitore a condi\u00e7\u00e3o do seu gato Limite a exposi\u00e7\u00e3o a outros gatos<\/p>\n<p>&nbsp;<\/p>\n<p><strong>PROTOCOLO DE TRATAMENTO FIPMED<\/strong><\/p>\n<p>Como determinar a dosagem para seu gato Considera\u00e7\u00f5es sobre ajustes Dura\u00e7\u00e3o do tratamento Diferen\u00e7a entre inje\u00e7\u00f5es e comprimidos GS-441524 Inje\u00e7\u00f5es para PIF Comprimidos para PIF Oral GS-441524 Tratamento combinado<\/p>\n<p>&nbsp;<\/p>\n<p><strong>COMO ADMINISTRAR O GS441524<\/strong><\/p>\n<p>Inje\u00e7\u00f5es subcut\u00e2neas GS441524 Armazenamento adequado dos frascos de inje\u00e7\u00e3o Seringas e agulhas Tabela de calibre da agulha Prepara\u00e7\u00e3o da seringa Guia passo a passo sobre a administra\u00e7\u00e3o de inje\u00e7\u00f5es Feridas causadas por inje\u00e7\u00f5es Como administrar comprimidos ou p\u00edlulas<\/p>\n<p>&nbsp;<\/p>\n<p><strong>MONITORAMENTO DO PROGRESSO DO TRATAMENTO<\/strong><\/p>\n<p>Tratamento da PIF e per\u00edodo de observa\u00e7\u00e3o O que voc\u00ea deve monitorar? E se o seu gato n\u00e3o estiver melhorando Causas poss\u00edveis<\/p>\n<p>&nbsp;<\/p>\n<p><strong>O QUE VOC\u00ca DEVE EVITAR DURANTE O TRATAMENTO<\/strong><\/p>\n<p>Imunossupressores Antibi\u00f3ticos Medicamentos que podem afetar o SNC Analg\u00e9sicos Lisina<\/p>\n<p>&nbsp;<\/p>\n<p><strong>COISAS \u00daTEIS DURANTE O TRATAMENTO<\/strong><\/p>\n<p>Tratamento de efus\u00e3o Cuidados de suporte para deixar o gato mais confort\u00e1vel Tratamento de infec\u00e7\u00f5es secund\u00e1rias<\/p>\n<p>&nbsp;<\/p>\n<p><strong>OUTROS MEDICAMENTOS OU PROCEDIMENTOS DURANTE O TRATAMENTO COM FIP<\/strong><\/p>\n<p>Verm\u00edfugos Tratamentos para pulgas ou carrapatos Castra\u00e7\u00e3o e esteriliza\u00e7\u00e3o Vacinas Redu\u00e7\u00e3o da febre<\/p>\n<p>&nbsp;<\/p>\n<p><strong>FIP RELAPSE<\/strong><\/p>\n<p>Por que ocorre uma reca\u00edda de FIP? Como evitar uma reca\u00edda da PIF? Como tratar uma reca\u00edda se ela ocorrer?<\/p>\n","protected":false},"excerpt":{"rendered":"<p class=\"p1\"><span class=\"s1\">Um guia abrangente de 154 p\u00e1ginas sobre a PIF, do diagn\u00f3stico \u00e0 recupera\u00e7\u00e3o. Tudo o que voc\u00ea precisa saber sobre a PIF est\u00e1 aqui. <\/span><\/p>\n","protected":false},"featured_media":19835,"template":"","meta":{"_glsr_average":0,"_glsr_ranking":0,"_glsr_reviews":0},"product_cat":[1130],"product_tag":[1132,1131],"_links":{"self":[{"href":"https:\/\/fipmed.co\/pt-br\/wp-json\/wp\/v2\/product\/19834"}],"collection":[{"href":"https:\/\/fipmed.co\/pt-br\/wp-json\/wp\/v2\/product"}],"about":[{"href":"https:\/\/fipmed.co\/pt-br\/wp-json\/wp\/v2\/types\/product"}],"wp:featuredmedia":[{"embeddable":true,"href":"https:\/\/fipmed.co\/pt-br\/wp-json\/wp\/v2\/media\/19835"}],"wp:attachment":[{"href":"https:\/\/fipmed.co\/pt-br\/wp-json\/wp\/v2\/media?parent=19834"}],"wp:term":[{"taxonomy":"product_cat","embeddable":true,"href":"https:\/\/fipmed.co\/pt-br\/wp-json\/wp\/v2\/product_cat?post=19834"},{"taxonomy":"product_tag","embeddable":true,"href":"https:\/\/fipmed.co\/pt-br\/wp-json\/wp\/v2\/product_tag?post=19834"}],"curies":[{"name":"wp","href":"https:\/\/api.w.org\/{rel}","templated":true}]}}