{"id":27521,"date":"2024-12-19T13:11:46","date_gmt":"2024-12-19T13:11:46","guid":{"rendered":"https:\/\/fipmed.co\/product\/1x-bottle-fipmed-eidd2801-30x-capsules-for-3kg-cats\/"},"modified":"2025-05-02T00:17:46","modified_gmt":"2025-05-02T00:17:46","slug":"1x-bottle-fipmed-eidd2801-30x-capsules-for-3kg-cats","status":"publish","type":"product","link":"https:\/\/fipmed.co\/pt-br\/produto\/1x-bottle-fipmed-eidd2801-30x-capsules-for-3kg-cats\/","title":{"rendered":"FIPMed EIDD2801 30x C\u00e1psulas (3kg gatos) Alta toxicidade. Somente para gatos resistentes ao GS441525."},"content":{"rendered":"<p>Oferecemos c\u00e1psulas de FIPMed EIDD2801 para gatos que desenvolveram resist\u00eancia ao GS441524 e que este n\u00e3o funciona mais para eles. Nesse caso, o EIDD2801 pode ser o \u00faltimo recurso. O molnupiravir (EIDD-2801) apresenta alta toxicidade, o que o torna inadequado para o uso prolongado necess\u00e1rio no tratamento da PIF. O uso prolongado pode levar a muta\u00e7\u00f5es no RNA, aumentando o risco de c\u00e2ncer. <\/p>\n<p>O molnupiravir \u00e9 adequado apenas para tratamentos de curto prazo, como a COVID-19, em que um curso de 5 dias n\u00e3o \u00e9 longo o suficiente para causar efeitos mutag\u00eanicos prejudiciais.<\/p>\n<p><strong>Gatos com PIF tratados com Molnupiravir ou EIDD2801 podem ter maior chance de desenvolver c\u00e2ncer dentro de 3 anos. N\u00e3o \u00e9 recomendado tratar a PIF com o EIDD2801, especialmente em gatos jovens. <\/strong><\/p>\n<p>\u00c9 apenas uma alternativa se o seu gato n\u00e3o responder mais ao GS441524.<\/p>\n<p>Por que o tratamento da PIF precisa durar 84 dias? O v\u00edrus da FIPV permanece no corpo do gato por at\u00e9 90 dias. Os antivirais como GS-441524, Molnupiravir e GC376 inibem a replica\u00e7\u00e3o do v\u00edrus em vez de mat\u00e1-lo diretamente, portanto, \u00e9 preciso esperar que o v\u00edrus morra naturalmente. Atualmente, n\u00e3o h\u00e1 nenhum medicamento no mercado que mate o v\u00edrus com sucesso para encurtar o tempo de tratamento. &#8211; Modo de usar: 1 c\u00e1psula por dia &#8211; Cada c\u00e1psula cont\u00e9m 100 mg de Molnupiravir (EIDD2801) para gatos de 5 kg &#8211; Cada frasco cont\u00e9m 30 c\u00e1psulas   <\/p>\n<p><strong>Como voc\u00ea pode identificar o EIDD2801 vendido como GS441524?<\/strong><\/p>\n<p><span style=\"font-size: 12pt;\">&#8211; Se o pre\u00e7o for muito mais baixo em compara\u00e7\u00e3o com os padr\u00f5es do setor para GS441524<\/span><\/p>\n<p><span style=\"font-size: 12pt;\">&#8211; Se for vendido em forma de c\u00e1psula. Nenhum fabricante produz o GS-441524 em forma de c\u00e1psula. Mas todo o tratamento com EIDD2801 \u00e9 feito em forma de c\u00e1psula.  <\/span><\/p>\n<p><span style=\"font-size: 12pt;\">&#8211; Se a dosagem ou a dura\u00e7\u00e3o do tratamento for diferente da recomenda\u00e7\u00e3o do Dr. Niels Pedersen<\/span><\/p>\n","protected":false},"excerpt":{"rendered":"<p>Oferecemos c\u00e1psulas de FIPMed EIDD2801 para gatos que desenvolveram resist\u00eancia ao GS441524 e que este n\u00e3o funciona mais para eles. Nesse caso, o EIDD2801 pode ser o \u00faltimo recurso. O molnupiravir (EIDD-2801) apresenta alta toxicidade, o que o torna inadequado para o uso prolongado necess\u00e1rio no tratamento da PIF. O uso prolongado pode levar a muta\u00e7\u00f5es no RNA, aumentando o risco de c\u00e2ncer. <\/p>\n<p>O molnupiravir \u00e9 adequado apenas para tratamentos de curto prazo, como a COVID-19, em que um curso de 5 dias n\u00e3o \u00e9 longo o suficiente para causar efeitos mutag\u00eanicos prejudiciais.<\/p>\n<p>Gatos com PIF tratados com Molnupiravir ou EIDD2801 podem ter maior chance de desenvolver c\u00e2ncer dentro de 3 anos. N\u00e3o \u00e9 recomendado tratar a PIF com o EIDD2801, especialmente em gatos jovens. <\/p>\n<p>\u00c9 apenas uma alternativa se o seu gato n\u00e3o responder mais ao GS441524.<\/p>\n<p>Por que o tratamento da PIF precisa durar 84 dias? O v\u00edrus da FIPV permanece no corpo do gato por at\u00e9 90 dias. Os antivirais como GS-441524, Molnupiravir e GC376 inibem a replica\u00e7\u00e3o do v\u00edrus em vez de mat\u00e1-lo diretamente, portanto, \u00e9 preciso esperar que o v\u00edrus morra naturalmente. Atualmente, n\u00e3o h\u00e1 nenhum medicamento no mercado que mate o v\u00edrus com sucesso para encurtar o tempo de tratamento. &#8211; Modo de usar: 1 c\u00e1psula por dia &#8211; Cada c\u00e1psula cont\u00e9m 60 mg de Molnupiravir (EIDD2801) para gatos de 3 kg &#8211; Cada frasco cont\u00e9m 30 c\u00e1psulas   <\/p>\n","protected":false},"featured_media":26848,"template":"","meta":{"_glsr_average":0,"_glsr_ranking":0,"_glsr_reviews":0},"product_cat":[1151],"product_tag":[],"_links":{"self":[{"href":"https:\/\/fipmed.co\/pt-br\/wp-json\/wp\/v2\/product\/27521"}],"collection":[{"href":"https:\/\/fipmed.co\/pt-br\/wp-json\/wp\/v2\/product"}],"about":[{"href":"https:\/\/fipmed.co\/pt-br\/wp-json\/wp\/v2\/types\/product"}],"wp:featuredmedia":[{"embeddable":true,"href":"https:\/\/fipmed.co\/pt-br\/wp-json\/wp\/v2\/media\/26848"}],"wp:attachment":[{"href":"https:\/\/fipmed.co\/pt-br\/wp-json\/wp\/v2\/media?parent=27521"}],"wp:term":[{"taxonomy":"product_cat","embeddable":true,"href":"https:\/\/fipmed.co\/pt-br\/wp-json\/wp\/v2\/product_cat?post=27521"},{"taxonomy":"product_tag","embeddable":true,"href":"https:\/\/fipmed.co\/pt-br\/wp-json\/wp\/v2\/product_tag?post=27521"}],"curies":[{"name":"wp","href":"https:\/\/api.w.org\/{rel}","templated":true}]}}