{"id":27570,"date":"2024-06-05T06:26:50","date_gmt":"2024-06-05T06:26:50","guid":{"rendered":"https:\/\/fipmed.co\/product\/9x-strips-fipmed-tablets-x-10-days-for-5kg-cats\/"},"modified":"2024-06-05T06:26:50","modified_gmt":"2024-06-05T06:26:50","slug":"9x-strips-fipmed-tablets-x-10-days-for-5kg-cats","status":"publish","type":"product","link":"https:\/\/fipmed.co\/pt-br\/produto\/9x-strips-fipmed-tablets-x-10-days-for-5kg-cats\/","title":{"rendered":"9x Strips FipMed Tablets x 10 dias (para gatos de 5 kg)"},"content":{"rendered":"<p class=\"p1\"><span class=\"s1\">FipMed GS-441524 comprimidos \u00e9 um tratamento eficaz para a Peritonite Infecciosa Felina (PIF).<\/span><\/p>\n<p class=\"p1\"><span class=\"s1\">Cada comprimido de FipMed para gatos de 5 kg cont\u00e9m 75 mg de GS-441524.<br \/>\n\u00c9 formulado para gatos com peso n\u00e3o superior a 5 kg. <\/span><\/p>\n<p class=\"p1\"><span class=\"s1\">O GS-441524 \u00e9 metabolicamente est\u00e1vel.<br \/>\nEntretanto, a quantidade absorvida n\u00e3o ser\u00e1 totalmente metabolizada ap\u00f3s a digest\u00e3o.<br \/>\nA quantidade metabolizada estimada \u00e9 suficiente para a PIF \u00famida e seca.<br \/>\nDobre a dosagem para PIF ocular e PIF neurol\u00f3gica.<br \/>\nTome dois comprimidos em vez de um.    <\/span><\/p>\n<p>&nbsp;<\/p>\n<p class=\"p1\"><span class=\"s1\">Os comprimidos e a dosagem do FIPMed s\u00e3o formulados com base nas recomenda\u00e7\u00f5es do Dr. Niels Pedersen.  <\/span><\/p>\n<p>&nbsp;<\/p>\n<p><strong>Dosagem de FIP \u00famido\/seco para comprimidos:<\/strong><\/p>\n<p>Comprimido Conte\u00fado real de GS441524: 15mg\/kg Ap\u00f3s 60% de perda por digest\u00e3o e metaboliza\u00e7\u00e3o*: 6mg\/kg<\/p>\n<p><strong>Dosagem de comprimidos para FIP ocular\/neurol\u00f3gico:<\/strong><\/p>\n<p>Comprimido Conte\u00fado real de GS441524: 30mg\/kg Ap\u00f3s 60% de perda por digest\u00e3o e metaboliza\u00e7\u00e3o*: 12mg\/kg<\/p>\n<p>&nbsp;<\/p>\n<p>* A administra\u00e7\u00e3o oral tamb\u00e9m forneceu n\u00edveis sangu\u00edneos, mas um pouco mais tarde e apenas cerca de 40% dos n\u00edveis de pico das vias subcut\u00e2nea e intravenosa. O GS-441424 \u00e9 absorvido pelo intestino com cerca de 50% de efici\u00eancia da administra\u00e7\u00e3o subcut\u00e2nea ou intravenosa. Considerando as limita\u00e7\u00f5es de absor\u00e7\u00e3o do GS-441524 oral, seria de se esperar que a dosagem oral fosse cerca de duas vezes maior que a das inje\u00e7\u00f5es. (Niels Pedersen NC, 2018).   <\/p>\n<p><a href=\"https:\/\/www.vetmed.ucdavis.edu\/sites\/g\/files\/dgvnsk4586\/files\/inline-files\/Use%20of%20oral%20GS-441524%20for%20FIP%20treatmemt_0.pdf\" rel=\"nofollow noopener\" target=\"_blank\">https:\/\/www.vetmed.ucdavis.edu\/sites\/g\/files\/dgvnsk4586\/files\/inline-files\/Use%20of%20oral%20GS-441524%20for%20FIP%20treatmemt_0.pdf<\/a><\/p>\n<p>&nbsp;<\/p>\n<p class=\"p1\"><span class=\"s1\">Cada tira cont\u00e9m 10 comprimidos orais (10 dias de tratamento)<\/span><\/p>\n","protected":false},"excerpt":{"rendered":"<p class=\"p1\"><span class=\"s1\">FipMed GS-441524 comprimidos \u00e9 um tratamento eficaz para a Peritonite Infecciosa Felina (PIF).<\/span><\/p>\n<p class=\"p1\"><span class=\"s1\">Cada comprimido de FipMed para gatos de 5 kg cont\u00e9m 75 mg de GS-441524.<br \/>\n\u00c9 formulado para gatos com peso n\u00e3o superior a 5 kg. <\/span><\/p>\n<p class=\"p1\"><span class=\"s1\">O GS-441524 \u00e9 metabolicamente est\u00e1vel.<br \/>\nEntretanto, a quantidade absorvida n\u00e3o ser\u00e1 totalmente metabolizada ap\u00f3s a digest\u00e3o.<br \/>\nA quantidade metabolizada estimada \u00e9 suficiente para a PIF \u00famida e seca.<br \/>\nDobre a dosagem para PIF ocular e PIF neurol\u00f3gica.<br \/>\nTome dois comprimidos em vez de um.    <\/span><\/p>\n","protected":false},"featured_media":25357,"template":"","meta":{"_glsr_average":0,"_glsr_ranking":0,"_glsr_reviews":0},"product_cat":[390],"product_tag":[],"_links":{"self":[{"href":"https:\/\/fipmed.co\/pt-br\/wp-json\/wp\/v2\/product\/27570"}],"collection":[{"href":"https:\/\/fipmed.co\/pt-br\/wp-json\/wp\/v2\/product"}],"about":[{"href":"https:\/\/fipmed.co\/pt-br\/wp-json\/wp\/v2\/types\/product"}],"wp:featuredmedia":[{"embeddable":true,"href":"https:\/\/fipmed.co\/pt-br\/wp-json\/wp\/v2\/media\/25357"}],"wp:attachment":[{"href":"https:\/\/fipmed.co\/pt-br\/wp-json\/wp\/v2\/media?parent=27570"}],"wp:term":[{"taxonomy":"product_cat","embeddable":true,"href":"https:\/\/fipmed.co\/pt-br\/wp-json\/wp\/v2\/product_cat?post=27570"},{"taxonomy":"product_tag","embeddable":true,"href":"https:\/\/fipmed.co\/pt-br\/wp-json\/wp\/v2\/product_tag?post=27570"}],"curies":[{"name":"wp","href":"https:\/\/api.w.org\/{rel}","templated":true}]}}