{"id":5719,"date":"2022-11-30T16:38:07","date_gmt":"2022-11-30T16:38:07","guid":{"rendered":"https:\/\/fipmed.co\/product\/fipmed-comprimidos-30mg-10s\/"},"modified":"2025-11-15T12:27:00","modified_gmt":"2025-11-15T12:27:00","slug":"3x-tiras-comprimidos-fipmed-30mg-10s","status":"publish","type":"product","link":"https:\/\/fipmed.co\/pt-br\/produto\/3x-tiras-comprimidos-fipmed-30mg-10s\/","title":{"rendered":"3x Strips FipMed Tablets x 10 dias (para gatos de 3kg)"},"content":{"rendered":"<p class=\"p1\"><span class=\"s1\">FipMed GS-441524 comprimidos \u00e9 um tratamento eficaz para a Peritonite Infecciosa Felina (PIF).<\/span><\/p>\n<p class=\"p1\"><span class=\"s1\">Cada comprimido de FipMed para gatos de 3 kg cont\u00e9m 45 mg de GS-441524.<\/span><\/p>\n<p class=\"p1\"><span class=\"s1\">\u00c9 formulado para gatos com peso n\u00e3o superior a 3 kg.<\/span><\/p>\n<p class=\"p1\"><span class=\"s1\">O GS-441524 \u00e9 metabolicamente est\u00e1vel. No entanto, a quantidade absorvida n\u00e3o ser\u00e1 totalmente metabolizada ap\u00f3s a digest\u00e3o. A quantidade metabolizada estimada \u00e9 suficiente para o FIP h\u00famido e seco. Duplica a dose para Ocular FIP e Neurological FIP. Toma dois comprimidos em vez de um.<\/span><\/p>\n<p>&nbsp;<\/p>\n<p class=\"p1\"><span class=\"s1\">FIPMed tablets and dosage are formulated based on recommendations from Dr Niels Pedersen:<\/span><\/p>\n<p><strong>Dosagem de FIP h\u00famido \/ seco para comprimidos:<\/strong><\/p>\n<p>Comprimido real GS441524 Conte\u00fado: 15mg\/kg<\/p>\n<p>Ap\u00f3s 60% de perda por digest\u00e3o e metaboliza\u00e7\u00e3o*: 6mg\/kg<\/p>\n<p><strong>Ocular \/ Neurol\u00f3gico FIP Dosagem para comprimidos:<\/strong><\/p>\n<p>Comprimido real GS441524 Conte\u00fado: 30mg\/kg<\/p>\n<p>Ap\u00f3s 60% de perda por digest\u00e3o e metaboliza\u00e7\u00e3o*: 12mg\/kg<\/p>\n<p>&nbsp;<\/p>\n<p>* Verificou-se que a administra\u00e7\u00e3o oral tamb\u00e9m fornece n\u00edveis sangu\u00edneos, mas com algum atraso e apenas com cerca de 40% dos n\u00edveis m\u00e1ximos das vias subcut\u00e2nea e intravenosa. O GS-441424 \u00e9 absorvido a partir do intestino com uma efic\u00e1cia de cerca de 50% como administra\u00e7\u00e3o subcut\u00e2nea ou intravenosa. Dadas as limita\u00e7\u00f5es de absor\u00e7\u00e3o do GS-441524 oral, seria de esperar que a dosagem oral fosse cerca de duas vezes superior \u00e0 das injec\u00e7\u00f5es. (Niels Pedersen NC, 2018).<\/p>\n<p>https:\/\/www.vetmed.ucdavis.edu\/sites\/g\/files\/dgvnsk4586\/files\/inline-files\/Use%20of%20oral%20GS-441524%20for%20FIP%20treatmemt_0.pdf<\/p>\n<p>&nbsp;<\/p>\n<p class=\"p1\"><span class=\"s1\">Cada tira cont\u00e9m 10 comprimidos orais (10 dias de tratamento)<\/span><\/p>\n","protected":false},"excerpt":{"rendered":"<p class=\"p1\"><span class=\"s1\">FipMed GS-441524 comprimidos \u00e9 um tratamento eficaz para a Peritonite Infecciosa Felina (PIF).<\/span><\/p>\n<p class=\"p1\"><span class=\"s1\">Cada comprimido de FipMed para gatos de 3 kg cont\u00e9m 45 mg de GS-441524. \u00c9 formulado para gatos com peso n\u00e3o superior a 3 kg.<\/span><\/p>\n<p class=\"p1\"><span class=\"s1\">O GS-441524 \u00e9 metabolicamente est\u00e1vel. No entanto, a quantidade absorvida n\u00e3o ser\u00e1 totalmente metabolizada ap\u00f3s a digest\u00e3o. A quantidade metabolizada estimada \u00e9 suficiente para o FIP h\u00famido e seco. Duplica a dose para Ocular FIP e Neurological FIP. Toma dois comprimidos em vez de um.<\/span><\/p>\n<p class=\"p1\"><span class=\"s1\">Cada tira cont\u00e9m 10 comprimidos orais (10 dias de tratamento)<\/span><\/p>\n","protected":false},"featured_media":25105,"template":"","meta":{"_glsr_average":4.9,"_glsr_ranking":4.6666666666667,"_glsr_reviews":50},"product_cat":[390],"product_tag":[],"_links":{"self":[{"href":"https:\/\/fipmed.co\/pt-br\/wp-json\/wp\/v2\/product\/5719"}],"collection":[{"href":"https:\/\/fipmed.co\/pt-br\/wp-json\/wp\/v2\/product"}],"about":[{"href":"https:\/\/fipmed.co\/pt-br\/wp-json\/wp\/v2\/types\/product"}],"wp:featuredmedia":[{"embeddable":true,"href":"https:\/\/fipmed.co\/pt-br\/wp-json\/wp\/v2\/media\/25105"}],"wp:attachment":[{"href":"https:\/\/fipmed.co\/pt-br\/wp-json\/wp\/v2\/media?parent=5719"}],"wp:term":[{"taxonomy":"product_cat","embeddable":true,"href":"https:\/\/fipmed.co\/pt-br\/wp-json\/wp\/v2\/product_cat?post=5719"},{"taxonomy":"product_tag","embeddable":true,"href":"https:\/\/fipmed.co\/pt-br\/wp-json\/wp\/v2\/product_tag?post=5719"}],"curies":[{"name":"wp","href":"https:\/\/api.w.org\/{rel}","templated":true}]}}