{"id":5722,"date":"2022-11-30T16:29:57","date_gmt":"2022-11-30T16:29:57","guid":{"rendered":"https:\/\/fipmed.co\/product\/frasco-de-injecao-20mg-ml\/"},"modified":"2025-11-15T12:27:06","modified_gmt":"2025-11-15T12:27:06","slug":"6x-injecao-vial-20mg-ml","status":"publish","type":"product","link":"https:\/\/fipmed.co\/pt-br\/produto\/6x-injecao-vial-20mg-ml\/","title":{"rendered":"6x Fipmed Injection 7ml Vial 20mg\/ml"},"content":{"rendered":"<p class=\"p1\"><span class=\"s1\">FipMed GS-441524 Injection \u00e9 um tratamento eficaz para a Peritonite Infecciosa Felina (PIF). <\/span><span class=\"s1\">Cada frasco para inject\u00e1veis de FipMed 20mg\/ml cont\u00e9m 7ml.<\/span><\/p>\n<p class=\"p1\"><span class=\"s1\"><strong>Concentra\u00e7\u00e3o:<span class=\"Apple-converted-space\"> <\/span><\/strong>20mg\/ml<\/span><\/p>\n<p class=\"p1\"><span class=\"s1\"><strong>Volume:<\/strong><span class=\"Apple-converted-space\"> <\/span>7ml por frasco<\/span><\/p>\n<p class=\"p1\"><span class=\"s1\"><strong>Quantidade:<\/strong><span class=\"Apple-converted-space\"><strong> <\/strong> 6x<\/span> frascos<\/span><\/p>\n<p>&nbsp;<\/p>\n<p class=\"p1\"><strong><span class=\"s1\">Dosagem recomendada:<\/span><\/strong><\/p>\n<p class=\"p1\"><span class=\"s1\">10mg\/kg de peso corporal do gato<\/span><\/p>\n<p>&nbsp;<\/p>\n<p class=\"p1\"><span class=\"s1\"><strong>M\u00e9todo de tratamento:<\/strong> <\/span><\/p>\n<p class=\"p1\"><span class=\"s1\">1 inje\u00e7\u00e3o por dia, 7 dias por semana.<\/span><\/p>\n<p class=\"p1\"><span class=\"s1\">Dura\u00e7\u00e3o do tratamento: m\u00ednimo de 4 semanas (recomendado), seguido de comprimidos ou continuar com a inje\u00e7\u00e3o at\u00e9 \u00e0s 12 semanas.<\/span><\/p>\n","protected":false},"excerpt":{"rendered":"<p class=\"p1\"><span class=\"s1\">FipMed GS-441524 Injection \u00e9 um tratamento eficaz para a Peritonite Infecciosa Felina (PIF). <\/span><span class=\"s1\">Cada frasco para inject\u00e1veis de FipMed 20mg\/ml cont\u00e9m 7ml.<\/span><\/p>\n<p class=\"p1\"><span class=\"s1\"><strong>Concentra\u00e7\u00e3o:<span class=\"Apple-converted-space\"> <\/span><\/strong>20mg\/ml<\/span><\/p>\n<p class=\"p1\"><span class=\"s1\"><strong>Volume:<\/strong><span class=\"Apple-converted-space\"> <\/span>7ml por frasco<\/span><\/p>\n<p class=\"p1\"><span class=\"s1\"><strong>Quantidade:<\/strong><span class=\"Apple-converted-space\"><strong> <\/strong> 6x<\/span> frascos<\/span><\/p>\n<p>&nbsp;<\/p>\n<p class=\"p1\"><strong><span class=\"s1\">Dosagem recomendada:<\/span><\/strong><\/p>\n<p class=\"p1\"><span class=\"s1\">10mg\/kg de peso corporal do gato<\/span><\/p>\n<p class=\"p1\"><span class=\"s1\"><strong>M\u00e9todo de tratamento:<\/strong> <\/span><\/p>\n<p class=\"p1\"><span class=\"s1\">1 inje\u00e7\u00e3o por dia, 7 dias por semana.<\/span><\/p>\n<p class=\"p1\"><span class=\"s1\">Dura\u00e7\u00e3o do tratamento: m\u00ednimo de 4 semanas (recomendado), seguido de comprimidos ou continuar com a inje\u00e7\u00e3o.<\/span><\/p>\n","protected":false},"featured_media":25151,"template":"","meta":{"_glsr_average":5,"_glsr_ranking":4.625,"_glsr_reviews":30},"product_cat":[375],"product_tag":[],"_links":{"self":[{"href":"https:\/\/fipmed.co\/pt-br\/wp-json\/wp\/v2\/product\/5722"}],"collection":[{"href":"https:\/\/fipmed.co\/pt-br\/wp-json\/wp\/v2\/product"}],"about":[{"href":"https:\/\/fipmed.co\/pt-br\/wp-json\/wp\/v2\/types\/product"}],"wp:featuredmedia":[{"embeddable":true,"href":"https:\/\/fipmed.co\/pt-br\/wp-json\/wp\/v2\/media\/25151"}],"wp:attachment":[{"href":"https:\/\/fipmed.co\/pt-br\/wp-json\/wp\/v2\/media?parent=5722"}],"wp:term":[{"taxonomy":"product_cat","embeddable":true,"href":"https:\/\/fipmed.co\/pt-br\/wp-json\/wp\/v2\/product_cat?post=5722"},{"taxonomy":"product_tag","embeddable":true,"href":"https:\/\/fipmed.co\/pt-br\/wp-json\/wp\/v2\/product_tag?post=5722"}],"curies":[{"name":"wp","href":"https:\/\/api.w.org\/{rel}","templated":true}]}}