{"id":8525,"date":"2023-08-07T13:16:45","date_gmt":"2023-08-07T13:16:45","guid":{"rendered":"https:\/\/fipmed.co\/?post_type=product&#038;p=8525"},"modified":"2025-11-15T12:26:43","modified_gmt":"2025-11-15T12:26:43","slug":"vet-use-50x-strips-fipmed-tablets-30mg-x-10-dias-para-gatos-pesando-3kg","status":"publish","type":"product","link":"https:\/\/fipmed.co\/pt-br\/produto\/vet-use-50x-strips-fipmed-tablets-30mg-x-10-dias-para-gatos-pesando-3kg\/","title":{"rendered":"USO VET: 50x Tiras FipMed Comprimidos x 10 dias (para gatos com 3kg)"},"content":{"rendered":"<p class=\"p1\"><span class=\"s1\">FipMed GS-441524 comprimidos \u00e9 um tratamento eficaz para a Peritonite Infecciosa Felina (PIF).<\/span><\/p>\n<p class=\"p1\"><span class=\"s1\">Cada comprimido de FipMed para gatos de 3 kg cont\u00e9m 45 mg de GS-441524. \u00c9 formulado para gatos com peso n\u00e3o superior a 3 kg.<\/span><\/p>\n<p class=\"p1\"><span class=\"s1\">O GS-441524 \u00e9 metabolicamente est\u00e1vel. No entanto, a quantidade absorvida n\u00e3o ser\u00e1 totalmente metabolizada ap\u00f3s a digest\u00e3o. A quantidade metabolizada estimada \u00e9 suficiente para o FIP h\u00famido e seco. Duplica a dose para Ocular FIP e Neurological FIP. Toma dois comprimidos em vez de um.<\/span><\/p>\n<p class=\"p1\"><span class=\"s1\">Cada tira cont\u00e9m 10 comprimidos orais (10 dias de tratamento)<\/span><\/p>\n<p>Quantidade: 50x tiras<\/p>\n","protected":false},"excerpt":{"rendered":"<p class=\"p1\"><span class=\"s1\">FipMed GS-441524 comprimidos \u00e9 um tratamento eficaz para a Peritonite Infecciosa Felina (PIF).<\/span><\/p>\n<p class=\"p1\"><span class=\"s1\">Cada comprimido de FipMed para gatos de 3 kg cont\u00e9m 45 mg de GS-441524. \u00c9 formulado para gatos com peso n\u00e3o superior a 3 kg.<\/span><\/p>\n<p class=\"p1\"><span class=\"s1\">O GS-441524 \u00e9 metabolicamente est\u00e1vel. No entanto, a quantidade absorvida n\u00e3o ser\u00e1 totalmente metabolizada ap\u00f3s a digest\u00e3o. A quantidade metabolizada estimada \u00e9 suficiente para o FIP h\u00famido e seco. Duplica a dose para Ocular FIP e Neurological FIP. Toma dois comprimidos em vez de um.<\/span><\/p>\n<p class=\"p1\"><span class=\"s1\">Cada tira cont\u00e9m 10 comprimidos orais (10 dias de tratamento)<\/span><\/p>\n<p>Quantidade: 50x tiras<\/p>\n","protected":false},"featured_media":20122,"template":"","meta":{"_glsr_average":0,"_glsr_ranking":0,"_glsr_reviews":0},"product_cat":[667],"product_tag":[],"_links":{"self":[{"href":"https:\/\/fipmed.co\/pt-br\/wp-json\/wp\/v2\/product\/8525"}],"collection":[{"href":"https:\/\/fipmed.co\/pt-br\/wp-json\/wp\/v2\/product"}],"about":[{"href":"https:\/\/fipmed.co\/pt-br\/wp-json\/wp\/v2\/types\/product"}],"wp:featuredmedia":[{"embeddable":true,"href":"https:\/\/fipmed.co\/pt-br\/wp-json\/wp\/v2\/media\/20122"}],"wp:attachment":[{"href":"https:\/\/fipmed.co\/pt-br\/wp-json\/wp\/v2\/media?parent=8525"}],"wp:term":[{"taxonomy":"product_cat","embeddable":true,"href":"https:\/\/fipmed.co\/pt-br\/wp-json\/wp\/v2\/product_cat?post=8525"},{"taxonomy":"product_tag","embeddable":true,"href":"https:\/\/fipmed.co\/pt-br\/wp-json\/wp\/v2\/product_tag?post=8525"}],"curies":[{"name":"wp","href":"https:\/\/api.w.org\/{rel}","templated":true}]}}