{"id":8553,"date":"2023-08-07T13:29:19","date_gmt":"2023-08-07T13:29:19","guid":{"rendered":"https:\/\/fipmed.co\/?post_type=product&#038;p=8553"},"modified":"2025-11-15T12:26:34","modified_gmt":"2025-11-15T12:26:34","slug":"vet-use-100x-fipmed-injection-7ml-vial-20mg-ml","status":"publish","type":"product","link":"https:\/\/fipmed.co\/pt-br\/produto\/vet-use-100x-fipmed-injection-7ml-vial-20mg-ml\/","title":{"rendered":"USO VET: 100x Fipmed Injection 7ml Vial 20mg\/ml"},"content":{"rendered":"<p class=\"p1\"><span class=\"s1\">FipMed GS-441524 Injection \u00e9 um tratamento eficaz para a Peritonite Infecciosa Felina (PIF). <\/span><span class=\"s1\">Cada frasco para inject\u00e1veis de FipMed 20mg\/ml cont\u00e9m 7ml.<\/span><\/p>\n<p class=\"p1\"><span class=\"s1\"><strong>Concentra\u00e7\u00e3o:<span class=\"Apple-converted-space\"> <\/span><\/strong>20mg\/ml<\/span><\/p>\n<p class=\"p1\"><span class=\"s1\"><strong>Volume:<\/strong><span class=\"Apple-converted-space\"> <\/span>7ml por frasco<\/span><\/p>\n<p class=\"p1\"><span class=\"s1\"><strong>Quantidade:<\/strong><span class=\"Apple-converted-space\"><strong> <\/strong> 100x<\/span> frascos<\/span><\/p>\n<p>&nbsp;<\/p>\n<p class=\"p1\"><strong><span class=\"s1\">Dosagem recomendada:<\/span><\/strong><\/p>\n<p class=\"p1\"><span class=\"s1\">FIP h\u00famido 6mg\/kg de peso corporal do gato<\/span><\/p>\n<p class=\"p1\"><span class=\"s1\">Dry FIP 6mg\/kg de peso corporal do gato<\/span><\/p>\n<p class=\"p1\"><span class=\"s1\">PIF ocular 8mg\/kg de peso corporal do gato<\/span><\/p>\n<p class=\"p1\"><span class=\"s1\">Neurol\u00f3gico 10mg\/kg de peso corporal do gato<\/span><\/p>\n<p>&nbsp;<\/p>\n<p class=\"p1\"><span class=\"s1\"><strong>M\u00e9todo de tratamento:<\/strong> <\/span><\/p>\n<p class=\"p1\"><span class=\"s1\">1 inje\u00e7\u00e3o por dia, 7 dias por semana.<\/span><\/p>\n<p class=\"p1\"><span class=\"s1\">Dura\u00e7\u00e3o do tratamento: m\u00ednimo de 4 semanas (recomendado), seguido de comprimidos ou continuar com a inje\u00e7\u00e3o at\u00e9 \u00e0s 12 semanas.<\/span><\/p>\n","protected":false},"excerpt":{"rendered":"<p class=\"p1\"><span class=\"s1\">FipMed GS-441524 Injection \u00e9 um tratamento eficaz para a Peritonite Infecciosa Felina (PIF). <\/span><span class=\"s1\">Cada frasco para inject\u00e1veis de FipMed 20mg\/ml cont\u00e9m 7ml.<\/span><\/p>\n<p class=\"p1\"><span class=\"s1\"><strong>Concentra\u00e7\u00e3o:<span class=\"Apple-converted-space\"> <\/span><\/strong>20mg\/ml<\/span><\/p>\n<p class=\"p1\"><span class=\"s1\"><strong>Volume:<\/strong><span class=\"Apple-converted-space\"> <\/span>7ml por frasco<\/span><\/p>\n<p class=\"p1\"><span class=\"s1\"><strong>Quantidade:<\/strong><span class=\"Apple-converted-space\"><strong> <\/strong> 100x<\/span> frascos<\/span><\/p>\n<p>&nbsp;<\/p>\n<p class=\"p1\"><strong><span class=\"s1\">Dosagem recomendada:<\/span><\/strong><\/p>\n<p class=\"p1\"><span class=\"s1\">FIP h\u00famido 6mg\/kg de peso corporal do gato<\/span><\/p>\n<p class=\"p1\"><span class=\"s1\">Dry FIP 6mg\/kg de peso corporal do gato<\/span><\/p>\n<p class=\"p1\"><span class=\"s1\">PIF ocular 8mg\/kg de peso corporal do gato<\/span><\/p>\n<p class=\"p1\"><span class=\"s1\">Neurol\u00f3gico 10mg\/kg de peso corporal do gato<\/span><\/p>\n<p>&nbsp;<\/p>\n<p class=\"p1\"><span class=\"s1\"><strong>M\u00e9todo de tratamento:<\/strong> <\/span><\/p>\n<p class=\"p1\"><span class=\"s1\">1 inje\u00e7\u00e3o por dia, 7 dias por semana.<\/span><\/p>\n<p class=\"p1\"><span class=\"s1\">Dura\u00e7\u00e3o do tratamento: m\u00ednimo de 4 semanas (recomendado), seguido de comprimidos ou continuar com a inje\u00e7\u00e3o at\u00e9 \u00e0s 12 semanas.<\/span><\/p>\n","protected":false},"featured_media":22878,"template":"","meta":{"_glsr_average":0,"_glsr_ranking":0,"_glsr_reviews":0},"product_cat":[667],"product_tag":[],"_links":{"self":[{"href":"https:\/\/fipmed.co\/pt-br\/wp-json\/wp\/v2\/product\/8553"}],"collection":[{"href":"https:\/\/fipmed.co\/pt-br\/wp-json\/wp\/v2\/product"}],"about":[{"href":"https:\/\/fipmed.co\/pt-br\/wp-json\/wp\/v2\/types\/product"}],"wp:featuredmedia":[{"embeddable":true,"href":"https:\/\/fipmed.co\/pt-br\/wp-json\/wp\/v2\/media\/22878"}],"wp:attachment":[{"href":"https:\/\/fipmed.co\/pt-br\/wp-json\/wp\/v2\/media?parent=8553"}],"wp:term":[{"taxonomy":"product_cat","embeddable":true,"href":"https:\/\/fipmed.co\/pt-br\/wp-json\/wp\/v2\/product_cat?post=8553"},{"taxonomy":"product_tag","embeddable":true,"href":"https:\/\/fipmed.co\/pt-br\/wp-json\/wp\/v2\/product_tag?post=8553"}],"curies":[{"name":"wp","href":"https:\/\/api.w.org\/{rel}","templated":true}]}}