{"id":21630,"date":"2022-11-25T15:16:30","date_gmt":"2022-11-25T15:16:30","guid":{"rendered":"https:\/\/fipmed.co\/politica-de-returnare-a-fip\/"},"modified":"2024-07-17T04:46:58","modified_gmt":"2024-07-17T04:46:58","slug":"politica-de-returnare-a-fip","status":"publish","type":"page","link":"https:\/\/fipmed.co\/ro\/politica-de-returnare-a-fip\/","title":{"rendered":"Politica de returnare a FIP"},"content":{"rendered":"\t\t<div data-elementor-type=\"wp-page\" data-elementor-id=\"21630\" class=\"elementor elementor-21630 elementor-34\">\n\t\t\t\t\t\t<section class=\"elementor-section elementor-top-section elementor-element elementor-element-c3897a7 elementor-section-boxed elementor-section-height-default elementor-section-height-default\" data-id=\"c3897a7\" data-element_type=\"section\">\n\t\t\t\t\t\t<div class=\"elementor-container elementor-column-gap-default\">\n\t\t\t\t\t<div class=\"elementor-column elementor-col-100 elementor-top-column elementor-element elementor-element-32e3bf0\" data-id=\"32e3bf0\" data-element_type=\"column\">\n\t\t\t<div class=\"elementor-widget-wrap elementor-element-populated\">\n\t\t\t\t\t\t<div class=\"elementor-element elementor-element-c7b81b6 elementor-widget elementor-widget-text-editor\" data-id=\"c7b81b6\" data-element_type=\"widget\" data-widget_type=\"text-editor.default\">\n\t\t\t\t<div class=\"elementor-widget-container\">\n\t\t\t\t\t\t\t\t\t<p><span style=\"font-kerning: none;\">Aceasta este politica noastr\u0103 de returnare FIP. Suntem \u00eencrez\u0103tori \u00een eficacitatea terapiei noastre GS-441524. Dac\u0103 terapia noastr\u0103 GS-441524 nu v\u0103 poate salva pisica de FIP, v\u0103 vom rambursa 50% pentru toate fiolele neutilizate, precum \u0219i pentru tabletele nedeschise. Nu putem revinde produsele, dar acestea vor fi donate ad\u0103posturilor pentru pisici.  <\/span><\/p>\n<p><span style=\"font-kerning: none;\">V\u0103 rug\u0103m s\u0103 re\u021bine\u021bi c\u0103 aceast\u0103 rambursare este valabil\u0103 numai pentru proprietarii a c\u0103ror pisic\u0103 a murit \u0219i nu a fost salvat\u0103 de\u0219i a fost tratat\u0103 corespunz\u0103tor cu produsele Fipmed timp de cel pu\u021bin 14 zile.  <\/span><\/p>\n<p><span style=\"font-kerning: none;\">Articolul achizi\u021bionat trebuie s\u0103 fie neutilizat \u0219i \u00een aceea\u0219i stare \u00een care l-a\u021bi primit. De asemenea, trebuie s\u0103 fie \u00een ambalajul original.<\/span><\/p>\n<p><span style=\"font-kerning: none;\">Aceast\u0103 garan\u021bie se aplic\u0103 fiolelor sau pastilelor achizi\u021bionate \u00een termen de 21 de zile de la depunerea unei cereri. Pentru a acoperi taxele de expediere, materialele de expediere, for\u021ba de munc\u0103 \u0219i costurile de tranzac\u021bionare, cum ar fi taxele pentru gateway-urile de plat\u0103, percepem o tax\u0103 de 80 USD.<\/span><\/p>\n<p><span style=\"font-kerning: none;\">Sticlele nedeschise trebuie depozitate la 3-8\u00b0 Celsius sau la temperatura camerei pentru capsule, departe de lumina direct\u0103 a soarelui, p\u00e2n\u0103 c\u00e2nd ne sunt returnate.<\/span><\/p>\n<p><span style=\"color: var( --e-global-color-text ); font-weight: var( --e-global-typography-text-font-weight );\">Pentru a preveni abuzurile, vom avea nevoie de urm\u0103toarele documente (cel pu\u021bin) pentru a procesa cererea dumneavoastr\u0103:<\/span><\/p>\n<ol>\n<li>Ata\u0219a\u021bi raportul de diagnostic FIP al animalului dumneavoastr\u0103 de companie \u0219i analizele de s\u00e2nge pentru confirmarea FIP.<\/li>\n<\/ol>\n<ol start=\"2\">\n<li>Istoricul clinic de la medicul veterinar care v-a tratat animalul, precum \u0219i certificatul medical care atest\u0103 decesul pisicii dumneavoastr\u0103 din cauza FIP.<\/li>\n<\/ol>\n<ol start=\"3\">\n<li>Chitan\u021be datate de la acela\u0219i veterinar.<\/li>\n<\/ol>\n<ol start=\"4\">\n<li>Formular de returnare completat (desc\u0103rca\u021bi <a href=\"http:\/\/fipmed.co\/wp-content\/uploads\/2023\/11\/FIPMed_Returns-Form.pdf\">aici<\/a>)<\/li>\n<li>Datele bancare &#8211; plata poate fi efectuat\u0103 numai c\u0103tre dumneavoastr\u0103 sau c\u0103tre furnizorul veterinar curant.<\/li>\n<\/ol>\n<p>Furnizarea documentelor de mai sus \u00een sprijinul cererii dvs. ne va ajuta s\u0103 proces\u0103m \u0219i s\u0103 v\u0103 eliber\u0103m rambursarea f\u0103r\u0103 \u00eent\u00e2rziere. Este posibil s\u0103 contact\u0103m furnizorul dumneavoastr\u0103 veterinar sau pe dumneavoastr\u0103 dac\u0103 avem nevoie de mai multe informa\u021bii pentru a v\u0103 sus\u021bine cererea.<\/p>\n<p><span style=\"font-kerning: none;\">  \u00cen caz contrar, cererea dumneavoastr\u0103 nu va fi pl\u0103tit\u0103, cu excep\u021bia cazului \u00een care exist\u0103 circumstan\u021be excep\u021bionale.<\/span><\/p>\n<p><span style=\"font-kerning: none;\"><b>NOT\u0102:<\/b><\/span><\/p>\n<p><span style=\"font-kerning: none;\">&#8211; Aceast\u0103 garan\u021bie nu se aplic\u0103 achizi\u021biilor efectuate prin intermediul oric\u0103rui program de dona\u021bii.<\/span><\/p>\n<p><span style=\"color: var( --e-global-color-text ); font-weight: var( --e-global-typography-text-font-weight );\">&#8211; Clien\u021bii vor fi responsabili pentru costul transportului de returnare, precum \u0219i pentru transportul ini\u021bial.<\/span><\/p>\n<p><span style=\"font-kerning: none;\">&#8211; Vom verifica articolul la primire \u0219i v\u0103 vom anun\u021ba c\u0103 am primit articolul returnat. Dup\u0103 verificarea articolului, v\u0103 vom informa rapid cu privire la situa\u021bia ramburs\u0103rii dvs.<\/span><\/p>\n<p>&#8211; V\u0103 rug\u0103m s\u0103 acorda\u021bi p\u00e2n\u0103 la 14 zile lucr\u0103toare de la primirea articolelor \u00een depozitul nostru pentru ca contul dvs. s\u0103 fie rambursat.<\/p>\n<p>&#8211; V\u0103 vom trimite un e-mail odat\u0103 ce am finalizat procesul de rambursare.<\/p>\n<p><span style=\"font-kerning: none;\">&#8211; Dac\u0103 returul dvs. este acceptat, vom ini\u021bia o rambursare pe cardul dvs. de credit sau \u00een contul bancar.  <\/span><\/p>\n<p><span style=\"font-kerning: none;\">&#8211; \u00cen func\u021bie de restric\u021biile emitentului cardului, ve\u021bi primi rambursarea \u00eentr-un anumit num\u0103r de zile.<\/span><\/p>\n<p><span style=\"font-kerning: none;\">&#8211; Ve\u021bi pl\u0103ti taxele de transport atunci c\u00e2nd ne returna\u021bi articolul. Costul de expediere nu este rambursabil.<\/span><\/p>\n<p>&#8211; Nu putem autoriza sau garanta c\u0103 cererea dvs. de desp\u0103gubire va fi pl\u0103tit\u0103 p\u00e2n\u0103 c\u00e2nd nu primim un formular de cerere de desp\u0103gubire complet completat \u0219i nu am terminat evaluarea acestuia.<\/p>\n<p>&#8211; Orice articole care nu \u00eendeplinesc liniile noastre directoare pentru o returnare sau returnate f\u0103r\u0103 un bon de retur nu vor fi rambursate.<\/p>\n<p><span style=\"font-kerning: none;\">V\u0103 rug\u0103m s\u0103 ne contacta\u021bi dac\u0103 ave\u021bi \u00eentreb\u0103ri cu privire la modul de returnare a achizi\u021biilor.<\/span><\/p>\n\t\t\t\t\t\t\t\t<\/div>\n\t\t\t\t<\/div>\n\t\t\t\t\t<\/div>\n\t\t<\/div>\n\t\t\t\t\t<\/div>\n\t\t<\/section>\n\t\t\t\t<\/div>\n\t\t","protected":false},"excerpt":{"rendered":"<p>Aceasta este politica noastr\u0103 de returnare FIP. Suntem \u00eencrez\u0103tori \u00een eficacitatea terapiei noastre GS-441524. Dac\u0103 terapia noastr\u0103 GS-441524 nu v\u0103 poate salva pisica de FIP, v\u0103 vom rambursa 50% pentru toate fiolele neutilizate, precum \u0219i pentru tabletele nedeschise. Nu putem revinde produsele, dar acestea vor fi donate ad\u0103posturilor pentru pisici. V\u0103 rug\u0103m s\u0103 re\u021bine\u021bi c\u0103 [&hellip;]<\/p>\n","protected":false},"author":1,"featured_media":0,"parent":0,"menu_order":0,"comment_status":"closed","ping_status":"closed","template":"","meta":{"_glsr_average":0,"_glsr_ranking":0,"_glsr_reviews":0,"footnotes":""},"categories":[],"tags":[],"_links":{"self":[{"href":"https:\/\/fipmed.co\/ro\/wp-json\/wp\/v2\/pages\/21630"}],"collection":[{"href":"https:\/\/fipmed.co\/ro\/wp-json\/wp\/v2\/pages"}],"about":[{"href":"https:\/\/fipmed.co\/ro\/wp-json\/wp\/v2\/types\/page"}],"author":[{"embeddable":true,"href":"https:\/\/fipmed.co\/ro\/wp-json\/wp\/v2\/users\/1"}],"replies":[{"embeddable":true,"href":"https:\/\/fipmed.co\/ro\/wp-json\/wp\/v2\/comments?post=21630"}],"version-history":[{"count":2,"href":"https:\/\/fipmed.co\/ro\/wp-json\/wp\/v2\/pages\/21630\/revisions"}],"predecessor-version":[{"id":21632,"href":"https:\/\/fipmed.co\/ro\/wp-json\/wp\/v2\/pages\/21630\/revisions\/21632"}],"wp:attachment":[{"href":"https:\/\/fipmed.co\/ro\/wp-json\/wp\/v2\/media?parent=21630"}],"wp:term":[{"taxonomy":"category","embeddable":true,"href":"https:\/\/fipmed.co\/ro\/wp-json\/wp\/v2\/categories?post=21630"},{"taxonomy":"post_tag","embeddable":true,"href":"https:\/\/fipmed.co\/ro\/wp-json\/wp\/v2\/tags?post=21630"}],"curies":[{"name":"wp","href":"https:\/\/api.w.org\/{rel}","templated":true}]}}