{"id":21651,"date":"2023-11-20T03:02:35","date_gmt":"2023-11-20T03:02:35","guid":{"rendered":"https:\/\/fipmed.co\/fipmed-policy-cancellation\/"},"modified":"2026-04-30T07:39:27","modified_gmt":"2026-04-30T07:39:27","slug":"fipmed-policy-cancellation","status":"publish","type":"page","link":"https:\/\/fipmed.co\/ro\/fipmed-policy-cancellation\/","title":{"rendered":"Politica de anulare a FIPMed"},"content":{"rendered":"\t\t<div data-elementor-type=\"wp-page\" data-elementor-id=\"21651\" class=\"elementor elementor-21651 elementor-14413\">\n\t\t\t\t\t\t<section class=\"elementor-section elementor-top-section elementor-element elementor-element-c3897a7 elementor-section-boxed elementor-section-height-default elementor-section-height-default\" data-id=\"c3897a7\" data-element_type=\"section\">\n\t\t\t\t\t\t<div class=\"elementor-container elementor-column-gap-default\">\n\t\t\t\t\t<div class=\"elementor-column elementor-col-100 elementor-top-column elementor-element elementor-element-32e3bf0\" data-id=\"32e3bf0\" data-element_type=\"column\">\n\t\t\t<div class=\"elementor-widget-wrap elementor-element-populated\">\n\t\t\t\t\t\t<div class=\"elementor-element elementor-element-c7b81b6 elementor-widget elementor-widget-text-editor\" data-id=\"c7b81b6\" data-element_type=\"widget\" data-widget_type=\"text-editor.default\">\n\t\t\t\t<div class=\"elementor-widget-container\">\n\t\t\t\t\t\t\t\t\t<p>Echipa noastr\u0103 face eforturi suplimentare pentru a se asigura c\u0103 comanda dvs. este expediat\u0103 c\u00e2t mai repede posibil. Acest lucru se datoreaz\u0103 naturii sensibile la timp a tuturor produselor noastre \u0219i ne str\u0103duim pentru to\u021bi clien\u021bii no\u0219tri s\u0103 primeasc\u0103 livrarea c\u00e2t mai cur\u00e2nd posibil. <\/p><p>Prin urmare, orice anulare ulterioar\u0103 comenzii perturb\u0103 grav procesul nostru.<\/p><p><b>Prin urmare, clien\u021bii<\/b>nu sunt eligibili pentru a solicita o anulare dup\u0103 momentul plas\u0103rii comenzii. Clien\u021bii nu vor fi eligibili pentru un proces de anulare a comenzii de niciun fel, iar noi vom livra produsele \u0219i vom \u00eendeplini comanda. De asemenea, nu va exista nicio rambursare dac\u0103 este furnizat\u0103 o adres\u0103 incomplet\u0103 sau dac\u0103 livrarea noastr\u0103 este \u00eempiedicat\u0103 din cauza unor informa\u021bii incomplete necesare.    <\/p><p>Prin plasarea unei comenzi la noi, recunoa\u0219te\u021bi c\u0103 a\u021bi citit, a\u021bi \u00een\u021beles \u0219i a\u021bi fost de acord cu politica noastr\u0103 de anulare.<\/p><p>Dac\u0103 ave\u021bi \u00eentreb\u0103ri sau nel\u0103muriri cu privire la politica noastr\u0103 privind taxele de anulare, v\u0103 rug\u0103m s\u0103 nu ezita\u021bi s\u0103 contacta\u021bi echipa noastr\u0103 de asisten\u021b\u0103 pentru clien\u021bi pentru asisten\u021b\u0103.<\/p><p>V\u0103 mul\u021bumim pentru c\u0103 a\u021bi ales Fipmed.co. Apreciem \u00een\u021belegerea \u0219i cooperarea dumneavoastr\u0103. Toate cele bune \u00een c\u0103l\u0103toria dvs. pentru a lupta \u00eempotriva FIP.    <\/p>\t\t\t\t\t\t\t\t<\/div>\n\t\t\t\t<\/div>\n\t\t\t\t\t<\/div>\n\t\t<\/div>\n\t\t\t\t\t<\/div>\n\t\t<\/section>\n\t\t\t\t<\/div>\n\t\t","protected":false},"excerpt":{"rendered":"<p>Echipa noastr\u0103 face eforturi suplimentare pentru a se asigura c\u0103 comanda dvs. este expediat\u0103 c\u00e2t mai repede posibil. Acest lucru se datoreaz\u0103 naturii sensibile la timp a tuturor produselor noastre \u0219i ne str\u0103duim pentru to\u021bi clien\u021bii no\u0219tri s\u0103 primeasc\u0103 livrarea c\u00e2t mai cur\u00e2nd posibil. Prin urmare, orice anulare ulterioar\u0103 comenzii perturb\u0103 grav procesul nostru. Prin [&hellip;]<\/p>\n","protected":false},"author":1,"featured_media":0,"parent":0,"menu_order":0,"comment_status":"closed","ping_status":"closed","template":"","meta":{"_glsr_average":0,"_glsr_ranking":0,"_glsr_reviews":0,"footnotes":""},"categories":[],"tags":[],"_links":{"self":[{"href":"https:\/\/fipmed.co\/ro\/wp-json\/wp\/v2\/pages\/21651"}],"collection":[{"href":"https:\/\/fipmed.co\/ro\/wp-json\/wp\/v2\/pages"}],"about":[{"href":"https:\/\/fipmed.co\/ro\/wp-json\/wp\/v2\/types\/page"}],"author":[{"embeddable":true,"href":"https:\/\/fipmed.co\/ro\/wp-json\/wp\/v2\/users\/1"}],"replies":[{"embeddable":true,"href":"https:\/\/fipmed.co\/ro\/wp-json\/wp\/v2\/comments?post=21651"}],"version-history":[{"count":3,"href":"https:\/\/fipmed.co\/ro\/wp-json\/wp\/v2\/pages\/21651\/revisions"}],"predecessor-version":[{"id":31772,"href":"https:\/\/fipmed.co\/ro\/wp-json\/wp\/v2\/pages\/21651\/revisions\/31772"}],"wp:attachment":[{"href":"https:\/\/fipmed.co\/ro\/wp-json\/wp\/v2\/media?parent=21651"}],"wp:term":[{"taxonomy":"category","embeddable":true,"href":"https:\/\/fipmed.co\/ro\/wp-json\/wp\/v2\/categories?post=21651"},{"taxonomy":"post_tag","embeddable":true,"href":"https:\/\/fipmed.co\/ro\/wp-json\/wp\/v2\/tags?post=21651"}],"curies":[{"name":"wp","href":"https:\/\/api.w.org\/{rel}","templated":true}]}}