{"id":21688,"date":"2022-12-02T07:30:30","date_gmt":"2022-12-02T07:30:30","guid":{"rendered":"https:\/\/fipmed.co\/fip-tratamente-injectii-vs-pastile\/"},"modified":"2024-07-17T05:11:16","modified_gmt":"2024-07-17T05:11:16","slug":"fip-tratamente-injectii-vs-pastile","status":"publish","type":"page","link":"https:\/\/fipmed.co\/ro\/fip-tratamente-injectii-vs-pastile\/","title":{"rendered":"Tratamente FIP: FIP Injec\u021bii vs FIP Tablete sau pastile"},"content":{"rendered":"<p>Este posibil s\u0103 ave\u021bi dou\u0103 alternative atunci c\u00e2nd selecta\u021bi medicamentul antiviral GS-441524 pentru tratamentele FIP: injec\u021bii subcutanate sau capsule orale sau pastile. Cum \u00eel alege\u021bi pe cel potrivit pentru pisica dumneavoastr\u0103? Vom discuta avantajele \u0219i dezavantajele fiec\u0103rei metode de tratament \u00een aceast\u0103 postare, precum \u0219i c\u00e2nd \u0219i cum s\u0103 lua\u021bi cea mai bun\u0103 decizie pentru tratamentul FIP al pisicii dumneavoastr\u0103.<\/p>\n<p>De obicei, medicamentele orale se prezint\u0103 sub form\u0103 de pastile. Acest tip de GS este administrat pe cale oral\u0103. Proprietarii de <a href=\"\/?page_id=895\" target=\"_blank\" rel=\"noopener\">pisici pot alege acum<\/a> cu u\u0219urin\u021b\u0103 cea <a href=\"\/?page_id=895\" target=\"_blank\" rel=\"noopener\">mai bun\u0103 form\u0103 de tratament<\/a> pentru pisica lor, deoarece exist\u0103 mai multe op\u021biuni accesibile. Diferen\u021bele dintre aceste 2 formul\u0103ri GS-441524 vor fi abordate \u00een aceast\u0103 postare, \u00eempreun\u0103 cu sfaturi despre cum s\u0103 alege\u021bi cea mai bun\u0103 pentru terapia FIP a pisicii dumneavoastr\u0103.<\/p>\n<h2><strong>Tratamente FIP prin injec\u021bie<\/strong><\/h2>\n<p>S\u0103 \u00eencepem prin a discuta despre versiunea cu injec\u021bie lichid\u0103 a GS-441524. Aceast\u0103 form\u0103 particular\u0103 de GS este tratabil\u0103. Fluidele diferite GS-441524 au propriet\u0103\u021bi diferite. Tehnica de fabrica\u021bie \u0219i calitatea chimic\u0103 utilizate de produc\u0103tor au un impact semnificativ asupra calit\u0103\u021bii. Faptul c\u0103 pre\u021burile difer\u0103 semnificativ de la o marc\u0103 la alta nu face dec\u00e2t s\u0103 sporeasc\u0103 \u0219i mai mult incertitudinea.<\/p>\n<p>Forma injectabil\u0103 a GS441524 vine \u00een diferite concentra\u021bii. Cele mai populare concentra\u021bii disponibile acum sunt 20 mg \u0219i 30 mg. Cel mai bun mod de administrare a GS-441524 este prin tratament injectabil. Injec\u021biile subcutanate ale injec\u021biilor GS441524 trateaz\u0103 imediat fluxul sanguin al pisicii dumneavoastr\u0103 cu un medicament antiviral. Medicii pot administra o doz\u0103 specific\u0103 prin injec\u021bii \u00een func\u021bie de simptomele \u0219i greutatea corporal\u0103 <a href=\"\/?page_id=885\" target=\"_blank\" rel=\"noopener\">a pisicii dumneavoastr\u0103<\/a>.<\/p>\n<p>Pisicile tratate prin injectare prezint\u0103 frecvent schimb\u0103ri evidente \u00een doar una p\u00e2n\u0103 la patru zile. Prin urmare, pentru <a href=\"\/?page_id=899\" target=\"_blank\" rel=\"noopener\">pisicile care prezint\u0103 simptome severe de FIP<\/a>, injec\u021biile sunt singurul mijloc de tratament adecvat \u0219i eficient. Fiecare tratament pentru FIP trebuie s\u0103 \u00eenceap\u0103 cu o injec\u021bie. Continua\u021bi s\u0103 administra\u021bi injec\u021bii p\u00e2n\u0103 c\u00e2nd starea pisicii dvs. s-a stabilizat \u0219i abia dup\u0103 ce aceasta m\u0103n\u00e2nc\u0103 \u0219i elimin\u0103 \u00een mod corespunz\u0103tor ar trebui s\u0103 v\u0103 g\u00e2ndi\u021bi la trecerea la medica\u021bia oral\u0103.<\/p>\n<h2><strong>Tratamente orale pentru FIP (tablete sau pastile)<\/strong><\/h2>\n<p>Comparativ cu acele, tratamentul oral este o tehnic\u0103 mai rapid\u0103 \u0219i mai simpl\u0103 de tratare a FIP. Proprietarii de pisici pot administra medicamente orale acas\u0103, evit\u00e2nd astfel vizitele zilnice la clinic\u0103 \u0219i cheltuielile legate de injec\u021bii. Tabletele \u0219i capsulele sunt disponibile pentru medica\u021bia oral\u0103. Datorit\u0103 texturii netede \u0219i a lipsei de gust a capsulei, pisicile pot \u00eenghi\u021bi \u00een general capsulele mai u\u0219or dec\u00e2t pastilele. \u00cen general, v\u0103 sf\u0103tuim s\u0103 utiliza\u021bi capsule orale sau pastile \u00een etapele ulterioare ale tratamentului, atunci c\u00e2nd pisica dumneavoastr\u0103 nu mai este \u00een pericol, adic\u0103 atunci c\u00e2nd m\u0103n\u00e2nc\u0103 \u0219i merge la toalet\u0103 \u00een mod regulat \u0219i nu mai are febr\u0103 intermitent\u0103.<\/p>\n<p>S\u0103 discut\u0103m acum dezavantajele terapiei orale. Principala diferen\u021b\u0103 dintre tratamentele orale \u0219i cele injectabile este rata lor de ac\u021biune. Medicamentul antiviral utilizat \u00een terapia oral\u0103, GS-441524, trebuie s\u0103 treac\u0103 prin \u00eentregul tract digestiv \u00eenainte de a intra \u00een fluxul sanguin.<\/p>\n<p>Incapacitatea de a controla doza este al doilea dezavantaj cheie al tratamentului oral. Nu putem prezice c\u00e2t de mult din GS-441524 va fi absorbit de tractul digestiv al pisicii dumneavoastr\u0103, de aceea. Este posibil ca pisica dumneavoastr\u0103 s\u0103 absoarb\u0103 doar un procent din medicamentul antiviral furnizat de capsulele orale, \u00een func\u021bie de starea sistemului s\u0103u digestiv \u0219i de starea general\u0103 de s\u0103n\u0103tate. Ritmul de absorb\u021bie a GS va fi afectat de sl\u0103birea stomacului, rinichilor \u0219i ficatului care apare la pisicile cu peritonit\u0103 infec\u021bioas\u0103 felin\u0103 (FIP).<\/p>\n<p>\u00cen compara\u021bie cu acele, pastilele \u0219i comprimatele orale sunt o form\u0103 de tratament mai riscant\u0103. Numai dup\u0103 30 de zile de tratament injectabil sau dup\u0103 ce starea pisicii dumneavoastr\u0103 s-a stabilizat, v\u0103 suger\u0103m un tratament oral.<\/p>\n<h2><strong>O precau\u021bie pentru capsule<\/strong><\/h2>\n<p>\u00cen industria medicamentelor FIP, exist\u0103 anumite formate care sunt utilizate \u00een mod predominant. De exemplu, GS441524 sunt predominant disponibile sub form\u0103 de tablete, iar EIDD2801 sunt disponibile sub form\u0103 de capsule. Deci, aten\u021bie la v\u00e2nz\u0103torii care v\u00e2nd GS441524 \u00een format capsul\u0103. De asemenea, doza GS441524 pentru medica\u021bia oral\u0103 este standardizat\u0103 la 15 mg per kg \u0219i la dublarea dozei pentru tipurile oculare \u0219i neurologice. V\u0103 rug\u0103m s\u0103 nu dep\u0103\u0219i\u021bi aceast\u0103 doz\u0103, deoarece doza mai mare \u00een medica\u021bia oral\u0103 va compromite absorbabilitatea.<\/p>\n<h2><strong>Compara\u021bie \u00eentre injec\u021bie \u0219i tratament oral  <\/strong><\/h2>\n<p>Iat\u0103 un tabel care prezint\u0103 diferen\u021bele dintre <a href=\"\/?page_id=887\" target=\"_blank\" rel=\"noopener\">injec\u021bii \u0219i administrarea oral\u0103 a tratamentului pentru FIP<\/a>.<\/p>\n<p><img data-opt-id=1214015753  fetchpriority=\"high\" decoding=\"async\" class=\"alignnone size-full wp-image-888\" src=\"https:\/\/ml9txs9ouv9q.i.optimole.com\/w:auto\/h:auto\/q:mauto\/f:best\/https:\/\/fipmed.co\/wp-content\/uploads\/2022\/12\/233.png\" alt=\"\" width=\"811\" height=\"719\" srcset=\"https:\/\/ml9txs9ouv9q.i.optimole.com\/w:811\/h:719\/q:mauto\/f:best\/https:\/\/fipmed.co\/wp-content\/uploads\/2022\/12\/233.png 811w, https:\/\/ml9txs9ouv9q.i.optimole.com\/w:300\/h:266\/q:mauto\/f:best\/https:\/\/fipmed.co\/wp-content\/uploads\/2022\/12\/233.png 300w, https:\/\/ml9txs9ouv9q.i.optimole.com\/w:768\/h:681\/q:mauto\/f:best\/https:\/\/fipmed.co\/wp-content\/uploads\/2022\/12\/233.png 768w, https:\/\/ml9txs9ouv9q.i.optimole.com\/w:600\/h:532\/q:mauto\/f:best\/https:\/\/fipmed.co\/wp-content\/uploads\/2022\/12\/233.png 600w\" sizes=\"(max-width: 640px) 100vw, 640px\" \/><\/p>\n<h2><strong>Ce metod\u0103 ar trebui s\u0103 aleg pentru pisica mea?<\/strong><\/h2>\n<p>Se recomand\u0103 ca tratamentul FIP s\u0103 \u00eenceap\u0103 cu injec\u021bii, conform recomand\u0103rii noastre. Pute\u021bi trece la administrarea de comprimate orale de \u00eendat\u0103 ce starea pisicii dumneavoastr\u0103 se stabilizeaz\u0103, dac\u0103 injec\u021biile recurente provoac\u0103 dureri acute sau irita\u021bii severe ale pielii. Dup\u0103 30 de zile de tratament injectabil, trecerea la medica\u021bia oral\u0103 este de obicei sigur\u0103. Aceasta este cea mai fiabil\u0103 tehnic\u0103 pentru a garanta c\u0103 se administreaz\u0103 suficient GS-441524 \u00een timpul tratamentului FIP \u0219i pentru a reduce riscul de reinfectare \u00een viitor.<\/p>\n<h2><strong>Factori care influen\u021beaz\u0103 administrarea oral\u0103 vs. injectabil\u0103<\/strong><\/h2>\n<p>Pisicile care \u00een prezent vomit\u0103\/regurgiteaz\u0103 \u0219i au diaree sunt, \u00een general, considerate candida\u021bi slabi pentru GS-441524 oral. Ca urmare, pisicile care sufer\u0103 de boli gastro-intestinale grave \u00eencep frecvent s\u0103 primeasc\u0103 injec\u021bii, cel pu\u021bin p\u00e2n\u0103 c\u00e2nd problemele sunt rezolvate. Majoritatea oamenilor, \u00een special \u00een trecut, au \u00eenceput cu GS-441524 injectabil. Forma injectabil\u0103 este mai pu\u021bin costisitoare, iar doza este controlat\u0103 mai precis. Absorb\u021bia subcutanat\u0103 a GS-441524 este, de asemenea, mai fiabil\u0103 dec\u00e2t absorb\u021bia oral\u0103, care este adesea un factor critic \u00een tratamentul ini\u021bial al pisicilor care sunt grav bolnave \u0219i instabile la \u00eenceput.<\/p>\n<p>Dac\u0103 o pisic\u0103 continu\u0103 s\u0103 \u00ee\u0219i injecteze GS-441524 depinde de capacitatea st\u0103p\u00e2nului de a administra eficient injec\u021biile, de dorin\u021ba pisicii de a se obi\u0219nui cu durerea injec\u021biei \u0219i de apari\u021bia r\u0103nilor la locul injec\u021biei. \u00cen astfel de cazuri, medica\u021bia oral\u0103 este adesea o u\u0219urare binevenit\u0103 at\u00e2t pentru st\u0103p\u00e2n, c\u00e2t \u0219i pentru pacientul felin.<\/p>\n<h2><strong>Compararea succesului tratamentului cu GS-441524 injectabil vs oral  <\/strong><\/h2>\n<p>Rata de succes cu GS-441524 oral seam\u0103n\u0103 acum cu cea a versiunilor injectabile, presupun\u00e2nd c\u0103 <a href=\"\/?page_id=23\" target=\"_blank\" rel=\"noopener\">dozele sunt calculate cu aten\u021bie<\/a> \u0219i c\u0103 dozarea este efectuat\u0103 eficient. Cu toate acestea, au fost raportate varia\u021bii ale reac\u021biilor \u00eentre formele orale \u0219i injectabile ale GS-441524. Doar c\u00e2teva pisici au prezentat recidive dup\u0103 trecerea de la injec\u021bii la GS-441524 oral sau nu au r\u0103spuns bine la acesta ca tratament ini\u021bial. Alternativ, bolile care nu r\u0103spundeau bine la injec\u021bii au fost tratate prin transferarea pisicilor la GS-441524 oral la o doz\u0103 echivalent\u0103.<\/p>\n<p>Este dificil s\u0103 se atribuie aceste disparit\u0103\u021bi puternice \u00een r\u0103spuns la forma de medica\u021bie, deoarece GS-441524 fie pe cale oral\u0103, fie subcutanat\u0103 intr\u0103 \u00een fluxul sanguin \u00eenainte de a ajunge la \u021besuturi. Este mai probabil ca m\u0103rcile GS-441524 injectabile sau orale utilizate \u00eenainte de aceast\u0103 schimbare s\u0103 fi fost submediocre. \u00cen multe cazuri, trecerea la o alt\u0103 marc\u0103 oral\u0103 sau injectabil\u0103 a dus la o \u00eembun\u0103t\u0103\u021bire instantanee a reac\u021biei.<\/p>\n<p>Deoarece virusul a dezvoltat diferite grade de rezisten\u021b\u0103 la medicamente, s-a considerat c\u0103 numai forma injectabil\u0103 a GS-441524 ar putea atinge nivelurile extrem de ridicate de s\u00e2nge \u0219i lichid cefalorahidian necesare pentru tratarea eficient\u0103 a bolilor neurologice. Cu toate acestea, pisicile cu FIP neurologic\u0103 au r\u0103spuns bine la <a href=\"https:\/\/fipmed.co\/\" target=\"_blank\" rel=\"noopener\">Fipmed<\/a>. \u00cen plus, unele pisici care nu r\u0103spundeau la o doz\u0103 excep\u021bional de mare de <a href=\"\/?page_id=6163\" target=\"_blank\" rel=\"noopener\">GS- 441524<\/a> injectabil au fost, de asemenea, incluse \u00een acest studiu. Un regim complet oral vindec\u0103 un num\u0103r tot mai mare de animale cu PIF neurologic\u0103. Acesta este fie rezultatul unei experien\u021be sporite \u00een utilizarea <a href=\"https:\/\/fipmed.co\/fip-treatment\/\" target=\"_blank\" rel=\"noopener\">tratamentului<\/a> oral <a href=\"https:\/\/fipmed.co\/fip-treatment\/\" target=\"_blank\" rel=\"noopener\">pentru FIP<\/a> \u00een cazuri dificile, fie, mai probabil, \u00eembun\u0103t\u0103\u021birea calit\u0103\u021bii formul\u0103rii orale.<\/p>\n<h2><strong>Cum fac injec\u021biile GS?<\/strong><\/h2>\n<p>Subcutanat, uneori cunoscut sub numele de &#8222;sub-cu&#8221;, este un termen pentru administrarea de injec\u021bii direct sub piele. \u00cen fiecare zi, timp de cel pu\u021bin 12 s\u0103pt\u0103m\u00e2ni, injec\u021biile trebuie administrate aproape la aceea\u0219i or\u0103 la fiecare 24 de ore. Mu\u0219chiul pisicii NU trebuie perforat cu acul. C\u00e2nd GS este injectat, \u00een\u021beap\u0103, dar imediat ce injec\u021bia este terminat\u0103, disconfortul \u00eenceteaz\u0103. Utilizatorii no\u0219tri au produs o serie de filme utile care demonstreaz\u0103 cum se injecteaz\u0103 \u0219i exist\u0103 multe altele pe YouTube. Este mai bine ca medicul veterinar s\u0103 administreze primele una sau dou\u0103 injec\u021bii \u0219i s\u0103 v\u0103 arate cum s\u0103 le administra\u021bi. O vizit\u0103 zilnic\u0103 la medicul veterinar poate fi necesar\u0103 pentru pisicile care sunt mai greu de imobilizat pentru injec\u021bii.<\/p>\n<h2>Concluzie<\/h2>\n<p>Ca atare, proprietarii de pisici ar trebui s\u0103 \u00eenceap\u0103 \u00eentotdeauna s\u0103 utilizeze metoda injec\u021biilor ca tratament pentru FIP pentru pisicile lor \u0219i s\u0103 treac\u0103 la administrarea de pastile dup\u0103 aproximativ 30 de zile, \u00een func\u021bie de starea pisicii lor. Administrarea medicamentelor prin injec\u021bii sau pe cale oral\u0103 au avantajele \u0219i dezavantajele lor \u0219i depinde de medicii veterinari \u0219i de proprietarii de pisici s\u0103 aleag\u0103 cea mai bun\u0103 solu\u021bie dintre cele dou\u0103 pentru pisicile afectate de FIP.<\/p>\n","protected":false},"excerpt":{"rendered":"<p>Este posibil s\u0103 ave\u021bi dou\u0103 alternative atunci c\u00e2nd selecta\u021bi medicamentul antiviral GS-441524 pentru tratamentele FIP: injec\u021bii subcutanate sau capsule orale sau pastile. Cum \u00eel alege\u021bi pe cel potrivit pentru pisica dumneavoastr\u0103? Vom discuta avantajele \u0219i dezavantajele fiec\u0103rei metode de tratament \u00een aceast\u0103 postare, precum \u0219i c\u00e2nd \u0219i cum s\u0103 lua\u021bi cea mai bun\u0103 decizie pentru [&hellip;]<\/p>\n","protected":false},"author":11,"featured_media":21690,"parent":0,"menu_order":0,"comment_status":"closed","ping_status":"closed","template":"","meta":{"_glsr_average":0,"_glsr_ranking":0,"_glsr_reviews":0,"footnotes":""},"categories":[725],"tags":[734,735],"_links":{"self":[{"href":"https:\/\/fipmed.co\/ro\/wp-json\/wp\/v2\/pages\/21688"}],"collection":[{"href":"https:\/\/fipmed.co\/ro\/wp-json\/wp\/v2\/pages"}],"about":[{"href":"https:\/\/fipmed.co\/ro\/wp-json\/wp\/v2\/types\/page"}],"author":[{"embeddable":true,"href":"https:\/\/fipmed.co\/ro\/wp-json\/wp\/v2\/users\/11"}],"replies":[{"embeddable":true,"href":"https:\/\/fipmed.co\/ro\/wp-json\/wp\/v2\/comments?post=21688"}],"version-history":[{"count":1,"href":"https:\/\/fipmed.co\/ro\/wp-json\/wp\/v2\/pages\/21688\/revisions"}],"predecessor-version":[{"id":21691,"href":"https:\/\/fipmed.co\/ro\/wp-json\/wp\/v2\/pages\/21688\/revisions\/21691"}],"wp:featuredmedia":[{"embeddable":true,"href":"https:\/\/fipmed.co\/ro\/wp-json\/wp\/v2\/media\/21690"}],"wp:attachment":[{"href":"https:\/\/fipmed.co\/ro\/wp-json\/wp\/v2\/media?parent=21688"}],"wp:term":[{"taxonomy":"category","embeddable":true,"href":"https:\/\/fipmed.co\/ro\/wp-json\/wp\/v2\/categories?post=21688"},{"taxonomy":"post_tag","embeddable":true,"href":"https:\/\/fipmed.co\/ro\/wp-json\/wp\/v2\/tags?post=21688"}],"curies":[{"name":"wp","href":"https:\/\/api.w.org\/{rel}","templated":true}]}}