{"id":21748,"date":"2022-12-02T08:10:56","date_gmt":"2022-12-02T08:10:56","guid":{"rendered":"https:\/\/fipmed.co\/fip-umed-sau-fip-uscat-tipuri-de-fip-pisica\/"},"modified":"2022-12-02T08:10:56","modified_gmt":"2022-12-02T08:10:56","slug":"fip-umed-sau-fip-uscat-tipuri-de-fip-pisica","status":"publish","type":"page","link":"https:\/\/fipmed.co\/ro\/fip-umed-sau-fip-uscat-tipuri-de-fip-pisica\/","title":{"rendered":"4 tipuri de FIP la pisici: FIP umed\u0103, FIP uscat\u0103, FIP ocular\u0103 \u0219i FIP neurologic\u0103"},"content":{"rendered":"<p>Peritonita infec\u021bioas\u0103 felin\u0103 (FIP) este o boal\u0103 frecvent\u0103 \u0219i mortal\u0103 pentru pisici. Nu numai at\u00e2t, dar are \u0219i mai multe variante \u0219i poate afecta o pisic\u0103 \u00een moduri diferite. \u00cen acest articol, vom vorbi despre diferitele tipuri de FIP care pot fi manifestate.<\/p>\n<h2><strong>Tipuri de FIP la pisici<\/strong><\/h2>\n<p>FIP se poate manifesta \u00een trei moduri diferite: o form\u0103 umed\u0103, efuziv\u0103, exudativ\u0103; o form\u0103 uscat\u0103, granulomatoas\u0103, parenchimatoas\u0103, neefuziv\u0103; \u0219i o form\u0103 mixt\u0103. O peritonit\u0103 fibrinoas\u0103, pleurit\u0103 sau pericardit\u0103 cu efuziuni \u00een abdomen, torace \u0219i\/sau pericard, respectiv, sunt caracteristici ale primului tip. SNC \u0219i alte organe, inclusiv ochii, prezint\u0103 alter\u0103ri granulomatoase \u00een a doua variant\u0103, care nu prezint\u0103 efuziuni evidente. Av\u00e2nd \u00een vedere c\u0103 fiecare pisic\u0103 cu FIP prezint\u0103 efuziune \u00een diferite grade, \u00eempreun\u0103 cu mai multe sau mai pu\u021bine modific\u0103ri granulomatoase ale organelor, s-a stabilit c\u0103 diferen\u021bierea \u00eentre aceste tipuri nu este util\u0103 (\u0219i este benefic\u0103 doar pentru metoda de diagnosticare). De asemenea, formele se pot transforma una \u00een alta. Astfel, FIP poate fi pur \u0219i simplu mai mult sau mai pu\u021bin productiv\u0103 sau exudativ\u0103 la o anumit\u0103 pisic\u0103 la un moment dat.<\/p>\n<h2><strong>Diferen\u021be \u00eentre FIP uscat \u0219i FIP umed<\/strong><\/h2>\n<p><strong>FIP &#8222;uscat&#8221; neeffusiv<\/strong><\/p>\n<p>La unele feline, acumularea de lichid este redus\u0103 sau inexistent\u0103 \u00een cazul FIP &#8222;uscat\u0103&#8221; sau neeffuziv\u0103. \u00cen forma uscat\u0103, ochii, creierul, ficatul, intestinul sau alte organe ale corpului sunt frecvent grav inflamate, ceea ce poate provoca o serie de simptome clinice. Pentru multe pisici cu FIP non-effusiv\u0103, problemele oculare sunt singurul simptom clinic.<\/p>\n<p>Atunci c\u00e2nd o boal\u0103 se instaleaz\u0103, majoritatea celor afecta\u021bi se deterioreaz\u0103 rapid, dar unele pisici pot func\u021biona normal timp de c\u00e2teva s\u0103pt\u0103m\u00e2ni. Din p\u0103cate, aproape toate cazurile de boal\u0103 se soldeaz\u0103 cu deces.<\/p>\n<p>Doar o mic\u0103 parte dintre pisicile expuse la coronavirusul felin, chiar \u0219i cele care au poten\u021bialul de a <a href=\"\/?page_id=13322\" target=\"_blank\" rel=\"noopener\">provoca FIP<\/a>, sunt capabile s\u0103 se apere \u00eempotriva acestuia, ceea ce duce la apari\u021bia bolii clinice la majoritatea pisicilor infectate. Cu toate acestea, dup\u0103 cum s-a men\u021bionat deja, cei care se \u00eemboln\u0103vesc aproape invariabil mor.<\/p>\n<p><strong>FIP efuziv &#8222;umed&#8221;<\/strong><\/p>\n<p>Colec\u021bia de lichid \u00een piept sau \u00een burt\u0103, care poate \u00eengreuna respira\u021bia, este simptomul clinic definitoriu al FIP efuzive. Lipsa poftei de m\u00e2ncare, febra, pierderea \u00een greutate, icterul \u0219i diareea sunt alte simptome.<\/p>\n<h2><strong>DIAGNOSTICUL FIP UMED \u0218I USCAT  <\/strong><\/h2>\n<p><strong>Diagnosticarea FIP efusiv\u0103<\/strong><\/p>\n<p>Tipul efuziv al bolii este acum mai u\u0219or de diagnosticat dec\u00e2t a fost odat\u0103. FIP efusiv\u0103 poate fi diagnosticat\u0103 dac\u0103 ARN-ul viral este g\u0103sit \u00eentr-o prob\u0103 de efuziune (lichid drenat din organism), de exemplu, folosind o reac\u021bie \u00een lan\u021b a polimerazei cu transcrip\u021bie invers\u0103 (RT-PCR). Cu toate acestea, pentru a face acest lucru este necesar s\u0103 trimite\u021bi o prob\u0103 la un laborator veterinar extern. Mai multe diagnostice disponibile la spitalul veterinar pot exclude rapid un diagnostic FIP exuberant, inclusiv:<\/p>\n<ol>\n<li>Verifica\u021bi con\u021binutul total de proteine al efuziunii; dac\u0103 acesta este mai mic de 35 g\/L, FIP este foarte pu\u021bin probabil\u0103.<\/li>\n<li>Determina\u021bi raportul albumin\u0103-globulin\u0103 \u00een efuziune; dac\u0103 este mai mare de 0,8, FIP este exclus\u0103; dac\u0103 este mai mic\u0103 de 0,4, FIP este o afec\u021biune poten\u021bial diagnosticabil\u0103, dar incert\u0103.<\/li>\n<li>Inspecta\u021bi celulele din efuziune; dac\u0103 majoritatea acestora sunt limfocite (un tip de celule albe din s\u00e2nge), diagnosticul de FIP este exclus.<\/li>\n<\/ol>\n<p><strong>Diagnosticarea FIP non-effusiv\u0103<\/strong><\/p>\n<p>Deoarece indica\u021biile clinice ale PIF neefuziv\u0103 tind s\u0103 fie mai ambigue \u0219i variabile dec\u00e2t cele ale PIF efuziv\u0103, lista diagnosticelor diferen\u021biale este mult mai lung\u0103. Atunci c\u00e2nd sunt \u00eendeplinite urm\u0103toarele condi\u021bii, diagnosticul FIP neeffusiv trebuie luat \u00een considerare..:<\/p>\n<ol>\n<li>Antecedente: Pisica este t\u00e2n\u0103r\u0103 (sub 2 ani) \u0219i de ras\u0103 pur\u0103; pisicile cu pedigree reprezint\u0103 aproape 70% din cazurile de FIP.<\/li>\n<li>Evenimente anterioare: pisica a fost stresat\u0103 din cauza unei castr\u0103ri sau vaccin\u0103ri recente<\/li>\n<li>Trecut: Este posibil ca pisica s\u0103 fi avut \u0219ansa de a contracta FCoV din cauza unor factori precum provenien\u021ba de la o cresc\u0103torie sau de la o cresc\u0103torie de salvare sau introducerea recent\u0103 a unui pisoi sau a unei pisici de ras\u0103 pur\u0103.<\/li>\n<li>Indicatorii clinici includ semnele intraoculare, anorexia, m\u00e2ncatul mai pu\u021bin dec\u00e2t de obicei, e\u0219ecul de a lua \u00een greutate, e\u0219ecul de a lua \u00een greutate, anorexia \u0219i icterul.<\/li>\n<li>Hipergammaglobulinemie; bilirubin\u0103 crescut\u0103 f\u0103r\u0103 enzime hepatice crescute.<\/li>\n<li>Limfopenie cu anemie non-regenerativ\u0103, de obicei moderat\u0103.<\/li>\n<li>Serologie: Din cauza inciden\u021bei ridicate a FCoV \u00een cresc\u0103toriile \u0219i pisicile de salvare, acest parametru trebuie utilizat cu precau\u021bie. Pisica prezint\u0103 un titru ridicat de anticorpi la FCoV.<\/li>\n<\/ol>\n<p>Dac\u0103 pisica este seronegativ\u0103, FIP non-effusiv\u0103 poate fi exclus\u0103 ca diagnostic dac\u0103 testul anticorpilor are o sensibilitate mare. Testul FCoV Immunocomb (Biogal), testul rapid imunocromatografic (RIM) Speed F-Corona (Virbac) \u0219i cel mai rapid test RIM pentru peritonit\u0103 infec\u021bioas\u0103 felin\u0103 (MegaCor Diagnostic) s-au dovedit a fi sensibile \u00een propor\u021bie de 100% \u00eentr-un studiu care a examinat mai multe teste interne disponibile \u00een comer\u021b pentru anticorpii FCoV.<\/p>\n<p>Cu dou\u0103 tipuri majore diferite de FIP, proprietarii de pisici ar trebui s\u0103 fie mai informa\u021bi cu privire la acest subiect, astfel \u00eenc\u00e2t s\u0103 \u0219tie cum s\u0103 \u00ee\u0219i trateze mai bine pisicile \u00een cel mai r\u0103u scenariu. Dac\u0103 nu se informeaz\u0103 \u00een mod corespunz\u0103tor cu privire la diferitele tipuri de FIP, pot consulta medicul veterinar pentru a g\u0103si o modalitate adecvat\u0103 de a trata <a href=\"\/?page_id=883\" target=\"_blank\" rel=\"noopener\">FIP pisicii<\/a> lor.<\/p>\n<h1><strong>Ocular FIP<\/strong><\/h1>\n<p>Acest tip de FIP poate provoca complica\u021bii severe la pisici, deoarece p\u0103trunde \u0219i prin bariera s\u00e2nge-ochi.<\/p>\n<p>&nbsp;<\/p>\n<p><strong>S\u00e2nge barier\u0103 pentru ochi<\/strong><\/p>\n<p>Bariera s\u00e2nge-ochi la pisici este o barier\u0103 de protec\u021bie important\u0103 \u00eempotriva r\u0103sp\u00e2ndirii FIP. Aceast\u0103 barier\u0103 este compus\u0103 din celule care c\u0103ptu\u0219esc camera anterioar\u0103 a ochiului, iar aceste celule ac\u021bioneaz\u0103 pentru a \u00eempiedica agen\u021bii patogeni s\u0103 p\u0103trund\u0103 \u0219i s\u0103 provoace inflama\u021bii \u00een aceast\u0103 zon\u0103 sensibil\u0103.<\/p>\n<p>De\u0219i acest lucru \u00eengreuneaz\u0103 accesul unui virus precum FCoV la structurile oculare, pot ap\u0103rea leziuni din cauza ruperii barierelor atunci c\u00e2nd apare inflama\u021bia cronic\u0103.<\/p>\n<p>De asemenea, s-a demonstrat c\u0103 inhibitorii de proteaz\u0103 precum GC376 nu sunt eficien\u021bi \u00een traversarea barierei s\u00e2nge-ochi, ceea ce \u00eei face mai pu\u021bin utili \u00een tratarea cazurilor \u00een care structurile oculare pot fi afectate de FIP.<\/p>\n<p>Pentru ca macrofagele \u00eenc\u0103rcate cu particule virale s\u0103 p\u0103trund\u0103 \u00een structurile oculare, ele trebuie mai \u00eent\u00e2i s\u0103 str\u0103pung\u0103 acest strat; f\u0103r\u0103 o trecere reu\u0219it\u0103 prin fiecare strat succesiv, transmiterea bolii nu poate avea loc.<\/p>\n<p>&nbsp;<\/p>\n<p><strong>Cum se transform\u0103 FIP uscat\u0103 \u00een FIP ocular\u0103<\/strong><\/p>\n<p>FIP uscat\u0103 este cea mai mortal\u0103 form\u0103 a bolii \u0219i poate evolua \u00een FIP ocular\u0103 la aproximativ o treime dintre pisicile care sufer\u0103 de acest tip. \u00cen FIP ocular\u0103, sau uveit\u0103, leziunile oculare apar ca urmare a sl\u0103birii barierei s\u00e2nge-ochi din cauza virusului. Acest lucru duce la cre\u0219terea nivelului de glucoz\u0103 care cauzeaz\u0103 umflarea \u0219i inflamarea ochilor.<\/p>\n<p>&nbsp;<\/p>\n<h1><strong>FIP neurologic\u0103<\/strong><\/h1>\n<p>FIP uscat\u0103 se poate transforma, de asemenea, \u00een cea mai periculoas\u0103 form\u0103 de FIP, FIP neurologic\u0103.<\/p>\n<p>&nbsp;<\/p>\n<p><strong>Bariera hematoencefalic\u0103<\/strong><\/p>\n<p>Bariera hematoencefalic\u0103 (BHE) este un strat protector important format din celule speciale care acoper\u0103 pere\u021bii vaselor mici din creier \u0219i din jurul acestuia. Aceast\u0103 barier\u0103 extrem de str\u00e2ns\u0103 joac\u0103 un rol esen\u021bial \u00een protejarea sistemului nostru nervos central, bloc\u00e2nd materialele poten\u021bial toxice care circul\u0103 prin s\u00e2nge, inclusiv toxinele sistemice.<\/p>\n<p>Prin urmare, nu este surprinz\u0103tor faptul c\u0103, atunci c\u00e2nd aceast\u0103 barier\u0103 este compromis\u0103 din cauza diferitelor afec\u021biuni sau agen\u021bi infec\u021bio\u0219i, se pot observa perturb\u0103ri neurologice, cum ar fi cele care pot ap\u0103rea ca urmare a FIP.<\/p>\n<p>FIPV, care provoac\u0103 o reac\u021bie inflamatorie intens\u0103 \u00een jurul vaselor din diferite \u021besuturi, inclusiv creierul, este o cauz\u0103 comun\u0103 responsabil\u0103 pentru 45-50% din toate cazurile legate de bolile neurologice induse de infec\u021bii la pisici.<\/p>\n<p>Cu alte cuvinte, pierderea acestui scut important le poate cre\u0219te considerabil riscul de a dezvolta complica\u021bii neurologice cauzate de infec\u021bia cu FIPV \u0219i ar avea implica\u021bii grave asupra interven\u021biilor terapeutice.<\/p>\n<p>&nbsp;<\/p>\n<p><strong>Cum se transform\u0103 FIP uscat\u0103 \u00een FIP neurologic\u0103<\/strong><\/p>\n<p>\u00cen unele cazuri, FIP uscat\u0103 poate evolua c\u0103tre stadiul urm\u0103tor de FIP neurologic\u0103. Densitatea \u0219i proliferarea globulelor albe circulante \u0219i a monocitelor cresc pe m\u0103sur\u0103 ce FIP uscat\u0103 progreseaz\u0103. Aceste celule p\u0103trund persistent \u00een lichidul cefalorahidian p\u00e2n\u0103 c\u00e2nd se genereaz\u0103 o stare inflamatorie, ceea ce duce la leziuni neurologice.<\/p>\n<p>FIP neurologic\u0103 afecteaz\u0103 \u00een primul r\u00e2nd sistemul nervos al pisicii, cu cele mai frecvente simptome precum tremur\u0103turi, dificult\u0103\u021bi de mers (ataxie), confuzie mental\u0103 \u0219i comportament agresiv.<\/p>\n","protected":false},"excerpt":{"rendered":"<p>Peritonita infec\u021bioas\u0103 felin\u0103 (FIP) este o boal\u0103 frecvent\u0103 \u0219i mortal\u0103 pentru pisici. Nu numai at\u00e2t, dar are \u0219i mai multe variante \u0219i poate afecta o pisic\u0103 \u00een moduri diferite. \u00cen acest articol, vom vorbi despre diferitele tipuri de FIP care pot fi manifestate. Tipuri de FIP la pisici FIP se poate manifesta \u00een trei moduri [&hellip;]<\/p>\n","protected":false},"author":11,"featured_media":21749,"parent":0,"menu_order":0,"comment_status":"closed","ping_status":"closed","template":"","meta":{"_glsr_average":0,"_glsr_ranking":0,"_glsr_reviews":0,"footnotes":""},"categories":[725],"tags":[734,743],"_links":{"self":[{"href":"https:\/\/fipmed.co\/ro\/wp-json\/wp\/v2\/pages\/21748"}],"collection":[{"href":"https:\/\/fipmed.co\/ro\/wp-json\/wp\/v2\/pages"}],"about":[{"href":"https:\/\/fipmed.co\/ro\/wp-json\/wp\/v2\/types\/page"}],"author":[{"embeddable":true,"href":"https:\/\/fipmed.co\/ro\/wp-json\/wp\/v2\/users\/11"}],"replies":[{"embeddable":true,"href":"https:\/\/fipmed.co\/ro\/wp-json\/wp\/v2\/comments?post=21748"}],"version-history":[{"count":0,"href":"https:\/\/fipmed.co\/ro\/wp-json\/wp\/v2\/pages\/21748\/revisions"}],"wp:featuredmedia":[{"embeddable":true,"href":"https:\/\/fipmed.co\/ro\/wp-json\/wp\/v2\/media\/21749"}],"wp:attachment":[{"href":"https:\/\/fipmed.co\/ro\/wp-json\/wp\/v2\/media?parent=21748"}],"wp:term":[{"taxonomy":"category","embeddable":true,"href":"https:\/\/fipmed.co\/ro\/wp-json\/wp\/v2\/categories?post=21748"},{"taxonomy":"post_tag","embeddable":true,"href":"https:\/\/fipmed.co\/ro\/wp-json\/wp\/v2\/tags?post=21748"}],"curies":[{"name":"wp","href":"https:\/\/api.w.org\/{rel}","templated":true}]}}