{"id":21760,"date":"2024-03-25T06:01:34","date_gmt":"2024-03-25T06:01:34","guid":{"rendered":"https:\/\/fipmed.co\/8-maladii-similare-cu-peritonita-infectioasa-fip-care-ar-putea-fi-inselate-ca-peritonita-infectioasa-fip\/"},"modified":"2024-03-25T06:01:34","modified_gmt":"2024-03-25T06:01:34","slug":"8-maladii-similare-cu-peritonita-infectioasa-fip-care-ar-putea-fi-inselate-ca-peritonita-infectioasa-fip","status":"publish","type":"page","link":"https:\/\/fipmed.co\/ro\/8-maladii-similare-cu-peritonita-infectioasa-fip-care-ar-putea-fi-inselate-ca-peritonita-infectioasa-fip\/","title":{"rendered":"8 Boli similare cu FIP care ar putea fi confundate cu Peritonita infec\u021bioas\u0103 felin\u0103 (FIP)"},"content":{"rendered":"<p><strong>FIP are simptome foarte asem\u0103n\u0103toare cu multe boli<\/strong><\/p>\n<p>Diagnosticarea peritonitei infec\u021bioase feline (FIP) poate fi foarte dificil\u0103, deoarece multe dintre simptomele sale sunt comune cu boli similare cu FIP care ar putea fi confundate cu peritonita infec\u021bioas\u0103 felin\u0103. Acestea includ sc\u0103dere \u00een greutate, sl\u0103biciune, letargie, febr\u0103, anorexie \u0219i leziuni oculare.<\/p>\n<p>Av\u00e2nd \u00een vedere c\u0103 aceste afec\u021biuni sunt at\u00e2t de asem\u0103n\u0103toare \u00een natur\u0103, este important s\u0103 consulta\u021bi un medic veterinar pentru un diagnostic corect. \u00cen plus, Coronavirusul felin (FCoV), care a fost asociat cu FIP, se g\u0103se\u0219te \u00een general la pisici, chiar \u0219i la cele care sunt s\u0103n\u0103toase.<\/p>\n<p>O alt\u0103 provocare a diagnosticului este reprezentat\u0103 de efectele sistemice ale virusului. Aceasta poate duce la inflama\u021bii \u00een \u00eentregul organism \u0219i poate afecta mai multe organe. Virusul vizeaz\u0103 diferite p\u0103r\u021bi ale sistemului imunitar al pisicii, inclusiv \u021besutul limfatic, vasele de s\u00e2nge \u0219i linia de celule din mai multe organe. Acest lucru duce la inflama\u021bie sistemic\u0103 care afecteaz\u0103 numeroase zone ale corpului.<\/p>\n<p>Aceast\u0103 afectare a mai multor organe poate provoca multe semne \u0219i simptome, inclusiv m\u0103rirea ganglionilor limfatici sau a abdomenului, pierderea poftei de m\u00e2ncare, reducerea nivelului de activitate sau febr\u0103, ceea ce face ca diagnosticul precis s\u0103 fie extrem de dificil.<\/p>\n<p>Un diagnostic gre\u0219it poate duce la un tratament necorespunz\u0103tor, cauz\u00e2nd complica\u021bii suplimentare de s\u0103n\u0103tate. \u00cen unele cazuri, pisicile pot chiar s\u0103 nu prezinte semne clinice \u00eenainte de a intra \u00een stadii mai avansate ale FIP, prin urmare, examenul fizic de rutin\u0103 nu va fi suficient pentru identificare \u00een stadiile ini\u021biale.<\/p>\n<p>&nbsp;<\/p>\n<p><strong>Virusul FCoV este prezent \u00een aproape toate pisicile<\/strong><\/p>\n<p>Coronavirusul felin (FCoV) este un virus comun \u00eent\u00e2lnit la pisicile din \u00eentreaga lume, de\u0219i poate ap\u0103rea la rate diferite \u00een func\u021bie de mediu. Se estimeaz\u0103 c\u0103 p\u00e2n\u0103 la 80% dintre pisici au fost expuse la FCoV \u0219i pot fi purt\u0103toare ale virusului f\u0103r\u0103 a prezenta semne sau simptome clinice.<\/p>\n<p>Cu toate acestea, atunci c\u00e2nd este prezent \u00een num\u0103r mare, poate provoca infec\u021bii precum FIP. Acesta este motivul pentru care exper\u021bii sunt de acord c\u0103 monitorizarea \u0219i urm\u0103rirea atent\u0103 a acestui virus este important\u0103 pentru proprietarii de pisici cu mai multe pisici &#8211; \u00een special pentru cei care se afl\u0103 \u00een ad\u0103posturi sau pisic\u0103rii, unde rata de transmitere a bolii poate deveni rapid ridicat\u0103.<\/p>\n<p>\u00cen plus, pisicile s\u0103lbatice sunt, de asemenea, purt\u0103toare de FCoV, ceea ce sugereaz\u0103 r\u0103sp\u00e2ndirea sa global\u0103 fie prin contact direct \u00eentre specii, fie prin contagiunea mediului \u00eenconjur\u0103tor prin fecale sau particule de praf infectate urm\u0103rite de p\u0103s\u0103ri \u0219i mamifere mici care au locuit pe teritorii similare.<\/p>\n<p>&nbsp;<\/p>\n<p><strong>Co-morbidit\u0103\u021bile cu FIP sunt, de asemenea, foarte frecvente<\/strong><\/p>\n<p>Printre comorbidit\u0103\u021bile comune cu FIP se num\u0103r\u0103 toxoplasmoza, FELV, FIV, FPV, boala inflamatorie intestinal\u0103, cancerul, infec\u021bia cu micoplasm\u0103 hemotrofic\u0103 felin\u0103, limfomul, problemele cardiace \u0219i inflama\u021bia ficatului.<\/p>\n<p>Deoarece comorbidit\u0103\u021bile PIF pot ap\u0103rea \u00eempreun\u0103 cu alte boli infec\u021bioase, acest lucru complic\u0103 \u0219i mai mult problemele \u00een izolarea unei concluzii diagnostice exacte.<\/p>\n<p>Iat\u0103 care sunt bolile care prezint\u0103 simptome similare cu FIP \u0219i care sunt confundate adesea cu FIP.<\/p>\n<h3><\/h3>\n<h3>Toxoplasmoza<\/h3>\n<p>Toxoplasmoza este cauzat\u0103 de parazitul Toxoplasma gondii, care poate infecta at\u00e2t oamenii, c\u00e2t \u0219i pisicile. Acest virus este la fel de frecvent ca FCoV la pisici. Aceast\u0103 boal\u0103 poate provoca simptome generale, cum ar fi febr\u0103, pierderea poftei de m\u00e2ncare \u0219i letargie, care apar \u0219i \u00een FIP. Pisicile pot prezenta, de asemenea, manifest\u0103ri neurologice similare cu FIP.<\/p>\n<p>Toxoplasmoza este adesea diagnosticat\u0103 gre\u0219it ca FIP din cauza similarit\u0103\u021bii simptomelor. Reactivarea latent\u0103 a toxoplasmei la pisici poate complica \u0219i mai mult diagnosticul.<\/p>\n<h3><\/h3>\n<h3>FELV<\/h3>\n<p>Virusul leucemiei feline este un retrovirus care poate duce la imunosupresie la pisici, \u00een timp ce FIP este o boal\u0103 mediat\u0103 imunitar cauzat\u0103 de o form\u0103 mutant\u0103 de Coronavirus felin. FeLV poate predispune pisicile la multe alte boli, inclusiv FIP.<\/p>\n<p>Pentru ambele boli, virusurile sunt eliminate prin saliva, secre\u021biile nazale, urina, fecalele \u0219i laptele pisicilor infectate. Transferul virusului de la pisic\u0103 la pisic\u0103 poate avea loc \u00een urma unei mu\u0219c\u0103turi, \u00een timpul \u00eengrijirii reciproce \u0219i prin utilizarea \u00een comun a litierelor \u0219i a vaselor de m\u00e2ncare.<\/p>\n<p>Pisicile cu FeLV pot duce o via\u021b\u0103 normal\u0103 pentru perioade \u00eendelungate de timp. Timpul mediu de supravie\u021buire pentru pisici dup\u0103 diagnosticarea FeLV este de 2,5 ani, \u00een timp ce FIP progreseaz\u0103 mult mai rapid f\u0103r\u0103 tratament.<\/p>\n<h3><\/h3>\n<h3>FIV<\/h3>\n<p>FIV este cauzat de virusul imunodeficien\u021bei feline, care afecteaz\u0103 sistemul imunitar al pisicii. Acesta este similar cu HIV uman \u00een multe privin\u021be.<\/p>\n<p>FIV le face mai sensibile la alte infec\u021bii \u0219i se transmite \u00een principal prin mu\u0219c\u0103turi \u0219i contact apropiat cu pisici infectate. Ambele boli afecteaz\u0103 pisica la nivel sistemic. FIV compromite sistemul imunitar al pisicilor, \u00een timp ce FIP atac\u0103 organismul prin inflama\u021bie.<\/p>\n<p>Ambele boli sunt, de asemenea, contagioase. \u00cen timp ce FIV nu este vindecabil, FIP poate fi vindecat cu GS441524.<\/p>\n<h3><\/h3>\n<h3>FPV<\/h3>\n<p>Virusul panleucopeniei feline (FPV) \u0219i peritonita infec\u021bioas\u0103 felin\u0103 (FIP) sunt ambele boli virale care pot afecta pisicile. Ca atare, prezent\u0103rile lor clinice pot fi, de asemenea, similare.<\/p>\n<p>Simptomele asociate cu o infec\u021bie cu FPV pot include febr\u0103, letargie, v\u0103rs\u0103turi sau diaree, la fel ca \u00een cazul FIP. Cu toate acestea, modul de transmitere pentru fiecare virus difer\u0103.<\/p>\n<p>FPV poate fi transmis numai prin contact cu fecale contaminate, \u00een timp ce infec\u021biile legate de FIP par s\u0103 necesite contactul direct \u00eentre pisici sau transferul indirect prin intermediul a\u0219ternutului sau al vaselor de m\u00e2ncare.<\/p>\n<h3><\/h3>\n<h3>Boala inflamatorie intestinal\u0103<\/h3>\n<p>Boala inflamatorie intestinal\u0103 (IBD) \u0219i FIP sunt ambele afec\u021biuni feline grave care pot avea simptome similare, dar difer\u0103 \u00een ceea ce prive\u0219te cauza, diagnosticul \u0219i tratamentul.<\/p>\n<p>IBD este o afec\u021biune cronic\u0103 cu inflama\u021bie a tractului digestiv cauzat\u0103 de un proces mediat imunitar. Aceasta cauzeaz\u0103 malabsorb\u021bie, v\u0103rs\u0103turi, diaree \u0219i sc\u0103dere \u00een greutate din cauza deterior\u0103rii sau irita\u021biei mucoasei intestinului sub\u021bire.<\/p>\n<p>Pe de alt\u0103 parte, FIP este cauzat\u0103 de infec\u021bia cu anumite tulpini de coronavirus felin, cum ar fi FeCV. FIP cauzeaz\u0103, de asemenea, probleme digestive de-a lungul zonei intestinale, produc\u00e2nd astfel simptome similare cu cele ale IBD.<\/p>\n<h3><\/h3>\n<h3>Cancerul<\/h3>\n<p>Cancerul la pisici este cauzat de cre\u0219terea necontrolat\u0103 a celulelor anormale, spre deosebire de FIP, care este cauzat\u0103 de o muta\u021bie a coronavirusului felin. Simptomele cancerului pot varia de la un tip la altul \u0219i pot cauza noduli, leziuni sau secre\u021bii vizibile; \u00een timp ce FIP afecteaz\u0103 mai multe p\u0103r\u021bi din cauza inflama\u021biei din \u00eentregul organism, cauz\u00e2nd anorexie, febr\u0103, probleme respiratorii \u0219i acumularea de lichide \u00een unele cazuri.<\/p>\n<h3><\/h3>\n<h3>Micoplasmoza hemotrofic\u0103 felin\u0103<\/h3>\n<p>Micoplasmoza hemotrofic\u0103 felin\u0103 (FHM) \u0219i FIP sunt dou\u0103 boli care afecteaz\u0103 pisicile \u00een condi\u021bii similare. Ambele pot provoca inflama\u021bii \u00een organism, duc\u00e2nd la sl\u0103biciune, sc\u0103dere \u00een greutate, febr\u0103, icter, deshidratare \u0219i stare general\u0103 de r\u0103u.<\/p>\n<p>Cu toate acestea, FIP este cauzat\u0103 de o infec\u021bie cu un coronavirus felin cunoscut sub numele de FCoV, \u00een timp ce FHM este cauzat\u0103 de o bacterie infec\u021bioas\u0103 cunoscut\u0103 sub numele de micoplasm\u0103, care tr\u0103ie\u0219te \u00een mod natural \u00een g\u00e2tul multor pisici.<\/p>\n<h3><\/h3>\n<h3>Limfom<\/h3>\n<p>Limfomul \u0219i FIP sunt dou\u0103 boli frecvent \u00eent\u00e2lnite la pisici, care pot p\u0103rea foarte asem\u0103n\u0103toare \u00een ceea ce prive\u0219te simptomele, ambele cauz\u00e2nd inflamarea mai multor p\u0103r\u021bi ale corpului.<\/p>\n<p>Limfomul este un tip de cancer care apare la nivelul sistemului limfatic cauzat de o muta\u021bie malign\u0103, \u00een timp ce FIP este o boal\u0103 imunologic\u0103 asociat\u0103 cu virusul Corona care duce la o membran\u0103 peritoneal\u0103 permeabil\u0103.<\/p>\n<p>Tratamentele variaz\u0103 foarte mult \u00een func\u021bie de limfom sau FIP.<\/p>\n<h3><\/h3>\n<h3>Probleme cardiace<\/h3>\n<p>C\u00e2nd vine vorba de pisici, s\u0103n\u0103tatea inimii nu trebuie ignorat\u0103, deoarece aceste animale pot suferi de mai multe probleme cardiovasculare. Deoarece FIP provoac\u0103 de obicei inflama\u021bii sistemice \u00een organism, aceasta poate afecta inima indirect, la fel ca alte afec\u021biuni cardiace, cum ar fi cardiomiopatia hipertrofic\u0103 sau insuficien\u021ba cardiac\u0103 congestiv\u0103.<\/p>\n<p>Este important s\u0103 recunoa\u0219tem c\u0103, de\u0219i ambele boli au simptome comune &#8211; inclusiv pierderea poftei de m\u00e2ncare, pierderea \u00een greutate \u0219i febr\u0103 &#8211; func\u021bionarea lor este suficient de diferit\u0103 pentru a necesita teste de diagnosticare diferite, \u00een scopul de a asigura un diagnostic definitiv pentru oricare dintre afec\u021biuni.<\/p>\n<p>O serie de teste suplimentare pot fi, de asemenea, necesare \u00een cazul unei poten\u021biale probleme cardiace, inclusiv radiografii \u0219i electrocardiograme.<\/p>\n<h3><\/h3>\n<h3>Inflama\u021bia hepatic\u0103<\/h3>\n<p>Inflama\u021bia ficatului este mecanismul natural de ap\u0103rare al organismului \u00eempotriva bolilor \u0219i viru\u0219ilor, care poate duce la complica\u021bii pe termen lung.<\/p>\n<p>Este important ca proprietarii de pisici s\u0103 fie con\u0219tien\u021bi de inflama\u021bia ficatului versus FIP, deoarece acestea prezint\u0103 adesea simptome similare, inclusiv inapeten\u021b\u0103, letargie, icter \u0219i sc\u0103derea nivelului de energie.<\/p>\n<p>FIP duce, de asemenea, la inflamarea ficatului, precum \u0219i la probleme hepatice. Este prea u\u0219or s\u0103 credem c\u0103 este doar o problem\u0103 a ficatului, c\u00e2nd nu este a\u0219a.<\/p>\n<h3><\/h3>\n<h3>Peritonita bacterian\u0103<\/h3>\n<p>Ca \u0219i FIP, peritonita bacterian\u0103 este o afec\u021biune grav\u0103 \u0219i care poate pune via\u021ba \u00een pericol la pisici. Este o inflama\u021bie a mucoasei abdomenului cauzat\u0103 de bacterii, cu simptome care pot fi foarte asem\u0103n\u0103toare cu FIP, \u00een func\u021bie de c\u00e2t de avansat\u0103 a devenit boala.<\/p>\n<p>Peritonita bacterian\u0103 este cel mai frecvent cauzat\u0103 de bacterii intestinale, cum ar fi E. coli sau salmonella, care p\u0103trund \u00een intestine sau \u00een s\u00e2nge din cauza cancerului, a bolilor hepatice, a deterior\u0103rii straturilor protectoare din organism, cum ar fi cele cauzate de traumatisme (de exemplu, accidente de ma\u0219in\u0103), a parazi\u021bilor, a problemelor dietetice, cum ar fi alergiile sau intoleran\u021ba alimentar\u0103 \u0219i a altor infec\u021bii cu virusuri (inclusiv virusul imunodeficien\u021bei feline) care ar fi putut sl\u0103bi anterior sistemul imunitar la pisici.<\/p>\n<h3><\/h3>\n<h3>Pleurit\u0103 bacterian\u0103<\/h3>\n<p>Pleurita bacterian\u0103 este o infec\u021bie a pleurei, care este un strat sub\u021bire de \u021besut care formeaz\u0103 un sac \u00een jurul fiec\u0103rui pl\u0103m\u00e2n. Aceasta poate produce simptome similare cu FIP. Ambele boli provoac\u0103 tuse, dificult\u0103\u021bi de respira\u021bie sau chiar colaps atunci c\u00e2nd nu sunt tratate.<\/p>\n<p>Cu toate acestea, \u00een timp ce FIP duce, \u00een general, la inflamarea simultan\u0103 a mai multor organe, pleurita bacterian\u0103 vizeaz\u0103 \u00een mod specific tractul respirator inferior \u0219i poate fi foarte localizat\u0103 \u00een general, de\u0219i necesit\u0103 un tratament prompt datorit\u0103 naturii sale agresive.<\/p>\n<p>Diagnosticul pentru aceast\u0103 infec\u021bie implic\u0103, de obicei, recoltarea unei probe de lichid fie de la locul unde pl\u0103m\u00e2nii se \u00eent\u00e2lnesc cu cavit\u0103\u021bile corpului, fie examinarea probelor de \u021besut prelevate \u00een timpul interven\u021biei chirurgicale.<\/p>\n<p>Tratamentul pentru pleurita bacterian\u0103 const\u0103 adesea \u00een antibiotice administrate intravenos, dac\u0103 este posibil, precum \u0219i \u00een oxigenoterapie suplimentar\u0103 \u0219i alte tratamente de sus\u021binere, \u00een func\u021bie de gravitatea pacientului.<\/p>\n<h3><\/h3>\n<h3>Criptococcoz\u0103<\/h3>\n<p>Criptococcoza sau boala criptococic\u0103 este o infec\u021bie fungic\u0103 cauzat\u0103 de specia de ciuperc\u0103 Cryptococcus neoformans, care poate fi g\u0103sit\u0103 \u00een sol \u0219i \u00een excrementele p\u0103s\u0103rilor. Simptomele ambelor boli sunt destul de asem\u0103n\u0103toare, incluz\u00e2nd pierderea \u00een greutate, febr\u0103, anorexie \u0219i letargie.<\/p>\n<p>Semnele de probleme neurologice, cum ar fi \u00eenclinarea capului \u0219i ataxia, pot ap\u0103rea \u0219i \u00een cazul criptococcozei.<\/p>\n","protected":false},"excerpt":{"rendered":"<p>FIP are simptome foarte asem\u0103n\u0103toare cu multe boli Diagnosticarea peritonitei infec\u021bioase feline (FIP) poate fi foarte dificil\u0103, deoarece multe dintre simptomele sale sunt comune cu boli similare cu FIP care ar putea fi confundate cu peritonita infec\u021bioas\u0103 felin\u0103. Acestea includ sc\u0103dere \u00een greutate, sl\u0103biciune, letargie, febr\u0103, anorexie \u0219i leziuni oculare. Av\u00e2nd \u00een vedere c\u0103 aceste [&hellip;]<\/p>\n","protected":false},"author":1,"featured_media":21761,"parent":0,"menu_order":0,"comment_status":"closed","ping_status":"closed","template":"","meta":{"_glsr_average":0,"_glsr_ranking":0,"_glsr_reviews":0,"footnotes":""},"categories":[749],"tags":[],"_links":{"self":[{"href":"https:\/\/fipmed.co\/ro\/wp-json\/wp\/v2\/pages\/21760"}],"collection":[{"href":"https:\/\/fipmed.co\/ro\/wp-json\/wp\/v2\/pages"}],"about":[{"href":"https:\/\/fipmed.co\/ro\/wp-json\/wp\/v2\/types\/page"}],"author":[{"embeddable":true,"href":"https:\/\/fipmed.co\/ro\/wp-json\/wp\/v2\/users\/1"}],"replies":[{"embeddable":true,"href":"https:\/\/fipmed.co\/ro\/wp-json\/wp\/v2\/comments?post=21760"}],"version-history":[{"count":0,"href":"https:\/\/fipmed.co\/ro\/wp-json\/wp\/v2\/pages\/21760\/revisions"}],"wp:featuredmedia":[{"embeddable":true,"href":"https:\/\/fipmed.co\/ro\/wp-json\/wp\/v2\/media\/21761"}],"wp:attachment":[{"href":"https:\/\/fipmed.co\/ro\/wp-json\/wp\/v2\/media?parent=21760"}],"wp:term":[{"taxonomy":"category","embeddable":true,"href":"https:\/\/fipmed.co\/ro\/wp-json\/wp\/v2\/categories?post=21760"},{"taxonomy":"post_tag","embeddable":true,"href":"https:\/\/fipmed.co\/ro\/wp-json\/wp\/v2\/tags?post=21760"}],"curies":[{"name":"wp","href":"https:\/\/api.w.org\/{rel}","templated":true}]}}