{"id":21805,"date":"2024-03-28T05:15:08","date_gmt":"2024-03-28T05:15:08","guid":{"rendered":"https:\/\/fipmed.co\/cele-mai-bune-medicamente-orale-pentru-fip-fip-tablete-si-capsule\/"},"modified":"2024-03-28T05:15:08","modified_gmt":"2024-03-28T05:15:08","slug":"cele-mai-bune-medicamente-orale-pentru-fip-fip-tablete-si-capsule","status":"publish","type":"page","link":"https:\/\/fipmed.co\/ro\/cele-mai-bune-medicamente-orale-pentru-fip-fip-tablete-si-capsule\/","title":{"rendered":"Cel mai bun medicament oral pentru FIP &#8211; FIP Tablete \u0219i capsule"},"content":{"rendered":"<p>De\u0219i injec\u021biile sunt, \u00een general, considerate mai fiabile dec\u00e2t forma oral\u0103 a GS-441524 pentru tratarea FIP, un num\u0103r de proprietari de pisici opteaz\u0103 pentru op\u021biunea oral\u0103 pentru a evita orice disconfort poten\u021bial care poate ap\u0103rea \u00een cazul injec\u021biilor. Anumite feline pot sim\u021bi disconfort sau pot dezvolta o aversiune fa\u021b\u0103 de injec\u021bii dup\u0103 o perioad\u0103 \u00eendelungat\u0103 de tratament, iar unele se pot opune categoric procedurii. \u00cen plus, exist\u0103 posibilitatea apari\u021biei r\u0103nilor la locul de injectare ca urmare a acidit\u0103\u021bii medicamentului. \u00cen aceste situa\u021bii, capsulele orale sau comprimatele FIP pot fi utilizate ca \u00eenlocuitor al injec\u021biilor. Nu este nevoie s\u0103 v\u0103 face\u021bi griji cu privire la rezisten\u021ba la medicamente atunci c\u00e2nd este vorba de administrarea oral\u0103. Eficacitatea GS-441524 \u00een tratarea FIP umede \u0219i uscate este constant\u0103, indiferent de forma \u00een care este administrat.<\/p>\n<p>\u00cen primele teste ale GS-441524 pentru tratarea FIP pe teren, acesta a fost injectat sub piele. At\u00e2t injec\u021biile intravenoase, c\u00e2t \u0219i cele subcutanate au produs niveluri ridicate de s\u00e2nge care au r\u0103mas la niveluri care au oprit virusul timp de mai mult de 24 de ore. Cercet\u0103torii au constatat, de asemenea, c\u0103 administrarea medicamentului pe cale oral\u0103 a crescut nivelul sanguin, dar a f\u0103cut acest lucru pu\u021bin mai t\u00e2rziu \u0219i numai la aproximativ 40% din nivelurile maxime observate \u00een cazul c\u0103ilor subcutanate \u0219i intravenoase (Pedersen NC, date private, 2018). Cu toate acestea, c\u00e2inii cu intestine mai lungi, care au evoluat pentru a m\u00e2nca at\u00e2t carne, c\u00e2t \u0219i plante, pot primi p\u00e2n\u0103 la 85% din GS441524 prin hrana lor [1, 5]. studiile privind absorb\u021bia bucal\u0103 au folosit adesea c\u00e2ini ca \u00eenlocuitori ai oamenilor. Aceasta \u00eenseamn\u0103 c\u0103 absorb\u021bia bucal\u0103 la oameni este, de asemenea, probabil s\u0103 fie mai mare dec\u00e2t la pisici.<\/p>\n<p>Prin urmare, metoda subcutanat\u0103 a fost aleas\u0103 pentru testele pe teren pe pisici, deoarece era u\u0219or de utilizat \u0219i producea niveluri ridicate de s\u00e2nge.<\/p>\n<p>V\u00e2nz\u0103torii chinezi de GS-441524 au copiat diluantul, concentra\u021bia medicamentului \u0219i metoda de administrare subcutanat\u0103 din studiul de teren publicat. Ulterior, ei studiaz\u0103 medicamentul \u0219i \u00eel ofer\u0103 sub form\u0103 de pilule. Cercet\u0103torii din China au descoperit c\u0103 puteau ob\u021bine niveluri sanguine eficiente de GS-441524 doar f\u0103c\u00e2nd ca versiunile lor orale s\u0103 con\u021bin\u0103 mai mult medicament.<\/p>\n<p>Dup\u0103 aceea, alte companii au ap\u0103rut cu propriile versiuni ale GS-441524 care puteau fi administrate pe cale oral\u0103. Consumatorii pot cump\u0103ra capsule \u0219i tablete chiar acum. Etichetele men\u021bioneaz\u0103 ca ingrediente o serie de substan\u021be chimice \u0219i plante medicinale populare \u0219i sigure, dar GS-441524 nu este unul dintre ele. Probabil c\u0103 ofi\u021berii vamali nu se uit\u0103 cu aten\u021bie la acest lucru. GS-441524 este agentul activ din toate produsele orale, indiferent de ce altceva se afl\u0103 \u00een ele. Companiile care v\u00e2nd produse sublinguale nu spun c\u00e2t de mult GS-441524 este \u00een ele, dar este clar c\u0103 este mult mai mult dec\u00e2t ceea ce ar fi necesar dac\u0103 medicamentul ar fi administrat sub piele.<\/p>\n<p>Se pare c\u0103 din ce \u00een ce mai mul\u021bi proprietari de animale de companie \u0219i medici veterinari folosesc GS-441524 oral ca parte sau ca parte a tratamentului. \u00cen ultimii doi ani, calitatea produselor orale GS-441524 a crescut \u00een timp ce pre\u021bul a sc\u0103zut \u00eencet. Din cauza problemei reac\u021biilor la locul de injectare \u0219i a faptului c\u0103 preparatele orale de GS-441524 func\u021bioneaz\u0103 mai bine, tratamentul oral a devenit mai popular. Din ce \u00een ce mai multe pisici sunt tratate cu medicamente pe care le iau pe cale oral\u0103, fie pentru o parte din tratament, fie pentru \u00eentregul tratament.<\/p>\n<h1>FIP Tablete vs Capsule: Compozi\u021bie \u0219i dozare<\/h1>\n<p>GS-441524 pentru uz oral con\u021bine mult mai mult GS441524 ca ingredient activ pentru a compensa pierderea \u00een absorb\u021bie. Toate produsele orale bine cunoscute sunt pastile. Dar comprimatele FIPMed sunt de dimensiuni mai mici, astfel \u00eenc\u00e2t sunt mai u\u0219or de consumat. Unele medicamente orale sunt capsule FIP care sunt, de asemenea, umplute cu lichid sau pulbere, iar dac\u0103 pisicile le mu\u0219c\u0103, pot pierde medicamentul din interior. C\u00e2nd pisicile sparg pastilele, se \u0219tie c\u0103 au reac\u021bii negative.<\/p>\n<p>Instruc\u021biunile de administrare a pastilelor sau comprimatelor sunt acelea\u0219i pentru toate tipurile orale. De obicei, este mai bine s\u0103 nu m\u00e2nca\u021bi sau s\u0103 be\u021bi nimic timp de 30 de minute \u00eenainte \u0219i dup\u0103 administrarea medicamentului. Unele pisici pot fi dispuse s\u0103 le ia dac\u0103 le oferi\u021bi o mic\u0103 recompens\u0103, iar multe pisici le vor m\u00e2nca dac\u0103 le pune\u021bi pe o farfurie cu o recompens\u0103 acoperitoare (precum Churu).<\/p>\n<p>De\u0219i at\u00e2t capsulele orale, c\u00e2t \u0219i pastilele sunt la fel de eficiente, administrarea capsulelor este \u00een general mai dificil\u0103 dec\u00e2t a pastilelor. Capsulele sunt mai mari, ceea ce face dificil\u0103 \u00eenghi\u021birea lor f\u0103r\u0103 efort de c\u0103tre pisici. Este nevoie de mai multe capacit\u0103\u021bi de produc\u021bie pentru a comprima pulberea \u00een tablete, \u00een timp ce produc\u021bia de amatori pe ascuns utilizeaz\u0103 for\u021ba de munc\u0103 uman\u0103 pentru a pune pulberea \u00een capsule.<\/p>\n<p>Pastilele orale FIPMED sunt de dimensiuni mai mici \u00een compara\u021bie cu cele de pe pia\u021b\u0103, dar con\u021bin o cantitate mare absorbabil\u0103 de GS441524. Acestea sunt v\u00e2ndute \u00een concentra\u021bii de 30 mg \u0219i 40 mg, nu ca cele de 5 mg de pe pia\u021b\u0103, care trebuie s\u0103 furnizeze mai multe comprimate pentru acela\u0219i efect. Acestea sunt compacte \u0219i pot fi administrate cu u\u0219urin\u021b\u0103 \u00een majoritatea situa\u021biilor.<\/p>\n<h1>Costul comprimatelor FIP<\/h1>\n<p>\u00cen ultimul an, pre\u021bul GS oral a sc\u0103zut foarte mult. Vorbind despre pre\u021buri, GS-441524 oral este cu 20-40% mai scump dec\u00e2t omologul s\u0103u injectabil, cu toate acestea, comprimatele FIPMed sunt cele mai accesibile de pe pia\u021b\u0103 \u0219i cost\u0103 aproape similar cu cele injectabile.<\/p>\n<h1>Ce face ca gura vs. \u00eempu\u0219c\u0103tura s\u0103 fie diferit\u0103<\/h1>\n<p>GS-441524 oral nu este, de obicei, o idee bun\u0103 pentru pisicile care deja vomit\u0103 sau regurgiteaz\u0103 \u0219i au diaree. Oamenii administreaz\u0103 adesea pisicilor cu probleme digestive majore injec\u021bii p\u00e2n\u0103 c\u00e2nd problemele dispar. Administrarea subcutanat\u0103 a GS-441524 este, de asemenea, mai fiabil\u0103 dec\u00e2t administrarea oral\u0103. Acesta este adesea un factor foarte important \u00een \u00eengrijirea ini\u021bial\u0103 a pisicilor care sunt foarte bolnave \u0219i instabile. Atunci c\u00e2nd decide\u021bi dac\u0103 s\u0103 continua\u021bi s\u0103 administra\u021bi GS-441524 injectabil unei pisici, aceasta depinde adesea de c\u00e2t de bine poate face proprietarul injec\u021biile, de c\u00e2t de preg\u0103tit\u0103 este pisica s\u0103 se obi\u0219nuiasc\u0103 cu durerea \u0219i de c\u00e2t de des apar r\u0103ni la locul injec\u021biei. Atunci c\u00e2nd se \u00eent\u00e2mpl\u0103 acest lucru, medicamentul oral este adesea o pauz\u0103 pl\u0103cut\u0103 at\u00e2t pentru st\u0103p\u00e2n, c\u00e2t \u0219i pentru pisic\u0103.<\/p>\n<h1>C\u00e2t de eficient este GS-441524 oral ca tratament pentru FIP<\/h1>\n<p>Atunci c\u00e2nd este administrat la momentul \u0219i doza corespunz\u0103toare, tratamentul FIP oral poate fi la fel de eficient ca injec\u021biile subcutanate \u00een tratarea peritonitei infec\u021bioase feline. Pe de alt\u0103 parte, exper\u021bii \u00een tratamentul FIP sunt \u00een general de acord c\u0103 pisicile tratate pe cale oral\u0103 au o \u0219ans\u0103 mai mare de recidiv\u0103 \u00een compara\u021bie cu cele tratate prin injec\u021bii pe parcursul \u00eentregului tratament. Capsulele \u0219i pastilele orale pot s\u0103 nu ofere un tratament optim pentru pisicile cu forme neurologice de FIP sau pentru cele care prezint\u0103 v\u0103rs\u0103turi sau diaree frecvente. \u00cen prezent, nu sunt raportate efecte secundare legate de tratamentul injectabil sau oral al FIP.<\/p>\n<p>Unele pisici nu au reac\u021bionat bine la administrarea GS-441524 pe cale oral\u0103 ca prim tratament sau au avut recidive atunci c\u00e2nd au trecut de la injec\u021bii la pastile. \u00cen alte cazuri, administrarea la pisici a aceleia\u0219i cantit\u0103\u021bi de GS-441524 pe cale oral\u0103 a vindecat boli care nu r\u0103spundeau bine la injec\u021bii. Recomand\u0103m forma injectabil\u0103 de GS-441524 care ar putea atinge cantit\u0103\u021bile exacte necesare pentru tratarea bolii Neuro FIP, \u00een special atunci c\u00e2nd virusul a devenit rezistent la diferite medicamente.<\/p>\n<p>&nbsp;<\/p>\n<p>Studii de referin\u021b\u0103 privind absorb\u021bia GI a nucleozidelor legate de GS-441524 \u0219i GS-441524<\/p>\n<p>1. Thomas L. Un precursor al remdesivirului prezint\u0103 poten\u021bial terapeutic pentru COVID-19.<br \/>\nhttps:\/\/www.news-medical.net\/news\/20210209\/A-precursor-to-remdesivir-showstherapeuticpotential-for-COVID-19.aspx.<\/p>\n<p>2. Painter GR, Bowen RA, Bluemling GR, et al. Activitatea profilactic\u0103 \u0219i terapeutic\u0103 a unui<br \/>\nanalog ribonucleosidic cu activitate larg\u0103 \u00eentr-un model murin de infec\u021bie intranazal\u0103 cu ecvin\u0103 venezuelean\u0103<br \/>\ninfec\u021bie cu virusul encefalitei. Antiviral Res. 2019;171:104597.<br \/>\ndoi:10.1016\/j.antiviral.2019.104597<\/p>\n<p>Dup\u0103 administrarea oral\u0103, EIDD-1931 este absorbit rapid, a\u0219a cum reiese din valorile T-max plasmatice<br \/>\nvariind \u00eentre 0,5 \u0219i 1,0 h.Expunerile sunt ridicate (valorile C-ma-x variaz\u0103 \u00eentre 30 \u0219i 40\u03bcM)<br \/>\n\u0219i sunt dependente de doz\u0103, dar semnificativ mai mici dec\u00e2t propor\u021bionale cu doza. Observarea<br \/>\nsc\u0103derea biodisponibilit\u0103\u021bii odat\u0103 cu cre\u0219terea dozei poate indica o capacitate limitat\u0103 de absorb\u021bie, o<br \/>\nfenomen care a fost raportat pentru alte nucleozide (de Miranda et al., 1981). EIDD-1931,<br \/>\nla fel ca majoritatea nucleozidelor endogene \u0219i a analogilor nucleozidici xenobiotici, este o substan\u021b\u0103 foarte polar\u0103,<br \/>\nmolecul\u0103 hidrofil\u0103 (cLog P =-2,2) \u0219i, prin urmare, este probabil s\u0103 necesite transportatori func\u021bionali pentru<br \/>\ntraverseaz\u0103 membranele celulare. Aceast\u0103 dependen\u021b\u0103 ar explica absorb\u021bia limitat\u0103 a capacit\u0103\u021bii observat\u0103 \u00een<br \/>\nstudii farmacocinetice efectuate utiliz\u00e2nd \u0219oarecii CD-1. Rapoartele anterioare au indicat, de asemenea, c\u0103 nucleozidele<br \/>\n\u00een celulele epiteliale intestinale de \u0219oarece este mediat\u0103 \u00een principal de sodiu dependent<br \/>\ntransportori nucleozidici concentrativi (Cass \u0219i colab., 1999; Vijayalakshmi \u0219i Belt, 1988).<\/p>\n<p>3. Cass, C.E., Young, J.D., Baldwin, S.A., Cabrita, M.A., Graham, K.A., Griffiths, M.,Jennings,<br \/>\nL.L., Mackey, J.R., Ng, A.M., Ritzel, M.W., Vickers, M.F., Yao, S.Y., 1999.Nucleoside<br \/>\ntransportoare ale celulelor mamiferelor. Pharm. Biotechnol. 12313-12352<\/p>\n<p>4. de Miranda, P., Krasny, H.C., Page, D.A., Elion, G.B., 1981. Dispozi\u021bia aciclovirului<br \/>\nspecii indiferente. J. Pharmacol. Exp. Ther. 219 (2), 309-315<\/p>\n<p>5. Vijayalakshmi, D., Belt, J.A., 1988. Transportul nucleozidic dependent de sodiu la \u0219oarece<br \/>\ncelule epiteliale intestinale. Dou\u0103 sisteme de transport cu specificit\u0103\u021bi diferite ale substratului. Biol.<br \/>\nChimie. 263 (36), 19419-19423.<\/p>\n<p>6. Yan VC, Khadka S, Arthur K, Ackroyd JJ, Georgiou DK, Muller FL. Farmacocinetica administr\u0103rii orale<br \/>\nAdministrat GS-441524 la c\u00e2ini. bioRxiv, doi: https:\/\/doi.org\/10.1101\/2021.02.04.429674<\/p>\n<p>7. https:\/\/ccah.vetmed.ucdavis.edu\/<\/p>\n","protected":false},"excerpt":{"rendered":"<p>De\u0219i injec\u021biile sunt, \u00een general, considerate mai fiabile dec\u00e2t forma oral\u0103 a GS-441524 pentru tratarea FIP, un num\u0103r de proprietari de pisici opteaz\u0103 pentru op\u021biunea oral\u0103 pentru a evita orice disconfort poten\u021bial care poate ap\u0103rea \u00een cazul injec\u021biilor. Anumite feline pot sim\u021bi disconfort sau pot dezvolta o aversiune fa\u021b\u0103 de injec\u021bii dup\u0103 o perioad\u0103 \u00eendelungat\u0103 [&hellip;]<\/p>\n","protected":false},"author":1,"featured_media":21806,"parent":0,"menu_order":0,"comment_status":"closed","ping_status":"closed","template":"","meta":{"_glsr_average":0,"_glsr_ranking":0,"_glsr_reviews":0,"footnotes":""},"categories":[725],"tags":[],"_links":{"self":[{"href":"https:\/\/fipmed.co\/ro\/wp-json\/wp\/v2\/pages\/21805"}],"collection":[{"href":"https:\/\/fipmed.co\/ro\/wp-json\/wp\/v2\/pages"}],"about":[{"href":"https:\/\/fipmed.co\/ro\/wp-json\/wp\/v2\/types\/page"}],"author":[{"embeddable":true,"href":"https:\/\/fipmed.co\/ro\/wp-json\/wp\/v2\/users\/1"}],"replies":[{"embeddable":true,"href":"https:\/\/fipmed.co\/ro\/wp-json\/wp\/v2\/comments?post=21805"}],"version-history":[{"count":0,"href":"https:\/\/fipmed.co\/ro\/wp-json\/wp\/v2\/pages\/21805\/revisions"}],"wp:featuredmedia":[{"embeddable":true,"href":"https:\/\/fipmed.co\/ro\/wp-json\/wp\/v2\/media\/21806"}],"wp:attachment":[{"href":"https:\/\/fipmed.co\/ro\/wp-json\/wp\/v2\/media?parent=21805"}],"wp:term":[{"taxonomy":"category","embeddable":true,"href":"https:\/\/fipmed.co\/ro\/wp-json\/wp\/v2\/categories?post=21805"},{"taxonomy":"post_tag","embeddable":true,"href":"https:\/\/fipmed.co\/ro\/wp-json\/wp\/v2\/tags?post=21805"}],"curies":[{"name":"wp","href":"https:\/\/api.w.org\/{rel}","templated":true}]}}