{"id":21880,"date":"2024-03-25T07:31:47","date_gmt":"2024-03-25T07:31:47","guid":{"rendered":"https:\/\/fipmed.co\/comune-fip-comorbiditati\/"},"modified":"2024-03-25T07:31:47","modified_gmt":"2024-03-25T07:31:47","slug":"comune-fip-comorbiditati","status":"publish","type":"page","link":"https:\/\/fipmed.co\/ro\/comune-fip-comorbiditati\/","title":{"rendered":"9 Comorbidit\u0103\u021bi frecvente ale FIP"},"content":{"rendered":"<h2>De ce FIP apare adesea \u00eempreun\u0103 cu alte boli?<\/h2>\n<p>Pisicile cu alte afec\u021biuni dec\u00e2t FIP sunt adesea pozitive \u00een mod \u00eent\u00e2mpl\u0103tor pentru anticorpii FCoV sau pentru virus. Iat\u0103 9 comorbidit\u0103\u021bi comune ale FIP.<\/p>\n<p>FIP poate fi un rezultat al sl\u0103birii sistemului imunitar din cauza unor afec\u021biuni preexistente, al muta\u021biei virusului sau al bolii ini\u021biale care provoac\u0103 complica\u021bii ulterioare.<\/p>\n<h3>Condi\u021bie preexistent\u0103<\/h3>\n<p>O afec\u021biune preexistent\u0103 poate face pisicile mai sensibile la FIP, afect\u00e2ndu-le starea general\u0103 de s\u0103n\u0103tate \u0219i calitatea vie\u021bii. Acest lucru se datoreaz\u0103 faptului c\u0103 alte boli sau sisteme imunitare sl\u0103bite pot fi o cauz\u0103 pentru muta\u021bia virusului care cauzeaz\u0103 FIP.<\/p>\n<p>Este posibil ca afec\u021biunile preexistente s\u0103 nu fie \u00eentotdeauna evidente, de\u0219i unele semne comune pot include febr\u0103, sc\u0103dere \u00een greutate, letargie, anorexie \u0219i deshidratare &#8211; toate acestea fiind indicatori ai infec\u021biilor bacteriene.<\/p>\n<p>Dac\u0103 sunt observate la timp, antibioticele sau alimenta\u021bia suplimentar\u0103 ar putea ajuta la atenuarea oric\u0103ror daune suplimentare cauzate de starea deja sl\u0103bit\u0103 a pisicii. \u00cen plus, este important s\u0103 men\u021bine\u021bi imunizarea la zi, deoarece aceasta ar putea ac\u021biona, de asemenea, ca protec\u021bie \u00eempotriva poten\u021bialelor evolu\u021bii secundare cauzate de boli preexistente, cum ar fi FIP.<\/p>\n<h3>Muta\u021bia virusului<\/h3>\n<p>Muta\u021biile proteinei spike a virusului, care este o parte important\u0103 a coronavirusului felin, pot provoca modific\u0103ri \u00een modul de r\u0103sp\u00e2ndire \u0219i replicare a virusului. Atunci c\u00e2nd exist\u0103 muta\u021bii prezente \u00een aceast\u0103 protein\u0103 special\u0103, cre\u0219te capacitatea FIP de a infecta pisicile, precum \u0219i gravitatea acesteia atunci c\u00e2nd este contractat\u0103.<\/p>\n<p>\u00cen plus, aceste v\u00e2rfuri pot interfera cu alte procese asociate cel mai frecvent cu func\u021bia celulelor sistemului imunitar, ceea ce duce la rezultate anormale ale evolu\u021biei normale a bolilor.<\/p>\n<p>Ca urmare, diverse comorbidit\u0103\u021bi legate de FIP, cum ar fi pneumonia, boala cronic\u0103 de rinichi (CKD), virusul leucemiei feline (FeLV), cancerul sau bolile autoimune se pot dezvolta la rate mai mari dec\u00e2t cele preconizate din cauza r\u0103spunsurilor imunitare sl\u0103bite cauzate de muta\u021biile virale men\u021bionate care exist\u0103 deja \u00een celule.<\/p>\n<h3>Boala ini\u021bial\u0103 a cauzat sl\u0103birea sistemului imunitar<\/h3>\n<p>Atunci c\u00e2nd o pisic\u0103 are o infec\u021bie subiacent\u0103, sistemul imunitar poate fi sl\u0103bit. Aceast\u0103 imunitate sl\u0103bit\u0103 duce apoi la un risc mai mare de a dezvolta FIP. Stresurile de mediu pot, de asemenea, s\u0103 sl\u0103beasc\u0103 sistemul imunitar \u0219i s\u0103 creasc\u0103 susceptibilitatea la infec\u021biile cu FIPV.<\/p>\n<p>\u00cen special, pisicile cu infec\u021bii cu FeLV (virusul leucemiei feline) sunt mai susceptibile la virusul FIP dec\u00e2t alte pisici s\u0103n\u0103toase, deoarece sistemul lor imunitar sl\u0103bit nu poate lupta eficient \u00eempotriva noilor viru\u0219i.<\/p>\n<p>Pisicile tinere \u0219i cele care sunt deja imunocompromise pot avea probleme \u00een lupta \u00eempotriva infec\u021biilor virale catastrofale, cum ar fi FIPV.<\/p>\n<p>&nbsp;<\/p>\n<h2>Av\u00e2nd pneumonie \u0219i FIP<\/h2>\n<p>Pneumonia este o comorbiditate frecvent\u0103 asociat\u0103 cu FIP la pisici. Acest lucru \u00eenseamn\u0103 c\u0103, dac\u0103 pisica dvs. are FIP, probabil c\u0103 va avea \u0219i pneumonie ca parte a infec\u021biei. Pneumonia apare atunci c\u00e2nd inflama\u021bia blocheaz\u0103 c\u0103ile respiratorii care duc la pl\u0103m\u00e2ni \u0219i poate afecta orice v\u00e2rst\u0103 sau ras\u0103 de pisic\u0103.<\/p>\n<p>Pisicile cu FIP pot dezvolta pneumonie deoarece particulele virale din FCoV provoac\u0103 un r\u0103spuns inflamator care poate duce la dificult\u0103\u021bi de respira\u021bie \u0219i tuse din cauza acumul\u0103rii de lichid \u00een pl\u0103m\u00e2ni \u0219i \u00een cavit\u0103\u021bile pleurale sau peritoneale.<\/p>\n<p>Simptomele pneumoniei apar, \u00een general, \u00een termen de dou\u0103 s\u0103pt\u0103m\u00e2ni de la expunerea la coronavirusul felin, incluz\u00e2nd pierderea poftei de m\u00e2ncare, letargie, febr\u0103, respira\u021bie rapid\u0103, cre\u0219terea ritmului cardiac, respira\u021bie dificil\u0103 (cunoscut\u0103 sub numele de dispnee), sc\u0103dere \u00een greutate \u0219i tuse cu mucus sanguinolent.<\/p>\n<h2><strong>Av\u00e2nd CKD \u0219i FIP<\/strong><\/h2>\n<p>Pisicile cu insuficien\u021b\u0103 renal\u0103 cronic\u0103 (CKD) prezint\u0103 un risc crescut de a dezvolta FIP, o infec\u021bie viral\u0103 cu poten\u021bial fatal. Studiile au ar\u0103tat c\u0103 pisicile care sufer\u0103 de insuficien\u021b\u0103 renal\u0103 cronic\u0103 nediagnosticat\u0103 sau prost gestionat\u0103 pot fi mai predispuse s\u0103 contracteze FIP, din cauza sistemului imunitar sl\u0103bit cauzat de boala anterioar\u0103.<\/p>\n<p>De fapt, CKD este de obicei demascat\u0103 atunci c\u00e2nd FIP apare la un animal afectat &#8211; indic\u00e2nd faptul c\u0103 era deja prezent\u0103 \u00eenainte de a prezenta semne de FIP. Acest lucru sugereaz\u0103 o rela\u021bie \u00eentre cele dou\u0103 boli \u0219i modul \u00een care acestea se pot afecta reciproc \u00een mod negativ.<\/p>\n<p>Din fericire, diagnosticarea precoce a CKS \u0219i FIP poate oferi pisicilor rezultate mai bune, deoarece tratamentul prompt pentru ambele afec\u021biuni ar putea \u00eencetini progresia ambelor boli \u0219i ar putea ameliora simptomele asociate cu acestea, cum ar fi insuficien\u021ba renal\u0103 sau febra.<\/p>\n<h2>Av\u00e2nd FELV \u0219i FIP<\/h2>\n<p>Infec\u021bia cu virusul leucemiei feline (FeLV) este o comorbiditate frecvent\u0103 cu FIP. Majoritatea pisicilor care dezvolt\u0103 FIP au o afec\u021biune sau o infec\u021bie preexistent\u0103, cum ar fi FeLV, ceea ce le face mai predispuse la viru\u0219i \u0219i al\u021bi agen\u021bi infec\u021bio\u0219i.<\/p>\n<p>Muta\u021bia virusului poate duce la infec\u021bii oportuniste \u00een cazul sistemelor imunitare sl\u0103bite, duc\u00e2nd la apari\u021bia bolii. Atunci c\u00e2nd infec\u021bia FeLV este prezent\u0103 cu FIP, multe pisici infectate sufer\u0103 de panleucopenie profund\u0103 &#8211; o sc\u0103dere a num\u0103rului de globule albe din s\u00e2nge care afecteaz\u0103 imunitatea pisicii.<\/p>\n<p>Acest tip de anemie determin\u0103 sc\u0103derea drastic\u0103 a nivelului trombocitelor \u0219i cre\u0219te fragilitatea venelor \u0219i arterelor, ceea ce duce la probleme de s\u00e2ngerare \u00een \u00eentregul organism. Alte afec\u021biuni asociate cu FeLV includ malignit\u0103\u021bile, imunosupresia \u0219i cre\u0219terea \u00eenc\u0103rc\u0103turii virale la pisicile afectate, to\u021bi ace\u0219ti factori contribuind la sc\u0103derea semnificativ\u0103 a st\u0103rii lor de s\u0103n\u0103tate \u00een momentul diagnostic\u0103rii FIP.<\/p>\n<h2>Av\u00e2nd cancer \u0219i FIP<\/h2>\n<p>Pisicile care dezvolt\u0103 cancer, sau neoplazie felin\u0103, pot fi la fel de susceptibile de a contracta alte boli concomitente, cum ar fi FIP. De\u0219i nu exist\u0103 dovezi care s\u0103 sugereze o rela\u021bie direct\u0103 \u00eentre cancer \u0219i FIP la pisici, exper\u021bii recunosc o vulnerabilitate crescut\u0103 pentru unele pisici cu cancer care contracteaz\u0103 \u0219i FIP.<\/p>\n<p>Sistemul imunitar mai slab al persoanelor infectate cu oricare dintre cele dou\u0103 afec\u021biuni este probabil un factor care contribuie la apari\u021bia simultan\u0103 a ambelor boli.<\/p>\n<p>Simptomele se pot suprapune \u00eentr-o oarecare m\u0103sur\u0103, \u00een func\u021bie de tipurile specifice de cancer \u0219i de tulpina de virus implicat\u0103 \u00een PIF, cum ar fi pierderea\/cre\u0219terea cronic\u0103 \u00een greutate, letargia, starea general\u0103 de s\u0103n\u0103tate mediocr\u0103, episoadele recurente de febr\u0103 sau problemele respiratorii sunt observate \u00een r\u00e2ndul pisicilor afectate simultan de ambele afec\u021biuni.<\/p>\n<p>Datorit\u0103 faptului c\u0103 aceste dou\u0103 boli au anumi\u021bi indicatori comuni, un diagnostic definitiv necesit\u0103, de obicei, o analiz\u0103 complet\u0103 a s\u00e2ngelui, care permite medicilor veterinari s\u0103 analizeze mai bine natura \u0219i amploarea infec\u021biilor.<\/p>\n<h2>Boli autoimune \u0219i FIP<\/h2>\n<p>Proprietarii de pisici trebuie s\u0103 fie con\u0219tien\u021bi de poten\u021bialii factori de risc asocia\u021bi cu FIP, unul dintre ace\u0219tia put\u00e2nd fi bolile autoimune. Bolile autoimune apar la pisici atunci c\u00e2nd anticorpii organismului atac\u0103 propriile \u021besuturi \u0219i organe \u00een locul substan\u021belor str\u0103ine, precum bacteriile \u0219i viru\u0219ii.<\/p>\n<p>Aceast\u0103 stare sl\u0103bit\u0103 a sistemului imunitar \u00eel face mai vulnerabil la infec\u021bii precum FIP. \u00cen plus, afec\u021biunile preexistente cauzate de tulbur\u0103rile autoimune pot crea un mediu propice muta\u021biilor \u00een coronavirusuri care sunt ini\u021bial inofensive, dar care se pot transforma \u00een FIP, provoc\u00e2nd leziuni ale celulelor din organele vitale.<\/p>\n<p>Din cauza naturii sale de boal\u0103 transmis\u0103 pe calea aerului, chiar \u0219i pisicile s\u0103n\u0103toase, f\u0103r\u0103 nicio afec\u021biune preexistent\u0103, pot fi expuse riscului dac\u0103 au fost expuse la o pisic\u0103 infectat\u0103 care \u0219i-a atins nasul sau a str\u0103nutat \u00een apropierea lor.<\/p>\n<h2>Infec\u021bia bacterian\u0103 \u0219i FIP<\/h2>\n<p>Proprietarii de pisici trebuie s\u0103 \u0219tie c\u0103 infec\u021biile bacteriene pot juca un rol \u00een dezvoltarea \u0219i evolu\u021bia FIP.<\/p>\n<p>\u00cen plus, o infec\u021bie bacterian\u0103 netratat\u0103 poate sl\u0103bi \u0219i mai mult sistemul imunitar al pisicii, ceea ce o face s\u0103 sufere mai repede de FIP dac\u0103 este infectat\u0103 cu aceasta<\/p>\n<h2>Av\u00e2nd FHV \u0219i FIP<\/h2>\n<p>Atunci c\u00e2nd o pisic\u0103 este infectat\u0103 at\u00e2t cu herpesvirus felin (FHV), c\u00e2t \u0219i cu FIP, acesta poate fi un caz deosebit de grav. FHV sl\u0103be\u0219te capacitatea organismului de a lupta \u00eempotriva altor boli, l\u0103s\u00e2nd pisicile mai susceptibile de a se \u00eemboln\u0103vi de alte infec\u021bii, cum ar fi FIP.<\/p>\n<p>\u00cen plus, semnele de boal\u0103 pot progresa mai rapid din cauza sl\u0103birii sistemului imunitar. Acest lucru se datoreaz\u0103 faptului c\u0103, \u00een func\u021bie de tulpina selectat\u0103 prin muta\u021bie genetic\u0103, dac\u0103 doi agen\u021bi, cum ar fi FHV \u0219i FIP \u00een acest caz, sunt prezen\u021bi \u00een acela\u0219i timp, ace\u0219tia contribuie simultan la inflama\u021bie \u0219i provoac\u0103 efecte d\u0103un\u0103toare directe suplimentare ale propriilor cicluri de replicare \u00een interiorul celulelor.<\/p>\n<h2>Av\u00e2nd FIV \u0219i FIP<\/h2>\n<p>At\u00e2t FIV (virusul imunodeficien\u021bei feline), c\u00e2t \u0219i FIP pot cre\u0219te semnificativ riscurile pentru s\u0103n\u0103tatea pisicilor, deoarece exist\u0103 riscul unei infec\u021bii duble.<\/p>\n<p>Din p\u0103cate, acest lucru cre\u0219te riscul de complica\u021bii grave, cum ar fi insuficien\u021ba organic\u0103, pierderea \u00een greutate \u0219i chiar decesul. Din acest motiv, este important ca proprietarii de pisici s\u0103 \u00ee\u0219i testeze animalul dac\u0103 suspecteaz\u0103 una dintre boli.<\/p>\n<p>Principala problem\u0103 care apare \u00een cazul pisicilor cu FIV \u0219i FPV este sl\u0103birea substan\u021bial\u0103 a sistemului imunitar al animalului, ceea ce le face mai sensibile la boli sau infec\u021bii cauzate de bacterii sau viru\u0219i.<\/p>\n<p>Atunci c\u00e2nd pisicile sunt infectate de dou\u0103 boli \u00een acela\u0219i timp, simptomele pot fi exacerbate \u0219i op\u021biunile de tratament pot fi complicate. \u00cen unele cazuri, o pisic\u0103 poate prezenta semne ale unei singure afec\u021biuni la \u00eenceput &#8211; dar apoi s\u0103 le dezvolte pe am\u00e2ndou\u0103 \u00eempreun\u0103 din cauza imunit\u0103\u021bii sl\u0103bite \u00een timp &#8211; deci este esen\u021bial s\u0103 fi\u021bi aten\u021bi la semnele de avertizare timpurie, cum ar fi febra, oboseala \u0219i cre\u0219terea frecven\u021bei respiratorii.<\/p>\n<h2>S\u0103 ave\u021bi FIP \u00een timpul sarcinii<\/h2>\n<p>FIP \u00een timpul sarcinii este deosebit de \u00eengrijor\u0103toare pentru o pisic\u0103 \u0219i puii ei. FIP poate ap\u0103rea la un num\u0103r mic de pisici gestante, ceea ce duce la o rat\u0103 grav\u0103 de mortalitate at\u00e2t la mam\u0103, c\u00e2t \u0219i la litiera de pisoi nen\u0103scu\u021bi.<\/p>\n<p>Aceast\u0103 boal\u0103 progreseaz\u0103 rapid, \u0219ansele de recuperare fiind reduse, deoarece pisicile infectate cu acest virus sufer\u0103 de acumulare de lichid \u00een cavit\u0103\u021bile corpului, imobilitate intestinal\u0103, insuficien\u021b\u0103 renal\u0103, leziuni hepatice sau inflamarea altor organe.<\/p>\n<p>Pentru a \u00eenr\u0103ut\u0103\u021bi lucrurile, chiar dac\u0103 un f\u0103t este \u00eenc\u0103 \u00een via\u021b\u0103 \u00een ultimele etape ale sarcinii, atunci c\u00e2nd mama sa contracteaz\u0103 PIF, acesta poate muri din cauza lipsei de nutri\u021bie adecvat\u0103 cauzat\u0103 de starea sl\u0103bit\u0103 a mamei sale.<\/p>\n<p>Av\u00e2nd \u00een vedere c\u00e2t de critic\u0103 poate fi infec\u021bia cu FIP \u00een timpul sarcinii at\u00e2t pentru mam\u0103, c\u00e2t \u0219i pentru bebelu\u0219ii afecta\u021bi de aceasta, proprietarii ar trebui s\u0103 solicite rapid asisten\u021b\u0103 medical\u0103 dac\u0103 observ\u0103 orice simptom legat de aceast\u0103 boal\u0103 \u00een timp ce pisica lor este gestant\u0103.<\/p>\n","protected":false},"excerpt":{"rendered":"<p>De ce FIP apare adesea \u00eempreun\u0103 cu alte boli? Pisicile cu alte afec\u021biuni dec\u00e2t FIP sunt adesea pozitive \u00een mod \u00eent\u00e2mpl\u0103tor pentru anticorpii FCoV sau pentru virus. Iat\u0103 9 comorbidit\u0103\u021bi comune ale FIP. FIP poate fi un rezultat al sl\u0103birii sistemului imunitar din cauza unor afec\u021biuni preexistente, al muta\u021biei virusului sau al bolii ini\u021biale care [&hellip;]<\/p>\n","protected":false},"author":1,"featured_media":21881,"parent":0,"menu_order":0,"comment_status":"closed","ping_status":"closed","template":"","meta":{"_glsr_average":0,"_glsr_ranking":0,"_glsr_reviews":0,"footnotes":""},"categories":[749],"tags":[],"_links":{"self":[{"href":"https:\/\/fipmed.co\/ro\/wp-json\/wp\/v2\/pages\/21880"}],"collection":[{"href":"https:\/\/fipmed.co\/ro\/wp-json\/wp\/v2\/pages"}],"about":[{"href":"https:\/\/fipmed.co\/ro\/wp-json\/wp\/v2\/types\/page"}],"author":[{"embeddable":true,"href":"https:\/\/fipmed.co\/ro\/wp-json\/wp\/v2\/users\/1"}],"replies":[{"embeddable":true,"href":"https:\/\/fipmed.co\/ro\/wp-json\/wp\/v2\/comments?post=21880"}],"version-history":[{"count":0,"href":"https:\/\/fipmed.co\/ro\/wp-json\/wp\/v2\/pages\/21880\/revisions"}],"wp:featuredmedia":[{"embeddable":true,"href":"https:\/\/fipmed.co\/ro\/wp-json\/wp\/v2\/media\/21881"}],"wp:attachment":[{"href":"https:\/\/fipmed.co\/ro\/wp-json\/wp\/v2\/media?parent=21880"}],"wp:term":[{"taxonomy":"category","embeddable":true,"href":"https:\/\/fipmed.co\/ro\/wp-json\/wp\/v2\/categories?post=21880"},{"taxonomy":"post_tag","embeddable":true,"href":"https:\/\/fipmed.co\/ro\/wp-json\/wp\/v2\/tags?post=21880"}],"curies":[{"name":"wp","href":"https:\/\/api.w.org\/{rel}","templated":true}]}}