{"id":21892,"date":"2024-03-25T07:24:09","date_gmt":"2024-03-25T07:24:09","guid":{"rendered":"https:\/\/fipmed.co\/despre-fip-prevenirea-relapselor-cauze-si-tratament\/"},"modified":"2024-03-25T07:24:09","modified_gmt":"2024-03-25T07:24:09","slug":"despre-fip-prevenirea-relapselor-cauze-si-tratament","status":"publish","type":"page","link":"https:\/\/fipmed.co\/ro\/despre-fip-prevenirea-relapselor-cauze-si-tratament\/","title":{"rendered":"Totul despre recidiva FIP: Prevenire, cauze \u0219i tratament"},"content":{"rendered":"<p>&nbsp;<\/p>\n<h2>De ce apare o recidiv\u0103 FIP?<\/h2>\n<p>FIP este cauzat\u0103 de un virus, astfel \u00eenc\u00e2t boala poate r\u0103m\u00e2ne latent\u0103 (inactiv\u0103) \u00een sistemul unei pisici infectate pentru o anumit\u0103 perioad\u0103 de timp dup\u0103 tratamentul ini\u021bial. O recidiv\u0103 a FIP poate ap\u0103rea chiar \u0219i la luni sau s\u0103pt\u0103m\u00e2ni dup\u0103 terminarea tratamentului dac\u0103 virusul se reactiveaz\u0103.<\/p>\n<p>\u00cen plus, s-a constatat c\u0103 recidivele sunt mai frecvente la pisicile cu simptome neurologice de FIP comparativ cu alte forme ale bolii, ceea ce le face deosebit de vulnerabile la aceast\u0103 problem\u0103.<\/p>\n<p>Pentru cazurile bine stabilite care implic\u0103 infec\u021bii ale ochilor, creierului \u0219i coloanei vertebrale, poate fi necesar\u0103 o durat\u0103 minim\u0103 de tratament de 12 s\u0103pt\u0103m\u00e2ni pentru rezolvarea \u0219i recuperarea complet\u0103 \u00een urma PIF.<\/p>\n<h2>Cum se previne o recidiv\u0103 FIP la tratamentul cu GS441524?<\/h2>\n<h3>Nu utiliza\u021bi imunosupresoare<\/h3>\n<p>Imunosupresoarele sunt medicamente prescrise \u00een mod normal pentru a reduce leziunile provocate de inflama\u021bie atunci c\u00e2nd se trateaz\u0103 peritonita infec\u021bioas\u0103 felin\u0103 (FIP) \u00een perioada ini\u021bial\u0103.<\/p>\n<p>Medicamentele imunosupresoare pot interfera cu capacitatea organismului de a se recupera de la FIP, deoarece sl\u0103besc sistemele naturale de ap\u0103rare prin sc\u0103derea inflama\u021biei \u0219i suprimarea imunit\u0103\u021bii. Acest lucru poate duce la un risc crescut de recidiv\u0103 sau complica\u021bii suplimentare, cum ar fi infec\u021bia.<\/p>\n<h3>Continuarea tratamentului timp de cel pu\u021bin 84 de zile<\/h3>\n<p>Recomandarea de a trata pisicile cu recidiv\u0103 FIPGS441524 timp de 84 de zile este sus\u021binut\u0103 de cercet\u0103ri, care arat\u0103 c\u0103 aceasta cre\u0219te eficacitatea tratamentului. Din 393 de pacien\u021bi, 90% au ob\u021binut un tratament de succes atunci c\u00e2nd au administrat GS441524 timp de 12 s\u0103pt\u0103m\u00e2ni, iar 11,4% \u0219i-au prelungit tratamentul peste 84 de zile pentru a ob\u021bine rezultate \u0219i mai bune.<\/p>\n<p>Acest lucru \u00eent\u0103re\u0219te \u0219i mai mult importan\u021ba complet\u0103rii \u00eentregii doze recomandate pentru a optimiza ratele de succes.<\/p>\n<p>Subdozarea GS441524 cre\u0219te riscul de recidiv\u0103, precum \u0219i rezisten\u021ba la medicament, ceea ce poate duce \u00een cele din urm\u0103 la un tratament nereu\u0219it pentru companionul dumneavoastr\u0103 felin.<\/p>\n<h3>Asigurarea unei hidrat\u0103ri suficiente \u0219i a unui suport nutri\u021bional<\/h3>\n<p>Este esen\u021bial s\u0103 se asigure o hidratare adecvat\u0103 \u0219i suport nutri\u021bional \u00een timpul tratamentului recidivei PIF. Hidratarea este extrem de important\u0103 \u00een tratarea pisicilor cu FIP, deoarece ajut\u0103 la men\u021binerea func\u021biei normale a organelor \u0219i sus\u021bine r\u0103spunsul sistemului imunitar \u00eempotriva virusului.<\/p>\n<p>\u00cen plus, poate ajuta la reducerea unora dintre problemele de coagulare a s\u00e2ngelui asociate cu aceast\u0103 boal\u0103. \u00centre timp, nutri\u021bia adecvat\u0103 joac\u0103 un rol esen\u021bial \u00een sprijinirea vindec\u0103rii \u0219i recuper\u0103rii.<\/p>\n<p>Este necesar un aport adecvat de proteine pentru a \u00eent\u0103ri mu\u0219chii afecta\u021bi de infec\u021bie \u0219i pentru a restabili nivelul de energie pierdut din cauza st\u0103rii de sl\u0103biciune sau a efectelor secundare ale medicamentelor, \u00een timp ce anumite suplimente alimentare ar putea ajuta la cre\u0219terea imunit\u0103\u021bii pisicii \u00een lupta \u00eempotriva virusului.<\/p>\n<h2>Cum se trateaz\u0103 o recidiv\u0103 dac\u0103 apare?<\/h2>\n<h3>Cre\u0219te\u021bi doza de GS441524<\/h3>\n<p>Dac\u0103 apare o recidiv\u0103 dup\u0103 cursul tratamentului FIP la pisici, este necesar\u0103 cre\u0219terea dozei de GS441524 cu 50%. O doz\u0103 mai mare poate avea o eficacitate sporit\u0103 \u00een tratarea recidivelor FIP.<\/p>\n<p>Dac\u0103 pisica dumneavoastr\u0103 a dezvoltat o rezisten\u021b\u0103 ridicat\u0103 la GS441524, pute\u021bi combina tratamentul cu GC376. Cu toate acestea, atunci c\u00e2nd apar recidive, \u0219ansele de supravie\u021buire ale pisicii sunt de obicei reduse.<\/p>\n","protected":false},"excerpt":{"rendered":"<p>&nbsp; De ce apare o recidiv\u0103 FIP? FIP este cauzat\u0103 de un virus, astfel \u00eenc\u00e2t boala poate r\u0103m\u00e2ne latent\u0103 (inactiv\u0103) \u00een sistemul unei pisici infectate pentru o anumit\u0103 perioad\u0103 de timp dup\u0103 tratamentul ini\u021bial. O recidiv\u0103 a FIP poate ap\u0103rea chiar \u0219i la luni sau s\u0103pt\u0103m\u00e2ni dup\u0103 terminarea tratamentului dac\u0103 virusul se reactiveaz\u0103. \u00cen plus, [&hellip;]<\/p>\n","protected":false},"author":1,"featured_media":21893,"parent":0,"menu_order":0,"comment_status":"closed","ping_status":"closed","template":"","meta":{"_glsr_average":0,"_glsr_ranking":0,"_glsr_reviews":0,"footnotes":""},"categories":[749],"tags":[],"_links":{"self":[{"href":"https:\/\/fipmed.co\/ro\/wp-json\/wp\/v2\/pages\/21892"}],"collection":[{"href":"https:\/\/fipmed.co\/ro\/wp-json\/wp\/v2\/pages"}],"about":[{"href":"https:\/\/fipmed.co\/ro\/wp-json\/wp\/v2\/types\/page"}],"author":[{"embeddable":true,"href":"https:\/\/fipmed.co\/ro\/wp-json\/wp\/v2\/users\/1"}],"replies":[{"embeddable":true,"href":"https:\/\/fipmed.co\/ro\/wp-json\/wp\/v2\/comments?post=21892"}],"version-history":[{"count":0,"href":"https:\/\/fipmed.co\/ro\/wp-json\/wp\/v2\/pages\/21892\/revisions"}],"wp:featuredmedia":[{"embeddable":true,"href":"https:\/\/fipmed.co\/ro\/wp-json\/wp\/v2\/media\/21893"}],"wp:attachment":[{"href":"https:\/\/fipmed.co\/ro\/wp-json\/wp\/v2\/media?parent=21892"}],"wp:term":[{"taxonomy":"category","embeddable":true,"href":"https:\/\/fipmed.co\/ro\/wp-json\/wp\/v2\/categories?post=21892"},{"taxonomy":"post_tag","embeddable":true,"href":"https:\/\/fipmed.co\/ro\/wp-json\/wp\/v2\/tags?post=21892"}],"curies":[{"name":"wp","href":"https:\/\/api.w.org\/{rel}","templated":true}]}}