{"id":21900,"date":"2022-12-02T08:18:10","date_gmt":"2022-12-02T08:18:10","guid":{"rendered":"https:\/\/fipmed.co\/b12-vitaminele-pentru-pisicile-cu-fip-sunt-importante-pentru-recuperare\/"},"modified":"2022-12-02T08:18:10","modified_gmt":"2022-12-02T08:18:10","slug":"b12-vitaminele-pentru-pisicile-cu-fip-sunt-importante-pentru-recuperare","status":"publish","type":"page","link":"https:\/\/fipmed.co\/ro\/b12-vitaminele-pentru-pisicile-cu-fip-sunt-importante-pentru-recuperare\/","title":{"rendered":"Vitaminele B12 pentru pisicile cu FIP sunt importante pentru recuperare"},"content":{"rendered":"<p>Atunci c\u00e2nd ave\u021bi grij\u0103 de o pisic\u0103 bolnav\u0103 de peritonit\u0103 infec\u021bioas\u0103 felin\u0103 (FIP), men\u021binerea unei \u00eengrijiri adecvate a s\u0103n\u0103t\u0103\u021bii sale este un factor foarte important. Acest lucru se extinde la vitaminele pentru pisici, iar una important\u0103 pe care o au \u0219i pisicile este vitamina B12. \u00cen acest articol, vom explica importan\u021ba vitaminei B12 pentru pisici.<\/p>\n<h2><strong>Ce este B12?<\/strong><\/h2>\n<p>Cobalamina este un alt termen pentru vitamina B12, care este numele colectiv pentru o clas\u0103 de substan\u021be cu ac\u021biune de vitamina B12. Aceste substan\u021be se remarc\u0103 prin concentra\u021bia de cobalt de 4,5%, ceea ce le d\u0103 denumirea de &#8222;cobalamin\u0103&#8221; (cobalt + vitamin\u0103).<\/p>\n<h2><strong>De unde provine?<\/strong><\/h2>\n<p>Alimentele de origine animal\u0103, cum ar fi carnea, pe\u0219tele, ou\u0103le \u0219i ficatul, sunt surse de B12. Cu toate acestea, o <a href=\"\/?page_id=893\">pisic\u0103 cu FIP are probabil nevoie de suplimente<\/a>.<\/p>\n<h2><strong>Ce face B12?<\/strong><\/h2>\n<p>B12 \u00eendepline\u0219te o serie de func\u021bii, toate fiind esen\u021biale pentru un sistem imunitar puternic:<\/p>\n<ul>\n<li>B12 \u00eencurajeaz\u0103 produc\u021bia de globule ro\u0219ii (dezvoltarea \u0219i men\u021binerea globulelor ro\u0219ii). Pentru a opri anemia, nivelurile de B12 trebuie s\u0103 fie adecvate.<\/li>\n<li>B12 men\u021bine s\u0103n\u0103tatea sistemului nervos (celulele nervoase \u0219i mielinizarea normal\u0103 &#8211; \u00eenveli\u0219urile grase care acoper\u0103 \u0219i protejeaz\u0103 termina\u021biile nervoase). Pentru procesele nervoase \u0219i cognitive, aceasta este crucial\u0103.<\/li>\n<li>B12 men\u021bine s\u0103n\u0103tatea intestinelor pentru a asigura digestia \u0219i absorb\u021bia adecvat\u0103 a alimentelor, precum \u0219i metabolismul gr\u0103similor \u0219i carbohidra\u021bilor. Intestinele au nevoie de B12 pentru a func\u021biona la cel mai bun nivel, dar nu o pot absorbi (din alimente) dac\u0103 sunt deteriorate sau bolnave, astfel \u00eenc\u00e2t se creeaz\u0103 un fel de catch-22.<\/li>\n<\/ul>\n<h2><strong>Care sunt semnele deficien\u021bei de B12?<\/strong><\/h2>\n<p>Simptomele clinice ale unei deficien\u021be de B12 includ diaree, disconfort abdominal, grea\u021b\u0103, v\u0103rs\u0103turi, pierderea poftei de m\u00e2ncare, sindrom de malabsorb\u021bie, constipa\u021bie, gaze, pierdere \u00een greutate, epuizare \u0219i letargie. Unele dintre simptomele enumerate aici sunt efecte secundare destul de frecvente ale FIP \u0219i sunt foarte bine cunoscute. S\u0103n\u0103tatea pisicii dumneavoastr\u0103 poate fi \u00eembun\u0103t\u0103\u021bit\u0103 dac\u0103 aceasta consum\u0103 suficient\u0103 B12.<\/p>\n<p>\u00cen plus, tulbur\u0103rile cognitive \u0219i sl\u0103biciunea membrelor sunt legate de insuficien\u021ba B12. Din nou, atunci c\u00e2nd FIP afecteaz\u0103 sistemul neurologic, sunt observate de obicei simptome similare.<\/p>\n<ol>\n<li><strong>Ciclul de epuizare.<\/strong><\/li>\n<\/ol>\n<p>Tractul GI (gastrointestinal) este unul dintre numeroasele procese ale organismului care este afectat de boala inflamatorie FIP. Pancreasul, splina \u0219i ficatul sunt frecvent afectate. Rezervele de B12 ale ficatului vor fi rapid epuizate dac\u0103 sistemul imunitar este compromis. Un ciclu de deteriorare a deficien\u021bei de B12 rezult\u0103 din deficitul de B12 \u00een ficat, care provoac\u0103, de asemenea, contrac\u021bia celulelor intestinale \u0219i pierderea de nutrien\u021bi (inclusiv B12). Aceasta este dilema pe care am abordat-o anterior \u00een articol.<\/p>\n<ol start=\"2\">\n<li><strong>Riscul iminent de anemie.<\/strong><\/li>\n<\/ol>\n<p>Produc\u021bia de globule ro\u0219ii a pisicii dumneavoastr\u0103 este \u00eempiedicat\u0103, ceea ce provoac\u0103 anemie. Lipsa de B12 inhib\u0103 \u0219i reduce capacitatea organismului de a produce s\u00e2nge \u0219i cre\u0219te apoptoza celulelor sanguine. Cu alte cuvinte, pisica dumneavoastr\u0103 devine anemic\u0103 atunci c\u00e2nd nivelul de B12 scade vertiginos. Capacitatea pisicii dvs. de a rezista la boal\u0103 (sau la orice altceva) scade semnificativ odat\u0103 ce devine anemic\u0103.<\/p>\n<ol start=\"3\">\n<li><strong>Sl\u0103birea suplimentar\u0103 a rezisten\u021bei imunitare \u00eempotriva FIP.<\/strong><\/li>\n<\/ol>\n<p>Este esen\u021bial s\u0103 subliniem faptul c\u0103 nivelurile sc\u0103zute de vitamina B12 \u00eei fac pe oameni mai sensibili la infec\u021bii \u0219i boli \u0219i sunt extrem de nocive pentru sistemul nervos, ceea ce poate duce la probleme neurologice \u0219i leziuni nervoase grave \u0219i poate ireversibile. \u00cen realitate, deficitul de cobalamin\u0103 este o cauz\u0103 frecvent\u0103 a encefalopatiei metabolice, unul dintre mai multe tipuri de encefalopatie legate de o boal\u0103 primar\u0103 (cum ar fi FIP) care afecteaz\u0103 procesele barierei hematoencefalice \u0219i func\u021bionarea normal\u0103 a creierului. Letargia, triste\u021bea, ataxia, anorexia \u0219i v\u0103rs\u0103turile ocazionale sunt c\u00e2teva dintre indica\u021biile clinice vagi care, \u00een situa\u021bii grave, pot provoca boli neurologice \u0219i orbire la pisici.<\/p>\n<p>Este cunoscut faptul c\u0103 pisicile cu FIP au frecvent anemie sau sunt pe punctul de a avea anemie, iar unele prezint\u0103 simptome neurologice ale afec\u021biunii. O alt\u0103 component\u0103 a problemei catch-22 este c\u0103 pisica dvs. poate fi mai pu\u021bin capabil\u0103 s\u0103 stocheze cantit\u0103\u021bi suficiente de B12 ca urmare a FIP, ceea ce ar putea agrava simptomele afec\u021biunii. Dac\u0103 nu opri\u021bi acest ciclu \u0219i nu ad\u0103uga\u021bi vitaminele esen\u021biale, nu exist\u0103 nicio cale de a c\u00e2\u0219tiga.<\/p>\n<h2><strong>Modalit\u0103\u021bi prin care pisica poate ob\u021bine artificial B12<\/strong><\/h2>\n<p><strong>Injec\u021bii cu B12.<\/strong><\/p>\n<p>\u00cen majoritatea \u021b\u0103rilor, cobalamina este u\u0219or accesibil\u0103 f\u0103r\u0103 prescrip\u021bie medical\u0103. Pentru pisicile cu o greutate corporal\u0103 de p\u00e2n\u0103 la 5 kg, se recomand\u0103 o injec\u021bie subcutanat\u0103 de 250 g de cobalamin\u0103. Recomand\u0103m injec\u021bii s\u0103pt\u0103m\u00e2nale pentru pisicile cu FIP p\u00e2n\u0103 c\u00e2nd anemia dispare \u0219i valorile RBC se stabilizeaz\u0103. \u00cen plus, B12 poate fi administrat\u0103 prin tratament cu lichid subcutanat. Pisica dumneavoastr\u0103 poate g\u0103si aceast\u0103 procedur\u0103 mai confortabil\u0103, deoarece injec\u021biile cu B12 dor!<\/p>\n<p><strong>Suplimente orale B12.<\/strong><\/p>\n<p>Metilcobalamina trebuie administrat\u0103 deoarece \u00eembun\u0103t\u0103\u021be\u0219te semnificativ performan\u021ba ficatului. Pisicile pot lua suplimente B12 care sunt comercializate pentru oameni. 500mcg (0,5mg) pe zi ar fi o doz\u0103 ini\u021bial\u0103 excelent\u0103, \u00eens\u0103 pute\u021bi dubla aceast\u0103 cantitate. De\u0219i poate p\u0103rea mare, doar o mic\u0103 parte este de fapt absorbit\u0103. G\u00e2ndi\u021bi-v\u0103 s\u0103 lua\u021bi un supliment multivitaminic conceput pentru pisici care s\u0103 con\u021bin\u0103 \u0219i fier (pentru anemie).<\/p>\n<p><strong>Nutri\u021bie.<\/strong><\/p>\n<p>Nu subestima\u021bi sursele naturale de B12; dac\u0103 pute\u021bi, da\u021bi-i pisicii aproximativ o lingur\u0103 de carne proasp\u0103t\u0103, ficat sau pe\u0219te \u00een fiecare zi. Gust\u0103rile ar putea fi savurate chiar \u0219i de pisica dvs., iar o cantitate mic\u0103 este suficient\u0103.<\/p>\n<h2><strong>Beneficiile vitaminei B12: vitamine pentru pisici<\/strong><\/h2>\n<p>B12 contribuie la formarea globulelor ro\u0219ii (dezvoltarea \u0219i men\u021binerea globulelor ro\u0219ii).<\/p>\n<p>Pentru a opri anemia, nivelurile de B12 trebuie s\u0103 fie adecvate.<\/p>\n<p>B12 men\u021bine s\u0103n\u0103tatea sistemului neurologic (celulele nervoase \u0219i mielinizarea normal\u0103 &#8211; \u00eenveli\u0219urile grase care acoper\u0103 \u0219i protejeaz\u0103 termina\u021biile nervoase).<\/p>\n<p>Pentru procesele nervoase \u0219i cognitive, acesta este crucial.<\/p>\n<p>B12 favorizeaz\u0103 s\u0103n\u0103tatea intestinului pentru \u00eembun\u0103t\u0103\u021birea digestiei \u0219i absorb\u021biei alimentelor, precum \u0219i a metabolismului gr\u0103similor \u0219i carbohidra\u021bilor.<\/p>\n<h2><strong>10 semne ale deficien\u021bei de B12<\/strong><\/h2>\n<ol>\n<li>Grea\u021b\u0103<\/li>\n<li>V\u0103rs\u0103turi<\/li>\n<li>Lipsa poftei de m\u00e2ncare<\/li>\n<li>Probleme cu absorb\u021bia alimentelor<\/li>\n<li>Constipa\u021bie<\/li>\n<li>Gaz<\/li>\n<li>Pierderea \u00een greutate<\/li>\n<li>Oboseal\u0103\/ Letargie<\/li>\n<li>Dureri de stomac<\/li>\n<li>diaree<\/li>\n<\/ol>\n<h2><strong>Dozajul de vitamine pentru pisici B12 \u00een timpul tratamentului FIP<\/strong><\/h2>\n<p>\u00cen fiecare s\u0103pt\u0103m\u00e2n\u0103, p\u00e2n\u0103 la 250-500 micrograme (mcg) pentru pisicile mature care nu sunt anemice.<\/p>\n<p>Pentru doza corect\u0103 pentru pisoi, v\u0103 rug\u0103m s\u0103 consulta\u021bi medicul veterinar.<\/p>\n<p>Poate fi necesar s\u0103 se administreze pisicilor cu anemie sever\u0103 p\u00e2n\u0103 la 1000 mcg \u00een fiecare s\u0103pt\u0103m\u00e2n\u0103. GS-441524 cu vitamina B12 singur\u0103 ar putea s\u0103 nu fie adecvat\u0103 \u00een cazurile de anemie sever\u0103. Ar putea fi esen\u021bial s\u0103 se administreze injec\u021bii s\u0103pt\u0103m\u00e2nale suplimentare cu B12. Discuta\u021bi cu medicul dumneavoastr\u0103 veterinar.<\/p>\n<h2><strong>Calcularea dozei la utilizarea GS-441524 + B12<\/strong><\/h2>\n<p>Cu sau f\u0103r\u0103 vitamina B12, doza pentru GS-441524 este aceea\u0219i.<\/p>\n<p><strong>Exemplu: O pisic\u0103 de 3 kg care a fost diagnosticat\u0103 cu <a href=\"\/?page_id=897\">forma WET<\/a> a FIP.  <\/strong><\/p>\n<p>Doza pentru FIP \u00een forma sa umed\u0103 este de 6 mg\/kg. Injectarea zilnic\u0103 a 0,9 ml de GS-441524 este egal\u0103 cu 3 kg x 6 mg\/kg 20 mg\/ml. Doza zilnic\u0103 recomandat\u0103 de vitamina B12 este de 45mcg (0,9ml x 50mcg\/ml). Aceast\u0103 pisic\u0103 va primi 315 mcg de vitamina B12 \u00een fiecare s\u0103pt\u0103m\u00e2n\u0103.<\/p>\n<h2><strong>De ce pisicile cu FIP au nevoie de vitamina B12  <\/strong><\/h2>\n<p><strong>Risc ridicat de anemie.<\/strong><\/p>\n<p>\u00cen timpul unei boli de FIP, pisicile dezvolt\u0103 frecvent anemie. O deficien\u021b\u0103 de B12 accelereaz\u0103 deteriorarea celulelor sanguine \u0219i limiteaz\u0103 capacitatea natural\u0103 a organismului de a crea s\u00e2nge nou. Pisicile care au niveluri sc\u0103zute de B12 devin anemice. Capacitatea pisicilor de a rezista la virusul FIP \u0219i la alte infec\u021bii este semnificativ redus\u0103 odat\u0103 ce acestea devin anemice.<\/p>\n<p><strong>Sl\u0103birea sistemului imunitar.<\/strong><\/p>\n<p>Nivelurile inadecvate de B12 cresc vulnerabilitatea organismului la infec\u021bii \u0219i boli \u0219i sunt deosebit de d\u0103un\u0103toare pentru sistemul nervos al pisicilor. Acest lucru face ca simptomele neurologice s\u0103 se manifeste mai rapid \u0219i poate duce la leziuni nervoase grave sau ireparabile. O boal\u0103 primar\u0103 (precum PIF) care interfereaz\u0103 cu func\u021bionarea normal\u0103 a creierului \u0219i cu sistemele de barier\u0103 hematoencefalic\u0103 este o cauz\u0103 frecvent\u0103 a encefalopatiei, care include encefalopatia metabolic\u0103, unul dintre mai multe tipuri de encefalopatie. Deficitul de B12 este o cauz\u0103 major\u0103 a acestei encefalopatii. Letargia, triste\u021bea, ataxia, anorexia \u0219i v\u0103rs\u0103turile ocazionale sunt c\u00e2teva dintre indica\u021biile clinice vagi care, \u00een situa\u021bii grave, pot provoca boli neurologice \u0219i orbire la pisici.<\/p>\n<p>Este bine documentat faptul c\u0103 pisicile infectate cu FIPV prezint\u0103 frecvent anemie sau simptome asem\u0103n\u0103toare anemiei. Mul\u021bi oameni au semne neurologice. Acesta este un exemplu de bucl\u0103 clasic\u0103 de feedback negativ: Infec\u021bia FIP se dezvolt\u0103 mai rapid atunci c\u00e2nd nivelurile de B12 sunt inadecvate. FIP face ca pisicilor s\u0103 le fie mai greu s\u0103 men\u021bin\u0103 suficient\u0103 B12 \u00een organism.<\/p>\n<p><strong>epuizarea rapid\u0103 a nutrien\u021bilor<\/strong><\/p>\n<p>Deoarece FIP este o afec\u021biune inflamatorie, aceasta poate afecta ficatul, tractul gastrointestinal, pancreasul \u0219i splina atunci c\u00e2nd o pisic\u0103 este diagnosticat\u0103 cu FIP. Ficatul \u00ee\u0219i consum\u0103 rapid rezervele de B12 atunci c\u00e2nd sistemul imunitar este compromis. Atunci c\u00e2nd nivelurile de B12 din ficat sunt sc\u0103zute, celulele intestinale se vor mic\u0219ora \u0219i organismul va avea probleme \u00een a absorbi nutri\u021bia. Acest lucru va declan\u0219a o bucl\u0103 care va agrava deficitul de B12.<\/p>\n<h2><strong>\u00ceNTREB\u0102RI FRECVENTE<\/strong><\/h2>\n<p><strong>Cum poate B12 s\u0103 \u00eembun\u0103t\u0103\u021beasc\u0103 bun\u0103starea general\u0103 a pisicii mele?<\/strong><\/p>\n<p>Testele hematologice, chimice \u0219i\/sau de s\u00e2nge pot fi utilizate pentru a evalua evolu\u021bia st\u0103rii de s\u0103n\u0103tate a pisicii dumneavoastr\u0103. Cu toate acestea, ar trebui s\u0103 observa\u021bi modific\u0103ri ale comportamentului de rutin\u0103 al pisicii dvs., cum ar fi mai mult\u0103 vigoare, mai pu\u021bine tendin\u021be letargice \u0219i mai mult\u0103 foame. Este esen\u021bial s\u0103 \u021bine\u021bi cont de faptul c\u0103 pisicile nu pot \u00een\u021belege boala lor sau motivele acesteia. Ei sunt con\u0219tien\u021bi doar de un sentiment generalizat de a fi bolnavi. Regimul lor de tratament poate beneficia de utilizarea B12 pentru a le reduce suferin\u021ba \u0219i a le \u00eembun\u0103t\u0103\u021bi calitatea vie\u021bii.<\/p>\n<p><strong>Poate B12 s\u0103 ajute la vindecarea FIP?<\/strong><\/p>\n<p>Nu. Nu exist\u0103. B12 NU este un <a href=\"https:\/\/fipmed.co\/\">tratament pentru FIP<\/a>. Dar ajut\u0103 sistemul imunitar al pisicii tale s\u0103 \u00eendeplineasc\u0103 sarcini vitale. Ave\u021bi nevoie de toat\u0103 asisten\u021ba pe care o pute\u021bi ob\u021bine dac\u0103 dori\u021bi s\u0103 oferi\u021bi pisicii dvs. o \u0219ans\u0103 de a lupta \u00eempotriva virusului. Dac\u0103 nu lua\u021bi toate m\u0103surile de precau\u021bie pentru a v\u0103 cre\u0219te \u0219ansele de succes, nu v\u0103 pute\u021bi a\u0219tepta s\u0103 v\u0103 atinge\u021bi obiectivele cu tratamentul primar.<\/p>\n<p>\u00cen concluzie, gestionarea FIP implic\u0103 mai mult dec\u00e2t furnizarea unui tratament primar, cum ar fi PI, FOI etc. \u00cen calitate de tutore al pisicii, este responsabilitatea dumneavoastr\u0103 s\u0103 men\u021bine\u021bi \u0219i s\u0103 \u00eembun\u0103t\u0103\u021bi\u021bi sistemul imunitar pentru a oferi pisicii cele mai bune \u0219anse de supravie\u021buire. Nu este o sarcin\u0103 u\u0219oar\u0103, av\u00e2nd \u00een vedere dimensiunea \u0219i gravitatea FIP. Tot ce putem face noi, proprietarii, este s\u0103 folosim toate armele pe care le avem la dispozi\u021bie pentru a lupta c\u00e2t de mult \u0219i de tare putem. \u00cen acest conflict, fiecare avantaj conteaz\u0103, iar B12 este o arm\u0103 crucial\u0103. Nu se \u0219tie niciodat\u0103 ce ac\u021biune aparent nesemnificativ\u0103, dar \u00een cele din urm\u0103 important\u0103, ar putea face \u00een cele din urm\u0103 o diferen\u021b\u0103 substan\u021bial\u0103. Ofer\u0103-i pisicii tale \u0219ansa de a reu\u0219i.<\/p>\n<p><strong>De ce ar putea o pisic\u0103 s\u0103 aib\u0103 nevoie de o injec\u021bie cu B12?<\/strong><\/p>\n<p>Vitamina B12 este ingerat\u0103 \u00een mod natural de pisici prin intermediul hranei. Din p\u0103cate, mul\u021bi pisoi au probleme cu absorb\u021bia corect\u0103 a nutrien\u021bilor de c\u0103tre intestin \u0219i pot deveni rapid deficitari \u00een B12. Din acest motiv, pisicile nu pot beneficia de suplimente orale; \u00een schimb, o vitamin\u0103 injectabil\u0103 va fi o modalitate mai fiabil\u0103 de a garanta acest lucru.<\/p>\n<p>O injec\u021bie cu vitamina B12 poate fi benefic\u0103 pentru pisoii cu afec\u021biunile enumerate mai jos, ca o component\u0103 a regimului lor de \u00eengrijire de sus\u021binere:<\/p>\n<ul>\n<li>Disconfort abdominal<\/li>\n<li>Malabsorb\u021bie<\/li>\n<li>Inapeten\u021b\u0103<\/li>\n<li>diaree<\/li>\n<li>Constipa\u021bie<\/li>\n<li>Stare letargic\u0103<\/li>\n<li>Pierderea \u00een greutate<\/li>\n<li>V\u0103rs\u0103turi<\/li>\n<li>Anemie<\/li>\n<li>FIP<\/li>\n<li>Panleucopenie<\/li>\n<\/ul>\n<p>De\u0219i B12 nu poate rezolva singur\u0103 aceste probleme, ea poate ajuta la men\u021binerea sistemului imunologic \u0219i digestiv al pisoiului \u00een timpul tratamentului \u0219i recuper\u0103rii.<\/p>\n<p><strong>Consumabile necesare<\/strong><\/p>\n<ul>\n<li>B12 injectabil\u0103 furnizat\u0103 de medicul veterinar<\/li>\n<li>Sering\u0103 Sterilez 1cc<\/li>\n<li>ace de 25 g<\/li>\n<li>Dispenser pentru obiecte ascu\u021bite<\/li>\n<\/ul>\n<p>Chiar dac\u0103 B12 nu ajut\u0103 \u00een mod direct o pisic\u0103 s\u0103 se vindece de FIP, poate ajuta prin sus\u021binerea sistemului imunitar al pisicii \u0219i poate ajuta \u00een mod indirect o pisic\u0103 s\u0103 se recupereze din starea de boal\u0103. Prin urmare, mai mul\u021bi proprietari de pisici ar trebui s\u0103 \u0219tie despre acest lucru \u0219i s\u0103 le administreze frecvent B12 pisicilor lor pentru a le \u00eembun\u0103t\u0103\u021bi starea, fie c\u0103 sunt s\u0103n\u0103toase sau bolnave.<\/p>\n","protected":false},"excerpt":{"rendered":"<p>Atunci c\u00e2nd ave\u021bi grij\u0103 de o pisic\u0103 bolnav\u0103 de peritonit\u0103 infec\u021bioas\u0103 felin\u0103 (FIP), men\u021binerea unei \u00eengrijiri adecvate a s\u0103n\u0103t\u0103\u021bii sale este un factor foarte important. Acest lucru se extinde la vitaminele pentru pisici, iar una important\u0103 pe care o au \u0219i pisicile este vitamina B12. \u00cen acest articol, vom explica importan\u021ba vitaminei B12 pentru pisici. [&hellip;]<\/p>\n","protected":false},"author":11,"featured_media":21901,"parent":0,"menu_order":0,"comment_status":"closed","ping_status":"closed","template":"","meta":{"_glsr_average":0,"_glsr_ranking":0,"_glsr_reviews":0,"footnotes":""},"categories":[725],"tags":[734,775,773,774,772],"_links":{"self":[{"href":"https:\/\/fipmed.co\/ro\/wp-json\/wp\/v2\/pages\/21900"}],"collection":[{"href":"https:\/\/fipmed.co\/ro\/wp-json\/wp\/v2\/pages"}],"about":[{"href":"https:\/\/fipmed.co\/ro\/wp-json\/wp\/v2\/types\/page"}],"author":[{"embeddable":true,"href":"https:\/\/fipmed.co\/ro\/wp-json\/wp\/v2\/users\/11"}],"replies":[{"embeddable":true,"href":"https:\/\/fipmed.co\/ro\/wp-json\/wp\/v2\/comments?post=21900"}],"version-history":[{"count":0,"href":"https:\/\/fipmed.co\/ro\/wp-json\/wp\/v2\/pages\/21900\/revisions"}],"wp:featuredmedia":[{"embeddable":true,"href":"https:\/\/fipmed.co\/ro\/wp-json\/wp\/v2\/media\/21901"}],"wp:attachment":[{"href":"https:\/\/fipmed.co\/ro\/wp-json\/wp\/v2\/media?parent=21900"}],"wp:term":[{"taxonomy":"category","embeddable":true,"href":"https:\/\/fipmed.co\/ro\/wp-json\/wp\/v2\/categories?post=21900"},{"taxonomy":"post_tag","embeddable":true,"href":"https:\/\/fipmed.co\/ro\/wp-json\/wp\/v2\/tags?post=21900"}],"curies":[{"name":"wp","href":"https:\/\/api.w.org\/{rel}","templated":true}]}}