{"id":21909,"date":"2022-12-02T07:59:53","date_gmt":"2022-12-02T07:59:53","guid":{"rendered":"https:\/\/fipmed.co\/pisica-fip-10-ce-trebuie-sa-faci-odata-ce-felina-ta-a-fost-diagnosticata-ca-fiind-o-pisica-fip\/"},"modified":"2022-12-02T07:59:53","modified_gmt":"2022-12-02T07:59:53","slug":"pisica-fip-10-ce-trebuie-sa-faci-odata-ce-felina-ta-a-fost-diagnosticata-ca-fiind-o-pisica-fip","status":"publish","type":"page","link":"https:\/\/fipmed.co\/ro\/pisica-fip-10-ce-trebuie-sa-faci-odata-ce-felina-ta-a-fost-diagnosticata-ca-fiind-o-pisica-fip\/","title":{"rendered":"FIP la pisici: 10 lucruri pe care trebuie s\u0103 le face\u021bi imediat ce felina dvs. este diagnosticat\u0103 ca fiind o pisic\u0103 FIP"},"content":{"rendered":"<p>Poate fi enervant dac\u0103 tocmai a\u021bi aflat c\u0103 pisica dumneavoastr\u0103 are FIP. Dac\u0103 sunte\u021bi a\u0219a, v\u0103 \u00een\u021belegem, dar suntem aici s\u0103 v\u0103 ajut\u0103m. Dac\u0103 pisica dumneavoastr\u0103 a fost diagnosticat\u0103 cu FIP la pisici, iat\u0103 10 lucruri pe care le pute\u021bi face.<\/p>\n<h2>1. C\u0103uta\u021bi consultan\u021b\u0103 veterinar\u0103 de specialitate pentru pisica FIP<\/h2>\n<p>Pentru proprietarii de pisici, diagnosticul de FIP poate fi o perspectiv\u0103 \u00eensp\u0103im\u00e2nt\u0103toare. De\u0219i aceast\u0103 afec\u021biune este complex\u0103 \u0219i sever\u0103, interven\u021bia \u00een timp util \u0219i \u00eengrijirea de specialitate pot face diferen\u021ba \u00een ceea ce prive\u0219te bun\u0103starea animalului dumneavoastr\u0103 iubit.<\/p>\n<p>Medicul veterinar v\u0103 va putea spune cum s\u0103 v\u0103 asigura\u021bi c\u0103 pisica dumneavoastr\u0103 are cele mai bune \u0219anse de supravie\u021buire. Chiar \u0219i cu un tratament adecvat, exist\u0103 multe lucruri pe care le pute\u021bi face pentru a \u00eembun\u0103t\u0103\u021bi \u0219ansele de supravie\u021buire ale pisicii dumneavoastr\u0103.<\/p>\n<p>Unele pisici vor fi bine acas\u0103 cu dvs., \u00een timp ce cazurile mai grave ar putea necesita spitalizarea pentru o \u00eengrijire medical\u0103 mai bun\u0103.<\/p>\n<h2>2. \u00cencepe\u021bi tratamentul cu GS441524<\/h2>\n<p>Tratarea peritonitei infec\u021bioase feline (FIP) cu GS441524 este primul pas \u00een a ajuta pisicile s\u0103 supravie\u021buiasc\u0103. GS441524, este un <a href=\"\/de?page_id=887\" target=\"_blank\" rel=\"noopener\">tratament<\/a> antiviral oral <a href=\"\/de?page_id=887\" target=\"_blank\" rel=\"noopener\">pentru FIP<\/a> care s-a dovedit a fi extrem de eficient \u0219i extrem de sigur pentru pisicile care se lupt\u0103 cu aceast\u0103 afec\u021biune grav\u0103.<\/p>\n<p>Atunci c\u00e2nd este \u00eenceput prompt \u0219i urm\u00e2nd instruc\u021biunile medicului, <a href=\"\/de?page_id=6163\" target=\"_blank\" rel=\"noopener\">GS 441524<\/a> se poate dovedi salvator; studiile arat\u0103 o rat\u0103 de succes de 90%.<\/p>\n<p>Efectele adverse poten\u021biale sunt relativ reduse, dar includ modific\u0103ri ale apetitului, preferin\u021belor alimentare \u0219i comportamentului, precum \u0219i episoade temporare de diaree sau v\u0103rs\u0103turi \u00een primele zile de administrare &#8211; toate u\u0219or de gestionat sub supravegherea atent\u0103 a unui medic veterinar.<\/p>\n<p>Prioritizarea tratamentului cu corticosteroizi autoinjectabili ar trebui s\u0103 \u00eenso\u021beasc\u0103 \u00eenceperea cursului de terapie oral\u0103 pe termen lung \u00een cazurile severe, men\u021bin\u00e2nd \u00een acela\u0219i timp un sprijin simptomatic optim, cum ar fi furnizarea de sprijin nutri\u021bional \u0219i protocoale de igien\u0103 atent\u0103 pe tot parcursul va ajuta semnificativ la recuperarea pisicii dumneavoastr\u0103.<\/p>\n<h2>3. Gestionarea simptomelor \u0219i ameliorarea durerii cauzate de FIP la pisici<\/h2>\n<p>Atunci c\u00e2nd o felin\u0103 a fost diagnosticat\u0103 cu FIP, este important s\u0103 lua\u021bi m\u0103suri imediate de gestionare a simptomelor \u0219i de ameliorare a durerii. FIP este o boal\u0103 complex\u0103 care poate provoca disconfort pisicilor, prin urmare gestionarea simptomelor pentru gestionarea afec\u021biunii cronice este esen\u021bial\u0103.<\/p>\n<p>Folosirea analgezicelor este uneori necesar\u0103 dac\u0103 pisica dumneavoastr\u0103 pare s\u0103 se simt\u0103 inconfortabil \u0219i s\u0103 aib\u0103 dureri. Antibioticele pot ajuta \u0219i ele \u00een cazul unor infec\u021bii bacteriene care ar putea fi cauzate de boala FIP. \u00cen unele cazuri, c\u00e2nd <a href=\"\/de?page_id=903\" target=\"_blank\" rel=\"noopener\">pisica are o FIP avansat\u0103<\/a>, ar putea fi nevoie de steroizi pentru a reduce inflama\u021bia la \u00eenceput. Cu toate acestea, steroizii trebuie opri\u021bi imediat ce pisica s-a stabilizat, deoarece interfereaz\u0103 cu tratamentul antiviral pentru FIP.<\/p>\n<h2>4. Hidratarea cu fluide subcutanate<\/h2>\n<p>Peritonita infec\u021bioas\u0103 felin\u0103 (FIP) este o afec\u021biune grav\u0103 \u0219i adesea fatal\u0103. Ca parte a planului de tratament, administrarea subcutanat\u0103 de lichide poate fi recomandat\u0103 pentru a ajuta la gestionarea st\u0103rii unei pisici FIP.<\/p>\n<p>Aceasta implic\u0103 furnizarea de lichide sub piele pentru absorb\u021bia lent\u0103 \u00een fluxul sanguin \u0219i \u00een organism pentru a asigura niveluri adecvate de hidratare \u0219i pentru a \u00eembun\u0103t\u0103\u021bi starea general\u0103 de s\u0103n\u0103tate. Terapia cu fluide la domiciliu poate fi benefic\u0103, deoarece ajut\u0103 pisicile cu afec\u021biuni medicale care necesit\u0103 lichide suplimentare &#8211; cum ar fi pisica FIP &#8211; s\u0103 r\u0103m\u00e2n\u0103 hidratate f\u0103r\u0103 a fi nevoite s\u0103 mearg\u0103 frecvent la veterinar pentru tratamente intravenoase.<\/p>\n<p>Administrarea lichidelor subcutanate (SQF) trebuie s\u0103 se fac\u0103 \u00een mod continuu; cu toate acestea, exist\u0103 unele orient\u0103ri cu privire la frecven\u021ba cu care acestea ar trebui s\u0103 aib\u0103 loc. Majoritatea pisicilor au nevoie de SQF de rutin\u0103 de la o dat\u0103 pe s\u0103pt\u0103m\u00e2n\u0103 p\u00e2n\u0103 la zilnic, \u00een func\u021bie de starea general\u0103 de s\u0103n\u0103tate, de nivelul actual de deshidratare \u0219i de al\u021bi factori stabili\u021bi de medicul veterinar sau de echipa medical\u0103 veterinar\u0103.<\/p>\n<p>Pentru a stabili dac\u0103 sunt sau nu necesare SQF-uri \u0219i c\u00e2t de des ar trebui s\u0103 aib\u0103 loc, discuta\u021bi aceast\u0103 problem\u0103 direct cu medicul veterinar pentru a primi \u00eendrum\u0103ri adecvate \u00eenainte de a \u00eencepe sesiunile de tratament la domiciliu.<\/p>\n<p>Dac\u0103 se efectueaz\u0103 \u00een mod corespunz\u0103tor, folosind ace \u0219i echipamente sterile, conform indica\u021biilor medicului veterinar, administrarea SQF la domiciliu poate oferi o u\u0219urare foarte necesar\u0103, evit\u00e2nd \u00een acela\u0219i timp stresul inutil \u00een timpul controalelor regulate la cabinetul veterinar din cauza unor boli ocazionale precum <a href=\"\/de?page_id=6094\" target=\"_blank\" rel=\"noopener\">FIP la pisici<\/a> \u0219i pisoi.<\/p>\n<p>&nbsp;<\/p>\n<h2>5. Suport nutri\u021bional pentru FIP la pisici<\/h2>\n<p><a href=\"\/de?page_id=893\" target=\"_blank\" rel=\"noopener\">Suportul nutri\u021bional<\/a> este o parte esen\u021bial\u0103 a gestion\u0103rii FIP la pisici. Nutrien\u021bii joac\u0103 un rol vital \u00een sus\u021binerea s\u0103n\u0103t\u0103\u021bii lor generale \u0219i \u00een combaterea virusului care cauzeaz\u0103 boala.<\/p>\n<p>C\u00e2nd vine vorba de FIP la pisici, exist\u0103 nevoi dietetice specifice care trebuie luate \u00een considerare pentru bun\u0103starea pisicii dumneavoastr\u0103. De fapt, unele pisici au dezvoltat FIP din cauza unei alimenta\u021bii deficitare care contribuie la sl\u0103birea sistemului imunitar.<\/p>\n<p>Sistemul imunitar joac\u0103 un rol important \u00een controlul \u0219i combaterea infec\u021biilor cauzate de FIP, astfel \u00eenc\u00e2t o nutri\u021bie adecvat\u0103 este esen\u021bial\u0103 pentru promovarea unei s\u0103n\u0103t\u0103\u021bi optime \u0219i minimizarea recuren\u021bei sau a focarelor acestei boli complexe.<\/p>\n<p>Schimba\u021bi dieta pisicii dvs. cu o diet\u0103 din carne de vit\u0103 crud\u0103, precum \u0219i cu bulion de oase pentru mai multe lichide. De asemenea, pute\u021bi completa cu aceste vitamine:<\/p>\n<p><strong>Acizi gra\u0219i Omega-3:<\/strong> Acizii gra\u0219i Omega-3, care sunt comuni \u00een suplimentele cu ulei de pe\u0219te, pot ajuta la reducerea inflama\u021biei \u0219i la \u00eembun\u0103t\u0103\u021birea st\u0103rii generale de s\u0103n\u0103tate a pisicii dumneavoastr\u0103. Acestea pot ajuta la tratarea problemelor legate de FIP, cum ar fi acumularea de lichid \u0219i inflama\u021bia.<\/p>\n<p><strong>Antioxidan\u021bi<\/strong>: cum ar fi vitaminele C \u0219i E, pot ajuta la reducerea stresului oxidativ \u0219i la sus\u021binerea sistemului imunitar. Medicul veterinar v\u0103 poate sf\u0103tui cu privire la cea mai bun\u0103 doz\u0103 pentru pisica dumneavoastr\u0103.<\/p>\n<p><strong>Probiotice:<\/strong> Probioticele pot ajuta s\u0103n\u0103tatea gastrointestinal\u0103 \u0219i sistemul imunologic al pisicii dumneavoastr\u0103. Deoarece FIP poate avea un impact asupra tractului digestiv, probioticele pot fi utile.<\/p>\n<p><strong>Sus\u021binerea sistemului imunitar:<\/strong> \u00cen colaborare cu medicul veterinar, lua\u021bi \u00een considerare suplimentele pentru sistemul imunitar, cum ar fi beta-glucanii sau imunomodulatorii.<\/p>\n<p><strong>Vitaminele B:<\/strong> Vitaminele B, \u00een special B-12, sunt benefice pentru s\u0103n\u0103tatea \u0219i bun\u0103starea general\u0103. Un supliment de complex de vitamine B poate fi recomandat \u00een cazuri rare.<\/p>\n<p><strong>EVITA\u021aI L-lizina:<\/strong> Lizina este un aminoacid care poate ajuta la simptomele respiratorii superioare cauzate de FIP, dar nu poate trata direct afec\u021biunea. De asemenea, obstruc\u021bioneaz\u0103 <a href=\"\/de?page_id=895\" target=\"_blank\" rel=\"noopener\">tratamentul FIP<\/a>.<\/p>\n<p>&nbsp;<\/p>\n<h2>6. Crearea unui mediu confortabil \u0219i curat<\/h2>\n<p>Crearea \u0219i men\u021binerea unui mediu confortabil \u0219i curat pentru pisicile cu FIP este esen\u021bial\u0103 pentru s\u0103n\u0103tatea lor general\u0103. Un spa\u021biu de via\u021b\u0103 curat poate ajuta la reducerea simptomelor de disconfort cauzate de inflama\u021bie \u0219i la diminuarea severit\u0103\u021bii imunosupresiei asociate cu FIP.<\/p>\n<p>Un mod \u00een care proprietarii de pisici pot crea acest tip de atmosfer\u0103 este prin p\u0103strarea litierelor, a bolurilor de ap\u0103 \u0219i a vaselor de m\u00e2ncare f\u0103r\u0103 resturi sau mizerie care ar putea pune un stres suplimentar pe sistemul imunitar sl\u0103bit al pisicii.<\/p>\n<p>\u00cen plus, este important s\u0103 preveni\u021bi supraaglomerarea \u00een cas\u0103, deoarece aceasta poate contribui la apari\u021bia altor infec\u021bii \u00een r\u00e2ndul pisicilor. Acest lucru ar putea cre\u0219te \u0219i mai mult riscul apari\u021biei FIP la pisici sau ar putea exacerba afec\u021biunile existente, cum ar fi problemele gastrointestinale legate de infec\u021bia cu coronavirus.<\/p>\n<p>&nbsp;<\/p>\n<h2>7. Implementa\u021bi m\u0103suri stricte de igien\u0103<\/h2>\n<p>Atunci c\u00e2nd o pisic\u0103 este diagnosticat\u0103 cu FIP, proprietarii trebuie s\u0103 ac\u021bioneze rapid pentru a-\u0219i proteja celelalte <a href=\"\/de?page_id=891\" target=\"_blank\" rel=\"noopener\">pisici \u0219i pentru a preveni<\/a> r\u0103sp\u00e2ndirea bolii. Este esen\u021bial s\u0103 se pun\u0103 \u00een aplicare m\u0103suri stricte de igien\u0103, inclusiv izolarea <a href=\"\/de?page_id=899\" target=\"_blank\" rel=\"noopener\">pisicii infectate<\/a>, cur\u0103\u021barea \u0219i dezinfectarea mediului, minimizarea contactului \u00eentre pisici \u0219i sp\u0103larea m\u00e2inilor dup\u0103 manipularea unui animal infectat.<\/p>\n<p>Scopul punerii \u00een aplicare a acestor protocoale este dublu; \u00een primul r\u00e2nd, se reduce riscul prin prevenirea transmiterii \u00een continuare a PIF \u00een cadrul sau \u00een afara gospod\u0103riei. \u00cen al doilea r\u00e2nd, ajut\u0103 la crearea unui mediu confortabil pentru pisicile afectate, reduc\u00e2nd \u00een acela\u0219i timp orice disconfort pe care \u00eel pot sim\u021bi din cauza simptomelor fizice, cum ar fi febra sau problemele digestive.<\/p>\n<p>Toate suprafe\u021bele din gospod\u0103rii trebuie cur\u0103\u021bate \u00een mod regulat folosind dezinfectan\u021bi aproba\u021bi de medicii veterinari profesioni\u0219ti timp de cel pu\u021bin 10 minute pe zi pentru a reduce contaminarea bacterian\u0103 cauzat\u0103 de pic\u0103turile de aerosoli produse atunci c\u00e2nd pisicile tu\u0219esc sau str\u0103nut\u0103.<\/p>\n<p>\u00cen plus, o bun\u0103 igien\u0103 a m\u00e2inilor &#8211; sp\u0103larea complet\u0103 a m\u00e2inilor imediat dup\u0103 contactul cu un animal infectat &#8211; reduce semnificativ riscul de transmitere de la o persoan\u0103 la alta.<\/p>\n<p>Proprietarii de pisici sunt sf\u0103tui\u021bi nu numai s\u0103 poarte m\u0103nu\u0219i atunci c\u00e2nd este necesar, ci \u0219i s\u0103 se asigure c\u0103 practicile regulate de sp\u0103lare a rufelor ajut\u0103 la limitarea expunerii. Prin luarea \u00een serios a fiec\u0103rui pas \u00een timpul etapelor de diagnosticare \u0219i implementare recomandate de exper\u021bi, p\u0103rin\u021bii de animale de companie vor face tot posibilul pentru a \u00eembun\u0103t\u0103\u021bi calitatea vie\u021bii animalelor de companie care tr\u0103iesc cu aceast\u0103 afec\u021biune.<\/p>\n<p>&nbsp;<\/p>\n<h2>8. Aplicarea protocoalelor de izolare a pisicilor FIP pentru gospod\u0103riile cu mai multe pisici<\/h2>\n<p>Atunci c\u00e2nd o <a href=\"\/de?page_id=870\" target=\"_blank\" rel=\"noopener\">pisic\u0103 este diagnosticat\u0103 cu peritonit\u0103 infec\u021bioas\u0103 felin\u0103 (FIP<\/a> ) \u00eentr-o gospod\u0103rie cu mai multe pisici, izolarea pisicii afectate de FIP de alte pisici este esen\u021bial\u0103 pentru a preveni r\u0103sp\u00e2ndirea \u0219i protejarea altor pisici. De\u0219i este dificil s\u0103 v\u0103 \u00eempiedica\u021bi complet animalul de companie s\u0103 interac\u021bioneze cu alte feline, exist\u0103 m\u0103suri pe care le pute\u021bi lua pentru a reduce semnificativ riscul de infec\u021bie.<\/p>\n<p>FIP se r\u0103sp\u00e2nde\u0219te \u00een principal prin contactul cu fecalele infectate din litierele comune sau de pe suprafe\u021be. Atunci c\u00e2nd pisicile se apropie sau se joac\u0103 dur, ele ar putea transmite boli precum FIP, astfel \u00eenc\u00e2t reducerea acestor activit\u0103\u021bi ar trebui s\u0103 fie o prioritate absolut\u0103 pentru proprietarii ale c\u0103ror pisici au fost diagnosticate.<\/p>\n<p>De asemenea, este important s\u0103 fi\u021bi aten\u021bi la bolurile \u0219i a\u0219ternuturile comune \u0219i s\u0103 v\u0103 ab\u021bine\u021bi de la contactul direct \u00eentre mai multe pisici ori de c\u00e2te ori este posibil. FIPV se r\u0103sp\u00e2nde\u0219te prin materiile fecale, a\u0219a c\u0103 ideal ar fi s\u0103 ave\u021bi litiere separate pentru fiecare pisic\u0103. Crea\u021bi juc\u0103rii distractive, sc\u00e2nduri de zg\u00e2riat \u0219i ascunz\u0103tori special pentru pisica dvs. la fiecare c\u00e2teva s\u0103pt\u0103m\u00e2ni, astfel \u00eenc\u00e2t aceasta s\u0103 nu devin\u0103 geloas\u0103 pe ceea ce apar\u021bine altora.<\/p>\n<p>\u00cen plus, dac\u0103 este fezabil s\u0103 ad\u0103posti\u021bi fiecare animal separat &#8211; dac\u0103 le p\u0103stra\u021bi \u00een camere diferite ale casei, nu numai c\u0103 reduce\u021bi stresul, dar \u021bine\u021bi \u0219i bolile la distan\u021b\u0103! Punerea \u00een aplicare a unor protocoale de izolare adecvate contribuie la reducerea riscului de transmitere a coronavirusului felin la pisicile FIP nevaccinate sau imunocompromise.<\/p>\n<p>Aceasta include, de asemenea, izolarea zonelor exterioare comune, \u00eent\u00e2lnirea cu bolurile de m\u00e2ncare \u0219i hainele care ar putea r\u0103sp\u00e2ndi germeni prin saliv\u0103, blan\u0103 etc. De asemenea, ar trebui s\u0103 lua\u021bi \u00een considerare recomandarea ca toate pisicile s\u0103n\u0103toase care tr\u0103iesc \u00een aceea\u0219i gospod\u0103rie s\u0103 primeasc\u0103 vaccinuri \u00eempotriva bolilor virale complexe FIV\/FeLV, precum FIP, cel pu\u021bin de dou\u0103 ori pe an.<\/p>\n<p>Dac\u0103 observa\u021bi semne de boal\u0103 infec\u021bioas\u0103 sau dac\u0103 rezultatele testelor sunt pozitive pentru FeLV, atunci \u021bine\u021bi aceste animale departe de zona de carantin\u0103 &#8211; nu numai c\u0103 ace\u0219ti viru\u0219i pot duce la boli grave, dar expunerea continu\u0103 poate introduce noi infec\u021bii \u00eentr-un mediu izolat, ceea ce ar putea agrava starea animalului dvs. de companie mai repede \u00eenainte de \u00eenceperea tratamentului.<\/p>\n<p>&nbsp;<\/p>\n<h2>9. Monitoriza\u021bi starea pisicii dvs.<\/h2>\n<p>Este foarte important s\u0103 monitoriza\u021bi \u00eendeaproape starea pisicii dvs. \u0219i s\u0103 solicita\u021bi imediat asisten\u021b\u0103 veterinar\u0103 dac\u0103 a fost diagnosticat\u0103 FIP. Simptomele FIP la pisici pot varia semnificativ de la un caz la altul \u0219i orice schimbare \u00een comportamentul sau s\u0103n\u0103tatea pisicii dumneavoastr\u0103 trebuie discutat\u0103 imediat cu profesioni\u0219ti cu experien\u021b\u0103, cum ar fi un medic veterinar.<\/p>\n<p>Vizitele regulate la medicul veterinar sunt esen\u021biale pentru diagnosticarea \u0219i tratarea precoce a virusului; acest lucru permite strategii eficiente de gestionare, ameliorarea simptomelor \u0219i prelungirea vie\u021bii animalului dumneavoastr\u0103 de companie.<\/p>\n<p>Dac\u0103 ave\u021bi o gospod\u0103rie interioar\u0103 cu mai multe pisici, unde pisicile pot intra \u00een contact unele cu altele, atunci se recomand\u0103 aplicarea protocoalelor de izolare p\u00e2n\u0103 c\u00e2nd evolu\u021bia bolii pisicii infectate poate fi monitorizat\u0103 de un medic veterinar profesionist.<\/p>\n<p>Semnele de avertizare includ pierderea drastic\u0103 \u00een greutate, oboseal\u0103\/letargie extrem\u0103, v\u00e2rfuri de febr\u0103, confuzie sau dezorientare &#8211; toate acestea necesit\u0103 asisten\u021b\u0103 medical\u0103 urgent\u0103..<\/p>\n<h2>10. Limita\u021bi expunerea la alte pisici<\/h2>\n<p>\u00cen cele din urm\u0103, accesul \u00een aer liber ar trebui, de asemenea, s\u0103 fie limitat, deoarece animalele s\u0103lbatice pot purta boli care pot pune \u0219i mai mult \u00een pericol pisicu\u021ba dvs. pozitiv\u0103 la FIP &#8211; protejarea ei \u00eempotriva unor astfel de cazuri prin evitarea oric\u0103ror zone rase \u00een aer liber \u00een care aceste p\u0103s\u0103ri \u0219i creaturi s-ar putea plimba cu u\u0219urin\u021b\u0103 ar reduce foarte mult \u0219ansele de a prinde ceva \u00een plus fa\u021b\u0103 de diagnosticul lor existent.<\/p>\n<p>Reducerea interac\u021biunii fizice, principalii vinova\u021bi ai ratelor de transmitere, va contribui la asigurarea unei certitudini maxime \u00een luarea precau\u021biilor necesare \u00een ceea ce prive\u0219te gestionarea peritonitei infec\u021bioase feline (FIP).<\/p>\n<p>Lu\u00e2nd m\u0103suri \u00eengrijite spre siguran\u021b\u0103, cum ar fi ad acord\u00e2nd o aten\u021bie deosebit\u0103 monitorizeaz\u0103 m\u0103surile de igien\u0103 personal\u0103 \u00een timp ce fiind con\u0219tien\u021bi expunerea medii contaminate va oferi o protec\u021bie important\u0103 \u00eempotriva poten\u021bialului virus corona se r\u0103sp\u00e2nde\u0219te asociate \u00een cadrul unor circumstan\u021be similare, \u00een special care implic\u0103 mai multe pisici gospod\u0103rii mai drastic &#8211; Indispensabil\u0103 practic\u0103 pur sus\u021binut\u0103 de cercetare medical\u0103 timp din nou, f\u0103r\u0103 e\u0219ec, \u00een special \u00een contextul acestei boli specifice lui \u00een mod eficient.<\/p>\n","protected":false},"excerpt":{"rendered":"<p>Poate fi enervant dac\u0103 tocmai a\u021bi aflat c\u0103 pisica dumneavoastr\u0103 are FIP. Dac\u0103 sunte\u021bi a\u0219a, v\u0103 \u00een\u021belegem, dar suntem aici s\u0103 v\u0103 ajut\u0103m. Dac\u0103 pisica dumneavoastr\u0103 a fost diagnosticat\u0103 cu FIP la pisici, iat\u0103 10 lucruri pe care le pute\u021bi face. 1. C\u0103uta\u021bi consultan\u021b\u0103 veterinar\u0103 de specialitate pentru pisica FIP Pentru proprietarii de pisici, diagnosticul [&hellip;]<\/p>\n","protected":false},"author":11,"featured_media":21910,"parent":0,"menu_order":0,"comment_status":"closed","ping_status":"closed","template":"","meta":{"_glsr_average":0,"_glsr_ranking":0,"_glsr_reviews":0,"footnotes":""},"categories":[725],"tags":[734,780],"_links":{"self":[{"href":"https:\/\/fipmed.co\/ro\/wp-json\/wp\/v2\/pages\/21909"}],"collection":[{"href":"https:\/\/fipmed.co\/ro\/wp-json\/wp\/v2\/pages"}],"about":[{"href":"https:\/\/fipmed.co\/ro\/wp-json\/wp\/v2\/types\/page"}],"author":[{"embeddable":true,"href":"https:\/\/fipmed.co\/ro\/wp-json\/wp\/v2\/users\/11"}],"replies":[{"embeddable":true,"href":"https:\/\/fipmed.co\/ro\/wp-json\/wp\/v2\/comments?post=21909"}],"version-history":[{"count":0,"href":"https:\/\/fipmed.co\/ro\/wp-json\/wp\/v2\/pages\/21909\/revisions"}],"wp:featuredmedia":[{"embeddable":true,"href":"https:\/\/fipmed.co\/ro\/wp-json\/wp\/v2\/media\/21910"}],"wp:attachment":[{"href":"https:\/\/fipmed.co\/ro\/wp-json\/wp\/v2\/media?parent=21909"}],"wp:term":[{"taxonomy":"category","embeddable":true,"href":"https:\/\/fipmed.co\/ro\/wp-json\/wp\/v2\/categories?post=21909"},{"taxonomy":"post_tag","embeddable":true,"href":"https:\/\/fipmed.co\/ro\/wp-json\/wp\/v2\/tags?post=21909"}],"curies":[{"name":"wp","href":"https:\/\/api.w.org\/{rel}","templated":true}]}}