{"id":21943,"date":"2022-12-02T08:05:01","date_gmt":"2022-12-02T08:05:01","guid":{"rendered":"https:\/\/fipmed.co\/tratamentul-fip-pentru-pisici-avansul-medical-pentru-fip-salveaza-pisicile\/"},"modified":"2022-12-02T08:05:01","modified_gmt":"2022-12-02T08:05:01","slug":"tratamentul-fip-pentru-pisici-avansul-medical-pentru-fip-salveaza-pisicile","status":"publish","type":"page","link":"https:\/\/fipmed.co\/ro\/tratamentul-fip-pentru-pisici-avansul-medical-pentru-fip-salveaza-pisicile\/","title":{"rendered":"Tratamentul FIP pentru pisici: Avansul medical pentru FIP salveaz\u0103 pisicile"},"content":{"rendered":"<p>Un tratament dovedit pentru FIP este deja disponibil pentru pisici. Cu toate acestea, din cauza lipsei de motiva\u021bie financiar\u0103, \u00een prezent nu exist\u0103 niciun medicament pentru <a href=\"\/?page_id=883\" target=\"_blank\" rel=\"noopener\">FIP la pisici<\/a> care s\u0103 fi fost aprobat oficial. Terapia de sus\u021binere poate u\u0219ura disconfortul, dar nu va cre\u0219te ratele de supravie\u021buire, cum ar fi medicamentele antiinflamatoare \u0219i drenarea lichidelor din piept \u0219i abdomen. Eutanasia a fost cea mai bun\u0103 op\u021biune \u00een trecut, av\u00e2nd \u00een vedere rata de mortalitate rapid\u0103 \u0219i ridicat\u0103 a bolii, \u00eens\u0103 \u00een prezent tratamentul poate fi oferit cu o rat\u0103 ridicat\u0103 de succes.<\/p>\n<p>Exist\u0103 c\u00e2teva medicamente experimentale \u00een curs de investigare, inclusiv GS441524, GC376, CL-Pro \u0219i Remdesivir. Aceste medicamente nu sunt \u00een prezent accesibile din punct de vedere legal pentru utilizarea clinic\u0103 la pisici.<\/p>\n<h2><\/h2>\n<p><strong>ANTIVIRALE (inhibitori ai proteazei, inhibitori ai polimerazei, analogi nucleozidici)<\/strong><\/p>\n<p>Singurele <a href=\"https:\/\/fipmed.co\/\" target=\"_blank\" rel=\"noopener\">tratamente care ofer\u0103 acum speran\u021b\u0103 pisicilor cu FIP<\/a> sunt GS441524, care este un analog nucleozidic, \u0219i GC376, un inhibitor de proteaz\u0103.<\/p>\n<p>GS441524 r\u0103m\u00e2ne cea mai bun\u0103 op\u021biune pentru tratarea FIP datorit\u0103 ratelor sale mai sc\u0103zute de recidiv\u0103 comparativ cu GC376. De asemenea, ac\u021bioneaz\u0103 mai rapid comparativ cu Remdesivir. De fapt, Remdesivir este un precursor al GS441524, astfel \u00eenc\u00e2t este nevoie de un pas suplimentar pentru ca Remdesivir s\u0103 fie convertit \u00een GS441524 pentru ca acesta s\u0103 func\u021bioneze.<\/p>\n<p>&nbsp;<\/p>\n<p><strong>GS-441524<\/strong><\/p>\n<p>Au fost furnizate dovezi c\u0103 acest medicament func\u021bioneaz\u0103 bine \u00een numeroase situa\u021bii. Ob\u021binerea acestuia a fost dificil\u0103. Remdesivir, dup\u0103 cum s-a men\u021bionat anterior, este protidul sau prodrogul pe care organismul \u00eel transform\u0103 ulterior \u00een GS-441524. Administrarea medicamentului sub form\u0103 de protide sau prodrog ajut\u0103 la p\u0103trunderea acestuia \u00een celulele sistemului imunitar care con\u021bin coronavirusuri imunosupresoare. \u00cen unele teste efectuate pe pisici, GS-441524 a fost administrat \u00een formula sa original\u0103, f\u0103r\u0103 a se observa rate de vindecare a FIP.<\/p>\n<p>&nbsp;<\/p>\n<p>GS441524 este \u00eenc\u0103 cea mai bun\u0103 op\u021biune pentru tratament \u00een prezent. Cu toate acestea, din cauza costului ridicat \u0219i a lipsei de acces la acest medicament, proprietarii de pisici ar trebui s\u0103 se str\u0103duiasc\u0103 mai mult s\u0103 previn\u0103 \u00eemboln\u0103virea pisicii lor \u00een primul r\u00e2nd.<\/p>\n<p>&nbsp;<\/p>\n<p><strong>GC376<\/strong><\/p>\n<p>GC376 poate fi considerat un medicament antiviral cu spectru larg care inhib\u0103 <sup>Mpro<\/sup> a mai multor virusuri, inclusiv coronavirusuri precum FCoV, virusul diareei epidemice porcine (PEDV), SARS-CoV, MERS-CoV, SARS-CoV-2, coronavirusul dihorului \u0219i nurcii. GC376 este promedicamentul lui GC373, un alt inhibitor de proteaz\u0103 pe baz\u0103 de dipeptide.<\/p>\n<p>Tratamentul FIP la pisici cu GC376 a fost asociat cu efecte secundare precum usturime tranzitorie la locurile de injectare, fibroz\u0103 subcutanat\u0103, c\u0103derea p\u0103rului \u0219i erup\u021bia anormal\u0103 a din\u021bilor permanen\u021bi la pisicile tinere<span class=\"anchor-text\">[4<\/span>]. Prin urmare, sunt necesare studii suplimentare pentru a evalua posibilele efecte secundare asociate cu utilizarea GC376 \u00een modele animale, \u00eenainte de utilizarea sa \u00een studiile clinice.<\/p>\n<p>GC376 previne replicarea virusului FCoV cu un mecanism diferit. Cu toate acestea, rata de recidiv\u0103 la pisicile tratate cu GC376 este semnificativ mai mare dec\u00e2t GS441524. Atunci c\u00e2nd GC376 str\u0103luce\u0219te este atunci c\u00e2nd pisicile au dezvoltat o rezisten\u021b\u0103 la GS441524, \u00een special \u00een cazurile de recidiv\u0103. Atunci este recomandabil s\u0103 utiliza\u021bi GC376 \u00een schimb.<\/p>\n<p>Exist\u0103, de asemenea, studii de cercetare care arat\u0103 c\u0103 o combina\u021bie de GS441524 \u0219i GC376 d\u0103 rezultate mai bune \u0219i a permis, de asemenea, o durat\u0103 mai scurt\u0103 de 6 s\u0103pt\u0103m\u00e2ni de tratament \u00een loc de 12 s\u0103pt\u0103m\u00e2ni obi\u0219nuite.<\/p>\n<p>&nbsp;<\/p>\n<p class=\"p1\"><b>Interferon felin<\/b><\/p>\n<p>Interferonul este ceea ce organismul produce \u00een mod natural ca r\u0103spuns la o infec\u021bie viral\u0103. Chirurgii veterinari au la dispozi\u021bie dou\u0103 tipuri de interferoni: interferonul omega felin (Virbagen Omega,\u00ae produs de Virbac \u00een Fran\u021ba) \u0219i interferonul alfa uman, care este disponibil sub mai multe denumiri comerciale. Este preferabil s\u0103 se utilizeze interferonul felin, deoarece interferonii sunt specifici speciei: func\u021bioneaz\u0103 cel mai bine \u00een specia de origine.<\/p>\n<p>Interferon-omega este o injec\u021bie comercializat\u0103 pentru pisicile cu FIP. Un mic studiu timpuriu a ar\u0103tat rezultate promi\u021b\u0103toare \u0219i astfel, pentru o scurt\u0103 perioad\u0103, a devenit parte a tratamentului standard. A fost unul dintre cele mai timpurii <a href=\"\/?page_id=887\" target=\"_blank\" rel=\"noopener\">tratamente disponibile pentru FIP<\/a>, \u00eens\u0103 rata de succes a fost sc\u0103zut\u0103.<\/p>\n<p>Un studiu mai mare, dublu-orb, controlat cu placebo, nu a constatat niciun beneficiu al interferonului. Acesta ar fi trebuit s\u0103 fie sf\u00e2r\u0219itul problemei, dar medicamentul este \u00eenc\u0103 disponibil, iar oamenii \u00eenc\u0103 promoveaz\u0103 documentul anterior f\u0103r\u0103 a face referire la cel ulterior.<\/p>\n<p>&nbsp;<\/p>\n<p><strong>CORTICOSTEROIZI (NUMAI PENTRU PALLIALITIVE)<\/strong><\/p>\n<p class=\"p1\"><span class=\"s1\">\u00cen timpul bolii timpurii, pot fi necesare medicamente de sus\u021binere (simptomatice) pentru a men\u021bine pisicile \u00een via\u021b\u0103 suficient de mult timp pentru ca antiviralele s\u0103 ac\u021bioneze. Antiinflamatoarele sunt frecvent incluse \u00een medicamente (corticosteroizi, AINS). Este de preferat s\u0103 se evite utilizarea excesiv\u0103 a acestor medicamente, cu excep\u021bia cazurilor de scurt\u0103 durat\u0103 \u0219i numai \u00een cazul \u00een care exist\u0103 o motiva\u021bie imperioas\u0103 pentru a face acest lucru, \u00een special \u00een cazul pisicilor extrem de bolnave \u00een primele c\u00e2teva zile.<\/span><\/p>\n<p class=\"p1\"><span class=\"s1\">Obiectivul principal al tratamentului FIP este de a preveni replicarea viral\u0103 \u00een macrofage, ceea ce va opri instantaneu generarea diferitelor citokine inflamatorii \u0219i imunosupresoare care produc simptomele FIP. \u00cen timp ce anumite medicamente, cum ar fi corticosteroizii (prednisolon) \u0219i AINS (meloxicam), pot reduce citokinele inflamatorii, GS-441524 blocheaz\u0103 complet aceste citokine d\u0103un\u0103toare. \u00cen 24-48 de ore, FipMed va induce \u00eembun\u0103t\u0103\u021biri semnificative \u00een ceea ce prive\u0219te temperatura, activitatea, foamea \u0219i alte simptome. Aceast\u0103 \u00eembun\u0103t\u0103\u021bire va fi semnificativ mai mare dec\u00e2t poate oferi orice alt medicament. Ca urmare, cu excep\u021bia cazului \u00een care exist\u0103 un motiv imperios pentru a continua utilizarea altor medicamente, acestea trebuie \u00eentrerupte imediat ce se constat\u0103 o ameliorare vizibil\u0103 \u0219i constant\u0103 a simptomelor PIF.<\/span><\/p>\n<p class=\"p1\"><span class=\"s1\">\u00cen plus fa\u021b\u0103 de mascarea simptomelor legate de FIP, steroizii pot interfera cu distribu\u021bia GS-441524 prin bariera hemato-encefalic\u0103. Mai multe investiga\u021bii au demonstrat c\u0103 steroizii pot reduce permeabilitatea prin bariera hemato-encefalic\u0103. La pisici, sc\u0103derea permeabilit\u0103\u021bii poate reduce eficien\u021ba GS-441524 \u0219i cre\u0219te probabilitatea de recidiv\u0103.<\/span><\/p>\n<p>&nbsp;<\/p>\n<p class=\"p1\"><span class=\"s1\"><b>GS 441524 Siguran\u021b\u0103 ca tratament FIP<\/b><\/span><\/p>\n<p class=\"p1\"><span class=\"s1\">GS-441524 s-a dovedit a fi o op\u021biune de tratament sigur\u0103 \u0219i eficient\u0103. Medicamentul a fost dezvoltat ini\u021bial ca tratament antiviral pentru oameni, dar a fost reconfigurat pentru utilizarea la feline.<span class=\"Apple-converted-space\"> <\/span><\/span><\/p>\n<p class=\"p1\"><span class=\"s1\">Studiile multiple au demonstrat c\u0103 medicamentul nu provoac\u0103 efecte adverse semnificative sau toxicitate atunci c\u00e2nd este administrat conform instruc\u021biunilor.<\/span><\/p>\n<p class=\"p1\"><span class=\"s1\">Unele pisici pot prezenta efecte secundare u\u0219oare, cum ar fi grea\u021b\u0103 sau letargie \u00een timpul tratamentului. Aceste simptome se rezolv\u0103 de obicei rapid \u0219i nu necesit\u0103 interven\u021bia unui medic veterinar.<span class=\"Apple-converted-space\"> <\/span><\/span><\/p>\n<p>&nbsp;<\/p>\n","protected":false},"excerpt":{"rendered":"<p>Un tratament dovedit pentru FIP este deja disponibil pentru pisici. Cu toate acestea, din cauza lipsei de motiva\u021bie financiar\u0103, \u00een prezent nu exist\u0103 niciun medicament pentru FIP la pisici care s\u0103 fi fost aprobat oficial. Terapia de sus\u021binere poate u\u0219ura disconfortul, dar nu va cre\u0219te ratele de supravie\u021buire, cum ar fi medicamentele antiinflamatoare \u0219i drenarea [&hellip;]<\/p>\n","protected":false},"author":11,"featured_media":21946,"parent":0,"menu_order":0,"comment_status":"closed","ping_status":"closed","template":"","meta":{"_glsr_average":0,"_glsr_ranking":0,"_glsr_reviews":0,"footnotes":""},"categories":[725],"tags":[734,735],"_links":{"self":[{"href":"https:\/\/fipmed.co\/ro\/wp-json\/wp\/v2\/pages\/21943"}],"collection":[{"href":"https:\/\/fipmed.co\/ro\/wp-json\/wp\/v2\/pages"}],"about":[{"href":"https:\/\/fipmed.co\/ro\/wp-json\/wp\/v2\/types\/page"}],"author":[{"embeddable":true,"href":"https:\/\/fipmed.co\/ro\/wp-json\/wp\/v2\/users\/11"}],"replies":[{"embeddable":true,"href":"https:\/\/fipmed.co\/ro\/wp-json\/wp\/v2\/comments?post=21943"}],"version-history":[{"count":0,"href":"https:\/\/fipmed.co\/ro\/wp-json\/wp\/v2\/pages\/21943\/revisions"}],"wp:featuredmedia":[{"embeddable":true,"href":"https:\/\/fipmed.co\/ro\/wp-json\/wp\/v2\/media\/21946"}],"wp:attachment":[{"href":"https:\/\/fipmed.co\/ro\/wp-json\/wp\/v2\/media?parent=21943"}],"wp:term":[{"taxonomy":"category","embeddable":true,"href":"https:\/\/fipmed.co\/ro\/wp-json\/wp\/v2\/categories?post=21943"},{"taxonomy":"post_tag","embeddable":true,"href":"https:\/\/fipmed.co\/ro\/wp-json\/wp\/v2\/tags?post=21943"}],"curies":[{"name":"wp","href":"https:\/\/api.w.org\/{rel}","templated":true}]}}