{"id":21957,"date":"2024-03-25T07:19:57","date_gmt":"2024-03-25T07:19:57","guid":{"rendered":"https:\/\/fipmed.co\/fip-in-cats-simptome-bazate-pe-tipuri-de-fip\/"},"modified":"2024-03-25T07:19:57","modified_gmt":"2024-03-25T07:19:57","slug":"fip-in-cats-simptome-bazate-pe-tipuri-de-fip","status":"publish","type":"page","link":"https:\/\/fipmed.co\/ro\/fip-in-cats-simptome-bazate-pe-tipuri-de-fip\/","title":{"rendered":"FIP la pisici Simptome \u00een func\u021bie de tipurile de FIP"},"content":{"rendered":"<p>Este \u00een\u021belept atunci c\u00e2nd ne uit\u0103m la FIP la pisici simptome bazate pe tipuri de FIP.<br \/>\nAcestea sunt incluse pentru un diagnostic mai precis.<br \/>\nCunoa\u0219terea tipului de FIP v\u0103 poate ajuta s\u0103 prezice\u021bi severitatea, precum \u0219i toate formele diferite de FIP care pot ap\u0103rea, astfel \u00eenc\u00e2t s\u0103 nu pierde\u021bi niciun simptom.    &nbsp;<\/p>\n<h1><strong>Semne clinice de FIP uscat\u0103 neeffuziv\u0103<\/strong><\/h1>\n<p>  Simptomele tipice ale acestei forme de FIP includ letargie, febr\u0103, anorexie, sc\u0103dere \u00een greutate \u0219i icter.  &nbsp;<\/p>\n<h2><strong>Letargie<\/strong><strong> <\/strong><\/h2>\n<p>  Letargia este frecvent raportat\u0103 ca unul dintre semnele clinice asociate cu peritonita infec\u021bioas\u0103 felin\u0103.<br \/>\nAceasta poate ap\u0103rea la pisici \u00een mod non-effusiv, efusiv sau ocular \u0219i poate fi un semn c\u0103 se \u00eent\u00e2mpl\u0103 ceva mai grav.<br \/>\nMulte pisici prezint\u0103 acest simptom de apatie \u00eenainte de apari\u021bia oric\u0103ror alte simptome, indic\u00e2nd de ce este important s\u0103 se observe letargia c\u00e2t mai cur\u00e2nd posibil, \u00eenainte de dezvoltarea altor stadii avansate.<br \/>\nUn simptom care apare \u00een majoritatea cazurilor ar fi oboseala excesiv\u0103 sau apatia, care poate implica r\u0103m\u00e2nerea nemi\u0219cat\u0103 pentru perioade lungi sau un comportament de somn prelungit \u00een afara obiceiurilor obi\u0219nuite.<br \/>\nAceast\u0103 lips\u0103 de energie \u00een activit\u0103\u021bile pisicii poate duce \u00een cele din urm\u0103 la pierderea \u00een greutate, \u00een ciuda faptului c\u0103 are un apetit crescut din cauza st\u0103rii sale sl\u0103bite &#8211; acest lucru va limita \u0219i mai mult nivelurile lor de activitate, duc\u00e2nd la o oboseal\u0103 mai mare \u00een timp.<br \/>\nUn alt indicator comun pentru FIP ar fi schimb\u0103rile comportamentale, cum ar fi devenirea antisocial\u0103 prin evitarea complet\u0103 a oamenilor (chiar dac\u0103 ace\u0219tia au fost prieteno\u0219i anterior).       &nbsp;<\/p>\n<h2><strong>Febra<\/strong><\/h2>\n<p>  Febra este un semn clinic frecvent asociat cu FIP, \u00eens\u0103 este nespecific\u0103 \u0219i poate fi prezent\u0103 la pisicile care sufer\u0103 de diverse boli.<br \/>\nEste important s\u0103 ne amintim c\u0103 febra poate fi singurul semn clinic prezentat de pisicile cu PIF uscat\u0103 neeffuziv\u0103, ceea ce o face un simptom important pe care medicii veterinari trebuie s\u0103 \u00eel ia \u00een considerare atunci c\u00e2nd evalueaz\u0103 pisicile pentru aceast\u0103 boal\u0103.<br \/>\nOdat\u0103 ce o pisic\u0103 dezvolt\u0103 febr\u0103 cauzat\u0103 de FIP, boala progreseaz\u0103 rapid \u0219i este aproape \u00eentotdeauna fatal\u0103.<br \/>\nDiagnosticarea FIP poate fi, de asemenea, dificil\u0103 din cauza simptomelor sale vagi, deoarece multe alte boli au manifest\u0103ri similare, inclusiv infec\u021bii respiratorii \u0219i tulbur\u0103ri inflamatorii.     &nbsp;<\/p>\n<h2><strong>Anorexia<\/strong><\/h2>\n<p>  Anorexia este recunoscut\u0103 \u00een mod obi\u0219nuit ca fiind unul dintre semnele nespecifice \u0219i nelocalizante ale FIP observate la pisici.<br \/>\nAnorexia se refer\u0103 la lipsa sau pierderea apetitului, care poate rezulta din sc\u0103derea dorin\u021bei de a m\u00e2nca din cauza durerii, a bolii sau a r\u0103nii.<br \/>\nPisicile cu FIP sufer\u0103 de inapeten\u021b\u0103 \u0219i dezvolt\u0103 anemie din cauza deficien\u021belor nutritive rezultate, care le afecteaz\u0103 starea general\u0103 de s\u0103n\u0103tate \u0219i \u00eempiedic\u0103 func\u021bionarea normal\u0103.<br \/>\nSimptome precum apatie, letargie, sc\u0103dere \u00een greutate \u0219i febr\u0103 sunt adesea \u00eenso\u021bite de anorexie la pisicile care sufer\u0103 de un virus care le pune via\u021ba \u00een pericol, precum FIP.     &nbsp;<\/p>\n<h2><strong>Pierderea \u00een greutate<\/strong><\/h2>\n<p>  Pierderea \u00een greutate este un semn clinic comun al FIP, \u00een special \u00een cazurile care implic\u0103 FIP uscat\u0103.<br \/>\nSimptomele asociate cu pierderea \u00een greutate pot varia, \u00een func\u021bie de severitatea bolii.<br \/>\nSemnele timpurii pot implica sc\u0103derea aportului alimentar \u0219i o rat\u0103 de cre\u0219tere mai lent\u0103 dec\u00e2t cea normal\u0103, \u00een timp ce stadiile mai avansate ar putea include sc\u0103derea semnificativ\u0103 a masei corporale \u00eentr-un interval scurt de timp, precum \u0219i niveluri reduse de energie \u0219i epuizare muscular\u0103.<br \/>\nPrezen\u021ba unei pierderi inexplicabile sau rapide \u00een greutate nu trebuie ignorat\u0103 atunci c\u00e2nd vine vorba de pisici care prezint\u0103 semne compatibile cu FIP.<br \/>\nDac\u0103 pisica dumneavoastr\u0103 pare mai slab\u0103 dec\u00e2t de obicei f\u0103r\u0103 explica\u021bii sau pare s\u0103 piard\u0103 o cantitate excesiv\u0103 de blan\u0103 f\u0103r\u0103 niciun motiv vizibil, atunci este important s\u0103 solicita\u021bi imediat asisten\u021b\u0103 veterinar\u0103 profesional\u0103.      &nbsp;<\/p>\n<h2><strong>Icter<\/strong><\/h2>\n<p>  Icterul este un semn observat la pisicile cu FIP, de obicei al\u0103turi de alte semne de insuficien\u021b\u0103 hepatic\u0103 sau hepatomegalie (ficat m\u0103rit), cum ar fi letargia \u0219i pierderea \u00een greutate.<br \/>\nLa examinarea fizic\u0103, pielea pisicii poate avea o culoare g\u0103lbuie care poate fi vizibil\u0103 \u00een special pe burt\u0103 \u0219i pe ochi.<br \/>\n\u00cen unele cazuri, icterul poate acoperi \u00eentregul corp al pisicii.<br \/>\nIcterul rezult\u0103 dintr-o cre\u0219tere a nivelului de bilirubin\u0103 (molecule pigmentate eliberate \u00een circula\u021bie de celulele ro\u0219ii din s\u00e2nge care s-au descompus), care duce la acumularea ulterioar\u0103.<br \/>\nAceasta indic\u0103 o perturbare undeva \u00een arborele biliar, care include vezica biliar\u0103 \u0219i structurile conectate \u00eentre ficat \u0219i intestinul sub\u021bire necesare pentru digestie.      &nbsp;<\/p>\n<h1><strong>Semne clinice de FIP umed\u0103 efuziv\u0103<\/strong><\/h1>\n<p>  Umflarea toracic\u0103, abdominal\u0103 \u0219i scrotal\u0103 sunt unele dintre semnele asociate cu PIF umed\u0103 efuziv\u0103.  &nbsp;<\/p>\n<h2><strong>Umflarea toracic\u0103<\/strong><\/h2>\n<p>  Umflarea toracic\u0103 este un semn clinic asociat cu PIF umed\u0103 efuziv\u0103, \u00een care se produce acumularea de lichid \u00een piept.<br \/>\nAcest lucru poate duce la dificult\u0103\u021bi \u00een respira\u021bie \u0219i poate afecta func\u021bionarea normal\u0103 a organelor, cum ar fi ritmul cardiac, reglarea temperaturii \u0219i schimbul de gaze.<br \/>\nPrin urmare, acesta este unul dintre efuziunile pe care le sf\u0103tuim s\u0103 le dren\u0103m, dac\u0103 este posibil.<br \/>\nUmflarea toracic\u0103 indic\u0103 stadii avansate ale FIP \u0219i se prezint\u0103 de obicei printr-o cre\u0219tere a frecven\u021bei respiratorii sau prin g\u00e2lg\u00e2ituri atunci c\u00e2nd pisica respir\u0103.<br \/>\n\u00cen cazul \u00een care umflarea toracic\u0103 este prezent\u0103 pentru perioade lungi de timp, aceasta poate duce la cre\u0219terea presiunii exercitate asupra organelor interne, provoc\u00e2nd malnutri\u021bia acestora din cauza reducerii fluxului sanguin \u0219i a aliment\u0103rii cu oxigen.<br \/>\n\u00cen plus, dac\u0103 nu este tratat\u0103, umflarea toracic\u0103 persistent\u0103 poate provoca leziuni permanente ale organelor vitale, duc\u00e2nd \u00een cele din urm\u0103 la deces dac\u0103 nu este controlat\u0103 pentru o perioad\u0103 prelungit\u0103 de timp.       &nbsp;<\/p>\n<h2><strong>Umflarea abdominal\u0103<\/strong><\/h2>\n<p>  Umflarea abdominal\u0103 este, de asemenea, un semn clinic asociat cu FIP efusiv\u0103.<br \/>\nAceast\u0103 form\u0103 de FIP se caracterizeaz\u0103 prin apari\u021bia lichidului \u00een abdomen, cunoscut \u0219i sub denumirea de efuziune abdominal\u0103.<br \/>\nSistemul gastrointestinal \u0219i organele sale sunt \u00eenconjurate de acest lichid suplimentar, anormal.<br \/>\nRadiografia, ultrasonografia \u0219i abdominocenteza sunt proceduri de diagnostic utilizate pentru a stabili dac\u0103 a ap\u0103rut efuziune abdominal\u0103 la pisicile suspecte de FIP.<br \/>\n\u00cen plus, analiza lichidelor poate oferi rezultate foarte indicative pentru a diagnostica cu exactitate efuziunea abdominal\u0103 cauzat\u0103 de FIP.<br \/>\nUmflarea abdominal\u0103 este mai pu\u021bin amenin\u021b\u0103toare pentru o pisic\u0103, de\u0219i ar putea s\u0103 o fac\u0103 s\u0103 se simt\u0103 inconfortabil.<br \/>\nDac\u0103 alege\u021bi s\u0103 drena\u021bi aceast\u0103 efuziune, opta\u021bi s\u0103 nu drena\u021bi mai mult de 30% din lichid.        &nbsp;<\/p>\n<h2><strong>Umflarea scrotal\u0103<\/strong><\/h2>\n<p>  Umflarea scrotal\u0103 la pisicile de sex masculin poate fi identificat\u0103 de proprietarii de animale de companie atunci c\u00e2nd exist\u0103 o modificare inexplicabil\u0103 a dimensiunii scrotului, \u00een special dac\u0103 apare rapid sau este \u00eenso\u021bit\u0103 de alte semne precum letargie \u0219i febr\u0103.<br \/>\nAceast\u0103 form\u0103 de FIP afecteaz\u0103 cel mai frecvent pisicile tinere \u0219i are un debut rapid, cu simptome precum acumularea de lichid abdominal, m\u0103rirea toracelui, pierderea \u00een greutate, icter \u0219i febr\u0103 mare persistent\u0103.<br \/>\nUmflarea scrotal\u0103 fiind printre principalele simptome clinice pe care medicii veterinari le folosesc pentru a identifica aceast\u0103 afec\u021biune la timp, de obicei \u00eenainte de apari\u021bia altor semne.    &nbsp;<\/p>\n<h1><strong>Semne clinice ale FIP ocular<\/strong><\/h1>\n<p>  Fi\u021bi aten\u021bi la semnele de FIP, cum ar fi decolorarea irisului, pierderea vederii, \u00eengro\u0219area corneei \u0219i hipopionul.  &nbsp;<\/p>\n<h2><strong>Decolorarea irisului<\/strong><\/h2>\n<p>  Decolorarea irisului este un semn clinic care poate fi observat ca indicator al formei oculare a FIP.<br \/>\nAcesta se manifest\u0103 de obicei ca o modificare a culorii irisului, o tulburare anormal\u0103 a ochilor sau un aspect floculant (pete albe) \u00een interiorul pupilei din cauza inflama\u021biei provocate de o infec\u021bie cauzat\u0103 de virusul FIP.<br \/>\nAcest semn poate fi \u00eenso\u021bit, de asemenea, de \u00eengro\u0219area corneei \u0219i de hipopion, care, de obicei, dac\u0103 nu sunt tratate, pot duce \u00een cele din urm\u0103 la pierderea permanent\u0103 a vederii.<br \/>\nDetectarea \u0219i diagnosticarea precoce a acestei afec\u021biuni este important\u0103 pentru a \u00eencepe un tratament prompt cu agen\u021bi antiprotozoari precum cloramfenicolul \u0219i tiamfenicolul, pentru a reduce riscurile suplimentare asociate cu aceasta.     &nbsp;<\/p>\n<h2><strong>Pierderea vederii<\/strong><\/h2>\n<p>  Pierderea vederii este unul dintre cele mai evidente semne c\u0103 pisica dumneavoastr\u0103 poate avea FIP ocular\u0103.<br \/>\nEste un simptom avansat \u0219i poate indica faptul c\u0103 o form\u0103 mai grav\u0103 a virusului a fost deja activ\u0103 la animalul dumneavoastr\u0103.<br \/>\nUveita anterioar\u0103 piogranulomatoas\u0103 (inflama\u021bie) este o astfel de manifestare care pune \u00een eviden\u021b\u0103 semne precum Handlight Sign (dispersie g\u0103lbuie atunci c\u00e2nd ochii sunt expu\u0219i la un fascicul de lumin\u0103 concentrat, precum o lantern\u0103).<br \/>\nAcest sindrom este legat de reducerea semnificativ\u0103 a vederii \u00eempreun\u0103 cu structurile chistice \u0219i leziunile insuficiente de intrare\/ie\u0219ire din iris, provoc\u00e2nd distrugeri \u0219i \u00een interiorul cavit\u0103\u021bii orbitale dac\u0103 nu este tratat \u00een timp.     &nbsp;<\/p>\n<h2><strong>\u00cengro\u0219area corneei<\/strong><\/h2>\n<p>  Aceast\u0103 afec\u021biune apare atunci c\u00e2nd por\u021biunea exterioar\u0103 a ochiului, cunoscut\u0103 sub numele de cornee, devine mai groas\u0103 dec\u00e2t \u00een mod normal din cauza inflama\u021biei.<br \/>\nLa pisici, aceasta poate fi cauzat\u0103 fie de un virus, fie de o bacterie \u0219i poate dura s\u0103pt\u0103m\u00e2ni p\u00e2n\u0103 c\u00e2nd efectele sale devin vizibile.<br \/>\nDe obicei, ceea ce face ca acest simptom s\u0103 fie mai u\u0219or de identificat este dac\u0103 sunt prezente \u00een acela\u0219i timp \u0219i alte semne, cum ar fi vedere \u00eence\u021bo\u0219at\u0103 sau durere.<br \/>\nO pisic\u0103 care se confrunt\u0103 cu \u00eengro\u0219area corneei poate prezenta dificult\u0103\u021bi \u00een a vedea clar \u0219i, eventual, poate sim\u021bi un anumit disconfort sau durere din cauza sc\u0103derii calit\u0103\u021bii vederii.     &nbsp;<\/p>\n<h2><strong>Hypopyon<\/strong><\/h2>\n<p>  Hypopyon este un termen medical utilizat pentru a descrie o acumulare de globule albe la baza corneei, care apare adesea atunci c\u00e2nd inflama\u021bia sau infec\u021bia afecteaz\u0103 ochiul.<br \/>\nAcesta este cel mai frecvent asociat cu uveita, o inflama\u021bie \u00een interiorul ochiului care apare ca urmare a FIP la pisici.<br \/>\nHipopionul este cauzat de leucocitele (globule albe) care intr\u0103 prin iris \u0219i se acumuleaz\u0103 \u00een camera interioar\u0103 a ochiului.<br \/>\nAcest lucru, conduce apoi la observa\u021bii directe din examinarea fizic\u0103, cum ar fi o tulbureal\u0103 vizibil\u0103 \u00een una sau mai multe p\u0103r\u021bi ale globului ocular sau modific\u0103ri pupilare \u00een timpul testelor de expunere la lumin\u0103 efectuate de medicii veterinari.     &nbsp;<\/p>\n<h2><strong>Deta\u0219area retinei<\/strong><\/h2>\n<p>  Aceasta este o afec\u021biune care apare atunci c\u00e2nd retina se \u00eendep\u0103rteaz\u0103 de \u021besutul de sus\u021binere \u0219i de alimentarea cu s\u00e2nge subiacente.<br \/>\nAceasta poate fi cauzat\u0103 de o serie de afec\u021biuni medicale, cum ar fi hipertensiunea arterial\u0103, o gland\u0103 tiroid\u0103 hiperactiv\u0103 sau boli renale.<br \/>\nLa pisicile cu FIP pot ap\u0103rea modific\u0103ri granulomatoase, pe l\u00e2ng\u0103 hemoragie \u0219i deta\u0219are de retin\u0103.<br \/>\nPrincipalul simptom asociat cu deta\u0219area de retin\u0103 este pierderea vederii, care poate ap\u0103rea brusc sau treptat, \u00een func\u021bie de amploarea leziunilor \u0219i de severitatea infec\u021biei.<br \/>\nAlte semne includ voalarea sau \u00eence\u021bo\u0219area ochilor, perturbarea sau distorsionarea c\u00e2mpului vizual existent \u0219i dificult\u0103\u021bi de adaptare la medii cu lumin\u0103 puternic\u0103, inclusiv orbire nocturn\u0103.<br \/>\nUnele pisici pot avea, de asemenea, flotoare care rezult\u0103 din scurgerile de lichid vitros \u00een orice parte a structurii oculare, provoc\u00e2nd imagini distorsionate din cauza interferen\u021bei cu performan\u021bele normale ale liniei de vizibilitate.       &nbsp;<\/p>\n<h1><strong>Semne clinice de FIP neurologic\u0103<\/strong><\/h1>\n<p>  Fi\u021bi aten\u021bi la semne precum dezechilibru, \u00eenclinarea capului, convulsii \u0219i schimb\u0103ri comportamentale.  &nbsp;<\/p>\n<h2><strong>Dezechilibru<\/strong><\/h2>\n<p>  Dezechilibrul este un simptom comun al FIP \u0219i este adesea primul indiciu c\u0103 ceva nu este \u00een regul\u0103.<br \/>\nLa pisicile cu FIP, dezechilibrul se poate manifesta prin dificult\u0103\u021bi de mers sau pierderea coordon\u0103rii &#8211; \u00een func\u021bie de gravitatea afec\u021biunii.<br \/>\nAtunci c\u00e2nd trec de la pozi\u021bia culcat la pozi\u021bia \u00een picioare, unele pisici se pot balansa \u00eenainte \u0219i \u00eenapoi din cauza incapacit\u0103\u021bii de a-\u0219i rec\u0103p\u0103ta rapid echilibrul.<br \/>\nCauza acestui simptom poate varia \u00een func\u021bie de tipul de FIP pe care l-a dezvoltat pisica dumneavoastr\u0103.<br \/>\nAr putea fi cauzat\u0103 de leziuni neurologice sau de acumularea de lichid \u00een abdomen sau \u00een cavitatea toracic\u0103.<br \/>\nDezechilibrul la pisici nu trebuie luat u\u0219or \u0219i trebuie adus \u00een discu\u021bie cu medicul veterinar, deoarece diagnosticul precoce \u00eembun\u0103t\u0103\u021be\u0219te semnificativ prognosticul atunci c\u00e2nd vine vorba de tratarea acestei afec\u021biuni.<br \/>\nMedicul veterinar va \u00eencepe prin a efectua examin\u0103ri fizice, cum ar fi examinarea func\u021biei motorii \u0219i a reflexelor pentru ca acestea s\u0103 evalueze dac\u0103 mersul pisicii pare coordonat.        &nbsp;<\/p>\n<h2><strong>\u00cenclinarea capului<\/strong><\/h2>\n<p>  \u00cenclinarea capului este un semn clinic important al PIF neurologice, deoarece indic\u0103 adesea un sindrom vestibular.<br \/>\nSindromul vestibular apare atunci c\u00e2nd partea creierului responsabil\u0103 de echilibru nu func\u021bioneaz\u0103 corect, cauz\u00e2nd dezechilibru \u0219i dificult\u0103\u021bi de coordonare.<br \/>\nLa pisici, acest lucru se manifest\u0103 printr-o \u00eenclinare pronun\u021bat\u0103 a capului \u00eentr-o parte sau alta.<br \/>\nAceasta poate fi \u00eenso\u021bit\u0103 de ochi care nu par s\u0103 se mi\u0219te \u00eempreun\u0103 \u00een mod normal.<br \/>\nUnul se poate mi\u0219ca rapid \u00eenainte \u0219i \u00eenapoi, \u00een timp ce cel\u0103lalt r\u0103m\u00e2ne nemi\u0219cat, precum \u0219i mi\u0219c\u0103ri de rostogolire cauzate de gravita\u021bie care fac dificil\u0103 men\u021binerea pisicii \u00een pozi\u021bie vertical\u0103.      &nbsp;<\/p>\n<h2><strong>Convulsii<\/strong><\/h2>\n<p>  Convulsiile pot fi un semn clinic al FIP atunci c\u00e2nd este prezent\u0103 afectarea neurologic\u0103.<br \/>\nPrintre semnele care indic\u0103 faptul c\u0103 pisica dumneavoastr\u0103 poate suferi o criz\u0103 din cauza FIP se num\u0103r\u0103 eliminarea necorespunz\u0103toare, comportamente asem\u0103n\u0103toare demen\u021bei, cum ar fi \u00eencercuirea sau agresivitatea, sc\u0103derea coordon\u0103rii \u0219i a echilibrului \u0219i vocaliz\u0103ri ciudate sau pierderea cuno\u0219tin\u021bei.<br \/>\nDe fiecare dat\u0103 c\u00e2nd pisica dumneavoastr\u0103 sufer\u0103 o criz\u0103, trebuie s\u0103 o duce\u021bi imediat la medicul veterinar pentru o evaluare \u0219i un diagnostic mai am\u0103nun\u021bit.    &nbsp;<\/p>\n<h2><strong>Schimbarea comportamentului<\/strong><\/h2>\n<p>  Schimb\u0103rile de comportament pot fi un indicator timpuriu al FIP.<br \/>\nUn simptom comun care \u00eei \u00eengrijoreaz\u0103 pe proprietari sunt schimb\u0103rile bru\u0219te ale comportamentului pisicii lor.<br \/>\nPisicile se pot ascunde mai des dec\u00e2t de obicei sau pot manifesta agresivitate atunci c\u00e2nd \u00een mod normal nu ar face-o.<\/p>\n","protected":false},"excerpt":{"rendered":"<p>Este \u00een\u021belept atunci c\u00e2nd ne uit\u0103m la FIP la pisici simptome bazate pe tipuri de FIP. Acestea sunt incluse pentru un diagnostic mai precis. Cunoa\u0219terea tipului de FIP v\u0103 poate ajuta s\u0103 prezice\u021bi severitatea, precum \u0219i toate formele diferite de FIP care pot ap\u0103rea, astfel \u00eenc\u00e2t s\u0103 nu pierde\u021bi niciun simptom. &nbsp; Semne clinice de [&hellip;]<\/p>\n","protected":false},"author":1,"featured_media":21958,"parent":0,"menu_order":0,"comment_status":"closed","ping_status":"closed","template":"","meta":{"_glsr_average":0,"_glsr_ranking":0,"_glsr_reviews":0,"footnotes":""},"categories":[749],"tags":[],"_links":{"self":[{"href":"https:\/\/fipmed.co\/ro\/wp-json\/wp\/v2\/pages\/21957"}],"collection":[{"href":"https:\/\/fipmed.co\/ro\/wp-json\/wp\/v2\/pages"}],"about":[{"href":"https:\/\/fipmed.co\/ro\/wp-json\/wp\/v2\/types\/page"}],"author":[{"embeddable":true,"href":"https:\/\/fipmed.co\/ro\/wp-json\/wp\/v2\/users\/1"}],"replies":[{"embeddable":true,"href":"https:\/\/fipmed.co\/ro\/wp-json\/wp\/v2\/comments?post=21957"}],"version-history":[{"count":0,"href":"https:\/\/fipmed.co\/ro\/wp-json\/wp\/v2\/pages\/21957\/revisions"}],"wp:featuredmedia":[{"embeddable":true,"href":"https:\/\/fipmed.co\/ro\/wp-json\/wp\/v2\/media\/21958"}],"wp:attachment":[{"href":"https:\/\/fipmed.co\/ro\/wp-json\/wp\/v2\/media?parent=21957"}],"wp:term":[{"taxonomy":"category","embeddable":true,"href":"https:\/\/fipmed.co\/ro\/wp-json\/wp\/v2\/categories?post=21957"},{"taxonomy":"post_tag","embeddable":true,"href":"https:\/\/fipmed.co\/ro\/wp-json\/wp\/v2\/tags?post=21957"}],"curies":[{"name":"wp","href":"https:\/\/api.w.org\/{rel}","templated":true}]}}