{"id":22012,"date":"2024-03-25T05:50:49","date_gmt":"2024-03-25T05:50:49","guid":{"rendered":"https:\/\/fipmed.co\/factori-de-risc-in-cazul-peritonitei-infectioase-feline-fip\/"},"modified":"2024-03-25T05:50:49","modified_gmt":"2024-03-25T05:50:49","slug":"factori-de-risc-in-cazul-peritonitei-infectioase-feline-fip","status":"publish","type":"page","link":"https:\/\/fipmed.co\/ro\/factori-de-risc-in-cazul-peritonitei-infectioase-feline-fip\/","title":{"rendered":"Peritonita infec\u021bioas\u0103 felin\u0103: Factori de risc FIP"},"content":{"rendered":"<p><strong>Care sunt unii dintre factorii de risc ai FIP?<\/strong>  Unele pisici sunt mai predispuse la FIP dec\u00e2t altele, chiar dac\u0103 Coronavirusul responsabil de aceast\u0103 boal\u0103 se g\u0103se\u0219te peste tot.<br \/>\nMai jos sunt prezenta\u021bi unii dintre factorii de risc care cresc riscul ca o pisic\u0103 s\u0103 dezvolte FIP. &nbsp;<strong>V\u00e2rsta<\/strong> 50% dintre pisicile care dezvolt\u0103 FIP au mai pu\u021bin de 2 ani, deci au fost probabil infectate c\u00e2nd erau pisoi, c\u00e2nd sistemul lor imunitar era prea t\u00e2n\u0103r pentru a face fa\u021b\u0103 infec\u021biei cu FCoV.<br \/>\nPisicile mai tinere \u0219i pisicile \u00een v\u00e2rst\u0103 au adesea un sistem imunitar imatur sau sl\u0103bit, ceea ce le poate expune unui risc mai mare de a dezvolta FIP.<br \/>\nDe asemenea, pisoii tineri ar putea fi expu\u0219i la virus atunci c\u00e2nd se aflau \u00een cresc\u0103torii sau ad\u0103posturi. &nbsp;<strong>Rasa ca factor de risc pentru FIP<\/strong> Anumite rase, cum ar fi pisicile de ras\u0103 pur\u0103 sau cele din cresc\u0103torii, pot avea un risc mai mare de FIP.<br \/>\nPisicile persane \u0219i rasele \u00eenrudite par s\u0103 fie mai susceptibile.<br \/>\nExist\u0103 dovezi care sugereaz\u0103 c\u0103 pisicile persane sunt purt\u0103toare de &#8222;alele predispozante&#8221; pentru aceast\u0103 afec\u021biune, ceea ce le face vulnerabile atunci c\u00e2nd sunt expuse la virusul care provoac\u0103 FIP.<br \/>\nPisicile din cresc\u0103torii sau din linii de ras\u0103 pur\u0103 pot fi deosebit de predispuse la FIP.<br \/>\nAbisinienii, bengalezii, birmanii, himalayenii, ragdoll-urile \u0219i Rex-urile prezint\u0103 un risc semnificativ mai mare de a dezvolta boala \u00een compara\u021bie cu alte pisici.<br \/>\nAlte rase de pisici, inclusiv birmaneza, Exotic Shorthairs, Manxes, persane \u0219i Russian Blues sunt, de asemenea, considerate mai susceptibile la FIP din cauza geneticii \u0219i a expunerii lor crescute \u00een programele de reproducere.<br \/>\nSe crede c\u0103 anumi\u021bi factori genetici asocia\u021bi pisicilor persane (\u0219i raselor asociate acestora) le fac pu\u021bin mai pu\u021bin capabile dec\u00e2t alte specii de feline s\u0103 controleze virusul care cauzeaz\u0103 FIP &#8211; ceea ce le face mai predispuse la infec\u021bie \u00een cazul \u00een care intr\u0103 \u00een contact cu acesta.           &nbsp;<\/p>\n<p><strong>Condi\u021bii de via\u021b\u0103 aglomerate<\/strong><strong> <\/strong>  Pisicile care tr\u0103iesc \u00een medii aglomerate sau stresante, cum ar fi gospod\u0103riile cu mai multe pisici sau ad\u0103posturile, pot avea un risc mai mare de expunere la coronavirusul felin, care poate cre\u0219te probabilitatea de a dezvolta FIP.<br \/>\nUnii factori de risc de FIP lega\u021bi de traiul \u00een condi\u021bii de aglomera\u021bie includ apropierea de alte pisici, resursele comune (cum ar fi vasele de m\u00e2ncare, litierele \u0219i paturile) \u0219i sistemele imunitare sl\u0103bite din cauza stresului.<br \/>\nExpunerea la alte pisici este un factor important de transmitere, deoarece pisicile infectate elimin\u0103 virusul \u00een saliva sau fecalele lor.<br \/>\nContactul str\u00e2ns \u00eentre pisici permite r\u0103sp\u00e2ndirea mai u\u0219oar\u0103 a virusului.<br \/>\n\u00cen gospod\u0103riile cu mai multe pisici \u0219i \u00een ad\u0103posturi, este important s\u0103 se reduc\u0103 \u0219ansele de transmitere prin promovarea bunelor practici de igien\u0103, cum ar fi dezinfectarea suprafe\u021belor cu un detergent de uz casnic \u0219i sp\u0103larea regulat\u0103 a m\u00e2inilor \u00eenainte de a m\u00e2ng\u00e2ia diferite feline.<br \/>\nDe asemenea, este important s\u0103 \u00eencuraja\u021bi comportamentele s\u0103n\u0103toase \u00een r\u00e2ndul pisicilor, inclusiv asigurarea unui spa\u021biu suficient pentru fiecare pisic\u0103, astfel \u00eenc\u00e2t acestea s\u0103 nu se lupte pentru teritoriu.<br \/>\nFolosi\u021bi m\u0103suri de control al d\u0103un\u0103torilor, cum ar fi tratamentele de prevenire a puricilor, dac\u0103 este necesar, \u0219i oferi\u021bi activit\u0103\u021bi de \u00eembog\u0103\u021bire, cum ar fi juc\u0103rii\/juc\u0103rii\/taurine de c\u0103\u021b\u0103rat etc.<br \/>\nAsigura\u021bi-v\u0103 c\u0103 pisicile sunt hr\u0103nite \u00een mod egal, f\u0103r\u0103 a fi nevoie s\u0103 se &#8222;lupte&#8221; pentru m\u00e2ncare \u0219i oferi\u021bi locuri de odihn\u0103 confortabile. &nbsp;<strong>Genetica<\/strong> Unele pisici pot avea o predispozi\u021bie genetic\u0103 care le face mai susceptibile de a dezvolta FIP.<br \/>\nAceasta poate fi legat\u0103 de sistemul lor imunitar sau de capacitatea lor de a controla coronavirusul felin.<br \/>\nConstitu\u021bia genetic\u0103 a unei pisici o poate face mai vulnerabil\u0103 la infec\u021bie, fie f\u0103c\u00e2ndu-le incapabile s\u0103 recunoasc\u0103 \u0219i s\u0103 lupte \u00eempotriva particulelor de virus invadatoare, fie f\u0103c\u00e2nd membranele lor celulare mai pu\u021bin rezistente \u00eempotriva virusului.<br \/>\nDe asemenea, pot face ca anumite celule ale pisicilor s\u0103 fie susceptibile la un r\u0103spuns imunitar care va declan\u0219a o inflama\u021bie ce va duce la deteriorarea suplimentar\u0103 a \u021besuturilor.<br \/>\n\u00cen plus, unele pisici ar putea s\u0103 nu aib\u0103 capacitatea de a controla replicarea tulpinii periculoase de coronavirus felin asociat\u0103 cu FIP, cresc\u00e2nd astfel susceptibilitatea lor de a dezvolta aceast\u0103 afec\u021biune. &nbsp;<strong>Stresul<\/strong> Stresul afecteaz\u0103 negativ sistemul imunitar al pisicilor, reduc\u00e2ndu-le capacitatea de a lupta \u00eempotriva infec\u021biilor.<br \/>\nPisicile pot deveni stresate atunci c\u00e2nd se confrunt\u0103 cu orice schimbare semnificativ\u0103 a mediului sau a rutinei lor, cum ar fi mutarea casei sau introducerea unui nou animal de companie.<br \/>\nAtunci c\u00e2nd o pisic\u0103 este expus\u0103 la factori de stres, organismul s\u0103u elibereaz\u0103 hormoni care suprim\u0103 produc\u021bia \u0219i func\u021bia anumitor celule imunitare.<br \/>\nAcest lucru face ca performan\u021ba general\u0103 a sistemului imunitar al pisicii s\u0103 scad\u0103, f\u0103c\u00e2nd-o mai susceptibil\u0103 nu numai la FIP, ci \u0219i la alte boli sau afec\u021biuni, cum ar fi cele cauzate de parazi\u021bi \u0219i bacterii.<br \/>\nMajoritatea pisicilor care dezvolt\u0103 FIP au un istoric de stres cu c\u00e2teva s\u0103pt\u0103m\u00e2ni sau luni \u00eenainte de apari\u021bia FIP.<br \/>\nPrin urmare, oferirea de activit\u0103\u021bi de \u00eembog\u0103\u021bire a mediului \u0219i minimizarea surselor poten\u021biale de stres pot contribui la reducerea vulnerabilit\u0103\u021bii animalelor de companie la aceast\u0103 boal\u0103.                  &nbsp;<\/p>\n<p><strong>Starea sistemului imunitar<\/strong><strong> <\/strong>  Pisicile cu sistemul imunitar compromis, cum ar fi cele cu virusul leucemiei feline (FeLV) sau virusul imunodeficien\u021bei feline (FIV), prezint\u0103 un risc mai mare de a dezvolta FIP.<br \/>\nFeLV \u0219i FIV sunt infec\u021bii virale care afecteaz\u0103 pisicile, ambele atac\u00e2nd sistemul imunitar al pisicii.<br \/>\nCa urmare, pisicile cu un sistem imunitar sl\u0103bit din cauza oric\u0103ruia dintre cele dou\u0103 virusuri au adesea dificult\u0103\u021bi \u00een a lupta \u00eempotriva altor boli sau afec\u021biuni, inclusiv FIP.<br \/>\nPisicile cu boli subiacente, cum ar fi FeLV sau FIV, pot fi mai pu\u021bin capabile s\u0103 organizeze un r\u0103spuns eficient \u00eempotriva infec\u021biei cu coronavirus atunci c\u00e2nd sunt expuse la aceasta \u0219i este mai probabil s\u0103 sucombe \u00een urma dezvolt\u0103rii bolii.<br \/>\nCea mai bun\u0103 modalitate prin care p\u0103rin\u021bii de animale de companie pot reduce la minimum riscul ca pisica lor s\u0103 dezvolte FIP este cunoa\u0219terea istoricului s\u0103u de s\u0103n\u0103tate.<br \/>\nVizitele regulate la medicul veterinar ar trebui s\u0103 includ\u0103 controale am\u0103nun\u021bite ale st\u0103rii generale de s\u0103n\u0103tate a animalului dumneavoastr\u0103 de companie, inclusiv teste pentru depistarea acestor virusuri, astfel \u00eenc\u00e2t s\u0103 pute\u021bi detecta din timp orice semn \u0219i s\u0103 oferi\u021bi pisicii dumneavoastr\u0103 \u00eengrijirea \u0219i tratamentul adecvate, dac\u0103 este necesar.<\/p>\n","protected":false},"excerpt":{"rendered":"<p>Care sunt unii dintre factorii de risc ai FIP? Unele pisici sunt mai predispuse la FIP dec\u00e2t altele, chiar dac\u0103 Coronavirusul responsabil de aceast\u0103 boal\u0103 se g\u0103se\u0219te peste tot. Mai jos sunt prezenta\u021bi unii dintre factorii de risc care cresc riscul ca o pisic\u0103 s\u0103 dezvolte FIP. &nbsp;V\u00e2rsta 50% dintre pisicile care dezvolt\u0103 FIP au [&hellip;]<\/p>\n","protected":false},"author":1,"featured_media":22013,"parent":0,"menu_order":0,"comment_status":"closed","ping_status":"closed","template":"","meta":{"_glsr_average":0,"_glsr_ranking":0,"_glsr_reviews":0,"footnotes":""},"categories":[749],"tags":[],"_links":{"self":[{"href":"https:\/\/fipmed.co\/ro\/wp-json\/wp\/v2\/pages\/22012"}],"collection":[{"href":"https:\/\/fipmed.co\/ro\/wp-json\/wp\/v2\/pages"}],"about":[{"href":"https:\/\/fipmed.co\/ro\/wp-json\/wp\/v2\/types\/page"}],"author":[{"embeddable":true,"href":"https:\/\/fipmed.co\/ro\/wp-json\/wp\/v2\/users\/1"}],"replies":[{"embeddable":true,"href":"https:\/\/fipmed.co\/ro\/wp-json\/wp\/v2\/comments?post=22012"}],"version-history":[{"count":0,"href":"https:\/\/fipmed.co\/ro\/wp-json\/wp\/v2\/pages\/22012\/revisions"}],"wp:featuredmedia":[{"embeddable":true,"href":"https:\/\/fipmed.co\/ro\/wp-json\/wp\/v2\/media\/22013"}],"wp:attachment":[{"href":"https:\/\/fipmed.co\/ro\/wp-json\/wp\/v2\/media?parent=22012"}],"wp:term":[{"taxonomy":"category","embeddable":true,"href":"https:\/\/fipmed.co\/ro\/wp-json\/wp\/v2\/categories?post=22012"},{"taxonomy":"post_tag","embeddable":true,"href":"https:\/\/fipmed.co\/ro\/wp-json\/wp\/v2\/tags?post=22012"}],"curies":[{"name":"wp","href":"https:\/\/api.w.org\/{rel}","templated":true}]}}