{"id":22039,"date":"2022-12-02T07:39:47","date_gmt":"2022-12-02T07:39:47","guid":{"rendered":"https:\/\/fipmed.co\/cand-vaccinul-fip-nu-functioneaza-preventii-pentru-pisicile-care-primesc-fip\/"},"modified":"2022-12-02T07:39:47","modified_gmt":"2022-12-02T07:39:47","slug":"cand-vaccinul-fip-nu-functioneaza-preventii-pentru-pisicile-care-primesc-fip","status":"publish","type":"page","link":"https:\/\/fipmed.co\/ro\/cand-vaccinul-fip-nu-functioneaza-preventii-pentru-pisicile-care-primesc-fip\/","title":{"rendered":"Vaccinul FIP \u0219i alte modalit\u0103\u021bi de prevenire a apari\u021biei FIP la pisici"},"content":{"rendered":"<p>Peritonita infec\u021bioas\u0103 felin\u0103 (FIP) este un virus incurabil \u0219i adesea fatal care afecteaz\u0103 mai pu\u021bin de un procent dintre pisici.<br \/>\n\u00cen prezent, nu exist\u0103 niciun tratament eficient pentru aceast\u0103 boal\u0103, astfel \u00eenc\u00e2t este esen\u021bial s\u0103 o preveni\u021bi \u00eenainte de apari\u021bia simptomelor.<br \/>\n\u00cen prezent, nu exist\u0103 niciun vaccin cunoscut \u00eempotriva FIP care s\u0103 fie eficient \u00een mod constant.<br \/>\nDin acest motiv, prevenirea \u00eemboln\u0103virii pisicilor este foarte important\u0103, av\u00e2nd \u00een vedere lipsa unei medica\u021bii consistente.<br \/>\nProprietarii de pisici trebuie s\u0103 fie vigilen\u021bi, deoarece sunt responsabili pentru s\u0103n\u0103tatea pisicilor lor, mai ales dac\u0103 de\u021bin multe pisici \u00een acela\u0219i timp.<br \/>\nUna dintre cele mai greu de \u00een\u021beles boli este FIP.<br \/>\nDiagnosticul, gestionarea \u0219i prevenirea acestei boli vor continua s\u0103 fac\u0103 obiectul dezbaterilor.<br \/>\nEste \u00eendoielnic c\u0103 putem evita <a href=\"\/?page_id=6094\" target=\"_blank\" rel=\"noopener\">FIP<\/a>, deoarece exist\u0103 \u00eenc\u0103 foarte multe lucruri pe care nu le \u0219tim despre ea \u0219i deoarece coronavirusul este u\u0219or de transferat la multe pisici la nivel global.<br \/>\nDe\u0219i exist\u0103 un vaccin \u00eempotriva FIP, nu exist\u0103 dovezi c\u0103 acesta poate preveni boala, prin urmare nu este recomandat \u00een prezent.          <\/p>\n<h1>\u00cen\u021belegerea FIP \u0219i nevoia de vaccinare<\/h1>\n<p>  FIP este un virus periculos care poate provoca boli grave la pisici \u0219i necesit\u0103 vaccinare pentru a preveni r\u0103sp\u00e2ndirea sa.  <\/p>\n<h2>Ce este FIP?<\/h2>\n<p>  FIP, sau peritonita infec\u021bioas\u0103 felin\u0103, este o infec\u021bie viral\u0103 care afecteaz\u0103 pisicile \u0219i care este cauzat\u0103 de anumite tulpini ale coronavirusului felin.<br \/>\nEste o boal\u0103 extrem de contagioas\u0103 \u00een r\u00e2ndul pisicilor \u0219i se r\u0103sp\u00e2nde\u0219te rapid prin contact direct cu saliva, urina, fecalele \u0219i a\u0219ternutul <a href=\"\/?page_id=899\" target=\"_blank\" rel=\"noopener\">pisicilor infectate<\/a>.<br \/>\nDeoarece este adesea dificil de diagnosticat din cauza complexit\u0103\u021bii sale, FIP poate afecta at\u00e2t pisicile de ras\u0103 pur\u0103, c\u00e2t \u0219i cele de ras\u0103 aleatorie &#8211; \u00een special puii tineri &#8211; f\u0103r\u0103 avertisment.<br \/>\n\u00cen func\u021bie de gravitatea simptomelor, <a href=\"\/?page_id=887\" target=\"_blank\" rel=\"noopener\">tratamentul pentru FIP<\/a> poate implica \u00eengrijiri de sus\u021binere, cum ar fi antibiotice \u0219i analgezice, precum \u0219i m\u0103suri mai intensive, cum ar fi administrarea de lichide intravenos sau direct \u00een abdomen, dac\u0103 este necesar.<br \/>\nDe\u0219i nu exist\u0103 \u00eenc\u0103 un tratament garantat pentru FIP, vaccinarea \u00eempotriva bolii poate reduce riscul acesteia la pisicile sensibile.      <\/p>\n<h2>De ce este important\u0103 vaccinarea \u00eempotriva FIP?<\/h2>\n<p><a href=\"\/?page_id=13322\" target=\"_blank\" rel=\"noopener\">FIP este o boal\u0103 viral\u0103 poten\u021bial mortal\u0103 la pisici, cauzat\u0103<\/a> de coronavirusul FCoV.<br \/>\nOdat\u0103 ce o pisic\u0103 dezvolt\u0103 FIP, exist\u0103 o rat\u0103 de mortalitate aproape sigur\u0103.<br \/>\nVaccinarea \u00eempotriva acestui virus poate ajuta la protejarea pisicilor de infectare \u0219i, \u00een cele din urm\u0103, de moarte din cauza FIP.<br \/>\n\u00cen ciuda eficacit\u0103\u021bii limitate a vaccinurilor disponibile \u00een prezent pentru tratament, vaccinarea pisicilor \u00eempotriva acestui virus letal ar putea reduce semnificativ inciden\u021ba acestuia, dac\u0103 este efectuat\u0103 \u00een mod corespunz\u0103tor, cu o administrare eficient\u0103 a vaccinului, precum \u0219i cu vaccin\u0103ri ulterioare \u00een conformitate cu protocolul standard.<br \/>\nPisicile ar trebui vaccinate \u00een mod regulat \u0219i monitorizate \u00eendeaproape pentru a se asigura c\u0103 imunizarea este luat\u0103 \u00een considerare la evaluarea factorilor de risc asocia\u021bi cu infec\u021biile sau expunerea din cauza diferitelor condi\u021bii de mediu pe care le pot \u00eent\u00e2lni \u00een via\u021ba de zi cu zi, reduc\u00e2nd \u00een acela\u0219i timp injec\u021biile cu antivirale care ar fi fost necesare dac\u0103 pisica nu ar fi fost vaccinat\u0103 deloc.      <\/p>\n<h1>Tipuri de vaccinuri \u00eempotriva FIP<\/h1>\n<p>  \u00cen prezent, singurul vaccin \u00eempotriva FIP disponibil pe pia\u021b\u0103 este Vanguard\u00ae Feline FIP Intranasal.  <\/p>\n<h2>Vanguard\u00ae Feline FIP Intranazal<\/h2>\n<p>  este un vaccin intranazal f\u0103r\u0103 adjuvant, dezvoltat pentru a ajuta la protejarea pisicilor de 16 s\u0103pt\u0103m\u00e2ni sau mai \u00een v\u00e2rst\u0103 \u00eempotriva peritonitei infec\u021bioase feline (FIP).<br \/>\nFIP este cauzat\u0103 de virusul peritonitei infec\u021bioase feline (FIPV) \u0219i poate provoca complica\u021bii grave, inclusiv moartea.<br \/>\nAcest vaccin se administreaz\u0103 intranazal, cu dou\u0103 doze administrate la interval de 3-4 s\u0103pt\u0103m\u00e2ni pentru o protec\u021bie optim\u0103 \u00eempotriva FIP.<br \/>\nStudiile au constatat c\u0103 pisicile care au fost vaccinate cu forma sensibil\u0103 la temperatur\u0103 a FIPV au avut o protec\u021bie m\u0103surabil\u0103 \u00eempotriva bolii fa\u021b\u0103 de cele f\u0103r\u0103 vaccinare.<br \/>\n\u00cen plus, Vanguard\u00ae ofer\u0103, de asemenea, o form\u0103 injectabil\u0103 a acestui vaccin pentru prevenirea at\u00e2t a pisicilor cu pui, c\u00e2t \u0219i a pisicilor adulte \u00eencep\u00e2nd cu v\u00e2rsta de 16 s\u0103pt\u0103m\u00e2ni.<br \/>\nVaccinarea pisicii dvs. \u00eempotriva FIP \u00eei ofer\u0103 o protec\u021bie esen\u021bial\u0103 \u00eempotriva unui virus care \u00eei pune via\u021ba \u00een pericol &#8211; cu toate acestea, este doar o component\u0103 a protej\u0103rii s\u0103n\u0103t\u0103\u021bii pisicii dvs., astfel \u00eenc\u00e2t trebuie luate \u0219i alte m\u0103suri de precau\u021bie pentru a-i proteja bun\u0103starea, cum ar fi reducerea nivelului de stres, asigurarea unei alimenta\u021bii adecvate \u0219i luarea unor m\u0103suri suplimentare de precau\u021bie atunci c\u00e2nd pisica este cazat\u0103 la ad\u0103posturi sau la ad\u0103posturi unde poate intra \u00een contact cu alte animale purt\u0103toare de boli transmisibile.       <\/p>\n<h1>Beneficiile \u0219i riscurile vaccin\u0103rii \u00eempotriva FIP<\/h1>\n<p>  Vaccinarea pisicii dumneavoastr\u0103 \u00eempotriva FIP poate fi o modalitate eficient\u0103 de a o proteja de acest virus periculos, dar este important s\u0103 \u00een\u021belege\u021bi at\u00e2t beneficiile poten\u021biale, c\u00e2t \u0219i riscurile asociate vaccinului.  <\/p>\n<h2>Beneficiile vaccin\u0103rii \u00eempotriva FIP<\/h2>\n<ul>\n<li>Protec\u021bie \u00eempotriva bolilor cauzate de coronavirusurile feline, cum ar fi infec\u021biile FIP \u0219i FCoV.<\/li>\n<li>Risc redus de transmitere a bolilor de la pisic\u0103 la pisic\u0103.<\/li>\n<li>\u00cembun\u0103t\u0103\u021birea calit\u0103\u021bii vie\u021bii pisicilor afectate de FIP \u0219i infec\u021bii FCoV prin prevenire.<\/li>\n<li>Cre\u0219te longevitatea datorit\u0103 severit\u0103\u021bii reduse sau chiar vindec\u0103rii poten\u021biale a cazurilor de FIP atunci c\u00e2nd sunt vaccinate.<\/li>\n<\/ul>\n<h2>Riscuri ale vaccin\u0103rii \u00eempotriva FIP (intensificarea dependent\u0103 de anticorpi)<\/h2>\n<p>  Vaccinarea \u00eempotriva FIP poate prezenta riscuri asociate cu intensificarea dependent\u0103 de anticorpi (ADE), un proces prin care complexele virus-anticorp intensific\u0103 infec\u021bia.<br \/>\nS-a demonstrat c\u0103 FIPV \u00eensu\u0219i prezint\u0103 un efect ADE \u00een prezen\u021ba anticorpilor anti-FIPV, iar acest lucru a generat preocup\u0103ri \u00een timpul dezvolt\u0103rii vaccinurilor aferente.   <\/p>\n<ol>\n<li>Reac\u021bii viscerotropice anormale care au condus la deces<\/li>\n<li>Infec\u021bii persistente care nu au fost eliminate eficient la revaccinare<\/li>\n<li>Cre\u0219teri ale ratei mortalit\u0103\u021bii post-vaccinale comparativ cu ratele pre-vaccinale<\/li>\n<li>Distribu\u021bii modificate ale agen\u021bilor patogeni la compararea animalelor neinfectate \u0219i vaccinate<\/li>\n<\/ol>\n<h1>Alte modalit\u0103\u021bi de a v\u0103 proteja pisica de FIP<\/h1>\n<p>  Exist\u0103 m\u0103suri simple pe care le pute\u021bi lua \u00een fiecare zi pentru a v\u0103 men\u021bine pisica \u00een siguran\u021b\u0103 \u0219i s\u0103n\u0103toas\u0103, inclusiv reducerea nivelului de stres, men\u021binerea unei alimenta\u021bii adecvate \u0219i luarea unor m\u0103suri de precau\u021bie suplimentare atunci c\u00e2nd v\u0103 \u00eembarca\u021bi.<br \/>\nAmerican Association of Feline Practitioners nu recomand\u0103 vaccinul FIP, \u00een ciuda existen\u021bei acestuia.<br \/>\n\u00cen momentul \u00een care sunt suficient de mari (16 s\u0103pt\u0103m\u00e2ni) pentru a primi vaccinul, majoritatea pisicilor vor fi fost deja expuse la coronavirusul felin, ceea ce face vaccinul mai pu\u021bin eficient.<br \/>\nMai jos sunt prezentate c\u00e2teva exemple de tactici de prevenire pentru a reduce riscul de a fi expus la coronavirusul felin, dar re\u021bine\u021bi c\u0103 acestea nu vor opri FIP.     <\/p>\n<ul>\n<li>\u021aine\u021bi bolurile pentru ap\u0103 \u0219i m\u00e2ncare la distan\u021b\u0103 mare de litier\u0103.<\/li>\n<li>Folosi\u021bi cutii de nisip unice pentru fiecare pisic\u0103, plus una suplimentar\u0103.<\/li>\n<li>Utiliza\u021bi \u00een\u0103lbitor diluat pentru a cur\u0103\u021ba spa\u021biile de locuit \u0219i bolurile pentru m\u00e2ncare \u0219i ap\u0103 (1 parte \u00een\u0103lbitor la 32 p\u0103r\u021bi ap\u0103).<\/li>\n<li>Pentru a reduce tensiunea, \u00eembog\u0103\u021bi\u021bi mediul \u00eenconjur\u0103tor (cum ar fi juc\u0103rii puzzle \u0219i per\u0219e pentru pisici).<\/li>\n<li>Dac\u0103 ave\u021bi multe pisici, nu l\u0103sa\u021bi mai mult de trei pisici \u00een fiecare camer\u0103 pentru a evita supraaglomerarea<\/li>\n<\/ul>\n<p>  Pisicile cu FIP sufer\u0103 de o afec\u021biune rar\u0103, complicat\u0103 \u0219i extrem de letal\u0103.<br \/>\nDuce\u021bi-v\u0103 pisica la medicul veterinar c\u00e2t mai cur\u00e2nd posibil dac\u0103 \u00eencepe s\u0103 prezinte simptome ale bolii.<br \/>\nAtunci c\u00e2nd pisoii sunt \u00eendep\u0103rta\u021bi de sursele de infec\u021bie, anticorpii produ\u0219i de mam\u0103 \u00eei protejeaz\u0103 \u00eempotriva infec\u021biei p\u00e2n\u0103 la \u00een\u021b\u0103rcare, care are loc de obicei la v\u00e2rsta de aproximativ 5-7 s\u0103pt\u0103m\u00e2ni.<br \/>\nFCoV este un virus foarte contagios, prin urmare o astfel de protec\u021bie necesit\u0103 o cur\u0103\u021benie strict\u0103.     <\/p>\n<h2>Reducerea stresului<\/h2>\n<p>  Reducerea stresului la pisici este una dintre cele mai eficiente modalit\u0103\u021bi de a le proteja de apari\u021bia peritonitei infec\u021bioase feline (FIP).<br \/>\nStresul le poate sl\u0103bi sistemul imunitar \u0219i le poate cre\u0219te riscul de a contracta boli precum FIP.<br \/>\nVia\u021ba \u00eentr-un mediu aglomerat sau haotic, schimbarea extrem\u0103 a rutinei, prezen\u021ba \u00een preajma unor persoane sau animale necunoscute, durerea fizic\u0103 \u0219i disconfortul sunt toate surse comune de stres felin.<br \/>\nPisicile care tr\u0103iesc \u00een gospod\u0103rii cu mai multe pisici sau \u00een ad\u0103posturi sunt mai predispuse s\u0103 aib\u0103 niveluri mai ridicate de stres din cauza supraaglomer\u0103rii.<br \/>\nPrin urmare, este important ca proprietarii s\u0103 ofere un mediu de via\u021b\u0103 \u00eembog\u0103\u021bit, cu multe ascunz\u0103tori \u0219i timp de pace \u0219i lini\u0219te departe de copii \u0219i alte animale de companie.<br \/>\n\u00cen plus, implicarea pisicii \u00een jocuri interactive folosind juc\u0103rii precum mingile sau juc\u0103riile cu baghet\u0103 ajut\u0103 la men\u021binerea ei activ\u0103, f\u0103r\u0103 a provoca o presiune inutil\u0103 asupra corpului sau min\u021bii sale.<br \/>\nInstalarea difuzoarelor de feromoni \u00een jurul casei poate contribui, de asemenea, la crearea unei atmosfere lini\u0219titoare, special concepute pentru reducerea anxiet\u0103\u021bii la pisici, amintindu-le c\u0103 sunt \u00een siguran\u021b\u0103 acas\u0103.        <\/p>\n<h2>Asigurarea unei alimenta\u021bii adecvate<\/h2>\n<p>  Cheia pentru a v\u0103 men\u021bine <a href=\"\/?page_id=885\" target=\"_blank\" rel=\"noopener\">pisica s\u0103n\u0103toas\u0103<\/a> \u0219i pentru a reduce riscul de FIP este asigurarea unei diete echilibrate, bogate \u00een nutrien\u021bi.<br \/>\nAlimenta\u021bia pisicii trebuie s\u0103 includ\u0103 acizi gra\u0219i esen\u021biali, proteine, fibre, ap\u0103 \u0219i vitamine, printre alte minerale \u0219i micronutrien\u021bi.<br \/>\nUnii dintre ace\u0219ti nutrien\u021bi vitali pot fi ob\u021binu\u021bi prin alimente precum legume precum broccoli sau morcovi care con\u021bin vitamina A pentru s\u0103n\u0103tatea ochilor sau linte \u0219i ulei de pe\u0219te care con\u021bine omega-3 care ajut\u0103 la sus\u021binerea sistemului imunitar, evit\u00e2nd \u00een acela\u0219i timp alimentele procesate pentru pisici pline de aditivi.<br \/>\nM\u00e2ncarea organic\u0103, ori de c\u00e2te ori este posibil, va contribui mult la asigurarea tuturor nevoilor alimentare zilnice necesare, precum \u0219i la prevenirea oric\u0103ror compu\u0219i toxici ad\u0103uga\u021bi care ar putea afecta bun\u0103starea general\u0103 a felinelor.<br \/>\nEste posibil s\u0103 fie necesare \u0219i alte suplimente \u00een cazul \u00een care pisicile nu \u00ee\u0219i \u00eendeplinesc nevoile nutri\u021bionale zilnice doar cu ajutorul meselor regulate.<br \/>\nDe exemplu, dac\u0103 pisicile sunt predispuse la niveluri sc\u0103zute de energie, poate fi necesar un supliment de fier pentru a le feri de oboseal\u0103, oferindu-le mai mult\u0103 energie pentru a r\u0103m\u00e2ne active pe tot parcursul zilei.       &nbsp;<\/p>\n<h2>Precau\u021bii pentru \u00eembarcare<\/h2>\n<p>  Igiena adecvat\u0103 \u0219i evitarea supraaglomer\u0103rii sunt strategii esen\u021biale pentru a reduce la minimum transmiterea FIP \u00een situa\u021biile de internat.<br \/>\nPentru a v\u0103 proteja pisica, asigura\u021bi-v\u0103 c\u0103 unitatea de internat este curat\u0103 \u0219i bine \u00eentre\u021binut\u0103.<br \/>\nIgienizarea ar trebui s\u0103 fie o parte obi\u0219nuit\u0103 a protocolului lor de cur\u0103\u021bare, inclusiv dezinfectarea regulat\u0103 a tuturor suprafe\u021belor \u0219i respectarea strict\u0103 a protocoalelor de sp\u0103lare a m\u00e2inilor pentru angaja\u021bi.<br \/>\n\u00cen plus, este important s\u0103 se evite supraaglomerarea; pisicile ar trebui s\u0103 fie ad\u0103postite individual sau \u00een grupuri mici \u00een timpul \u0219ederii, pentru a reduce \u0219ansele de transmitere a virusului de la un animal la altul.<br \/>\nAtunci c\u00e2nd v\u0103 g\u00e2ndi\u021bi la o pensiune, \u00eentreba\u021bi cum sunt gestionate aceste m\u0103suri de precau\u021bie la fa\u021ba locului &#8211; ar putea face diferen\u021ba \u00eentre a v\u0103 p\u0103stra animalul s\u0103n\u0103tos \u00een siguran\u021b\u0103 sau a-l expune unei boli extrem de contagioase.      <\/p>\n<h2><strong>Precau\u021bie suplimentar\u0103 pentru gospod\u0103riile cu mai multe pisici<\/strong><\/h2>\n<p>  Deoarece pisicile cu FIP provin frecvent din familii cu mai multe pisici (mai mult de 5 pisici), din ad\u0103posturi de animale sau din cresc\u0103torii, stresul poate fi un factor favorizant.<br \/>\nSepara\u021bi pisicile cu FIP pozitiv de alte pisici \u0219i sp\u0103la\u021bi-v\u0103 pe m\u00e2ini frecvent, \u00een special dup\u0103 ce m\u0103tura\u021bi sau cur\u0103\u021ba\u021bi litiera pisicii bolnave.<br \/>\nPentru a reduce riscul expunerii la FCoV, medicii veterinari recomand\u0103 proprietarilor s\u0103 a\u0219tepte aproximativ o lun\u0103 de la decesul unei pisici FIP pozitive \u00eenainte de a aduce o nou\u0103 pisic\u0103 acas\u0103.<br \/>\nMedicii veterinari recomand\u0103 s\u0103 se a\u0219tepte cel pu\u021bin trei luni de la moartea unei pisici FIP-pozitive \u00eentr-o gospod\u0103rie cu mai multe pisici pentru a vedea dac\u0103 alte pisici din cas\u0103 prezint\u0103 simptome de FIP.<br \/>\nAceste pisici au fost expuse la FCoV \u0219i pot fi purt\u0103toare ale virusului, devenind un risc pentru orice pisic\u0103 nou\u0103 care intr\u0103 \u00een cas\u0103.<br \/>\nFCoV poate fi eliminat prin cur\u0103\u021barea cu \u00een\u0103lbitor diluat (1 parte \u00een\u0103lbitor la 32 p\u0103r\u021bi ap\u0103).<br \/>\nP\u0103stra\u021bi \u00eentotdeauna o litier\u0103 suplimentar\u0103 \u00een cas\u0103 pentru fiecare pisic\u0103.<br \/>\nDac\u0103 ave\u021bi trei pisici, de exemplu, trebuie s\u0103 ave\u021bi la dispozi\u021bie cel pu\u021bin patru litiere.<br \/>\nS-a demonstrat c\u0103 \u00eembun\u0103t\u0103\u021birea habitatului pisicii dvs. ar putea reduce stresul.<br \/>\nCatiosurile, copacii \u0219i per\u0219etele pentru pisici de interior, per\u0219etele de la ferestre, utilizarea unui feromon precum Feliway, f\u00e2nt\u00e2nile cu ap\u0103, juc\u0103riile pentru pisici, puzzle-urile cu m\u00e2ncare \u0219i multe altele sunt incluse \u00een acest lucru.           <\/p>\n<h2><\/h2>\n<h2>Concluzie<\/h2>\n<p>  Nu toate pisicile expuse la coronavirusul FIP vor contracta boala.<br \/>\nConform estim\u0103rilor, \u00eentre 8 \u0219i 20% dintre pisicile expuse la virus \u0219i din coloniile de pisici \u00een care se cunoa\u0219te existen\u021ba acestei boli ar manifesta simptome clinice de FIP.<br \/>\nCelelalte pisici ar putea dezvolta o imunitate la boal\u0103 sau ar putea pur \u0219i simplu s\u0103 nu r\u0103spund\u0103 la aceasta.<br \/>\nNu se cunoa\u0219te motivul pentru care doar un procent infim de pisici expuse la virus ajung s\u0103 contracteze boala.<br \/>\nEste bine cunoscut faptul c\u0103 principala ap\u0103rare a organismului pisicii \u00eempotriva FIP este r\u0103spunsul imunitar mediat celular.<br \/>\nPisicile cu imunitate celular\u0103 slab\u0103 pot fi mai predispuse la aceast\u0103 afec\u021biune.<br \/>\nMecanismul de ap\u0103rare umoral (anticorpi) pare s\u0103 aib\u0103 un rol \u00een moartea unor feline, amplific\u00e2nd de fapt daunele provocate de virusul FIP.<br \/>\nSingurul vaccin disponibil \u00eempotriva FIP s-a dovedit a fi mai pu\u021bin de 100% eficient \u0219i, \u00een general, nu este recomandat pisicilor ca m\u0103sur\u0103 preventiv\u0103.<br \/>\nPrin urmare, prevenirea FIP ar trebui s\u0103 implice reducerea la minimum a stresului \u0219i practici de igien\u0103 adecvate at\u00e2t \u00een cas\u0103, c\u00e2t \u0219i \u00een timpul pensiunii\/c\u0103l\u0103toriilor cu pisici.<br \/>\n\u00cen timp ce progresele medicale au creat noi op\u021biuni care ofer\u0103 speran\u021b\u0103 \u00een combaterea FIP, proprietarii responsabili de animale de companie ar trebui s\u0103 r\u0103m\u00e2n\u0103 vigilen\u021bi cu privire la limitarea expunerii animalelor lor de companie la riscurile asociate acestui virus.           &nbsp;<\/p>\n","protected":false},"excerpt":{"rendered":"<p>Peritonita infec\u021bioas\u0103 felin\u0103 (FIP) este un virus incurabil \u0219i adesea fatal care afecteaz\u0103 mai pu\u021bin de un procent dintre pisici. \u00cen prezent, nu exist\u0103 niciun tratament eficient pentru aceast\u0103 boal\u0103, astfel \u00eenc\u00e2t este esen\u021bial s\u0103 o preveni\u021bi \u00eenainte de apari\u021bia simptomelor. \u00cen prezent, nu exist\u0103 niciun vaccin cunoscut \u00eempotriva FIP care s\u0103 fie eficient \u00een [&hellip;]<\/p>\n","protected":false},"author":11,"featured_media":22040,"parent":0,"menu_order":0,"comment_status":"closed","ping_status":"closed","template":"","meta":{"_glsr_average":0,"_glsr_ranking":0,"_glsr_reviews":0,"footnotes":""},"categories":[725],"tags":[734,780,806,807],"_links":{"self":[{"href":"https:\/\/fipmed.co\/ro\/wp-json\/wp\/v2\/pages\/22039"}],"collection":[{"href":"https:\/\/fipmed.co\/ro\/wp-json\/wp\/v2\/pages"}],"about":[{"href":"https:\/\/fipmed.co\/ro\/wp-json\/wp\/v2\/types\/page"}],"author":[{"embeddable":true,"href":"https:\/\/fipmed.co\/ro\/wp-json\/wp\/v2\/users\/11"}],"replies":[{"embeddable":true,"href":"https:\/\/fipmed.co\/ro\/wp-json\/wp\/v2\/comments?post=22039"}],"version-history":[{"count":0,"href":"https:\/\/fipmed.co\/ro\/wp-json\/wp\/v2\/pages\/22039\/revisions"}],"wp:featuredmedia":[{"embeddable":true,"href":"https:\/\/fipmed.co\/ro\/wp-json\/wp\/v2\/media\/22040"}],"wp:attachment":[{"href":"https:\/\/fipmed.co\/ro\/wp-json\/wp\/v2\/media?parent=22039"}],"wp:term":[{"taxonomy":"category","embeddable":true,"href":"https:\/\/fipmed.co\/ro\/wp-json\/wp\/v2\/categories?post=22039"},{"taxonomy":"post_tag","embeddable":true,"href":"https:\/\/fipmed.co\/ro\/wp-json\/wp\/v2\/tags?post=22039"}],"curies":[{"name":"wp","href":"https:\/\/api.w.org\/{rel}","templated":true}]}}