{"id":22049,"date":"2023-11-06T06:42:04","date_gmt":"2023-11-06T06:42:04","guid":{"rendered":"https:\/\/fipmed.co\/cum-obtin-pisicile-cipul-ce-cauzeaza-cipul-in-pisici\/"},"modified":"2023-11-06T06:42:04","modified_gmt":"2023-11-06T06:42:04","slug":"cum-obtin-pisicile-cipul-ce-cauzeaza-cipul-in-pisici","status":"publish","type":"page","link":"https:\/\/fipmed.co\/ro\/cum-obtin-pisicile-cipul-ce-cauzeaza-cipul-in-pisici\/","title":{"rendered":"Cum se \u00eemboln\u0103vesc pisicile de FIP: Care sunt cauzele FIP la pisici?"},"content":{"rendered":"<h2>Cum se \u00eemboln\u0103vesc pisicile de FIP?<\/h2>\n<p>  Coronavirusul felin (FCoV) este principala cauz\u0103 a <a href=\"\/?page_id=6094\" target=\"_blank\" rel=\"noopener\">FIP la pisici<\/a>, de\u0219i sunt posibile \u0219i alte moduri de transmitere.  <\/p>\n<h3>Coronavirusul felin (FCoV)<\/h3>\n<p>  Coronavirusul felin (FCoV) este o infec\u021bie viral\u0103 frecvent\u0103 la pisici care, de obicei, nu provoac\u0103 niciun simptom sau poate fi asociat\u0103 doar cu diaree u\u0219oar\u0103.<br \/>\nEste foarte contagioas\u0103 \u0219i se poate r\u0103sp\u00e2ndi prin contact direct, indirect sau pe cale fecalo-oral\u0103 \u00eentre pisicile din aceea\u0219i gospod\u0103rie.<br \/>\nFCoV este un virus cu un \u00eenveli\u0219 \u0219i un genom ARN monocatenar.<br \/>\nMul\u021bi dezinfectan\u021bi obi\u0219nui\u021bi pot inactiva rapid virusul, deoarece acesta este destul de slab.<br \/>\nPisicile care tr\u0103iesc \u00een spa\u021bii restr\u00e2nse sau \u00een situa\u021bii \u00een care exist\u0103 mai multe pisici sunt mai vulnerabile la expunere \u0219i transmitere.<br \/>\nFCoV nu este un virus zoonotic, ceea ce \u00eenseamn\u0103 c\u0103 nu infecteaz\u0103 frecvent oamenii.<br \/>\nCu toate acestea, au fost raportate c\u00e2teva cazuri de infec\u021bie uman\u0103.<br \/>\nFCoV se r\u0103sp\u00e2nde\u0219te cel mai frecvent prin contact cu saliva, secre\u021biile nazale, fecalele \u0219i obiectele contaminate cu virus ale pisicilor bolnave. <strong>FECV (Feline Enteric Coronavirus):<\/strong> Versiunea mai pu\u021bin virulent\u0103 a virusului este FECV.<br \/>\nAcesta afecteaz\u0103 \u00een principal tractul digestiv al pisicilor.<br \/>\nMulte pisici infectate sunt asimptomatice, ceea ce \u00eenseamn\u0103 c\u0103 nu prezint\u0103 semne clinice de boal\u0103.<br \/>\nFECV poate produce simptome gastrointestinale moderate, cum ar fi diareea, la anumi\u021bi pacien\u021bi, dar \u00een mod normal dispare f\u0103r\u0103 tratament.<br \/>\nPisicile infectate cu FECV pot excreta virusul \u00een fecalele lor, put\u00e2nd infecta alte pisici. <strong>FIPV (virusul peritonitei infec\u021bioase feline):<\/strong> FIPV este cea mai periculoas\u0103 \u0219i periculoas\u0103 tulpin\u0103 a virusului care poate provoca peritonita infec\u021bioas\u0103 felin\u0103 (FIP).<br \/>\nFIPV poate ap\u0103rea \u00een urma unei muta\u021bii FECV la acela\u0219i animal.<br \/>\nTranzi\u021bia FIPV este pu\u021bin \u00een\u021beleas\u0103 \u0219i poate fi influen\u021bat\u0103 de o varietate de circumstan\u021be, inclusiv de r\u0103spunsul imunologic al pisicii.<br \/>\nPisicile infectate cu FIPV pot prezenta febr\u0103, letargie, sc\u0103dere \u00een greutate, distensie stomacal\u0103 (\u00een forma umed\u0103) \u0219i disfunc\u021bii ale organelor.                <\/p>\n<h2>Cum se transmite FIP?<\/h2>\n<p>  FCoV se poate r\u0103sp\u00e2ndi prin contact direct \u00eentre pisici, prin contaminarea indirect\u0103 a obiectelor sau a mediului, prin ingerarea fecalelor care con\u021bin virusul \u0219i a pic\u0103turilor respiratorii de la o pisic\u0103 infectat\u0103.  <\/p>\n<h3>Contact direct:<\/h3>\n<p>  Pisicile pot fi infectate cu coronavirusul felin (FCoV) \u0219i pot dezvolta ulterior FIP prin contact direct \u0219i apropiat cu o <a href=\"\/?page_id=899\" target=\"_blank\" rel=\"noopener\">pisic\u0103 infectat\u0103<\/a>.<br \/>\nDe\u0219i virusul poate supravie\u021bui \u00eentr-o varietate de medii, acesta nu este transmis prin aer \u0219i necesit\u0103 contact direct pentru a fi transmis de la o pisic\u0103 la alta.<br \/>\nAceasta \u00eenseamn\u0103 c\u0103 pisicile trebuie s\u0103 intre \u00een contact cu un animal infectat sau cu o suprafa\u021b\u0103 contaminat\u0103 pentru ca virusul s\u0103 se r\u0103sp\u00e2ndeasc\u0103.<br \/>\n\u00cengrijirea, adulmecarea reciproc\u0103, mu\u0219c\u0103turile, \u00eemp\u0103r\u021birea bolurilor de m\u00e2ncare \u0219i alte interac\u021biuni apropiate sunt esen\u021biale pentru <a href=\"\/?page_id=891\" target=\"_blank\" rel=\"noopener\">transmiterea FIP \u00eentre pisici<\/a>, deoarece trebuie s\u0103 fie prezente cantit\u0103\u021bi mari de virus \u00een saliv\u0103 \u0219i \u00een alte fluide corporale pentru ca infec\u021bia s\u0103 apar\u0103.<br \/>\nDe asemenea, este important de re\u021binut c\u0103 acest mod de transmitere nu garanteaz\u0103 infectarea; chiar \u0219i atunci c\u00e2nd sunt expuse direct, unele pisici pot s\u0103 nu dezvolte niciun simptom din cauza faptului c\u0103 structura lor genetic\u0103 sau starea sistemului imunitar le ofer\u0103 rezisten\u021b\u0103 \u00eempotriva virusului.      <\/p>\n<h3>Contact indirect:<\/h3>\n<p>  Virusul poate fi, de asemenea, transmis indirect prin obiecte \u0219i medii contaminate.<br \/>\nVirusul poate supravie\u021bui \u00een mediu timp de mai multe s\u0103pt\u0103m\u00e2ni, \u00een condi\u021bii adecvate.<br \/>\nAceasta \u00eenseamn\u0103 c\u0103, chiar dac\u0103 o pisic\u0103 nu a avut contact direct cu o felin\u0103 infectat\u0103, ea poate fi infectat\u0103 dac\u0103 intr\u0103 \u00een contact cu virusul din alte surse.<br \/>\nDe exemplu, pisicile pot fi expuse la FIP prin intermediul a\u0219ternutului sau al vaselor de m\u00e2ncare contaminate cu a\u0219ternutul unei pisici infectate, al altor pisici care se scarpin\u0103 \u0219i se mu\u0219c\u0103 reciproc de blan\u0103 sau care se joac\u0103 \u00een zone \u00een care o alt\u0103 pisic\u0103 a depus sau a v\u0103rsat fecale care con\u021bin virusul.<br \/>\nDin acest motiv, este extrem de important ca zonele de toalet\u0103, cum ar fi litierele, s\u0103 fie cur\u0103\u021bate \u00een mod regulat cu ap\u0103 cald\u0103 \u0219i s\u0103pun (nu uita\u021bi s\u0103 schimba\u021bi m\u0103nu\u0219ile \u00eentre utiliz\u0103ri), precum \u0219i s\u0103 schimba\u021bi frecvent suprafe\u021bele absorbante, cum ar fi materialele de a\u0219ternut \u0219i bolurile de m\u00e2ncare, atunci c\u00e2nd acestea devin murdare.<br \/>\n\u00cen plus, trebuie furnizate diete bogate \u00een nutrien\u021bi \u0219i pline de antioxidan\u021bi pentru a ajuta la sus\u021binerea sistemului imunitar general al pisicilor \u0219i a maximiza ap\u0103rarea acestora \u00eempotriva infec\u021biilor precum FIP.       <\/p>\n<h3>Fecal-Oral:<\/h3>\n<p>  Pisicile se pot infecta prin ingerarea virusului care a fost eliminat \u00een fecalele unei pisici infectate.<br \/>\nAcest lucru se poate \u00eent\u00e2mpla atunci c\u00e2nd o pisic\u0103 \u00ee\u0219i face toaleta dup\u0103 ce a intrat \u00een contact cu fecale sau litier\u0103 contaminate.<br \/>\nDin acest motiv, trebuie luate m\u0103suri de precau\u021bie extrem\u0103 \u00een gospod\u0103riile cu mai multe pisici, deoarece buna igien\u0103 este esen\u021bial\u0103 pentru reducerea riscului de expunere la FIP.<br \/>\nTo\u021bi proprietarii ar trebui s\u0103 exercite o igien\u0103 corespunz\u0103toare \u00een mod regulat \u00een cadrul gospod\u0103riei lor feline: asigurarea cur\u0103\u021b\u0103rii regulate a bolurilor de m\u00e2ncare, evitarea paturilor \u0219i p\u0103turilor comune \u00eentre pisicile din cas\u0103, precum \u0219i dezinfectarea o dat\u0103 pe s\u0103pt\u0103m\u00e2n\u0103 a tuturor suprafe\u021belor la care acestea ar putea avea acces; cum ar fi mesele, paturile care \u00eenc\u0103 nu sunt impermeabile nu ajunge\u021bi \u00een zonele \u00een care se vor scurge apele uzate etc.     <\/p>\n<h3>Pic\u0103turi respiratorii:<\/h3>\n<p>  Cu toate acestea, FIP poate fi, de asemenea, transmis\u0103 de la o pisic\u0103 la alta prin intermediul pic\u0103turilor respiratorii atunci c\u00e2nd o pisic\u0103 infectat\u0103 str\u0103nut\u0103 sau tu\u0219e\u0219te.<br \/>\nDe\u0219i transmiterea respiratorie a formei mai virulente de coronavirus enteric felin (FCoV) este mai pu\u021bin frecvent\u0103 dec\u00e2t alte moduri de transmitere, cum ar fi contactul direct sau indirect, este totu\u0219i posibil ca o <a href=\"\/?page_id=885\" target=\"_blank\" rel=\"noopener\">pisic\u0103 s\u0103n\u0103toas\u0103<\/a> s\u0103 inhaleze virusul dac\u0103 se afl\u0103 suficient de aproape de un animal infectat atunci c\u00e2nd acesta elibereaz\u0103 aceste particule infec\u021bioase.   &nbsp;<\/p>\n<h2>FIP Factori de risc:<\/h2>\n<p>  Pisicile sub v\u00e2rsta de doi ani, peste v\u00e2rsta de zece ani, de ras\u0103 pur\u0103 sau din cresc\u0103torii, care tr\u0103iesc \u00een medii supraaglomerate \u0219i cele cu sisteme imunitare compromise pot fi mai expuse riscului de a dezvolta FIP.  <\/p>\n<h3>V\u00e2rsta: FIP este mai frecvent \u00eent\u00e2lnit\u0103 la pisicile sub v\u00e2rsta de 2 ani \u0219i peste v\u00e2rsta de 10 ani.<br \/>\nPisoii \u0219i pisicile mai \u00een v\u00e2rst\u0103 par s\u0103 prezinte un risc mai mare. <\/h3>\n<p>  Pisicile tinere \u0219i pisicile v\u00e2rstnice au adesea un sistem imunitar imatur sau sl\u0103bit care le poate expune unui risc mai mare de a dezvolta FIP.<br \/>\nDe asemenea, aceste grupe de v\u00e2rst\u0103 tind s\u0103 fie expuse mai frecvent la coronavirusul felin, deoarece pot tr\u0103i \u00een interior cu alte pisici, pot ie\u0219i \u00een aer liber pentru aventuri sau pot intra \u00een contact cu alte pisici \u00een ad\u0103posturi sau pisic\u0103rii.   <\/p>\n<h3>Rasa: Anumite rase, cum ar fi pisicile de ras\u0103 pur\u0103 sau cele din cresc\u0103torii, pot prezenta un risc mai mare de FIP.<\/h3>\n<p>  Pisicile provenite din cresc\u0103torii sau din linii de ras\u0103 pur\u0103 pot fi predispuse \u00een mod special la apari\u021bia FIP.<br \/>\nAbisinienii, bengalezii, birmanii, himalayenii, Ragdoll-urile \u0219i Rex-urile prezint\u0103 un risc semnificativ mai mare de a dezvolta boala \u00een compara\u021bie cu alte pisici.<br \/>\nAlte rase de pisici, inclusiv birmaneza, Exotic Shorthairs, Manxes, persane \u0219i Russian Blues sunt, de asemenea, considerate mai susceptibile la FIP din cauza geneticii \u0219i a expunerii lor crescute \u00een programele de reproducere.<br \/>\nSe crede c\u0103 anumi\u021bi factori genetici asocia\u021bi pisicilor persane (\u0219i raselor asociate acestora) le fac pu\u021bin mai pu\u021bin capabile dec\u00e2t alte specii de feline s\u0103 controleze virusul care cauzeaz\u0103 FIP &#8211; ceea ce le face mai predispuse la infec\u021bie \u00een cazul \u00een care intr\u0103 \u00een contact cu acesta.<br \/>\nExist\u0103 dovezi care sugereaz\u0103 c\u0103 pisicile persane sunt purt\u0103toare de &#8222;alele predispozante&#8221; pentru aceast\u0103 afec\u021biune, ceea ce le face vulnerabile atunci c\u00e2nd sunt expuse la virusul care cauzeaz\u0103 FIP, ceea ce \u00eenseamn\u0103 c\u0103 proprietarii acestor rase orientate trebuie s\u0103 ia m\u0103suri pentru a asigura o mai bun\u0103 ap\u0103rare \u00eempotriva r\u0103sp\u00e2ndirii virusului printre membrii gospod\u0103riilor cu mai multe pisici.      <\/p>\n<h3>Condi\u021bii de via\u021b\u0103 aglomerate:<\/h3>\n<p>  Pisicile care tr\u0103iesc \u00een condi\u021bii de aglomera\u021bie sau de stres prezint\u0103 un risc mai mare de a intra \u00een contact cu coronavirusul felin, care poate duce la infectare \u0219i dezvoltarea ulterioar\u0103 a PIF.<br \/>\nUnii factori de risc lega\u021bi de traiul \u00een condi\u021bii de aglomera\u021bie includ apropierea de alte pisici, resursele comune (cum ar fi vasele de m\u00e2ncare, litierele \u0219i paturile) \u0219i sistemele imunitare sl\u0103bite din cauza stresului.<br \/>\n\u00cen special, expunerea la alte pisici este un factor important de transmitere, deoarece pisicile infectate elimin\u0103 virusul \u00een saliv\u0103 sau \u00een fecale.<br \/>\nContactul str\u00e2ns \u00eentre pisici permite r\u0103sp\u00e2ndirea mai u\u0219oar\u0103 a virusului.<br \/>\n\u00cen gospod\u0103riile cu mai multe pisici \u0219i \u00een ad\u0103posturi, este important s\u0103 se reduc\u0103 \u0219ansele de transmitere prin promovarea bunelor practici de igien\u0103, cum ar fi dezinfectarea suprafe\u021belor cu detergent de uz casnic \u0219i sp\u0103larea regulat\u0103 a m\u00e2inilor \u00eentre m\u00e2ng\u00e2ierea diferitelor feline.      <\/p>\n<h3>Genetic\u0103:<\/h3>\n<p>  Unele pisici pot avea o predispozi\u021bie genetic\u0103 care le face mai susceptibile de a dezvolta FIP.<br \/>\nAceasta poate fi legat\u0103 de sistemul lor imunitar sau de capacitatea lor de a controla coronavirusul felin.<br \/>\nConstitu\u021bia genetic\u0103 a unei pisici o poate face mai vulnerabil\u0103 la infec\u021bie, fie f\u0103c\u00e2ndu-o incapabil\u0103 s\u0103 recunoasc\u0103 \u0219i s\u0103 lupte \u00eempotriva particulelor de virus invadatoare, fie f\u0103c\u00e2nd membranele sale celulare mai pu\u021bin rezistente \u00eempotriva virusului.<br \/>\nDe asemenea, pot face ca anumite celule ale pisicilor s\u0103 fie susceptibile la un r\u0103spuns imunitar care va declan\u0219a inflama\u021bii ce vor duce la deteriorarea suplimentar\u0103 a \u021besuturilor.<br \/>\n\u00cen plus, este posibil ca unele pisici s\u0103 nu aib\u0103 capacitatea de a controla replicarea tulpinii periculoase de coronavirus felin asociat\u0103 cu FIP, cresc\u00e2nd astfel susceptibilitatea lor de a dezvolta aceast\u0103 afec\u021biune.      <\/p>\n<h3>Stres:<\/h3>\n<p>  Stresul afecteaz\u0103 negativ sistemul imunitar al pisicilor, reduc\u00e2ndu-le capacitatea de a lupta \u00eempotriva infec\u021biilor.<br \/>\nPisicile pot deveni stresate atunci c\u00e2nd se confrunt\u0103 cu orice schimbare semnificativ\u0103 a mediului sau a rutinei lor &#8211; cum ar fi mutarea casei sau introducerea unui nou animal de companie.<br \/>\nAtunci c\u00e2nd o pisic\u0103 este expus\u0103 la factori de stres, organismul s\u0103u elibereaz\u0103 hormoni care suprim\u0103 produc\u021bia \u0219i func\u021bia anumitor celule imunitare.<br \/>\nAcest lucru determin\u0103 sc\u0103derea performan\u021bei generale a sistemului imunitar al pisicii, f\u0103c\u00e2nd-o mai susceptibil\u0103 nu numai la FIP, ci \u0219i la alte boli sau afec\u021biuni, cum ar fi cele cauzate de parazi\u021bi \u0219i bacterii.<br \/>\nEste important ca proprietarii de pisici s\u0103 fie con\u0219tien\u021bi de modul \u00een care stresul poate compromite imunitatea unei pisici \u0219i s\u0103 ia m\u0103suri pentru a atenua efectele acestuia atunci c\u00e2nd este posibil.<br \/>\nDe exemplu, dac\u0103 introduce\u021bi un nou animal de companie sau un nou membru al familiei \u00een mediul familial, cea mai bun\u0103 practic\u0103 este s\u0103 face\u021bi acest lucru treptat, acord\u00e2nd animalelor de companie existente timp s\u0103 se adapteze \u00eencet, f\u0103r\u0103 a se supune unei presiuni prea mari.       <\/p>\n<h3>Starea sistemului imunitar:<\/h3>\n<p>  FeLV \u0219i FIV sunt infec\u021bii virale care afecteaz\u0103 pisicile, ambele atac\u00e2nd sistemul imunitar al pisicii.<br \/>\nPrin urmare, pisicile cu un sistem imunitar sl\u0103bit din cauza oric\u0103ruia dintre virusuri au adesea dificult\u0103\u021bi \u00een a lupta \u00eempotriva altor boli sau afec\u021biuni, inclusiv FIP.<br \/>\nPisicile cu boli subiacente, cum ar fi FeLV sau FIV, pot fi mai pu\u021bin capabile s\u0103 organizeze un r\u0103spuns eficient \u00eempotriva infec\u021biei cu coronavirus atunci c\u00e2nd sunt expuse la aceasta \u0219i este mai probabil s\u0103 sucombe \u00een urma dezvolt\u0103rii bolii.<br \/>\nPisicile subnutrite sunt, de asemenea, susceptibile de a dezvolta FIP.     <\/p>\n<h2>Modalit\u0103\u021bi de prevenire a FIP<\/h2>\n<p>  Proprietarii de pisici pot contribui la reducerea riscului ca <a href=\"\/?page_id=891\" target=\"_blank\" rel=\"noopener\">pisicile<\/a> lor s\u0103 <a href=\"\/?page_id=891\" target=\"_blank\" rel=\"noopener\">contracteze FIP prin asigurarea vaccin\u0103rilor regulate<\/a>, promovarea unui sistem imunitar s\u0103n\u0103tos \u0219i luarea unor m\u0103suri adecvate de igien\u0103 \u0219i sanita\u021bie.  <\/p>\n<h3>Vaccinarea<\/h3>\n<p>  Vaccinarea este una dintre principalele modalit\u0103\u021bi de reducere a riscului ca o pisic\u0103 s\u0103 dezvolte FIP.<br \/>\nSunt disponibile vaccinuri care ajut\u0103 la protejarea \u00eempotriva coronavirusului felin (FCoV), care poate cauza FIP la pisici.<br \/>\nEste posibil ca aceste vaccinuri s\u0103 nu fie complet eficiente \u00een prevenirea infec\u021biei, dar pot reduce \u0219ansele ca o pisic\u0103 expus\u0103 s\u0103 dezvolte o boal\u0103 clinic\u0103 \u0219i s\u0103 aib\u0103 simptome severe asociate cu FIP.<br \/>\nEste important s\u0103 re\u021bine\u021bi c\u0103 unele pisici pot avea deja anticorpi \u00een urma expunerii anterioare \u0219i este mai probabil s\u0103 fie rezistente la vaccinare; cu toate acestea, pisicile seronegative pentru FCoV la momentul vaccin\u0103rii sunt mult mai pu\u021bin susceptibile de a prezenta simptome semnificative \u00een cazul \u00een care sunt infectate \u00een viitor.     <\/p>\n<h3>Promovarea unui sistem imunitar s\u0103n\u0103tos<\/h3>\n<p>  Men\u021binerea s\u0103n\u0103t\u0103\u021bii sistemului imunitar al pisicii poate ajuta la prevenirea FIP.<br \/>\nO nutri\u021bie adecvat\u0103 este esen\u021bial\u0103 \u00een promovarea unei s\u0103n\u0103t\u0103\u021bi bune \u0219i a unui sistem imunitar puternic.<br \/>\nPisicile ar trebui s\u0103 fie hr\u0103nite cu diete de \u00eenalt\u0103 calitate, adecvate speciei, care nu con\u021bin umpluturi \u0219i subproduse.<br \/>\nLimitarea cantit\u0103\u021bii de hran\u0103 uscat\u0103 din dieta lor poate ajuta, de asemenea, la reducerea inflama\u021biei cauzate de carbohidra\u021bii din alimenta\u021bie, precum \u0219i a altor boli legate de o nutri\u021bie deficitar\u0103, cum ar fi obezitatea, diabetul \u0219i infec\u021biile tractului urinar (UTI).<br \/>\nExamin\u0103rile fizice regulate la medicul veterinar pot asigura c\u0103 animalul dumneavoastr\u0103 r\u0103m\u00e2ne s\u0103n\u0103tos \u0219i c\u0103 orice probleme de s\u0103n\u0103tate sunt identificate din timp.<br \/>\nVaccin\u0103rile regulate \u00eempotriva bolilor feline comune, cum ar fi boala bolii Carr\u00e9 \u0219i rabia, vor minimiza, de asemenea, riscul de infec\u021bieasociat cu aceste boli.<br \/>\nDac\u0103 pisicile tr\u0103iesc \u00eentr-un mediu predispus la stres sau supraaglomerare &#8211; de exemplu, gospod\u0103rii cu mai multe pisici sau ad\u0103posturi \u0219i centre de salvare &#8211; poate fi benefic s\u0103 \u00eencerca\u021bi s\u0103 le oferi\u021bi juc\u0103rii \u0219i st\u00e2lpi de zg\u00e2riat pentru activit\u0103\u021bi de \u00eembog\u0103\u021bire, \u00eempreun\u0103 cu spa\u021biu suficient \u00eentre fiecare animal.        <\/p>\n<h3>M\u0103suri de igien\u0103 \u0219i sanita\u021bie<\/h3>\n<p>  Este important ca proprietarii de pisici s\u0103 acorde o aten\u021bie deosebit\u0103 implement\u0103rii m\u0103surilor de igien\u0103 \u0219i salubritate \u00een jurul pisicilor lor pentru a reduce riscul de FIP.<br \/>\nCur\u0103\u021barea regulat\u0103 a litierelor, a bolurilor de m\u00e2ncare \u0219i de ap\u0103, a a\u0219ternuturilor, a suprafe\u021belor, a juc\u0103riilor \u0219i a transportoarelor va contribui la minimizarea contactului cu virusul.<br \/>\nPracticarea unei bune sp\u0103l\u0103ri a m\u00e2inilor dup\u0103 manipularea obiectelor poten\u021bial contaminate va reduce, de asemenea, \u0219ansele de transmitere.<br \/>\n\u00cen gospod\u0103riile cu mai multe animale sau \u00een ad\u0103posturi, poate fi benefic s\u0103 existe zone distincte utilizate doar de pisici individuale pentru a evita contaminarea \u00eencruci\u0219at\u0103.<br \/>\nAtunci c\u00e2nd \u00eengriji\u021bi o pisic\u0103 bolnav\u0103, prefera\u021bi m\u0103nu\u0219i de unic\u0103 folosin\u021b\u0103 \u00een timpul tuturor interac\u021biunilor p\u00e2n\u0103 la finalizarea tratamentului.<br \/>\nMen\u021binerea acestor zone curate de fecale \u0219i alte resturi, precum \u0219i oferirea de alimente proaspete pot reduce \u0219i mai mult r\u0103sp\u00e2ndirea infec\u021biei de la un animal la altul.       <\/p>\n<h2>Concluzie<\/h2>\n<p>  Peritonita infec\u021bioas\u0103 felin\u0103 (FIP) este o boal\u0103 viral\u0103 sever\u0103 la pisici, f\u0103r\u0103 tratament cunoscut.<br \/>\nDe obicei cauzat\u0103 de o tulpin\u0103 mutant\u0103 a coronavirusului felin, FIP este adesea fatal\u0103 \u0219i poate afecta pisici de orice v\u00e2rst\u0103 sau ras\u0103.<br \/>\nPentru a reduce riscul ca pisica dumneavoastr\u0103 s\u0103 dezvolte acest virus debilitant, se recomand\u0103 vaccinarea, precum \u0219i luarea de m\u0103suri pentru a promova un sistem imunitar s\u0103n\u0103tos \u0219i pentru a men\u021bine o igien\u0103 \u0219i o salubritate corespunz\u0103toare.<br \/>\n\u00cen cele din urm\u0103, este important s\u0103 fi\u021bi con\u0219tien\u021bi de faptul c\u0103, de\u0219i este posibil s\u0103 nu eradic\u0103m niciodat\u0103 complet FIP, respectarea unor m\u0103suri preventive solide poate ajuta la protejarea felinei dvs. de infec\u021bie &#8211; at\u00e2t salv\u00e2nd-o de la suferin\u021b\u0103, c\u00e2t \u0219i cru\u021b\u00e2ndu-i, eventual, via\u021ba.<\/p>\n","protected":false},"excerpt":{"rendered":"<p>Cum se \u00eemboln\u0103vesc pisicile de FIP? Coronavirusul felin (FCoV) este principala cauz\u0103 a FIP la pisici, de\u0219i sunt posibile \u0219i alte moduri de transmitere. Coronavirusul felin (FCoV) Coronavirusul felin (FCoV) este o infec\u021bie viral\u0103 frecvent\u0103 la pisici care, de obicei, nu provoac\u0103 niciun simptom sau poate fi asociat\u0103 doar cu diaree u\u0219oar\u0103. Este foarte contagioas\u0103 [&hellip;]<\/p>\n","protected":false},"author":1,"featured_media":22050,"parent":0,"menu_order":0,"comment_status":"closed","ping_status":"closed","template":"","meta":{"_glsr_average":0,"_glsr_ranking":0,"_glsr_reviews":0,"footnotes":""},"categories":[725],"tags":[],"_links":{"self":[{"href":"https:\/\/fipmed.co\/ro\/wp-json\/wp\/v2\/pages\/22049"}],"collection":[{"href":"https:\/\/fipmed.co\/ro\/wp-json\/wp\/v2\/pages"}],"about":[{"href":"https:\/\/fipmed.co\/ro\/wp-json\/wp\/v2\/types\/page"}],"author":[{"embeddable":true,"href":"https:\/\/fipmed.co\/ro\/wp-json\/wp\/v2\/users\/1"}],"replies":[{"embeddable":true,"href":"https:\/\/fipmed.co\/ro\/wp-json\/wp\/v2\/comments?post=22049"}],"version-history":[{"count":0,"href":"https:\/\/fipmed.co\/ro\/wp-json\/wp\/v2\/pages\/22049\/revisions"}],"wp:featuredmedia":[{"embeddable":true,"href":"https:\/\/fipmed.co\/ro\/wp-json\/wp\/v2\/media\/22050"}],"wp:attachment":[{"href":"https:\/\/fipmed.co\/ro\/wp-json\/wp\/v2\/media?parent=22049"}],"wp:term":[{"taxonomy":"category","embeddable":true,"href":"https:\/\/fipmed.co\/ro\/wp-json\/wp\/v2\/categories?post=22049"},{"taxonomy":"post_tag","embeddable":true,"href":"https:\/\/fipmed.co\/ro\/wp-json\/wp\/v2\/tags?post=22049"}],"curies":[{"name":"wp","href":"https:\/\/api.w.org\/{rel}","templated":true}]}}