{"id":22095,"date":"2022-12-02T07:50:40","date_gmt":"2022-12-02T07:50:40","guid":{"rendered":"https:\/\/fipmed.co\/suplimente-nutritive-pentru-pisicile-cu-fip\/"},"modified":"2022-12-02T07:50:40","modified_gmt":"2022-12-02T07:50:40","slug":"suplimente-nutritive-pentru-pisicile-cu-fip","status":"publish","type":"page","link":"https:\/\/fipmed.co\/ro\/suplimente-nutritive-pentru-pisicile-cu-fip\/","title":{"rendered":"Suplimente nutritive pentru pisicile cu FIP"},"content":{"rendered":"<p>Este recomandat s\u0103 \u00eei oferi\u021bi pisicii dumneavoastr\u0103 vitamine \u0219i suplimente pentru a-i men\u021bine rinichii \u0219i ficatul s\u0103n\u0103toase \u0219i puternice \u00een timpul procesului de <a href=\"https:\/\/fipmed.co\/fip-treatment\/\" target=\"_blank\" rel=\"noopener\">tratare a FIP<\/a>.<br \/>\nOrganele interne s\u0103n\u0103toase sporesc capacitatea organismului de a rezista infec\u021biilor \u0219i de a se recupera dup\u0103 boal\u0103.<br \/>\n\u00cen prezent, nu exist\u0103 efecte secundare adverse cunoscute atunci c\u00e2nd vitaminele \u0219i suplimentele nutritive pentru pisici sunt administrate al\u0103turi de GS-441524 \u00een timpul tratamentelor pentru FIP.    <\/p>\n<h2><strong>Vitamine pentru pisici<\/strong><\/h2>\n<p><a href=\"\/?page_id=907\" target=\"_blank\" rel=\"noopener\">Vitamina B12<\/a>: Extrem de sigure, injec\u021biile subcutanate cu B12 pot fi administrate pisicilor s\u0103pt\u0103m\u00e2nal pentru a ajuta la combaterea anemiei \u0219i pentru a sus\u021bine sistemul imunitar.<br \/>\nCu Pet Tinic sau un produs comparabil, se poate acorda zilnic asisten\u021b\u0103 vitaminic\u0103.<br \/>\nB12 se g\u0103se\u0219te de obicei \u00een alimentele cu origine animal\u0103, cum ar fi carnea, pe\u0219tele, ou\u0103le \u0219i ficatul.<br \/>\nCu toate acestea, o pisic\u0103 cu <a href=\"\/?page_id=14932\" target=\"_blank\" rel=\"noopener\">FIP<\/a> \u00ee\u0219i va epuiza rapid rezervele, necesit\u00e2nd reaprovizionare.<br \/>\nProduc\u021bia \u0219i men\u021binerea globulelor ro\u0219ii sunt ajutate de vitamina B12.      <\/p>\n<ul>\n<li>B12 men\u021bine s\u0103n\u0103tatea sistemului neurologic (celulele nervoase \u0219i mielinizarea normal\u0103 &#8211; \u00eenveli\u0219urile grase care acoper\u0103 \u0219i protejeaz\u0103 termina\u021biile nervoase).<br \/>\nPentru procesele nervoase \u0219i cognitive, este crucial\u0103. <\/li>\n<li>B12 men\u021bine s\u0103n\u0103tatea intestinelor pentru a asigura digestia \u0219i absorb\u021bia adecvat\u0103 a alimentelor, precum \u0219i metabolismul gr\u0103similor \u0219i carbohidra\u021bilor.<\/li>\n<\/ul>\n<h2><strong>Suplimente nutritive pentru pisicile cu FIP<\/strong><\/h2>\n<p><strong>Gabapentin<\/strong>: Un analgezic u\u0219or care poate fi administrat pe cale oral\u0103 cu 60 p\u00e2n\u0103 la 90 de minute \u00eenainte de injec\u021bii.<br \/>\nAtunci c\u00e2nd este administrat corect, acesta va diminua doar temporar disconfortul injec\u021biei, f\u0103r\u0103 a v\u0103 face pisica s\u0103 se simt\u0103 somnoroas\u0103 sau sedat\u0103. <strong>Crem\u0103 cu lidocain\u0103<\/strong>: Aceasta poate fi frecat\u0103 pe pielea pisicii cu 30 de minute \u00eenainte de injectarea cu GS441 pentru a atenua \u00een\u021bep\u0103tura.<br \/>\nFolosi\u021bi doar lo\u021biunea lipsit\u0103 de aloe, deoarece pisicile sunt extrem de toxice pentru aloe.<br \/>\n<strong>Scoar\u021b\u0103 de ulm alunecos<\/strong>: Siropul f\u0103cut din scoar\u021b\u0103 de ulm alunecos este un remediu complet natural pentru grea\u021b\u0103, v\u0103rs\u0103turi \u0219i alte afec\u021biuni.<br \/>\n<strong>Denamarin<\/strong>: Suplimentul pentru ficatul pisicii Denamarin Tablete cre\u0219te nivelul antioxidan\u021bilor.<br \/>\n<strong>Silymarin (ciulin de lapte):<\/strong> Utiliza\u021bi acest supliment natural, cunoscut pentru capacitatea sa de a \u00eent\u0103ri \u0219i conserva ficatul, pentru a \u00eembun\u0103t\u0103\u021bi s\u0103n\u0103tatea ficatului pisicii dumneavoastr\u0103.       <u>Se recomand\u0103 ca, atunci c\u00e2nd trata\u021bi FIP cu GS411, s\u0103 administra\u021bi pisicii dumneavoastr\u0103 fie Denamarin, fie Silymarin, pentru a oferi un sprijin maxim ficatului.<\/u><\/p>\n<h2><strong>Nu administra\u021bi L-lizin\u0103 pisicilor cu FIP<\/strong><\/h2>\n<p>  De\u0219i L-lizina este frecvent utilizat\u0103 pentru tratarea herpesvirusului felin \u0219i ca stimulent al sistemului imunitar, noi cercet\u0103ri au ar\u0103tat c\u0103 aceasta nu are avantaje clare.<br \/>\n\u00cen plus, pisicile FCoV+, pisicile cu risc de a dezvolta FIP \u0219i pisicile cu FIP nu trebuie s\u0103 ia L-lizin\u0103.   <\/p>\n<h2><strong>Moducare \u0219i sistemul imunitar<\/strong><\/h2>\n<p>  Imunitatea este esen\u021bial\u0103.<br \/>\nCea mai bun\u0103 linie de protec\u021bie \u00eempotriva oric\u0103rei boli este un sistem imunitar puternic.<br \/>\nEste esen\u021bial s\u0103 construi\u021bi \u0219i s\u0103 men\u021bine\u021bi un sistem imunitar puternic.<br \/>\nAtunci c\u00e2nd este necesar, Moducare ajut\u0103 la ajustarea r\u0103spunsului sistemului imunitar.     <\/p>\n<h2><strong>Nutri\u021bie pentru pisica cu FIP<\/strong><\/h2>\n<p>  Hr\u0103ni\u021bi pisicile FIP cu c\u00e2teva sardine, somon, sardine sau alt pe\u0219te bogat \u00een omega 3 Cre\u0219te\u021bi aportul de acizi gra\u0219i omega 3 antiinflamatori din dieta pisicii.<br \/>\nPe\u0219tele adev\u0103rat este disponibil \u00een m\u00e2nc\u0103rurile conservate de la Applaws \u0219i Almo Nature.<br \/>\nCu toate acestea, fi\u021bi aten\u021bi la poten\u021bialul de hipervitaminoz\u0103 A (depunere excesiv\u0103 de oase la nivelul articula\u021biilor) \u0219i analiza\u021bi din nou situa\u021bia dup\u0103 6 s\u0103pt\u0103m\u00e2ni dac\u0103 hr\u0103ni\u021bi pisica cu prea mult pe\u0219te adev\u0103rat.<br \/>\nNu uita\u021bi s\u0103 furniza\u021bi tutorelui pisicii instruc\u021biuni cu privire la modul de schimbare treptat\u0103 a hranei pe o perioad\u0103 de c\u00e2teva s\u0103pt\u0103m\u00e2ni; \u00een caz contrar, pisica va \u00eenghi\u021bi noua hran\u0103 timp de c\u00e2teva zile \u00eenainte de a se s\u0103tura de ea \u0219i de a nu o mai atinge niciodat\u0103!<br \/>\nOferirea unui aliment nou pentru o mas\u0103, revenirea la dieta obi\u0219nuit\u0103 a pisicii pentru urm\u0103toarele c\u00e2teva mese, apoi oferirea unei cantit\u0103\u021bi mici de aliment nou \u00eenc\u0103 o dat\u0103 \u0219i a\u0219a mai departe, cresc\u00e2nd treptat frecven\u021ba alimentelor noi, p\u00e2n\u0103 c\u00e2nd servirea unui aliment diferit la fiecare mas\u0103 devine o rutin\u0103 pentru pisic\u0103.<br \/>\nVa fi nevoie de cel pu\u021bin o lun\u0103 pentru a introduce eficient mesele noi.<br \/>\nDieta crud\u0103, cum ar fi carnea de vit\u0103 crud\u0103, este, de asemenea, plin\u0103 de nutrien\u021bi de care pisica are nevoie.<br \/>\nFurniza\u021bi carne crud\u0103 (carnea de vit\u0103 este cea mai bun\u0103) la fiecare mas\u0103.<br \/>\nAceasta con\u021bine multe propriet\u0103\u021bi antiinflamatorii \u0219i stimuleaz\u0103 sistemul imunitar al pisicii dvs          <\/p>\n<h2><strong>VITAMINE suplimentare care pot fi administrate pisicii cu FIP<\/strong><\/h2>\n<p><strong>Vitamina A (op\u021bional) <\/strong> Vitamina A este un antioxidant.<br \/>\nSuplimentarea cu vitamina A nu este necesar\u0103 pentru pisicile care primesc frecvent mese cu pe\u0219te propriu-zis.<br \/>\nBetacarotenul nu poate fi metabolizat de pisici, astfel \u00eenc\u00e2t acestea trebuie s\u0103 primeasc\u0103 vitamina A sub form\u0103 de pe\u0219te sau ulei de pe\u0219te, cum ar fi uleiul din ficat de halibut.<br \/>\nEste de preferat s\u0103 se includ\u0103 pe\u0219te adev\u0103rat \u00een diet\u0103, mai degrab\u0103 dec\u00e2t s\u0103 se suplimenteze doar.<br \/>\nHipervitaminoza A, cu toate acestea, va duce la o depunere excesiv\u0103 a osului la nivelul articula\u021biilor, prin urmare evita\u021bi s\u0103 o utiliza\u021bi \u00een mod constant pentru mai mult de 4-6 s\u0103pt\u0103m\u00e2ni. <strong>Complexul de vitamine B (op\u021bional) <\/strong> Multivitamina B este un bun stimulent al apetitului, care este disponibil \u00een farmacii sau \u00een magazinele naturiste.<br \/>\nTiamina, o vitamin\u0103 B1 (op\u021bional &#8211; dac\u0103 nu se administreaz\u0103 complexul B) administrat\u0103 pe cale oral\u0103 (adic\u0103 pe gur\u0103 sau \u00een alimente). <strong>Vitamina C (acid ascorbic) (op\u021bional) <\/strong> Vitamina C este un antioxidant.<br \/>\nVitamina C ar trebui utilizat\u0103 doar pentru c\u00e2teva s\u0103pt\u0103m\u00e2ni, deoarece poate duce la apari\u021bia cristalelor de oxalat \u00een urin\u0103 dac\u0103 este administrat\u0103 pentru o perioad\u0103 \u00eendelungat\u0103 de timp.<br \/>\nDoz\u0103: 125 miligrame administrate pe cale oral\u0103 sau prin intermediul alimentelor de dou\u0103 ori pe zi.<br \/>\nAv\u00e2nd \u00een vedere toate acestea, proprietarii de pisici ar trebui s\u0103 fie mai deschi\u0219i la ideea de a administra suplimente pisicilor lor pentru a le ajuta \u00een procesul de tratament al FIP, deoarece aceste suplimente diferite pot ajuta la s\u0103n\u0103tatea pisicilor lor.<br \/>\nCu toate acestea, asigura\u021bi-v\u0103 c\u0103 \u021bine\u021bi cont de faptul c\u0103 nu toate suplimentele sunt total lipsite de riscuri, deoarece acestea pot avea rezultate diferite \u00een func\u021bie de doza de supliment \u0219i de fizicul pisicii individuale.<\/p>\n","protected":false},"excerpt":{"rendered":"<p>Este recomandat s\u0103 \u00eei oferi\u021bi pisicii dumneavoastr\u0103 vitamine \u0219i suplimente pentru a-i men\u021bine rinichii \u0219i ficatul s\u0103n\u0103toase \u0219i puternice \u00een timpul procesului de tratare a FIP. Organele interne s\u0103n\u0103toase sporesc capacitatea organismului de a rezista infec\u021biilor \u0219i de a se recupera dup\u0103 boal\u0103. \u00cen prezent, nu exist\u0103 efecte secundare adverse cunoscute atunci c\u00e2nd vitaminele \u0219i [&hellip;]<\/p>\n","protected":false},"author":11,"featured_media":22096,"parent":0,"menu_order":0,"comment_status":"closed","ping_status":"closed","template":"","meta":{"_glsr_average":0,"_glsr_ranking":0,"_glsr_reviews":0,"footnotes":""},"categories":[725],"tags":[817,734],"_links":{"self":[{"href":"https:\/\/fipmed.co\/ro\/wp-json\/wp\/v2\/pages\/22095"}],"collection":[{"href":"https:\/\/fipmed.co\/ro\/wp-json\/wp\/v2\/pages"}],"about":[{"href":"https:\/\/fipmed.co\/ro\/wp-json\/wp\/v2\/types\/page"}],"author":[{"embeddable":true,"href":"https:\/\/fipmed.co\/ro\/wp-json\/wp\/v2\/users\/11"}],"replies":[{"embeddable":true,"href":"https:\/\/fipmed.co\/ro\/wp-json\/wp\/v2\/comments?post=22095"}],"version-history":[{"count":0,"href":"https:\/\/fipmed.co\/ro\/wp-json\/wp\/v2\/pages\/22095\/revisions"}],"wp:featuredmedia":[{"embeddable":true,"href":"https:\/\/fipmed.co\/ro\/wp-json\/wp\/v2\/media\/22096"}],"wp:attachment":[{"href":"https:\/\/fipmed.co\/ro\/wp-json\/wp\/v2\/media?parent=22095"}],"wp:term":[{"taxonomy":"category","embeddable":true,"href":"https:\/\/fipmed.co\/ro\/wp-json\/wp\/v2\/categories?post=22095"},{"taxonomy":"post_tag","embeddable":true,"href":"https:\/\/fipmed.co\/ro\/wp-json\/wp\/v2\/tags?post=22095"}],"curies":[{"name":"wp","href":"https:\/\/api.w.org\/{rel}","templated":true}]}}