{"id":22120,"date":"2022-11-25T09:19:05","date_gmt":"2022-11-25T09:19:05","guid":{"rendered":"https:\/\/fipmed.co\/politica-de-confidentialitate\/"},"modified":"2024-07-24T09:30:10","modified_gmt":"2024-07-24T09:30:10","slug":"politica-de-confidentialitate","status":"publish","type":"page","link":"https:\/\/fipmed.co\/ro\/politica-de-confidentialitate\/","title":{"rendered":"Politica de confiden\u021bialitate"},"content":{"rendered":"\t\t<div data-elementor-type=\"wp-page\" data-elementor-id=\"22120\" class=\"elementor elementor-22120 elementor-3\">\n\t\t\t\t\t\t<section class=\"elementor-section elementor-top-section elementor-element elementor-element-8b2513f elementor-section-boxed elementor-section-height-default elementor-section-height-default\" data-id=\"8b2513f\" data-element_type=\"section\">\n\t\t\t\t\t\t<div class=\"elementor-container elementor-column-gap-default\">\n\t\t\t\t\t<div class=\"elementor-column elementor-col-100 elementor-top-column elementor-element elementor-element-cb4fbe6\" data-id=\"cb4fbe6\" data-element_type=\"column\">\n\t\t\t<div class=\"elementor-widget-wrap elementor-element-populated\">\n\t\t\t\t\t\t<div class=\"elementor-element elementor-element-4603e09 elementor-widget elementor-widget-text-editor\" data-id=\"4603e09\" data-element_type=\"widget\" data-widget_type=\"text-editor.default\">\n\t\t\t\t<div class=\"elementor-widget-container\">\n\t\t\t\t\t\t\t\t\t<p class=\"p1\"><span class=\"s1\">Confiden\u021bialitatea datelor este foarte important\u0103 pentru FipMed.co \u0219i dorim s\u0103 fim deschi\u0219i \u0219i transparen\u021bi cu privire la modul \u00een care prelucr\u0103m datele dvs. personale.<br \/>\nNe angaj\u0103m s\u0103 protej\u0103m confiden\u021bialitatea \u0219i securitatea clien\u021bilor no\u0219tri \u0219i a vizitatorilor site-ului. <span class=\"Apple-converted-space\">  <\/span>Prin urmare, avem o politic\u0103 care stabile\u0219te scopul pentru care vor fi colectate datele dvs. personale, precum \u0219i modul \u00een care acestea vor fi prelucrate \u0219i protejate.<span class=\"Apple-converted-space\">  <\/span>De asemenea, ve\u021bi avea posibilitatea de a monitoriza procesul de colectare a datelor \u0219i de a gestiona nivelul de comunicare pe care \u00eel dori\u021bi cu noi.<\/span><\/p>\n<p class=\"p1\">\n<p class=\"p1\"><span class=\"s1\">&#8211; Datele dvs. vor fi utilizate numai pentru a v\u0103 \u00eembun\u0103t\u0103\u021bi serviciile \u0219i experien\u021ba dvs. cu noi<\/span><\/p>\n<p class=\"p1\"><span class=\"s1\">&#8211; Protec\u021bia datelor dvs. \u00eempotriva accesului neautorizat este prioritatea noastr\u0103 num\u0103rul unu, aceasta incluz\u00e2nd prevenirea accesului neautorizat, editarea sau partajarea datelor<\/span><\/p>\n<p class=\"p1\"><span class=\"s1\">&#8211; Ne vom angaja s\u0103 comunic\u0103m toate informa\u021biile necesare \u00een modul cel mai clar \u0219i concis<\/span><\/p>\n<p class=\"p1\"><span class=\"s1\">&#8211; Ave\u021bi op\u021biunea de a decide ce \u0219i cum primi\u021bi ve\u0219ti de la noi<\/span><\/p>\n<p class=\"p1\"><span class=\"s1\">&#8211; Toate datele cu caracter personal, dac\u0103 nu sunt esen\u021biale pentru analizele noastre, vor fi \u0219terse pentru a preveni stocarea de informa\u021bii excedentare \u00een sistemul nostru<\/span><\/p>\n<\/p>\n<h3 class=\"p1\"><span class=\"s1\">Temeiul juridic pentru prelucrare<\/span><\/h3>\n<p class=\"p1\"><span class=\"s1\">Vom prelucra informa\u021biile dvs. personale din urm\u0103toarele motive:<\/span><\/p>\n<p class=\"p1\"><span class=\"s1\">&#8211; Executarea contractelor la care sunte\u021bi parte<\/span><\/p>\n<p class=\"p1\"><span class=\"s1\">&#8211; Conformarea cu obliga\u021biile noastre legale<\/span><\/p>\n<p class=\"p1\"><span class=\"s1\">&#8211; Marketing \u0219i alte interese legitime urm\u0103rite<\/span><\/p>\n<p class=\"p2\">\n<h3 class=\"p1\"><span class=\"s1\">Interese legitime<\/span><\/h3>\n<p class=\"p1\"><span class=\"s1\">Acestea includ urm\u0103toarele:  <\/span><\/p>\n<p class=\"p1\"><span class=\"s1\">&#8211; Colectarea de informa\u021bii personale pentru a v\u0103 oferi cea mai bun\u0103 experien\u021b\u0103 posibil\u0103 pentru clien\u021bi<\/span><\/p>\n<p class=\"p1\"><span class=\"s1\">&#8211; Cerin\u021be opera\u021bionale necesare pentru procesele interne<\/span><\/p>\n<p class=\"p1\"><span class=\"s1\">&#8211; Satisfacerea cerin\u021belor dumneavoastr\u0103 cu privire la serviciile \u0219i produsele noastre<\/span><\/p>\n<p class=\"p1\"><span class=\"s1\">&#8211; Prevenirea fraudelor<\/span><\/p>\n<p class=\"p1\"><span class=\"s1\">&#8211; Exclusiv pentru propriile noastre activit\u0103\u021bi interne de marketing, cercetare \u0219i dezvoltare de produse<\/span><\/p>\n<p class=\"p2\">\n<h3 class=\"p1\"><span class=\"s1\">  Cum colect\u0103m informa\u021bii despre dumneavoastr\u0103  <\/span><\/h3>\n<p class=\"p1\"><span class=\"s1\">&#8211; Prin achizi\u021bii online (atunci c\u00e2nd plasa\u021bi o comand\u0103)  <\/span><\/p>\n<p class=\"p1\"><span class=\"s1\">&#8211; Prin marketing direct (atunci c\u00e2nd v\u0103 \u00eenscrie\u021bi la buletinele noastre informative)<\/span><\/p>\n<p class=\"p1\"><span class=\"s1\">&#8211; C\u00e2nd v\u0103 \u00eenregistra\u021bi pentru un cont FipMed.co<\/span><\/p>\n<p class=\"p1\"><span class=\"s1\">&#8211; Prin comunicare prin intermediul serviciului nostru de asisten\u021b\u0103 pentru clien\u021bi<\/span><\/p>\n<p class=\"p1\"><span class=\"s1\">&#8211; Informa\u021biile dvs. pot fi, de asemenea, colectate automat \u00een timpul vizitelor pe site-ul nostru, acestea incluz\u00e2nd informa\u021bii despre dispozitivele dvs. \u0219i navigarea pe site.<br \/>\nAceste informa\u021bii sunt colectate prin utilizarea de module cookie \u0219i tehnologii similare.   <\/span><\/p>\n<p class=\"p2\">\n<h3 class=\"p1\"><span class=\"s1\">De ce folosim informa\u021biile dvs. personale:<\/span><\/h3>\n<p class=\"p1\"><span class=\"s1\">&#8211; Procesarea \u0219i livrarea achizi\u021biilor dvs.<\/span><\/p>\n<p class=\"p1\"><span class=\"s1\">&#8211; Preluarea pl\u0103\u021bilor \u0219i efectuarea ramburs\u0103rilor<\/span><\/p>\n<p class=\"p1\"><span class=\"s1\">&#8211; Trimiterea de mesaje de serviciu prin SMS, e-mail sau \u00een alt mod<\/span><\/p>\n<p class=\"p1\"><span class=\"s1\">&#8211; Furnizarea de servicii \u0219i asisten\u021b\u0103 pentru clien\u021bi, gestionarea retururilor, a cererilor de garan\u021bie<\/span><\/p>\n<p class=\"p1\"><span class=\"s1\">&#8211; Toate formele de detectare \u0219i prevenire a fraudelor<\/span><\/p>\n<p class=\"p1\"><span class=\"s1\">&#8211; Securitatea \u0219i protejarea site-ului nostru web<\/span><\/p>\n<p class=\"p1\"><span class=\"s1\">&#8211; Afi\u0219area reclamelor noastre \u00een timp ce naviga\u021bi pe internet<\/span><\/p>\n<p class=\"p1\"><span class=\"s1\">&#8211; Furnizarea de informa\u021bii cu privire la produsele \u0219i serviciile noastre, promo\u021bii, reduceri \u0219i \u0219tiri referitoare la preferin\u021bele \u0219i dorin\u021bele dumneavoastr\u0103<\/span><\/p>\n<p class=\"p1\"><span class=\"s1\">&#8211; \u00cembun\u0103t\u0103\u021birea site-ului nostru web<\/span><\/p>\n<p class=\"p2\">\n<h3 class=\"p1\"><span class=\"s1\">Ce tipuri de date colect\u0103m<\/span><\/h3>\n<p class=\"p1\"><span class=\"s1\">&#8211; Identitate \u0219i informa\u021bii de contact (adres\u0103 de e-mail, nume, prenume, adres\u0103, telefon)<\/span><\/p>\n<p class=\"p1\"><span class=\"s1\">&#8211; Informa\u021bii financiare \u0219i privind tranzac\u021biile (date privind cardurile de credit, detalii privind pl\u0103\u021bile furnizate de procesatori de pl\u0103\u021bi ter\u021bi)<\/span><\/p>\n<p class=\"p1\"><span class=\"s1\">&#8211; Informa\u021bii despre profil (nume, prenume, adres\u0103 de e-mail, parol\u0103 \u0219i, ca informa\u021bii suplimentare neobligatorii pentru utilizator: sex, fus orar, data na\u0219terii)<\/span><\/p>\n<p class=\"p1\"><span class=\"s1\">&#8211; Informa\u021bii tehnice (adresa protocolului de internet (IP), datele dvs. de conectare, informa\u021biile despre browser, fusul orar, limba, tipurile \u0219i versiunile plug-in-urilor browserului, sistemul de operare \u0219i alte tehnologii de pe dispozitivele pe care le utiliza\u021bi pentru a accesa site-ul FipMed.co sau aplica\u021bia mobil\u0103)<\/span><\/p>\n<p class=\"p1\"><span class=\"s1\">&#8211; Informa\u021bii de marketing \u0219i comunicare (adresa de e-mail, numele, prenumele, sexul, fusul orar, regiunea, \u021bara, data achizi\u021biei, adresa IP, data comenzii, produsul achizi\u021bionat, sursa abonamentului, limba, ID-ul comenzii, ID-ul utilizatorului, data abonamentului, data ultimei modific\u0103ri)<\/span><\/p>\n<p class=\"p2\">\n<h3 class=\"p1\"><span class=\"s1\">C\u00e2t timp p\u0103str\u0103m datele dumneavoastr\u0103 cu caracter personal<\/span><\/h3>\n<p class=\"p1\"><span class=\"s1\">Vom p\u0103stra informa\u021biile dvs. at\u00e2t timp c\u00e2t ave\u021bi contul sau at\u00e2t timp c\u00e2t este necesar pentru a v\u0103 putea oferi servicii, inclusiv garan\u021bia produsului care dureaz\u0103 p\u00e2n\u0103 la 10 ani, sau (\u00een cazul oric\u0103rui contact pe care \u00eel pute\u021bi avea cu echipa noastr\u0103 de asisten\u021b\u0103 pentru clien\u021bi) at\u00e2t timp c\u00e2t este necesar pentru a furniza rapoarte legate de asisten\u021b\u0103 \u0219i analiz\u0103 a tendin\u021belor.<\/span><\/p>\n<p class=\"p1\"><span class=\"s1\">Este posibil s\u0103 p\u0103str\u0103m unele dintre informa\u021biile dvs., dac\u0103 legea impune acest lucru, chiar \u0219i dup\u0103 ce contul dvs. a fost \u00eenchis \u0219i nu mai avem nevoie s\u0103 v\u0103 furniz\u0103m niciun serviciu.<\/span><\/p>\n<p class=\"p1\"><span class=\"s1\">Datele utilizate pentru marketing direct vor fi salvate p\u00e2n\u0103 c\u00e2nd utilizatorul se dezaboneaz\u0103 sau devine inactiv pentru mai mult de un an.<\/span><\/p>\n<p class=\"p2\">\n<p class=\"p1\"><span class=\"s1\">Nu vindem \u0219i nu vom vinde niciunul dintre datele dvs. cu caracter personal c\u0103tre nicio ter\u021b\u0103 parte &#8211; inclusiv numele, adresa, adresa de e-mail sau informa\u021biile privind cardul de credit.<span class=\"Apple-converted-space\">  <\/span>Dorim s\u0103 v\u0103 c\u00e2\u0219tig\u0103m \u0219i s\u0103 v\u0103 men\u021binem \u00eencrederea \u0219i credem c\u0103 acest lucru este absolut esen\u021bial pentru a face acest lucru.<\/span><\/p>\n<p class=\"p1\"><span class=\"s1\">Cu toate acestea, \u00eemp\u0103rt\u0103\u0219im datele dvs. cu urm\u0103toarele categorii de companii ca parte esen\u021bial\u0103 a capacit\u0103\u021bii noastre de a v\u0103 furniza serviciile noastre, astfel cum se prevede \u00een prezenta declara\u021bie:<\/span><\/p>\n<p class=\"p1\"><span class=\"s1\">&#8211; Societ\u0103\u021bile afiliate \u0219i persoanele \u00eemputernicite de c\u0103tre acestea, \u00een baza \u00eendeplinirii contractului de achizi\u021bie sau pentru a efectua procese \u0219i proceduri interne<\/span><\/p>\n<p class=\"p1\"><span class=\"s1\">&#8211; Companiile care emit carduri de credit, furnizorii de servicii de plat\u0103 pentru a procesa pl\u0103\u021bile \u0219i b\u0103ncile, pe baza comenzii dumneavoastr\u0103, pentru a \u00eendeplini un contract de cump\u0103rare<\/span><\/p>\n<p class=\"p1\"><span class=\"s1\">&#8211; Transportatori pentru livrarea comenzii sau a serviciilor dvs.  <\/span><\/p>\n<p class=\"p1\"><span class=\"s1\">&#8211; Al\u021bi furnizori de servicii \u0219i p\u0103r\u021bi ter\u021be implicate \u00een prelucrarea datelor<\/span><\/p>\n<p class=\"p1\"><span class=\"s1\">&#8211; Ter\u021bi, cum ar fi agen\u021bii de aplicare a legii, alte agen\u021bii guvernamentale \u0219i p\u0103r\u021bi afiliate, \u00een cazul \u00een care suntem obliga\u021bi prin lege s\u0103 facem acest lucru<\/span><\/p>\n<\/p>\n<p class=\"p1\"><span class=\"s1\">Putem furniza ter\u021bilor informa\u021bii \u0219i analize agregate, dar anonimizate, despre clien\u021bii no\u0219tri \u0219i, \u00eenainte de a face acest lucru, ne vom asigura c\u0103 acestea nu v\u0103 identific\u0103.<\/span><\/p>\n<p class=\"p2\">\n<p class=\"p2\">\n<h3 class=\"p1\"><span class=\"s1\">Care sunt drepturile dumneavoastr\u0103<\/span><\/h3>\n<p class=\"p1\"><span class=\"s1\">&#8211; Dreptul de a accesa informa\u021biile personale pe care le de\u021binem despre dumneavoastr\u0103.<span class=\"Apple-converted-space\">  <\/span>Ave\u021bi dreptul de a solicita \u00een orice moment informa\u021bii cu privire la datele cu caracter personal pe care le de\u021binem despre dumneavoastr\u0103.<br \/>\nAtunci c\u00e2nd ne contacta\u021bi, v\u0103 vom furniza datele dvs. personale prin e-mail. <\/span><\/p>\n<p class=\"p1\"><span class=\"s1\">&#8211; Dreptul la portabilitate.<span class=\"Apple-converted-space\">  <\/span>Ave\u021bi dreptul de a ob\u021bine o copie a datelor dumneavoastr\u0103 \u00eentr-un format structurat, utilizat \u00een mod obi\u0219nuit \u0219i care poate fi citit automat, care s\u0103 v\u0103 fie transferat\u0103 dumneavoastr\u0103 sau unei alte p\u0103r\u021bi.<span class=\"Apple-converted-space\">  <\/span>Acestea includ numai datele cu caracter personal pe care ni le-a\u021bi transmis.<span class=\"Apple-converted-space\">  <\/span>De asemenea, ave\u021bi dreptul de a solicita transferul sau portarea unor elemente ale datelor dumneavoastr\u0103 c\u0103tre dumneavoastr\u0103 sau c\u0103tre un alt furnizor de servicii.<\/span><\/p>\n<p class=\"p1\"><span class=\"s1\">&#8211; Dreptul la rectificare.<span class=\"Apple-converted-space\">  <\/span>Ave\u021bi dreptul de a solicita rectificarea datelor dumneavoastr\u0103 cu caracter personal \u00een cazul \u00een care acestea sunt incorecte, inclusiv dreptul de a completa datele cu caracter personal incomplete.<\/span><\/p>\n<p class=\"p1\"><span class=\"s1\">&#8211; Dreptul la \u0219tergere.<span class=\"Apple-converted-space\">  <\/span>Ave\u021bi dreptul de a solicita \u0219tergerea, \u00eencetarea prelucr\u0103rii sau colect\u0103rii oric\u0103ror date cu caracter personal \u00een orice moment<\/span><\/p>\n<p class=\"p1\"><span class=\"s1\">&#8211; Dreptul de a se opune prelucr\u0103rii datelor cu caracter personal care se bazeaz\u0103 pe interesul legitim.<span class=\"Apple-converted-space\">  <\/span>La cererea dumneavoastr\u0103, FipMed.co nu va continua s\u0103 prelucreze datele dumneavoastr\u0103 cu caracter personal, cu excep\u021bia cazului \u00een care demonstr\u0103m un motiv legitim pentru a face altfel, care prevaleaz\u0103 asupra interesului \u0219i drepturilor dumneavoastr\u0103, sau din cauza unor obliga\u021bii sau preten\u021bii legale.<\/span><\/p>\n<p class=\"p1\"><span class=\"s1\">&#8211; Dreptul de a se opune marketingului direct.<span class=\"Apple-converted-space\">  <\/span>Ave\u021bi dreptul de a v\u0103 opune marketingului direct, inclusiv analizei profilurilor efectuate \u00een scopuri de marketing direct.<\/span><\/p>\n<p class=\"p1\"><span class=\"s1\">\u00cen general, \u00een calitate de client sau vizitator al site-ului nostru, ave\u021bi dreptul la informa\u021bii complete cu privire la colectarea \u0219i prelucrarea datelor dvs. personale.<span class=\"Apple-converted-space\">  <\/span>Dac\u0103 dori\u021bi s\u0103 v\u0103 exercita\u021bi drepturile, ave\u021bi nevoie de asisten\u021b\u0103, ave\u021bi o pl\u00e2ngere sau pur \u0219i simplu ave\u021bi \u00eentreb\u0103ri, v\u0103 rug\u0103m s\u0103 nu ezita\u021bi s\u0103 ne contacta\u021bi.<\/span><\/p>\n<p class=\"p2\">\n<h3 class=\"p1\"><span class=\"s1\">Despre cookie-uri<\/span><\/h3>\n<p class=\"p1\"><span class=\"s1\">Modulele cookie sunt mici fi\u0219iere text trimise de un site web \u0219i stocate \u00een browserul web al unui utilizator \u00een timp ce acesta navigheaz\u0103 pe un site web.<span class=\"Apple-converted-space\">  <\/span>Atunci c\u00e2nd utilizatorul navigheaz\u0103 pe acela\u0219i site \u00een viitor, datele stocate \u00een modulul cookie pot fi recuperate de site-ul web pentru a notifica site-ul web cu privire la activitatea anterioar\u0103 a utilizatorului, disting\u00e2nd astfel utilizatorul de ceilal\u021bi utilizatori ai site-ului.<\/span><\/p>\n<p class=\"p2\">\n<p class=\"p1\"><span class=\"s1\">Utiliz\u0103m module cookie pentru a v\u0103 ajuta s\u0103 naviga\u021bi eficient pe site-ul nostru \u0219i pentru a \u00eendeplini anumite func\u021bii, inclusiv analiza traficului pe site.<br \/>\nDe asemenea, modulele cookie v\u0103 pot recunoa\u0219te la urm\u0103toarea autentificare \u0219i v\u0103 pot oferi con\u021binut adaptat preferin\u021belor \u0219i intereselor dumneavoastr\u0103. <\/span><\/p>\n<p class=\"p1\"><span class=\"s1\">Putem stoca module cookie pe dispozitivul dvs. dac\u0103 acestea sunt strict necesare pentru func\u021bionarea acestui site.<br \/>\nPentru toate celelalte tipuri de module cookie, avem nevoie de permisiunea dumneavoastr\u0103.<br \/>\nAcest site utilizeaz\u0103 diferite tipuri de module cookie.<br \/>\nUnele module cookie sunt plasate de servicii ter\u021be care apar pe paginile noastre.<br \/>\nPute\u021bi oric\u00e2nd s\u0103 v\u0103 modifica\u021bi sau s\u0103 v\u0103 retrage\u021bi consim\u021b\u0103m\u00e2ntul din *Cookie Manager de pe site-ul nostru.    <\/span><\/p>\n<p class=\"p2\">\n<p class=\"p1\"><span class=\"s1\">Tipuri de module cookie pe care le folosim:<\/span><\/p>\n<p class=\"p1\"><span class=\"s1\">&#8211; Modulele cookie necesare ajut\u0103 la utilizarea unui site web, permi\u021b\u00e2nd func\u021bii de baz\u0103 precum navigarea pe pagin\u0103 \u0219i accesul la zonele securizate ale site-ului web.<br \/>\nSite-ul web nu poate func\u021biona corect f\u0103r\u0103 aceste module cookie. <\/span><\/p>\n<p class=\"p1\"><span class=\"s1\">&#8211; Cookie-urile de preferin\u021b\u0103 permit unui site web s\u0103 memoreze informa\u021bii care modific\u0103 modul \u00een care site-ul web se comport\u0103 sau arat\u0103, cum ar fi limba preferat\u0103 sau regiunea \u00een care v\u0103 afla\u021bi.<\/span><\/p>\n<p class=\"p1\"><span class=\"s1\">&#8211; Cookie-urile statistice ajut\u0103 proprietarii de site-uri web s\u0103 \u00een\u021beleag\u0103 modul \u00een care vizitatorii interac\u021bioneaz\u0103 cu site-urile web prin colectarea \u0219i raportarea anonim\u0103 a informa\u021biilor.<\/span><\/p>\n<p class=\"p1\"><span class=\"s1\">&#8211; Modulele cookie de marketing sunt utilizate pentru a urm\u0103ri vizitatorii pe toate site-urile web.<br \/>\nInten\u021biile sunt de a afi\u0219a anun\u021buri care sunt relevante \u0219i atractive pentru utilizatorul individual \u0219i, prin urmare, mai valoroase pentru editori \u0219i agen\u021bii de publicitate ter\u021bi. <\/span><\/p>\n\t\t\t\t\t\t\t\t<\/div>\n\t\t\t\t<\/div>\n\t\t\t\t\t<\/div>\n\t\t<\/div>\n\t\t\t\t\t<\/div>\n\t\t<\/section>\n\t\t\t\t<\/div>\n\t\t","protected":false},"excerpt":{"rendered":"<p>Confiden\u021bialitatea datelor este foarte important\u0103 pentru FipMed.co \u0219i dorim s\u0103 fim deschi\u0219i \u0219i transparen\u021bi cu privire la modul \u00een care prelucr\u0103m datele dvs. personale. Ne angaj\u0103m s\u0103 protej\u0103m confiden\u021bialitatea \u0219i securitatea clien\u021bilor no\u0219tri \u0219i a vizitatorilor site-ului. Prin urmare, avem o politic\u0103 care stabile\u0219te scopul pentru care vor fi colectate datele dvs. personale, precum \u0219i [&hellip;]<\/p>\n","protected":false},"author":1,"featured_media":0,"parent":0,"menu_order":0,"comment_status":"closed","ping_status":"open","template":"","meta":{"_glsr_average":0,"_glsr_ranking":0,"_glsr_reviews":0,"footnotes":""},"categories":[],"tags":[],"_links":{"self":[{"href":"https:\/\/fipmed.co\/ro\/wp-json\/wp\/v2\/pages\/22120"}],"collection":[{"href":"https:\/\/fipmed.co\/ro\/wp-json\/wp\/v2\/pages"}],"about":[{"href":"https:\/\/fipmed.co\/ro\/wp-json\/wp\/v2\/types\/page"}],"author":[{"embeddable":true,"href":"https:\/\/fipmed.co\/ro\/wp-json\/wp\/v2\/users\/1"}],"replies":[{"embeddable":true,"href":"https:\/\/fipmed.co\/ro\/wp-json\/wp\/v2\/comments?post=22120"}],"version-history":[{"count":1,"href":"https:\/\/fipmed.co\/ro\/wp-json\/wp\/v2\/pages\/22120\/revisions"}],"predecessor-version":[{"id":22123,"href":"https:\/\/fipmed.co\/ro\/wp-json\/wp\/v2\/pages\/22120\/revisions\/22123"}],"wp:attachment":[{"href":"https:\/\/fipmed.co\/ro\/wp-json\/wp\/v2\/media?parent=22120"}],"wp:term":[{"taxonomy":"category","embeddable":true,"href":"https:\/\/fipmed.co\/ro\/wp-json\/wp\/v2\/categories?post=22120"},{"taxonomy":"post_tag","embeddable":true,"href":"https:\/\/fipmed.co\/ro\/wp-json\/wp\/v2\/tags?post=22120"}],"curies":[{"name":"wp","href":"https:\/\/api.w.org\/{rel}","templated":true}]}}