{"id":22150,"date":"2023-05-08T07:21:11","date_gmt":"2023-05-08T07:21:11","guid":{"rendered":"https:\/\/fipmed.co\/expediere-si-livrare\/"},"modified":"2024-07-24T09:36:03","modified_gmt":"2024-07-24T09:36:03","slug":"expediere-si-livrare","status":"publish","type":"page","link":"https:\/\/fipmed.co\/ro\/expediere-si-livrare\/","title":{"rendered":"Politica de expediere \u0219i livrare"},"content":{"rendered":"\t\t<div data-elementor-type=\"wp-page\" data-elementor-id=\"22150\" class=\"elementor elementor-22150 elementor-7260\">\n\t\t\t\t\t\t<section class=\"elementor-section elementor-top-section elementor-element elementor-element-8b2513f elementor-section-boxed elementor-section-height-default elementor-section-height-default\" data-id=\"8b2513f\" data-element_type=\"section\">\n\t\t\t\t\t\t<div class=\"elementor-container elementor-column-gap-default\">\n\t\t\t\t\t<div class=\"elementor-column elementor-col-100 elementor-top-column elementor-element elementor-element-cb4fbe6\" data-id=\"cb4fbe6\" data-element_type=\"column\">\n\t\t\t<div class=\"elementor-widget-wrap elementor-element-populated\">\n\t\t\t\t\t\t<div class=\"elementor-element elementor-element-4603e09 elementor-widget elementor-widget-text-editor\" data-id=\"4603e09\" data-element_type=\"widget\" data-widget_type=\"text-editor.default\">\n\t\t\t\t<div class=\"elementor-widget-container\">\n\t\t\t\t\t\t\t\t\t<p class=\"p1\"><span class=\"s1\">FipMed este o companie care deserve\u0219te pacien\u021bi din \u00eentreaga lume \u0219i livreaz\u0103 \u00een peste 150 de \u021b\u0103ri diferite.<br \/>\nToate comenzile sunt expediate direct din depozitele noastre. <\/span><\/p>\n<p class=\"p1\"><span class=\"s1\">V\u0103 mul\u021bumim c\u0103 ave\u021bi \u00eencredere \u00een FipMed pentru a salva via\u021ba pisicii dumneavoastr\u0103.<br \/>\nAceast\u0103 politic\u0103 de expediere prezint\u0103 informa\u021bii importante privind expedierea produselor de pe site-ul nostru interna\u021bional de comer\u021b electronic c\u0103tre loca\u021bia dumneavoastr\u0103.<br \/>\nV\u0103 rug\u0103m s\u0103 citi\u021bi cu aten\u021bie aceast\u0103 politic\u0103 pentru a \u00een\u021belege procesele noastre de expediere, taxele, termenele de livrare \u0219i orice termeni \u0219i condi\u021bii suplimentare care se pot aplica.<br \/>\nDac\u0103 ave\u021bi \u00eentreb\u0103ri sau ave\u021bi nevoie de clarific\u0103ri suplimentare, v\u0103 rug\u0103m s\u0103 nu ezita\u021bi s\u0103 contacta\u021bi echipa noastr\u0103 de servicii pentru clien\u021bi.   <\/span><\/p>\n<p class=\"p1\"><strong><span class=\"s1\">Destina\u021bii de expediere<\/span><\/strong><\/p>\n<p class=\"p1\"><span class=\"s1\">Oferim transport interna\u021bional \u00een majoritatea \u021b\u0103rilor din \u00eentreaga lume.<br \/>\nCu toate acestea, v\u0103 rug\u0103m s\u0103 re\u021bine\u021bi c\u0103 pot exista anumite restric\u021bii \u0219i limit\u0103ri impuse de autorit\u0103\u021bile vamale locale sau de operatorii de transport maritim.<br \/>\nDac\u0103 nu putem livra \u00een loca\u021bia dvs. specific\u0103, v\u0103 vom notifica \u00een timpul procesului de comand\u0103.  <\/span><\/p>\n<p class=\"p1\"><span class=\"s1\"><b>Metode de expediere \u0219i transportatori<\/b><\/span><\/p>\n<p class=\"p1\"><span class=\"s1\">Pentru a asigura o livrare fiabil\u0103 \u0219i eficient\u0103, colabor\u0103m cu transportatori de renume.<br \/>\nMetodele de expediere disponibile vor fi afi\u0219ate \u00een timpul procesului de finalizare a comenzii, \u00een func\u021bie de loca\u021bia dumneavoastr\u0103.<br \/>\nOp\u021biunile pot include expediere standard, expediere rapid\u0103 sau alte servicii.<br \/>\nTimpul de livrare estimat \u0219i costurile asociate vor fi, de asemenea, furnizate.   <span class=\"Apple-converted-space\"> <\/span><\/span><\/p>\n<p class=\"p1\"><span class=\"s1\"><b>Timpul de procesare a comenzilor<\/b><\/span><\/p>\n<p class=\"p1\"><span class=\"s1\">Dup\u0103 primirea comenzii dvs. \u0219i verificarea cu succes a pl\u0103\u021bii, v\u0103 vom procesa comanda \u00een vederea expedierii.<br \/>\nTimpul de procesare include, de obicei, verificarea comenzii, controalele de calitate, ambalarea \u0219i predarea c\u0103tre transportatorul maritim.<br \/>\nComanda va fi procesat\u0103 \u00een termen de o jum\u0103tate de zi, cu excep\u021bia cazului \u00een care se specific\u0103 altfel pentru anumite produse.  <\/span><\/p>\n<p class=\"p1\"><span class=\"s1\"><b>Timp de expediere<\/b><\/span><\/p>\n<p class=\"p1\"><span class=\"s1\">Timpul de expediere se refer\u0103 la durata necesar\u0103 pentru ca comanda dvs. s\u0103 ajung\u0103 la destina\u021bia specificat\u0103 dup\u0103 ce a fost expediat\u0103 din centrul nostru de realizare.<br \/>\nTimpul de expediere este de 48 de ore, indiferent de loca\u021bie.<br \/>\nCu toate acestea, acesta poate varia \u00een func\u021bie de procedurile de v\u0103muire \u0219i de al\u021bi factori afla\u021bi \u00een afara controlului nostru.<br \/>\nV\u0103 rug\u0103m s\u0103 re\u021bine\u021bi c\u0103 timpii estimativi de expediere furniza\u021bi \u00een timpul finaliz\u0103rii comenzii sunt aproximativi \u0219i nu sunt garanta\u021bi.   <\/span><\/p>\n<p class=\"p1\"><span class=\"s1\"><b>Costuri de expediere<\/b><\/span><\/p>\n<p class=\"p1\"><span class=\"s1\">Costurile de expediere sunt stabilite \u00een func\u021bie de diver\u0219i factori, inclusiv \u021bara de destina\u021bie, metoda de expediere aleas\u0103, greutatea \u0219i dimensiunile coletului.<br \/>\nTaxele de transport aplicabile vor fi calculate \u0219i afi\u0219ate \u00een timpul procesului de finalizare a comenzii.<br \/>\nV\u0103 rug\u0103m s\u0103 re\u021bine\u021bi c\u0103 orice taxe vamale suplimentare, impozite sau taxe de import impuse de autoritatea vamal\u0103 din \u021bara dumneavoastr\u0103 sunt responsabilitatea destinatarului.  <\/span><\/p>\n<p class=\"p1\"><span class=\"s1\"><b>Transport gratuit<\/b><\/span><\/p>\n<p class=\"p1\"><span class=\"s1\">Oferim transport gratuit pentru achizi\u021biile de pachete.<br \/>\nV\u0103 rug\u0103m s\u0103 c\u0103uta\u021bi &#8222;Transport GRATUIT&#8221; \u00een detaliile pentru produsele relevante. <span class=\"Apple-converted-space\"> <\/span><\/span><\/p>\n<p class=\"p1\"><span class=\"s1\"><b>Urm\u0103rirea comenzilor<\/b><\/span><\/p>\n<p class=\"p1\"><span class=\"s1\">Oferim servicii de urm\u0103rire a comenzii pentru majoritatea expedierilor.<br \/>\nOdat\u0103 ce comanda dvs. a fost expediat\u0103, ve\u021bi primi un e-mail de confirmare a expedierii care con\u021bine un num\u0103r de urm\u0103rire sau un link direct pentru a urm\u0103ri pachetul dvs. online.<br \/>\nPute\u021bi utiliza aceste informa\u021bii de urm\u0103rire pentru a monitoriza progresul expedierii dvs. p\u00e2n\u0103 c\u00e2nd aceasta ajunge la u\u0219a dvs.  <\/span><\/p>\n<p class=\"p1\"><span class=\"s1\"><b>Taxe vamale \u0219i de import<\/b><\/span><\/p>\n<p class=\"p1\"><span class=\"s1\">Pentru comenzile interna\u021bionale, pot fi percepute taxe vamale, impozite \u0219i alte taxe de import de c\u0103tre autoritatea vamal\u0103 a \u021b\u0103rii de destina\u021bie.<br \/>\nAceste taxe, dac\u0103 este cazul, sunt responsabilitatea destinatarului \u0219i nu sunt incluse \u00een pre\u021bul de achizi\u021bie sau \u00een taxele de expediere.<br \/>\nV\u0103 rug\u0103m s\u0103 v\u0103 familiariza\u021bi cu reglement\u0103rile vamale din \u021bara dumneavoastr\u0103 \u0219i s\u0103 contacta\u021bi biroul vamal local pentru informa\u021bii suplimentare.  <\/span><\/p>\n<p class=\"p1\"><span class=\"s1\"><b>Livrarea \u0219i acceptarea comenzii<\/b><\/span><\/p>\n<p class=\"p1\"><span class=\"s1\">La livrarea comenzii dvs., v\u0103 rug\u0103m s\u0103 v\u0103 asigura\u021bi c\u0103 cineva este disponibil pentru a primi coletul la adresa de expediere specificat\u0103.<br \/>\nDac\u0103 nu este nimeni disponibil, transportatorul poate l\u0103sa o notificare de livrare sau poate \u00eencerca s\u0103 efectueze o nou\u0103 livrare la o dat\u0103 ulterioar\u0103.<br \/>\nV\u0103 rug\u0103m s\u0103 urma\u021bi instruc\u021biunile transportatorului \u0219i s\u0103 \u00eel contacta\u021bi direct dac\u0103 este necesar.<br \/>\nOdat\u0103 ce pachetul a fost livrat \u0219i acceptat la adresa specificat\u0103, responsabilitatea noastr\u0103 pentru expediere \u00eenceteaz\u0103.   <\/span><\/p>\n<p class=\"p1\"><span class=\"s1\"><b>Probleme de expediere \u0219i retururi<\/b><\/span><\/p>\n<p class=\"p1\"><span class=\"s1\">\u00cen cazul rar al oric\u0103ror probleme legate de expediere, cum ar fi pachete pierdute, articole deteriorate sau livr\u0103ri incorecte, v\u0103 rug\u0103m s\u0103 contacta\u021bi imediat echipa noastr\u0103 de asisten\u021b\u0103 pentru clien\u021bi.<br \/>\nVom lucra cu s\u00e2rguin\u021b\u0103 pentru a rezolva problema \u0219i pentru a v\u0103 asista \u00een orice retururi sau schimburi necesare \u00een conformitate cu Politica noastr\u0103 de retururi \u0219i ramburs\u0103ri. <\/span><\/p>\n<p class=\"p1\"><span class=\"s1\"><b>Modific\u0103ri ale politicii de expediere<\/b><\/span><\/p>\n<p class=\"p1\"><span class=\"s1\">Ne rezerv\u0103m dreptul de a modifica sau actualiza aceast\u0103 politic\u0103 de expediere \u00een orice moment, f\u0103r\u0103 notificare prealabil\u0103.<br \/>\nOrice modificare va intra \u00een vigoare imediat dup\u0103 postarea pe site-ul nostru.<br \/>\nEste responsabilitatea dvs. s\u0103 revizui\u021bi periodic Politica de expediere pentru orice actualiz\u0103ri sau modific\u0103ri.  <\/span><\/p>\n<p class=\"p1\"><span class=\"s1\">Prin plasarea unei comenzi pe site-ul nostru interna\u021bional de comer\u021b electronic, recunoa\u0219te\u021bi \u0219i sunte\u021bi de acord cu politica noastr\u0103 de expediere.<\/span><\/p>\n<p class=\"p1\"><span class=\"s1\">Acestea sunt \u021b\u0103rile c\u0103tre care expediem \u00een prezent:<\/span><\/p>\n<p class=\"p2\"><span class=\"s1\"><span class=\"Apple-converted-space\"> <\/span><\/span><\/p>\n<p class=\"p1\"><span class=\"s1\"><b>Asia<\/b><\/span><\/p>\n<p class=\"p1\"><span class=\"s1\">Bangladesh<\/span><\/p>\n<p class=\"p1\"><span class=\"s1\">Bhutan<\/span><\/p>\n<p class=\"p1\"><span class=\"s1\">Brunei<\/span><\/p>\n<p class=\"p1\"><span class=\"s1\">Cambodgia<\/span><\/p>\n<p class=\"p1\"><span class=\"s1\">China<\/span><\/p>\n<p class=\"p1\"><span class=\"s1\">Guam<\/span><\/p>\n<p class=\"p1\"><span class=\"s1\">Hong Kong<\/span><\/p>\n<p class=\"p1\"><span class=\"s1\">India<\/span><\/p>\n<p class=\"p1\"><span class=\"s1\">Indonezia<\/span><\/p>\n<p class=\"p1\"><span class=\"s1\">Japonia<\/span><\/p>\n<p class=\"p1\"><span class=\"s1\">Macao<\/span><\/p>\n<p class=\"p1\"><span class=\"s1\">Malaezia<\/span><\/p>\n<p class=\"p1\"><span class=\"s1\">Maldive<\/span><\/p>\n<p class=\"p1\"><span class=\"s1\">Mongolia<\/span><\/p>\n<p class=\"p1\"><span class=\"s1\">Nepal<\/span><\/p>\n<p class=\"p1\"><span class=\"s1\">Filipine<\/span><\/p>\n<p class=\"p1\"><span class=\"s1\">Singapore<\/span><\/p>\n<p class=\"p1\"><span class=\"s1\">Coreea, Republica Coreea<\/span><\/p>\n<p class=\"p1\"><span class=\"s1\">Sri Lanka<\/span><\/p>\n<p class=\"p1\"><span class=\"s1\">Taiwan<\/span><\/p>\n<p class=\"p1\"><span class=\"s1\">Thailanda<\/span><\/p>\n<p class=\"p1\"><span class=\"s1\">Vietnam<\/span><\/p>\n<p class=\"p1\"><span class=\"s1\"><b>Caraibe<\/b><\/span><\/p>\n<p class=\"p1\"><span class=\"s1\">Anguilla<\/span><\/p>\n<p class=\"p1\"><span class=\"s1\">Antigua \u0219i Barbuda<\/span><\/p>\n<p class=\"p1\"><span class=\"s1\">Aruba<\/span><\/p>\n<p class=\"p1\"><span class=\"s1\">Bahamas<\/span><\/p>\n<p class=\"p1\"><span class=\"s1\">Barbados<\/span><\/p>\n<p class=\"p1\"><span class=\"s1\">Bermuda<\/span><\/p>\n<p class=\"p1\"><span class=\"s1\">Bonaire<\/span><\/p>\n<p class=\"p1\"><span class=\"s1\">Insulele Cayman<\/span><\/p>\n<p class=\"p1\"><span class=\"s1\">Dominica<\/span><\/p>\n<p class=\"p1\"><span class=\"s1\">Republica Dominican\u0103<\/span><\/p>\n<p class=\"p1\"><span class=\"s1\">Grenada<\/span><\/p>\n<p class=\"p1\"><span class=\"s1\">Guadelupa<\/span><\/p>\n<p class=\"p1\"><span class=\"s1\">Haiti<\/span><\/p>\n<p class=\"p1\"><span class=\"s1\">Jamaica<\/span><\/p>\n<p class=\"p1\"><span class=\"s1\">Martinica<\/span><\/p>\n<p class=\"p1\"><span class=\"s1\">Saint Kitts \u0219i Nevis<\/span><\/p>\n<p class=\"p1\"><span class=\"s1\">Sf\u00e2nta Lucia<\/span><\/p>\n<p class=\"p1\"><span class=\"s1\">Saint Vincent \u0219i Grenadine<\/span><\/p>\n<p class=\"p1\"><span class=\"s1\">Sint Maarten<\/span><\/p>\n<p class=\"p1\"><span class=\"s1\">Trinidad \u0219i Tobago<\/span><\/p>\n<p class=\"p1\"><span class=\"s1\">Insulele Turks \u0219i Caicos<\/span><\/p>\n<\/p>\n<p class=\"p1\"><span class=\"s1\"><b>America Central\u0103<\/b><\/span><\/p>\n<p class=\"p1\"><span class=\"s1\">Belize<\/span><\/p>\n<p class=\"p1\"><span class=\"s1\">Costa Rica<\/span><\/p>\n<p class=\"p1\"><span class=\"s1\">El Salvador<\/span><\/p>\n<p class=\"p1\"><span class=\"s1\">Guatemala<\/span><\/p>\n<p class=\"p1\"><span class=\"s1\">Honduras<\/span><\/p>\n<p class=\"p1\"><span class=\"s1\">Nicaragua<\/span><\/p>\n<p class=\"p1\"><span class=\"s1\">Panama<\/span><\/p>\n<p class=\"p2\"><span class=\"s1\"><span class=\"Apple-converted-space\"> <\/span><\/span><\/p>\n<p class=\"p1\"><span class=\"s1\"><b>Asia Central\u0103<\/b><\/span><\/p>\n<p class=\"p1\"><span class=\"s1\">Kazahstan<\/span><\/p>\n<p class=\"p1\"><span class=\"s1\">K\u00e2rg\u00e2zstan<\/span><\/p>\n<p class=\"p1\"><span class=\"s1\">Mongolia<\/span><\/p>\n<p class=\"p1\"><span class=\"s1\">Tadjikistan<\/span><\/p>\n<p class=\"p1\"><span class=\"s1\">Uzbekistan<\/span><\/p>\n<\/p>\n<p class=\"p1\"><span class=\"s1\"><b>Europa<\/b><\/span><\/p>\n<p class=\"p1\"><span class=\"s1\">Albania<\/span><\/p>\n<p class=\"p1\"><span class=\"s1\">Andorra<\/span><\/p>\n<p class=\"p1\"><span class=\"s1\">Armenia<\/span><\/p>\n<p class=\"p1\"><span class=\"s1\">Austria<\/span><\/p>\n<p class=\"p1\"><span class=\"s1\">Azerbaidjan<\/span><\/p>\n<p class=\"p1\"><span class=\"s1\">Belarus<\/span><\/p>\n<p class=\"p1\"><span class=\"s1\">Belgia<\/span><\/p>\n<p class=\"p1\"><span class=\"s1\">Bosnia \u0219i Her\u021begovina<\/span><\/p>\n<p class=\"p1\"><span class=\"s1\">Bulgaria<\/span><\/p>\n<p class=\"p1\"><span class=\"s1\">Croa\u021bia<\/span><\/p>\n<p class=\"p1\"><span class=\"s1\">Republica Ceh\u0103<\/span><\/p>\n<p class=\"p1\"><span class=\"s1\">Danemarca<\/span><\/p>\n<p class=\"p1\"><span class=\"s1\">Estonia<\/span><\/p>\n<p class=\"p1\"><span class=\"s1\">Insulele Feroe<\/span><\/p>\n<p class=\"p1\"><span class=\"s1\">Finlanda<\/span><\/p>\n<p class=\"p1\"><span class=\"s1\">Fran\u021ba<\/span><\/p>\n<p class=\"p1\"><span class=\"s1\">Georgia<\/span><\/p>\n<p class=\"p1\"><span class=\"s1\">Germania<\/span><\/p>\n<p class=\"p1\"><span class=\"s1\">Gibraltar<\/span><\/p>\n<p class=\"p1\"><span class=\"s1\">Marea Britanie<\/span><\/p>\n<p class=\"p1\"><span class=\"s1\">Grecia<\/span><\/p>\n<p class=\"p1\"><span class=\"s1\">Groenlanda<\/span><\/p>\n<p class=\"p1\"><span class=\"s1\">Guernsey, Insulele Anglo-Normande<\/span><\/p>\n<p class=\"p1\"><span class=\"s1\">Ungaria<\/span><\/p>\n<p class=\"p1\"><span class=\"s1\">Islanda<\/span><\/p>\n<p class=\"p1\"><span class=\"s1\">Irlanda<\/span><\/p>\n<p class=\"p1\"><span class=\"s1\">Insula Man<\/span><\/p>\n<p class=\"p1\"><span class=\"s1\">Italia<\/span><\/p>\n<p class=\"p1\"><span class=\"s1\">Jersey, Insulele Canalului M\u00e2necii<\/span><\/p>\n<p class=\"p1\"><span class=\"s1\">Letonia<\/span><\/p>\n<p class=\"p1\"><span class=\"s1\">Liechtenstein<\/span><\/p>\n<p class=\"p1\"><span class=\"s1\">Lituania<\/span><\/p>\n<p class=\"p1\"><span class=\"s1\">Luxemburg<\/span><\/p>\n<p class=\"p1\"><span class=\"s1\">Macedonia<\/span><\/p>\n<p class=\"p1\"><span class=\"s1\">Malta<\/span><\/p>\n<p class=\"p1\"><span class=\"s1\">Moldova, Republica Moldova<\/span><\/p>\n<p class=\"p1\"><span class=\"s1\">Monaco<\/span><\/p>\n<p class=\"p1\"><span class=\"s1\">Muntenegru<\/span><\/p>\n<p class=\"p1\"><span class=\"s1\">\u021a\u0103rile de Jos<\/span><\/p>\n<p class=\"p1\"><span class=\"s1\">Norvegia<\/span><\/p>\n<p class=\"p1\"><span class=\"s1\">Polonia<\/span><\/p>\n<p class=\"p1\"><span class=\"s1\">Portugalia<\/span><\/p>\n<p class=\"p1\"><span class=\"s1\">Rom\u00e2nia<\/span><\/p>\n<p class=\"p1\"><span class=\"s1\">Rusia<\/span><\/p>\n<p class=\"p1\"><span class=\"s1\">Sf\u00e2nta Elena<\/span><\/p>\n<p class=\"p1\"><span class=\"s1\">San Marino<\/span><\/p>\n<p class=\"p1\"><span class=\"s1\">Serbia<\/span><\/p>\n<p class=\"p1\"><span class=\"s1\">Slovacia<\/span><\/p>\n<p class=\"p1\"><span class=\"s1\">Slovenia<\/span><\/p>\n<p class=\"p1\"><span class=\"s1\">Spania<\/span><\/p>\n<p class=\"p1\"><span class=\"s1\">Suedia<\/span><\/p>\n<p class=\"p1\"><span class=\"s1\">Elve\u021bia<\/span><\/p>\n<p class=\"p1\"><span class=\"s1\">Ucraina<\/span><\/p>\n<p class=\"p1\"><span class=\"s1\">Insulele Virgine, Britanice<\/span><\/p>\n<p class=\"p2\"><span class=\"s1\"><span class=\"Apple-converted-space\"> <\/span><\/span><\/p>\n<p class=\"p1\"><span class=\"s1\"><b>Orientul Mijlociu<\/b><\/span><\/p>\n<p class=\"p1\"><span class=\"s1\">Bahrain<\/span><\/p>\n<p class=\"p1\"><span class=\"s1\">Cipru<\/span><\/p>\n<p class=\"p1\"><span class=\"s1\">Egipt<\/span><\/p>\n<p class=\"p1\"><span class=\"s1\">Israel<\/span><\/p>\n<p class=\"p1\"><span class=\"s1\">Iordania<\/span><\/p>\n<p class=\"p1\"><span class=\"s1\">Kuweit<\/span><\/p>\n<p class=\"p1\"><span class=\"s1\">Liban<\/span><\/p>\n<p class=\"p1\"><span class=\"s1\">Oman<\/span><\/p>\n<p class=\"p1\"><span class=\"s1\">Pakistan<\/span><\/p>\n<p class=\"p1\"><span class=\"s1\">Qatar<\/span><\/p>\n<p class=\"p1\"><span class=\"s1\">Arabia Saudit\u0103<\/span><\/p>\n<p class=\"p1\"><span class=\"s1\">Turcia (T\u00fcrkiye)<\/span><\/p>\n<p class=\"p1\"><span class=\"s1\">Emiratele Arabe Unite<\/span><\/p>\n<p class=\"p1\"><span class=\"s1\">Yemen<\/span><\/p>\n<p class=\"p2\"><span class=\"s1\"><span class=\"Apple-converted-space\"> <\/span><\/span><\/p>\n<p class=\"p1\"><span class=\"s1\"><b>America de Nord<\/b><\/span><\/p>\n<p class=\"p1\"><span class=\"s1\">Canada<\/span><\/p>\n<p class=\"p1\"><span class=\"s1\">Mexic<\/span><\/p>\n<p class=\"p1\"><span class=\"s1\">Statele Unite ale Americii<\/span><\/p>\n<p class=\"p2\"><span class=\"s1\"><span class=\"Apple-converted-space\"> <\/span><\/span><\/p>\n<p class=\"p1\"><span class=\"s1\"><b>Africa de Nord<\/b><\/span><\/p>\n<p class=\"p1\"><span class=\"s1\">Algeria<\/span><\/p>\n<p class=\"p1\"><span class=\"s1\">Benin<\/span><\/p>\n<p class=\"p1\"><span class=\"s1\">Burkina Faso<\/span><\/p>\n<p class=\"p1\"><span class=\"s1\">Capul Verde<\/span><\/p>\n<p class=\"p1\"><span class=\"s1\">Cote D&#8217;Ivoire<\/span><\/p>\n<p class=\"p1\"><span class=\"s1\">Djibouti<\/span><\/p>\n<p class=\"p1\"><span class=\"s1\">Gambia<\/span><\/p>\n<p class=\"p1\"><span class=\"s1\">Ghana<\/span><\/p>\n<p class=\"p1\"><span class=\"s1\">Guineea, Republica Guineea<\/span><\/p>\n<p class=\"p1\"><span class=\"s1\">Mali<\/span><\/p>\n<p class=\"p1\"><span class=\"s1\">Maroc<\/span><\/p>\n<p class=\"p1\"><span class=\"s1\">Mozambic<\/span><\/p>\n<p class=\"p1\"><span class=\"s1\">Nigeria<\/span><\/p>\n<p class=\"p1\"><span class=\"s1\">Sao Tome \u0219i Principe<\/span><\/p>\n<p class=\"p1\"><span class=\"s1\">Senegal<\/span><\/p>\n<p class=\"p1\"><span class=\"s1\">Eswatini (Swaziland)<\/span><\/p>\n<p class=\"p1\"><span class=\"s1\">Togo<\/span><\/p>\n<p class=\"p1\"><span class=\"s1\">Tunisia<\/span><\/p>\n<p class=\"p1\"><span class=\"s1\">Uganda<\/span><\/p>\n<p class=\"p2\"><span class=\"s1\"><span class=\"Apple-converted-space\"> <\/span><\/span><\/p>\n<p class=\"p1\"><span class=\"s1\"><b>Oceania<\/b><\/span><\/p>\n<p class=\"p1\"><span class=\"s1\">Australia<\/span><\/p>\n<p class=\"p1\"><span class=\"s1\">Insulele Cook<\/span><\/p>\n<p class=\"p1\"><span class=\"s1\">Fiji<\/span><\/p>\n<p class=\"p1\"><span class=\"s1\">Polinezia Francez\u0103<\/span><\/p>\n<p class=\"p1\"><span class=\"s1\">Kiribati<\/span><\/p>\n<p class=\"p1\"><span class=\"s1\">Noua Caledonie<\/span><\/p>\n<p class=\"p1\"><span class=\"s1\">Noua Zeeland\u0103<\/span><\/p>\n<p class=\"p1\"><span class=\"s1\">Insulele Mariane de Nord<\/span><\/p>\n<p class=\"p1\"><span class=\"s1\">Papua Noua Guinee<\/span><\/p>\n<p class=\"p1\"><span class=\"s1\">Samoa<\/span><\/p>\n<p class=\"p1\"><span class=\"s1\">Insulele Solomon<\/span><\/p>\n<p class=\"p1\"><span class=\"s1\">Tonga<\/span><\/p>\n<p class=\"p1\"><span class=\"s1\">Vanuatu<\/span><\/p>\n<p class=\"p2\"><span class=\"s1\"><span class=\"Apple-converted-space\"> <\/span><\/span><\/p>\n<p class=\"p1\"><span class=\"s1\"><b>America de Sud<\/b><\/span><\/p>\n<p class=\"p1\"><span class=\"s1\">Argentina<\/span><\/p>\n<p class=\"p1\"><span class=\"s1\">Bolivia<\/span><\/p>\n<p class=\"p1\"><span class=\"s1\">Brazilia<\/span><\/p>\n<p class=\"p1\"><span class=\"s1\">Chile<\/span><\/p>\n<p class=\"p1\"><span class=\"s1\">Columbia<\/span><\/p>\n<p class=\"p1\"><span class=\"s1\">Ecuador<\/span><\/p>\n<p class=\"p1\"><span class=\"s1\">Insulele Falkland<\/span><\/p>\n<p class=\"p1\"><span class=\"s1\">Guiana Francez\u0103<\/span><\/p>\n<p class=\"p1\"><span class=\"s1\">Guyana<\/span><\/p>\n<p class=\"p1\"><span class=\"s1\">Paraguay<\/span><\/p>\n<p class=\"p1\"><span class=\"s1\">Peru<\/span><\/p>\n<p class=\"p1\"><span class=\"s1\">Suriname<\/span><\/p>\n<p class=\"p1\"><span class=\"s1\">Uruguay<\/span><\/p>\n<p class=\"p1\"><span class=\"s1\">Venezuela<\/span><\/p>\n<p class=\"p2\"><span class=\"s1\"><span class=\"Apple-converted-space\"> <\/span><\/span><\/p>\n<p class=\"p1\"><span class=\"s1\"><b>Africa de Sud<\/b><\/span><\/p>\n<p class=\"p1\"><span class=\"s1\">Angola<\/span><\/p>\n<p class=\"p1\"><span class=\"s1\">Botswana<\/span><\/p>\n<p class=\"p1\"><span class=\"s1\">Burundi<\/span><\/p>\n<p class=\"p1\"><span class=\"s1\">Camerun<\/span><\/p>\n<p class=\"p1\"><span class=\"s1\">Congo<\/span><\/p>\n<p class=\"p1\"><span class=\"s1\">Gabon<\/span><\/p>\n<p class=\"p1\"><span class=\"s1\">Kenya<\/span><\/p>\n<p class=\"p1\"><span class=\"s1\">Madagascar<\/span><\/p>\n<p class=\"p1\"><span class=\"s1\">Malawi<\/span><\/p>\n<p class=\"p1\"><span class=\"s1\">Mauritius<\/span><\/p>\n<p class=\"p1\"><span class=\"s1\">Namibia<\/span><\/p>\n<p class=\"p1\"><span class=\"s1\">Rwanda<\/span><\/p>\n<p class=\"p1\"><span class=\"s1\">Seychelles<\/span><\/p>\n<p class=\"p1\"><span class=\"s1\">Africa de Sud<\/span><\/p>\n<p class=\"p1\"><span class=\"s1\">Tanzania, Republica Unit\u0103 a<\/span><\/p>\n<p class=\"p1\"><span class=\"s1\">Zambia<\/span><\/p>\n<p class=\"p1\"><span class=\"s1\">Zimbabwe<\/span><\/p>\n<p class=\"p1\">\n\t\t\t\t\t\t\t\t<\/div>\n\t\t\t\t<\/div>\n\t\t\t\t\t<\/div>\n\t\t<\/div>\n\t\t\t\t\t<\/div>\n\t\t<\/section>\n\t\t\t\t<\/div>\n\t\t","protected":false},"excerpt":{"rendered":"<p>FipMed este o companie care deserve\u0219te pacien\u021bi din \u00eentreaga lume \u0219i livreaz\u0103 \u00een peste 150 de \u021b\u0103ri diferite. Toate comenzile sunt expediate direct din depozitele noastre. V\u0103 mul\u021bumim c\u0103 ave\u021bi \u00eencredere \u00een FipMed pentru a salva via\u021ba pisicii dumneavoastr\u0103. Aceast\u0103 politic\u0103 de expediere prezint\u0103 informa\u021bii importante privind expedierea produselor de pe site-ul nostru interna\u021bional de [&hellip;]<\/p>\n","protected":false},"author":1,"featured_media":0,"parent":0,"menu_order":0,"comment_status":"closed","ping_status":"open","template":"","meta":{"_glsr_average":0,"_glsr_ranking":0,"_glsr_reviews":0,"footnotes":""},"categories":[],"tags":[],"_links":{"self":[{"href":"https:\/\/fipmed.co\/ro\/wp-json\/wp\/v2\/pages\/22150"}],"collection":[{"href":"https:\/\/fipmed.co\/ro\/wp-json\/wp\/v2\/pages"}],"about":[{"href":"https:\/\/fipmed.co\/ro\/wp-json\/wp\/v2\/types\/page"}],"author":[{"embeddable":true,"href":"https:\/\/fipmed.co\/ro\/wp-json\/wp\/v2\/users\/1"}],"replies":[{"embeddable":true,"href":"https:\/\/fipmed.co\/ro\/wp-json\/wp\/v2\/comments?post=22150"}],"version-history":[{"count":1,"href":"https:\/\/fipmed.co\/ro\/wp-json\/wp\/v2\/pages\/22150\/revisions"}],"predecessor-version":[{"id":22152,"href":"https:\/\/fipmed.co\/ro\/wp-json\/wp\/v2\/pages\/22150\/revisions\/22152"}],"wp:attachment":[{"href":"https:\/\/fipmed.co\/ro\/wp-json\/wp\/v2\/media?parent=22150"}],"wp:term":[{"taxonomy":"category","embeddable":true,"href":"https:\/\/fipmed.co\/ro\/wp-json\/wp\/v2\/categories?post=22150"},{"taxonomy":"post_tag","embeddable":true,"href":"https:\/\/fipmed.co\/ro\/wp-json\/wp\/v2\/tags?post=22150"}],"curies":[{"name":"wp","href":"https:\/\/api.w.org\/{rel}","templated":true}]}}