{"id":22171,"date":"2024-03-25T07:02:30","date_gmt":"2024-03-25T07:02:30","guid":{"rendered":"https:\/\/fipmed.co\/stadiile-fip-si-simptomele-bazate-pe-stadiile-fip\/"},"modified":"2024-03-25T07:02:30","modified_gmt":"2024-03-25T07:02:30","slug":"stadiile-fip-si-simptomele-bazate-pe-stadiile-fip","status":"publish","type":"page","link":"https:\/\/fipmed.co\/ro\/stadiile-fip-si-simptomele-bazate-pe-stadiile-fip\/","title":{"rendered":"Etapele FIP \u0219i simptomele bazate pe etapele FIP"},"content":{"rendered":"<p>Exist\u0103 patru etape distincte ale FIP implicate \u00eentr-o infec\u021bie cu acest virus: expunerea ini\u021bial\u0103 \u0219i incubarea, viremia primar\u0103, viremia secundar\u0103 \u0219i FIP clinic\u0103.  &nbsp;<\/p>\n<h1><strong>Stadiul FIP: Expunerea ini\u021bial\u0103 \u0219i incubarea<\/strong><\/h1>\n<p>  Coronavirusul felin (FCoV) este prezent \u00een multe medii, astfel \u00eenc\u00e2t este foarte probabil ca pisicile s\u0103 fie expuse la un moment dat pe parcursul vie\u021bii lor.<br \/>\nAceast\u0103 infec\u021bie ini\u021bial\u0103 este de obicei benign\u0103, dar, din p\u0103cate, exist\u0103 riscul ca virusul s\u0103 mute \u0219i s\u0103 provoace FIP la unele pisici.<br \/>\nPerioada de incuba\u021bie pentru aceast\u0103 muta\u021bie poate varia de la c\u00e2teva s\u0103pt\u0103m\u00e2ni p\u00e2n\u0103 la mai mul\u021bi ani, \u00eens\u0103 pisicile sunt cel mai expuse riscului de a dezvolta FIP clinic\u0103 \u00een primele 6 s\u0103pt\u0103m\u00e2ni de la infectarea ini\u021bial\u0103 cu virusul.<br \/>\nExperimentele au ajuns la concluzia c\u0103 doar \u0219ase s\u0103pt\u0103m\u00e2ni pot fi suficiente pentru ca o pisic\u0103 infectat\u0103 s\u0103 dezvolte o boal\u0103 complet\u0103.<br \/>\n\u00cen timpul expunerii ini\u021biale \u0219i al perioadei de incuba\u021bie, este important de re\u021binut c\u0103 pisicile infectate elimin\u0103 un volum neobi\u0219nuit de mare de particule de virus, ceea ce poate duce rapid la infectarea \u0219i a altor animale de companie.      &nbsp;<\/p>\n<h1><strong>Stadiul FIP: <\/strong>Viremie primar\u0103<\/h1>\n<p>  Viremia primar\u0103 este etapa din timpul unei infec\u021bii cu virusul Peritonitei Infec\u021bioase Feline (FIP), \u00een care sistemul imunitar al pisicii \u00eencepe s\u0103 r\u0103spund\u0103 la invadatorul str\u0103in.<br \/>\n\u00cen timpul acestei etape, \u00een s\u00e2ngele lor se pot g\u0103si niveluri ridicate de FCoV.<br \/>\nAceasta marcheaz\u0103 \u00eenceputul unei lupte \u00eentre organismul pisicii \u0219i virus \u0219i marcheaz\u0103, de asemenea, momentul \u00een care muta\u021biile devin mai susceptibile de a ap\u0103rea din cauza sc\u0103derii rezisten\u021bei.<br \/>\nPisicile cu viremie primar\u0103 prezint\u0103 un r\u0103spuns accentuat din partea sistemului imunitar care \u00eencearc\u0103 din r\u0103sputeri s\u0103 le protejeze de orice r\u0103u cauzat de patogenul care p\u0103trunde \u00een organism.<br \/>\nUnele pisici vor fi capabile s\u0103 scape de virus prin intermediul unui r\u0103spuns imunitar puternic.      &nbsp;<\/p>\n<h1><strong>Stadiul de FIP: <\/strong><strong>Viremia secundar\u0103<\/strong><\/h1>\n<p>  Viremia secundar\u0103 se refer\u0103 la un stadiu ulterior care afecteaz\u0103 pisicile care nu au fost capabile s\u0103 combat\u0103 virusul \u00een timpul stadiului primar.<br \/>\n\u00cen aceast\u0103 etap\u0103, m\u0103duva osoas\u0103 \u0219i alte \u021besuturi au fost invadate de virus.<br \/>\nVirusul poate r\u0103m\u00e2ne apoi \u00een stare pasiv\u0103 \u00een m\u0103duva osoas\u0103 pentru o perioad\u0103 destul de lung\u0103.<br \/>\nDar, pe l\u00e2ng\u0103 aceasta, nivelurile de FIPV din s\u00e2nge \u00eencep s\u0103 creasc\u0103 \u0219i ajung \u00een cele din urm\u0103 la un punct \u00een care pisicile nu mai sunt capabile s\u0103 \u00eel \u021bin\u0103 sub control.<br \/>\nDin p\u0103cate, p\u00e2n\u0103 \u00een acest moment, multe procese inflamatorii sistemice s-au instalat deja, deoarece FIPV a pus st\u0103p\u00e2nire pe organele \u0219i \u021besuturile vitale.<br \/>\nDup\u0103 cum sugereaz\u0103 \u0219i numele s\u0103u, \u00een timpul viremiei secundare, virusul \u00eencepe s\u0103 se r\u0103sp\u00e2ndeasc\u0103 \u00een alte organe, ceea ce duce la apari\u021bia unor semne mai grave care pot pune rapid via\u021ba \u00een pericol dac\u0103 nu sunt abordate prompt.<br \/>\nSeveritatea r\u0103spunsului imun primar sau c\u00e2t de bine este capabil organismul unei pisici s\u0103 controleze infec\u021bia joac\u0103 un rol important \u00een determinarea nivelului la care virusul va \u00eencepe s\u0103 se r\u0103sp\u00e2ndeasc\u0103 dincolo de un singur sistem de organe.<br \/>\n\u00cen aceast\u0103 perioad\u0103 crucial\u0103, pisicile pot prezenta febr\u0103 persistent\u0103 (peste 103\u00b0F), sc\u0103derea poftei de m\u00e2ncare \u0219i \u00eenr\u0103ut\u0103\u021birea general\u0103 a st\u0103rii lor de s\u0103n\u0103tate din cauza sistemului imunitar care cedeaz\u0103 \u0219i care \u00eencearc\u0103 din r\u0103sputeri s\u0103 controleze virusurile mutante, dar nu poate, astfel \u00eenc\u00e2t trebuie s\u0103 se bazeze pe planuri de tratament cu antivirale, printre alte medicamente.         &nbsp;<\/p>\n<h1><strong>Stadiul FIP: <\/strong><strong>FIP clinic<\/strong><\/h1>\n<p>  \u00cen stadiul clinic al FIP, pisicile nu mai sunt capabile s\u0103 re\u021bin\u0103 virusul.<br \/>\nAcest lucru se datoreaz\u0103 par\u021bial unei alter\u0103ri a uneia dintre proteinele g\u0103site \u00een unele tipuri de FCoV, numit\u0103 FIPV.<br \/>\nFIPV provoac\u0103 vasculit\u0103, care este inflama\u021bia \u0219i umflarea \u00een jurul unui grup de celule sau organe.<br \/>\n\u00cen acest stadiu poate ap\u0103rea, de asemenea, o acumulare de lichid \u00een cavit\u0103\u021bile corpului, ceea ce duce la acumularea de lichid \u0219i presiune excesiv\u0103 asupra organelor vitale.<br \/>\nPisicile cu FIP pot prezenta simptome precum sc\u0103derea \u00een greutate, febr\u0103, deshidratare, abdomen umflat sau zona capului \u0219i dificult\u0103\u021bi de respira\u021bie din cauza congestiei toracice.<br \/>\nDistrugerea din cauza infec\u021biilor din interiorul organelor vitale va \u00eencepe \u00een acest moment, put\u00e2nd duce la insuficien\u021ba organelor sistemului.<br \/>\nAceasta se manifest\u0103 de obicei mai t\u00e2rziu sub form\u0103 de afec\u021biuni renale sau leziuni neurologice cauzate de inflama\u021bia din \u021besutul cerebral.        &nbsp;<\/p>\n<h1><strong>Stadiul FIP: <\/strong><strong>Deteriorarea organelor <\/strong> <\/h1>\n<p>  Acesta este ultimul stadiu al FIP \u00een care inflama\u021bia provoac\u0103 deja leziuni ale organelor, iar pisica prezint\u0103 alte probleme ulterioare.<br \/>\nUnele dintre organele frecvent afectate includ: <strong>Organele abdominale:<\/strong> FIP duce adesea la formarea de granuloame (noduli mici de \u021besut inflamator) \u00een organele abdominale, cum ar fi ficatul, splina \u0219i rinichii.<br \/>\nAcest lucru poate duce la disfunc\u021bia \u0219i insuficien\u021ba acestor organe. <strong>Rinichii:<\/strong> Rinichii pot fi afecta\u021bi de leziuni granulomatoase, duc\u00e2nd la insuficien\u021b\u0103 renal\u0103. <strong>Sistemul nervos central (SNC):<\/strong> FIP poate provoca simptome neurologice atunci c\u00e2nd afecteaz\u0103 SNC.<br \/>\nPisicile cu FIP neurologic\u0103 pot prezenta modific\u0103ri de comportament, convulsii \u0219i dificult\u0103\u021bi de mers. <strong>Ochi<\/strong>: Afectarea ocular\u0103 (a ochilor) este frecvent\u0103 \u00een FIP, duc\u00e2nd la inflama\u021bie, opacitate \u0219i uneori orbire.<br \/>\nAceasta este cunoscut\u0103 ca FIP ocular\u0103 sau uscat\u0103. <strong>Sistemul cardiovascular:<\/strong> \u00cen unele cazuri, FIP poate afecta inima \u0219i vasele de s\u00e2nge, duc\u00e2nd la probleme cardiovasculare.<br \/>\nAceste deterior\u0103ri continue ale pisicii vor duce \u00een cele din urm\u0103 la paralizie \u0219i, \u00een cele din urm\u0103, la moarte.       &nbsp;<\/p>\n<p>&nbsp;<\/p>\n<h1><strong>Simptome bazate pe stadiile FIP<\/strong><\/h1>\n<h2><strong>Semne \u00een timpul etapelor timpurii ale FIP<\/strong><strong> <\/strong><\/h2>\n<p>  Pisicile se pot prezenta cu simptome nespecifice precoce, cum ar fi modific\u0103ri comportamentale, sc\u0103dere \u00een greutate \u0219i pierderea poftei de m\u00e2ncare, precum \u0219i febr\u0103 fluctuant\u0103.  <strong> <\/strong><\/p>\n<p><strong>Simptome nespecifice<\/strong> FIP are o gam\u0103 larg\u0103 de simptome nespecifice care pot fi confundate cu u\u0219urin\u021b\u0103 cu alte boli.<br \/>\nAceste semne ini\u021biale sunt de obicei vagi \u0219i includ apatie, letargie, sc\u0103derea apetitului, pierderea \u00een greutate \u0219i febr\u0103 fluctuant\u0103.<br \/>\n\u00cen unele cazuri, pisicile vor prezenta modific\u0103ri comportamentale care \u00eenso\u021besc aceste simptome fizice.<br \/>\nEste esen\u021bial s\u0103 acorda\u021bi aten\u021bie micilor schimb\u0103ri \u00een regimul de s\u0103n\u0103tate al pisicii dumneavoastr\u0103, cum ar fi cre\u0219terea sau sc\u0103derea nivelului de energie, deoarece acesta poate fi primul semn al FIP.<br \/>\n\u00cen ciuda faptului c\u0103 este at\u00e2t de frecvent\u0103 la pisici, cauza subtil\u0103 o face dificil de detectat \u00een stadiile ini\u021biale, cu excep\u021bia cazului \u00een care sunte\u021bi atent la semne suplimentare precum anorexia sau pica (o afec\u021biune \u00een care pisica m\u0103n\u00e2nc\u0103 lucruri pe care nu ar trebui s\u0103 le m\u0103n\u00e2nce), care sunt frecvent observate \u00een timpul infec\u021biei cu FIP.<br \/>\nFluctua\u021bia febrei ar putea \u00eensemna, de asemenea, c\u0103 ceva nu este \u00een regul\u0103 cu pisica dumneavoastr\u0103, a\u0219a c\u0103 v\u0103 rug\u0103m s\u0103 fi\u021bi aten\u021bi la orice schimb\u0103ri majore de temperatur\u0103 atunci c\u00e2nd o verifica\u021bi periodic pe parcursul zilei, cum ar fi febra documentat\u0103 care dureaz\u0103 mai mult de 24 de ore, \u00een ciuda tratamentelor administrate de un medic veterinar. &nbsp;<strong>Diaree<\/strong> C\u00e2nd coronavirusul felin (FCoV) ajunge pentru prima dat\u0103 la o pisic\u0103, acesta infecteaz\u0103 intestinul sub\u021bire, provoc\u00e2nd uneori diaree.<br \/>\nVirusul este eliminat \u00een fecale \u00eenc\u0103 de la dou\u0103 zile dup\u0103 infectare \u0219i apoi timp de c\u00e2teva s\u0103pt\u0103m\u00e2ni sau luni.<br \/>\nDin intestin, virusul ajunge \u00een s\u00e2nge, provoc\u00e2nd FIP la unele pisici ghinioniste, dar majoritatea pisicilor au un r\u0103spuns imunitar de succes \u0219i scap\u0103 de virus, continu\u00e2nd s\u0103 duc\u0103 o via\u021b\u0103 perfect s\u0103n\u0103toas\u0103 \u0219i normal\u0103.<br \/>\nInfec\u021bia ini\u021bial\u0103 cu FCoV la orice v\u00e2rst\u0103, nu numai la pisoi, poate provoca diaree, iar severitatea poate varia de la u\u0219oar\u0103, la cronic\u0103, la sever\u0103 \u0219i amenin\u021b\u0103toare de via\u021b\u0103.<br \/>\nIni\u021bial, virusul afecteaz\u0103 mucoasa intestinului sub\u021bire.<br \/>\nDin p\u0103cate, la unele pisici, FCoV poate afecta intestinul sub\u021bire destul de grav, duc\u00e2nd la o tendin\u021b\u0103 permanent\u0103 de vom\u0103 sau diaree \u0219i la ceea ce se nume\u0219te &#8222;sindrom de malabsorb\u021bie&#8221;, \u00een care pisica afectat\u0103 nu poate beneficia de nutrien\u021bii pe care i-a m\u00e2ncat, astfel \u00eenc\u00e2t nu reu\u0219e\u0219te s\u0103 ia \u00een greutate \u00een mod adecvat \u0219i s\u0103 se dezvolte. &nbsp; Modific\u0103ri<strong>comportamentale<\/strong> \u00cen cazul pisicilor infectate cu FIP, proprietarii pot observa mai \u00eent\u00e2i simptome mai pu\u021bin evidente, cum ar fi sc\u0103derea activit\u0103\u021bii, apatie \u0219i lipsa poftei de m\u00e2ncare.<br \/>\nPisica dumneavoastr\u0103 poate deveni mult mai pu\u021bin interactiv\u0103 dec\u00e2t era \u00eenainte, prefer\u00e2nd s\u0103 stea \u00een locuri solitare sau s\u0103 doarm\u0103 toat\u0103 ziua.<br \/>\nDe asemenea, ar putea \u00eencepe s\u0103 evite interac\u021biunile cu alte animale de companie sau cu oamenii.<br \/>\nPica este o alt\u0103 modificare comportamental\u0103 asociat\u0103 cu virusul &#8211; atunci c\u00e2nd animalul dvs. de companie \u00eencepe s\u0103 m\u0103n\u00e2nce elemente nealimentare, acesta ar putea fi un semn c\u0103 are FIP.<br \/>\n\u00cen plus fa\u021b\u0103 de anorexie (pierderea total\u0103 a apetitului), este posibil s\u0103 observa\u021bi c\u0103 pisica dvs. se lupt\u0103 s\u0103 se hr\u0103neasc\u0103 singur\u0103 sau arat\u0103 dezinteres fa\u021b\u0103 de m\u00e2ncare \u00een \u00eentregime atunci c\u00e2nd i se ofer\u0103 &#8211; ambele pot fi indicii c\u0103 ceva nu este \u00een regul\u0103. &nbsp;<strong>Pierderea \u00een greutate \u0219i pierderea apetitului<\/strong> Pierderea \u00een greutate \u0219i pierderea apetitului sunt dou\u0103 dintre primele semne ale FIP.<br \/>\nAtunci c\u00e2nd pisicile sunt infectate pentru prima dat\u0103, este posibil s\u0103 nu prezinte niciun simptom p\u00e2n\u0103 dup\u0103 s\u0103pt\u0103m\u00e2ni sau luni.<br \/>\nCu toate acestea, pierderea lent\u0103 \u00een greutate \u0219i diminuarea apetitului pot fi un indiciu c\u0103 ceva nu este \u00een regul\u0103.<br \/>\nPierderea \u00een greutate la pisici este de obicei subtil\u0103, dar nu trebuie s\u0103 treac\u0103 neobservat\u0103 de st\u0103p\u00e2nii lor &#8211; o sc\u0103dere brusc\u0103 cu 15-20 % a greut\u0103\u021bii \u00een doar c\u00e2teva zile ar putea \u00eensemna prezen\u021ba FIP.<br \/>\n\u00cen mod similar, o sc\u0103dere a apetitului chiar \u0219i atunci c\u00e2nd i se prezint\u0103 m\u00e2ncare favorabil\u0103 ar putea indica debutul bolii.                   Acest tip de complex de simptome poate indica insuficien\u021ba organic\u0103 cauzat\u0103 de FIP sau de alte afec\u021biuni grave, cum ar fi boala renal\u0103 cronic\u0103, care, dac\u0103 nu este tratat\u0103, poate progresa rapid \u0219i pune via\u021ba pisicilor \u00een pericol dac\u0103 nu este depistat\u0103 la timp.<br \/>\nMul\u021bi proprietari de pisici au raportat c\u0103 au observat schimb\u0103ri dramatice ale nivelului de energie \u0219i de activitate asociate cu aceste simptome, ceea ce subliniaz\u0103 \u0219i mai mult importan\u021ba lor \u00een deciziile de diagnostic \u0219i tratament luate at\u00e2t de medicii veterinari, c\u00e2t \u0219i de proprietarii de animale. &nbsp;<strong>Febra fluctuant\u0103<\/strong> Febra fluctuant\u0103 la pisici este definit\u0103 de obicei ca episoade alternante de temperaturi ridicate \u0219i sc\u0103zute.<br \/>\nEste unul dintre cele mai timpurii semne clinice asociate cu FIP.<br \/>\nAcest tip de febr\u0103 poate varia zilnic, oscil\u00e2nd \u00eentre temperatura corporal\u0103 normal\u0103 \u0219i temperaturi periculos de ridicate.<br \/>\nDeoarece acest lucru se poate \u00eent\u00e2mpla brusc, este important ca proprietarii de pisici s\u0103 monitorizeze \u00een mod regulat temperatura animalului lor de companie, deoarece orice schimbare brusc\u0103 ar putea fi un semn al FIP sau al unei alte probleme grave de s\u0103n\u0103tate.<br \/>\nEste u\u0219or s\u0103 confunda\u021bi o febr\u0103 fluctuant\u0103 cu febra ridicat\u0103 persistent\u0103 pe care pisicile o pot avea atunci c\u00e2nd sunt bolnave, \u00eens\u0103 cele dou\u0103 sunt boli foarte diferite care necesit\u0103 forme distincte de tratament.       &nbsp;<\/p>\n<h2><strong>Semne \u00een timpul stadiilor avansate ale FIP<\/strong><\/h2>\n<p>&nbsp;  Simptomele pot evolua c\u0103tre efecte mai grave, cum ar fi insuficien\u021ba organic\u0103 \u0219i acumularea de lichide.<br \/>\nContinua\u021bi s\u0103 citi\u021bi pentru a afla mai multe! <strong>Insuficien\u021ba organelor<\/strong> Insuficien\u021ba organelor este una dintre cele mai grave consecin\u021be asociate cu FIP.<br \/>\nAceasta poate afecta diverse organe, cum ar fi rinichii, ficatul \u0219i multe altele.<br \/>\nAtunci c\u00e2nd ajunge \u00een stadiul cel mai avansat, poate rezulta disfunc\u021bia sau insuficien\u021ba organelor.<br \/>\nAceast\u0103 afectare a organelor poate provoca o mare varietate de simptome care variaz\u0103 \u00een func\u021bie de loca\u021biile specifice afectate din organism.<br \/>\nDac\u0103 nu este tratat\u0103 pentru o perioad\u0103 prea lung\u0103 de timp, starea general\u0103 de s\u0103n\u0103tate fizic\u0103 a animalului afectat este supus\u0103 unei presiuni imense p\u00e2n\u0103 c\u00e2nd, \u00een cele din urm\u0103, se transform\u0103 \u00eentr-o boal\u0103 catastrofal\u0103 sau duce la moarte dac\u0103 nu este depistat\u0103 suficient de devreme \u0219i tratat\u0103 corespunz\u0103tor. &nbsp;<strong>Febr\u0103 mare persistent\u0103<\/strong> Febra ne\u00eencetat\u0103 este un semn clinic comun asociat cu stadiile avansate ale peritonitei infec\u021bioase feline (FIP).<br \/>\nAceast\u0103 febr\u0103 poate atinge temperaturi \u00eentre 102 \u00b0F \u0219i 105 \u00b0F \u0219i poate dura s\u0103pt\u0103m\u00e2ni sau luni.<br \/>\nEste important s\u0103 se fac\u0103 un diagnostic precoce, deoarece ajut\u0103 la excluderea altor boli \u0219i la ini\u021bierea tratamentului.<br \/>\nFebra este cauzat\u0103 de inflama\u021bia rezultat\u0103 din infec\u021bia generalizat\u0103, care poate fi \u00eenso\u021bit\u0103 de semne precum letargie, umfl\u0103turi abdominale, pierderea poftei de m\u00e2ncare, sc\u0103derea \u00een greutate \u0219i icter.<br \/>\nDac\u0103 febra persist\u0103 \u00een ciuda terapiei cu antibiotice sau a medicamentelor antiinflamatoare, ar putea fi un indiciu al FIP.<br \/>\nTemperatura ridicat\u0103 se normalizeaz\u0103 adesea odat\u0103 ce \u00eencepe tratamentul adecvat. &nbsp;<strong>Acumularea de lichid<\/strong> Acumularea de lichid este un semn cheie al FIP la pisici \u0219i poate ap\u0103rea \u00een diferite zone ale corpului.<br \/>\n\u00cen piept, lichidul se acumuleaz\u0103 \u00een jurul inimii \u0219i pl\u0103m\u00e2nilor, duc\u00e2nd la restric\u021bionarea mi\u0219c\u0103rilor \u0219i dificult\u0103\u021bi de respira\u021bie.<br \/>\n\u00cen plus, ganglionii limfatici se pot umfla din cauza blocajului cauzat de o formare excesiv\u0103 de celule lichide bogate \u00een proteine, numite efuziuni pleurale.<br \/>\nLichidul se poate acumula \u0219i \u00een alte organe, cum ar fi abdomenul sau scrotul, ceea ce face ca aceste zone s\u0103 se umfle \u0219i s\u0103 fie dureroase pentru pisica dumneavoastr\u0103.<br \/>\n\u00cen plus, ochii pisicii dumneavoastr\u0103 pot prezenta semne din cauza acestei acumul\u0103ri \u00een interiorul lor, inclusiv modific\u0103ri ale culorii sau opacitate, \u00eengro\u0219area corneei (edem cornean) hipopion (o spum\u0103 alb\u0103 \u00een por\u021biunea din spate a ochiului) sau deta\u0219area retinei din cauza cre\u0219terii presiunii intraoculare cauzate de infec\u021bia FIP. &nbsp;<strong>Probleme oculare<\/strong> Problemele oculare sunt un indicator frecvent al FIP.<br \/>\nLeziunile oculare caracterizate de uveita anterioar\u0103 piogranulomatoas\u0103 pot ap\u0103rea la pisicile cu FIP.<br \/>\nSimptomele pot include inflama\u021bie a globului ocular, strabism, umflarea celei de-a treia pleoape \u0219i ochi m\u0103ri\u021bi care pot afecta vederea sau chiar duce la orbire dac\u0103 nu sunt trata\u021bi.<br \/>\nAnimalele care se confrunt\u0103 cu acest tip de manifestare ocular\u0103 pot exprima o produc\u021bie crescut\u0103 de lacrimi, precum \u0219i s\u00e2nger\u0103ri ale ochiului din cauza ulcera\u021biilor cauzate de infec\u021bie.<br \/>\n\u00cen plus, simptomele neurologice legate de FIP pot afecta sistemul nervos &#8211; inclusiv probleme de vedere \u0219i oculare, cum ar fi pupile contractate care nu r\u0103spund corespunz\u0103tor la schimb\u0103rile de lumin\u0103.<br \/>\n\u00cen cele din urm\u0103, cre\u0219terea presiunii intraoculare \u00eenso\u021bit\u0103 de \u00eengro\u0219area corneei a fost observat\u0103 \u00een unele cazuri de PIF umed\u0103 efuzionant\u0103, ceea ce duce la pierderea poten\u021bial\u0103 a vederii \u00een timp dac\u0103 nu este tratat\u0103 corespunz\u0103tor sau suficient de prompt.<\/p>\n","protected":false},"excerpt":{"rendered":"<p>Exist\u0103 patru etape distincte ale FIP implicate \u00eentr-o infec\u021bie cu acest virus: expunerea ini\u021bial\u0103 \u0219i incubarea, viremia primar\u0103, viremia secundar\u0103 \u0219i FIP clinic\u0103. &nbsp; Stadiul FIP: Expunerea ini\u021bial\u0103 \u0219i incubarea Coronavirusul felin (FCoV) este prezent \u00een multe medii, astfel \u00eenc\u00e2t este foarte probabil ca pisicile s\u0103 fie expuse la un moment dat pe parcursul vie\u021bii [&hellip;]<\/p>\n","protected":false},"author":1,"featured_media":22172,"parent":0,"menu_order":0,"comment_status":"closed","ping_status":"closed","template":"","meta":{"_glsr_average":0,"_glsr_ranking":0,"_glsr_reviews":0,"footnotes":""},"categories":[749],"tags":[],"_links":{"self":[{"href":"https:\/\/fipmed.co\/ro\/wp-json\/wp\/v2\/pages\/22171"}],"collection":[{"href":"https:\/\/fipmed.co\/ro\/wp-json\/wp\/v2\/pages"}],"about":[{"href":"https:\/\/fipmed.co\/ro\/wp-json\/wp\/v2\/types\/page"}],"author":[{"embeddable":true,"href":"https:\/\/fipmed.co\/ro\/wp-json\/wp\/v2\/users\/1"}],"replies":[{"embeddable":true,"href":"https:\/\/fipmed.co\/ro\/wp-json\/wp\/v2\/comments?post=22171"}],"version-history":[{"count":0,"href":"https:\/\/fipmed.co\/ro\/wp-json\/wp\/v2\/pages\/22171\/revisions"}],"wp:featuredmedia":[{"embeddable":true,"href":"https:\/\/fipmed.co\/ro\/wp-json\/wp\/v2\/media\/22172"}],"wp:attachment":[{"href":"https:\/\/fipmed.co\/ro\/wp-json\/wp\/v2\/media?parent=22171"}],"wp:term":[{"taxonomy":"category","embeddable":true,"href":"https:\/\/fipmed.co\/ro\/wp-json\/wp\/v2\/categories?post=22171"},{"taxonomy":"post_tag","embeddable":true,"href":"https:\/\/fipmed.co\/ro\/wp-json\/wp\/v2\/tags?post=22171"}],"curies":[{"name":"wp","href":"https:\/\/api.w.org\/{rel}","templated":true}]}}