{"id":22201,"date":"2022-12-02T01:55:02","date_gmt":"2022-12-02T01:55:02","guid":{"rendered":"https:\/\/fipmed.co\/ce-a-face-cu-pisica-fluid-abdominal-cauzat-de-pisica-umeda-sau-effusiva\/"},"modified":"2022-12-02T01:55:02","modified_gmt":"2022-12-02T01:55:02","slug":"ce-a-face-cu-pisica-fluid-abdominal-cauzat-de-pisica-umeda-sau-effusiva","status":"publish","type":"page","link":"https:\/\/fipmed.co\/ro\/ce-a-face-cu-pisica-fluid-abdominal-cauzat-de-pisica-umeda-sau-effusiva\/","title":{"rendered":"Ce trebuie s\u0103 face\u021bi \u00een cazul lichidului abdominal al pisicii cauzat de FIP umed\u0103 sau efuziv\u0103"},"content":{"rendered":"<h2>Leg\u0103tura dintre FIP \u0219i lichidul abdominal<\/h2>\n<p>  FIP cauzeaz\u0103 acumularea de lichid abdominal \u00een abdomenul pisicii, astfel \u00eenc\u00e2t este important s\u0103 \u00een\u021belege\u021bi at\u00e2t semnele, c\u00e2t \u0219i implica\u021biile.  <\/p>\n<h3>Cum se acumuleaz\u0103 lichidul cu FIP<\/h3>\n<p>  Peritonita infec\u021bioas\u0103 felin\u0103 (FIP) este un virus sever \u0219i de obicei fatal la pisici.<br \/>\nAceasta apare atunci c\u00e2nd coronavirusul, care locuie\u0219te deja \u00een intestinul unei pisici, \u00eencepe s\u0103 se reproduc\u0103 mai agresiv \u0219i se r\u0103sp\u00e2nde\u0219te \u00een alte zone ale corpului.<br \/>\nAtunci c\u00e2nd acest lucru se \u00eent\u00e2mpl\u0103, rezult\u0103 un r\u0103spuns inflamator din partea sistemului imunitar care duce la acumularea de lichid \u00een diverse organe, cum ar fi abdomenul sau pieptul.<br \/>\nReten\u021bia de lichid apare din cauza permeabilit\u0103\u021bii crescute a vaselor de s\u00e2nge \u0219i a sc\u0103derii drenajului limfatic.<br \/>\nAcest proces afecteaz\u0103, de asemenea, deteriorarea \u021besuturilor, duc\u00e2nd la deteriorarea celular\u0103 suplimentar\u0103 datorit\u0103 fibrozei \u0219i form\u0103rii de colagen care rezult\u0103 din inflama\u021bia cronic\u0103.<br \/>\nUmflarea abdominal\u0103 cauzat\u0103 de FIP poate fi destul de vizibil\u0103 sub forma unei m\u0103riri \u00een jurul zonei stomacului, care pare moale, dar uneori \u0219i ferm\u0103, datorit\u0103 texturii sale v\u00e2scoase &#8211; asem\u0103n\u0103toare cimentului de cauciuc atunci c\u00e2nd este atins\u0103; de asemenea, pot fi observate pete, fire sau cheaguri de fibrin\u0103, \u00een func\u021bie de c\u00e2t timp a fost prezent\u0103.<br \/>\nPe l\u00e2ng\u0103 faptul c\u0103 aspectul s\u0103u vizual este diferit de alte tipuri de lichide g\u0103site la animale, oamenii de \u0219tiin\u021b\u0103 au reu\u0219it s\u0103 identifice alfa-1 glicoproteina acid\u0103 (AGP), care este adesea crescut\u0103 \u00een probele de ser prelevate \u00een timpul examin\u0103rilor pre-mortem ale efuziilor, care sunt mai mari dec\u00e2t se a\u0219teptau \u00een compara\u021bie cu pisicile neafectate \u00een condi\u021bii normale.        <\/p>\n<h3>Semne vizibile ale FIP Efuzie<\/h3>\n<p>  Pisicile care sufer\u0103 de FIP pot avea o burt\u0103 m\u0103rit\u0103, pot fi rezistente la luarea temperaturii \u0219i pot p\u0103rea inconfortabile atunci c\u00e2nd sunt atinse de-a lungul laturilor.<br \/>\nStarea de hidratare trebuie, de asemenea, evaluat\u0103, deoarece umflarea abdominal\u0103 sever\u0103 asociat\u0103 cu FIP poate duce la deshidratare Efuzii.<br \/>\nAtunci c\u00e2nd este palpat \u00een timpul examin\u0103rii fizice, lichidul asociat cu FIP va ap\u0103rea adesea v\u00e2scos, tenace, lipicios, spumos \u0219i de culoare galben deschis.<br \/>\n\u00cen unele cazuri, \u00een lichid pot fi vizibile chiar \u0219i pete sau fire, care sunt legate de depozitele de fibrin\u0103 specifice acestui proces patologic; cu toate acestea, pentru confirmarea corect\u0103 a acestei afec\u021biuni \u00eenainte de \u00eenceperea tratamentului, este necesar un diagnostic precis prin metode de testare de laborator precum citologia \u0219i serologia.     <\/p>\n<h3>Rolul \u00een diagnostic \u0219i tratament<\/h3>\n<p>  Atunci c\u00e2nd se <a href=\"\/de?page_id=870\" target=\"_blank\" rel=\"noopener\">suspecteaz\u0103 FIP la pisici<\/a>, lichidul abdominal are un rol important de jucat \u00eentr-un diagnostic.<br \/>\nUn mod \u00een care poate ajuta la stabilirea unui diagnostic pozitiv este efectuarea unei proceduri numite &#8222;centez\u0103&#8221; sau colectarea unei p\u0103r\u021bi din acest lichid \u0219i analizarea acestuia pentru a g\u0103si dovezi ale agen\u021bilor cauzatori de infec\u021bii specifici FIP.<br \/>\nAcest lucru face ca diagnosticul s\u0103 fie mai precis dec\u00e2t dac\u0103 se bazeaz\u0103 doar pe scan\u0103ri precum CT sau ultrasunete, care sunt utilizate \u00een mod obi\u0219nuit la diagnosticarea acestei afec\u021biuni.<br \/>\nAnaliza lichidelor permite medicilor veterinari s\u0103 detecteze acumularea unui anticorp cunoscut sub numele de antigen al coronavirusului felin (FCoV), care tinde s\u0103 se acumuleze \u00eempreun\u0103 cu ascita \u00een cazurile \u00een care apare FIP.     <\/p>\n<h2>C\u00e2nd ar trebui s\u0103 elimina\u021bi lichidul abdominal de la pisicile FIP efuzive.<\/h2>\n<p>  Ar trebui s\u0103 elimina\u021bi acest lichid acum c\u0103 a\u021bi aflat cauza?<br \/>\nDepinde.<br \/>\nAm inclus mai jos dou\u0103 situa\u021bii fictive, \u00eempreun\u0103 cu modul nostru de ac\u021biune sugerat pentru fiecare.    <strong>Scenariul I  <\/strong><\/p>\n<p><u>M\u0103rirea abdomenului este clar vizibil\u0103.<br \/>\nCu toate acestea, pisica dumneavoastr\u0103 m\u0103n\u00e2nc\u0103, bea \u0219i respir\u0103 confortabil <\/u>  \u00cen acest caz, nu v\u0103 sf\u0103tuim s\u0103 scoate\u021bi lichidul.<br \/>\n\u00cencepe\u021bi rapid tratamentul cu GS-441524 \u0219i ve\u021bi observa o sc\u0103dere a dimensiunii umfl\u0103turii abdominale.<br \/>\nVirusurile FIP sunt expulzate \u00een mod constant din organism atunci c\u00e2nd lichidul abdominal este reabsorbit treptat de acesta.<br \/>\nDeoarece exist\u0103 un risc mai mare de a face r\u0103u dec\u00e2t bine \u00een aceast\u0103 situa\u021bie, nu sf\u0103tuim drenarea lichidului abdominal.<br \/>\nLichidul pierdut va reveni rapid, frecvent \u00een detrimentul aportului de proteine \u0219i al deshidrat\u0103rii.<br \/>\nEvita\u021bi s\u0103 provoca\u021bi mai mult r\u0103u sistemului deja delicat al pisicii dumneavoastr\u0103 dac\u0103 aceasta m\u0103n\u00e2nc\u0103 \u0219i bea \u00een mod regulat \u0219i nu are o respira\u021bie dificil\u0103. <strong>Scenariul II <\/strong><u>M\u0103rirea cauzeaz\u0103 dificult\u0103\u021bi de respira\u021bie sau de alimenta\u021bie. <\/u> \u00cen acest scenariu, trebuie \u00eendep\u0103rtat o parte, dar nu tot lichidul.<br \/>\nDificult\u0103\u021bile de respira\u021bie duc la stres cardiac, care se manifest\u0103 printr-o frecven\u021b\u0103 cardiac\u0103 crescut\u0103 \u0219i b\u0103t\u0103i neregulate ale inimii.<br \/>\n\u00cen situa\u021bii extreme, acest stres poate provoca insuficien\u021b\u0103 cardiac\u0103.<br \/>\nDeshidratarea \u0219i epuizarea proteinelor vor rezulta \u00een urma elimin\u0103rii lichidului abdominal.<br \/>\n\u00cen acest caz, avantajele evacu\u0103rii lichidelor dep\u0103\u0219esc dezavantajele.<br \/>\nTrebuie remarcat faptul c\u0103 eliminarea excesiv\u0103 de lichide poate provoca un \u0219oc periculos pentru sistemul pisicii dumneavoastr\u0103 \u0219i poate duce la deces.<br \/>\n\u00cen general, v\u0103 sf\u0103tuim s\u0103 nu elimina\u021bi mai mult de 30% din \u00eentregul lichid abdominal.<br \/>\n\u00cen compara\u021bie cu tratarea pisicilor adulte \u00een floarea v\u00e2rstei, fi\u021bi mai circumspect \u00een tratarea pisicilor \u0219i a pisicilor mai \u00een v\u00e2rst\u0103 cu FIP umed\u0103, dren\u00e2nd mai pu\u021bin lichid.<br \/>\nRe\u021bine\u021bi c\u0103, dac\u0103 pisica dumneavoastr\u0103 nu prime\u0219te medica\u021bie antiviral\u0103 GS-441524, lichidul va reveni. <strong>Note pentru \u00eendep\u0103rtare:<\/strong> \u00cendep\u0103rtarea lichidului abdominal de la pisicile diagnosticate cu FIP efuziv\u0103 este indicat\u0103 pentru a reduce umflarea abdominal\u0103 \u0219i pentru a oferi u\u0219urare pisicii.<br \/>\nDe obicei, dup\u0103 una sau dou\u0103 s\u0103pt\u0103m\u00e2ni de tratament, se poate observa o reducere a umfl\u0103turii abdominale, cu condi\u021bia ca lichidul s\u0103 fi fost eliminat.<br \/>\nDac\u0103 o efuziune este suficient de mare, ar trebui s\u0103 se ia \u00een considerare \u00eendep\u0103rtarea acesteia prin tehnici conice, cum ar fi abdominocenteza\/toracocenteza sau drenajul intercostal, dup\u0103 care dexametazona poate fi injectat\u0103 \u00een cavitatea toracic\u0103 sau abdominal\u0103.<br \/>\nAcest lucru va ajuta la reducerea inflama\u021biei asociate cu FIP, duc\u00e2nd la \u00eembun\u0103t\u0103\u021birea confortului \u0219i la un prognostic mai bun pentru pisic\u0103.<br \/>\nCu toate acestea, perioadele de remisie asociate cu \u00eendep\u0103rtarea efuziilor sunt, \u00een general, temporare, iar pisicile recidiveaz\u0103 rapid \u00een cazul \u00een care nu este urm\u0103rit\u0103 o \u00eengrijire complet\u0103 dup\u0103 ce simptomele s-au redus considerabil dup\u0103 procedur\u0103.                   <\/p>\n<h2>Metode pentru reducerea acumul\u0103rii de lichid<\/h2>\n<p>  Drenajul lichidului ascitic \u00een peritonita infec\u021bioas\u0103 felin\u0103 implic\u0103 adesea urm\u0103toarele proceduri: Evaluare veterinar\u0103: Un medic veterinar sau o persoan\u0103 care lucreaz\u0103 sub supravegherea sa trebuie s\u0103 efectueze opera\u021bia \u00een orice moment.<br \/>\nMedicul veterinar va examina pisica fizic, va utiliza ultrasunete sau va efectua alte proceduri de diagnosticare pentru a confirma prezen\u021ba lichidului ascitic \u00eenainte de a trece la tratament.<br \/>\nPreg\u0103tirea preoperatorie: Preg\u0103tirile preoperatorii includ sedarea sau anestezierea pisicii pentru a o face mai confortabil\u0103 \u0219i pentru a-i reduce nivelul de anxietate.<br \/>\nR\u0103zuirea \u0219i sterilizarea zonei abdominale este o practic\u0103 obi\u0219nuit\u0103 pentru prevenirea infec\u021biilor.<br \/>\nPlasarea acului sau a cateterului: Medicul veterinar va introduce un ac sub\u021bire sau un cateter prin peretele abdominal \u00een cavitatea abdominal\u0103.<br \/>\nEste o practic\u0103 obi\u0219nuit\u0103 s\u0103 se utilizeze ghidajul cu ultrasunete pentru a ajuta la plasare \u0219i pentru a preveni r\u0103nirea neinten\u021bionat\u0103 a organelor interne.<br \/>\nDrenarea lichidului: Lichidul ascitic este drenat u\u0219or \u0219i lent din abdomen \u00eentr-un recipient steril.<br \/>\nSeveritatea bolii pisicii \u0219i cantitatea de ascit\u0103 vor determina cantitatea de lichid care trebuie drenat\u0103.<br \/>\nPentru a ameliora distensia \u0219i durerea din abdomen, tratamentul este adesea continuat p\u00e2n\u0103 la evacuarea unui volum suficient de lichid.<br \/>\nMonitorizare: Pisicile au ritmurile cardiace \u0219i respiratorii monitorizate pe toat\u0103 durata afl\u0103rii \u00een sala de opera\u021bie.<br \/>\n\u00cengrijirea post-procedur\u0103: \u00cengrijirea dup\u0103 drenaj Medicul veterinar va observa \u00eendeaproape pisica pe m\u0103sur\u0103 ce aceasta se recupereaz\u0103 dup\u0103 procedur\u0103.<br \/>\nDup\u0103 o opera\u021bie, unele pisici vor avea nevoie de analgezice, lichide \u0219i antibiotice pentru a preveni infec\u021biile.<br \/>\nEste posibil s\u0103 se bandajeze sau s\u0103 se sutureze abdomenul pentru a sigila gaura de punc\u021bie.              &nbsp;<\/p>\n<h2>\u00cengrijire suportiv\u0103 pentru a face pisica mai confortabil\u0103<\/h2>\n<p>  Furnizarea de \u00eengrijiri de sus\u021binere pentru pisicile diagnosticate cu FIP este esen\u021bial\u0103 pentru a face pisica mai confortabil\u0103 \u0219i a-i \u00eembun\u0103t\u0103\u021bi calitatea vie\u021bii.<br \/>\nAntibioticele cu spectru larg sunt <a href=\"\/de?page_id=895\" target=\"_blank\" rel=\"noopener\">tratamente<\/a> frecvent recomandate <a href=\"\/de?page_id=895\" target=\"_blank\" rel=\"noopener\">pentru sus\u021binerea pisicilor cu FIP<\/a>, deoarece pot ajuta la reducerea inflama\u021biei \u0219i la gestionarea infec\u021biilor secundare.<br \/>\nFluidele subcutanate sunt, de asemenea, importante pentru a se asigura c\u0103 pisica r\u0103m\u00e2ne hidratat\u0103 \u0219i ajut\u0103 la men\u021binerea unei condi\u021bii corporale optime.<br \/>\nRemediile la domiciliu, cum ar fi piureul de dovlecei sau probioticele, pot fi utilizate pentru a atenua unele dintre <a href=\"\/de?page_id=899\" target=\"_blank\" rel=\"noopener\">simptomele<\/a> precum diareea asociat\u0103 cazurilor de FIP.<br \/>\nDe asemenea, este important s\u0103 oferi\u021bi \u00eengrijiri de sus\u021binere chiar dac\u0103 nu exist\u0103 nicio efuziune g\u0103sit\u0103 \u00een timpul unei proceduri de diagnosticare, ceea ce se \u00eent\u00e2mpl\u0103 adesea \u00een unele cazuri de peritonit\u0103 infec\u021bioas\u0103 felin\u0103 efuzionant\u0103.<br \/>\nAceasta ar putea include utilizarea de fluide intravenoase pentru a men\u021bine nivelul de hidratare ridicat atunci c\u00e2nd rehidratarea oral\u0103 e\u0219ueaz\u0103, precum \u0219i stimulente ale apetitului sau suplimente nutritive care pot fi prescrise de un nutri\u021bionist veterinar \u00een func\u021bie de nevoile individuale \u00cen plus, un profesionist veterinar cu experien\u021b\u0103 va monitoriza orice umfl\u0103turi prezente \u00een abdomenul pisicii dumneavoastr\u0103, deoarece acest lucru poate indica acumularea de lichid din cauza condi\u021biilor de s\u0103n\u0103tate subiacente asociate cu FIP.       &nbsp;<\/p>\n","protected":false},"excerpt":{"rendered":"<p>Leg\u0103tura dintre FIP \u0219i lichidul abdominal FIP cauzeaz\u0103 acumularea de lichid abdominal \u00een abdomenul pisicii, astfel \u00eenc\u00e2t este important s\u0103 \u00een\u021belege\u021bi at\u00e2t semnele, c\u00e2t \u0219i implica\u021biile. Cum se acumuleaz\u0103 lichidul cu FIP Peritonita infec\u021bioas\u0103 felin\u0103 (FIP) este un virus sever \u0219i de obicei fatal la pisici. Aceasta apare atunci c\u00e2nd coronavirusul, care locuie\u0219te deja \u00een [&hellip;]<\/p>\n","protected":false},"author":11,"featured_media":22202,"parent":0,"menu_order":0,"comment_status":"closed","ping_status":"closed","template":"","meta":{"_glsr_average":0,"_glsr_ranking":0,"_glsr_reviews":0,"footnotes":""},"categories":[725],"tags":[734,831],"_links":{"self":[{"href":"https:\/\/fipmed.co\/ro\/wp-json\/wp\/v2\/pages\/22201"}],"collection":[{"href":"https:\/\/fipmed.co\/ro\/wp-json\/wp\/v2\/pages"}],"about":[{"href":"https:\/\/fipmed.co\/ro\/wp-json\/wp\/v2\/types\/page"}],"author":[{"embeddable":true,"href":"https:\/\/fipmed.co\/ro\/wp-json\/wp\/v2\/users\/11"}],"replies":[{"embeddable":true,"href":"https:\/\/fipmed.co\/ro\/wp-json\/wp\/v2\/comments?post=22201"}],"version-history":[{"count":0,"href":"https:\/\/fipmed.co\/ro\/wp-json\/wp\/v2\/pages\/22201\/revisions"}],"wp:featuredmedia":[{"embeddable":true,"href":"https:\/\/fipmed.co\/ro\/wp-json\/wp\/v2\/media\/22202"}],"wp:attachment":[{"href":"https:\/\/fipmed.co\/ro\/wp-json\/wp\/v2\/media?parent=22201"}],"wp:term":[{"taxonomy":"category","embeddable":true,"href":"https:\/\/fipmed.co\/ro\/wp-json\/wp\/v2\/categories?post=22201"},{"taxonomy":"post_tag","embeddable":true,"href":"https:\/\/fipmed.co\/ro\/wp-json\/wp\/v2\/tags?post=22201"}],"curies":[{"name":"wp","href":"https:\/\/api.w.org\/{rel}","templated":true}]}}