{"id":23743,"date":"2023-05-08T07:39:24","date_gmt":"2023-05-08T07:39:24","guid":{"rendered":"https:\/\/fipmed.co\/contactati-ne\/"},"modified":"2024-11-06T07:43:37","modified_gmt":"2024-11-06T07:43:37","slug":"contactati-ne","status":"publish","type":"page","link":"https:\/\/fipmed.co\/ro\/contactati-ne\/","title":{"rendered":"Contacta\u021bi-ne"},"content":{"rendered":"\t\t<div data-elementor-type=\"wp-page\" data-elementor-id=\"23743\" class=\"elementor elementor-23743 elementor-7274\">\n\t\t\t\t\t\t<section class=\"elementor-section elementor-top-section elementor-element elementor-element-a0c711f elementor-section-boxed elementor-section-height-default elementor-section-height-default\" data-id=\"a0c711f\" data-element_type=\"section\">\n\t\t\t\t\t\t<div class=\"elementor-container elementor-column-gap-default\">\n\t\t\t\t\t<div class=\"elementor-column elementor-col-100 elementor-top-column elementor-element elementor-element-935b070\" data-id=\"935b070\" data-element_type=\"column\">\n\t\t\t<div class=\"elementor-widget-wrap elementor-element-populated\">\n\t\t\t\t\t\t<div class=\"elementor-element elementor-element-213ae02 elementor-widget elementor-widget-text-editor\" data-id=\"213ae02\" data-element_type=\"widget\" data-widget_type=\"text-editor.default\">\n\t\t\t\t<div class=\"elementor-widget-container\">\n\t\t\t\t\t\t\t\t\t<p class=\"p1\">\n<p class=\"p1\"><span class=\"s1\">Suntem aici pentru a v\u0103 ajuta! Nu ezita\u021bi s\u0103 ne contacta\u021bi. Dac\u0103 ave\u021bi \u00eentreb\u0103ri, nel\u0103muriri sau feedback, v\u0103 rug\u0103m s\u0103 nu ezita\u021bi s\u0103 lua\u021bi leg\u0103tura cu noi. Echipa noastr\u0103 dedicat\u0103 de asisten\u021b\u0103 pentru clien\u021bi este preg\u0103tit\u0103 s\u0103 v\u0103 ajute \u00een orice mod posibil.   <\/span><\/p>\n<p class=\"p1\"><strong><span class=\"s1\">Cum s\u0103 ajunge\u021bi la noi<\/span><\/strong><\/p>\n<p class=\"p1\"><strong><span class=\"s1\">Email:<\/span><\/strong><\/p>\n<p class=\"p1\"><span class=\"s1\">Nu ezita\u021bi s\u0103 ne trimite\u021bi un e-mail la support@fipmed.co. Ne propunem s\u0103 r\u0103spundem tuturor solicit\u0103rilor \u00een termen de 2 ore, inclusiv \u00een weekend-uri \u0219i s\u0103rb\u0103tori. Fie c\u0103 ave\u021bi o \u00eentrebare despre produsele noastre, o problem\u0103 cu comanda dvs. sau ave\u021bi nevoie de asisten\u021b\u0103 cu return\u0103rile, echipa noastr\u0103 este aici pentru a v\u0103 oferi un r\u0103spuns prompt \u0219i util.  <\/span><\/p>\n<p class=\"p1\"><strong><span class=\"s1\">Chatbot live:<\/span><\/strong><\/p>\n<p class=\"p1\"><span class=\"s1\">Pentru asisten\u021b\u0103 \u00een timp real, oferim o func\u021bie convenabil\u0103 de chat live pe site-ul nostru. C\u0103uta\u021bi pictograma chat \u00een col\u021bul din dreapta jos al ecranului \u0219i face\u021bi clic pentru a \u00eencepe o conversa\u021bie cu chatbotul nostru, Clawdia. Indiferent dac\u0103 ave\u021bi nevoie de ajutor pentru a naviga pe site-ul nostru, dac\u0103 ave\u021bi \u00eentreb\u0103ri cu privire la ofertele noastre sau dac\u0103 ave\u021bi nevoie de asisten\u021b\u0103 \u00een timpul procesului de cump\u0103rare, ea este aici pentru a v\u0103 ajuta prompt. Ea va fi bucuroas\u0103 s\u0103 v\u0103 r\u0103spund\u0103 la \u00eentreb\u0103ri, s\u0103 v\u0103 ofere recomand\u0103ri de produse sau s\u0103 v\u0103 ajute cu orice nel\u0103muriri pe care le pute\u021bi avea.   <\/span><\/p>\n<p class=\"p1\"><strong><span class=\"s1\">Social Media:<\/span><\/strong><\/p>\n<p class=\"p1\"><span class=\"s1\">Conecta\u021bi-v\u0103 cu noi pe re\u021belele de socializare. Suntem activi pe Facebook. Urm\u0103ri\u021bi-ne pentru a r\u0103m\u00e2ne la curent cu cele mai recente lans\u0103ri de produse, promo\u021bii exclusive \u0219i multe altele. Nu ezita\u021bi s\u0103 ne contacta\u021bi prin mesaje directe sau prin etichetarea noastr\u0103 \u00een post\u0103rile dvs. Ne place s\u0103 afl\u0103m de la clien\u021bii no\u0219tri \u0219i s\u0103 ne implic\u0103m cu comunitatea noastr\u0103.    <\/span><\/p>\n<p class=\"p1\"><span class=\"s1\">Satisfac\u021bia dvs. este prioritatea noastr\u0103 principal\u0103 \u0219i ne angaj\u0103m s\u0103 oferim servicii excep\u021bionale clien\u021bilor. Apreciem feedback-ul dvs. \u0219i v\u0103 mul\u021bumim pentru timpul acordat pentru a ne contacta. Ne str\u0103duim s\u0103 v\u0103 \u00eembun\u0103t\u0103\u021bim continuu experien\u021ba, iar contribu\u021bia dvs. joac\u0103 un rol crucial \u00een acest proces.  <\/span><\/p>\n<p class=\"p1\"><span class=\"s1\">V\u0103 mul\u021bumim pentru c\u0103 a\u021bi ales FipMed. A\u0219tept\u0103m cu ner\u0103bdare s\u0103 v\u0103 ajut\u0103m! <\/span><\/p>\n\t\t\t\t\t\t\t\t<\/div>\n\t\t\t\t<\/div>\n\t\t\t\t\t<\/div>\n\t\t<\/div>\n\t\t\t\t\t<\/div>\n\t\t<\/section>\n\t\t\t\t<\/div>\n\t\t","protected":false},"excerpt":{"rendered":"<p>Suntem aici pentru a v\u0103 ajuta! Nu ezita\u021bi s\u0103 ne contacta\u021bi. Dac\u0103 ave\u021bi \u00eentreb\u0103ri, nel\u0103muriri sau feedback, v\u0103 rug\u0103m s\u0103 nu ezita\u021bi s\u0103 lua\u021bi leg\u0103tura cu noi. Echipa noastr\u0103 dedicat\u0103 de asisten\u021b\u0103 pentru clien\u021bi este preg\u0103tit\u0103 s\u0103 v\u0103 ajute \u00een orice mod posibil. Cum s\u0103 ajunge\u021bi la noi Email: Nu ezita\u021bi s\u0103 ne trimite\u021bi un [&hellip;]<\/p>\n","protected":false},"author":1,"featured_media":0,"parent":0,"menu_order":0,"comment_status":"closed","ping_status":"closed","template":"","meta":{"_glsr_average":0,"_glsr_ranking":0,"_glsr_reviews":0,"footnotes":""},"categories":[],"tags":[],"_links":{"self":[{"href":"https:\/\/fipmed.co\/ro\/wp-json\/wp\/v2\/pages\/23743"}],"collection":[{"href":"https:\/\/fipmed.co\/ro\/wp-json\/wp\/v2\/pages"}],"about":[{"href":"https:\/\/fipmed.co\/ro\/wp-json\/wp\/v2\/types\/page"}],"author":[{"embeddable":true,"href":"https:\/\/fipmed.co\/ro\/wp-json\/wp\/v2\/users\/1"}],"replies":[{"embeddable":true,"href":"https:\/\/fipmed.co\/ro\/wp-json\/wp\/v2\/comments?post=23743"}],"version-history":[{"count":1,"href":"https:\/\/fipmed.co\/ro\/wp-json\/wp\/v2\/pages\/23743\/revisions"}],"predecessor-version":[{"id":23744,"href":"https:\/\/fipmed.co\/ro\/wp-json\/wp\/v2\/pages\/23743\/revisions\/23744"}],"wp:attachment":[{"href":"https:\/\/fipmed.co\/ro\/wp-json\/wp\/v2\/media?parent=23743"}],"wp:term":[{"taxonomy":"category","embeddable":true,"href":"https:\/\/fipmed.co\/ro\/wp-json\/wp\/v2\/categories?post=23743"},{"taxonomy":"post_tag","embeddable":true,"href":"https:\/\/fipmed.co\/ro\/wp-json\/wp\/v2\/tags?post=23743"}],"curies":[{"name":"wp","href":"https:\/\/api.w.org\/{rel}","templated":true}]}}