{"id":23938,"date":"2023-10-27T11:02:21","date_gmt":"2023-10-27T11:02:21","guid":{"rendered":"https:\/\/fipmed.co\/product\/12x-fipmed-injectabil-7ml-flacon-20mg-slash-ml\/"},"modified":"2023-10-27T11:02:21","modified_gmt":"2023-10-27T11:02:21","slug":"12x-fipmed-injectabil-7ml-flacon-20mg-slash-ml","status":"publish","type":"product","link":"https:\/\/fipmed.co\/ro\/produs\/12x-fipmed-injectabil-7ml-flacon-20mg-slash-ml\/","title":{"rendered":"12x Fipmed injectabil 7ml flacon 20mg\/ml"},"content":{"rendered":"<p class=\"p1\"><span class=\"s1\">FipMed GS-441524 Injection este un tratament eficient pentru peritonita infec\u021bioas\u0103 felin\u0103 (FIP).  <\/span><span class=\"s1\">Fiecare flacon injectabil FipMed 20mg\/ml con\u021bine 7ml.<\/span><\/p>\n<p class=\"p1\"><span class=\"s1\"><strong>Concentra\u021bie:<span class=\"Apple-converted-space\">  <\/span><\/strong>20mg\/ml<\/span><\/p>\n<p class=\"p1\"><span class=\"s1\"><strong>Volum:<\/strong><span class=\"Apple-converted-space\">  <\/span>7ml per flacon<\/span><\/p>\n<p class=\"p1\"><span class=\"s1\"><strong>Cantitate:<\/strong><span class=\"Apple-converted-space\"><strong> <\/strong> 12x<\/span> flacoane<\/span><\/p>\n<p>&nbsp;<\/p>\n<p class=\"p1\"><strong><span class=\"s1\">Doza recomandat\u0103:<\/span><\/strong><\/p>\n<p class=\"p1\"><span class=\"s1\">10mg\/kg din greutatea corporal\u0103 a pisicii<\/span><\/p>\n<p class=\"p2\"><span class=\"s1\"><span class=\"Apple-converted-space\"> <\/span><\/span><\/p>\n<p class=\"p1\"><span class=\"s1\"><strong>Metoda de tratament:<\/strong> <\/span><\/p>\n<p class=\"p1\"><span class=\"s1\">1 injec\u021bie pe zi, 7 zile pe s\u0103pt\u0103m\u00e2n\u0103.<\/span><\/p>\n<p class=\"p1\"><span class=\"s1\">Durata tratamentului: minim 4 s\u0103pt\u0103m\u00e2ni (recomandat), apoi urmat de comprimate sau continuarea injec\u021biei p\u00e2n\u0103 la 12 s\u0103pt\u0103m\u00e2ni.<\/span><\/p>\n","protected":false},"excerpt":{"rendered":"<p class=\"p1\"><span class=\"s1\">FipMed GS-441524 Injection este un tratament eficient pentru peritonita infec\u021bioas\u0103 felin\u0103 (FIP).  <\/span><span class=\"s1\">Fiecare flacon injectabil FipMed 20mg\/ml con\u021bine 7ml.<\/span><\/p>\n<p class=\"p1\"><span class=\"s1\"><strong>Concentra\u021bie:<span class=\"Apple-converted-space\">  <\/span><\/strong>20mg\/ml<\/span><\/p>\n<p class=\"p1\"><span class=\"s1\"><strong>Volum:<\/strong><span class=\"Apple-converted-space\">  <\/span>7ml per flacon<\/span><\/p>\n<p class=\"p1\"><span class=\"s1\"><strong>Cantitate:<\/strong><span class=\"Apple-converted-space\"><strong> <\/strong> 12x<\/span> flacoane<\/span><\/p>\n<p>&nbsp;<\/p>\n<p class=\"p1\"><strong><span class=\"s1\">Doza recomandat\u0103:<\/span><\/strong><\/p>\n<p class=\"p1\"><span class=\"s1\">10mg\/kg din greutatea corporal\u0103 a pisicii<\/span><\/p>\n<p>&nbsp;<\/p>\n<p class=\"p1\"><span class=\"s1\"><strong>Metoda de tratament:<\/strong> <\/span><\/p>\n<p class=\"p1\"><span class=\"s1\">1 injec\u021bie pe zi, 7 zile pe s\u0103pt\u0103m\u00e2n\u0103.<\/span><\/p>\n<p class=\"p1\"><span class=\"s1\">Durata tratamentului: minim 4 s\u0103pt\u0103m\u00e2ni (recomandat), apoi urmat de comprimate sau continuarea injec\u021biei p\u00e2n\u0103 la 12 s\u0103pt\u0103m\u00e2ni.<\/span><\/p>\n","protected":false},"featured_media":25267,"template":"","meta":{"_glsr_average":0,"_glsr_ranking":0,"_glsr_reviews":0},"product_cat":[1074],"product_tag":[],"_links":{"self":[{"href":"https:\/\/fipmed.co\/ro\/wp-json\/wp\/v2\/product\/23938"}],"collection":[{"href":"https:\/\/fipmed.co\/ro\/wp-json\/wp\/v2\/product"}],"about":[{"href":"https:\/\/fipmed.co\/ro\/wp-json\/wp\/v2\/types\/product"}],"wp:featuredmedia":[{"embeddable":true,"href":"https:\/\/fipmed.co\/ro\/wp-json\/wp\/v2\/media\/25267"}],"wp:attachment":[{"href":"https:\/\/fipmed.co\/ro\/wp-json\/wp\/v2\/media?parent=23938"}],"wp:term":[{"taxonomy":"product_cat","embeddable":true,"href":"https:\/\/fipmed.co\/ro\/wp-json\/wp\/v2\/product_cat?post=23938"},{"taxonomy":"product_tag","embeddable":true,"href":"https:\/\/fipmed.co\/ro\/wp-json\/wp\/v2\/product_tag?post=23938"}],"curies":[{"name":"wp","href":"https:\/\/api.w.org\/{rel}","templated":true}]}}