{"id":24268,"date":"2023-10-27T10:08:43","date_gmt":"2023-10-27T10:08:43","guid":{"rendered":"https:\/\/fipmed.co\/product\/9x-strips-fipmed-tablete-40mg-x-10-zile-pentru-pisici-de-peste-4kg\/"},"modified":"2024-11-10T05:45:48","modified_gmt":"2024-11-10T05:45:48","slug":"9x-strips-fipmed-tablete-40mg-x-10-zile-pentru-pisici-de-peste-4kg","status":"publish","type":"product","link":"https:\/\/fipmed.co\/ro\/produs\/9x-strips-fipmed-tablete-40mg-x-10-zile-pentru-pisici-de-peste-4kg\/","title":{"rendered":"9x benzi FipMed Tablete x 10 zile (pentru pisici de 4 kg)"},"content":{"rendered":"<p class=\"p1\"><span class=\"s1\">FipMed GS-441524 comprimate este un tratament eficient pentru peritonita infec\u021bioas\u0103 felin\u0103 (FIP).<\/span><\/p>\n<p class=\"p1\"><span class=\"s1\">Fiecare comprimat FipMed pentru pisici de 4 kg con\u021bine 60mg GS-441524.<span class=\"Apple-converted-space\">  Este formulat pentru pisici care nu c\u00e2nt\u0103resc mai mult de 4 kg.<\/span><\/span><\/p>\n<p>GS-441524 este stabil metabolic.<br \/>\nCu toate acestea, cantitatea absorbit\u0103 nu va fi complet metabolizat\u0103 dup\u0103 digestie.<br \/>\nCantitatea metabolizat\u0103 estimat\u0103 este suficient\u0103 at\u00e2t pentru FIP umed\u0103, c\u00e2t \u0219i pentru FIP uscat\u0103.<br \/>\nV\u0103 rug\u0103m s\u0103 dubla\u021bi doza pentru FIP ocular\u0103 \u0219i FIP neurologic\u0103.<br \/>\nLua\u021bi dou\u0103 comprimate \u00een loc de unul.    <\/p>\n<p>&nbsp;<\/p>\n<p class=\"p1\"><span class=\"s1\">Tabletele \u0219i doza FIPMed sunt formulate pe baza recomand\u0103rilor Dr. Niels Pedersen:<\/span><\/p>\n<p><strong>FIP umed \/ uscat Dozaj pentru tablete:<\/strong><\/p>\n<p>Tablet\u0103 Con\u021binut real GS441524: 15mg\/kg Dup\u0103 60% pierdere prin digestie \u0219i metabolizare*: 6mg\/kg<\/p>\n<p><strong>Ocular \/ Neurologic FIP Dozaj pentru comprimate:<\/strong><\/p>\n<p>Tablet\u0103 Con\u021binut real GS441524: 30mg\/kg Dup\u0103 60% pierdere prin digestie \u0219i metabolizare*: 12mg\/kg<\/p>\n<p>&nbsp;<\/p>\n<p>* De asemenea, s-a constatat c\u0103 administrarea oral\u0103 asigur\u0103 niveluri sanguine, dar cu o oarecare \u00eent\u00e2rziere \u0219i numai la aproximativ 40% din nivelurile maxime ale c\u0103ilor subcutanat\u0103 \u0219i intravenoas\u0103. GS-441424 este absorbit din intestin cu o eficien\u021b\u0103 de aproximativ 50% ca administrarea subcutanat\u0103 sau intravenoas\u0103. Av\u00e2nd \u00een vedere limit\u0103rile absorb\u021biei GS-441524 pe cale oral\u0103, ar fi de a\u0219teptat ca doza oral\u0103 s\u0103 fie de aproximativ dou\u0103 ori mai mare dec\u00e2t cea injectabil\u0103. (Niels Pedersen NC, 2018).   <\/p>\n<p><a href=\"https:\/\/www.vetmed.ucdavis.edu\/sites\/g\/files\/dgvnsk4586\/files\/inline-files\/Use%20of%20oral%20GS-441524%20for%20FIP%20treatmemt_0.pdf\" rel=\"nofollow noopener\" target=\"_blank\">https:\/\/www.vetmed.ucdavis.edu\/sites\/g\/files\/dgvnsk4586\/files\/inline-files\/Use%20of%20oral%20GS-441524%20for%20FIP%20treatmemt_0.pdf<\/a><\/p>\n<p class=\"p1\"><span class=\"s1\">Fiecare band\u0103 con\u021bine 10 comprimate orale (10 zile de tratament)<\/span><\/p>\n<p>&nbsp;<\/p>\n","protected":false},"excerpt":{"rendered":"<p class=\"p1\"><span class=\"s1\">FipMed GS-441524 comprimate este un tratament eficient pentru peritonita infec\u021bioas\u0103 felin\u0103 (FIP).<\/span><\/p>\n<p class=\"p1\"><span class=\"s1\">Fiecare comprimat FipMed pentru pisici de 4 kg con\u021bine 60mg GS-441524.  <\/span><\/p>\n<p>GS-441524 este stabil metabolic.<br \/>\nCu toate acestea, cantitatea absorbit\u0103 nu va fi complet metabolizat\u0103 dup\u0103 digestie.<br \/>\nCantitatea metabolizat\u0103 estimat\u0103 este suficient\u0103 at\u00e2t pentru FIP umed\u0103, c\u00e2t \u0219i pentru FIP uscat\u0103.<br \/>\nV\u0103 rug\u0103m s\u0103 dubla\u021bi doza pentru FIP ocular\u0103 \u0219i FIP neurologic\u0103.<br \/>\nLua\u021bi dou\u0103 comprimate \u00een loc de unul.    <\/p>\n<p class=\"p1\"><span class=\"s1\">Este formulat pentru pisici care nu c\u00e2nt\u0103resc mai mult de 4 kg.<\/span><\/p>\n<p class=\"p1\"><span class=\"s1\">Fiecare band\u0103 con\u021bine 10 comprimate orale (10 zile de tratament)<\/span><\/p>\n","protected":false},"featured_media":25313,"template":"","meta":{"_glsr_average":0,"_glsr_ranking":0,"_glsr_reviews":0},"product_cat":[1037],"product_tag":[],"_links":{"self":[{"href":"https:\/\/fipmed.co\/ro\/wp-json\/wp\/v2\/product\/24268"}],"collection":[{"href":"https:\/\/fipmed.co\/ro\/wp-json\/wp\/v2\/product"}],"about":[{"href":"https:\/\/fipmed.co\/ro\/wp-json\/wp\/v2\/types\/product"}],"wp:featuredmedia":[{"embeddable":true,"href":"https:\/\/fipmed.co\/ro\/wp-json\/wp\/v2\/media\/25313"}],"wp:attachment":[{"href":"https:\/\/fipmed.co\/ro\/wp-json\/wp\/v2\/media?parent=24268"}],"wp:term":[{"taxonomy":"product_cat","embeddable":true,"href":"https:\/\/fipmed.co\/ro\/wp-json\/wp\/v2\/product_cat?post=24268"},{"taxonomy":"product_tag","embeddable":true,"href":"https:\/\/fipmed.co\/ro\/wp-json\/wp\/v2\/product_tag?post=24268"}],"curies":[{"name":"wp","href":"https:\/\/api.w.org\/{rel}","templated":true}]}}