{"id":24285,"date":"2023-11-27T06:45:29","date_gmt":"2023-11-27T06:45:29","guid":{"rendered":"https:\/\/fipmed.co\/product\/foaia-de-parcurs-completa-pentru-cucerirea-fip-de-la-diagnosticare-la-recuperare-ebook\/"},"modified":"2024-11-22T11:54:11","modified_gmt":"2024-11-22T11:54:11","slug":"foaia-de-parcurs-completa-pentru-cucerirea-fip-de-la-diagnosticare-la-recuperare-ebook","status":"publish","type":"product","link":"https:\/\/fipmed.co\/ro\/produs\/foaia-de-parcurs-completa-pentru-cucerirea-fip-de-la-diagnosticare-la-recuperare-ebook\/","title":{"rendered":"Foaia de parcurs complet\u0103 pentru cucerirea FIP: de la diagnosticare la recuperare EBOOK"},"content":{"rendered":"<p><span class=\"s1\">Un ghid cuprinz\u0103tor de 154 de pagini pentru FIP, de la diagnostic la recuperare. Tot ce trebuie s\u0103 \u0219ti\u021bi despre FIP este aici. <\/span><\/p>\n<p>&nbsp;<\/p>\n<p><strong>Tabel de con\u021binut:<\/strong><\/p>\n<p>&nbsp;<\/p>\n<p><strong>CE ESTE FIP?<\/strong><\/p>\n<p>Cum se dezvolt\u0103 FIP?<\/p>\n<p>&nbsp;<\/p>\n<p><strong>CORONAVIRUSURILE FELINE<\/strong><\/p>\n<p>Virusul FCov<br \/>\nFECV<br \/>\nFIPV<\/p>\n<p>&nbsp;<\/p>\n<p><strong>CUM SE TRANSMIT VIRU\u0218II?<\/strong><\/p>\n<p>Contact direct<br \/>\nContact indirect<br \/>\nFecal-Oral Route<br \/>\nPic\u0103turi respiratorii<br \/>\nInfec\u021bia de la pisica gravid\u0103<\/p>\n<p>&nbsp;<\/p>\n<p><strong>FIP<\/strong> <strong>RISC<\/strong> <strong>FACTORII<\/strong><\/p>\n<p>V\u00e2rsta<br \/>\nRas\u0103<br \/>\nCondi\u021bii de via\u021b\u0103 aglomerate<br \/>\nGenetic\u0103<br \/>\nStres<br \/>\nStarea sistemului imunitar<\/p>\n<p>&nbsp;<\/p>\n<p><strong>CARE SUNT TESTELE PENTRU FIP FELIN?<\/strong><\/p>\n<p>Analiz\u0103 de anticorpi Analiz\u0103 de s\u00e2nge Analiz\u0103 de s\u00e2nge Citiri care indic\u0103 FIP Rivalta Test de efuziune Raze X Ecografie Biopsie \u0219i citologie Analiz\u0103 fecal\u0103<\/p>\n<p>&nbsp;<\/p>\n<p><strong>13 BOLI CARE POT FI CONFUNDATE CU FIP<\/strong><\/p>\n<p>Toxoplasmoza<br \/>\nFELV<br \/>\nFIV<br \/>\nFPV<br \/>\nBoala inflamatorie intestinal\u0103<br \/>\nCancerul<br \/>\nMicoplasmoza hemotrofic\u0103 felin\u0103<br \/>\nLimfom<br \/>\nProbleme cardiace<br \/>\nFicat inflamat<br \/>\nPeritonita bacterian\u0103<br \/>\nPleurit\u0103 bacterian\u0103<br \/>\nCriptococcoz\u0103<\/p>\n<p>&nbsp;<\/p>\n<p><strong>PROVOC\u0102RI \u0218I LIMIT\u0102RI ALE DIAGNOSTICULUI<\/strong><\/p>\n<p>Ce se \u00eent\u00e2mpl\u0103 dac\u0103 nu pute\u021bi pune un diagnostic? 10 factori \u0219i parametri pentru ce s\u0103 trata\u021bi<\/p>\n<p>&nbsp;<\/p>\n<p><strong>COMORBIDIT\u0102\u021aI COMUNE<\/strong><\/p>\n<p>De ce FIP apare adesea \u00eempreun\u0103 cu alte boli?<\/p>\n<p>Pneumonie CKD<\/p>\n<p>FELV<br \/>\nCancerul<br \/>\nBoli autoimune \u0219i FIP<br \/>\nInfec\u021bia bacterian\u0103 \u0219i FIP<br \/>\nFHV<br \/>\nFIV<br \/>\nFIP \u00een timpul sarcinii<\/p>\n<p>&nbsp;<\/p>\n<p><strong>TIPURI DE FIP<\/strong><\/p>\n<p>FIP efuziv\u0103 sau umed\u0103 FIP neefuziv\u0103 sau uscat\u0103<\/p>\n<p>Ocular FIP<br \/>\nFIP neurologic\u0103<\/p>\n<p>&nbsp;<\/p>\n<p><strong>ETAPELE FIP<\/strong><\/p>\n<p>Expunere ini\u021bial\u0103 \u0219i incuba\u021bie Viremie primar\u0103 Viremie secundar\u0103 FIP clinic Daune ale organelor<\/p>\n<p>&nbsp;<\/p>\n<p><strong>SIMPTOME BAZATE PE STADIILE FIP<\/strong><\/p>\n<p>Semne timpurii ale FIP<br \/>\nSimptome de FIP avansat\u0103<\/p>\n<p>&nbsp;<\/p>\n<p><strong>SIMPTOME BAZATE PE TIPURI DE FIP<\/strong><\/p>\n<p>Semne clinice de FIP uscat\u0103 neeffuziv\u0103 Semne clinice de FIP umed\u0103 efuziv\u0103 Semne clinice de FIP ocular\u0103 Semne clinice de FIP neurologic\u0103<\/p>\n<p>&nbsp;<\/p>\n<p><strong>10 LUCRURI IMPORTANTE DE F\u0102CUT DAC\u0102 PISICA DUMNEAVOASTR\u0102 ESTE DIAGNOSTICAT\u0102 CU FIP<\/strong><\/p>\n<p>Preg\u0103ti\u021bi-v\u0103 \u0219i echipa\u021bi-v\u0103 cu aceste elemente Solicita\u021bi consiliere veterinar\u0103 de specialitate \u00cencepe\u021bi tratamentul cu GS441524 Gestiona\u021bi simptomele \u0219i alina\u021bi durerea Hidratarea \u0219i gestionarea fluidelor Suport nutri\u021bional &#8211; diet\u0103 \u0219i suplimente Crea\u021bi un mediu confortabil \u0219i curat Implementa\u021bi m\u0103suri stricte de igien\u0103 Aplica\u021bi protocoale de izolare pentru gospod\u0103riile cu mai multe pisici Monitoriza\u021bi starea pisicii Limita\u021bi expunerea la alte pisici<\/p>\n<p>&nbsp;<\/p>\n<p><strong>PROTOCOL DE TRATAMENT FIPMED<\/strong><\/p>\n<p>Cum s\u0103 determina\u021bi doza pisicii dumneavoastr\u0103 Luarea \u00een considerare a ajust\u0103rilor Durata tratamentului Diferen\u021ba dintre injec\u021bii \u0219i tablete<\/p>\n<p>GS-441524 Injec\u021bii FIP<\/p>\n<p>FIP Tablete orale GS-441524<\/p>\n<p>Tratament combinat<\/p>\n<p>&nbsp;<\/p>\n<p><strong>CUM SE ADMINISTREAZ\u0102 GS441524<\/strong><\/p>\n<p>Injec\u021bii subcutanate GS441524 Depozitarea corespunz\u0103toare a flacoanelor pentru injec\u021bii Seringi \u0219i ace Graficul calibrelor acului Preg\u0103tirea seringii Ghid pas cu pas privind administrarea injec\u021biilor R\u0103ni de injec\u021bie Cum se administreaz\u0103 tabletele sau pastilele<\/p>\n<p>&nbsp;<\/p>\n<p><strong>MONITORIZAREA PROGRESULUI TRATAMENTULUI<\/strong><\/p>\n<p>FIP Tratament \u0219i perioad\u0103 de observa\u021bie Ce trebuie s\u0103 monitoriza\u021bi? Ce se \u00eent\u00e2mpl\u0103 dac\u0103 pisica dvs. nu se simte mai bine Cauze posibile<\/p>\n<p>&nbsp;<\/p>\n<p><strong>CE S\u0102 EVITA\u021aI \u00ceN TIMPUL TRATAMENTULUI<\/strong><\/p>\n<p>Imunosupresoare Antibiotice Medicamente care pot afecta SNC Analgezice Lizin\u0103<\/p>\n<p>&nbsp;<\/p>\n<p><strong>LUCRURI UTILE \u00ceN TIMPUL TRATAMENTULUI<\/strong><\/p>\n<p>Managementul efuziunilor<br \/>\n\u00cengrijire suportiv\u0103 pentru a face pisica mai confortabil\u0103<br \/>\nAbordarea infec\u021biilor secundare<\/p>\n<p>&nbsp;<\/p>\n<p><strong>ALTE MEDICAMENTE SAU PROCEDURI \u00ceN TIMPUL TRATAMENTULUI CU FIP<\/strong><\/p>\n<p>Dewormers Tratamente pentru purici sau c\u0103pu\u0219e Sterilizare \u0219i castrare Vaccin\u0103ri Reducerea febrei<\/p>\n<p>&nbsp;<\/p>\n<p><strong>FIP RELAPSE<\/strong><\/p>\n<p>De ce apare o recidiv\u0103 FIP? Cum se previne o recidiv\u0103 a FIP? Cum se trateaz\u0103 o recidiv\u0103 \u00een cazul apari\u021biei acesteia?<\/p>\n","protected":false},"excerpt":{"rendered":"<p class=\"p1\"><span class=\"s1\">Un ghid cuprinz\u0103tor de 154 de pagini pentru FIP, de la diagnostic la recuperare. Tot ce trebuie s\u0103 \u0219ti\u021bi despre FIP este aici. <\/span><\/p>\n","protected":false},"featured_media":24662,"template":"","meta":{"_glsr_average":0,"_glsr_ranking":0,"_glsr_reviews":0},"product_cat":[1105],"product_tag":[1106,1107],"_links":{"self":[{"href":"https:\/\/fipmed.co\/ro\/wp-json\/wp\/v2\/product\/24285"}],"collection":[{"href":"https:\/\/fipmed.co\/ro\/wp-json\/wp\/v2\/product"}],"about":[{"href":"https:\/\/fipmed.co\/ro\/wp-json\/wp\/v2\/types\/product"}],"wp:featuredmedia":[{"embeddable":true,"href":"https:\/\/fipmed.co\/ro\/wp-json\/wp\/v2\/media\/24662"}],"wp:attachment":[{"href":"https:\/\/fipmed.co\/ro\/wp-json\/wp\/v2\/media?parent=24285"}],"wp:term":[{"taxonomy":"product_cat","embeddable":true,"href":"https:\/\/fipmed.co\/ro\/wp-json\/wp\/v2\/product_cat?post=24285"},{"taxonomy":"product_tag","embeddable":true,"href":"https:\/\/fipmed.co\/ro\/wp-json\/wp\/v2\/product_tag?post=24285"}],"curies":[{"name":"wp","href":"https:\/\/api.w.org\/{rel}","templated":true}]}}