{"id":27511,"date":"2024-12-19T13:19:45","date_gmt":"2024-12-19T13:19:45","guid":{"rendered":"https:\/\/fipmed.co\/product\/1x-bottle-fipmed-eidd2801-30x-capsules-for-5kg-cats\/"},"modified":"2024-12-19T13:19:45","modified_gmt":"2024-12-19T13:19:45","slug":"1x-bottle-fipmed-eidd2801-30x-capsules-for-5kg-cats","status":"publish","type":"product","link":"https:\/\/fipmed.co\/ro\/produs\/1x-bottle-fipmed-eidd2801-30x-capsules-for-5kg-cats\/","title":{"rendered":"FIPMed EIDD2801 30x Capsule (5 kg pisici) Toxicitate ridicat\u0103. Numai pentru pisici rezistente la GS441525."},"content":{"rendered":"<p>Oferim FIPMed EIDD2801 capsule pentru pisicile care au dezvoltat rezisten\u021b\u0103 la GS441524 \u0219i acesta nu mai func\u021bioneaz\u0103 pentru ele. \u00cen acest caz, EIDD2801 poate fi o ultim\u0103 solu\u021bie. Molnupiravirul (EIDD-2801) prezint\u0103 o toxicitate ridicat\u0103, ceea ce \u00eel face nepotrivit pentru utilizarea pe termen lung necesar\u0103 \u00een tratamentul FIP. Utilizarea prelungit\u0103 poate duce la muta\u021bii ale ARN, cresc\u00e2nd riscul de cancer. <\/p>\n<p>Molnupiravirul este adecvat numai pentru tratamentele pe termen scurt, cum ar fi COVID-19, unde un tratament de 5 zile nu este suficient de lung pentru a provoca efecte mutagene d\u0103un\u0103toare.<\/p>\n<p><strong>Pisicile FIP tratate cu Molnupiravir sau EIDD2801 ar putea avea \u0219anse crescute de a face cancer \u00een decurs de 3 ani. Nu se recomand\u0103 tratarea FIP cu EIDD2801, \u00een special pentru pisicile tinere. <\/strong><\/p>\n<p>Este doar o alternativ\u0103 dac\u0103 pisica dumneavoastr\u0103 nu mai r\u0103spunde la GS441524.<\/p>\n<p>De ce tratamentul FIP trebuie s\u0103 dureze 84 de zile? Virusul FIPV r\u0103m\u00e2ne \u00een organismul pisicii timp de p\u00e2n\u0103 la 90 de zile. Antivirale precum GS-441524, Molnupiravir \u0219i GC376 inhib\u0103 replicarea virusului \u00een loc s\u0103 \u00eel omoare direct, astfel \u00eenc\u00e2t trebuie s\u0103 a\u0219tept\u0103m ca virusul s\u0103 moar\u0103 \u00een mod natural. \u00cen prezent, nu exist\u0103 niciun medicament pe pia\u021b\u0103 care s\u0103 ucid\u0103 virusul cu succes pentru a scurta durata tratamentului.   <\/p>\n<p>&#8211; Mod de administrare: 1 capsul\u0103 pe zi &#8211; 1 capsul\u0103 pe zi &#8211; 1 capsul\u0103 pe zi: 1 capsul\u0103 pe zi &#8211; Fiecare capsul\u0103 con\u021bine 100mg de Molnupiravir (EIDD2801) pentru pisici de 5 kg &#8211; Fiecare flacon con\u021bine 30 capsule<\/p>\n<p><strong>Cum s\u0103 identifica\u021bi EIDD2801 v\u00e2ndut ca GS441524?<\/strong><\/p>\n<p><span style=\"font-size: 12pt;\">&#8211; Dac\u0103 pre\u021bul este mult mai mic \u00een compara\u021bie cu standardele din industrie pentru GS441524<\/span><\/p>\n<p><span style=\"font-size: 12pt;\">&#8211; Dac\u0103 este v\u00e2ndut sub form\u0103 de capsule. Niciun produc\u0103tor nu produce GS-441524 sub form\u0103 de capsule. Dar toate tratamentele EIDD2801 sunt produse sub form\u0103 de capsule.  <\/span><\/p>\n<p><span style=\"font-size: 12pt;\">&#8211; \u00cen cazul \u00een care doza sau durata tratamentului este diferit\u0103 de cea recomandat\u0103 de Dr. Niels Pedersen<\/span><\/p>\n","protected":false},"excerpt":{"rendered":"<p>Oferim FIPMed EIDD2801 capsule pentru pisicile care au dezvoltat rezisten\u021b\u0103 la GS441524 \u0219i acesta nu mai func\u021bioneaz\u0103 pentru ele. \u00cen acest caz, EIDD2801 poate fi o ultim\u0103 solu\u021bie. Molnupiravirul (EIDD-2801) prezint\u0103 o toxicitate ridicat\u0103, ceea ce \u00eel face nepotrivit pentru utilizarea pe termen lung necesar\u0103 \u00een tratamentul FIP. Utilizarea prelungit\u0103 poate duce la muta\u021bii ale ARN, cresc\u00e2nd riscul de cancer. <\/p>\n<p>Molnupiravirul este adecvat numai pentru tratamentele pe termen scurt, cum ar fi COVID-19, unde un tratament de 5 zile nu este suficient de lung pentru a provoca efecte mutagene d\u0103un\u0103toare.<\/p>\n<p>Pisicile FIP tratate cu Molnupiravir sau EIDD2801 ar putea avea \u0219anse crescute de a face cancer \u00een decurs de 3 ani. Nu se recomand\u0103 tratarea FIP cu EIDD2801, \u00een special pentru pisicile tinere. <\/p>\n<p>Este doar o alternativ\u0103 dac\u0103 pisica dumneavoastr\u0103 nu mai r\u0103spunde la GS441524.<\/p>\n<p>De ce tratamentul FIP trebuie s\u0103 dureze 84 de zile? Virusul FIPV r\u0103m\u00e2ne \u00een organismul pisicii timp de p\u00e2n\u0103 la 90 de zile. Antivirale precum GS-441524, Molnupiravir \u0219i GC376 inhib\u0103 replicarea virusului \u00een loc s\u0103 \u00eel omoare direct, astfel \u00eenc\u00e2t trebuie s\u0103 a\u0219tept\u0103m ca virusul s\u0103 moar\u0103 \u00een mod natural. \u00cen prezent, nu exist\u0103 niciun medicament pe pia\u021b\u0103 care s\u0103 ucid\u0103 virusul cu succes pentru a scurta durata tratamentului.   <\/p>\n<p>&#8211; Mod de administrare: 1 capsul\u0103 pe zi &#8211; 1 capsul\u0103 pe zi &#8211; 1 capsul\u0103 pe zi: 1 capsul\u0103 pe zi &#8211; Fiecare capsul\u0103 con\u021bine 100mg de Molnupiravir (EIDD2801) pentru pisici de 5 kg &#8211; Fiecare flacon con\u021bine 30 capsule<\/p>\n","protected":false},"featured_media":27083,"template":"","meta":{"_glsr_average":0,"_glsr_ranking":0,"_glsr_reviews":0},"product_cat":[1146],"product_tag":[],"_links":{"self":[{"href":"https:\/\/fipmed.co\/ro\/wp-json\/wp\/v2\/product\/27511"}],"collection":[{"href":"https:\/\/fipmed.co\/ro\/wp-json\/wp\/v2\/product"}],"about":[{"href":"https:\/\/fipmed.co\/ro\/wp-json\/wp\/v2\/types\/product"}],"wp:featuredmedia":[{"embeddable":true,"href":"https:\/\/fipmed.co\/ro\/wp-json\/wp\/v2\/media\/27083"}],"wp:attachment":[{"href":"https:\/\/fipmed.co\/ro\/wp-json\/wp\/v2\/media?parent=27511"}],"wp:term":[{"taxonomy":"product_cat","embeddable":true,"href":"https:\/\/fipmed.co\/ro\/wp-json\/wp\/v2\/product_cat?post=27511"},{"taxonomy":"product_tag","embeddable":true,"href":"https:\/\/fipmed.co\/ro\/wp-json\/wp\/v2\/product_tag?post=27511"}],"curies":[{"name":"wp","href":"https:\/\/api.w.org\/{rel}","templated":true}]}}