{"id":28449,"date":"2024-03-25T06:01:34","date_gmt":"2024-03-25T06:01:34","guid":{"rendered":"https:\/\/fipmed.co\/8-diseases-similar-to-fip-that-could-be-mistaken-as-feline-infectious-peritonitis-fip\/"},"modified":"2024-03-25T06:01:34","modified_gmt":"2024-03-25T06:01:34","slug":"8-diseases-similar-to-fip-that-could-be-mistaken-as-feline-infectious-peritonitis-fip","status":"publish","type":"page","link":"https:\/\/fipmed.co\/sk\/8-diseases-similar-to-fip-that-could-be-mistaken-as-feline-infectious-peritonitis-fip\/","title":{"rendered":"8 ochoren\u00ed podobn\u00fdch FIP, ktor\u00e9 by mohli by\u0165 mylne pova\u017eovan\u00e9 za ma\u010dac\u00ed infek\u010dn\u00fd z\u00e1pal pobru\u0161nice (FIP)"},"content":{"rendered":"<p><strong>FIP m\u00e1 ve\u013emi podobn\u00e9 pr\u00edznaky s mnoh\u00fdmi chorobami<\/strong><\/p>\n<p>Diagnostika ma\u010dacej infek\u010dnej peritonit\u00eddy (FIP) m\u00f4\u017ee by\u0165 ve\u013emi n\u00e1ro\u010dn\u00e1, preto\u017ee mnoh\u00e9 jej pr\u00edznaky s\u00fa spolo\u010dn\u00e9 s ochoreniami podobn\u00fdmi FIP, ktor\u00e9 by sa mohli mylne pova\u017eova\u0165 za ma\u010dacie infek\u010dn\u00e9 peritonit\u00eddy. Patr\u00ed sem strata hmotnosti, slabos\u0165, letargia, hor\u00fa\u010dka, anorexia a o\u010dn\u00e9 l\u00e9zie. Vzh\u013eadom na to, \u017ee tieto ochorenia maj\u00fa tak podobn\u00fa povahu, je d\u00f4le\u017eit\u00e9 poradi\u0165 sa s veterin\u00e1rnym lek\u00e1rom o spr\u00e1vnej diagn\u00f3ze. Okrem toho sa ma\u010dac\u00ed koronav\u00edrus (FCoV), ktor\u00fd bol spojen\u00fd s FIP, vo v\u0161eobecnosti vyskytuje u ma\u010diek, dokonca aj u t\u00fdch, ktor\u00e9 s\u00fa zdrav\u00e9. \u010eal\u0161\u00edm probl\u00e9mom pri diagnostike s\u00fa syst\u00e9mov\u00e9 \u00fa\u010dinky v\u00edrusu. M\u00f4\u017ee vies\u0165 k z\u00e1palom v celom tele a postihova\u0165 viacer\u00e9 org\u00e1ny. V\u00edrus sa zameriava na r\u00f4zne \u010dasti imunitn\u00e9ho syst\u00e9mu ma\u010dky vr\u00e1tane lymfatick\u00e9ho tkaniva, krvn\u00fdch ciev a bunkov\u00fdch l\u00edni\u00ed vo viacer\u00fdch org\u00e1noch. To vedie k syst\u00e9mov\u00e9mu z\u00e1palu, ktor\u00fd ovplyv\u0148uje mnoh\u00e9 oblasti tela. Toto postihnutie viacer\u00fdch org\u00e1nov m\u00f4\u017ee sp\u00f4sobi\u0165 mnoho pr\u00edznakov vr\u00e1tane zv\u00e4\u010d\u0161en\u00fdch lymfatick\u00fdch uzl\u00edn alebo brucha, straty chuti do jedla, zn\u00ed\u017eenej \u00farovne aktivity alebo hor\u00fa\u010dky, \u010do mimoriadne s\u0165a\u017euje presn\u00fa diagnostiku. Nespr\u00e1vna diagn\u00f3za m\u00f4\u017ee vies\u0165 k nespr\u00e1vnej lie\u010dbe, ktor\u00e1 sp\u00f4sob\u00ed \u010fal\u0161ie zdravotn\u00e9 komplik\u00e1cie. V niektor\u00fdch pr\u00edpadoch ma\u010dky dokonca nemusia vykazova\u0165 \u017eiadne klinick\u00e9 pr\u00edznaky, k\u00fdm sa dostan\u00fa do pokro\u010dilej\u0161\u00edch \u0161t\u00e1di\u00ed FIP, preto be\u017en\u00e9 fyzik\u00e1lne vy\u0161etrenie nebude sta\u010di\u0165 na identifik\u00e1ciu v po\u010diato\u010dn\u00fdch \u0161t\u00e1di\u00e1ch. <\/p>\n<p>&nbsp;<\/p>\n<p><strong>V\u00edrus FCoV je pr\u00edtomn\u00fd takmer u v\u0161etk\u00fdch ma\u010diek<\/strong><\/p>\n<p>Ma\u010dac\u00ed koronav\u00edrus (FCoV) je be\u017en\u00fd v\u00edrus vyskytuj\u00faci sa u ma\u010diek na celom svete, hoci sa m\u00f4\u017ee vyskytova\u0165 v r\u00f4znej miere v z\u00e1vislosti od prostredia. Odhaduje sa, \u017ee a\u017e 80 % ma\u010diek bolo vystaven\u00fdch FCoV a m\u00f4\u017eu by\u0165 nosite\u013emi v\u00edrusu bez toho, aby sa u nich prejavili ak\u00e9ko\u013evek klinick\u00e9 pr\u00edznaky alebo sympt\u00f3my. Ak je v\u0161ak pr\u00edtomn\u00fd vo ve\u013ekom mno\u017estve, m\u00f4\u017ee sp\u00f4sobi\u0165 infekcie, ako je FIP. Preto sa odborn\u00edci zhoduj\u00fa, \u017ee d\u00f4kladn\u00e9 monitorovanie a sledovanie tohto v\u00edrusu je d\u00f4le\u017eit\u00e9 pre majite\u013eov ma\u010diek s viacer\u00fdmi ma\u010dkami &#8211; najm\u00e4 v chovoch alebo \u00fatulkoch, kde m\u00f4\u017ee by\u0165 miera prenosu ochorenia r\u00fdchlo vysok\u00e1. Okrem toho je potrebn\u00e9 poznamena\u0165, \u017ee FCoV pren\u00e1\u0161aj\u00fa aj vo\u013ene \u017eij\u00face ma\u010dky, \u010do nazna\u010duje jeho glob\u00e1lne \u0161\u00edrenie bu\u010f priamym kontaktom medzi druhmi, alebo n\u00e1kazou z prostredia v\u00fdkalmi alebo infikovan\u00fdmi prachov\u00fdmi \u010dasticami, ktor\u00e9 sleduj\u00fa vt\u00e1ky a mal\u00e9 cicavce ob\u00fdvaj\u00face podobn\u00e9 \u00fazemia. <\/p>\n<p>&nbsp;<\/p>\n<p><strong>Ve\u013emi \u010dast\u00e9 s\u00fa aj sprievodn\u00e9 ochorenia s FIP<\/strong><\/p>\n<p>Medzi be\u017en\u00e9 sprievodn\u00e9 ochorenia FIP patr\u00ed toxoplazm\u00f3za, FELV, FIV, FPV, z\u00e1palov\u00e9 ochorenie \u010driev, rakovina, infekcia hemotropnou mykoplazmou ma\u010diek, lymf\u00f3m, probl\u00e9my so srdcom a z\u00e1pal pe\u010dene. Ke\u010f\u017ee sa FIP m\u00f4\u017ee vyskytova\u0165 spolu s in\u00fdmi infek\u010dn\u00fdmi ochoreniami, e\u0161te viac to komplikuje situ\u00e1ciu pri vyvodzovan\u00ed presn\u00e9ho diagnostick\u00e9ho z\u00e1veru. Tu s\u00fa uveden\u00e9 choroby, ktor\u00e9 maj\u00fa podobn\u00e9 pr\u00edznaky ako FIP a \u010dasto sa zamie\u0148aj\u00fa za FIP.<\/p>\n<h3><\/h3>\n<h3>Toxoplazm\u00f3za<\/h3>\n<p>Toxoplazm\u00f3zu sp\u00f4sobuje parazit Toxoplasma gondii, ktor\u00fd m\u00f4\u017ee infikova\u0165 \u013eud\u00ed aj ma\u010dky. Tento v\u00edrus je u ma\u010diek rovnako be\u017en\u00fd ako FCoV. Toto ochorenie m\u00f4\u017ee sp\u00f4sobi\u0165 v\u0161eobecn\u00e9 pr\u00edznaky, ako je hor\u00fa\u010dka, strata chuti do jedla a letargia, pri\u010dom sa objavuje aj pri FIP. Ma\u010dky m\u00f4\u017eu ma\u0165 aj neurologick\u00e9 prejavy podobn\u00e9 FIP. Toxoplazm\u00f3za sa \u010dasto nespr\u00e1vne diagnostikuje ako FIP kv\u00f4li podobnosti pr\u00edznakov. Latentn\u00e1 reaktiv\u00e1cia toxoplazmy u ma\u010diek m\u00f4\u017ee \u010falej komplikova\u0165 diagn\u00f3zu.   <\/p>\n<h3><\/h3>\n<h3>FELV<\/h3>\n<p>V\u00edrus leuk\u00e9mie ma\u010diek je retrov\u00edrus, ktor\u00fd m\u00f4\u017ee vies\u0165 k imunosupresii u ma\u010diek, zatia\u013e \u010do FIP je imunitne sprostredkovan\u00e9 ochorenie sp\u00f4soben\u00e9 mutantnou formou koronav\u00edrusu ma\u010diek. FeLV m\u00f4\u017ee predisponova\u0165 ma\u010dky k mnoh\u00fdm \u010fal\u0161\u00edm ochoreniam vr\u00e1tane FIP. Pri oboch ochoreniach sa v\u00edrusy vylu\u010duj\u00fa v slin\u00e1ch, nosov\u00fdch sekr\u00e9toch, mo\u010di, v\u00fdkaloch a mlieku infikovan\u00fdch ma\u010diek. K prenosu v\u00edrusu z ma\u010dky na ma\u010dku m\u00f4\u017ee d\u00f4js\u0165 z rany po uhryznut\u00ed, po\u010das vz\u00e1jomn\u00e9ho o\u0161etrovania a pri spolo\u010dnom pou\u017e\u00edvan\u00ed podstielky a misiek na k\u0155menie. Ma\u010dky s FeLV m\u00f4\u017eu \u017ei\u0165 norm\u00e1lnym \u017eivotom dlh\u0161\u00ed \u010das. Priemern\u00fd \u010das pre\u017eitia ma\u010diek po diagnostikovan\u00ed FeLV je 2,5 roka, zatia\u013e \u010do FIP postupuje bez lie\u010dby ove\u013ea r\u00fdchlej\u0161ie. <\/p>\n<h3><\/h3>\n<h3>FIV<\/h3>\n<p>FIV je sp\u00f4soben\u00fd v\u00edrusom ma\u010dacej imunodeficiencie, ktor\u00fd ovplyv\u0148uje imunitn\u00fd syst\u00e9m ma\u010dky. V mnoh\u00fdch oh\u013eadoch sa podob\u00e1 \u013eudsk\u00e9mu v\u00edrusu HIV. FIV ich rob\u00ed n\u00e1chylnej\u0161\u00edmi na in\u00e9 infekcie a pren\u00e1\u0161a sa predov\u0161etk\u00fdm uhryznut\u00edm a bl\u00edzkym kontaktom s infikovan\u00fdmi ma\u010dkami. Obe choroby postihuj\u00fa ma\u010dku syst\u00e9movo. FIV ohrozuje imunitn\u00fd syst\u00e9m ma\u010diek, zatia\u013e \u010do FIP nap\u00e1da organizmus prostredn\u00edctvom z\u00e1palu. Obe choroby s\u00fa tie\u017e n\u00e1kazliv\u00e9. Zatia\u013e \u010do FIV sa ned\u00e1 vylie\u010di\u0165, FIP sa d\u00e1 vylie\u010di\u0165 liekom GS441524. <\/p>\n<h3><\/h3>\n<h3>FPV<\/h3>\n<p>V\u00edrus panleukop\u00e9nie ma\u010diek (FPV) a infek\u010dn\u00e1 peritonit\u00edda ma\u010diek (FIP) s\u00fa v\u00edrusov\u00e9 ochorenia, ktor\u00e9 m\u00f4\u017eu postihn\u00fa\u0165 ma\u010dky. Ich klinick\u00e9 prejavy m\u00f4\u017eu by\u0165 podobn\u00e9. Pr\u00edznaky spojen\u00e9 s infekciou FPV m\u00f4\u017eu zah\u0155\u0148a\u0165 hor\u00fa\u010dku, letargiu, zvracanie alebo hna\u010dku, podobne ako pri FIP. Sp\u00f4sob prenosu sa v\u0161ak pri ka\u017edom v\u00edruse l\u00ed\u0161i. FPV sa m\u00f4\u017ee pren\u00e1\u0161a\u0165 len kontaktom s kontaminovan\u00fdmi v\u00fdkalmi, zatia\u013e \u010do infekcie spojen\u00e9 s FIP si zrejme vy\u017eaduj\u00fa priamy kontakt medzi ma\u010dkami alebo nepriamy prenos prostredn\u00edctvom podstielky alebo misiek s krmivom. <\/p>\n<h3><\/h3>\n<h3>Z\u00e1palov\u00e9 ochorenie \u010driev<\/h3>\n<p>Z\u00e1palov\u00e9 ochorenie \u010driev (IBD) a FIP s\u00fa z\u00e1va\u017en\u00e9 ochorenia ma\u010diek, ktor\u00e9 m\u00f4\u017eu ma\u0165 podobn\u00e9 pr\u00edznaky, ale l\u00ed\u0161ia sa z h\u013eadiska pr\u00ed\u010diny, diagnostiky a lie\u010dby. IBD je chronick\u00e9 ochorenie so z\u00e1palom tr\u00e1viaceho traktu sp\u00f4soben\u00e9 imunitn\u00fdm procesom. Sp\u00f4sobuje malabsorpciu, zvracanie, hna\u010dku a stratu hmotnosti v d\u00f4sledku po\u0161kodenia alebo podr\u00e1\u017edenia sliznice tenk\u00e9ho \u010dreva. Na druhej strane FIP je sp\u00f4soben\u00e1 infekciou ur\u010dit\u00fdmi kme\u0148mi ma\u010dacieho koronav\u00edrusu, ako je FeCV. FIP tie\u017e sp\u00f4sobuje tr\u00e1viace probl\u00e9my v oblasti \u010driev, a preto vyvol\u00e1va podobn\u00e9 pr\u00edznaky ako IBD.<\/p>\n<h3><\/h3>\n<h3>Rakovina<\/h3>\n<p>Rakovina u ma\u010diek je sp\u00f4soben\u00e1 nekontrolovan\u00fdm rastom abnorm\u00e1lnych buniek, na rozdiel od FIP, ktor\u00e1 je sp\u00f4soben\u00e1 mut\u00e1ciou ma\u010dacieho koronav\u00edrusu. Pr\u00edznaky rakoviny sa m\u00f4\u017eu l\u00ed\u0161i\u0165 od jedn\u00e9ho typu k druh\u00e9mu a m\u00f4\u017eu sp\u00f4sobova\u0165 vidite\u013en\u00e9 hr\u010dky, l\u00e9zie alebo v\u00fdtoky, zatia\u013e \u010do FIP postihuje viacero \u010dast\u00ed v d\u00f4sledku z\u00e1palu v celom tele, \u010do v niektor\u00fdch pr\u00edpadoch sp\u00f4sobuje anorexiu, hor\u00fa\u010dku, probl\u00e9my s d\u00fdchan\u00edm a hromadenie tekut\u00edn. <\/p>\n<h3><\/h3>\n<h3>Hemotrofn\u00e1 mykoplazm\u00f3za ma\u010diek<\/h3>\n<p>Hemotrofick\u00e1 mykoplazm\u00f3za ma\u010diek (FHM) a FIP s\u00fa dve ochorenia, ktor\u00e9 postihuj\u00fa ma\u010dky za podobn\u00fdch podmienok. Obe m\u00f4\u017eu sp\u00f4sobi\u0165 z\u00e1pal v tele, ktor\u00fd vedie k slabosti, strate hmotnosti, hor\u00fa\u010dke, \u017elta\u010dke, dehydrat\u00e1cii a celkovej mal\u00e1tnosti. FIP v\u0161ak sp\u00f4sobuje infekcia ma\u010dac\u00edm koronav\u00edrusom zn\u00e1mym ako FCoV, zatia\u013e \u010do FHM je d\u00f4sledkom infek\u010dnej bakt\u00e9rie zn\u00e1mej ako mykoplazma, ktor\u00e1 sa prirodzene vyskytuje v hrdle mnoh\u00fdch ma\u010diek. <\/p>\n<h3><\/h3>\n<h3>Lymf\u00f3m<\/h3>\n<p>Lymf\u00f3m a FIP s\u00fa dve ochorenia, ktor\u00e9 sa be\u017ene vyskytuj\u00fa u ma\u010diek a ktor\u00e9 sa m\u00f4\u017eu javi\u0165 ako ve\u013emi podobn\u00e9, preto\u017ee obe sp\u00f4sobuj\u00fa z\u00e1pal viacer\u00fdch \u010dast\u00ed tela. Lymf\u00f3m je typ rakoviny vych\u00e1dzaj\u00faci z lymfatick\u00e9ho syst\u00e9mu sp\u00f4soben\u00fd mal\u00edgnou mut\u00e1ciou, zatia\u013e \u010do FIP je imunologick\u00e9 ochorenie spojen\u00e9 s v\u00edrusom Corona, ktor\u00e9 vedie k netesnosti peritone\u00e1lnej membr\u00e1ny. Lie\u010dba sa v\u00fdrazne l\u00ed\u0161i v z\u00e1vislosti od toho, \u010di ide o lymf\u00f3m alebo FIP.<\/p>\n<h3><\/h3>\n<h3>Probl\u00e9my so srdcom<\/h3>\n<p>Pokia\u013e ide o ma\u010dky, zdravie srdca by sa nemalo ignorova\u0165, preto\u017ee tieto zvierat\u00e1 m\u00f4\u017eu trpie\u0165 viacer\u00fdmi kardiovaskul\u00e1rnymi probl\u00e9mami. Ke\u010f\u017ee FIP zvy\u010dajne sp\u00f4sobuje syst\u00e9mov\u00fd z\u00e1pal v tele, m\u00f4\u017ee nepriamo ovplyvni\u0165 srdce podobne ako in\u00e9 srdcov\u00e9 ochorenia, napr\u00edklad hypertrofick\u00e1 kardiomyopatia alebo kongest\u00edvne zlyhanie srdca. Je d\u00f4le\u017eit\u00e9 si uvedomi\u0165, \u017ee hoci obe ochorenia maj\u00fa niektor\u00e9 spolo\u010dn\u00e9 pr\u00edznaky &#8211; vr\u00e1tane straty chuti do jedla, \u00fabytku hmotnosti a hor\u00fa\u010dky &#8211; ich fungovanie je nato\u013eko odli\u0161n\u00e9, \u017ee si vy\u017eaduj\u00fa r\u00f4zne diagnostick\u00e9 testy, aby sa zabezpe\u010dila kone\u010dn\u00e1 diagn\u00f3za jedn\u00e9ho z t\u00fdchto ochoren\u00ed. Pri rie\u0161en\u00ed potenci\u00e1lneho probl\u00e9mu so srdcom m\u00f4\u017ee by\u0165 potrebn\u00fdch aj nieko\u013eko \u010fal\u0161\u00edch vy\u0161etren\u00ed vr\u00e1tane r\u00f6ntgenografie a elektrokardiogramu. <\/p>\n<h3><\/h3>\n<h3>Z\u00e1pal pe\u010dene<\/h3>\n<p>Z\u00e1pal pe\u010dene je prirodzen\u00fd obrann\u00fd mechanizmus tela proti chorob\u00e1m a v\u00edrusom, ktor\u00e9 m\u00f4\u017eu vies\u0165 k dlhodob\u00fdm komplik\u00e1ci\u00e1m. Je d\u00f4le\u017eit\u00e9, aby majitelia ma\u010diek vedeli o z\u00e1pale pe\u010dene v porovnan\u00ed s FIP, preto\u017ee sa \u010dasto prejavuj\u00fa podobn\u00fdmi pr\u00edznakmi vr\u00e1tane zlej chuti do jedla, letargie, \u017elta\u010dky a zn\u00ed\u017eenej hladiny energie. FIP m\u00e1 tie\u017e za n\u00e1sledok z\u00e1pal pe\u010dene, ako aj sp\u00f4sobuje probl\u00e9my s pe\u010de\u0148ou. Je pr\u00edli\u0161 jednoduch\u00e9 myslie\u0165 si, \u017ee ide len o probl\u00e9m pe\u010dene, hoci to tak nie je.<\/p>\n<h3><\/h3>\n<h3>Bakteri\u00e1lna peritonit\u00edda<\/h3>\n<p>Podobne ako FIP, aj bakteri\u00e1lna peritonit\u00edda je z\u00e1va\u017en\u00fd a potenci\u00e1lne \u017eivot ohrozuj\u00faci stav ma\u010diek. Ide o z\u00e1pal sliznice brucha sp\u00f4soben\u00fd bakt\u00e9riami, ktor\u00e9ho pr\u00edznaky m\u00f4\u017eu by\u0165 ve\u013emi podobn\u00e9 FIP v z\u00e1vislosti od toho, ako \u010faleko choroba pokro\u010dila. Bakteri\u00e1lnu peritonit\u00eddu naj\u010dastej\u0161ie sp\u00f4sobuj\u00fa \u010drevn\u00e9 bakt\u00e9rie, ako napr\u00edklad E. coli alebo salmonela, ktor\u00e9 sa dostan\u00fa do \u010driev alebo krvn\u00e9ho obehu v d\u00f4sledku rakoviny, ochorenia pe\u010dene, po\u0161kodenia ochrann\u00fdch vrstiev v tele, ako napr\u00edklad pri \u00farazoch (napr. pri autonehod\u00e1ch), parazitov, di\u00e9tnych probl\u00e9mov, ako s\u00fa potravinov\u00e9 alergie alebo nezn\u00e1\u0161anlivos\u0165, a in\u00fdch infekci\u00ed v\u00edrusmi (vr\u00e1tane v\u00edrusu imunitnej nedostato\u010dnosti ma\u010diek), ktor\u00e9 m\u00f4\u017eu ma\u0165 predt\u00fdm oslaben\u00fd imunitn\u00fd syst\u00e9m ma\u010diek. <\/p>\n<h3><\/h3>\n<h3>Bakteri\u00e1lna pleurit\u00edda<\/h3>\n<p>Bakteri\u00e1lna pleurit\u00edda je infekcia pohrudnice, \u010do je tenk\u00e1 vrstva tkaniva, ktor\u00e1 tvor\u00ed vak okolo ka\u017edej p\u013e\u00facnice. M\u00f4\u017ee ma\u0165 podobn\u00e9 pr\u00edznaky ako FIP. Obe ochorenia sp\u00f4sobuj\u00fa ka\u0161e\u013e, \u0165a\u017ekosti s d\u00fdchan\u00edm alebo dokonca kolaps, ak sa nelie\u010dia. Av\u0161ak zatia\u013e \u010do FIP vedie spravidla k z\u00e1palu viacer\u00fdch org\u00e1nov s\u00fa\u010dasne, bakteri\u00e1lna pleurit\u00edda sa zameriava konkr\u00e9tne na doln\u00e9 d\u00fdchacie cesty a m\u00f4\u017ee by\u0165 celkovo ve\u013emi lokalizovan\u00e1, hoci si vy\u017eaduje r\u00fdchlu lie\u010dbu vzh\u013eadom na jej agres\u00edvny charakter. Diagnostika tejto infekcie zvy\u010dajne zah\u0155\u0148a odber vzorky tekutiny bu\u010f z miesta, kde sa p\u013e\u00faca stret\u00e1vaj\u00fa s telesn\u00fdmi dutinami, alebo vy\u0161etrenie vzoriek tkaniva odobrat\u00fdch po\u010das oper\u00e1cie. Lie\u010dba bakteri\u00e1lnej pleurit\u00eddy \u010dasto pozost\u00e1va z antibiot\u00edk pod\u00e1van\u00fdch intraven\u00f3zne, ak je to mo\u017en\u00e9, ako aj z doplnkovej kysl\u00edkovej terapie a inej podpornej lie\u010dby v z\u00e1vislosti od z\u00e1va\u017enosti ochorenia pacienta.  <\/p>\n<h3><\/h3>\n<h3>Kryptokok\u00f3za<\/h3>\n<p>Kryptokok\u00f3za alebo kryptokokov\u00e9 ochorenie je hubov\u00e1 infekcia sp\u00f4soben\u00e1 druhom huby Cryptococcus neoformans, ktor\u00e1 sa nach\u00e1dza v p\u00f4de a vt\u00e1\u010dom truse. Pr\u00edznaky oboch ochoren\u00ed s\u00fa dos\u0165 podobn\u00e9, vr\u00e1tane straty hmotnosti, hor\u00fa\u010dky, anorexie a letargie. Pri kryptokok\u00f3ze sa m\u00f4\u017eu objavi\u0165 aj pr\u00edznaky neurologick\u00fdch probl\u00e9mov, ako je z\u00e1klon hlavy a ataxia.<\/p>\n","protected":false},"excerpt":{"rendered":"<p>FIP m\u00e1 ve\u013emi podobn\u00e9 pr\u00edznaky s mnoh\u00fdmi chorobami Diagnostika ma\u010dacej infek\u010dnej peritonit\u00eddy (FIP) m\u00f4\u017ee by\u0165 ve\u013emi n\u00e1ro\u010dn\u00e1, preto\u017ee mnoh\u00e9 jej pr\u00edznaky s\u00fa spolo\u010dn\u00e9 s ochoreniami podobn\u00fdmi FIP, ktor\u00e9 by sa mohli mylne pova\u017eova\u0165 za ma\u010dacie infek\u010dn\u00e9 peritonit\u00eddy. Patr\u00ed sem strata hmotnosti, slabos\u0165, letargia, hor\u00fa\u010dka, anorexia a o\u010dn\u00e9 l\u00e9zie. Vzh\u013eadom na to, \u017ee tieto ochorenia maj\u00fa [&hellip;]<\/p>\n","protected":false},"author":1,"featured_media":28450,"parent":0,"menu_order":0,"comment_status":"closed","ping_status":"closed","template":"","meta":{"_glsr_average":0,"_glsr_ranking":0,"_glsr_reviews":0,"footnotes":""},"categories":[1175],"tags":[],"_links":{"self":[{"href":"https:\/\/fipmed.co\/sk\/wp-json\/wp\/v2\/pages\/28449"}],"collection":[{"href":"https:\/\/fipmed.co\/sk\/wp-json\/wp\/v2\/pages"}],"about":[{"href":"https:\/\/fipmed.co\/sk\/wp-json\/wp\/v2\/types\/page"}],"author":[{"embeddable":true,"href":"https:\/\/fipmed.co\/sk\/wp-json\/wp\/v2\/users\/1"}],"replies":[{"embeddable":true,"href":"https:\/\/fipmed.co\/sk\/wp-json\/wp\/v2\/comments?post=28449"}],"version-history":[{"count":0,"href":"https:\/\/fipmed.co\/sk\/wp-json\/wp\/v2\/pages\/28449\/revisions"}],"wp:featuredmedia":[{"embeddable":true,"href":"https:\/\/fipmed.co\/sk\/wp-json\/wp\/v2\/media\/28450"}],"wp:attachment":[{"href":"https:\/\/fipmed.co\/sk\/wp-json\/wp\/v2\/media?parent=28449"}],"wp:term":[{"taxonomy":"category","embeddable":true,"href":"https:\/\/fipmed.co\/sk\/wp-json\/wp\/v2\/categories?post=28449"},{"taxonomy":"post_tag","embeddable":true,"href":"https:\/\/fipmed.co\/sk\/wp-json\/wp\/v2\/tags?post=28449"}],"curies":[{"name":"wp","href":"https:\/\/api.w.org\/{rel}","templated":true}]}}