{"id":28471,"date":"2022-12-02T08:18:10","date_gmt":"2022-12-02T08:18:10","guid":{"rendered":"https:\/\/fipmed.co\/b12-vitamins-for-cats-with-fip-are-important-for-recovery\/"},"modified":"2022-12-02T08:18:10","modified_gmt":"2022-12-02T08:18:10","slug":"b12-vitamins-for-cats-with-fip-are-important-for-recovery","status":"publish","type":"page","link":"https:\/\/fipmed.co\/sk\/b12-vitamins-for-cats-with-fip-are-important-for-recovery\/","title":{"rendered":"Vitam\u00edny B12 pre ma\u010dky s FIP s\u00fa d\u00f4le\u017eit\u00e9 pre zotavenie"},"content":{"rendered":"<p>Pri starostlivosti o ma\u010dku postihnut\u00fa ma\u010dacou infek\u010dnou peritonit\u00eddou (FIP) je ve\u013emi d\u00f4le\u017eit\u00fdm faktorom spr\u00e1vna starostlivos\u0165 o jej zdravie. To sa roz\u0161iruje o vitam\u00edny pre ma\u010dky a d\u00f4le\u017eit\u00fdm vitam\u00ednom, ktor\u00fd maj\u00fa aj ma\u010dky, je vitam\u00edn B12. V tomto \u010dl\u00e1nku si vysvetl\u00edme v\u00fdznam vitam\u00ednu B12 pre ma\u010dky.  <\/p>\n<h2><strong>\u010co je B12?<\/strong><\/h2>\n<p>Kobalam\u00edn je in\u00fd v\u00fdraz pre vitam\u00edn B12, \u010do je s\u00fahrnn\u00fd n\u00e1zov pre skupinu l\u00e1tok s \u00fa\u010dinkom vitam\u00ednu B12. Tieto l\u00e1tky sa vyzna\u010duj\u00fa 4,5-percentnou koncentr\u00e1ciou kobaltu, \u010do im dalo n\u00e1zov &#8222;kobalam\u00edn&#8220; (kobalt + vitam\u00edn). <\/p>\n<h2><strong>Odkia\u013e poch\u00e1dza?<\/strong><\/h2>\n<p>Zdrojom B12 s\u00fa potraviny \u017eivo\u010d\u00ed\u0161neho p\u00f4vodu, ako napr\u00edklad m\u00e4so, ryby, vajcia a pe\u010de\u0148. <a href=\"\/?page_id=893\">Ma\u010dka s FIP<\/a> v\u0161ak <a href=\"\/?page_id=893\">pravdepodobne potrebuje doplnky<\/a>. <\/p>\n<h2><strong>\u010co rob\u00ed B12?<\/strong><\/h2>\n<p>B12 sl\u00fa\u017ei na viacero \u00fa\u010delov, ktor\u00e9 s\u00fa k\u013e\u00fa\u010dov\u00e9 pre siln\u00fd imunitn\u00fd syst\u00e9m:<\/p>\n<ul>\n<li>B12 podporuje tvorbu \u010derven\u00fdch krviniek (v\u00fdvoj a udr\u017eiavanie \u010derven\u00fdch krviniek).<br \/>\nAby sa zastavila an\u00e9mia, mus\u00ed by\u0165 hladina B12 primeran\u00e1. <\/li>\n<li>B12 zachov\u00e1va zdravie nervov\u00e9ho syst\u00e9mu (nervov\u00e9 bunky a norm\u00e1lnu myeliniz\u00e1ciu &#8211; tukov\u00e9 obaly, ktor\u00e9 pokr\u00fdvaj\u00fa a chr\u00e1nia nervov\u00e9 zakon\u010denia).<br \/>\nPre nervov\u00e9 a kognit\u00edvne procesy m\u00e1 z\u00e1sadn\u00fd v\u00fdznam. <\/li>\n<li>B12 udr\u017eiava zdravie \u010driev, aby sa zabezpe\u010dilo primeran\u00e9 tr\u00e1venie a vstreb\u00e1vanie potravy, ako aj metabolizmus tukov a sacharidov.<br \/>\n\u010crev\u00e1 potrebuj\u00fa B12, aby fungovali \u010do najlep\u0161ie, ale ak s\u00fa po\u0161koden\u00e9 alebo chor\u00e9, nem\u00f4\u017eu ho vstreb\u00e1va\u0165 (z potravy), tak\u017ee vznik\u00e1 tak trochu probl\u00e9m 22. <\/li>\n<\/ul>\n<h2><strong>Ak\u00e9 s\u00fa pr\u00edznaky nedostatku B12?<\/strong><\/h2>\n<p>Klinick\u00e9 pr\u00edznaky nedostatku B12 zah\u0155\u0148aj\u00fa hna\u010dku, bru\u0161n\u00e9 \u0165a\u017ekosti, nevo\u013enos\u0165, vracanie, stratu chuti do jedla, malabsorp\u010dn\u00fd syndr\u00f3m, z\u00e1pchu, plynatos\u0165, \u00fabytok hmotnosti, vy\u010derpanos\u0165 a letargiu. Niektor\u00e9 z uveden\u00fdch pr\u00edznakov s\u00fa pomerne \u010dast\u00e9 ved\u013eaj\u0161ie \u00fa\u010dinky FIP a s\u00fa ve\u013emi dobre zn\u00e1me. Zdravie va\u0161ej ma\u010dky sa m\u00f4\u017ee zlep\u0161i\u0165, ak bude konzumova\u0165 dostatok B12. Okrem toho sa s nedostatkom B12 sp\u00e1jaj\u00fa kognit\u00edvne poruchy a slabos\u0165 kon\u010dat\u00edn. Aj v pr\u00edpade, \u017ee FIP postihuje neurologick\u00fd syst\u00e9m, zvy\u010dajne sa vyskytuj\u00fa podobn\u00e9 pr\u00edznaky.  <\/p>\n<ol>\n<li><strong>Kolobeh vy\u010derpania.<\/strong><\/li>\n<\/ol>\n<p>Gastrointestin\u00e1lny trakt je jedn\u00fdm z mnoh\u00fdch procesov v tele, ktor\u00e9 s\u00fa postihnut\u00e9 z\u00e1palov\u00fdm ochoren\u00edm FIP. \u010casto s\u00fa postihnut\u00e9 pankreas, slezina a pe\u010de\u0148. Z\u00e1soby B12 v pe\u010deni sa r\u00fdchlo vy\u010derpaj\u00fa, ak je naru\u0161en\u00fd imunitn\u00fd syst\u00e9m. V\u00fdsledkom nedostatku B12 v pe\u010deni je cyklus zhor\u0161uj\u00faceho sa nedostatku B12, ktor\u00fd sp\u00f4sobuje aj zmen\u0161ovanie \u010drevn\u00fdch buniek a stratu \u017eiv\u00edn (vr\u00e1tane samotn\u00e9ho B12). Toto je dilema, ktorej sme sa dotkli v predch\u00e1dzaj\u00facom diele.    <\/p>\n<ol start=\"2\">\n<li><strong>Hroziace riziko an\u00e9mie.<\/strong><\/li>\n<\/ol>\n<p>Tvorba krvn\u00fdch do\u0161ti\u010diek va\u0161ej ma\u010dky je obmedzen\u00e1, \u010do sp\u00f4sobuje an\u00e9miu. Nedostatok B12 brzd\u00ed a zni\u017euje schopnos\u0165 organizmu tvori\u0165 krv a zvy\u0161uje apopt\u00f3zu krvn\u00fdch buniek. In\u00fdmi slovami, ke\u010f hladina B12 klesne, va\u0161a ma\u010dka sa stane chudokrvnou. Schopnos\u0165 va\u0161ej ma\u010dky odol\u00e1va\u0165 chorobe (alebo \u010domuko\u013evek in\u00e9mu) sa v\u00fdrazne zn\u00ed\u017ei, ke\u010f dostane an\u00e9miu.   <\/p>\n<ol start=\"3\">\n<li><strong>\u010eal\u0161ie oslabenie imunitnej odolnosti vo\u010di FIP.<\/strong><\/li>\n<\/ol>\n<p>Je ve\u013emi d\u00f4le\u017eit\u00e9 zd\u00f4razni\u0165, \u017ee n\u00edzka hladina vitam\u00ednu B12 zvy\u0161uje n\u00e1chylnos\u0165 na infekcie a ochorenia a je ve\u013emi \u0161kodliv\u00e1 pre nervov\u00fd syst\u00e9m, \u010do m\u00f4\u017ee vies\u0165 k neurologick\u00fdm probl\u00e9mom a v\u00e1\u017enemu a mo\u017eno nezvratn\u00e9mu po\u0161kodeniu nervov. V skuto\u010dnosti je nedostatok kobalam\u00ednu \u010dastou pr\u00ed\u010dinou metabolickej encefalopatie, jedn\u00e9ho z viacer\u00fdch typov encefalopatie spojenej s prim\u00e1rnym ochoren\u00edm (napr. FIP), ktor\u00e9 nar\u00fa\u0161a procesy hematoencefalickej bari\u00e9ry a norm\u00e1lnu funkciu mozgu. Letargia, sm\u00fatok, ataxia, anorexia a pr\u00edle\u017eitostn\u00e9 zvracanie s\u00fa niektor\u00e9 z nejasn\u00fdch klinick\u00fdch pr\u00edznakov, ktor\u00e9 m\u00f4\u017eu v z\u00e1va\u017en\u00fdch situ\u00e1ci\u00e1ch sp\u00f4sobi\u0165 neurologick\u00e9 ochorenie a slepotu ma\u010diek. Je v\u0161eobecne zn\u00e1me, \u017ee ma\u010dky s FIP maj\u00fa \u010dasto an\u00e9miu alebo s\u00fa na pokraji an\u00e9mie a niektor\u00e9 vykazuj\u00fa neurologick\u00e9 pr\u00edznaky ochorenia. \u010eal\u0161ou zlo\u017ekou &#8222;catch-22 blowback&#8220; je, \u017ee va\u0161a ma\u010dka m\u00f4\u017ee by\u0165 v d\u00f4sledku FIP menej schopn\u00e1 uklada\u0165 dostato\u010dn\u00e9 mno\u017estvo B12, \u010do by mohlo zhor\u0161i\u0165 pr\u00edznaky ochorenia. Pokia\u013e tento cyklus nezastav\u00edte a neprid\u00e1te kritick\u00e9 vitam\u00edny, neexistuje sp\u00f4sob, ako vyhra\u0165.  <\/p>\n<h2><strong>Sp\u00f4soby umel\u00e9ho z\u00edskavania B12 pre ma\u010dku<\/strong><\/h2>\n<p><strong>injekcie B12.<\/strong><\/p>\n<p>Vo v\u00e4\u010d\u0161ine kraj\u00edn je kobalam\u00edn \u013eahko dostupn\u00fd bez lek\u00e1rskeho predpisu. Pre ma\u010dky s telesnou hmotnos\u0165ou do 5 kg sa odpor\u00fa\u010da podko\u017en\u00e1 injekcia 250 g kobalam\u00ednu. Ma\u010dk\u00e1m s FIP odpor\u00fa\u010dame pod\u00e1va\u0165 injekcie ka\u017ed\u00fd t\u00fd\u017ede\u0148, k\u00fdm sa an\u00e9mia nevyrie\u0161i a hodnoty krvn\u00fdch do\u0161ti\u010diek sa nestabilizuj\u00fa. Okrem toho je mo\u017en\u00e9 pod\u00e1va\u0165 B12 prostredn\u00edctvom podko\u017enej tekutiny. Pre va\u0161u ma\u010dku m\u00f4\u017ee by\u0165 tento postup pohodlnej\u0161\u00ed, preto\u017ee injekcie B12 bolia!    <\/p>\n<p><strong>B12 peror\u00e1lne doplnky stravy.<\/strong><\/p>\n<p>Metylkobalam\u00edn by sa mal u\u017e\u00edva\u0165, preto\u017ee v\u00fdrazne zlep\u0161uje v\u00fdkonnos\u0165 pe\u010dene. Ma\u010dky m\u00f4\u017eu u\u017e\u00edva\u0165 doplnky B12, ktor\u00e9 s\u00fa ur\u010den\u00e9 pre \u013eud\u00ed. 500 mcg (0,5 mg) denne by bola vynikaj\u00faca po\u010diato\u010dn\u00e1 d\u00e1vka, av\u0161ak m\u00f4\u017eete pod\u00e1va\u0165 a\u017e dvojn\u00e1sobn\u00e9 mno\u017estvo. Hoci sa m\u00f4\u017ee zda\u0165 vysok\u00e9, v skuto\u010dnosti sa vstreb\u00e1va len mal\u00e1 \u010das\u0165. Prem\u00fd\u0161\u013eajte o u\u017e\u00edvan\u00ed multivitam\u00ednov\u00e9ho doplnku ur\u010den\u00e9ho pre ma\u010dky, ktor\u00fd obsahuje aj \u017eelezo (na an\u00e9miu).    <\/p>\n<p><strong>V\u00fd\u017eiva.<\/strong><\/p>\n<p>Nepodce\u0148ujte prirodzen\u00e9 zdroje B12; ak m\u00f4\u017eete, pod\u00e1vajte svojej ma\u010dke ka\u017ed\u00fd de\u0148 pribli\u017ene ly\u017eicu \u010derstv\u00e9ho m\u00e4sa, pe\u010dene alebo r\u00fdb. Tieto pochutiny m\u00f4\u017eu va\u0161ej ma\u010dke dokonca chuti\u0165 a aj mal\u00e9 mno\u017estvo sa hod\u00ed. <\/p>\n<h2><strong>V\u00fdhody B12: vitam\u00edny pre ma\u010dky<\/strong><\/h2>\n<p>B12 pom\u00e1ha pri tvorbe \u010derven\u00fdch krviniek (v\u00fdvoj a udr\u017eiavanie \u010derven\u00fdch krviniek). Aby sa zastavila an\u00e9mia, mus\u00ed by\u0165 hladina B12 primeran\u00e1. B12 zachov\u00e1va zdravie neurologick\u00e9ho syst\u00e9mu (nervov\u00e9 bunky a norm\u00e1lnu myeliniz\u00e1ciu &#8211; tukov\u00e9 obaly, ktor\u00e9 pokr\u00fdvaj\u00fa a chr\u00e1nia nervov\u00e9 zakon\u010denia). Pre nervov\u00e9 a kognit\u00edvne procesy je k\u013e\u00fa\u010dov\u00fd. B12 podporuje zdravie \u010driev pre lep\u0161ie tr\u00e1venie a vstreb\u00e1vanie potravy, ako aj metabolizmus tukov a sacharidov.<\/p>\n<h2><strong>10 pr\u00edznakov nedostatku B12<\/strong><\/h2>\n<ol>\n<li>Nevo\u013enos\u0165<\/li>\n<li>Zvracanie<\/li>\n<li>Nedostatok chuti do jedla<\/li>\n<li>Probl\u00e9my s absorpciou potrav\u00edn<\/li>\n<li>Z\u00e1pcha<\/li>\n<li>Plyn<\/li>\n<li>\u00dabytok hmotnosti<\/li>\n<li>\u00danava\/ letargia<\/li>\n<li>Boles\u0165 \u017eal\u00fadka<\/li>\n<li>Hna\u010dka<\/li>\n<\/ol>\n<h2><strong>D\u00e1vkovanie vitam\u00ednov pre ma\u010dky B12 po\u010das lie\u010dby FIP<\/strong><\/h2>\n<p>Ka\u017ed\u00fd t\u00fd\u017ede\u0148 a\u017e 250-500 mikrogramov (mcg) pre dospel\u00e9 ma\u010dky, ktor\u00e9 nie s\u00fa anemick\u00e9. Spr\u00e1vne d\u00e1vkovanie pre ma\u010diatka konzultujte so svoj\u00edm veterin\u00e1rnym lek\u00e1rom. M\u00f4\u017ee by\u0165 potrebn\u00e9 pod\u00e1va\u0165 ma\u010dk\u00e1m s \u0165a\u017ekou an\u00e9miou a\u017e 1000 mcg ka\u017ed\u00fd t\u00fd\u017ede\u0148. GS-441524 so samotn\u00fdm vitam\u00ednom B12 nemus\u00ed by\u0165 v pr\u00edpadoch \u0165a\u017ekej an\u00e9mie dostato\u010dn\u00fd. M\u00f4\u017ee by\u0165 nevyhnutn\u00e9 pod\u00e1va\u0165 \u010fal\u0161ie t\u00fd\u017edenn\u00e9 injekcie B12. Pora\u010fte sa so svoj\u00edm veterin\u00e1rnym lek\u00e1rom.<\/p>\n<h2><strong>V\u00fdpo\u010det d\u00e1vky pri pou\u017eit\u00ed GS-441524 + B12<\/strong><\/h2>\n<p>S vitam\u00ednom B12 alebo bez neho je d\u00e1vkovanie lieku GS-441524 rovnak\u00e9.<\/p>\n<p><strong>Pr\u00edklad: 3 kg ma\u010dka, u ktorej bola diagnostikovan\u00e1 <a href=\"\/?page_id=897\">WET forma<\/a> FIP.  <\/strong><\/p>\n<p>D\u00e1vka pre FIP v mokrej forme je 6 mg\/kg. Denn\u00e1 injekcia 0,9 ml GS-441524 sa rovn\u00e1 3 kg x 6 mg\/kg 20 mg\/ml. Odpor\u00fa\u010dan\u00e1 denn\u00e1 d\u00e1vka vitam\u00ednu B12 je 45 mcg (0,9 ml x 50 mcg\/ml). T\u00e1to ma\u010dka dostane ka\u017ed\u00fd t\u00fd\u017ede\u0148 315 mcg vitam\u00ednu B12.   <\/p>\n<h2><strong>Pre\u010do ma\u010dky s FIP potrebuj\u00fa vitam\u00edn B12  <\/strong><\/h2>\n<p><strong>Vysok\u00e9 riziko an\u00e9mie.<\/strong><\/p>\n<p>Po\u010das ochorenia na FIP sa u ma\u010diek \u010dasto vyskytuje an\u00e9mia. Nedostatok B12 ur\u00fdch\u013euje odb\u00faravanie krvn\u00fdch buniek a obmedzuje prirodzen\u00fa schopnos\u0165 organizmu vytv\u00e1ra\u0165 nov\u00fa krv. Ma\u010dky, ktor\u00e9 maj\u00fa n\u00edzku hladinu B12, trpia an\u00e9miou. Schopnos\u0165 ma\u010diek odol\u00e1va\u0165 v\u00edrusu FIP a in\u00fdm infekci\u00e1m sa po an\u00e9mii v\u00fdrazne zn\u00ed\u017ei.   <\/p>\n<p><strong>Oslaben\u00fd imunitn\u00fd syst\u00e9m.<\/strong><\/p>\n<p>Nedostato\u010dn\u00e1 hladina B12 zvy\u0161uje zranite\u013enos\u0165 organizmu vo\u010di infekci\u00e1m a chorob\u00e1m a \u0161kod\u00ed najm\u00e4 nervov\u00e9mu syst\u00e9mu ma\u010diek. To sp\u00f4sobuje, \u017ee neurologick\u00e9 pr\u00edznaky sa prejavuj\u00fa r\u00fdchlej\u0161ie a m\u00f4\u017eu vies\u0165 k v\u00e1\u017enemu alebo nenapravite\u013en\u00e9mu po\u0161kodeniu nervov. Prim\u00e1rne ochorenie (ako napr\u00edklad FIP), ktor\u00e9 nar\u00fa\u0161a norm\u00e1lne fungovanie mozgu a syst\u00e9mov hematoencefalickej bari\u00e9ry, je be\u017enou pr\u00ed\u010dinou encefalopatie, ktor\u00e1 zah\u0155\u0148a metabolick\u00fa encefalopatiu, jeden z viacer\u00fdch typov encefalopatie. Nedostatok B12 je hlavnou pr\u00ed\u010dinou tejto encefalopatie. Letargia, sm\u00fatok, ataxia, anorexia a pr\u00edle\u017eitostn\u00e9 zvracanie s\u00fa niektor\u00e9 z nejasn\u00fdch klinick\u00fdch pr\u00edznakov, ktor\u00e9 m\u00f4\u017eu v z\u00e1va\u017en\u00fdch situ\u00e1ci\u00e1ch sp\u00f4sobi\u0165 neurologick\u00e9 ochorenie a slepotu ma\u010diek. Je dobre zdokumentovan\u00e9, \u017ee ma\u010dky infikovan\u00e9 FIPV \u010dasto vykazuj\u00fa an\u00e9miu alebo pr\u00edznaky podobn\u00e9 an\u00e9mii. U mnoh\u00fdch sa vyskytuj\u00fa neurologick\u00e9 pr\u00edznaky. Ide o pr\u00edklad klasickej negat\u00edvnej sp\u00e4tnej v\u00e4zby: Infekcia FIP sa rozv\u00edja r\u00fdchlej\u0161ie, ke\u010f je hladina B12 nedostato\u010dn\u00e1. FIP s\u0165a\u017euje ma\u010dk\u00e1m udr\u017eiavanie dostato\u010dn\u00e9ho mno\u017estva B12 v tele.    <\/p>\n<p><strong>R\u00fdchle vy\u010derpanie \u017eiv\u00edn<\/strong><\/p>\n<p>Ke\u010f\u017ee FIP je z\u00e1palov\u00e9 ochorenie, m\u00f4\u017ee pri jeho diagnostikovan\u00ed u ma\u010dky d\u00f4js\u0165 k po\u0161kodeniu pe\u010dene, gastrointestin\u00e1lneho traktu, pankreasu a sleziny. Pe\u010de\u0148 pri po\u0161koden\u00ed imunitn\u00e9ho syst\u00e9mu r\u00fdchlo spotrebuje uskladnen\u00fd B12. Ke\u010f je hladina B12 v pe\u010deni n\u00edzka, \u010drevn\u00e9 bunky sa zmen\u0161uj\u00fa a telo m\u00e1 probl\u00e9my s absorbovan\u00edm v\u00fd\u017eivy. T\u00fdm sa spust\u00ed slu\u010dka, ktor\u00e1 nedostatok B12 e\u0161te zhor\u0161\u00ed.   <\/p>\n<h2><strong>\u010cASTO KLADEN\u00c9 OT\u00c1ZKY<\/strong><\/h2>\n<p><strong>Ako m\u00f4\u017ee B12 zlep\u0161i\u0165 celkov\u00fa pohodu mojej ma\u010dky?<\/strong><\/p>\n<p>Na pos\u00fadenie zdravotn\u00e9ho stavu va\u0161ej ma\u010dky sa m\u00f4\u017eu pou\u017ei\u0165 hematologick\u00e9, chemick\u00e9 a\/alebo krvn\u00e9 testy. Mali by ste v\u0161ak pozorova\u0165 \u00fapravy v be\u017enom spr\u00e1van\u00ed va\u0161ej ma\u010dky, ako napr\u00edklad viac energie, menej letargick\u00fdch sklonov a zlep\u0161enie hladu. Je ve\u013emi d\u00f4le\u017eit\u00e9 ma\u0165 na pam\u00e4ti, \u017ee ma\u010dky nedok\u00e1\u017eu pochopi\u0165 svoju chorobu ani jej pr\u00ed\u010diny. Jedin\u00e9, \u010do si uvedomuj\u00fa, je zov\u0161eobecnen\u00fd pocit, \u017ee s\u00fa chor\u00e9. Ich lie\u010debn\u00e9mu re\u017eimu m\u00f4\u017ee prospie\u0165 pou\u017e\u00edvanie B12 s cie\u013eom zn\u00ed\u017ei\u0165 ich utrpenie a zlep\u0161i\u0165 kvalitu \u017eivota.    <\/p>\n<p><strong>M\u00f4\u017ee B12 pom\u00f4c\u0165 pri lie\u010dbe FIP?<\/strong><\/p>\n<p>Nie, nie je. B12 NIE je <a href=\"https:\/\/fipmed.co\/\">liek na FIP<\/a>. Pom\u00e1ha v\u0161ak imunitn\u00e9mu syst\u00e9mu va\u0161ej ma\u010dky plni\u0165 d\u00f4le\u017eit\u00e9 \u00falohy. Ak chcete da\u0165 svojej ma\u010dke \u0161ancu bojova\u0165 s v\u00edrusom, potrebujete v\u0161etku pomoc, ktor\u00fa m\u00f4\u017eete dosta\u0165. Ak neprijmete v\u0161etky prevent\u00edvne opatrenia na zv\u00fd\u0161enie \u0161ance na \u00faspech, nem\u00f4\u017eete o\u010dak\u00e1va\u0165, \u017ee dosiahnete svoje ciele pomocou prim\u00e1rnej lie\u010dby. Na z\u00e1ver mo\u017eno poveda\u0165, \u017ee zvl\u00e1dnutie FIP zah\u0155\u0148a viac ne\u017e len poskytnutie prim\u00e1rnej lie\u010dby, ako je PI, FOI at\u010f. Ako opatrovate\u013e ma\u010dky ste zodpovedn\u00fd za udr\u017eiavanie a zlep\u0161ovanie imunitn\u00e9ho syst\u00e9mu, aby ste va\u0161ej ma\u010dke poskytli \u010do najv\u00e4\u010d\u0161iu \u0161ancu na pre\u017eitie. Vzh\u013eadom na rozsah a z\u00e1va\u017enos\u0165 FIP to nie je \u013eahk\u00e1 \u00faloha. V\u0161etko, \u010do my majitelia m\u00f4\u017eeme urobi\u0165, je pou\u017ei\u0165 v\u0161etky zbrane, ktor\u00e9 m\u00e1me k dispoz\u00edcii, aby sme bojovali \u010do najdlh\u0161ie a najtvrd\u0161ie. V tomto konflikte sa po\u010d\u00edta ka\u017ed\u00e1 v\u00fdhoda a B12 je rozhoduj\u00facou zbra\u0148ou. Nikdy neviete, ak\u00fd zdanlivo bezv\u00fdznamn\u00fd, ale v kone\u010dnom d\u00f4sledku d\u00f4le\u017eit\u00fd postup m\u00f4\u017ee nakoniec prinies\u0165 podstatn\u00fd rozdiel. Dajte svojej ma\u010dke \u0161ancu na \u00faspech.     <\/p>\n<p><strong>Pre\u010do m\u00f4\u017ee ma\u010diatko potrebova\u0165 injekciu B12?<\/strong><\/p>\n<p>Vitam\u00edn B12 prij\u00edmaj\u00fa ma\u010dky prirodzene prostredn\u00edctvom potravy. Bohu\u017eia\u013e, mnoh\u00e9 ma\u010diatka maj\u00fa probl\u00e9my so spr\u00e1vnym vstreb\u00e1van\u00edm \u017eiv\u00edn v \u010drev\u00e1ch a m\u00f4\u017eu ma\u0165 r\u00fdchlo nedostatok B12. Z tohto d\u00f4vodu nemusia ma\u010diatkam prospieva\u0165 or\u00e1lne doplnky; namiesto toho bude spo\u013eahlivej\u0161\u00edm sp\u00f4sobom, ako to zaru\u010di\u0165, injek\u010dn\u00fd vitam\u00edn. Injekcia vitam\u00ednu B12 m\u00f4\u017ee by\u0165 prospe\u0161n\u00e1 pre ma\u010diatka s ni\u017e\u0161ie uveden\u00fdmi stavmi ako s\u00fa\u010das\u0165 re\u017eimu podpornej starostlivosti:  <\/p>\n<ul>\n<li>Bru\u0161n\u00e9 \u0165a\u017ekosti<\/li>\n<li>Malabsorpcia<\/li>\n<li>Inappetance<\/li>\n<li>Hna\u010dka<\/li>\n<li>Z\u00e1pcha<\/li>\n<li>Letargick\u00fd stav<\/li>\n<li>\u00dabytok hmotnosti<\/li>\n<li>Zvracanie<\/li>\n<li>An\u00e9mia<\/li>\n<li>FIP<\/li>\n<li>Panleukop\u00e9nia<\/li>\n<\/ul>\n<p>B12 s\u00edce s\u00e1m o sebe tieto probl\u00e9my nevyrie\u0161i, ale m\u00f4\u017ee pom\u00f4c\u0165 udr\u017ea\u0165 imunitn\u00fd a tr\u00e1viaci syst\u00e9m ma\u010diatka po\u010das lie\u010dby a zotavovania.<\/p>\n<p><strong>Potrebn\u00e9 z\u00e1soby<\/strong><\/p>\n<ul>\n<li>B12 v injekci\u00e1ch poskytovan\u00fdch veterin\u00e1rnym lek\u00e1rom<\/li>\n<li>Sterilez 1cc injek\u010dn\u00e1 strieka\u010dka<\/li>\n<li>25g ihly<\/li>\n<li>Z\u00e1sobn\u00edk na ostr\u00e9 predmety<\/li>\n<\/ul>\n<p>Aj ke\u010f B12 priamo nepom\u00e1ha ma\u010dke zlep\u0161i\u0165 jej stav po FIP, m\u00f4\u017ee pom\u00f4c\u0165 t\u00fdm, \u017ee podporuje imunitn\u00fd syst\u00e9m va\u0161ej ma\u010dky a nepriamo m\u00f4\u017ee pom\u00f4c\u0165 ma\u010dke zotavi\u0165 sa z chorobn\u00e9ho stavu. V\u010faka tomu by o tom malo vedie\u0165 viac majite\u013eov ma\u010diek a \u010dasto pod\u00e1va\u0165 svojim ma\u010dk\u00e1m B12 na zlep\u0161enie ich stavu, \u010di u\u017e s\u00fa zdrav\u00e9 alebo chor\u00e9.<\/p>\n","protected":false},"excerpt":{"rendered":"<p>Pri starostlivosti o ma\u010dku postihnut\u00fa ma\u010dacou infek\u010dnou peritonit\u00eddou (FIP) je ve\u013emi d\u00f4le\u017eit\u00fdm faktorom spr\u00e1vna starostlivos\u0165 o jej zdravie. To sa roz\u0161iruje o vitam\u00edny pre ma\u010dky a d\u00f4le\u017eit\u00fdm vitam\u00ednom, ktor\u00fd maj\u00fa aj ma\u010dky, je vitam\u00edn B12. V tomto \u010dl\u00e1nku si vysvetl\u00edme v\u00fdznam vitam\u00ednu B12 pre ma\u010dky. \u010co je B12? Kobalam\u00edn je in\u00fd v\u00fdraz pre vitam\u00edn B12, [&hellip;]<\/p>\n","protected":false},"author":11,"featured_media":28472,"parent":0,"menu_order":0,"comment_status":"closed","ping_status":"closed","template":"","meta":{"_glsr_average":0,"_glsr_ranking":0,"_glsr_reviews":0,"footnotes":""},"categories":[1169],"tags":[1188,1186,1170,1187,1185],"_links":{"self":[{"href":"https:\/\/fipmed.co\/sk\/wp-json\/wp\/v2\/pages\/28471"}],"collection":[{"href":"https:\/\/fipmed.co\/sk\/wp-json\/wp\/v2\/pages"}],"about":[{"href":"https:\/\/fipmed.co\/sk\/wp-json\/wp\/v2\/types\/page"}],"author":[{"embeddable":true,"href":"https:\/\/fipmed.co\/sk\/wp-json\/wp\/v2\/users\/11"}],"replies":[{"embeddable":true,"href":"https:\/\/fipmed.co\/sk\/wp-json\/wp\/v2\/comments?post=28471"}],"version-history":[{"count":0,"href":"https:\/\/fipmed.co\/sk\/wp-json\/wp\/v2\/pages\/28471\/revisions"}],"wp:featuredmedia":[{"embeddable":true,"href":"https:\/\/fipmed.co\/sk\/wp-json\/wp\/v2\/media\/28472"}],"wp:attachment":[{"href":"https:\/\/fipmed.co\/sk\/wp-json\/wp\/v2\/media?parent=28471"}],"wp:term":[{"taxonomy":"category","embeddable":true,"href":"https:\/\/fipmed.co\/sk\/wp-json\/wp\/v2\/categories?post=28471"},{"taxonomy":"post_tag","embeddable":true,"href":"https:\/\/fipmed.co\/sk\/wp-json\/wp\/v2\/tags?post=28471"}],"curies":[{"name":"wp","href":"https:\/\/api.w.org\/{rel}","templated":true}]}}